{"id":2978,"date":"2019-10-04T23:39:07","date_gmt":"2019-10-04T23:39:07","guid":{"rendered":"http:\/\/recettes-gourmandes-de-joce.fr\/?page_id=2978"},"modified":"2024-05-04T21:26:26","modified_gmt":"2024-05-04T21:26:26","slug":"salades-de-fruits-exotiques-et-fraises","status":"publish","type":"page","link":"http:\/\/recettes-gourmandes-de-joce.fr\/index.php\/index\/desserts\/fruits\/salades-de-fruits-exotiques-et-fraises\/","title":{"rendered":"Salades de fruits exotiques et fraises."},"content":{"rendered":"<p style=\"text-align: center;\"><span style=\"color: #ff0066;\"><span style=\"font-size: 24px;\"><span style=\"font-family: georgia,serif;\"><u><em>Une de mes recettes<\/em><\/u><\/span><\/span><\/span><\/p>\n<p style=\"text-align: center;\">\u00a0\u00a0<img loading=\"lazy\" decoding=\"async\" class=\"alignnone wp-image-77290\" src=\"http:\/\/recettes-gourmandes-de-joce.fr\/wp-content\/uploads\/2024\/05\/salade-fruits1-1.jpg\" alt=\"\" width=\"270\" height=\"180\" \/> <img loading=\"lazy\" decoding=\"async\" class=\"alignnone wp-image-77292\" src=\"http:\/\/recettes-gourmandes-de-joce.fr\/wp-content\/uploads\/2024\/05\/salade-fruits3-1.jpg\" alt=\"\" width=\"270\" height=\"180\" \/><img loading=\"lazy\" decoding=\"async\" class=\"alignnone wp-image-77291\" src=\"http:\/\/recettes-gourmandes-de-joce.fr\/wp-content\/uploads\/2024\/05\/salade-fruits2-1.jpg\" alt=\"\" width=\"270\" height=\"180\" \/><\/p>\n<p style=\"text-align: center;\"><span style=\"color: #ff0066; font-size: 18pt;\"><span style=\"font-family: georgia,serif;\"><u><em>Ingr\u00e9dients pour 6 personnes<\/em><\/u><\/span><\/span><\/p>\n<p style=\"text-align: center;\"><img loading=\"lazy\" decoding=\"async\" class=\"alignnone wp-image-77293\" src=\"http:\/\/recettes-gourmandes-de-joce.fr\/wp-content\/uploads\/2024\/05\/salade-fruits4-1.jpg\" alt=\"\" width=\"250\" height=\"200\" \/><\/p>\n<p style=\"text-align: center;\"><span style=\"font-size: 14pt;\"><em><span style=\"font-family: georgia,serif;\"><span style=\"color: #ff0066;\">1 petit ananas Victoria<\/span><\/span><\/em><\/span><\/p>\n<p style=\"text-align: center;\"><span style=\"font-size: 14pt;\"><em><span style=\"font-family: georgia,serif;\"><span style=\"color: #ff0066;\">3 kiwis<\/span><\/span><\/em><\/span><\/p>\n<p style=\"text-align: center;\"><span style=\"font-size: 14pt;\"><em><span style=\"font-family: georgia,serif;\"><span style=\"color: #ff0066;\">\u00bd citron vert<\/span><\/span><\/em><\/span><\/p>\n<p style=\"text-align: center;\"><span style=\"font-size: 14pt;\"><em><span style=\"font-family: georgia,serif;\"><span style=\"color: #ff0066;\">250 g de fraises<\/span><\/span><\/em><\/span><\/p>\n<p style=\"text-align: center;\"><span style=\"font-size: 14pt;\"><em><span style=\"font-family: georgia,serif;\"><span style=\"color: #ff0066;\">1 mangue<\/span><\/span><\/em><\/span><\/p>\n<p style=\"text-align: center;\"><span style=\"font-size: 14pt;\"><em><span style=\"font-family: georgia,serif;\"><span style=\"color: #ff0066;\">1 fruit de la passion<\/span><\/span><\/em><\/span><\/p>\n<p style=\"text-align: center;\"><span style=\"font-size: 14pt;\"><em><span style=\"font-family: georgia,serif;\"><span style=\"color: #ff0066;\">2 bonnes\u00a0 c \u00e0 s de cassonade<\/span><\/span><\/em><\/span><\/p>\n<p style=\"text-align: center;\"><span style=\"font-size: 14pt;\"><em><span style=\"font-family: georgia,serif;\"><span style=\"color: #ff0066;\">2 gousses de vanille<\/span><\/span><\/em><\/span><\/p>\n<p style=\"text-align: center;\"><span style=\"font-size: 14pt;\"><em><span style=\"font-family: georgia,serif;\"><span style=\"color: #ff0066;\">3 grappes de groseille<\/span><\/span><\/em><\/span><\/p>\n<p style=\"text-align: center;\"><img loading=\"lazy\" decoding=\"async\" class=\"alignnone wp-image-77294\" src=\"http:\/\/recettes-gourmandes-de-joce.fr\/wp-content\/uploads\/2024\/05\/salade-fruits5-1.jpg\" alt=\"\" width=\"225\" height=\"170\" \/> <img loading=\"lazy\" decoding=\"async\" class=\"alignnone wp-image-77295\" src=\"http:\/\/recettes-gourmandes-de-joce.fr\/wp-content\/uploads\/2024\/05\/salade-fruits6-1.jpg\" alt=\"\" width=\"255\" height=\"170\" \/> <img loading=\"lazy\" decoding=\"async\" class=\"alignnone wp-image-77296\" src=\"http:\/\/recettes-gourmandes-de-joce.fr\/wp-content\/uploads\/2024\/05\/salade-fruits7-1.jpg\" alt=\"\" width=\"233\" height=\"170\" \/><\/p>\n<p style=\"text-align: center;\"><span style=\"font-size: 14pt;\"><em><span style=\"font-family: georgia,serif;\"><span style=\"color: #ff0066;\">Peler et couper tous les fruits en morceaux (mangue, kiwis, ananas).<\/span><\/span><\/em><\/span><\/p>\n<p style=\"text-align: center;\"><img loading=\"lazy\" decoding=\"async\" class=\"alignnone wp-image-77297\" src=\"http:\/\/recettes-gourmandes-de-joce.fr\/wp-content\/uploads\/2024\/05\/salade-fruits8-1.jpg\" alt=\"\" width=\"227\" height=\"165\" \/> <img loading=\"lazy\" decoding=\"async\" class=\"alignnone wp-image-77298\" src=\"http:\/\/recettes-gourmandes-de-joce.fr\/wp-content\/uploads\/2024\/05\/salade-fruits9-1.jpg\" alt=\"\" width=\"247\" height=\"165\" \/> <img loading=\"lazy\" decoding=\"async\" class=\"alignnone wp-image-77299\" src=\"http:\/\/recettes-gourmandes-de-joce.fr\/wp-content\/uploads\/2024\/05\/salade-fruits10-1.jpg\" alt=\"\" width=\"247\" height=\"165\" \/><\/p>\n<p style=\"text-align: center;\"><span style=\"font-size: 14pt;\"><em><span style=\"font-family: georgia,serif;\"><span style=\"color: #ff0066;\">Couper les fraises en morceaux si elles sont grosses. Mettre tous les fruits dans un saladier et m\u00e9langer d\u00e9licatement. Ajouter les gousses de vanilles fendues et coup\u00e9es en morceaux.<\/span><\/span><\/em><\/span><\/p>\n<p style=\"text-align: center;\"><img loading=\"lazy\" decoding=\"async\" class=\"alignnone wp-image-77300\" src=\"http:\/\/recettes-gourmandes-de-joce.fr\/wp-content\/uploads\/2024\/05\/salade-fruits11-1.jpg\" alt=\"\" width=\"247\" height=\"165\" \/> <img loading=\"lazy\" decoding=\"async\" class=\"alignnone wp-image-77301\" src=\"http:\/\/recettes-gourmandes-de-joce.fr\/wp-content\/uploads\/2024\/05\/salade-fruits12-1.jpg\" alt=\"\" width=\"229\" height=\"165\" \/>\u00a0<img loading=\"lazy\" decoding=\"async\" class=\"alignnone wp-image-77302\" src=\"http:\/\/recettes-gourmandes-de-joce.fr\/wp-content\/uploads\/2024\/05\/salade-fruits13-1.jpg\" alt=\"\" width=\"247\" height=\"165\" \/><\/p>\n<p style=\"text-align: center;\"><span style=\"font-size: 14pt;\"><em><span style=\"font-family: georgia,serif;\"><span style=\"color: #ff0066;\">M\u00e9langer et ajouter l&rsquo;int\u00e9rieur du fruit de la passion graines et jus, les groseilles \u00e9grain\u00e9es. M\u00e9langer.<\/span><\/span><\/em><\/span><\/p>\n<p style=\"text-align: center;\"><img loading=\"lazy\" decoding=\"async\" class=\"alignnone wp-image-77303\" src=\"http:\/\/recettes-gourmandes-de-joce.fr\/wp-content\/uploads\/2024\/05\/salade-fruits14-1.jpg\" alt=\"\" width=\"226\" height=\"165\" \/><\/p>\n<p style=\"text-align: center;\"><span style=\"color: #ff0066; font-size: 14pt;\"><em><span style=\"font-family: georgia,serif;\">Ajouter la cassonade et le jus de citron m\u00e9langer \u00e0 nouveau et entreposer au frais une heure avant de servir que les ar\u00f4mes puissent se d\u00e9velopper.<\/span><\/em><\/span><\/p>\n<p style=\"text-align: center;\"><span style=\"color: #ff0066; font-size: 14pt;\"><span style=\"font-family: georgia,serif;\"><em>Bon app\u00e9tit!<\/em><\/span><\/span><\/p>\n<p style=\"text-align: center;\"><img loading=\"lazy\" decoding=\"async\" class=\"alignnone wp-image-77306\" src=\"http:\/\/recettes-gourmandes-de-joce.fr\/wp-content\/uploads\/2024\/05\/salade-fruits17-1.jpg\" alt=\"\" width=\"270\" height=\"180\" \/><\/p>\n<p style=\"text-align: center;\"><img loading=\"lazy\" decoding=\"async\" class=\"alignnone wp-image-77304\" src=\"http:\/\/recettes-gourmandes-de-joce.fr\/wp-content\/uploads\/2024\/05\/salade-fruits15-1.jpg\" alt=\"\" width=\"270\" height=\"180\" \/> <img loading=\"lazy\" decoding=\"async\" class=\"alignnone wp-image-77305\" src=\"http:\/\/recettes-gourmandes-de-joce.fr\/wp-content\/uploads\/2024\/05\/salade-fruits16-1.jpg\" alt=\"\" width=\"270\" height=\"180\" \/><\/p>\n<p style=\"text-align: center;\"><img loading=\"lazy\" decoding=\"async\" class=\"alignnone size-full wp-image-59803\" src=\"http:\/\/recettes-gourmandes-de-joce.fr\/wp-content\/uploads\/2024\/01\/logitech-gaming-software-14112014-121223.jpg\" alt=\"\" width=\"640\" height=\"144\" \/><\/p>\n","protected":false},"excerpt":{"rendered":"<p>Une de mes recettes \u00a0\u00a0 Ingr\u00e9dients pour 6 personnes 1 petit ananas Victoria 3 kiwis \u00bd citron vert 250 g de fraises 1 mangue 1 fruit de la passion 2 bonnes\u00a0 c \u00e0 s de cassonade 2 gousses de vanille 3 grappes de groseille Peler et couper tous les fruits en morceaux (mangue, kiwis, ananas). &hellip; <\/p>\n<p><a class=\"more-link btn\" href=\"http:\/\/recettes-gourmandes-de-joce.fr\/index.php\/index\/desserts\/fruits\/salades-de-fruits-exotiques-et-fraises\/\">Lire la suite<\/a><\/p>\n","protected":false},"author":2,"featured_media":77401,"parent":173,"menu_order":0,"comment_status":"open","ping_status":"closed","template":"","meta":{"footnotes":""},"class_list":["post-2978","page","type-page","status-publish","has-post-thumbnail","hentry","nodate","item-wrap"],"_links":{"self":[{"href":"http:\/\/recettes-gourmandes-de-joce.fr\/index.php\/wp-json\/wp\/v2\/pages\/2978","targetHints":{"allow":["GET"]}}],"collection":[{"href":"http:\/\/recettes-gourmandes-de-joce.fr\/index.php\/wp-json\/wp\/v2\/pages"}],"about":[{"href":"http:\/\/recettes-gourmandes-de-joce.fr\/index.php\/wp-json\/wp\/v2\/types\/page"}],"author":[{"embeddable":true,"href":"http:\/\/recettes-gourmandes-de-joce.fr\/index.php\/wp-json\/wp\/v2\/users\/2"}],"replies":[{"embeddable":true,"href":"http:\/\/recettes-gourmandes-de-joce.fr\/index.php\/wp-json\/wp\/v2\/comments?post=2978"}],"version-history":[{"count":4,"href":"http:\/\/recettes-gourmandes-de-joce.fr\/index.php\/wp-json\/wp\/v2\/pages\/2978\/revisions"}],"predecessor-version":[{"id":77400,"href":"http:\/\/recettes-gourmandes-de-joce.fr\/index.php\/wp-json\/wp\/v2\/pages\/2978\/revisions\/77400"}],"up":[{"embeddable":true,"href":"http:\/\/recettes-gourmandes-de-joce.fr\/index.php\/wp-json\/wp\/v2\/pages\/173"}],"wp:featuredmedia":[{"embeddable":true,"href":"http:\/\/recettes-gourmandes-de-joce.fr\/index.php\/wp-json\/wp\/v2\/media\/77401"}],"wp:attachment":[{"href":"http:\/\/recettes-gourmandes-de-joce.fr\/index.php\/wp-json\/wp\/v2\/media?parent=2978"}],"curies":[{"name":"wp","href":"https:\/\/api.w.org\/{rel}","templated":true}]}}