{"id":2966,"date":"2019-10-04T23:16:51","date_gmt":"2019-10-04T23:16:51","guid":{"rendered":"http:\/\/recettes-gourmandes-de-joce.fr\/?page_id=2966"},"modified":"2025-03-25T10:06:05","modified_gmt":"2025-03-25T10:06:05","slug":"roules-feuilletes-aux-pommes-pate-de-speculos-et-amandes","status":"publish","type":"page","link":"http:\/\/recettes-gourmandes-de-joce.fr\/index.php\/index\/desserts\/tartes-gateaux\/roules-feuilletes-aux-pommes-pate-de-speculos-et-amandes\/","title":{"rendered":"Roul\u00e9s feuillet\u00e9s aux pommes, p\u00e2te de sp\u00e9culos et amandes."},"content":{"rendered":"<p style=\"text-align: center;\"><span style=\"color: #cc3300;\"><span style=\"font-size: 24px;\"><span style=\"font-family: georgia,serif;\"><u><em>Une de mes recettes<\/em><\/u><\/span><\/span><\/span><\/p>\n<p style=\"text-align: center;\"><img loading=\"lazy\" decoding=\"async\" class=\"alignnone wp-image-63891\" src=\"http:\/\/recettes-gourmandes-de-joce.fr\/wp-content\/uploads\/2024\/03\/feuilletes-pommes3.jpg\" alt=\"\" width=\"247\" height=\"180\" \/> <img loading=\"lazy\" decoding=\"async\" class=\"alignnone wp-image-63889\" src=\"http:\/\/recettes-gourmandes-de-joce.fr\/wp-content\/uploads\/2024\/03\/feuilletes-pommes1.jpg\" alt=\"\" width=\"270\" height=\"180\" \/> <img loading=\"lazy\" decoding=\"async\" class=\"alignnone wp-image-63890\" src=\"http:\/\/recettes-gourmandes-de-joce.fr\/wp-content\/uploads\/2024\/03\/feuilletes-pommes2.jpg\" alt=\"\" width=\"261\" height=\"180\" \/><\/p>\n<p style=\"text-align: center;\"><span style=\"color: #cc3300; font-size: 18pt;\"><span style=\"font-family: georgia,serif;\"><u><em>Ingr\u00e9dients environ 15 roul\u00e9s<\/em><\/u><\/span><\/span><\/p>\n<p style=\"text-align: center;\"><img loading=\"lazy\" decoding=\"async\" class=\"alignnone wp-image-63892\" src=\"http:\/\/recettes-gourmandes-de-joce.fr\/wp-content\/uploads\/2024\/03\/feuilletes-pommes4.jpg\" alt=\"\" width=\"264\" height=\"200\" \/><\/p>\n<p style=\"text-align: center;\"><span style=\"color: #cc3300; font-size: 14pt;\"><em><span style=\"font-family: georgia,serif;\">1 p\u00e2te feuillet\u00e9e<\/span><\/em><\/span><\/p>\n<p style=\"text-align: center;\"><span style=\"color: #cc3300; font-size: 14pt;\"><em><span style=\"font-family: georgia,serif;\">4 pommes<\/span><\/em><\/span><\/p>\n<p style=\"text-align: center;\"><span style=\"color: #cc3300; font-size: 14pt;\"><em><span style=\"font-family: georgia,serif;\">1 morceau de beurre \u00bd sel<\/span><\/em><\/span><\/p>\n<p style=\"text-align: center;\"><span style=\"color: #cc3300; font-size: 14pt;\"><em><span style=\"font-family: georgia,serif;\">5 c \u00e0 s de p\u00e2te de sp\u00e9culos ou de votre choix<\/span><\/em><\/span><\/p>\n<p style=\"text-align: center;\"><span style=\"color: #cc3300; font-size: 14pt;\"><em><span style=\"font-family: georgia,serif;\">2 c \u00e0 s de p\u00e9pites caram\u00e9lis\u00e9es<\/span><\/em><\/span><\/p>\n<p style=\"text-align: center;\"><span style=\"color: #cc3300; font-size: 14pt;\"><em><span style=\"font-family: georgia,serif;\">3 c \u00e0 s d&rsquo;amandes effil\u00e9es<\/span><\/em><\/span><\/p>\n<p style=\"text-align: center;\"><span style=\"color: #cc3300; font-size: 14pt;\"><em><span style=\"font-family: georgia,serif;\">1 \u0153uf pour la dorure<\/span><\/em><\/span><\/p>\n<p style=\"text-align: center;\"><img loading=\"lazy\" decoding=\"async\" class=\"alignnone wp-image-40512\" src=\"http:\/\/recettes-gourmandes-de-joce.fr\/wp-content\/uploads\/2021\/11\/20211010_133145-300x264.jpg\" alt=\"\" width=\"193\" height=\"170\" srcset=\"http:\/\/recettes-gourmandes-de-joce.fr\/wp-content\/uploads\/2021\/11\/20211010_133145-300x264.jpg 300w, http:\/\/recettes-gourmandes-de-joce.fr\/wp-content\/uploads\/2021\/11\/20211010_133145-768x677.jpg 768w, http:\/\/recettes-gourmandes-de-joce.fr\/wp-content\/uploads\/2021\/11\/20211010_133145-750x661.jpg 750w, http:\/\/recettes-gourmandes-de-joce.fr\/wp-content\/uploads\/2021\/11\/20211010_133145.jpg 800w\" sizes=\"auto, (max-width: 193px) 100vw, 193px\" \/> <img loading=\"lazy\" decoding=\"async\" class=\"alignnone wp-image-63893\" src=\"http:\/\/recettes-gourmandes-de-joce.fr\/wp-content\/uploads\/2024\/03\/feuilletes-pommes5.jpg\" alt=\"\" width=\"204\" height=\"170\" \/> <img loading=\"lazy\" decoding=\"async\" class=\"alignnone wp-image-63894\" src=\"http:\/\/recettes-gourmandes-de-joce.fr\/wp-content\/uploads\/2024\/03\/feuilletes-pommes6.jpg\" alt=\"\" width=\"255\" height=\"170\" \/><\/p>\n<p style=\"text-align: center;\"><span style=\"color: #cc3300; font-size: 14pt;\"><em><span style=\"font-family: georgia,serif;\">\u00c9taler la p\u00e2te feuillet\u00e9e, r\u00e9partir dessus la p\u00e2te de sp\u00e9culos,\u00a0 ajouter les amandes.<\/span><\/em><\/span><\/p>\n<p style=\"text-align: center;\"><img loading=\"lazy\" decoding=\"async\" class=\"alignnone wp-image-63895\" src=\"http:\/\/recettes-gourmandes-de-joce.fr\/wp-content\/uploads\/2024\/03\/feuilletes-pommes7.jpg\" alt=\"\" width=\"210\" height=\"170\" \/> <img loading=\"lazy\" decoding=\"async\" class=\"alignnone wp-image-63881\" src=\"http:\/\/recettes-gourmandes-de-joce.fr\/wp-content\/uploads\/2024\/03\/feuilletes-pommes8.jpg\" alt=\"\" width=\"255\" height=\"170\" \/> <img loading=\"lazy\" decoding=\"async\" class=\"alignnone wp-image-63882\" src=\"http:\/\/recettes-gourmandes-de-joce.fr\/wp-content\/uploads\/2024\/03\/feuilletes-pommes9.jpg\" alt=\"\" width=\"255\" height=\"170\" \/><\/p>\n<p style=\"text-align: center;\"><span style=\"color: #cc3300; font-size: 14pt;\"><em><span style=\"font-family: georgia,serif;\">R\u00e9partir <\/span><\/em><\/span><em style=\"color: #cc3300; font-size: 18.6667px;\"><span style=\"font-family: georgia,serif;\">les p\u00e9pites, p<\/span><\/em><em style=\"color: #cc3300; font-size: 14pt;\"><span style=\"font-family: georgia,serif;\">eler les pommes, \u00f4ter le centre et les couper en 25 rondelles fines. R\u00e9partir les pommes sur la p\u00e2te, puis ajouter des noisettes de beurre \u00bd sel (photo oubli\u00e9e).<\/span><\/em><\/p>\n<p style=\"text-align: center;\"><img loading=\"lazy\" decoding=\"async\" class=\"alignnone wp-image-63883\" src=\"http:\/\/recettes-gourmandes-de-joce.fr\/wp-content\/uploads\/2024\/03\/feuilletes-pommes10.jpg\" alt=\"\" width=\"247\" height=\"165\" \/> <img loading=\"lazy\" decoding=\"async\" class=\"alignnone wp-image-63884\" src=\"http:\/\/recettes-gourmandes-de-joce.fr\/wp-content\/uploads\/2024\/03\/feuilletes-pommes11.jpg\" alt=\"\" width=\"247\" height=\"165\" \/> <img loading=\"lazy\" decoding=\"async\" class=\"alignnone wp-image-63885\" src=\"http:\/\/recettes-gourmandes-de-joce.fr\/wp-content\/uploads\/2024\/03\/feuilletes-pommes12.jpg\" alt=\"\" width=\"247\" height=\"165\" \/><\/p>\n<p style=\"text-align: center;\"><span style=\"color: #cc3300; font-size: 14pt;\"><em><span style=\"font-family: georgia,serif;\">Rouler le tout d\u00e9licatement en un gros boudin, entreposer au r\u00e9frig\u00e9rateur 1h pour faciliter ensuite la d\u00e9coupe. \u00c0 l&rsquo;aide d&rsquo;un couteau diviser le boudin en 15 tranches, les mettre sur un papier sulfuris\u00e9 ou une feuille de silicone si vous avez.\u00a0<\/span><\/em><\/span><\/p>\n<p style=\"text-align: center;\"><img loading=\"lazy\" decoding=\"async\" class=\"alignnone wp-image-63886\" src=\"http:\/\/recettes-gourmandes-de-joce.fr\/wp-content\/uploads\/2024\/03\/feuilletes-pommes13.jpg\" alt=\"\" width=\"233\" height=\"165\" \/> <img loading=\"lazy\" decoding=\"async\" class=\"alignnone wp-image-63887\" src=\"http:\/\/recettes-gourmandes-de-joce.fr\/wp-content\/uploads\/2024\/03\/feuilletes-pommes14.jpg\" alt=\"\" width=\"247\" height=\"165\" \/> <img loading=\"lazy\" decoding=\"async\" class=\"alignnone wp-image-63888\" src=\"http:\/\/recettes-gourmandes-de-joce.fr\/wp-content\/uploads\/2024\/03\/feuilletes-pommes15.jpg\" alt=\"\" width=\"247\" height=\"165\" \/><\/p>\n<p style=\"text-align: center;\"><span style=\"color: #cc3300; font-size: 14pt;\"><em><span style=\"font-family: georgia,serif;\">Battre l&rsquo;\u0153uf en omelette. <\/span><\/em><em><span style=\"font-family: georgia,serif;\">Passer de l&rsquo;\u0153uf sur toutes les tranches, principalement sur la p\u00e2te feuillet\u00e9e. Enfourner environ 35 minutes \u00e0 200\u00b0 selon les fours, surveiller la cuisson et la coloration. Se d\u00e9gustent ti\u00e8des ou froids selon les go\u00fbts.<\/span><\/em><\/span><\/p>\n<p style=\"text-align: center;\"><span style=\"color: #cc3300; font-size: 14pt;\"><span style=\"font-family: georgia,serif;\"><em>Bon app\u00e9tit!<\/em><\/span><\/span><\/p>\n<p style=\"text-align: center;\"><img loading=\"lazy\" decoding=\"async\" class=\"alignnone wp-image-63890\" src=\"http:\/\/recettes-gourmandes-de-joce.fr\/wp-content\/uploads\/2024\/03\/feuilletes-pommes2.jpg\" alt=\"\" width=\"261\" height=\"180\" \/><\/p>\n<p style=\"text-align: center;\">\u00a0<img loading=\"lazy\" decoding=\"async\" class=\"alignnone wp-image-63891\" src=\"http:\/\/recettes-gourmandes-de-joce.fr\/wp-content\/uploads\/2024\/03\/feuilletes-pommes3.jpg\" alt=\"\" width=\"247\" height=\"180\" \/> <img loading=\"lazy\" decoding=\"async\" class=\"alignnone wp-image-63889\" src=\"http:\/\/recettes-gourmandes-de-joce.fr\/wp-content\/uploads\/2024\/03\/feuilletes-pommes1.jpg\" alt=\"\" width=\"270\" height=\"180\" \/><\/p>\n<p style=\"text-align: center;\"><img loading=\"lazy\" decoding=\"async\" class=\"alignnone size-full wp-image-59803\" src=\"http:\/\/recettes-gourmandes-de-joce.fr\/wp-content\/uploads\/2024\/01\/logitech-gaming-software-14112014-121223.jpg\" alt=\"\" width=\"640\" height=\"144\" \/><\/p>\n<div class=\"plugin plugin-social\">\n<div class=\"pw-widget __pw-theme-default pw-widget-a0191 __pw-size-32 __pw-hover-false __pw-layout-horizontal __pw-padding-false __pw-view-auto __pw-label-false __pw-counter-none \" data-layout=\"\" data-label=\"false\" data-counter=\"false\" data-size=\"32\"><\/div>\n<\/div>\n<div id=\"comments-pages\" class=\"plugin plugin-comments\">\n<h3>Commentaires\u00a0<small>(2)<\/small><\/h3>\n<div class=\"items-container\">\n<div class=\"item item-comment media\">\n<div class=\"pull-left\"><\/div>\n<div class=\"media-body\">\n<ul class=\"inline item-infos\">\n<li><span class=\"comment-number\">1.<\/span>\u00a0<span class=\"comment-author\"><strong>babette<\/strong><\/span>\u00a0<span class=\"comment-date\">| 26\/08\/2018<\/span><\/li>\n<\/ul>\n<div class=\"comment-content\">recette originale qui change de la tarte aux pommes traditionnelle, c&rsquo;est le d\u00e9but de la saison des pommes<br \/>\nA essayer imp\u00e9rativement!<br \/>\nO\u00f9 trouver les p\u00e9pites et la p\u00e2te de sp\u00e9culos?<\/div>\n<div class=\"item item-comment media by-webmaster\">\n<div class=\"pull-left\">\n<p>&nbsp;<\/p>\n<\/div>\n<div class=\"media-body\">\n<ul class=\"inline item-infos\">\n<li><span class=\"comment-author\"><strong>jocelyne debon<\/strong>\u00a0(<a rel=\"nofollow\">site web<\/a>)<\/span>\u00a0<span class=\"comment-date\">| 26\/08\/2018<\/span><\/li>\n<\/ul>\n<div class=\"comment-content\">Coucou Babette,<\/div>\n<div class=\"comment-content\">Tu trouveras la p\u00e2te sp\u00e9culos au rayon nutella des grandes surfaces, et les p\u00e9pites rayon levure, sucre vanill\u00e9, n\u00e9cessaire d\u00e9co p\u00e2tisserie des grandes surfaces \u00e9galement<\/div>\n<div class=\"comment-content\">Gros bisouss<\/div>\n<div class=\"comment-content\">Amicalement Joce<\/div>\n<\/div>\n<\/div>\n<\/div>\n<\/div>\n<\/div>\n<\/div>\n","protected":false},"excerpt":{"rendered":"<p>Une de mes recettes Ingr\u00e9dients environ 15 roul\u00e9s 1 p\u00e2te feuillet\u00e9e 4 pommes 1 morceau de beurre \u00bd sel 5 c \u00e0 s de p\u00e2te de sp\u00e9culos ou de votre choix 2 c \u00e0 s de p\u00e9pites caram\u00e9lis\u00e9es 3 c \u00e0 s d&rsquo;amandes effil\u00e9es 1 \u0153uf pour la dorure \u00c9taler la p\u00e2te feuillet\u00e9e, r\u00e9partir dessus &hellip; <\/p>\n<p><a class=\"more-link btn\" href=\"http:\/\/recettes-gourmandes-de-joce.fr\/index.php\/index\/desserts\/tartes-gateaux\/roules-feuilletes-aux-pommes-pate-de-speculos-et-amandes\/\">Lire la suite<\/a><\/p>\n","protected":false},"author":2,"featured_media":87434,"parent":181,"menu_order":0,"comment_status":"open","ping_status":"closed","template":"","meta":{"footnotes":""},"class_list":["post-2966","page","type-page","status-publish","has-post-thumbnail","hentry","nodate","item-wrap"],"_links":{"self":[{"href":"http:\/\/recettes-gourmandes-de-joce.fr\/index.php\/wp-json\/wp\/v2\/pages\/2966","targetHints":{"allow":["GET"]}}],"collection":[{"href":"http:\/\/recettes-gourmandes-de-joce.fr\/index.php\/wp-json\/wp\/v2\/pages"}],"about":[{"href":"http:\/\/recettes-gourmandes-de-joce.fr\/index.php\/wp-json\/wp\/v2\/types\/page"}],"author":[{"embeddable":true,"href":"http:\/\/recettes-gourmandes-de-joce.fr\/index.php\/wp-json\/wp\/v2\/users\/2"}],"replies":[{"embeddable":true,"href":"http:\/\/recettes-gourmandes-de-joce.fr\/index.php\/wp-json\/wp\/v2\/comments?post=2966"}],"version-history":[{"count":6,"href":"http:\/\/recettes-gourmandes-de-joce.fr\/index.php\/wp-json\/wp\/v2\/pages\/2966\/revisions"}],"predecessor-version":[{"id":93922,"href":"http:\/\/recettes-gourmandes-de-joce.fr\/index.php\/wp-json\/wp\/v2\/pages\/2966\/revisions\/93922"}],"up":[{"embeddable":true,"href":"http:\/\/recettes-gourmandes-de-joce.fr\/index.php\/wp-json\/wp\/v2\/pages\/181"}],"wp:featuredmedia":[{"embeddable":true,"href":"http:\/\/recettes-gourmandes-de-joce.fr\/index.php\/wp-json\/wp\/v2\/media\/87434"}],"wp:attachment":[{"href":"http:\/\/recettes-gourmandes-de-joce.fr\/index.php\/wp-json\/wp\/v2\/media?parent=2966"}],"curies":[{"name":"wp","href":"https:\/\/api.w.org\/{rel}","templated":true}]}}