{"id":29587,"date":"2021-08-22T19:57:37","date_gmt":"2021-08-22T19:57:37","guid":{"rendered":"http:\/\/recettes-gourmandes-de-joce.fr\/?page_id=29587"},"modified":"2024-07-31T13:04:37","modified_gmt":"2024-07-31T13:04:37","slug":"menu-fete-des-meres-n1","status":"publish","type":"page","link":"http:\/\/recettes-gourmandes-de-joce.fr\/index.php\/index\/menus-buffet-courses\/menu-a-theme\/menu-fete-des-meres-n1\/","title":{"rendered":"Menu f\u00eate des m\u00e8res 1."},"content":{"rendered":"<p style=\"text-align: center;\"><span style=\"font-family: georgia,serif;\"><span style=\"color: #ff00ff; font-size: x-large; text-decoration: underline;\"><em><strong>Menu f\u00eate des m\u00e8res N\u00b01.<\/strong><\/em><\/span><\/span><\/p>\n<p style=\"text-align: center;\"><img loading=\"lazy\" decoding=\"async\" class=\"alignnone wp-image-38691\" src=\"http:\/\/recettes-gourmandes-de-joce.fr\/wp-content\/uploads\/2021\/08\/Desktop15-300x180.jpg\" alt=\"\" width=\"500\" height=\"300\" srcset=\"http:\/\/recettes-gourmandes-de-joce.fr\/wp-content\/uploads\/2021\/08\/Desktop15-300x180.jpg 300w, http:\/\/recettes-gourmandes-de-joce.fr\/wp-content\/uploads\/2021\/08\/Desktop15-768x461.jpg 768w, http:\/\/recettes-gourmandes-de-joce.fr\/wp-content\/uploads\/2021\/08\/Desktop15-750x450.jpg 750w, http:\/\/recettes-gourmandes-de-joce.fr\/wp-content\/uploads\/2021\/08\/Desktop15.jpg 800w\" sizes=\"auto, (max-width: 500px) 100vw, 500px\" \/><\/p>\n<p style=\"text-align: center;\"><span style=\"font-family: georgia, palatino, serif; font-size: 14pt; color: #000000;\"><em>Cliquez sur le photos ou les titres pour vous rendre sur les recettes\u00a0<\/em><\/span><\/p>\n<p style=\"text-align: center;\"><span style=\"font-family: georgia, palatino, serif; font-size: 14pt; color: #000000;\"><em>Plusieurs propositions selon les go\u00fbts<\/em><\/span><\/p>\n<p style=\"text-align: center;\"><span style=\"font-family: georgia, serif; color: #ff00ff;\"><span style=\"font-size: x-large; text-decoration: underline;\"><em>Ap\u00e9ritif<\/em><\/span><\/span><\/p>\n<p><img loading=\"lazy\" decoding=\"async\" class=\"alignnone size-medium wp-image-11672 aligncenter\" src=\"http:\/\/recettes-gourmandes-de-joce.fr\/wp-content\/uploads\/2019\/12\/coktail_maison_baptise_soleil_levant_10-244x300.jpg\" alt=\"\" width=\"244\" height=\"300\" srcset=\"http:\/\/recettes-gourmandes-de-joce.fr\/wp-content\/uploads\/2019\/12\/coktail_maison_baptise_soleil_levant_10-244x300.jpg 244w, http:\/\/recettes-gourmandes-de-joce.fr\/wp-content\/uploads\/2019\/12\/coktail_maison_baptise_soleil_levant_10.jpg 447w\" sizes=\"auto, (max-width: 244px) 100vw, 244px\" \/><\/p>\n<ul>\n<li><a href=\"http:\/\/recettes-gourmandes-de-joce.fr\/index.php\/index\/aperitifs-amuses-bouches\/aperitifs-sans-alcool\/cocktail-sans-alcool-soleil-levant\/\"><span style=\"font-size: 14pt;\"><em><span style=\"font-family: georgia, palatino, serif;\">Cocktail sans alcool \u00ab\u00a0Soleil levant\u00a0\u00bb<\/span><\/em><\/span><\/a><\/li>\n<\/ul>\n<p style=\"text-align: center;\"><span style=\"font-family: georgia,serif;\"><span style=\"font-size: x-large; text-decoration: underline;\"><span style=\"color: #ff0000; text-decoration: underline;\"><em>Amuse-bouches<\/em><\/span><\/span><\/span><\/p>\n<p style=\"text-align: center;\"><span style=\"font-family: georgia,serif;\"><span style=\"text-decoration: underline;\"><a href=\"http:\/\/recettes-gourmandes-de-joce.fr\/index.php\/index\/aperitifs-amuses-bouches\/amuses-bouches\/mini-burgers-aux-maquereaux-a-lescabeche\/\"><img loading=\"lazy\" decoding=\"async\" class=\"alignnone wp-image-1369\" src=\"http:\/\/recettes-gourmandes-de-joce.fr\/wp-content\/uploads\/2019\/09\/mini-burgers-maquereau3-300x225.jpg\" alt=\"\" width=\"240\" height=\"180\" srcset=\"http:\/\/recettes-gourmandes-de-joce.fr\/wp-content\/uploads\/2019\/09\/mini-burgers-maquereau3-300x225.jpg 300w, http:\/\/recettes-gourmandes-de-joce.fr\/wp-content\/uploads\/2019\/09\/mini-burgers-maquereau3-768x576.jpg 768w, http:\/\/recettes-gourmandes-de-joce.fr\/wp-content\/uploads\/2019\/09\/mini-burgers-maquereau3.jpg 800w\" sizes=\"auto, (max-width: 240px) 100vw, 240px\" \/><\/a> <a href=\"http:\/\/recettes-gourmandes-de-joce.fr\/index.php\/index\/aperitifs-amuses-bouches\/verrines-froides\/verrines-aperitives-de-melon-jambon-chevre-ou-de-saumon-surimi\/\"><img loading=\"lazy\" decoding=\"async\" class=\"alignnone wp-image-13267\" src=\"http:\/\/recettes-gourmandes-de-joce.fr\/wp-content\/uploads\/2019\/12\/verrines-melon-6-300x214.jpg\" alt=\"\" width=\"252\" height=\"180\" srcset=\"http:\/\/recettes-gourmandes-de-joce.fr\/wp-content\/uploads\/2019\/12\/verrines-melon-6-300x214.jpg 300w, http:\/\/recettes-gourmandes-de-joce.fr\/wp-content\/uploads\/2019\/12\/verrines-melon-6.jpg 640w\" sizes=\"auto, (max-width: 252px) 100vw, 252px\" \/><\/a><\/span><a href=\"http:\/\/recettes-gourmandes-de-joce.fr\/index.php\/index\/aperitifs-amuses-bouches\/amuses-bouches\/brochettes-de-melon-et-jambon-de-bayonne-ou-de-saumon-fume-et-melon\/\"><span style=\"color: #ff9900; text-decoration: underline;\"><span style=\"font-size: x-large;\"><em> <img loading=\"lazy\" decoding=\"async\" class=\"alignnone wp-image-13262\" src=\"http:\/\/recettes-gourmandes-de-joce.fr\/wp-content\/uploads\/2019\/12\/verrines-melon-28-300x225.jpg\" alt=\"\" width=\"240\" height=\"180\" srcset=\"http:\/\/recettes-gourmandes-de-joce.fr\/wp-content\/uploads\/2019\/12\/verrines-melon-28-300x225.jpg 300w, http:\/\/recettes-gourmandes-de-joce.fr\/wp-content\/uploads\/2019\/12\/verrines-melon-28.jpg 640w\" sizes=\"auto, (max-width: 240px) 100vw, 240px\" \/><\/em><\/span><\/span><\/a><a href=\"http:\/\/recettes-gourmandes-de-joce.fr\/index.php\/index\/aperitifs-amuses-bouches\/amuses-bouches\/tucs-au-fromage-frais-poivrons-ou-ciboulette\/\"><span style=\"color: #ff9900; text-decoration: underline;\"><span style=\"font-size: x-large;\"><em><img loading=\"lazy\" decoding=\"async\" class=\"alignnone wp-image-4734\" src=\"http:\/\/recettes-gourmandes-de-joce.fr\/wp-content\/uploads\/2019\/10\/103_6036-300x225.jpg\" alt=\"\" width=\"240\" height=\"180\" srcset=\"http:\/\/recettes-gourmandes-de-joce.fr\/wp-content\/uploads\/2019\/10\/103_6036-300x225.jpg 300w, http:\/\/recettes-gourmandes-de-joce.fr\/wp-content\/uploads\/2019\/10\/103_6036.jpg 640w\" sizes=\"auto, (max-width: 240px) 100vw, 240px\" \/><\/em><\/span><\/span><\/a><\/span><\/p>\n<ul style=\"list-style-type: disc;\">\n<li><a href=\"http:\/\/recettes-gourmandes-de-joce.fr\/index.php\/index\/aperitifs-amuses-bouches\/amuses-bouches\/mini-burgers-aux-maquereaux-a-lescabeche\/\"><span style=\"font-size: 14pt;\"><span style=\"font-family: georgia, palatino, serif;\"><em>Mini burgers aux maquereaux \u00e0 l\u2019escab\u00e8che<\/em><\/span><\/span><\/a><\/li>\n<li><a href=\"http:\/\/recettes-gourmandes-de-joce.fr\/index.php\/index\/aperitifs-amuses-bouches\/verrines-froides\/verrines-aperitives-de-melon-jambon-chevre-ou-de-saumon-surimi\/\"><span style=\"font-size: 14pt;\"><span style=\"font-family: georgia, palatino, serif;\"><em>Verrines ap\u00e9ritives de melon, jambon, ch\u00e8vre ou de saumon, surimi<\/em><\/span><\/span><\/a><\/li>\n<\/ul>\n<ul>\n<li><a href=\"http:\/\/recettes-gourmandes-de-joce.fr\/index.php\/index\/aperitifs-amuses-bouches\/amuses-bouches\/brochettes-de-melon-et-jambon-de-bayonne-ou-de-saumon-fume-et-melon\/\"><span style=\"font-size: 14pt;\"><span style=\"font-family: georgia, palatino, serif;\"><em>Brochettes de melon et jambon de Bayonne ou de saumon fum\u00e9 et melon<\/em><\/span><\/span><\/a><\/li>\n<\/ul>\n<ul style=\"list-style-type: disc;\">\n<li><a href=\"http:\/\/recettes-gourmandes-de-joce.fr\/index.php\/index\/aperitifs-amuses-bouches\/amuses-bouches\/tucs-au-fromage-frais-poivrons-ou-ciboulette\/\"><span style=\"font-size: 14pt;\"><span style=\"font-family: georgia, palatino, serif;\"><em>Tucs au fromage\u00a0 frais, poivrons ou ciboulette<\/em><\/span><\/span><\/a><\/li>\n<\/ul>\n<p style=\"text-align: center;\"><span style=\"font-family: georgia,serif;\"><span style=\"font-size: x-large; text-decoration: underline;\"><span style=\"color: #ff00ff; font-size: x-large; text-decoration: underline;\"><em>Les entr\u00e9es<\/em><\/span><\/span><\/span><\/p>\n<p style=\"text-align: center;\"><span style=\"font-family: georgia,serif;\"><a href=\"http:\/\/recettes-gourmandes-de-joce.fr\/index.php\/index\/entrees\/entrees-chaudes\/vol-au-vent-au-poulet-et-champignons\/\"> <img loading=\"lazy\" decoding=\"async\" class=\"alignnone wp-image-6984\" src=\"http:\/\/recettes-gourmandes-de-joce.fr\/wp-content\/uploads\/2019\/10\/101_0650-300x225.jpg\" alt=\"\" width=\"253\" height=\"190\" srcset=\"http:\/\/recettes-gourmandes-de-joce.fr\/wp-content\/uploads\/2019\/10\/101_0650-300x225.jpg 300w, http:\/\/recettes-gourmandes-de-joce.fr\/wp-content\/uploads\/2019\/10\/101_0650.jpg 640w\" sizes=\"auto, (max-width: 253px) 100vw, 253px\" \/><\/a><a href=\"http:\/\/recettes-gourmandes-de-joce.fr\/index.php\/index\/poissons-coquillages\/coquillages-crustaces\/coquilles-de-la-mer-aux-st-jacques-et-salicornes\/\"><span style=\"font-size: x-large; text-decoration: underline;\"><em> <img loading=\"lazy\" decoding=\"async\" class=\"alignnone wp-image-6784\" src=\"http:\/\/recettes-gourmandes-de-joce.fr\/wp-content\/uploads\/2019\/10\/101_0396-2-300x225.jpg\" alt=\"\" width=\"253\" height=\"190\" srcset=\"http:\/\/recettes-gourmandes-de-joce.fr\/wp-content\/uploads\/2019\/10\/101_0396-2-300x225.jpg 300w, http:\/\/recettes-gourmandes-de-joce.fr\/wp-content\/uploads\/2019\/10\/101_0396-2.jpg 640w\" sizes=\"auto, (max-width: 253px) 100vw, 253px\" \/><\/em><\/span><\/a><\/span><\/p>\n<ul>\n<li><a href=\"http:\/\/recettes-gourmandes-de-joce.fr\/index.php\/index\/entrees\/entrees-chaudes\/vol-au-vent-au-poulet-et-champignons\/\"><span style=\"font-size: 14pt;\"><span style=\"font-family: georgia, palatino, serif;\"><em>Vol-au-vent au poulet et champignons<\/em><\/span><\/span><\/a><\/li>\n<li><a href=\"http:\/\/recettes-gourmandes-de-joce.fr\/index.php\/index\/poissons-coquillages\/coquillages-crustaces\/coquilles-de-la-mer-aux-st-jacques-et-salicornes\/\"><span style=\"font-size: 14pt;\"><em><span style=\"font-family: georgia, palatino, serif;\">Coquilles de la mer aux St Jacques et salicornes<\/span><\/em><\/span><\/a><\/li>\n<\/ul>\n<p style=\"text-align: center;\"><span style=\"font-family: georgia,serif;\"><span style=\"font-size: x-large; text-decoration: underline;\"><span style=\"color: #ff0000; text-decoration: underline;\"><em>Les plats<\/em><\/span><\/span><\/span><\/p>\n<p style=\"text-align: center;\"><span style=\"font-family: georgia, serif; font-size: 14pt;\"><a href=\"http:\/\/recettes-gourmandes-de-joce.fr\/index.php\/index\/viandes\/boeuf\/paves-de-boeuf-au-foie-gras-facon-rossini-sauce-echalotes\/\"><img loading=\"lazy\" decoding=\"async\" class=\"alignnone wp-image-27294\" src=\"http:\/\/recettes-gourmandes-de-joce.fr\/wp-content\/uploads\/2021\/01\/pave-boeuf-rossini15-300x225.jpg\" alt=\"\" width=\"240\" height=\"180\" srcset=\"http:\/\/recettes-gourmandes-de-joce.fr\/wp-content\/uploads\/2021\/01\/pave-boeuf-rossini15-300x225.jpg 300w, http:\/\/recettes-gourmandes-de-joce.fr\/wp-content\/uploads\/2021\/01\/pave-boeuf-rossini15-768x576.jpg 768w, http:\/\/recettes-gourmandes-de-joce.fr\/wp-content\/uploads\/2021\/01\/pave-boeuf-rossini15-750x563.jpg 750w, http:\/\/recettes-gourmandes-de-joce.fr\/wp-content\/uploads\/2021\/01\/pave-boeuf-rossini15.jpg 800w\" sizes=\"auto, (max-width: 240px) 100vw, 240px\" \/><\/a> <a href=\"http:\/\/recettes-gourmandes-de-joce.fr\/index.php\/index\/poissons-coquillages\/filets-paves\/saumon-crevettes-et-legumes-en-sauce-a-loseille\/\"><img loading=\"lazy\" decoding=\"async\" class=\"alignnone wp-image-2466\" src=\"http:\/\/recettes-gourmandes-de-joce.fr\/wp-content\/uploads\/2019\/10\/saumon-blanquette2-300x206.jpg\" alt=\"\" width=\"262\" height=\"180\" srcset=\"http:\/\/recettes-gourmandes-de-joce.fr\/wp-content\/uploads\/2019\/10\/saumon-blanquette2-300x206.jpg 300w, http:\/\/recettes-gourmandes-de-joce.fr\/wp-content\/uploads\/2019\/10\/saumon-blanquette2-768x528.jpg 768w, http:\/\/recettes-gourmandes-de-joce.fr\/wp-content\/uploads\/2019\/10\/saumon-blanquette2.jpg 800w\" sizes=\"auto, (max-width: 262px) 100vw, 262px\" \/><\/a> <a href=\"http:\/\/recettes-gourmandes-de-joce.fr\/index.php\/index\/viandes\/veau\/veau-a-la-moutarde-et-aux-carottes\/\"><img loading=\"lazy\" decoding=\"async\" class=\"alignnone wp-image-5422\" src=\"http:\/\/recettes-gourmandes-de-joce.fr\/wp-content\/uploads\/2019\/10\/103_4987-1-300x225.jpg\" alt=\"\" width=\"240\" height=\"180\" srcset=\"http:\/\/recettes-gourmandes-de-joce.fr\/wp-content\/uploads\/2019\/10\/103_4987-1-300x225.jpg 300w, http:\/\/recettes-gourmandes-de-joce.fr\/wp-content\/uploads\/2019\/10\/103_4987-1.jpg 640w\" sizes=\"auto, (max-width: 240px) 100vw, 240px\" \/><\/a><\/span><\/p>\n<ul>\n<li><a href=\"http:\/\/recettes-gourmandes-de-joce.fr\/index.php\/index\/viandes\/boeuf\/paves-de-boeuf-au-foie-gras-facon-rossini-sauce-echalotes\/\"><span style=\"font-size: 14pt;\"><span style=\"font-family: georgia, palatino, serif;\"><em>Pav\u00e9s de b\u0153uf au foie gras fa\u00e7on Rossini, sauce \u00e9chalotes<\/em><\/span><\/span><\/a><\/li>\n<li><a href=\"http:\/\/recettes-gourmandes-de-joce.fr\/index.php\/index\/poissons-coquillages\/filets-paves\/saumon-crevettes-et-legumes-en-sauce-a-loseille\/\"><span style=\"font-size: 14pt;\"><em><span style=\"font-family: georgia, palatino, serif;\">Saumon,\u00a0 crevettes et l\u00e9gumes en sauce \u00e0 l\u2019oseille<\/span><\/em><\/span><\/a><\/li>\n<li><a href=\"http:\/\/recettes-gourmandes-de-joce.fr\/index.php\/index\/viandes\/veau\/veau-a-la-moutarde-et-aux-carottes\/\"><span style=\"font-size: 14pt;\"><span style=\"font-family: georgia, palatino, serif;\"><em>Veau \u00e0 la moutarde et aux carottes<\/em><\/span><\/span><\/a><\/li>\n<\/ul>\n<p style=\"text-align: center;\"><span style=\"font-family: georgia,serif;\"><span style=\"font-size: x-large; text-decoration: underline;\"><span style=\"color: #ff00ff; font-size: x-large; text-decoration: underline;\"><em>Le pain<\/em><\/span><\/span><\/span><\/p>\n<p style=\"text-align: center;\"><a href=\"http:\/\/recettes-gourmandes-de-joce.fr\/index.php\/index\/pains-viennoiseries-map\/map-machine-a-pain\/pain-baguettes-petits-pains\/\"><span style=\"font-family: georgia,serif;\"><img loading=\"lazy\" decoding=\"async\" class=\"alignnone wp-image-38687\" src=\"http:\/\/recettes-gourmandes-de-joce.fr\/wp-content\/uploads\/2021\/08\/Logitech-Gaming-Software-19102019-222359-301.jpg\" alt=\"\" width=\"218\" height=\"190\" \/><\/span><\/a><\/p>\n<ul>\n<li><a href=\"http:\/\/recettes-gourmandes-de-joce.fr\/index.php\/index\/pains-viennoiseries-map\/map-machine-a-pain\/pain-baguettes-petits-pains\/\"><span style=\"font-size: 14pt;\"><span style=\"font-family: georgia, palatino, serif;\"><em>Pain, baguettes, petits pains, ficelle<\/em><\/span><\/span><\/a><\/li>\n<\/ul>\n<p style=\"text-align: center;\"><span style=\"font-family: georgia,serif;\"><span style=\"color: #ff0000; font-size: x-large; text-decoration: underline;\"><em>Les desserts<\/em><\/span><\/span><\/p>\n<p style=\"text-align: center;\"><span style=\"font-family: georgia,serif;\"><a href=\"http:\/\/recettes-gourmandes-de-joce.fr\/index.php\/index\/desserts\/tartes-gateaux\/pavlova-aux-fruits-rouges-kiwi-et-coulis-de-myrtilles\/\"> <img loading=\"lazy\" decoding=\"async\" class=\"alignnone wp-image-2958\" src=\"http:\/\/recettes-gourmandes-de-joce.fr\/wp-content\/uploads\/2019\/10\/pavlova16-300x229.jpg\" alt=\"\" width=\"249\" height=\"190\" srcset=\"http:\/\/recettes-gourmandes-de-joce.fr\/wp-content\/uploads\/2019\/10\/pavlova16-300x229.jpg 300w, http:\/\/recettes-gourmandes-de-joce.fr\/wp-content\/uploads\/2019\/10\/pavlova16-768x586.jpg 768w, http:\/\/recettes-gourmandes-de-joce.fr\/wp-content\/uploads\/2019\/10\/pavlova16.jpg 800w\" sizes=\"auto, (max-width: 249px) 100vw, 249px\" \/><\/a><a href=\"http:\/\/recettes-gourmandes-de-joce.fr\/index.php\/index\/desserts\/tartes-gateaux\/gateau-aux-kit-kat-quatre-quarts-aux-pepites-de-chocolat\/\"><span style=\"color: #9033cc;\"> <img loading=\"lazy\" decoding=\"async\" class=\"alignnone wp-image-12760\" src=\"http:\/\/recettes-gourmandes-de-joce.fr\/wp-content\/uploads\/2019\/12\/100_7435-300x200.jpg\" alt=\"\" width=\"285\" height=\"190\" srcset=\"http:\/\/recettes-gourmandes-de-joce.fr\/wp-content\/uploads\/2019\/12\/100_7435-300x200.jpg 300w, http:\/\/recettes-gourmandes-de-joce.fr\/wp-content\/uploads\/2019\/12\/100_7435.jpg 640w\" sizes=\"auto, (max-width: 285px) 100vw, 285px\" \/><\/span><\/a><\/span><\/p>\n<ul>\n<li><a href=\"http:\/\/recettes-gourmandes-de-joce.fr\/index.php\/index\/desserts\/tartes-gateaux\/pavlova-aux-fruits-rouges-kiwi-et-coulis-de-myrtilles\/\"><span style=\"font-size: 14pt;\"><span style=\"font-family: georgia, palatino, serif;\"><em>Pavlova aux fruits rouges, kiwi et coulis de myrtilles<\/em><\/span><\/span><\/a><\/li>\n<li><a href=\"http:\/\/recettes-gourmandes-de-joce.fr\/index.php\/index\/desserts\/tartes-gateaux\/gateau-aux-kit-kat-quatre-quarts-aux-pepites-de-chocolat\/\"><span style=\"font-size: 14pt;\"><span style=\"font-family: georgia, palatino, serif;\"><em>G\u00e2teau aux kit kat (quatre quarts aux p\u00e9pites de chocolat)<\/em><\/span><\/span><\/a><\/li>\n<\/ul>\n<p style=\"text-align: center;\"><span style=\"font-family: georgia,serif;\"><span style=\"color: #ff00ff; font-size: x-large; text-decoration: underline;\"><span style=\"font-size: x-large;\"><em>La d\u00e9coration de table<\/em><\/span><\/span><span style=\"color: #ff00ff; font-size: x-large; text-decoration: underline;\"><em> et<\/em> <em>le p<\/em><\/span><span style=\"color: #ff00ff; font-size: x-large; text-decoration: underline;\"><em>liage de serviette<\/em><\/span>\u00a0<\/span><\/p>\n<p style=\"text-align: center;\"><span style=\"font-family: georgia,serif;\"><a href=\"http:\/\/recettes-gourmandes-de-joce.fr\/index.php\/index-divers\/decorations-de-table\/decorations-de-table\/decoration-de-table-de-la-fete-des-meres-n2\/\"><span style=\"color: #ff00ff; font-size: x-large; text-decoration: underline;\"><em><img loading=\"lazy\" decoding=\"async\" class=\"alignnone wp-image-23423\" src=\"http:\/\/recettes-gourmandes-de-joce.fr\/wp-content\/uploads\/2020\/07\/table_de_la_fete_des_mere_2010_dedie_a_ma_mam-225x300.jpg\" alt=\"\" width=\"142\" height=\"190\" srcset=\"http:\/\/recettes-gourmandes-de-joce.fr\/wp-content\/uploads\/2020\/07\/table_de_la_fete_des_mere_2010_dedie_a_ma_mam-225x300.jpg 225w, http:\/\/recettes-gourmandes-de-joce.fr\/wp-content\/uploads\/2020\/07\/table_de_la_fete_des_mere_2010_dedie_a_ma_mam.jpg 412w\" sizes=\"auto, (max-width: 142px) 100vw, 142px\" \/><\/em><\/span><\/a> <a href=\"http:\/\/recettes-gourmandes-de-joce.fr\/index.php\/index-divers\/decorations-de-table\/pliage-de-serviette-de-table\/pliage-de-serviettes-de-table-en-forme-de-coeur\/\"><span style=\"color: #ff00ff; font-size: x-large;\"><em><img loading=\"lazy\" decoding=\"async\" class=\"alignnone wp-image-24875\" src=\"http:\/\/recettes-gourmandes-de-joce.fr\/wp-content\/uploads\/2020\/08\/P21105501-300x244.jpg\" alt=\"\" width=\"234\" height=\"190\" srcset=\"http:\/\/recettes-gourmandes-de-joce.fr\/wp-content\/uploads\/2020\/08\/P21105501-300x244.jpg 300w, http:\/\/recettes-gourmandes-de-joce.fr\/wp-content\/uploads\/2020\/08\/P21105501.jpg 436w\" sizes=\"auto, (max-width: 234px) 100vw, 234px\" \/><\/em><\/span><\/a><\/span><\/p>\n<ul>\n<li><a href=\"http:\/\/recettes-gourmandes-de-joce.fr\/index.php\/index-divers\/decorations-de-table\/decorations-de-table\/decoration-de-table-de-la-fete-des-meres-n2\/\"><span style=\"font-family: georgia, palatino, serif; font-size: 14pt;\"><em>D\u00e9coration de table de la f\u00eate des m\u00e8res<\/em><\/span><\/a><\/li>\n<li><a href=\"http:\/\/recettes-gourmandes-de-joce.fr\/index.php\/index-divers\/decorations-de-table\/pliage-de-serviette-de-table\/pliage-de-serviettes-de-table-en-forme-de-coeur\/\"><span style=\"font-size: 14pt;\"><em><span style=\"font-family: georgia, palatino, serif;\">Pliage de serviettes de table en forme de c\u0153ur<\/span><\/em><\/span><\/a><\/li>\n<\/ul>\n<p style=\"text-align: center;\"><span style=\"font-family: georgia,serif;\"><span style=\"color: #ff00ff; font-size: x-large;\"><em>Joyeuse F\u00eate \u00e0 toutes les mamans du monde!\u00a0<\/em><\/span><\/span><\/p>\n<p style=\"text-align: center;\"><img loading=\"lazy\" decoding=\"async\" class=\"alignnone wp-image-37354 size-full\" src=\"http:\/\/recettes-gourmandes-de-joce.fr\/wp-content\/uploads\/2021\/06\/logitech-gaming-software-14112014-121223.jpg\" alt=\"\" width=\"640\" height=\"144\" srcset=\"http:\/\/recettes-gourmandes-de-joce.fr\/wp-content\/uploads\/2021\/06\/logitech-gaming-software-14112014-121223.jpg 640w, http:\/\/recettes-gourmandes-de-joce.fr\/wp-content\/uploads\/2021\/06\/logitech-gaming-software-14112014-121223-300x68.jpg 300w\" sizes=\"auto, (max-width: 640px) 100vw, 640px\" \/><\/p>\n","protected":false},"excerpt":{"rendered":"<p>Menu f\u00eate des m\u00e8res N\u00b01. Cliquez sur le photos ou les titres pour vous rendre sur les recettes\u00a0 Plusieurs propositions selon les go\u00fbts Ap\u00e9ritif Cocktail sans alcool \u00ab\u00a0Soleil levant\u00a0\u00bb Amuse-bouches Mini burgers aux maquereaux \u00e0 l\u2019escab\u00e8che Verrines ap\u00e9ritives de melon, jambon, ch\u00e8vre ou de saumon, surimi Brochettes de melon et jambon de Bayonne ou de &hellip; <\/p>\n<p><a class=\"more-link btn\" href=\"http:\/\/recettes-gourmandes-de-joce.fr\/index.php\/index\/menus-buffet-courses\/menu-a-theme\/menu-fete-des-meres-n1\/\">Lire la suite<\/a><\/p>\n","protected":false},"author":2,"featured_media":88199,"parent":253,"menu_order":0,"comment_status":"open","ping_status":"closed","template":"","meta":{"footnotes":""},"class_list":["post-29587","page","type-page","status-publish","has-post-thumbnail","hentry","nodate","item-wrap"],"_links":{"self":[{"href":"http:\/\/recettes-gourmandes-de-joce.fr\/index.php\/wp-json\/wp\/v2\/pages\/29587","targetHints":{"allow":["GET"]}}],"collection":[{"href":"http:\/\/recettes-gourmandes-de-joce.fr\/index.php\/wp-json\/wp\/v2\/pages"}],"about":[{"href":"http:\/\/recettes-gourmandes-de-joce.fr\/index.php\/wp-json\/wp\/v2\/types\/page"}],"author":[{"embeddable":true,"href":"http:\/\/recettes-gourmandes-de-joce.fr\/index.php\/wp-json\/wp\/v2\/users\/2"}],"replies":[{"embeddable":true,"href":"http:\/\/recettes-gourmandes-de-joce.fr\/index.php\/wp-json\/wp\/v2\/comments?post=29587"}],"version-history":[{"count":13,"href":"http:\/\/recettes-gourmandes-de-joce.fr\/index.php\/wp-json\/wp\/v2\/pages\/29587\/revisions"}],"predecessor-version":[{"id":88314,"href":"http:\/\/recettes-gourmandes-de-joce.fr\/index.php\/wp-json\/wp\/v2\/pages\/29587\/revisions\/88314"}],"up":[{"embeddable":true,"href":"http:\/\/recettes-gourmandes-de-joce.fr\/index.php\/wp-json\/wp\/v2\/pages\/253"}],"wp:featuredmedia":[{"embeddable":true,"href":"http:\/\/recettes-gourmandes-de-joce.fr\/index.php\/wp-json\/wp\/v2\/media\/88199"}],"wp:attachment":[{"href":"http:\/\/recettes-gourmandes-de-joce.fr\/index.php\/wp-json\/wp\/v2\/media?parent=29587"}],"curies":[{"name":"wp","href":"https:\/\/api.w.org\/{rel}","templated":true}]}}