{"id":29582,"date":"2021-03-23T15:59:40","date_gmt":"2021-03-23T15:59:40","guid":{"rendered":"http:\/\/recettes-gourmandes-de-joce.fr\/?page_id=29582"},"modified":"2024-07-30T22:05:16","modified_gmt":"2024-07-30T22:05:16","slug":"menu-de-paques-n3","status":"publish","type":"page","link":"http:\/\/recettes-gourmandes-de-joce.fr\/index.php\/index\/menus-buffet-courses\/menu-a-theme\/menu-de-paques-n3\/","title":{"rendered":"Menu de P\u00e2ques N\u00b03."},"content":{"rendered":"<p style=\"text-align: center;\"><span style=\"font-family: georgia,serif;\"><span style=\"color: #66cc00;\"><u><em><span style=\"font-size: 24px;\">Menu de P\u00e2ques N\u00b03<\/span><\/em><\/u><\/span><\/span><\/p>\n<p style=\"text-align: center;\"><img loading=\"lazy\" decoding=\"async\" class=\"alignnone wp-image-29583\" src=\"http:\/\/recettes-gourmandes-de-joce.fr\/wp-content\/uploads\/2021\/03\/Captures-decran42-001-300x164.jpg\" alt=\"\" width=\"548\" height=\"300\" srcset=\"http:\/\/recettes-gourmandes-de-joce.fr\/wp-content\/uploads\/2021\/03\/Captures-decran42-001-300x164.jpg 300w, http:\/\/recettes-gourmandes-de-joce.fr\/wp-content\/uploads\/2021\/03\/Captures-decran42-001-768x420.jpg 768w, http:\/\/recettes-gourmandes-de-joce.fr\/wp-content\/uploads\/2021\/03\/Captures-decran42-001-750x411.jpg 750w, http:\/\/recettes-gourmandes-de-joce.fr\/wp-content\/uploads\/2021\/03\/Captures-decran42-001.jpg 800w\" sizes=\"auto, (max-width: 548px) 100vw, 548px\" \/><\/p>\n<p style=\"text-align: center;\"><span style=\"font-size: 14pt; font-family: georgia, palatino, serif; color: #ff9900;\"><em>Cliquez sur le photos ou les titres pour vous rendre sur les recettes\u00a0<\/em><\/span><\/p>\n<p style=\"text-align: center;\"><span style=\"font-size: 14pt; font-family: georgia, palatino, serif; color: #ff9900;\"><em>Plusieurs propositions selon les go\u00fbts<\/em><\/span><\/p>\n<p style=\"text-align: center;\"><span style=\"font-family: georgia,serif;\"><span style=\"color: #ff8c00;\"><span style=\"font-size: 24px;\"><u><em>Ap\u00e9ritif<\/em><\/u><\/span><\/span><\/span><\/p>\n<p style=\"text-align: center;\"><a href=\"http:\/\/recettes-gourmandes-de-joce.fr\/index.php\/index\/aperitifs-amuses-bouches\/aperitifs\/punch-exotique\/\"><img loading=\"lazy\" decoding=\"async\" class=\"alignnone wp-image-29584\" src=\"http:\/\/recettes-gourmandes-de-joce.fr\/wp-content\/uploads\/2021\/03\/punch-300x261.jpg\" alt=\"\" width=\"207\" height=\"180\" srcset=\"http:\/\/recettes-gourmandes-de-joce.fr\/wp-content\/uploads\/2021\/03\/punch-300x261.jpg 300w, http:\/\/recettes-gourmandes-de-joce.fr\/wp-content\/uploads\/2021\/03\/punch.jpg 640w\" sizes=\"auto, (max-width: 207px) 100vw, 207px\" \/><\/a><\/p>\n<p style=\"text-align: center;\"><em><span style=\"font-size: 14pt; font-family: georgia, palatino, serif;\">-&gt; <a href=\"http:\/\/recettes-gourmandes-de-joce.fr\/index.php\/index\/aperitifs-amuses-bouches\/aperitifs\/punch-exotique\/\">Punch exotique<\/a><\/span><\/em><\/p>\n<p style=\"text-align: center;\"><span style=\"font-family: georgia,serif;\"><span style=\"color: #66cc00;\"><span style=\"font-size: 24px;\"><u><em>Amuse-bouche<\/em><\/u><\/span><\/span><\/span><\/p>\n<p style=\"text-align: center;\"><span style=\"font-family: georgia,serif;\"><a href=\"http:\/\/recettes-gourmandes-de-joce.fr\/index.php\/index\/aperitifs-amuses-bouches\/amuses-bouches\/brochettes-de-crevettes-et-chorizo-marinees-a-lail\/\"><img loading=\"lazy\" decoding=\"async\" class=\"alignnone wp-image-1348\" src=\"http:\/\/recettes-gourmandes-de-joce.fr\/wp-content\/uploads\/2019\/09\/crevettes-chorizo1-300x225.jpg\" alt=\"\" width=\"267\" height=\"200\" srcset=\"http:\/\/recettes-gourmandes-de-joce.fr\/wp-content\/uploads\/2019\/09\/crevettes-chorizo1-300x225.jpg 300w, http:\/\/recettes-gourmandes-de-joce.fr\/wp-content\/uploads\/2019\/09\/crevettes-chorizo1-768x576.jpg 768w, http:\/\/recettes-gourmandes-de-joce.fr\/wp-content\/uploads\/2019\/09\/crevettes-chorizo1.jpg 800w\" sizes=\"auto, (max-width: 267px) 100vw, 267px\" \/><\/a> <a href=\"http:\/\/recettes-gourmandes-de-joce.fr\/index.php\/index\/aperitifs-amuses-bouches\/feuilletes-aperitifs\/1018-2\/\"><img loading=\"lazy\" decoding=\"async\" class=\"alignnone wp-image-1019\" src=\"http:\/\/recettes-gourmandes-de-joce.fr\/wp-content\/uploads\/2019\/09\/cones-sardines2-300x179.jpg\" alt=\"\" width=\"335\" height=\"200\" srcset=\"http:\/\/recettes-gourmandes-de-joce.fr\/wp-content\/uploads\/2019\/09\/cones-sardines2-300x179.jpg 300w, http:\/\/recettes-gourmandes-de-joce.fr\/wp-content\/uploads\/2019\/09\/cones-sardines2-768x458.jpg 768w, http:\/\/recettes-gourmandes-de-joce.fr\/wp-content\/uploads\/2019\/09\/cones-sardines2.jpg 800w\" sizes=\"auto, (max-width: 335px) 100vw, 335px\" \/><\/a> <a href=\"http:\/\/recettes-gourmandes-de-joce.fr\/index.php\/index\/oeufs-fromages-yaourts-laitages\/oeufs\/verrines-doeufs-brouilles-au-chevre\/\"><img loading=\"lazy\" decoding=\"async\" class=\"alignnone wp-image-12303\" src=\"http:\/\/recettes-gourmandes-de-joce.fr\/wp-content\/uploads\/2019\/12\/P3300168-253x300.jpg\" alt=\"\" width=\"168\" height=\"200\" srcset=\"http:\/\/recettes-gourmandes-de-joce.fr\/wp-content\/uploads\/2019\/12\/P3300168-253x300.jpg 253w, http:\/\/recettes-gourmandes-de-joce.fr\/wp-content\/uploads\/2019\/12\/P3300168.jpg 539w\" sizes=\"auto, (max-width: 168px) 100vw, 168px\" \/><\/a><\/span><\/p>\n<p style=\"text-align: center;\"><span style=\"font-size: 14pt; font-family: georgia, palatino, serif;\"><em>-&gt; <a href=\"http:\/\/recettes-gourmandes-de-joce.fr\/index.php\/index\/aperitifs-amuses-bouches\/amuses-bouches\/brochettes-de-crevettes-et-chorizo-marinees-a-lail\/\">Brochettes de crevettes et chorizo marin\u00e9es \u00e0 l\u2019ail<\/a><\/em><\/span><\/p>\n<p style=\"text-align: center;\"><span style=\"font-size: 14pt; font-family: georgia, palatino, serif;\"><em>-&gt; <a href=\"http:\/\/recettes-gourmandes-de-joce.fr\/index.php\/index\/aperitifs-amuses-bouches\/feuilletes-aperitifs\/1018-2\/\">Cornets feuillet\u00e9s aux sardines \u00e9pic\u00e9es<\/a><\/em><\/span><\/p>\n<p style=\"text-align: center;\"><em><span style=\"font-family: georgia, palatino, serif; font-size: 14pt;\">-&gt; <a href=\"http:\/\/recettes-gourmandes-de-joce.fr\/index.php\/index\/oeufs-fromages-yaourts-laitages\/oeufs\/verrines-doeufs-brouilles-au-chevre\/\">Verrines d\u2019\u0153ufs brouill\u00e9s au ch\u00e8vre<\/a><\/span><\/em><\/p>\n<p style=\"text-align: center;\"><span style=\"font-family: georgia,serif;\"><span style=\"color: #ff8c00;\"><span style=\"font-size: 24px;\"><u><em>Entr\u00e9es<\/em><\/u><\/span><\/span><\/span><\/p>\n<p style=\"text-align: center;\"><span style=\"font-family: georgia,serif;\"><a href=\"http:\/\/recettes-gourmandes-de-joce.fr\/index.php\/index\/entrees\/entrees-froides\/millefeuille-de-truite-fumee-au-colin-epice-oeufs-durs-aux-crevettes\/\"> <img loading=\"lazy\" decoding=\"async\" class=\"alignnone wp-image-2494\" src=\"http:\/\/recettes-gourmandes-de-joce.fr\/wp-content\/uploads\/2019\/10\/millefeuille-truite-colin1-300x206.jpg\" alt=\"\" width=\"291\" height=\"200\" srcset=\"http:\/\/recettes-gourmandes-de-joce.fr\/wp-content\/uploads\/2019\/10\/millefeuille-truite-colin1-300x206.jpg 300w, http:\/\/recettes-gourmandes-de-joce.fr\/wp-content\/uploads\/2019\/10\/millefeuille-truite-colin1-768x528.jpg 768w, http:\/\/recettes-gourmandes-de-joce.fr\/wp-content\/uploads\/2019\/10\/millefeuille-truite-colin1.jpg 1024w\" sizes=\"auto, (max-width: 291px) 100vw, 291px\" \/><\/a> <a href=\"http:\/\/recettes-gourmandes-de-joce.fr\/index.php\/index\/entrees\/entrees-chaudes\/vol-au-vent-au-poulet-et-champignons\/\"><img loading=\"lazy\" decoding=\"async\" class=\"alignnone wp-image-6979\" src=\"http:\/\/recettes-gourmandes-de-joce.fr\/wp-content\/uploads\/2019\/10\/101_0641-300x225.jpg\" alt=\"\" width=\"267\" height=\"200\" srcset=\"http:\/\/recettes-gourmandes-de-joce.fr\/wp-content\/uploads\/2019\/10\/101_0641-300x225.jpg 300w, http:\/\/recettes-gourmandes-de-joce.fr\/wp-content\/uploads\/2019\/10\/101_0641.jpg 640w\" sizes=\"auto, (max-width: 267px) 100vw, 267px\" \/><\/a><\/span><\/p>\n<p style=\"text-align: center;\"><span style=\"font-size: 14pt; font-family: georgia, palatino, serif;\"><em>-&gt; <a href=\"http:\/\/recettes-gourmandes-de-joce.fr\/index.php\/index\/entrees\/entrees-froides\/millefeuille-de-truite-fumee-au-colin-epice-oeufs-durs-aux-crevettes\/\">Millefeuille de truite fum\u00e9e au colin \u00e9pic\u00e9, \u0153ufs durs aux crevettes<\/a><\/em><\/span><\/p>\n<p style=\"text-align: center;\"><span style=\"font-size: 14pt; font-family: georgia, palatino, serif;\"><em>-&gt; <a href=\"http:\/\/recettes-gourmandes-de-joce.fr\/index.php\/index\/entrees\/entrees-chaudes\/vol-au-vent-au-poulet-et-champignons\/\">Vol-au-vent au poulet et champignons<\/a><\/em><\/span><\/p>\n<p style=\"text-align: center;\"><span style=\"font-family: georgia,serif;\"><span style=\"color: #66cc00;\"><span style=\"font-size: 24px;\"><em><u>Plats<\/u><\/em><\/span><\/span><\/span><\/p>\n<p style=\"text-align: center;\"><span style=\"font-family: georgia,serif;\"><a href=\"http:\/\/recettes-gourmandes-de-joce.fr\/index.php\/index\/poissons-coquillages\/filets-paves\/filets-de-merlu-coeur-de-carotte-courgette-et-sauce-aux-champignons\/\"> <img loading=\"lazy\" decoding=\"async\" class=\"alignnone wp-image-2388\" src=\"http:\/\/recettes-gourmandes-de-joce.fr\/wp-content\/uploads\/2019\/10\/colin-carotte-riz1-300x225.jpg\" alt=\"\" width=\"267\" height=\"200\" srcset=\"http:\/\/recettes-gourmandes-de-joce.fr\/wp-content\/uploads\/2019\/10\/colin-carotte-riz1-300x225.jpg 300w, http:\/\/recettes-gourmandes-de-joce.fr\/wp-content\/uploads\/2019\/10\/colin-carotte-riz1-768x576.jpg 768w, http:\/\/recettes-gourmandes-de-joce.fr\/wp-content\/uploads\/2019\/10\/colin-carotte-riz1.jpg 1024w\" sizes=\"auto, (max-width: 267px) 100vw, 267px\" \/><\/a> <a href=\"http:\/\/recettes-gourmandes-de-joce.fr\/index.php\/index\/viandes\/agneau-mouton\/355-2\/\"><img loading=\"lazy\" decoding=\"async\" class=\"alignnone wp-image-465\" src=\"http:\/\/recettes-gourmandes-de-joce.fr\/wp-content\/uploads\/2019\/09\/gigot-moutarde20-300x225.jpg\" alt=\"\" width=\"267\" height=\"200\" srcset=\"http:\/\/recettes-gourmandes-de-joce.fr\/wp-content\/uploads\/2019\/09\/gigot-moutarde20-300x225.jpg 300w, http:\/\/recettes-gourmandes-de-joce.fr\/wp-content\/uploads\/2019\/09\/gigot-moutarde20-768x576.jpg 768w, http:\/\/recettes-gourmandes-de-joce.fr\/wp-content\/uploads\/2019\/09\/gigot-moutarde20.jpg 800w\" sizes=\"auto, (max-width: 267px) 100vw, 267px\" \/><\/a><\/span><\/p>\n<p style=\"text-align: center;\"><span style=\"font-size: 14pt; font-family: georgia, palatino, serif;\"><em>-&gt; <a href=\"http:\/\/recettes-gourmandes-de-joce.fr\/index.php\/index\/poissons-coquillages\/filets-paves\/filets-de-merlu-coeur-de-carotte-courgette-et-sauce-aux-champignons\/\">Filets de merlu, c\u0153ur de carotte, courgette et sauce aux champignons<\/a><\/em><\/span><\/p>\n<p style=\"text-align: center;\"><span style=\"font-size: 14pt; font-family: georgia, palatino, serif;\"><em>-&gt; <a href=\"http:\/\/recettes-gourmandes-de-joce.fr\/index.php\/index\/viandes\/agneau-mouton\/355-2\/\">Gigot d\u2019agneau de lait au romarin et thym, sauce \u00e0 l\u2019ail et \u00e0 la moutarde<\/a><\/em><\/span><\/p>\n<p style=\"text-align: center;\"><span style=\"font-family: georgia,serif;\"><span style=\"color: #ff8c00;\"><span style=\"font-size: 24px;\"><em><u>Pain<\/u><\/em><\/span><\/span><\/span><\/p>\n<p><a href=\"http:\/\/recettes-gourmandes-de-joce.fr\/index.php\/index\/pains-viennoiseries-map\/map-machine-a-pain\/pain-baguettes-petits-pains\/\"><img loading=\"lazy\" decoding=\"async\" class=\"lazy-loaded wp-image-6316 aligncenter\" src=\"http:\/\/recettes-gourmandes-de-joce.fr\/wp-content\/uploads\/2019\/10\/Logitech-Gaming-Software-19102019-222331-150x150.jpg\" sizes=\"auto, (max-width: 258px) 100vw, 258px\" srcset=\"http:\/\/recettes-gourmandes-de-joce.fr\/wp-content\/uploads\/2019\/10\/Logitech-Gaming-Software-19102019-222331-300x221.jpg 300w, http:\/\/recettes-gourmandes-de-joce.fr\/wp-content\/uploads\/2019\/10\/Logitech-Gaming-Software-19102019-222331.jpg 640w\" alt=\"\" width=\"258\" height=\"190\" data-lazy-type=\"image\" data-src=\"http:\/\/recettes-gourmandes-de-joce.fr\/wp-content\/uploads\/2019\/10\/Logitech-Gaming-Software-19102019-222331-150x150.jpg\" data-srcset=\"\" \/><\/a><\/p>\n<p style=\"text-align: center;\"><em><span style=\"font-family: georgia, palatino, serif;\">-&gt;<span style=\"font-size: 14pt;\"><a href=\"http:\/\/recettes-gourmandes-de-joce.fr\/index.php\/index\/pains-viennoiseries-map\/map-machine-a-pain\/pain-baguettes-petits-pains\/\">Pains, baguettes, petits pains<\/a><\/span><\/span><\/em><\/p>\n<p style=\"text-align: center;\"><span style=\"font-family: georgia,serif;\"><span style=\"color: #66cc00;\"><span style=\"font-size: 24px;\"><u><em>Desserts<\/em><\/u><\/span><\/span><\/span><\/p>\n<p style=\"text-align: center;\"><span style=\"font-family: georgia,serif;\"><a href=\"http:\/\/recettes-gourmandes-de-joce.fr\/index.php\/index\/desserts\/cremes-mousses-flan\/verrines-de-mousse-de-fraises-aux-fruits-rouges\/\"> <img loading=\"lazy\" decoding=\"async\" class=\"alignnone wp-image-3016\" src=\"http:\/\/recettes-gourmandes-de-joce.fr\/wp-content\/uploads\/2019\/10\/mousse-fraise1-001-300x225.jpg\" alt=\"\" width=\"267\" height=\"200\" srcset=\"http:\/\/recettes-gourmandes-de-joce.fr\/wp-content\/uploads\/2019\/10\/mousse-fraise1-001-300x225.jpg 300w, http:\/\/recettes-gourmandes-de-joce.fr\/wp-content\/uploads\/2019\/10\/mousse-fraise1-001-768x576.jpg 768w, http:\/\/recettes-gourmandes-de-joce.fr\/wp-content\/uploads\/2019\/10\/mousse-fraise1-001.jpg 800w\" sizes=\"auto, (max-width: 267px) 100vw, 267px\" \/><\/a> <a href=\"http:\/\/recettes-gourmandes-de-joce.fr\/index.php\/index\/desserts\/desserts-avec-des-fraises\/fraisiers\/\"><img loading=\"lazy\" decoding=\"async\" class=\"alignnone wp-image-29585\" src=\"http:\/\/recettes-gourmandes-de-joce.fr\/wp-content\/uploads\/2021\/03\/fraisierb1-300x225.jpg\" alt=\"\" width=\"267\" height=\"200\" srcset=\"http:\/\/recettes-gourmandes-de-joce.fr\/wp-content\/uploads\/2021\/03\/fraisierb1-300x225.jpg 300w, http:\/\/recettes-gourmandes-de-joce.fr\/wp-content\/uploads\/2021\/03\/fraisierb1-768x576.jpg 768w, http:\/\/recettes-gourmandes-de-joce.fr\/wp-content\/uploads\/2021\/03\/fraisierb1-750x563.jpg 750w, http:\/\/recettes-gourmandes-de-joce.fr\/wp-content\/uploads\/2021\/03\/fraisierb1.jpg 1024w\" sizes=\"auto, (max-width: 267px) 100vw, 267px\" \/> <\/a><\/span><\/p>\n<p style=\"text-align: center;\"><span style=\"font-size: 14pt; font-family: georgia, palatino, serif;\"><em>-&gt; <a href=\"http:\/\/recettes-gourmandes-de-joce.fr\/index.php\/index\/desserts\/cremes-mousses-flan\/verrines-de-mousse-de-fraises-aux-fruits-rouges\/\">Verrines de mousse de fraises aux fruits rouges<\/a><\/em><\/span><\/p>\n<p style=\"text-align: center;\"><span style=\"font-size: 14pt; font-family: georgia, palatino, serif;\"><em>-&gt; <a href=\"http:\/\/recettes-gourmandes-de-joce.fr\/index.php\/index\/desserts\/desserts-avec-des-fraises\/fraisiers\/\">Fraisier<\/a><\/em><\/span><\/p>\n<p style=\"text-align: center;\"><span style=\"font-family: georgia,serif;\"><span style=\"color: #ff8c00;\"><span style=\"font-size: 24px;\"><u><em>D\u00e9co de table \/pliage de serviette en cliquant sur ces photos\u2193<\/em><\/u><\/span><\/span><\/span><\/p>\n<p style=\"text-align: center;\"><span style=\"font-family: georgia,serif;\"><a href=\"http:\/\/recettes-gourmandes-de-joce.fr\/index.php\/index-divers\/decorations-de-table\/decorations-de-table\/decoration-de-table-de-paques-n2\/\"><img loading=\"lazy\" decoding=\"async\" class=\"alignnone wp-image-18021\" src=\"http:\/\/recettes-gourmandes-de-joce.fr\/wp-content\/uploads\/2020\/03\/P4040085-300x225.jpg\" alt=\"\" width=\"267\" height=\"200\" srcset=\"http:\/\/recettes-gourmandes-de-joce.fr\/wp-content\/uploads\/2020\/03\/P4040085-300x225.jpg 300w, http:\/\/recettes-gourmandes-de-joce.fr\/wp-content\/uploads\/2020\/03\/P4040085-768x576.jpg 768w, http:\/\/recettes-gourmandes-de-joce.fr\/wp-content\/uploads\/2020\/03\/P4040085-1024x768.jpg 1024w, http:\/\/recettes-gourmandes-de-joce.fr\/wp-content\/uploads\/2020\/03\/P4040085.jpg 1600w\" sizes=\"auto, (max-width: 267px) 100vw, 267px\" \/><\/a> <a href=\"http:\/\/recettes-gourmandes-de-joce.fr\/index.php\/index-divers\/decorations-de-table\/pliage-de-serviette-de-table\/pliage-de-serviette-de-table-en-forme-de-coquetier\/\"><img loading=\"lazy\" decoding=\"async\" class=\"alignnone wp-image-24897\" src=\"http:\/\/recettes-gourmandes-de-joce.fr\/wp-content\/uploads\/2020\/08\/P4220108-254x300.jpg\" alt=\"\" width=\"169\" height=\"200\" srcset=\"http:\/\/recettes-gourmandes-de-joce.fr\/wp-content\/uploads\/2020\/08\/P4220108-254x300.jpg 254w, http:\/\/recettes-gourmandes-de-joce.fr\/wp-content\/uploads\/2020\/08\/P4220108.jpg 383w\" sizes=\"auto, (max-width: 169px) 100vw, 169px\" \/><\/a><\/span><\/p>\n<p style=\"text-align: center;\"><span style=\"font-family: georgia,serif;\"><span style=\"color: #66cc00;\"><span style=\"font-size: 28px;\"><u><em>Joyeuses f\u00eates de P\u00e2ques<\/em><\/u><\/span><\/span><\/span><\/p>\n<p style=\"text-align: center;\"><img loading=\"lazy\" decoding=\"async\" class=\"alignnone wp-image-24317 size-full\" src=\"http:\/\/recettes-gourmandes-de-joce.fr\/wp-content\/uploads\/2020\/07\/logitech-gaming-software-14112014-121223.jpg\" alt=\"\" width=\"640\" height=\"144\" srcset=\"http:\/\/recettes-gourmandes-de-joce.fr\/wp-content\/uploads\/2020\/07\/logitech-gaming-software-14112014-121223.jpg 640w, http:\/\/recettes-gourmandes-de-joce.fr\/wp-content\/uploads\/2020\/07\/logitech-gaming-software-14112014-121223-300x68.jpg 300w\" sizes=\"auto, (max-width: 640px) 100vw, 640px\" \/><\/p>\n<ul class=\"inline item-infos\">\n<li><span class=\"comment-number\">1.<\/span>\u00a0<span class=\"comment-author\">nadine<\/span>\u00a0<span class=\"comment-date\">| 27\/03\/2017<\/span><\/li>\n<\/ul>\n<div class=\"comment-content\">Bonjour,<br \/>\ntes recettes sont g\u00e9niales, merci de nous les communiquer.<br \/>\npeut-on avoir la recette des cones feuillet\u00e9s en cliquant il<br \/>\nn&rsquo;y a pas de lien recette. Merci<\/div>\n<div class=\"item item-comment media by-webmaster\">\n<div class=\"pull-left\"><img decoding=\"async\" class=\"media-object\" src=\"http:\/\/recettesgourmandesdejoce.e-monsite.com\/medias\/static\/manager\/im\/avatar.png?fx=c_50_50\" alt=\"jocelyne debon\" width=\"50\" \/><\/div>\n<div class=\"media-body\">\n<ul class=\"inline item-infos\">\n<li><span class=\"comment-author\">jocelyne debon<\/span>\u00a0<span class=\"comment-date\">| 27\/03\/2017<\/span><\/li>\n<\/ul>\n<div class=\"comment-content\">Coucou Mercii c&rsquo;est gentil Lien mis tu peux cliquer dessus, c&rsquo;\u00e9tait un oubli, merci de me l&rsquo;avoir signal\u00e9 Toutes les recettes des menus sont \u00e9galement r\u00e9pertori\u00e9es dans chaque cat\u00e9gorie du site Au plaisir Bonne journ\u00e9e Amicalement Joce<\/div>\n<\/div>\n<\/div>\n","protected":false},"excerpt":{"rendered":"<p>Menu de P\u00e2ques N\u00b03 Cliquez sur le photos ou les titres pour vous rendre sur les recettes\u00a0 Plusieurs propositions selon les go\u00fbts Ap\u00e9ritif -&gt; Punch exotique Amuse-bouche -&gt; Brochettes de crevettes et chorizo marin\u00e9es \u00e0 l\u2019ail -&gt; Cornets feuillet\u00e9s aux sardines \u00e9pic\u00e9es -&gt; Verrines d\u2019\u0153ufs brouill\u00e9s au ch\u00e8vre Entr\u00e9es -&gt; Millefeuille de truite fum\u00e9e au &hellip; <\/p>\n<p><a class=\"more-link btn\" href=\"http:\/\/recettes-gourmandes-de-joce.fr\/index.php\/index\/menus-buffet-courses\/menu-a-theme\/menu-de-paques-n3\/\">Lire la suite<\/a><\/p>\n","protected":false},"author":2,"featured_media":88191,"parent":253,"menu_order":0,"comment_status":"open","ping_status":"closed","template":"","meta":{"footnotes":""},"class_list":["post-29582","page","type-page","status-publish","has-post-thumbnail","hentry","nodate","item-wrap"],"_links":{"self":[{"href":"http:\/\/recettes-gourmandes-de-joce.fr\/index.php\/wp-json\/wp\/v2\/pages\/29582","targetHints":{"allow":["GET"]}}],"collection":[{"href":"http:\/\/recettes-gourmandes-de-joce.fr\/index.php\/wp-json\/wp\/v2\/pages"}],"about":[{"href":"http:\/\/recettes-gourmandes-de-joce.fr\/index.php\/wp-json\/wp\/v2\/types\/page"}],"author":[{"embeddable":true,"href":"http:\/\/recettes-gourmandes-de-joce.fr\/index.php\/wp-json\/wp\/v2\/users\/2"}],"replies":[{"embeddable":true,"href":"http:\/\/recettes-gourmandes-de-joce.fr\/index.php\/wp-json\/wp\/v2\/comments?post=29582"}],"version-history":[{"count":3,"href":"http:\/\/recettes-gourmandes-de-joce.fr\/index.php\/wp-json\/wp\/v2\/pages\/29582\/revisions"}],"predecessor-version":[{"id":88192,"href":"http:\/\/recettes-gourmandes-de-joce.fr\/index.php\/wp-json\/wp\/v2\/pages\/29582\/revisions\/88192"}],"up":[{"embeddable":true,"href":"http:\/\/recettes-gourmandes-de-joce.fr\/index.php\/wp-json\/wp\/v2\/pages\/253"}],"wp:featuredmedia":[{"embeddable":true,"href":"http:\/\/recettes-gourmandes-de-joce.fr\/index.php\/wp-json\/wp\/v2\/media\/88191"}],"wp:attachment":[{"href":"http:\/\/recettes-gourmandes-de-joce.fr\/index.php\/wp-json\/wp\/v2\/media?parent=29582"}],"curies":[{"name":"wp","href":"https:\/\/api.w.org\/{rel}","templated":true}]}}