{"id":29415,"date":"2021-03-20T23:38:06","date_gmt":"2021-03-20T23:38:06","guid":{"rendered":"http:\/\/recettes-gourmandes-de-joce.fr\/?page_id=29415"},"modified":"2024-07-30T21:44:03","modified_gmt":"2024-07-30T21:44:03","slug":"menu-de-paques-n1","status":"publish","type":"page","link":"http:\/\/recettes-gourmandes-de-joce.fr\/index.php\/index\/menus-buffet-courses\/menu-a-theme\/menu-de-paques-n1\/","title":{"rendered":"Menu de P\u00e2ques N\u00b01."},"content":{"rendered":"<p style=\"text-align: center;\"><span style=\"text-decoration: underline; color: #99cc00;\"><span style=\"font-family: georgia, palatino, serif;\"><span style=\"font-size: 18pt;\"><em>Menu de P\u00e2ques N\u00b01.<\/em><\/span><\/span><\/span><\/p>\n<p style=\"text-align: center;\"><img loading=\"lazy\" decoding=\"async\" class=\"alignnone wp-image-29437\" style=\"font-family: georgia, serif;\" src=\"http:\/\/recettes-gourmandes-de-joce.fr\/wp-content\/uploads\/2021\/03\/montage-menu2-300x179.jpg\" alt=\"\" width=\"503\" height=\"300\" srcset=\"http:\/\/recettes-gourmandes-de-joce.fr\/wp-content\/uploads\/2021\/03\/montage-menu2-300x179.jpg 300w, http:\/\/recettes-gourmandes-de-joce.fr\/wp-content\/uploads\/2021\/03\/montage-menu2-768x458.jpg 768w, http:\/\/recettes-gourmandes-de-joce.fr\/wp-content\/uploads\/2021\/03\/montage-menu2-750x447.jpg 750w, http:\/\/recettes-gourmandes-de-joce.fr\/wp-content\/uploads\/2021\/03\/montage-menu2.jpg 800w\" sizes=\"auto, (max-width: 503px) 100vw, 503px\" \/><\/p>\n<p style=\"text-align: center;\"><span style=\"font-family: georgia, serif; font-size: 14pt; color: #99cc00;\"><em>Cliquez sur le photos ou les titres des recettes pour vous rendre sur les recettes. <\/em><\/span><\/p>\n<p style=\"text-align: center;\"><span style=\"font-family: georgia, serif; font-size: 14pt; color: #99cc00;\"><em>Je propose plusieurs plats \u00e0 chaque fois selon vos go\u00fbts<\/em><\/span><\/p>\n<p style=\"text-align: center;\"><span style=\"font-family: georgia,serif;\"><span style=\"color: #ffcc00; font-size: x-large; text-decoration: underline;\"><em><span style=\"text-decoration: underline;\">Ap\u00e9ritif<\/span><\/em><\/span><\/span><\/p>\n<p style=\"text-align: center;\"><a href=\"http:\/\/recettes-gourmandes-de-joce.fr\/index.php\/index\/aperitifs-amuses-bouches\/aperitifs\/rose-pamplemousse\/\"><span style=\"font-family: georgia,serif;\"><span style=\"color: #ffcc00; font-size: x-large; text-decoration: underline;\"><em><span style=\"text-decoration: underline;\"><img loading=\"lazy\" decoding=\"async\" class=\"alignnone wp-image-16551\" src=\"http:\/\/recettes-gourmandes-de-joce.fr\/wp-content\/uploads\/2020\/01\/P9080149-300x297.jpg\" alt=\"\" width=\"202\" height=\"200\" srcset=\"http:\/\/recettes-gourmandes-de-joce.fr\/wp-content\/uploads\/2020\/01\/P9080149-300x297.jpg 300w, http:\/\/recettes-gourmandes-de-joce.fr\/wp-content\/uploads\/2020\/01\/P9080149-150x150.jpg 150w, http:\/\/recettes-gourmandes-de-joce.fr\/wp-content\/uploads\/2020\/01\/P9080149.jpg 640w\" sizes=\"auto, (max-width: 202px) 100vw, 202px\" \/><\/span><\/em><\/span><\/span><\/a><\/p>\n<p style=\"text-align: center;\"><span style=\"font-size: 14pt; font-family: georgia, palatino, serif;\"><em><span style=\"color: #ffcc00;\"><span style=\"color: #800080;\">-&gt;<\/span><a href=\"http:\/\/recettes-gourmandes-de-joce.fr\/index.php\/index\/aperitifs-amuses-bouches\/aperitifs\/rose-pamplemousse\/\"><span style=\"color: #800080;\">Ros\u00e9<\/span> <span style=\"color: #800080;\">pamplemousse<\/span><\/a><\/span><\/em><\/span><\/p>\n<p style=\"text-align: center;\"><span style=\"color: #99cc00; font-family: georgia, serif; font-size: x-large;\"><i><u>Amuses bouches<\/u><\/i><\/span><\/p>\n<p style=\"text-align: center;\"><span style=\"font-family: georgia,serif;\"><span style=\"color: #808080; font-size: x-large;\"><em><span style=\"font-size: x-large;\"><span style=\"color: #ff0000;\"><em><a href=\"http:\/\/recettes-gourmandes-de-joce.fr\/index.php\/index\/aperitifs-amuses-bouches\/feuilletes-aperitifs\/petits-canards-feuilletes-au-foie-gras-fondue-doignons-et-asperges\/\"><img loading=\"lazy\" decoding=\"async\" class=\"alignnone wp-image-10421\" src=\"http:\/\/recettes-gourmandes-de-joce.fr\/wp-content\/uploads\/2019\/11\/canards-au-foie-gras-1-1-300x225.jpg\" alt=\"\" width=\"267\" height=\"200\" srcset=\"http:\/\/recettes-gourmandes-de-joce.fr\/wp-content\/uploads\/2019\/11\/canards-au-foie-gras-1-1-300x225.jpg 300w, http:\/\/recettes-gourmandes-de-joce.fr\/wp-content\/uploads\/2019\/11\/canards-au-foie-gras-1-1.jpg 640w\" sizes=\"auto, (max-width: 267px) 100vw, 267px\" \/><\/a> <a href=\"http:\/\/recettes-gourmandes-de-joce.fr\/index.php\/index\/aperitifs-amuses-bouches\/verrines-froides\/verrines-aperitives-oeuf-de-cailles-thon-mais-tomate\/\"><img loading=\"lazy\" decoding=\"async\" class=\"alignnone wp-image-29416\" src=\"http:\/\/recettes-gourmandes-de-joce.fr\/wp-content\/uploads\/2021\/03\/P5010069-232x300.jpg\" alt=\"\" width=\"154\" height=\"200\" srcset=\"http:\/\/recettes-gourmandes-de-joce.fr\/wp-content\/uploads\/2021\/03\/P5010069-232x300.jpg 232w, http:\/\/recettes-gourmandes-de-joce.fr\/wp-content\/uploads\/2021\/03\/P5010069.jpg 494w\" sizes=\"auto, (max-width: 154px) 100vw, 154px\" \/><\/a> <a href=\"http:\/\/recettes-gourmandes-de-joce.fr\/index.php\/index\/aperitifs-amuses-bouches\/amuses-bouches\/cuilleres-aperitives-a-la-tomate-et-oeufs-de-caille\/\"><img loading=\"lazy\" decoding=\"async\" class=\"alignnone wp-image-12930\" src=\"http:\/\/recettes-gourmandes-de-joce.fr\/wp-content\/uploads\/2019\/12\/P1010290-300x225.jpg\" alt=\"\" width=\"267\" height=\"200\" srcset=\"http:\/\/recettes-gourmandes-de-joce.fr\/wp-content\/uploads\/2019\/12\/P1010290-300x225.jpg 300w, http:\/\/recettes-gourmandes-de-joce.fr\/wp-content\/uploads\/2019\/12\/P1010290.jpg 640w\" sizes=\"auto, (max-width: 267px) 100vw, 267px\" \/><\/a><\/em><\/span><\/span><\/em><\/span><\/span><\/p>\n<p style=\"text-align: center;\"><span style=\"color: #800080;\"><em><span style=\"font-family: georgia, palatino, serif; font-size: 14pt;\">-&gt; <a href=\"http:\/\/recettes-gourmandes-de-joce.fr\/index.php\/index\/aperitifs-amuses-bouches\/feuilletes-aperitifs\/petits-canards-feuilletes-au-foie-gras-fondue-doignons-et-asperges\/\">Petits canards feuillet\u00e9s au foie gras, fondue d\u2019oignons et asperges<\/a><\/span><\/em><\/span><\/p>\n<p class=\"post-title entry-title\" style=\"text-align: center;\"><span style=\"color: #800080;\"><span style=\"font-size: 14pt; font-family: georgia, palatino, serif;\"><em>-&gt;<a href=\"http:\/\/recettes-gourmandes-de-joce.fr\/index.php\/index\/aperitifs-amuses-bouches\/verrines-froides\/verrines-aperitives-oeuf-de-cailles-thon-mais-tomate\/\">Verrines ap\u00e9ritives \u0153uf de cailles\/rillettes de thon<\/a><\/em><\/span><\/span><\/p>\n<p style=\"text-align: center;\"><span style=\"color: #800080;\"><em><span style=\"font-family: georgia, palatino, serif; font-size: 14pt;\">-&gt; <a href=\"http:\/\/recettes-gourmandes-de-joce.fr\/index.php\/index\/aperitifs-amuses-bouches\/amuses-bouches\/cuilleres-aperitives-a-la-tomate-et-oeufs-de-caille\/\">Cuill\u00e8res ap\u00e9ritives \u00e0 la tomate et \u0153ufs de caille<\/a><\/span><\/em><\/span><\/p>\n<p style=\"text-align: center;\"><span style=\"font-family: georgia,serif;\"><span style=\"color: #808080; font-size: x-large; text-decoration: underline;\"><em><span style=\"font-size: x-large;\"><span style=\"color: #ff0000; text-decoration: underline;\"><em><span style=\"color: #ffcc00; text-decoration: underline;\">L<\/span><\/em><\/span><\/span><\/em><\/span><\/span><span style=\"font-family: georgia, serif; color: #ffcc00;\"><span style=\"font-size: x-large; text-decoration: underline;\"><em><span style=\"font-size: x-large;\"><em><span style=\"font-size: x-large;\"><em>es entr\u00e9es<\/em><\/span><\/em><\/span><\/em><\/span><\/span><\/p>\n<p style=\"text-align: center;\"><span style=\"font-family: georgia,serif;\"><span style=\"color: #808080; font-size: x-large; text-decoration: underline;\"><em><span style=\"text-decoration: underline;\"><span style=\"font-size: x-large; text-decoration: underline;\"><span style=\"color: #ff0000; text-decoration: underline;\"><em><span style=\"color: #ffcc00; font-size: x-large; text-decoration: underline;\"><span style=\"text-decoration: underline;\"><em><a href=\"http:\/\/recettes-gourmandes-de-joce.fr\/index.php\/index\/entrees\/entrees-chaudes\/poissons-feuilletes-au-thon-cresson-et-st-moret\/\"><img loading=\"lazy\" decoding=\"async\" class=\"alignnone wp-image-10113\" src=\"http:\/\/recettes-gourmandes-de-joce.fr\/wp-content\/uploads\/2019\/11\/P4051049-300x225.jpg\" alt=\"\" width=\"267\" height=\"200\" srcset=\"http:\/\/recettes-gourmandes-de-joce.fr\/wp-content\/uploads\/2019\/11\/P4051049-300x225.jpg 300w, http:\/\/recettes-gourmandes-de-joce.fr\/wp-content\/uploads\/2019\/11\/P4051049.jpg 640w\" sizes=\"auto, (max-width: 267px) 100vw, 267px\" \/><\/a> <a href=\"http:\/\/recettes-gourmandes-de-joce.fr\/index.php\/index\/entrees\/salades-crudites\/avocat-et-crevettes-au-citron-et-sauce-cocktail\/\"><img loading=\"lazy\" decoding=\"async\" class=\"alignnone wp-image-11308\" src=\"http:\/\/recettes-gourmandes-de-joce.fr\/wp-content\/uploads\/2019\/11\/PA220631-300x210.jpg\" alt=\"\" width=\"285\" height=\"200\" srcset=\"http:\/\/recettes-gourmandes-de-joce.fr\/wp-content\/uploads\/2019\/11\/PA220631-300x210.jpg 300w, http:\/\/recettes-gourmandes-de-joce.fr\/wp-content\/uploads\/2019\/11\/PA220631.jpg 640w\" sizes=\"auto, (max-width: 285px) 100vw, 285px\" \/><\/a><\/em><\/span><\/span><\/em><\/span><\/span><\/span><\/em><\/span><\/span><\/p>\n<p style=\"text-align: center;\"><span style=\"font-size: 14pt; font-family: georgia, palatino, serif; color: #800080;\"><em>-&gt; <a href=\"http:\/\/recettes-gourmandes-de-joce.fr\/index.php\/index\/entrees\/entrees-chaudes\/poissons-feuilletes-au-thon-cresson-et-st-moret\/\">Poissons feuillet\u00e9s au thon, cresson et St Mor\u00eat<\/a><\/em><\/span><\/p>\n<p style=\"text-align: center;\"><span style=\"font-size: 14pt; font-family: georgia, palatino, serif;\"><em><span style=\"color: #800080;\">-&gt;<a href=\"http:\/\/recettes-gourmandes-de-joce.fr\/index.php\/index\/entrees\/salades-crudites\/avocat-et-crevettes-au-citron-et-sauce-cocktail\/\"> Avocat et crevettes au citron et sauce cocktail<\/a><\/span><\/em><\/span><\/p>\n<p style=\"text-align: center;\"><span style=\"font-family: georgia,serif;\"><span style=\"color: #808080; font-size: x-large; text-decoration: underline;\"><em><span style=\"text-decoration: underline;\"><span style=\"font-size: x-large; text-decoration: underline;\"><span style=\"color: #ff0000; text-decoration: underline;\"><em><span style=\"color: #ffcc00; font-size: x-large; text-decoration: underline;\"><span style=\"text-decoration: underline;\"><em><span style=\"color: #99cc00;\"><em><span style=\"font-size: x-large; text-decoration: underline;\">Les plats<\/span><\/em><\/span><\/em><\/span><\/span><\/em><\/span><\/span><\/span><\/em><\/span><\/span><\/p>\n<p style=\"text-align: center;\"><a href=\"http:\/\/recettes-gourmandes-de-joce.fr\/index.php\/index\/poissons-coquillages\/poissons-entiers\/saumon-entier-sauce-aux-poivrons-puree-de-brocolis\/\"><img loading=\"lazy\" decoding=\"async\" class=\"alignnone wp-image-29426\" src=\"http:\/\/recettes-gourmandes-de-joce.fr\/wp-content\/uploads\/2021\/03\/P6050130-1-300x225.jpg\" alt=\"\" width=\"254\" height=\"190\" srcset=\"http:\/\/recettes-gourmandes-de-joce.fr\/wp-content\/uploads\/2021\/03\/P6050130-1-300x225.jpg 300w, http:\/\/recettes-gourmandes-de-joce.fr\/wp-content\/uploads\/2021\/03\/P6050130-1.jpg 550w\" sizes=\"auto, (max-width: 254px) 100vw, 254px\" \/><\/a> <a href=\"http:\/\/recettes-gourmandes-de-joce.fr\/index.php\/index\/viandes\/agneau-mouton\/epaule-dagneau-en-croute-dherbes-et-pommes-de-terre\/\"><img loading=\"lazy\" decoding=\"async\" class=\"alignnone wp-image-29464\" src=\"http:\/\/recettes-gourmandes-de-joce.fr\/wp-content\/uploads\/2021\/03\/p6070461-300x214.jpg\" alt=\"\" width=\"267\" height=\"190\" srcset=\"http:\/\/recettes-gourmandes-de-joce.fr\/wp-content\/uploads\/2021\/03\/p6070461-300x214.jpg 300w, http:\/\/recettes-gourmandes-de-joce.fr\/wp-content\/uploads\/2021\/03\/p6070461-768x547.jpg 768w, http:\/\/recettes-gourmandes-de-joce.fr\/wp-content\/uploads\/2021\/03\/p6070461-750x535.jpg 750w, http:\/\/recettes-gourmandes-de-joce.fr\/wp-content\/uploads\/2021\/03\/p6070461.jpg 797w\" sizes=\"auto, (max-width: 267px) 100vw, 267px\" \/><\/a><\/p>\n<p style=\"text-align: center;\"><span style=\"color: #800080;\"><span style=\"font-size: 14pt; font-family: georgia, palatino, serif;\"><em>-&gt; <a href=\"http:\/\/recettes-gourmandes-de-joce.fr\/index.php\/index\/poissons-coquillages\/poissons-entiers\/saumon-entier-sauce-aux-poivrons-puree-de-brocolis\/\">Saumon entier, sauce aux poivrons, pur\u00e9e de brocolis<\/a><\/em><\/span><\/span><\/p>\n<p style=\"text-align: center;\"><span style=\"color: #800080;\"><em><span style=\"font-family: georgia, palatino, serif; font-size: 14pt;\">-&gt;<a href=\"http:\/\/recettes-gourmandes-de-joce.fr\/index.php\/index\/viandes\/agneau-mouton\/epaule-dagneau-en-croute-dherbes-et-pommes-de-terre\/\"> \u00c9paule d\u2019agneau en cro\u00fbte d\u2019herbes et pommes de terre<\/a><\/span><\/em><\/span><\/p>\n<p style=\"text-align: center;\"><a href=\"http:\/\/recettes-gourmandes-de-joce.fr\/index.php\/index\/viandes\/volailles\/poulet\/parmentier-de-poulet-et-jambon-ecrase-de-vitelottes-au-pesto-de-persil\/\"><img loading=\"lazy\" decoding=\"async\" class=\"alignnone wp-image-29481\" src=\"http:\/\/recettes-gourmandes-de-joce.fr\/wp-content\/uploads\/2021\/03\/parmentier_de_vitelottes_au_poulet_jambon_et_13-300x225.jpg\" alt=\"\" width=\"254\" height=\"190\" srcset=\"http:\/\/recettes-gourmandes-de-joce.fr\/wp-content\/uploads\/2021\/03\/parmentier_de_vitelottes_au_poulet_jambon_et_13-300x225.jpg 300w, http:\/\/recettes-gourmandes-de-joce.fr\/wp-content\/uploads\/2021\/03\/parmentier_de_vitelottes_au_poulet_jambon_et_13.jpg 550w\" sizes=\"auto, (max-width: 254px) 100vw, 254px\" \/><\/a><\/p>\n<p style=\"text-align: center;\"><span style=\"font-family: georgia, palatino, serif;\"><span style=\"font-size: 14pt;\"><em><span style=\"color: #800080;\">-&gt; <a href=\"http:\/\/recettes-gourmandes-de-joce.fr\/index.php\/index\/viandes\/volailles\/poulet\/parmentier-de-poulet-et-jambon-ecrase-de-vitelottes-au-pesto-de-persil\/\">Parmentier de poulet et jambon, \u00e9cras\u00e9 de vitelottes au pesto de persil.<\/a><\/span><\/em><\/span><\/span><\/p>\n<p style=\"text-align: center;\"><span style=\"font-family: georgia,serif;\"><span style=\"color: #ffcc00; font-size: x-large; text-decoration: underline;\"><em>Le pain<\/em><\/span><\/span><\/p>\n<p style=\"text-align: center;\"><a href=\"http:\/\/recettes-gourmandes-de-joce.fr\/index.php\/index\/pains-viennoiseries-map\/map-machine-a-pain\/pain-baguettes-petits-pains\/\"><span style=\"font-family: georgia,serif;\"><img loading=\"lazy\" decoding=\"async\" class=\"lazy-loaded alignnone wp-image-6316\" src=\"http:\/\/recettes-gourmandes-de-joce.fr\/wp-content\/uploads\/2019\/10\/Logitech-Gaming-Software-19102019-222331-150x150.jpg\" alt=\"\" width=\"258\" height=\"190\" data-lazy-type=\"image\" data-src=\"http:\/\/recettes-gourmandes-de-joce.fr\/wp-content\/uploads\/2019\/10\/Logitech-Gaming-Software-19102019-222331-150x150.jpg\" data-srcset=\"\" srcset=\"http:\/\/recettes-gourmandes-de-joce.fr\/wp-content\/uploads\/2019\/10\/Logitech-Gaming-Software-19102019-222331-300x221.jpg 300w, http:\/\/recettes-gourmandes-de-joce.fr\/wp-content\/uploads\/2019\/10\/Logitech-Gaming-Software-19102019-222331.jpg 640w\" sizes=\"auto, (max-width: 258px) 100vw, 258px\" \/><\/span><\/a><\/p>\n<p style=\"text-align: center;\"><span style=\"color: #800080;\"><em><span style=\"font-size: 14pt; font-family: georgia, palatino, serif;\">-&gt;<a href=\"http:\/\/recettes-gourmandes-de-joce.fr\/index.php\/index\/pains-viennoiseries-map\/map-machine-a-pain\/pain-baguettes-petits-pains\/\">Pains, baguettes, petits pains<\/a><\/span><\/em><\/span><\/p>\n<p style=\"text-align: center;\"><span style=\"font-family: georgia,serif;\"><span style=\"color: #99cc00; font-size: x-large; text-decoration: underline;\"><em><span style=\"text-decoration: underline;\"><span style=\"font-size: x-large; text-decoration: underline;\"><span style=\"text-decoration: underline;\"><em><span style=\"font-size: x-large; text-decoration: underline;\"><span style=\"text-decoration: underline;\"><em><em><span style=\"font-size: x-large; text-decoration: underline;\"><span style=\"font-size: x-large; text-decoration: underline;\"><em><span style=\"text-decoration: underline;\">Desserts<\/span><\/em><\/span><\/span><\/em><\/em><\/span><\/span><\/em><\/span><\/span><\/span><\/em><\/span><\/span><\/p>\n<p style=\"text-align: center;\"><span style=\"font-family: georgia,serif;\"><span style=\"color: #808080; font-size: x-large; text-decoration: underline;\"><em><span style=\"text-decoration: underline;\"><span style=\"font-size: x-large; text-decoration: underline;\"><span style=\"color: #ff0000; text-decoration: underline;\"><em><span style=\"color: #ffcc00; font-size: x-large; text-decoration: underline;\"><span style=\"text-decoration: underline;\"><em><span style=\"color: #99cc00;\"><em><span style=\"font-size: x-large; text-decoration: underline;\"><span style=\"color: #ffcc00; font-size: x-large; text-decoration: underline;\"><em><span style=\"text-decoration: underline;\"><a href=\"http:\/\/recettes-gourmandes-de-joce.fr\/index.php\/index\/pains-viennoiseries-map\/viennoiseries\/brioche-fourree-creme-damande-facon-nid-de-paques\/\"><img loading=\"lazy\" decoding=\"async\" class=\"alignnone wp-image-20096\" src=\"http:\/\/recettes-gourmandes-de-joce.fr\/wp-content\/uploads\/2020\/04\/P3230383-300x275.jpg\" alt=\"\" width=\"218\" height=\"200\" srcset=\"http:\/\/recettes-gourmandes-de-joce.fr\/wp-content\/uploads\/2020\/04\/P3230383-300x275.jpg 300w, http:\/\/recettes-gourmandes-de-joce.fr\/wp-content\/uploads\/2020\/04\/P3230383.jpg 550w\" sizes=\"auto, (max-width: 218px) 100vw, 218px\" \/><\/a> <img loading=\"lazy\" decoding=\"async\" class=\"alignnone wp-image-13974\" src=\"http:\/\/recettes-gourmandes-de-joce.fr\/wp-content\/uploads\/2019\/12\/P2080288-300x199.jpg\" alt=\"\" width=\"302\" height=\"200\" srcset=\"http:\/\/recettes-gourmandes-de-joce.fr\/wp-content\/uploads\/2019\/12\/P2080288-300x199.jpg 300w, http:\/\/recettes-gourmandes-de-joce.fr\/wp-content\/uploads\/2019\/12\/P2080288.jpg 640w\" sizes=\"auto, (max-width: 302px) 100vw, 302px\" \/><\/span><\/em><\/span><\/span><\/em><\/span><\/em><\/span><\/span><\/em><\/span><\/span><\/span><\/em><\/span><\/span><\/p>\n<p class=\"post-title entry-title\" style=\"text-align: center;\"><span style=\"color: #800080;\"><span style=\"font-size: 14pt; font-family: georgia, palatino, serif;\"><em>\u00a0-&gt;\u00a0 <a href=\"http:\/\/recettes-gourmandes-de-joce.fr\/index.php\/index\/pains-viennoiseries-map\/viennoiseries\/brioche-fourree-creme-damande-facon-nid-de-paques\/\">Brioche fourr\u00e9e cr\u00e8me d\u2019amande fa\u00e7on nid de P\u00e2ques.<\/a><\/em><\/span><\/span><\/p>\n<p class=\"post-title entry-title\" style=\"text-align: center;\"><span style=\"color: #800080;\"><em><span style=\"font-size: 14pt; font-family: georgia, palatino, serif;\">-&gt; <a href=\"http:\/\/recettes-gourmandes-de-joce.fr\/index.php\/index\/recettes-regionales-mondiales\/recettes-regionales-sucrees\/lamala-de-paques-agneau-et-lapin-de-paques\/\">Lamala de P\u00e2ques (agneau et lapin de P\u00e2ques)<\/a><\/span><\/em><\/span><\/p>\n<p style=\"text-align: center;\"><span style=\"font-family: georgia,serif;\"><span style=\"color: #808080; font-size: x-large; text-decoration: underline;\"><span style=\"font-size: x-large; text-decoration: underline;\"><span style=\"color: #ff0000; text-decoration: underline;\"><span style=\"color: #ffcc00; font-size: x-large; text-decoration: underline;\"><span style=\"color: #99cc00;\"><span style=\"font-size: x-large; text-decoration: underline;\"><span style=\"color: #ffcc00; font-size: x-large; text-decoration: underline;\"><span style=\"color: #99cc00;\"><span style=\"font-size: x-large; text-decoration: underline;\"><em><span style=\"text-decoration: underline;\">D\u00e9coration de table <span style=\"color: #888888;\">et<\/span> <\/span><\/em><span style=\"color: #ffcc00; font-size: x-large; text-decoration: underline;\"><em><span style=\"text-decoration: underline;\"><span style=\"font-size: x-large; text-decoration: underline;\"><span style=\"text-decoration: underline;\"><em><span style=\"font-size: x-large; text-decoration: underline;\"><span style=\"text-decoration: underline;\"><em><em><span style=\"font-size: x-large; text-decoration: underline;\"><span style=\"font-size: x-large; text-decoration: underline;\"><em><span style=\"text-decoration: underline;\"><span style=\"font-size: x-large; text-decoration: underline;\"><em><span style=\"text-decoration: underline;\"><span style=\"font-size: x-large; text-decoration: underline;\"><em><span style=\"text-decoration: underline;\">Pliage de serviette en cliquant sur ces photos \u2193<\/span><\/em><\/span><\/span><\/em><\/span><\/span><\/em><\/span><\/span><\/em><\/em><\/span><\/span><\/em><\/span><\/span><\/span><\/em><\/span><\/span><\/span><\/span><\/span><\/span><\/span><\/span><\/span><\/span><\/span><\/p>\n<p style=\"text-align: center;\"><a href=\"http:\/\/recettes-gourmandes-de-joce.fr\/index.php\/index-divers\/decorations-de-table\/decorations-de-table\/decoration-de-table-de-paques-n3\/\"><img loading=\"lazy\" decoding=\"async\" class=\"alignnone wp-image-18028\" src=\"http:\/\/recettes-gourmandes-de-joce.fr\/wp-content\/uploads\/2020\/03\/P4060385-300x225.jpg\" alt=\"\" width=\"267\" height=\"200\" srcset=\"http:\/\/recettes-gourmandes-de-joce.fr\/wp-content\/uploads\/2020\/03\/P4060385-300x225.jpg 300w, http:\/\/recettes-gourmandes-de-joce.fr\/wp-content\/uploads\/2020\/03\/P4060385-768x576.jpg 768w, http:\/\/recettes-gourmandes-de-joce.fr\/wp-content\/uploads\/2020\/03\/P4060385.jpg 800w\" sizes=\"auto, (max-width: 267px) 100vw, 267px\" \/><\/a> \u00a0<a href=\"http:\/\/recettes-gourmandes-de-joce.fr\/index.php\/index-divers\/decorations-de-table\/pliage-de-serviette-de-table\/pliage-de-serviette-de-table-en-forme-de-coquetier\/\"><img loading=\"lazy\" decoding=\"async\" class=\"alignnone wp-image-24896\" src=\"http:\/\/recettes-gourmandes-de-joce.fr\/wp-content\/uploads\/2020\/08\/P4220142-244x300.jpg\" alt=\"\" width=\"163\" height=\"200\" srcset=\"http:\/\/recettes-gourmandes-de-joce.fr\/wp-content\/uploads\/2020\/08\/P4220142-244x300.jpg 244w, http:\/\/recettes-gourmandes-de-joce.fr\/wp-content\/uploads\/2020\/08\/P4220142.jpg 396w\" sizes=\"auto, (max-width: 163px) 100vw, 163px\" \/><\/a><\/p>\n<p style=\"text-align: center;\"><img loading=\"lazy\" decoding=\"async\" class=\"alignnone wp-image-24317 size-full\" src=\"http:\/\/recettes-gourmandes-de-joce.fr\/wp-content\/uploads\/2020\/07\/logitech-gaming-software-14112014-121223.jpg\" alt=\"\" width=\"640\" height=\"144\" srcset=\"http:\/\/recettes-gourmandes-de-joce.fr\/wp-content\/uploads\/2020\/07\/logitech-gaming-software-14112014-121223.jpg 640w, http:\/\/recettes-gourmandes-de-joce.fr\/wp-content\/uploads\/2020\/07\/logitech-gaming-software-14112014-121223-300x68.jpg 300w\" sizes=\"auto, (max-width: 640px) 100vw, 640px\" \/><\/p>\n","protected":false},"excerpt":{"rendered":"<p>Menu de P\u00e2ques N\u00b01. Cliquez sur le photos ou les titres des recettes pour vous rendre sur les recettes. Je propose plusieurs plats \u00e0 chaque fois selon vos go\u00fbts Ap\u00e9ritif -&gt;Ros\u00e9 pamplemousse Amuses bouches -&gt; Petits canards feuillet\u00e9s au foie gras, fondue d\u2019oignons et asperges -&gt;Verrines ap\u00e9ritives \u0153uf de cailles\/rillettes de thon -&gt; Cuill\u00e8res ap\u00e9ritives &hellip; <\/p>\n<p><a class=\"more-link btn\" href=\"http:\/\/recettes-gourmandes-de-joce.fr\/index.php\/index\/menus-buffet-courses\/menu-a-theme\/menu-de-paques-n1\/\">Lire la suite<\/a><\/p>\n","protected":false},"author":2,"featured_media":88185,"parent":253,"menu_order":0,"comment_status":"open","ping_status":"closed","template":"","meta":{"footnotes":""},"class_list":["post-29415","page","type-page","status-publish","has-post-thumbnail","hentry","nodate","item-wrap"],"_links":{"self":[{"href":"http:\/\/recettes-gourmandes-de-joce.fr\/index.php\/wp-json\/wp\/v2\/pages\/29415","targetHints":{"allow":["GET"]}}],"collection":[{"href":"http:\/\/recettes-gourmandes-de-joce.fr\/index.php\/wp-json\/wp\/v2\/pages"}],"about":[{"href":"http:\/\/recettes-gourmandes-de-joce.fr\/index.php\/wp-json\/wp\/v2\/types\/page"}],"author":[{"embeddable":true,"href":"http:\/\/recettes-gourmandes-de-joce.fr\/index.php\/wp-json\/wp\/v2\/users\/2"}],"replies":[{"embeddable":true,"href":"http:\/\/recettes-gourmandes-de-joce.fr\/index.php\/wp-json\/wp\/v2\/comments?post=29415"}],"version-history":[{"count":7,"href":"http:\/\/recettes-gourmandes-de-joce.fr\/index.php\/wp-json\/wp\/v2\/pages\/29415\/revisions"}],"predecessor-version":[{"id":88186,"href":"http:\/\/recettes-gourmandes-de-joce.fr\/index.php\/wp-json\/wp\/v2\/pages\/29415\/revisions\/88186"}],"up":[{"embeddable":true,"href":"http:\/\/recettes-gourmandes-de-joce.fr\/index.php\/wp-json\/wp\/v2\/pages\/253"}],"wp:featuredmedia":[{"embeddable":true,"href":"http:\/\/recettes-gourmandes-de-joce.fr\/index.php\/wp-json\/wp\/v2\/media\/88185"}],"wp:attachment":[{"href":"http:\/\/recettes-gourmandes-de-joce.fr\/index.php\/wp-json\/wp\/v2\/media?parent=29415"}],"curies":[{"name":"wp","href":"https:\/\/api.w.org\/{rel}","templated":true}]}}