{"id":29227,"date":"2021-03-13T15:38:33","date_gmt":"2021-03-13T15:38:33","guid":{"rendered":"http:\/\/recettes-gourmandes-de-joce.fr\/?page_id=29227"},"modified":"2024-06-21T12:41:34","modified_gmt":"2024-06-21T12:41:34","slug":"parmentier-depaule-dagneau-aux-champignons","status":"publish","type":"page","link":"http:\/\/recettes-gourmandes-de-joce.fr\/index.php\/index\/viandes\/agneau-mouton\/parmentier-depaule-dagneau-aux-champignons\/","title":{"rendered":"Parmentier d&rsquo;\u00e9paule d&rsquo;agneau aux champignons."},"content":{"rendered":"<p style=\"text-align: center;\"><span style=\"text-decoration: underline; font-family: georgia, palatino, serif; color: #808000;\"><span style=\"font-size: x-large;\"><em>Une de mes recettes<\/em><\/span><\/span><\/p>\n<p style=\"text-align: center;\"><span style=\"font-family: georgia, palatino, serif; color: #808000;\"><em><img loading=\"lazy\" decoding=\"async\" class=\"alignnone wp-image-29230\" src=\"http:\/\/recettes-gourmandes-de-joce.fr\/wp-content\/uploads\/2021\/03\/PB150041-300x225.jpg\" alt=\"\" width=\"240\" height=\"180\" srcset=\"http:\/\/recettes-gourmandes-de-joce.fr\/wp-content\/uploads\/2021\/03\/PB150041-300x225.jpg 300w, http:\/\/recettes-gourmandes-de-joce.fr\/wp-content\/uploads\/2021\/03\/PB150041.jpg 550w\" sizes=\"auto, (max-width: 240px) 100vw, 240px\" \/> <img loading=\"lazy\" decoding=\"async\" class=\"alignnone wp-image-29229\" src=\"http:\/\/recettes-gourmandes-de-joce.fr\/wp-content\/uploads\/2021\/03\/PB150038-300x196.jpg\" alt=\"\" width=\"276\" height=\"180\" srcset=\"http:\/\/recettes-gourmandes-de-joce.fr\/wp-content\/uploads\/2021\/03\/PB150038-300x196.jpg 300w, http:\/\/recettes-gourmandes-de-joce.fr\/wp-content\/uploads\/2021\/03\/PB150038.jpg 550w\" sizes=\"auto, (max-width: 276px) 100vw, 276px\" \/>\u00a0<\/em><img loading=\"lazy\" decoding=\"async\" class=\"alignnone wp-image-29231\" style=\"font-size: 16px;\" src=\"http:\/\/recettes-gourmandes-de-joce.fr\/wp-content\/uploads\/2021\/03\/PB150041-001-300x204.jpg\" alt=\"\" width=\"264\" height=\"180\" srcset=\"http:\/\/recettes-gourmandes-de-joce.fr\/wp-content\/uploads\/2021\/03\/PB150041-001-300x204.jpg 300w, http:\/\/recettes-gourmandes-de-joce.fr\/wp-content\/uploads\/2021\/03\/PB150041-001.jpg 449w\" sizes=\"auto, (max-width: 264px) 100vw, 264px\" \/><\/span><\/p>\n<p style=\"text-align: center;\"><span style=\"color: #808000; text-decoration: underline; font-family: georgia, palatino, serif;\"><span style=\"font-size: x-large;\"><em>Ingr\u00e9dients pour 3 personnes<\/em><\/span><\/span><\/p>\n<h2 style=\"text-align: center;\"><span style=\"color: #808000; font-family: georgia, palatino, serif;\"><em><img loading=\"lazy\" decoding=\"async\" class=\"alignnone wp-image-29232\" src=\"http:\/\/recettes-gourmandes-de-joce.fr\/wp-content\/uploads\/2021\/03\/PB150007-300x183.jpg\" alt=\"\" width=\"294\" height=\"180\" srcset=\"http:\/\/recettes-gourmandes-de-joce.fr\/wp-content\/uploads\/2021\/03\/PB150007-300x183.jpg 300w, http:\/\/recettes-gourmandes-de-joce.fr\/wp-content\/uploads\/2021\/03\/PB150007.jpg 538w\" sizes=\"auto, (max-width: 294px) 100vw, 294px\" \/>\u00a0<\/em><\/span><\/h2>\n<p style=\"text-align: center;\"><span style=\"color: #808000; font-size: large; font-family: georgia, palatino, serif;\"><em>5\u00a0pommes de terre<\/em><\/span><\/p>\n<p style=\"text-align: center;\"><span style=\"color: #808000; font-size: large; font-family: georgia, palatino, serif;\"><em>5 gros champignons de Paris<\/em><\/span><\/p>\n<p style=\"text-align: center;\"><span style=\"color: #808000; font-size: large; font-family: georgia, palatino, serif;\"><em>1 morceaux de beurre<\/em><\/span><\/p>\n<p style=\"text-align: center;\"><span style=\"color: #808000; font-size: large; font-family: georgia, palatino, serif;\"><em>6 tranches d&rsquo;\u00e9paule d&rsquo;agneau cuites<\/em><\/span><\/p>\n<p style=\"text-align: center;\"><span style=\"color: #808000; font-size: large; font-family: georgia, palatino, serif;\"><em>Sel et poivre<\/em><\/span><\/p>\n<p style=\"text-align: center;\"><span style=\"font-family: georgia, palatino, serif; color: #808000;\"><img loading=\"lazy\" decoding=\"async\" class=\"alignnone wp-image-29233\" src=\"http:\/\/recettes-gourmandes-de-joce.fr\/wp-content\/uploads\/2021\/03\/PB150010-300x225.jpg\" alt=\"\" width=\"214\" height=\"160\" srcset=\"http:\/\/recettes-gourmandes-de-joce.fr\/wp-content\/uploads\/2021\/03\/PB150010-300x225.jpg 300w, http:\/\/recettes-gourmandes-de-joce.fr\/wp-content\/uploads\/2021\/03\/PB150010.jpg 550w\" sizes=\"auto, (max-width: 214px) 100vw, 214px\" \/> <img loading=\"lazy\" decoding=\"async\" class=\"alignnone wp-image-29236\" src=\"http:\/\/recettes-gourmandes-de-joce.fr\/wp-content\/uploads\/2021\/03\/PB150016-300x211.jpg\" alt=\"\" width=\"228\" height=\"160\" srcset=\"http:\/\/recettes-gourmandes-de-joce.fr\/wp-content\/uploads\/2021\/03\/PB150016-300x211.jpg 300w, http:\/\/recettes-gourmandes-de-joce.fr\/wp-content\/uploads\/2021\/03\/PB150016.jpg 546w\" sizes=\"auto, (max-width: 228px) 100vw, 228px\" \/> <img loading=\"lazy\" decoding=\"async\" class=\"alignnone wp-image-29234\" src=\"http:\/\/recettes-gourmandes-de-joce.fr\/wp-content\/uploads\/2021\/03\/PB150013-300x183.jpg\" alt=\"\" width=\"262\" height=\"160\" srcset=\"http:\/\/recettes-gourmandes-de-joce.fr\/wp-content\/uploads\/2021\/03\/PB150013-300x183.jpg 300w, http:\/\/recettes-gourmandes-de-joce.fr\/wp-content\/uploads\/2021\/03\/PB150013.jpg 536w\" sizes=\"auto, (max-width: 262px) 100vw, 262px\" \/><\/span><\/p>\n<p style=\"text-align: center;\"><span style=\"font-size: large; font-family: georgia, palatino, serif; color: #808000;\"><em>Mettre les pommes de terre \u00e0 cuire dans une casserole d&rsquo;eau. <\/em><em>Couper l&rsquo;agneau en fines lani\u00e8res, nettoyer les champignons et \u00e9mincez les.<\/em><\/span><\/p>\n<p style=\"text-align: center;\"><span style=\"font-family: georgia, palatino, serif; color: #808000;\"><img loading=\"lazy\" decoding=\"async\" class=\"alignnone wp-image-29238\" src=\"http:\/\/recettes-gourmandes-de-joce.fr\/wp-content\/uploads\/2021\/03\/PB150021-300x202.jpg\" alt=\"\" width=\"238\" height=\"160\" srcset=\"http:\/\/recettes-gourmandes-de-joce.fr\/wp-content\/uploads\/2021\/03\/PB150021-300x202.jpg 300w, http:\/\/recettes-gourmandes-de-joce.fr\/wp-content\/uploads\/2021\/03\/PB150021.jpg 541w\" sizes=\"auto, (max-width: 238px) 100vw, 238px\" \/> <img loading=\"lazy\" decoding=\"async\" class=\"alignnone wp-image-29239\" src=\"http:\/\/recettes-gourmandes-de-joce.fr\/wp-content\/uploads\/2021\/03\/PB150022-300x225.jpg\" alt=\"\" width=\"214\" height=\"160\" srcset=\"http:\/\/recettes-gourmandes-de-joce.fr\/wp-content\/uploads\/2021\/03\/PB150022-300x225.jpg 300w, http:\/\/recettes-gourmandes-de-joce.fr\/wp-content\/uploads\/2021\/03\/PB150022.jpg 550w\" sizes=\"auto, (max-width: 214px) 100vw, 214px\" \/> <img loading=\"lazy\" decoding=\"async\" class=\"alignnone wp-image-29240\" src=\"http:\/\/recettes-gourmandes-de-joce.fr\/wp-content\/uploads\/2021\/03\/PB150023.jpg\" alt=\"\" width=\"214\" height=\"160\" \/><\/span><\/p>\n<p style=\"text-align: center;\"><span style=\"font-family: georgia, palatino, serif; font-size: 14pt; color: #808000;\"><em>Dans une po\u00eale mettre \u00e0 fondre la moiti\u00e9 du beurre, y mettre les champignons poivrer <\/em><em>et saler \u00e0 cuire mais juste quelques minutes afin qu&rsquo;ils restent <span style=\"color: #808000; font-size: large;\">l\u00e9g\u00e8rement<\/span> ferme <\/em><em>r\u00e9server.<\/em><\/span><\/p>\n<p style=\"text-align: center;\"><span style=\"font-family: georgia, palatino, serif; color: #808000;\"><img loading=\"lazy\" decoding=\"async\" class=\"alignnone wp-image-29241\" src=\"http:\/\/recettes-gourmandes-de-joce.fr\/wp-content\/uploads\/2021\/03\/PB150025-300x225.jpg\" alt=\"\" width=\"214\" height=\"160\" srcset=\"http:\/\/recettes-gourmandes-de-joce.fr\/wp-content\/uploads\/2021\/03\/PB150025-300x225.jpg 300w, http:\/\/recettes-gourmandes-de-joce.fr\/wp-content\/uploads\/2021\/03\/PB150025.jpg 550w\" sizes=\"auto, (max-width: 214px) 100vw, 214px\" \/> <img loading=\"lazy\" decoding=\"async\" class=\"alignnone wp-image-29246\" src=\"http:\/\/recettes-gourmandes-de-joce.fr\/wp-content\/uploads\/2021\/03\/PB150024.jpg\" alt=\"\" width=\"214\" height=\"160\" \/> <img loading=\"lazy\" decoding=\"async\" class=\"alignnone wp-image-29237\" src=\"http:\/\/recettes-gourmandes-de-joce.fr\/wp-content\/uploads\/2021\/03\/PB150018-300x225.jpg\" alt=\"\" width=\"214\" height=\"160\" srcset=\"http:\/\/recettes-gourmandes-de-joce.fr\/wp-content\/uploads\/2021\/03\/PB150018-300x225.jpg 300w, http:\/\/recettes-gourmandes-de-joce.fr\/wp-content\/uploads\/2021\/03\/PB150018.jpg 550w\" sizes=\"auto, (max-width: 214px) 100vw, 214px\" \/><\/span><\/p>\n<p style=\"text-align: center;\"><span style=\"font-size: large; font-family: georgia, palatino, serif; color: #808000;\"><em>\u00a0Ajouter \u00e0 la place l&rsquo;agneau et le reste du beurre, faire chauffer quelques instants <\/em><em>en remuant il suffit simplement de r\u00e9chauffer pas de cuire! Peler les pommes de terre.<\/em><\/span><\/p>\n<p style=\"text-align: center;\"><span style=\"font-family: georgia, palatino, serif; color: #808000;\"><img loading=\"lazy\" decoding=\"async\" class=\"alignnone wp-image-29242\" src=\"http:\/\/recettes-gourmandes-de-joce.fr\/wp-content\/uploads\/2021\/03\/PB150027-300x225.jpg\" alt=\"\" width=\"214\" height=\"160\" srcset=\"http:\/\/recettes-gourmandes-de-joce.fr\/wp-content\/uploads\/2021\/03\/PB150027-300x225.jpg 300w, http:\/\/recettes-gourmandes-de-joce.fr\/wp-content\/uploads\/2021\/03\/PB150027.jpg 550w\" sizes=\"auto, (max-width: 214px) 100vw, 214px\" \/> <img loading=\"lazy\" decoding=\"async\" class=\"alignnone wp-image-29243\" src=\"http:\/\/recettes-gourmandes-de-joce.fr\/wp-content\/uploads\/2021\/03\/PB150028-300x225.jpg\" alt=\"\" width=\"214\" height=\"160\" srcset=\"http:\/\/recettes-gourmandes-de-joce.fr\/wp-content\/uploads\/2021\/03\/PB150028-300x225.jpg 300w, http:\/\/recettes-gourmandes-de-joce.fr\/wp-content\/uploads\/2021\/03\/PB150028.jpg 550w\" sizes=\"auto, (max-width: 214px) 100vw, 214px\" \/> <img loading=\"lazy\" decoding=\"async\" class=\"alignnone wp-image-29244\" src=\"http:\/\/recettes-gourmandes-de-joce.fr\/wp-content\/uploads\/2021\/03\/PB150029-300x225.jpg\" alt=\"\" width=\"214\" height=\"160\" srcset=\"http:\/\/recettes-gourmandes-de-joce.fr\/wp-content\/uploads\/2021\/03\/PB150029-300x225.jpg 300w, http:\/\/recettes-gourmandes-de-joce.fr\/wp-content\/uploads\/2021\/03\/PB150029.jpg 550w\" sizes=\"auto, (max-width: 214px) 100vw, 214px\" \/><\/span><\/p>\n<p style=\"text-align: center;\"><span style=\"font-size: large; font-family: georgia, palatino, serif; color: #808000;\"><em>Mettre un emporte-pi\u00e8ce au centre de votre assiette, d\u00e9poser une couche de pomme de terre, <\/em><em>saler et poivrer, ajouter des lani\u00e8res d&rsquo;agneau, remettre une couche de pommes de terre<\/em>\u00a0<em>saler et poivrer \u00e0 nouveau.<\/em><\/span><\/p>\n<p style=\"text-align: center;\"><span style=\"font-family: georgia, palatino, serif; color: #808000;\"><img loading=\"lazy\" decoding=\"async\" class=\"alignnone wp-image-29245\" src=\"http:\/\/recettes-gourmandes-de-joce.fr\/wp-content\/uploads\/2021\/03\/PB150031.jpg\" alt=\"\" width=\"214\" height=\"160\" \/> <img loading=\"lazy\" decoding=\"async\" class=\"alignnone wp-image-29235\" src=\"http:\/\/recettes-gourmandes-de-joce.fr\/wp-content\/uploads\/2021\/03\/PB150015-242x300.jpg\" alt=\"\" width=\"129\" height=\"160\" srcset=\"http:\/\/recettes-gourmandes-de-joce.fr\/wp-content\/uploads\/2021\/03\/PB150015-242x300.jpg 242w, http:\/\/recettes-gourmandes-de-joce.fr\/wp-content\/uploads\/2021\/03\/PB150015.jpg 444w\" sizes=\"auto, (max-width: 129px) 100vw, 129px\" \/> <img loading=\"lazy\" decoding=\"async\" class=\"alignnone wp-image-29228\" src=\"http:\/\/recettes-gourmandes-de-joce.fr\/wp-content\/uploads\/2021\/03\/PB150033.jpg\" alt=\"\" width=\"214\" height=\"160\" \/><\/span><\/p>\n<p style=\"text-align: center;\"><span style=\"font-size: large; font-family: georgia, palatino, serif; color: #808000;\"><em>Terminer en disposant harmonieusement les champignons et un rond de pomme de terre au centre. <\/em><em>\u00d4ter d\u00e9licatement l&#8217;emporte-pi\u00e8ce. <\/em><em>Faite r\u00e9chauffer le jus de cuisson de l&rsquo;agneau et versez en sur les champignons et un peu autour <\/em><em>du parmentier, servez aussit\u00f4t, sinon vous pouvez r\u00e9chauffer quelques instants au micro-ondes.<\/em><\/span><\/p>\n<p style=\"text-align: center;\"><span style=\"color: #808000; font-size: large; font-family: georgia, palatino, serif;\"><em>Bon app\u00e9tit!<\/em><\/span><\/p>\n<p style=\"text-align: center;\"><img loading=\"lazy\" decoding=\"async\" class=\"alignnone wp-image-29231\" src=\"http:\/\/recettes-gourmandes-de-joce.fr\/wp-content\/uploads\/2021\/03\/PB150041-001-300x204.jpg\" alt=\"\" width=\"264\" height=\"180\" srcset=\"http:\/\/recettes-gourmandes-de-joce.fr\/wp-content\/uploads\/2021\/03\/PB150041-001-300x204.jpg 300w, http:\/\/recettes-gourmandes-de-joce.fr\/wp-content\/uploads\/2021\/03\/PB150041-001.jpg 449w\" sizes=\"auto, (max-width: 264px) 100vw, 264px\" \/><\/p>\n<p style=\"text-align: center;\"><span style=\"font-family: georgia, palatino, serif; color: #808000;\"><img loading=\"lazy\" decoding=\"async\" class=\"alignnone wp-image-29229\" src=\"http:\/\/recettes-gourmandes-de-joce.fr\/wp-content\/uploads\/2021\/03\/PB150038-300x196.jpg\" alt=\"\" width=\"276\" height=\"180\" srcset=\"http:\/\/recettes-gourmandes-de-joce.fr\/wp-content\/uploads\/2021\/03\/PB150038-300x196.jpg 300w, http:\/\/recettes-gourmandes-de-joce.fr\/wp-content\/uploads\/2021\/03\/PB150038.jpg 550w\" sizes=\"auto, (max-width: 276px) 100vw, 276px\" \/> <img loading=\"lazy\" decoding=\"async\" class=\"alignnone wp-image-29230\" src=\"http:\/\/recettes-gourmandes-de-joce.fr\/wp-content\/uploads\/2021\/03\/PB150041-300x225.jpg\" alt=\"\" width=\"240\" height=\"180\" srcset=\"http:\/\/recettes-gourmandes-de-joce.fr\/wp-content\/uploads\/2021\/03\/PB150041-300x225.jpg 300w, http:\/\/recettes-gourmandes-de-joce.fr\/wp-content\/uploads\/2021\/03\/PB150041.jpg 550w\" sizes=\"auto, (max-width: 240px) 100vw, 240px\" \/><\/span><\/p>\n<h2 style=\"text-align: center;\"><span style=\"color: #808000; font-family: georgia, palatino, serif;\"><em><img loading=\"lazy\" decoding=\"async\" class=\"alignnone wp-image-24317 size-full\" src=\"http:\/\/recettes-gourmandes-de-joce.fr\/wp-content\/uploads\/2020\/07\/logitech-gaming-software-14112014-121223.jpg\" alt=\"\" width=\"640\" height=\"144\" srcset=\"http:\/\/recettes-gourmandes-de-joce.fr\/wp-content\/uploads\/2020\/07\/logitech-gaming-software-14112014-121223.jpg 640w, http:\/\/recettes-gourmandes-de-joce.fr\/wp-content\/uploads\/2020\/07\/logitech-gaming-software-14112014-121223-300x68.jpg 300w\" sizes=\"auto, (max-width: 640px) 100vw, 640px\" \/>\u00a0<\/em><\/span><\/h2>\n<ul class=\"inline item-infos\" style=\"text-align: center;\">\n<li style=\"text-align: left;\"><span style=\"font-family: georgia, palatino, serif; color: #000000;\">\u00a0<span class=\"comment-author\">Nik<\/span>\u00a0<span class=\"comment-date\">| 24\/12\/2010<\/span><\/span><\/li>\n<\/ul>\n<div class=\"comment-content\" style=\"text-align: left;\"><span style=\"font-family: georgia, palatino, serif; color: #000000;\">Hummm, \u00e7a ma pla\u00eet bien \u00e7a !!<\/span><br \/>\n<span style=\"font-family: georgia, palatino, serif; color: #000000;\">Merci pour cette recette<\/span><br \/>\n<span style=\"font-family: georgia, palatino, serif; color: #000000;\">Nik<\/span><\/div>\n","protected":false},"excerpt":{"rendered":"<p>Une de mes recettes \u00a0 Ingr\u00e9dients pour 3 personnes \u00a0 5\u00a0pommes de terre 5 gros champignons de Paris 1 morceaux de beurre 6 tranches d&rsquo;\u00e9paule d&rsquo;agneau cuites Sel et poivre Mettre les pommes de terre \u00e0 cuire dans une casserole d&rsquo;eau. Couper l&rsquo;agneau en fines lani\u00e8res, nettoyer les champignons et \u00e9mincez les. Dans une po\u00eale &hellip; <\/p>\n<p><a class=\"more-link btn\" href=\"http:\/\/recettes-gourmandes-de-joce.fr\/index.php\/index\/viandes\/agneau-mouton\/parmentier-depaule-dagneau-aux-champignons\/\">Lire la suite<\/a><\/p>\n","protected":false},"author":2,"featured_media":84521,"parent":130,"menu_order":0,"comment_status":"open","ping_status":"closed","template":"","meta":{"footnotes":""},"class_list":["post-29227","page","type-page","status-publish","has-post-thumbnail","hentry","nodate","item-wrap"],"_links":{"self":[{"href":"http:\/\/recettes-gourmandes-de-joce.fr\/index.php\/wp-json\/wp\/v2\/pages\/29227","targetHints":{"allow":["GET"]}}],"collection":[{"href":"http:\/\/recettes-gourmandes-de-joce.fr\/index.php\/wp-json\/wp\/v2\/pages"}],"about":[{"href":"http:\/\/recettes-gourmandes-de-joce.fr\/index.php\/wp-json\/wp\/v2\/types\/page"}],"author":[{"embeddable":true,"href":"http:\/\/recettes-gourmandes-de-joce.fr\/index.php\/wp-json\/wp\/v2\/users\/2"}],"replies":[{"embeddable":true,"href":"http:\/\/recettes-gourmandes-de-joce.fr\/index.php\/wp-json\/wp\/v2\/comments?post=29227"}],"version-history":[{"count":3,"href":"http:\/\/recettes-gourmandes-de-joce.fr\/index.php\/wp-json\/wp\/v2\/pages\/29227\/revisions"}],"predecessor-version":[{"id":84522,"href":"http:\/\/recettes-gourmandes-de-joce.fr\/index.php\/wp-json\/wp\/v2\/pages\/29227\/revisions\/84522"}],"up":[{"embeddable":true,"href":"http:\/\/recettes-gourmandes-de-joce.fr\/index.php\/wp-json\/wp\/v2\/pages\/130"}],"wp:featuredmedia":[{"embeddable":true,"href":"http:\/\/recettes-gourmandes-de-joce.fr\/index.php\/wp-json\/wp\/v2\/media\/84521"}],"wp:attachment":[{"href":"http:\/\/recettes-gourmandes-de-joce.fr\/index.php\/wp-json\/wp\/v2\/media?parent=29227"}],"curies":[{"name":"wp","href":"https:\/\/api.w.org\/{rel}","templated":true}]}}