{"id":2920,"date":"2019-10-04T22:16:41","date_gmt":"2019-10-04T22:16:41","guid":{"rendered":"http:\/\/recettes-gourmandes-de-joce.fr\/?page_id=2920"},"modified":"2025-03-25T10:06:05","modified_gmt":"2025-03-25T10:06:05","slug":"gateau-marbre-aux-pommes-et-pate-de-speculos","status":"publish","type":"page","link":"http:\/\/recettes-gourmandes-de-joce.fr\/index.php\/index\/desserts\/tartes-gateaux\/gateau-marbre-aux-pommes-et-pate-de-speculos\/","title":{"rendered":"G\u00e2teau marbr\u00e9 aux pommes et p\u00e2te de sp\u00e9culos."},"content":{"rendered":"<p style=\"text-align: center;\"><span style=\"color: #ff9900; text-decoration: underline; font-family: georgia, palatino, serif;\"><em><span style=\"font-size: x-large;\">Une de mes recettes<\/span><\/em><\/span><\/p>\n<p style=\"text-align: center;\"><img loading=\"lazy\" decoding=\"async\" class=\"alignnone wp-image-87570\" src=\"http:\/\/recettes-gourmandes-de-joce.fr\/wp-content\/uploads\/2024\/07\/marbre9-yaourt1.jpg\" alt=\"\" width=\"240\" height=\"180\" srcset=\"http:\/\/recettes-gourmandes-de-joce.fr\/wp-content\/uploads\/2024\/07\/marbre9-yaourt1.jpg 1024w, http:\/\/recettes-gourmandes-de-joce.fr\/wp-content\/uploads\/2024\/07\/marbre9-yaourt1-768x576.jpg 768w, http:\/\/recettes-gourmandes-de-joce.fr\/wp-content\/uploads\/2024\/07\/marbre9-yaourt1-750x563.jpg 750w\" sizes=\"auto, (max-width: 240px) 100vw, 240px\" \/> <img loading=\"lazy\" decoding=\"async\" class=\"alignnone wp-image-87583\" src=\"http:\/\/recettes-gourmandes-de-joce.fr\/wp-content\/uploads\/2024\/07\/marbre9-yaourt24.jpg\" alt=\"\" width=\"254\" height=\"180\" srcset=\"http:\/\/recettes-gourmandes-de-joce.fr\/wp-content\/uploads\/2024\/07\/marbre9-yaourt24.jpg 1024w, http:\/\/recettes-gourmandes-de-joce.fr\/wp-content\/uploads\/2024\/07\/marbre9-yaourt24-768x544.jpg 768w, http:\/\/recettes-gourmandes-de-joce.fr\/wp-content\/uploads\/2024\/07\/marbre9-yaourt24-750x531.jpg 750w\" sizes=\"auto, (max-width: 254px) 100vw, 254px\" \/> <img loading=\"lazy\" decoding=\"async\" class=\"alignnone wp-image-87582\" src=\"http:\/\/recettes-gourmandes-de-joce.fr\/wp-content\/uploads\/2024\/07\/marbre9-yaourt23.jpg\" alt=\"\" width=\"241\" height=\"180\" srcset=\"http:\/\/recettes-gourmandes-de-joce.fr\/wp-content\/uploads\/2024\/07\/marbre9-yaourt23.jpg 1024w, http:\/\/recettes-gourmandes-de-joce.fr\/wp-content\/uploads\/2024\/07\/marbre9-yaourt23-768x575.jpg 768w, http:\/\/recettes-gourmandes-de-joce.fr\/wp-content\/uploads\/2024\/07\/marbre9-yaourt23-750x561.jpg 750w\" sizes=\"auto, (max-width: 241px) 100vw, 241px\" \/><\/p>\n<p style=\"text-align: center;\"><span style=\"color: #ff9900; font-size: x-large; text-decoration: underline; font-family: georgia, palatino, serif;\"><em>Ingr\u00e9dients<\/em><\/span><\/p>\n<p style=\"text-align: center;\"><img loading=\"lazy\" decoding=\"async\" class=\"alignnone wp-image-87571\" src=\"http:\/\/recettes-gourmandes-de-joce.fr\/wp-content\/uploads\/2024\/07\/marbre9-yaourt4.jpg\" alt=\"\" width=\"252\" height=\"200\" srcset=\"http:\/\/recettes-gourmandes-de-joce.fr\/wp-content\/uploads\/2024\/07\/marbre9-yaourt4.jpg 1024w, http:\/\/recettes-gourmandes-de-joce.fr\/wp-content\/uploads\/2024\/07\/marbre9-yaourt4-768x609.jpg 768w, http:\/\/recettes-gourmandes-de-joce.fr\/wp-content\/uploads\/2024\/07\/marbre9-yaourt4-750x595.jpg 750w\" sizes=\"auto, (max-width: 252px) 100vw, 252px\" \/><\/p>\n<p style=\"text-align: center;\"><span style=\"color: #ff9900; font-size: large; font-family: georgia, palatino, serif;\"><em>1 yaourt nature ou au go\u00fbt de votre choix<\/em><\/span><\/p>\n<p style=\"text-align: center;\"><span style=\"color: #ff9900; font-size: large; font-family: georgia, palatino, serif;\"><em>3 \u0153ufs<\/em><\/span><\/p>\n<p style=\"text-align: center;\"><span style=\"color: #ff9900; font-size: large; font-family: georgia, palatino, serif;\"><em>2 pots de yaourt de sucre<\/em><\/span><\/p>\n<p style=\"text-align: center;\"><span style=\"color: #ff9900; font-size: large; font-family: georgia, palatino, serif;\"><em>3 pots de yaourt de farine<\/em><\/span><\/p>\n<p style=\"text-align: center;\"><span style=\"color: #ff9900; font-size: large; font-family: georgia, palatino, serif;\"><em>1 sachet de levure chimique<\/em><\/span><\/p>\n<p style=\"text-align: center;\"><span style=\"color: #ff9900; font-size: large; font-family: georgia, palatino, serif;\"><em>1 sachet de sucre vanill\u00e9<\/em><\/span><\/p>\n<p style=\"text-align: center;\"><span style=\"color: #ff9900; font-size: large; font-family: georgia, palatino, serif;\"><em>\u00bd pot de yaourt de lait<\/em><\/span><\/p>\n<p style=\"text-align: center;\"><span style=\"color: #ff9900; font-size: large; font-family: georgia, palatino, serif;\"><em>\u00bd pot de yaourt d&rsquo;huile de tournesol\u00a0<\/em><\/span><\/p>\n<p style=\"text-align: center;\"><span style=\"color: #ff9900; font-size: large; font-family: georgia, palatino, serif;\"><em>1 pot de p\u00e2te de sp\u00e9culos<\/em><\/span><\/p>\n<p style=\"text-align: center;\"><span style=\"color: #ff9900; font-size: large; font-family: georgia, palatino, serif;\"><em>2 c \u00e0 s de lait<\/em><\/span><\/p>\n<p style=\"text-align: center;\"><span style=\"color: #ff9900; font-size: large; font-family: georgia, palatino, serif;\"><em>1 belle pomme<\/em><\/span><\/p>\n<p style=\"text-align: center;\"><img loading=\"lazy\" decoding=\"async\" class=\"alignnone wp-image-64557\" src=\"http:\/\/recettes-gourmandes-de-joce.fr\/wp-content\/uploads\/2024\/04\/gateau-yaourt5.jpg\" alt=\"\" width=\"232\" height=\"170\" srcset=\"http:\/\/recettes-gourmandes-de-joce.fr\/wp-content\/uploads\/2024\/04\/gateau-yaourt5.jpg 1024w, http:\/\/recettes-gourmandes-de-joce.fr\/wp-content\/uploads\/2024\/04\/gateau-yaourt5-768x563.jpg 768w, http:\/\/recettes-gourmandes-de-joce.fr\/wp-content\/uploads\/2024\/04\/gateau-yaourt5-750x550.jpg 750w\" sizes=\"auto, (max-width: 232px) 100vw, 232px\" \/> <img loading=\"lazy\" decoding=\"async\" class=\"alignnone wp-image-64558\" src=\"http:\/\/recettes-gourmandes-de-joce.fr\/wp-content\/uploads\/2024\/04\/gateau-yaourt6.jpg\" alt=\"\" width=\"164\" height=\"170\" srcset=\"http:\/\/recettes-gourmandes-de-joce.fr\/wp-content\/uploads\/2024\/04\/gateau-yaourt6.jpg 986w, http:\/\/recettes-gourmandes-de-joce.fr\/wp-content\/uploads\/2024\/04\/gateau-yaourt6-768x798.jpg 768w, http:\/\/recettes-gourmandes-de-joce.fr\/wp-content\/uploads\/2024\/04\/gateau-yaourt6-750x779.jpg 750w\" sizes=\"auto, (max-width: 164px) 100vw, 164px\" \/> <img loading=\"lazy\" decoding=\"async\" class=\"alignnone wp-image-64559\" src=\"http:\/\/recettes-gourmandes-de-joce.fr\/wp-content\/uploads\/2024\/04\/gateau-yaourt7.jpg\" alt=\"\" width=\"196\" height=\"170\" srcset=\"http:\/\/recettes-gourmandes-de-joce.fr\/wp-content\/uploads\/2024\/04\/gateau-yaourt7.jpg 1024w, http:\/\/recettes-gourmandes-de-joce.fr\/wp-content\/uploads\/2024\/04\/gateau-yaourt7-768x665.jpg 768w, http:\/\/recettes-gourmandes-de-joce.fr\/wp-content\/uploads\/2024\/04\/gateau-yaourt7-750x649.jpg 750w\" sizes=\"auto, (max-width: 196px) 100vw, 196px\" \/><\/p>\n<p style=\"text-align: center;\"><span style=\"color: #ff9900; font-size: large; font-family: georgia, palatino, serif;\"><em>Verser le yaourt dans le saladier, ajouter les 3 \u0153ufs et bien m\u00e9langer. Remplir le pot de yaourt vide de sucre en poudre et le verser dans le m\u00e9lange aux \u0153ufs, ajouter un 2 -\u00e8me pot de yaourt de sucre, le sucre vanill\u00e9 et la levure, bien m\u00e9langer.\u00a0<\/em><\/span><\/p>\n<p style=\"text-align: center;\"><img loading=\"lazy\" decoding=\"async\" class=\"alignnone wp-image-64560\" src=\"http:\/\/recettes-gourmandes-de-joce.fr\/wp-content\/uploads\/2024\/04\/gateau-yaourt8.jpg\" alt=\"\" width=\"227\" height=\"170\" srcset=\"http:\/\/recettes-gourmandes-de-joce.fr\/wp-content\/uploads\/2024\/04\/gateau-yaourt8.jpg 1024w, http:\/\/recettes-gourmandes-de-joce.fr\/wp-content\/uploads\/2024\/04\/gateau-yaourt8-768x576.jpg 768w, http:\/\/recettes-gourmandes-de-joce.fr\/wp-content\/uploads\/2024\/04\/gateau-yaourt8-750x563.jpg 750w\" sizes=\"auto, (max-width: 227px) 100vw, 227px\" \/> <img loading=\"lazy\" decoding=\"async\" class=\"alignnone wp-image-64561\" src=\"http:\/\/recettes-gourmandes-de-joce.fr\/wp-content\/uploads\/2024\/04\/gateau-yaourt9.jpg\" alt=\"\" width=\"184\" height=\"170\" srcset=\"http:\/\/recettes-gourmandes-de-joce.fr\/wp-content\/uploads\/2024\/04\/gateau-yaourt9.jpg 1024w, http:\/\/recettes-gourmandes-de-joce.fr\/wp-content\/uploads\/2024\/04\/gateau-yaourt9-768x711.jpg 768w, http:\/\/recettes-gourmandes-de-joce.fr\/wp-content\/uploads\/2024\/04\/gateau-yaourt9-750x694.jpg 750w\" sizes=\"auto, (max-width: 184px) 100vw, 184px\" \/> <img loading=\"lazy\" decoding=\"async\" class=\"alignnone wp-image-64562\" src=\"http:\/\/recettes-gourmandes-de-joce.fr\/wp-content\/uploads\/2024\/04\/gateau-yaourt10.jpg\" alt=\"\" width=\"227\" height=\"170\" srcset=\"http:\/\/recettes-gourmandes-de-joce.fr\/wp-content\/uploads\/2024\/04\/gateau-yaourt10.jpg 1024w, http:\/\/recettes-gourmandes-de-joce.fr\/wp-content\/uploads\/2024\/04\/gateau-yaourt10-768x576.jpg 768w, http:\/\/recettes-gourmandes-de-joce.fr\/wp-content\/uploads\/2024\/04\/gateau-yaourt10-750x563.jpg 750w\" sizes=\"auto, (max-width: 227px) 100vw, 227px\" \/><\/p>\n<p style=\"text-align: center;\"><span style=\"color: #ff9900; font-size: large; font-family: georgia, palatino, serif;\"><em>Utilisez \u00e0 nouveau le pot vide pour\u00a0ajouter un pot de farine, m\u00e9langer et recommencer deux fois en m\u00e9langeant entre chaque ajout. Remplir de moiti\u00e9 le pot de yaourt d&rsquo;huile et le verser dans la p\u00e2te.<\/em><\/span><\/p>\n<p style=\"text-align: center;\"><img loading=\"lazy\" decoding=\"async\" class=\"alignnone wp-image-64563\" src=\"http:\/\/recettes-gourmandes-de-joce.fr\/wp-content\/uploads\/2024\/04\/gateau-yaourt11.jpg\" alt=\"\" width=\"173\" height=\"170\" srcset=\"http:\/\/recettes-gourmandes-de-joce.fr\/wp-content\/uploads\/2024\/04\/gateau-yaourt11.jpg 1024w, http:\/\/recettes-gourmandes-de-joce.fr\/wp-content\/uploads\/2024\/04\/gateau-yaourt11-768x753.jpg 768w, http:\/\/recettes-gourmandes-de-joce.fr\/wp-content\/uploads\/2024\/04\/gateau-yaourt11-750x735.jpg 750w\" sizes=\"auto, (max-width: 173px) 100vw, 173px\" \/> <img loading=\"lazy\" decoding=\"async\" class=\"alignnone wp-image-64564\" src=\"http:\/\/recettes-gourmandes-de-joce.fr\/wp-content\/uploads\/2024\/04\/gateau-yaourt12-1.jpg\" alt=\"\" width=\"186\" height=\"170\" srcset=\"http:\/\/recettes-gourmandes-de-joce.fr\/wp-content\/uploads\/2024\/04\/gateau-yaourt12-1.jpg 1024w, http:\/\/recettes-gourmandes-de-joce.fr\/wp-content\/uploads\/2024\/04\/gateau-yaourt12-1-768x701.jpg 768w, http:\/\/recettes-gourmandes-de-joce.fr\/wp-content\/uploads\/2024\/04\/gateau-yaourt12-1-750x685.jpg 750w\" sizes=\"auto, (max-width: 186px) 100vw, 186px\" \/> <img loading=\"lazy\" decoding=\"async\" class=\"alignnone wp-image-87572\" src=\"http:\/\/recettes-gourmandes-de-joce.fr\/wp-content\/uploads\/2024\/07\/marbre9-yaourt13.jpg\" alt=\"\" width=\"158\" height=\"170\" srcset=\"http:\/\/recettes-gourmandes-de-joce.fr\/wp-content\/uploads\/2024\/07\/marbre9-yaourt13.jpg 954w, http:\/\/recettes-gourmandes-de-joce.fr\/wp-content\/uploads\/2024\/07\/marbre9-yaourt13-768x824.jpg 768w, http:\/\/recettes-gourmandes-de-joce.fr\/wp-content\/uploads\/2024\/07\/marbre9-yaourt13-750x805.jpg 750w\" sizes=\"auto, (max-width: 158px) 100vw, 158px\" \/><\/p>\n<p style=\"text-align: center;\"><span style=\"color: #ff9900; font-size: large; font-family: georgia, palatino, serif;\"><em>Remplissez de moiti\u00e9 le pot de yaourt de lait et versez le dans la p\u00e2te, bien m\u00e9langer, diviser la p\u00e2te en deux dans deux saladiers. Remplir le pot de yaourt de p\u00e2te de sp\u00e9culos.<\/em><\/span><\/p>\n<p style=\"text-align: center;\"><img loading=\"lazy\" decoding=\"async\" class=\"alignnone wp-image-87573\" src=\"http:\/\/recettes-gourmandes-de-joce.fr\/wp-content\/uploads\/2024\/07\/marbre9-yaourt14.jpg\" alt=\"\" width=\"227\" height=\"170\" srcset=\"http:\/\/recettes-gourmandes-de-joce.fr\/wp-content\/uploads\/2024\/07\/marbre9-yaourt14.jpg 1024w, http:\/\/recettes-gourmandes-de-joce.fr\/wp-content\/uploads\/2024\/07\/marbre9-yaourt14-768x576.jpg 768w, http:\/\/recettes-gourmandes-de-joce.fr\/wp-content\/uploads\/2024\/07\/marbre9-yaourt14-750x563.jpg 750w\" sizes=\"auto, (max-width: 227px) 100vw, 227px\" \/> <img loading=\"lazy\" decoding=\"async\" class=\"alignnone wp-image-87574\" src=\"http:\/\/recettes-gourmandes-de-joce.fr\/wp-content\/uploads\/2024\/07\/marbre9-yaourt15.jpg\" alt=\"\" width=\"197\" height=\"170\" srcset=\"http:\/\/recettes-gourmandes-de-joce.fr\/wp-content\/uploads\/2024\/07\/marbre9-yaourt15.jpg 1024w, http:\/\/recettes-gourmandes-de-joce.fr\/wp-content\/uploads\/2024\/07\/marbre9-yaourt15-768x664.jpg 768w, http:\/\/recettes-gourmandes-de-joce.fr\/wp-content\/uploads\/2024\/07\/marbre9-yaourt15-750x648.jpg 750w\" sizes=\"auto, (max-width: 197px) 100vw, 197px\" \/> <img loading=\"lazy\" decoding=\"async\" class=\"alignnone wp-image-87575\" src=\"http:\/\/recettes-gourmandes-de-joce.fr\/wp-content\/uploads\/2024\/07\/marbre9-yaourt16.jpg\" alt=\"\" width=\"212\" height=\"170\" srcset=\"http:\/\/recettes-gourmandes-de-joce.fr\/wp-content\/uploads\/2024\/07\/marbre9-yaourt16.jpg 1024w, http:\/\/recettes-gourmandes-de-joce.fr\/wp-content\/uploads\/2024\/07\/marbre9-yaourt16-768x616.jpg 768w, http:\/\/recettes-gourmandes-de-joce.fr\/wp-content\/uploads\/2024\/07\/marbre9-yaourt16-750x601.jpg 750w\" sizes=\"auto, (max-width: 212px) 100vw, 212px\" \/><\/p>\n<p style=\"text-align: center;\"><span style=\"color: #ff9900; font-size: large; font-family: georgia, palatino, serif;\"><em>Verser\u00a0la p\u00e2te ensuite dans un bol et ajouter les 2 c \u00e0 s de lait, faire fondre au micro-onde 40 secondes \u00e0 pleine puissance. M\u00e9langer ensuite et\u00a0l&rsquo;ajouter\u00a0dans\u00a0un des deux saladiers.<\/em><\/span><\/p>\n<p style=\"text-align: center;\"><img loading=\"lazy\" decoding=\"async\" class=\"alignnone wp-image-87576\" src=\"http:\/\/recettes-gourmandes-de-joce.fr\/wp-content\/uploads\/2024\/07\/marbre9-yaourt17.jpg\" alt=\"\" width=\"195\" height=\"170\" srcset=\"http:\/\/recettes-gourmandes-de-joce.fr\/wp-content\/uploads\/2024\/07\/marbre9-yaourt17.jpg 1024w, http:\/\/recettes-gourmandes-de-joce.fr\/wp-content\/uploads\/2024\/07\/marbre9-yaourt17-768x669.jpg 768w, http:\/\/recettes-gourmandes-de-joce.fr\/wp-content\/uploads\/2024\/07\/marbre9-yaourt17-750x653.jpg 750w\" sizes=\"auto, (max-width: 195px) 100vw, 195px\" \/> <img loading=\"lazy\" decoding=\"async\" class=\"alignnone wp-image-87577\" src=\"http:\/\/recettes-gourmandes-de-joce.fr\/wp-content\/uploads\/2024\/07\/marbre9-yaourt18.jpg\" alt=\"\" width=\"189\" height=\"170\" srcset=\"http:\/\/recettes-gourmandes-de-joce.fr\/wp-content\/uploads\/2024\/07\/marbre9-yaourt18.jpg 1024w, http:\/\/recettes-gourmandes-de-joce.fr\/wp-content\/uploads\/2024\/07\/marbre9-yaourt18-768x691.jpg 768w, http:\/\/recettes-gourmandes-de-joce.fr\/wp-content\/uploads\/2024\/07\/marbre9-yaourt18-750x675.jpg 750w\" sizes=\"auto, (max-width: 189px) 100vw, 189px\" \/> <img loading=\"lazy\" decoding=\"async\" class=\"alignnone wp-image-87578\" src=\"http:\/\/recettes-gourmandes-de-joce.fr\/wp-content\/uploads\/2024\/07\/marbre9-yaourt19.jpg\" alt=\"\" width=\"210\" height=\"170\" srcset=\"http:\/\/recettes-gourmandes-de-joce.fr\/wp-content\/uploads\/2024\/07\/marbre9-yaourt19.jpg 1024w, http:\/\/recettes-gourmandes-de-joce.fr\/wp-content\/uploads\/2024\/07\/marbre9-yaourt19-768x620.jpg 768w, http:\/\/recettes-gourmandes-de-joce.fr\/wp-content\/uploads\/2024\/07\/marbre9-yaourt19-750x606.jpg 750w\" sizes=\"auto, (max-width: 210px) 100vw, 210px\" \/><\/p>\n<p style=\"text-align: center;\"><span style=\"color: #ff9900; font-size: large; font-family: georgia, palatino, serif;\"><em>M\u00e9langer bien et r\u00e9server. Dans le deuxi\u00e8me saladier, r\u00e2per la pomme pel\u00e9e et \u00e9p\u00e9pin\u00e9e, bien m\u00e9langer.\u00a0<\/em><\/span><\/p>\n<p style=\"text-align: center;\"><img loading=\"lazy\" decoding=\"async\" class=\"alignnone wp-image-87579\" src=\"http:\/\/recettes-gourmandes-de-joce.fr\/wp-content\/uploads\/2024\/07\/marbre9-yaourt20.jpg\" alt=\"\" width=\"245\" height=\"170\" srcset=\"http:\/\/recettes-gourmandes-de-joce.fr\/wp-content\/uploads\/2024\/07\/marbre9-yaourt20.jpg 1024w, http:\/\/recettes-gourmandes-de-joce.fr\/wp-content\/uploads\/2024\/07\/marbre9-yaourt20-768x533.jpg 768w, http:\/\/recettes-gourmandes-de-joce.fr\/wp-content\/uploads\/2024\/07\/marbre9-yaourt20-750x521.jpg 750w\" sizes=\"auto, (max-width: 245px) 100vw, 245px\" \/> <img loading=\"lazy\" decoding=\"async\" class=\"alignnone wp-image-87580\" src=\"http:\/\/recettes-gourmandes-de-joce.fr\/wp-content\/uploads\/2024\/07\/marbre9-yaourt21.jpg\" alt=\"\" width=\"261\" height=\"170\" srcset=\"http:\/\/recettes-gourmandes-de-joce.fr\/wp-content\/uploads\/2024\/07\/marbre9-yaourt21.jpg 1024w, http:\/\/recettes-gourmandes-de-joce.fr\/wp-content\/uploads\/2024\/07\/marbre9-yaourt21-768x501.jpg 768w, http:\/\/recettes-gourmandes-de-joce.fr\/wp-content\/uploads\/2024\/07\/marbre9-yaourt21-750x489.jpg 750w\" sizes=\"auto, (max-width: 261px) 100vw, 261px\" \/><\/p>\n<p style=\"text-align: center;\"><span style=\"color: #ff9900; font-family: georgia, palatino, serif;\"><em><span style=\"font-size: large;\">Vos p\u00e2tes sont pr\u00eates. Pr\u00e9chauffer le four \u00e0 200\u00b0. Huiler et fariner le moule \u00e0 g\u00e2teau (ici un moule \u00e0 cake), puis y verser alternativement les deux p\u00e2tes. Enfourner<\/span><\/em><em><span style=\"font-size: large;\"> \u00e0 200\u00b0 pendant 15 minutes, puis baisser \u00e0 180\u00b0 pendant environ encore 15 minutes selon les fours, surveiller la cuisson et la coloration. Attendez que votre g\u00e2teau refroidisse pour le d\u00e9mouler .<\/span><\/em><em><span style=\"font-size: large;\">\u00a0<\/span><\/em><\/span><\/p>\n<p style=\"text-align: center;\"><span style=\"color: #ff9900; font-family: georgia, palatino, serif;\"><em><span style=\"font-size: large;\">Bon app\u00e9tit!<\/span><\/em><\/span><\/p>\n<p style=\"text-align: center;\"><span style=\"font-family: georgia, palatino, serif;\"><img loading=\"lazy\" decoding=\"async\" class=\"alignnone wp-image-87581\" src=\"http:\/\/recettes-gourmandes-de-joce.fr\/wp-content\/uploads\/2024\/07\/marbre9-yaourt22.jpg\" alt=\"\" width=\"222\" height=\"180\" srcset=\"http:\/\/recettes-gourmandes-de-joce.fr\/wp-content\/uploads\/2024\/07\/marbre9-yaourt22.jpg 1024w, http:\/\/recettes-gourmandes-de-joce.fr\/wp-content\/uploads\/2024\/07\/marbre9-yaourt22-768x623.jpg 768w, http:\/\/recettes-gourmandes-de-joce.fr\/wp-content\/uploads\/2024\/07\/marbre9-yaourt22-750x609.jpg 750w\" sizes=\"auto, (max-width: 222px) 100vw, 222px\" \/> <img loading=\"lazy\" decoding=\"async\" class=\"alignnone wp-image-87582\" src=\"http:\/\/recettes-gourmandes-de-joce.fr\/wp-content\/uploads\/2024\/07\/marbre9-yaourt23.jpg\" alt=\"\" width=\"241\" height=\"180\" srcset=\"http:\/\/recettes-gourmandes-de-joce.fr\/wp-content\/uploads\/2024\/07\/marbre9-yaourt23.jpg 1024w, http:\/\/recettes-gourmandes-de-joce.fr\/wp-content\/uploads\/2024\/07\/marbre9-yaourt23-768x575.jpg 768w, http:\/\/recettes-gourmandes-de-joce.fr\/wp-content\/uploads\/2024\/07\/marbre9-yaourt23-750x561.jpg 750w\" sizes=\"auto, (max-width: 241px) 100vw, 241px\" \/> <img loading=\"lazy\" decoding=\"async\" class=\"alignnone wp-image-87583\" src=\"http:\/\/recettes-gourmandes-de-joce.fr\/wp-content\/uploads\/2024\/07\/marbre9-yaourt24.jpg\" alt=\"\" width=\"254\" height=\"180\" srcset=\"http:\/\/recettes-gourmandes-de-joce.fr\/wp-content\/uploads\/2024\/07\/marbre9-yaourt24.jpg 1024w, http:\/\/recettes-gourmandes-de-joce.fr\/wp-content\/uploads\/2024\/07\/marbre9-yaourt24-768x544.jpg 768w, http:\/\/recettes-gourmandes-de-joce.fr\/wp-content\/uploads\/2024\/07\/marbre9-yaourt24-750x531.jpg 750w\" sizes=\"auto, (max-width: 254px) 100vw, 254px\" \/> <\/span><\/p>\n<p style=\"text-align: center;\"><img loading=\"lazy\" decoding=\"async\" class=\"alignnone size-full wp-image-59803\" src=\"http:\/\/recettes-gourmandes-de-joce.fr\/wp-content\/uploads\/2024\/01\/logitech-gaming-software-14112014-121223.jpg\" alt=\"\" width=\"640\" height=\"144\" \/><\/p>\n<h3>Commentaires\u00a0<small>(4)<\/small><\/h3>\n<div class=\"items-container\">\n<div class=\"item item-comment media\">\n<div class=\"pull-left\">\n<p>&nbsp;<\/p>\n<p><img decoding=\"async\" class=\"media-object\" src=\"https:\/\/www.gravatar.com\/avatar\/3e35f4193f78025ff92e91cad44a2174?d=https%3A%2F%2Fwww.recettes-gourmandes-de-joce.com%2Fmedias%2Fstatic%2Fmanager%2Fim%2Favatar.png?s=50&amp;d=mm\" alt=\"Massacre \u00e0 la Mandoline\" width=\"50\" \/><\/p>\n<\/div>\n<div class=\"media-body\">\n<ul class=\"inline item-infos\">\n<li><span class=\"comment-number\">1.<\/span>\u00a0<span class=\"comment-author\"><strong>Massacre \u00e0 la Mandoline<\/strong>\u00a0(<a rel=\"nofollow\">site web<\/a>)<\/span>\u00a0<span class=\"comment-date\">| 31\/01\/2018<\/span><\/li>\n<\/ul>\n<div class=\"comment-content\">J&rsquo;adore, c&rsquo;est tr\u00e8s gourmand avec la p\u00e2te de sp\u00e9culos et on voit tout de suite avec les photos qu&rsquo;il est bien moelleux!! Merci pour le partage de cette recette \ud83d\ude42<\/div>\n<div class=\"item item-comment media by-webmaster\">\n<div class=\"pull-left\">\n<p>&nbsp;<\/p>\n<\/div>\n<div class=\"media-body\">\n<ul class=\"inline item-infos\">\n<li><span class=\"comment-author\"><strong>jocelyne debon<\/strong>\u00a0(<a rel=\"nofollow\">site web<\/a>)<\/span>\u00a0<span class=\"comment-date\">| 31\/01\/2018<\/span><\/li>\n<\/ul>\n<div class=\"comment-content\">De rien avec plaisir, le sp\u00e9culos et la pomme trop trop bon un mariage heureux<\/div>\n<div class=\"comment-content\">Bonne soir\u00e9e<\/div>\n<div class=\"comment-content\">Amicalement Joce<\/div>\n<\/div>\n<\/div>\n<\/div>\n<\/div>\n<div class=\"item item-comment media\">\n<div class=\"pull-left\">\n<p>&nbsp;<\/p>\n<p><img decoding=\"async\" class=\"media-object\" src=\"https:\/\/www.gravatar.com\/avatar\/2c53f2295c9f86703f115b99d2da60b8?d=https%3A%2F%2Fwww.recettes-gourmandes-de-joce.com%2Fmedias%2Fstatic%2Fmanager%2Fim%2Favatar.png?s=50&amp;d=mm\" alt=\"rieuvernet elisabethe\" width=\"50\" \/><\/p>\n<\/div>\n<div class=\"media-body\">\n<ul class=\"inline item-infos\">\n<li><span class=\"comment-number\">2.<\/span>\u00a0<span class=\"comment-author\"><strong>rieuvernet elisabethe<\/strong>\u00a0(<a rel=\"nofollow\">site web<\/a>)<\/span>\u00a0<span class=\"comment-date\">| 10\/03\/2015<\/span><\/li>\n<\/ul>\n<div class=\"comment-content\">je viens de le mettre au four vivement ce soir merci pour toutes vos recettes<\/div>\n<div class=\"item item-comment media by-webmaster\">\n<div class=\"pull-left\">\n<p>&nbsp;<\/p>\n<\/div>\n<div class=\"media-body\">\n<ul class=\"inline item-infos\">\n<li><span class=\"comment-author\"><strong>jocelyne debon<\/strong>\u00a0(<a rel=\"nofollow\">site web<\/a>)<\/span>\u00a0<span class=\"comment-date\">| 10\/03\/2015<\/span><\/li>\n<\/ul>\n<div class=\"comment-content\">De rien avec plaisir, j&rsquo;esp\u00e8re que tu te r\u00e9galeras<\/div>\n<div class=\"comment-content\">Bonne soir\u00e9e<\/div>\n<div class=\"comment-content\">Amicalement Joce<\/div>\n<\/div>\n<\/div>\n<\/div>\n<\/div>\n<\/div>\n","protected":false},"excerpt":{"rendered":"<p>Une de mes recettes Ingr\u00e9dients 1 yaourt nature ou au go\u00fbt de votre choix 3 \u0153ufs 2 pots de yaourt de sucre 3 pots de yaourt de farine 1 sachet de levure chimique 1 sachet de sucre vanill\u00e9 \u00bd pot de yaourt de lait \u00bd pot de yaourt d&rsquo;huile de tournesol\u00a0 1 pot de p\u00e2te &hellip; <\/p>\n<p><a class=\"more-link btn\" href=\"http:\/\/recettes-gourmandes-de-joce.fr\/index.php\/index\/desserts\/tartes-gateaux\/gateau-marbre-aux-pommes-et-pate-de-speculos\/\">Lire la suite<\/a><\/p>\n","protected":false},"author":2,"featured_media":87582,"parent":181,"menu_order":0,"comment_status":"open","ping_status":"closed","template":"","meta":{"footnotes":""},"class_list":["post-2920","page","type-page","status-publish","has-post-thumbnail","hentry","nodate","item-wrap"],"_links":{"self":[{"href":"http:\/\/recettes-gourmandes-de-joce.fr\/index.php\/wp-json\/wp\/v2\/pages\/2920","targetHints":{"allow":["GET"]}}],"collection":[{"href":"http:\/\/recettes-gourmandes-de-joce.fr\/index.php\/wp-json\/wp\/v2\/pages"}],"about":[{"href":"http:\/\/recettes-gourmandes-de-joce.fr\/index.php\/wp-json\/wp\/v2\/types\/page"}],"author":[{"embeddable":true,"href":"http:\/\/recettes-gourmandes-de-joce.fr\/index.php\/wp-json\/wp\/v2\/users\/2"}],"replies":[{"embeddable":true,"href":"http:\/\/recettes-gourmandes-de-joce.fr\/index.php\/wp-json\/wp\/v2\/comments?post=2920"}],"version-history":[{"count":6,"href":"http:\/\/recettes-gourmandes-de-joce.fr\/index.php\/wp-json\/wp\/v2\/pages\/2920\/revisions"}],"predecessor-version":[{"id":93932,"href":"http:\/\/recettes-gourmandes-de-joce.fr\/index.php\/wp-json\/wp\/v2\/pages\/2920\/revisions\/93932"}],"up":[{"embeddable":true,"href":"http:\/\/recettes-gourmandes-de-joce.fr\/index.php\/wp-json\/wp\/v2\/pages\/181"}],"wp:featuredmedia":[{"embeddable":true,"href":"http:\/\/recettes-gourmandes-de-joce.fr\/index.php\/wp-json\/wp\/v2\/media\/87582"}],"wp:attachment":[{"href":"http:\/\/recettes-gourmandes-de-joce.fr\/index.php\/wp-json\/wp\/v2\/media?parent=2920"}],"curies":[{"name":"wp","href":"https:\/\/api.w.org\/{rel}","templated":true}]}}