{"id":29011,"date":"2021-03-08T12:23:09","date_gmt":"2021-03-08T12:23:09","guid":{"rendered":"http:\/\/recettes-gourmandes-de-joce.fr\/?page_id=29011"},"modified":"2024-07-14T22:16:26","modified_gmt":"2024-07-14T22:16:26","slug":"le-100-mag-de-m6-sud-ouest-gourmand-magasine-rencontre-avec-les-chefs","status":"publish","type":"page","link":"http:\/\/recettes-gourmandes-de-joce.fr\/index.php\/index-divers\/le-100-mag-de-m6-sud-ouest-gourmand-magasine-rencontre-avec-les-chefs\/","title":{"rendered":"Le 100% Mag de M6, Sud-Ouest Gourmand Magasine, rencontre avec les chefs."},"content":{"rendered":"<p style=\"text-align: center;\"><span style=\"font-size: 18pt; font-family: georgia, palatino, serif; color: #0000ff;\"><em>Mon petit parcours d&rsquo;une passionn\u00e9e\u00a0 de cuisine<\/em><\/span><\/p>\n<p style=\"text-align: center;\"><img loading=\"lazy\" decoding=\"async\" class=\"alignnone wp-image-29010\" src=\"http:\/\/recettes-gourmandes-de-joce.fr\/wp-content\/uploads\/2021\/03\/Montages28-300x191.jpg\" alt=\"\" width=\"549\" height=\"350\" srcset=\"http:\/\/recettes-gourmandes-de-joce.fr\/wp-content\/uploads\/2021\/03\/Montages28-300x191.jpg 300w, http:\/\/recettes-gourmandes-de-joce.fr\/wp-content\/uploads\/2021\/03\/Montages28-768x490.jpg 768w, http:\/\/recettes-gourmandes-de-joce.fr\/wp-content\/uploads\/2021\/03\/Montages28-750x478.jpg 750w, http:\/\/recettes-gourmandes-de-joce.fr\/wp-content\/uploads\/2021\/03\/Montages28.jpg 800w\" sizes=\"auto, (max-width: 549px) 100vw, 549px\" \/><\/p>\n<p style=\"text-align: center;\"><span style=\"font-size: 14pt; font-family: georgia, palatino, serif; color: #0000ff;\"><em>J&rsquo;ai eu la chance de tourner le 100% Mag de M6 en avril 2012 sur le th\u00e8me des charcuteries de la mer, diffus\u00e9 sur la chaine en juin 2012.<\/em><\/span><\/p>\n<p style=\"text-align: center;\"><span style=\"font-size: 14pt; font-family: georgia, palatino, serif; color: #0000ff;\"><em>J&rsquo;ai particip\u00e9 aux festivolaille de St Sever dans les Landes en 2014 avec pour jur\u00e9 Le chef Bernard Vaussion\u00a0 chef cuisinier\u00a0fran\u00e7ais. Il est responsable des cuisines de la\u00a0pr\u00e9sidence de la R\u00e9publique \u00e0 l&rsquo;\u00c9lys\u00e9e de 2005 \u00e0 2013 et qui m&rsquo;a compliment\u00e9 pour la cuisson de ma poularde.<\/em><\/span><\/p>\n<p style=\"text-align: center;\"><span style=\"font-size: 14pt; font-family: georgia, palatino, serif; color: #0000ff;\"><em>Et derni\u00e8rement j&rsquo;ai particip\u00e9 avec 5 recettes sur le th\u00e8me de la carotte au magasine Sud Ouest Gourmand en Janvier 2020, publi\u00e9 en kiosque en Mars 2020\u00a0<\/em><\/span><\/p>\n<p style=\"text-align: center;\"><span style=\"font-size: 14pt; font-family: georgia, palatino, serif; color: #0000ff;\"><em>Rencontre avec le chef Yve Camdeborde avec qui j&rsquo;ai \u00e9chang\u00e9, un chef \u00e0 l&rsquo;\u00e9coute et bien sympathique!<\/em><\/span><\/p>\n<p style=\"text-align: center;\"><img loading=\"lazy\" decoding=\"async\" class=\"alignnone size-full wp-image-59803\" src=\"http:\/\/recettes-gourmandes-de-joce.fr\/wp-content\/uploads\/2024\/01\/logitech-gaming-software-14112014-121223.jpg\" alt=\"\" width=\"640\" height=\"144\" \/><\/p>\n","protected":false},"excerpt":{"rendered":"<p>Mon petit parcours d&rsquo;une passionn\u00e9e\u00a0 de cuisine J&rsquo;ai eu la chance de tourner le 100% Mag de M6 en avril 2012 sur le th\u00e8me des charcuteries de la mer, diffus\u00e9 sur la chaine en juin 2012. J&rsquo;ai particip\u00e9 aux festivolaille de St Sever dans les Landes en 2014 avec pour jur\u00e9 Le chef Bernard Vaussion\u00a0 &hellip; <\/p>\n<p><a class=\"more-link btn\" href=\"http:\/\/recettes-gourmandes-de-joce.fr\/index.php\/index-divers\/le-100-mag-de-m6-sud-ouest-gourmand-magasine-rencontre-avec-les-chefs\/\">Lire la suite<\/a><\/p>\n","protected":false},"author":2,"featured_media":87713,"parent":757,"menu_order":0,"comment_status":"open","ping_status":"closed","template":"","meta":{"footnotes":""},"class_list":["post-29011","page","type-page","status-publish","has-post-thumbnail","hentry","nodate","item-wrap"],"_links":{"self":[{"href":"http:\/\/recettes-gourmandes-de-joce.fr\/index.php\/wp-json\/wp\/v2\/pages\/29011","targetHints":{"allow":["GET"]}}],"collection":[{"href":"http:\/\/recettes-gourmandes-de-joce.fr\/index.php\/wp-json\/wp\/v2\/pages"}],"about":[{"href":"http:\/\/recettes-gourmandes-de-joce.fr\/index.php\/wp-json\/wp\/v2\/types\/page"}],"author":[{"embeddable":true,"href":"http:\/\/recettes-gourmandes-de-joce.fr\/index.php\/wp-json\/wp\/v2\/users\/2"}],"replies":[{"embeddable":true,"href":"http:\/\/recettes-gourmandes-de-joce.fr\/index.php\/wp-json\/wp\/v2\/comments?post=29011"}],"version-history":[{"count":3,"href":"http:\/\/recettes-gourmandes-de-joce.fr\/index.php\/wp-json\/wp\/v2\/pages\/29011\/revisions"}],"predecessor-version":[{"id":87714,"href":"http:\/\/recettes-gourmandes-de-joce.fr\/index.php\/wp-json\/wp\/v2\/pages\/29011\/revisions\/87714"}],"up":[{"embeddable":true,"href":"http:\/\/recettes-gourmandes-de-joce.fr\/index.php\/wp-json\/wp\/v2\/pages\/757"}],"wp:featuredmedia":[{"embeddable":true,"href":"http:\/\/recettes-gourmandes-de-joce.fr\/index.php\/wp-json\/wp\/v2\/media\/87713"}],"wp:attachment":[{"href":"http:\/\/recettes-gourmandes-de-joce.fr\/index.php\/wp-json\/wp\/v2\/media?parent=29011"}],"curies":[{"name":"wp","href":"https:\/\/api.w.org\/{rel}","templated":true}]}}