{"id":2892,"date":"2019-10-04T16:20:56","date_gmt":"2019-10-04T16:20:56","guid":{"rendered":"http:\/\/recettes-gourmandes-de-joce.fr\/?page_id=2892"},"modified":"2024-08-16T12:51:11","modified_gmt":"2024-08-16T12:51:11","slug":"financiers-au-the-matcha-et-aux-framboises","status":"publish","type":"page","link":"http:\/\/recettes-gourmandes-de-joce.fr\/index.php\/index\/desserts\/biscuits-du-gouter\/financiers-au-the-matcha-et-aux-framboises\/","title":{"rendered":"Financiers au th\u00e9 Matcha et aux framboises."},"content":{"rendered":"<p style=\"text-align: center;\"><span style=\"color: #cc0066;\"><span style=\"font-size: 20px;\"><span style=\"font-family: georgia,serif;\"><u><em>D&rsquo;apr\u00e8s une recette du net<\/em><\/u><\/span><\/span><\/span><\/p>\n<p style=\"text-align: center;\"><img loading=\"lazy\" decoding=\"async\" class=\"alignnone wp-image-64108\" src=\"http:\/\/recettes-gourmandes-de-joce.fr\/wp-content\/uploads\/2024\/03\/financiers-matcha1.jpg\" alt=\"\" width=\"270\" height=\"180\" \/>\u00a0<img loading=\"lazy\" decoding=\"async\" class=\"alignnone wp-image-64110\" src=\"http:\/\/recettes-gourmandes-de-joce.fr\/wp-content\/uploads\/2024\/03\/financiers-matcha3.jpg\" alt=\"\" width=\"270\" height=\"180\" \/><img loading=\"lazy\" decoding=\"async\" class=\"alignnone wp-image-64109\" src=\"http:\/\/recettes-gourmandes-de-joce.fr\/wp-content\/uploads\/2024\/03\/financiers-matcha2.jpg\" alt=\"\" width=\"270\" height=\"180\" \/><\/p>\n<p style=\"text-align: center;\"><span style=\"color: #cc0066;\"><span style=\"font-size: 20px;\"><span style=\"font-family: georgia,serif;\"><u><em>Ingr\u00e9dients pour 12 financiers ou plus selon la taille des moules<\/em><\/u><\/span><\/span><\/span><\/p>\n<p style=\"text-align: center;\"><img loading=\"lazy\" decoding=\"async\" class=\"alignnone wp-image-64111\" src=\"http:\/\/recettes-gourmandes-de-joce.fr\/wp-content\/uploads\/2024\/03\/financiers-matcha4.jpg\" alt=\"\" width=\"234\" height=\"200\" \/><\/p>\n<p style=\"text-align: center;\"><span style=\"color: #cc0066; font-size: 14pt;\"><em><span style=\"font-family: georgia,serif;\">24 framboises<\/span><\/em><\/span><\/p>\n<p style=\"text-align: center;\"><span style=\"color: #cc0066; font-size: 14pt;\"><em><span style=\"font-family: georgia,serif;\">4 blancs d&rsquo;\u0153ufs<\/span><\/em><\/span><\/p>\n<p style=\"text-align: center;\"><span style=\"color: #cc0066; font-size: 14pt;\"><em><span style=\"font-family: georgia,serif;\">140 g de sucre glace<\/span><\/em><\/span><\/p>\n<p style=\"text-align: center;\"><span style=\"color: #cc0066; font-size: 14pt;\"><em><span style=\"font-family: georgia,serif;\">85 g de poudre d&rsquo;amande<\/span><\/em><\/span><\/p>\n<p style=\"text-align: center;\"><span style=\"color: #cc0066; font-size: 14pt;\"><em><span style=\"font-family: georgia,serif;\">100 g de beurre<\/span><\/em><\/span><\/p>\n<p style=\"text-align: center;\"><span style=\"color: #cc0066; font-size: 14pt;\"><em><span style=\"font-family: georgia,serif;\">50 g de farine<\/span><\/em><\/span><\/p>\n<p style=\"text-align: center;\"><span style=\"font-size: 14pt;\"><em><span style=\"font-family: georgia,serif;\"><span style=\"color: #cc0066;\">3 g de poudre de th\u00e9 Matcha d\u00e9tails sur ce lien -&gt; <\/span><span style=\"color: #ff8c00;\">\u00c9pic\u00e9too<\/span><\/span><\/em><\/span><\/p>\n<p style=\"text-align: center;\"><img loading=\"lazy\" decoding=\"async\" class=\"alignnone wp-image-64494\" src=\"http:\/\/recettes-gourmandes-de-joce.fr\/wp-content\/uploads\/2024\/03\/beurre-011.jpg\" alt=\"\" width=\"224\" height=\"170\" \/> <img loading=\"lazy\" decoding=\"async\" class=\"alignnone wp-image-64112\" src=\"http:\/\/recettes-gourmandes-de-joce.fr\/wp-content\/uploads\/2024\/03\/financiers-matcha5.jpg\" alt=\"\" width=\"238\" height=\"170\" \/> <img loading=\"lazy\" decoding=\"async\" class=\"alignnone wp-image-64113\" src=\"http:\/\/recettes-gourmandes-de-joce.fr\/wp-content\/uploads\/2024\/03\/financiers-matcha6.jpg\" alt=\"\" width=\"255\" height=\"170\" \/><\/p>\n<p style=\"text-align: center;\"><span style=\"color: #cc0066; font-size: 14pt;\"><em><span style=\"font-family: georgia,serif;\">Couper le beurre en morceaux, le mettre \u00e0 fondre dans une po\u00eale jusqu&rsquo;\u00e0 ce qu&rsquo;il prenne une couleur noisette.<\/span><\/em><\/span><\/p>\n<p style=\"text-align: center;\"><img loading=\"lazy\" decoding=\"async\" class=\"alignnone wp-image-64114\" src=\"http:\/\/recettes-gourmandes-de-joce.fr\/wp-content\/uploads\/2024\/03\/financiers-matcha7.jpg\" alt=\"\" width=\"242\" height=\"165\" \/> <img loading=\"lazy\" decoding=\"async\" class=\"alignnone wp-image-64115\" src=\"http:\/\/recettes-gourmandes-de-joce.fr\/wp-content\/uploads\/2024\/03\/financiers-matcha8.jpg\" alt=\"\" width=\"250\" height=\"165\" \/> <img loading=\"lazy\" decoding=\"async\" class=\"alignnone wp-image-64116\" src=\"http:\/\/recettes-gourmandes-de-joce.fr\/wp-content\/uploads\/2024\/03\/financiers-matcha9.jpg\" alt=\"\" width=\"247\" height=\"165\" \/><\/p>\n<p style=\"text-align: center;\"><span style=\"color: #cc0066; font-size: 14pt;\"><span style=\"color: #cc0066; font-size: 14pt;\"><em><span style=\"font-family: georgia,serif;\">Puis <\/span><\/em><\/span><em><span style=\"font-family: georgia,serif;\">le\u00a0<\/span><\/em><em style=\"font-size: 14pt;\"><span style=\"font-family: georgia,serif;\">filtrer \u00e0 travers une passoire fine, <\/span><\/em><em><span style=\"font-family: georgia,serif;\">le <\/span><\/em><em><span style=\"font-family: georgia,serif;\">r\u00e9server. S\u00e9parer les blancs des jaunes, r\u00e9server les jaunes pour une autre recette.\u00a0<\/span><\/em><\/span><\/p>\n<p style=\"text-align: center;\"><img loading=\"lazy\" decoding=\"async\" class=\"alignnone wp-image-64117\" src=\"http:\/\/recettes-gourmandes-de-joce.fr\/wp-content\/uploads\/2024\/03\/financiers-matcha10.jpg\" alt=\"\" width=\"247\" height=\"165\" \/> <img loading=\"lazy\" decoding=\"async\" class=\"alignnone wp-image-64118\" src=\"http:\/\/recettes-gourmandes-de-joce.fr\/wp-content\/uploads\/2024\/03\/financiers-matcha11.jpg\" alt=\"\" width=\"247\" height=\"165\" \/> <img loading=\"lazy\" decoding=\"async\" class=\"alignnone wp-image-64119\" src=\"http:\/\/recettes-gourmandes-de-joce.fr\/wp-content\/uploads\/2024\/03\/financiers-matcha12.jpg\" alt=\"\" width=\"247\" height=\"165\" \/><\/p>\n<p style=\"text-align: center;\">\u00a0<span style=\"color: #cc0066; font-size: 14pt;\"><em><span style=\"font-family: georgia,serif;\">Dans les blancs, ajouter le sucre glace et bien m\u00e9langer. <\/span><\/em><em><span style=\"font-family: georgia,serif;\">Ajouter la poudre d&rsquo;amande, la farine et m\u00e9langer.<\/span><\/em><\/span><\/p>\n<p style=\"text-align: center;\"><img loading=\"lazy\" decoding=\"async\" class=\"alignnone wp-image-64120\" src=\"http:\/\/recettes-gourmandes-de-joce.fr\/wp-content\/uploads\/2024\/03\/financiers-matcha13.jpg\" alt=\"\" width=\"247\" height=\"165\" \/> <img loading=\"lazy\" decoding=\"async\" class=\"alignnone wp-image-64121\" src=\"http:\/\/recettes-gourmandes-de-joce.fr\/wp-content\/uploads\/2024\/03\/financiers-matcha14.jpg\" alt=\"\" width=\"247\" height=\"165\" \/> <img loading=\"lazy\" decoding=\"async\" class=\"alignnone wp-image-64122\" src=\"http:\/\/recettes-gourmandes-de-joce.fr\/wp-content\/uploads\/2024\/03\/financiers-matcha15.jpg\" alt=\"\" width=\"247\" height=\"165\" \/><\/p>\n<p style=\"text-align: center;\"><span style=\"color: #cc0066; font-size: 14pt;\"><em><span style=\"font-family: georgia,serif;\">Ajouter <\/span><\/em><\/span><em style=\"color: #cc0066; font-size: 18.6667px;\"><span style=\"font-family: georgia,serif;\">le th\u00e9 matcha et m\u00e9langer.<\/span><\/em><span style=\"color: #cc0066; font-size: 14pt;\"><em><span style=\"font-family: georgia,serif;\"> Ajouter ensuite le beurre et m\u00e9langer \u00e0 nouveau. Si vous utilisez des moules qui ne sont pas anti adh\u00e9sif, beurrez et <\/span><\/em><\/span><em style=\"color: #cc0066; font-size: 18.6667px;\"><span style=\"font-family: georgia,serif;\">les <\/span><\/em><em style=\"color: #cc0066; font-size: 14pt;\"><span style=\"font-family: georgia,serif;\">fariner.<\/span><\/em><\/p>\n<p style=\"text-align: center;\"><img loading=\"lazy\" decoding=\"async\" class=\"alignnone wp-image-64123\" src=\"http:\/\/recettes-gourmandes-de-joce.fr\/wp-content\/uploads\/2024\/03\/financiers-matcha16.jpg\" alt=\"\" width=\"247\" height=\"165\" \/> <img loading=\"lazy\" decoding=\"async\" class=\"alignnone wp-image-64100\" src=\"http:\/\/recettes-gourmandes-de-joce.fr\/wp-content\/uploads\/2024\/03\/financiers-matcha17.jpg\" alt=\"\" width=\"247\" height=\"165\" \/> <img loading=\"lazy\" decoding=\"async\" class=\"alignnone wp-image-64101\" src=\"http:\/\/recettes-gourmandes-de-joce.fr\/wp-content\/uploads\/2024\/03\/financiers-matcha18.jpg\" alt=\"\" width=\"200\" height=\"165\" \/><\/p>\n<p style=\"text-align: center;\"><span style=\"color: #cc0066; font-size: 14pt;\"><em><span style=\"font-family: georgia,serif;\">R\u00e9partir la p\u00e2te dans vos moules aux \u00be de la hauteur, ajouter 2 framboises par financier et enfourner environ 20 minutes selon les fours et la taille des moules \u00e0 175\u00b0, surveiller la cuisson et la coloration.<\/span><\/em><\/span><\/p>\n<p style=\"text-align: center;\"><img loading=\"lazy\" decoding=\"async\" class=\"alignnone wp-image-64102\" src=\"http:\/\/recettes-gourmandes-de-joce.fr\/wp-content\/uploads\/2024\/03\/financiers-matcha19.jpg\" alt=\"\" width=\"255\" height=\"170\" \/> <img loading=\"lazy\" decoding=\"async\" class=\"alignnone wp-image-64103\" src=\"http:\/\/recettes-gourmandes-de-joce.fr\/wp-content\/uploads\/2024\/03\/financiers-matcha20.jpg\" alt=\"\" width=\"251\" height=\"170\" \/><\/p>\n<p style=\"text-align: center;\"><span style=\"color: #cc0066; font-size: 14pt;\"><em><span style=\"font-family: georgia,serif;\">\u00c0 la sortie du four,\u00a0<\/span><\/em><\/span><em style=\"color: #cc0066; font-size: 18.6667px;\"><span style=\"font-family: georgia,serif;\">les <\/span><\/em><em style=\"color: #cc0066; font-size: 14pt;\"><span style=\"font-family: georgia,serif;\">laisser un peu refroidir avant de les d\u00e9mouler et les mettre sur une grille pour qu&rsquo;ils refroidissent compl\u00e8tement.<\/span><\/em><\/p>\n<p style=\"text-align: center;\"><span style=\"font-size: 14pt;\"><span style=\"font-family: georgia,serif;\"><span style=\"color: #cc0066;\"><em>Avec les jaune d&rsquo;\u0153ufs j&rsquo;ai r\u00e9alis\u00e9 15 sabl\u00e9s bretons ainsi pas de gaspillage \ud83d\ude09 <\/em><\/span><\/span><\/span><\/p>\n<p style=\"text-align: center;\"><span style=\"font-size: 14pt;\"><span style=\"font-family: georgia,serif;\"><span style=\"color: #cc0066;\"><em>La recette -&gt; <a href=\"http:\/\/recettes-gourmandes-de-joce.fr\/index.php\/index\/desserts\/biscuits-du-gouter\/palets-bretons-type-roudor\/\">Sabl\u00e9s bretons type \u00ab\u00a0roudor\u00a0\u00bb<\/a><\/em><\/span><span style=\"color: #cc0066;\"><img decoding=\"async\" src=\"http:\/\/jocelyne.debon.free.fr\/financier-matcha\/financiers-matcha21.JPG\" alt=\"\" width=\"205\" \/><\/span><\/span><\/span><\/p>\n<p style=\"text-align: center;\"><span style=\"color: #cc0066; font-size: 14pt;\"><span style=\"font-family: georgia,serif;\"><em>Bon app\u00e9tit!<\/em><\/span><\/span><\/p>\n<p style=\"text-align: center;\"><img loading=\"lazy\" decoding=\"async\" class=\"alignnone wp-image-64106\" src=\"http:\/\/recettes-gourmandes-de-joce.fr\/wp-content\/uploads\/2024\/03\/financiers-matcha23.jpg\" alt=\"\" width=\"256\" height=\"180\" \/><\/p>\n<p style=\"text-align: center;\"><img loading=\"lazy\" decoding=\"async\" class=\"alignnone wp-image-64107\" src=\"http:\/\/recettes-gourmandes-de-joce.fr\/wp-content\/uploads\/2024\/03\/financiers-matcha24.jpg\" alt=\"\" width=\"270\" height=\"180\" \/>\u00a0<img loading=\"lazy\" decoding=\"async\" class=\"alignnone wp-image-64105\" src=\"http:\/\/recettes-gourmandes-de-joce.fr\/wp-content\/uploads\/2024\/03\/financiers-matcha22.jpg\" alt=\"\" width=\"270\" height=\"180\" \/><\/p>\n<p style=\"text-align: center;\"><img loading=\"lazy\" decoding=\"async\" class=\"alignnone wp-image-24317 size-full\" src=\"http:\/\/recettes-gourmandes-de-joce.fr\/wp-content\/uploads\/2020\/07\/logitech-gaming-software-14112014-121223.jpg\" alt=\"\" width=\"640\" height=\"144\" srcset=\"http:\/\/recettes-gourmandes-de-joce.fr\/wp-content\/uploads\/2020\/07\/logitech-gaming-software-14112014-121223.jpg 640w, http:\/\/recettes-gourmandes-de-joce.fr\/wp-content\/uploads\/2020\/07\/logitech-gaming-software-14112014-121223-300x68.jpg 300w\" sizes=\"auto, (max-width: 640px) 100vw, 640px\" \/><\/p>\n","protected":false},"excerpt":{"rendered":"<p>D&rsquo;apr\u00e8s une recette du net \u00a0 Ingr\u00e9dients pour 12 financiers ou plus selon la taille des moules 24 framboises 4 blancs d&rsquo;\u0153ufs 140 g de sucre glace 85 g de poudre d&rsquo;amande 100 g de beurre 50 g de farine 3 g de poudre de th\u00e9 Matcha d\u00e9tails sur ce lien -&gt; \u00c9pic\u00e9too Couper le &hellip; <\/p>\n<p><a class=\"more-link btn\" href=\"http:\/\/recettes-gourmandes-de-joce.fr\/index.php\/index\/desserts\/biscuits-du-gouter\/financiers-au-the-matcha-et-aux-framboises\/\">Lire la suite<\/a><\/p>\n","protected":false},"author":2,"featured_media":68253,"parent":175,"menu_order":0,"comment_status":"open","ping_status":"closed","template":"","meta":{"footnotes":""},"class_list":["post-2892","page","type-page","status-publish","has-post-thumbnail","hentry","nodate","item-wrap"],"_links":{"self":[{"href":"http:\/\/recettes-gourmandes-de-joce.fr\/index.php\/wp-json\/wp\/v2\/pages\/2892","targetHints":{"allow":["GET"]}}],"collection":[{"href":"http:\/\/recettes-gourmandes-de-joce.fr\/index.php\/wp-json\/wp\/v2\/pages"}],"about":[{"href":"http:\/\/recettes-gourmandes-de-joce.fr\/index.php\/wp-json\/wp\/v2\/types\/page"}],"author":[{"embeddable":true,"href":"http:\/\/recettes-gourmandes-de-joce.fr\/index.php\/wp-json\/wp\/v2\/users\/2"}],"replies":[{"embeddable":true,"href":"http:\/\/recettes-gourmandes-de-joce.fr\/index.php\/wp-json\/wp\/v2\/comments?post=2892"}],"version-history":[{"count":6,"href":"http:\/\/recettes-gourmandes-de-joce.fr\/index.php\/wp-json\/wp\/v2\/pages\/2892\/revisions"}],"predecessor-version":[{"id":89192,"href":"http:\/\/recettes-gourmandes-de-joce.fr\/index.php\/wp-json\/wp\/v2\/pages\/2892\/revisions\/89192"}],"up":[{"embeddable":true,"href":"http:\/\/recettes-gourmandes-de-joce.fr\/index.php\/wp-json\/wp\/v2\/pages\/175"}],"wp:featuredmedia":[{"embeddable":true,"href":"http:\/\/recettes-gourmandes-de-joce.fr\/index.php\/wp-json\/wp\/v2\/media\/68253"}],"wp:attachment":[{"href":"http:\/\/recettes-gourmandes-de-joce.fr\/index.php\/wp-json\/wp\/v2\/media?parent=2892"}],"curies":[{"name":"wp","href":"https:\/\/api.w.org\/{rel}","templated":true}]}}