{"id":2845,"date":"2019-10-04T14:05:19","date_gmt":"2019-10-04T14:05:19","guid":{"rendered":"http:\/\/recettes-gourmandes-de-joce.fr\/?page_id=2845"},"modified":"2025-03-25T10:06:05","modified_gmt":"2025-03-25T10:06:05","slug":"biarritz-au-chocolat-noir-ou-au-lait","status":"publish","type":"page","link":"http:\/\/recettes-gourmandes-de-joce.fr\/index.php\/index\/desserts\/biscuits-du-gouter\/biarritz-au-chocolat-noir-ou-au-lait\/","title":{"rendered":"Biarritz au chocolat noir ou au lait."},"content":{"rendered":"<p style=\"text-align: center;\"><span style=\"font-size: 14pt;\"><span style=\"color: #990000;\"><span style=\"font-family: georgia,serif;\"><u><em>D&rsquo;apr\u00e8s une recette vue sur le blog de \u00ab\u00a0Nuage de lait\u00a0\u00bb<\/em><\/u><\/span><\/span><\/span><\/p>\n<p style=\"text-align: center;\"><img loading=\"lazy\" decoding=\"async\" class=\"alignnone wp-image-51044\" src=\"http:\/\/recettes-gourmandes-de-joce.fr\/wp-content\/uploads\/2023\/04\/biscuits-biarritz2-300x192.jpg\" alt=\"\" width=\"281\" height=\"180\" srcset=\"http:\/\/recettes-gourmandes-de-joce.fr\/wp-content\/uploads\/2023\/04\/biscuits-biarritz2-300x192.jpg 300w, http:\/\/recettes-gourmandes-de-joce.fr\/wp-content\/uploads\/2023\/04\/biscuits-biarritz2-768x492.jpg 768w, http:\/\/recettes-gourmandes-de-joce.fr\/wp-content\/uploads\/2023\/04\/biscuits-biarritz2-750x480.jpg 750w, http:\/\/recettes-gourmandes-de-joce.fr\/wp-content\/uploads\/2023\/04\/biscuits-biarritz2.jpg 800w\" sizes=\"auto, (max-width: 281px) 100vw, 281px\" \/> \u00a0<img loading=\"lazy\" decoding=\"async\" class=\"alignnone wp-image-51042\" src=\"http:\/\/recettes-gourmandes-de-joce.fr\/wp-content\/uploads\/2023\/04\/biscuits-biarritz19-300x191.jpg\" alt=\"\" width=\"283\" height=\"180\" srcset=\"http:\/\/recettes-gourmandes-de-joce.fr\/wp-content\/uploads\/2023\/04\/biscuits-biarritz19-300x191.jpg 300w, http:\/\/recettes-gourmandes-de-joce.fr\/wp-content\/uploads\/2023\/04\/biscuits-biarritz19-768x488.jpg 768w, http:\/\/recettes-gourmandes-de-joce.fr\/wp-content\/uploads\/2023\/04\/biscuits-biarritz19-750x476.jpg 750w, http:\/\/recettes-gourmandes-de-joce.fr\/wp-content\/uploads\/2023\/04\/biscuits-biarritz19.jpg 800w\" sizes=\"auto, (max-width: 283px) 100vw, 283px\" \/><img loading=\"lazy\" decoding=\"async\" class=\"alignnone wp-image-51041\" src=\"http:\/\/recettes-gourmandes-de-joce.fr\/wp-content\/uploads\/2023\/04\/biscuits-biarritz18-300x193.jpg\" alt=\"\" width=\"285\" height=\"183\" srcset=\"http:\/\/recettes-gourmandes-de-joce.fr\/wp-content\/uploads\/2023\/04\/biscuits-biarritz18-300x193.jpg 300w, http:\/\/recettes-gourmandes-de-joce.fr\/wp-content\/uploads\/2023\/04\/biscuits-biarritz18-768x493.jpg 768w, http:\/\/recettes-gourmandes-de-joce.fr\/wp-content\/uploads\/2023\/04\/biscuits-biarritz18-750x482.jpg 750w, http:\/\/recettes-gourmandes-de-joce.fr\/wp-content\/uploads\/2023\/04\/biscuits-biarritz18.jpg 800w\" sizes=\"auto, (max-width: 285px) 100vw, 285px\" \/><\/p>\n<p style=\"text-align: center;\"><span style=\"color: #990000;\"><span style=\"font-size: 24px;\"><span style=\"font-family: georgia,serif;\"><u><em>Ingr\u00e9dients pour 40 biscuits environ<\/em><\/u><\/span><\/span><\/span><\/p>\n<p style=\"text-align: center;\"><img loading=\"lazy\" decoding=\"async\" class=\"alignnone wp-image-51046\" src=\"http:\/\/recettes-gourmandes-de-joce.fr\/wp-content\/uploads\/2023\/04\/biscuits-biarritz4-234x300.jpg\" alt=\"\" width=\"195\" height=\"250\" srcset=\"http:\/\/recettes-gourmandes-de-joce.fr\/wp-content\/uploads\/2023\/04\/biscuits-biarritz4-234x300.jpg 234w, http:\/\/recettes-gourmandes-de-joce.fr\/wp-content\/uploads\/2023\/04\/biscuits-biarritz4.jpg 625w\" sizes=\"auto, (max-width: 195px) 100vw, 195px\" \/><\/p>\n<p style=\"text-align: center;\"><span style=\"color: #990000; font-size: 14pt;\"><em><span style=\"font-family: georgia,serif;\">50 g de farine<\/span><\/em><\/span><\/p>\n<p style=\"text-align: center;\"><span style=\"color: #990000; font-size: 14pt;\"><em><span style=\"font-family: georgia,serif;\">50 g de beurre mou<\/span><\/em><\/span><\/p>\n<p style=\"text-align: center;\"><span style=\"color: #990000; font-size: 14pt;\"><em><span style=\"font-family: georgia,serif;\">2 blancs d&rsquo;\u0153uf<\/span><\/em><\/span><\/p>\n<p style=\"text-align: center;\"><span style=\"color: #990000; font-size: 14pt;\"><em><span style=\"font-family: georgia,serif;\">100 g de sucre en poudre<\/span><\/em><\/span><\/p>\n<p style=\"text-align: center;\"><span style=\"color: #990000; font-size: 14pt;\"><em><span style=\"font-family: georgia,serif;\">1 pinc\u00e9e de sel<\/span><\/em><\/span><\/p>\n<p style=\"text-align: center;\"><span style=\"color: #990000; font-size: 14pt;\"><em><span style=\"font-family: georgia,serif;\">De la noix de coco r\u00e2p\u00e9e<\/span><\/em><\/span><\/p>\n<p style=\"text-align: center;\"><span style=\"color: #990000; font-size: 14pt;\"><em><span style=\"font-family: georgia,serif;\">80 g de chocolat noir p\u00e2tissier<\/span><\/em><\/span><\/p>\n<p style=\"text-align: center;\"><span style=\"color: #990000; font-size: 14pt;\"><em><span style=\"font-family: georgia,serif;\">80 g de chocolat au lait p\u00e2tissier<\/span><\/em><\/span><\/p>\n<p style=\"text-align: center;\"><img loading=\"lazy\" decoding=\"async\" class=\"alignnone wp-image-51047\" src=\"http:\/\/recettes-gourmandes-de-joce.fr\/wp-content\/uploads\/2023\/04\/biscuits-biarritz5-300x200.jpg\" alt=\"\" width=\"255\" height=\"170\" srcset=\"http:\/\/recettes-gourmandes-de-joce.fr\/wp-content\/uploads\/2023\/04\/biscuits-biarritz5-300x200.jpg 300w, http:\/\/recettes-gourmandes-de-joce.fr\/wp-content\/uploads\/2023\/04\/biscuits-biarritz5-768x513.jpg 768w, http:\/\/recettes-gourmandes-de-joce.fr\/wp-content\/uploads\/2023\/04\/biscuits-biarritz5-750x501.jpg 750w, http:\/\/recettes-gourmandes-de-joce.fr\/wp-content\/uploads\/2023\/04\/biscuits-biarritz5.jpg 800w\" sizes=\"auto, (max-width: 255px) 100vw, 255px\" \/> <img loading=\"lazy\" decoding=\"async\" class=\"alignnone wp-image-51048\" src=\"http:\/\/recettes-gourmandes-de-joce.fr\/wp-content\/uploads\/2023\/04\/biscuits-biarritz6-300x200.jpg\" alt=\"\" width=\"255\" height=\"170\" srcset=\"http:\/\/recettes-gourmandes-de-joce.fr\/wp-content\/uploads\/2023\/04\/biscuits-biarritz6-300x200.jpg 300w, http:\/\/recettes-gourmandes-de-joce.fr\/wp-content\/uploads\/2023\/04\/biscuits-biarritz6-768x513.jpg 768w, http:\/\/recettes-gourmandes-de-joce.fr\/wp-content\/uploads\/2023\/04\/biscuits-biarritz6-750x501.jpg 750w, http:\/\/recettes-gourmandes-de-joce.fr\/wp-content\/uploads\/2023\/04\/biscuits-biarritz6.jpg 800w\" sizes=\"auto, (max-width: 255px) 100vw, 255px\" \/> <img loading=\"lazy\" decoding=\"async\" class=\"alignnone wp-image-51049\" src=\"http:\/\/recettes-gourmandes-de-joce.fr\/wp-content\/uploads\/2023\/04\/biscuits-biarritz7-300x248.jpg\" alt=\"\" width=\"206\" height=\"170\" srcset=\"http:\/\/recettes-gourmandes-de-joce.fr\/wp-content\/uploads\/2023\/04\/biscuits-biarritz7-300x248.jpg 300w, http:\/\/recettes-gourmandes-de-joce.fr\/wp-content\/uploads\/2023\/04\/biscuits-biarritz7-768x634.jpg 768w, http:\/\/recettes-gourmandes-de-joce.fr\/wp-content\/uploads\/2023\/04\/biscuits-biarritz7-750x619.jpg 750w, http:\/\/recettes-gourmandes-de-joce.fr\/wp-content\/uploads\/2023\/04\/biscuits-biarritz7.jpg 800w\" sizes=\"auto, (max-width: 206px) 100vw, 206px\" \/><\/p>\n<p style=\"text-align: center;\"><span style=\"color: #990000; font-size: 14pt;\"><em><span style=\"font-family: georgia,serif;\">Pr\u00e9chauffer le four \u00e0 200\u00b0. S\u00e9parer les blancs des jaunes d&rsquo;\u0153uf et r\u00e9server les jaunes pour une autre recette, battre les blancs avec la pinc\u00e9e de sel pour les rendre mousseux, ajouter ensuite le sucre.<\/span><\/em><\/span><\/p>\n<p style=\"text-align: center;\"><img loading=\"lazy\" decoding=\"async\" class=\"alignnone wp-image-51050\" src=\"http:\/\/recettes-gourmandes-de-joce.fr\/wp-content\/uploads\/2023\/04\/biscuits-biarritz8-300x200.jpg\" alt=\"\" width=\"247\" height=\"165\" srcset=\"http:\/\/recettes-gourmandes-de-joce.fr\/wp-content\/uploads\/2023\/04\/biscuits-biarritz8-300x200.jpg 300w, http:\/\/recettes-gourmandes-de-joce.fr\/wp-content\/uploads\/2023\/04\/biscuits-biarritz8-768x513.jpg 768w, http:\/\/recettes-gourmandes-de-joce.fr\/wp-content\/uploads\/2023\/04\/biscuits-biarritz8-750x501.jpg 750w, http:\/\/recettes-gourmandes-de-joce.fr\/wp-content\/uploads\/2023\/04\/biscuits-biarritz8.jpg 800w\" sizes=\"auto, (max-width: 247px) 100vw, 247px\" \/> <img loading=\"lazy\" decoding=\"async\" class=\"alignnone wp-image-51051\" src=\"http:\/\/recettes-gourmandes-de-joce.fr\/wp-content\/uploads\/2023\/04\/biscuits-biarritz9-300x200.jpg\" alt=\"\" width=\"247\" height=\"165\" srcset=\"http:\/\/recettes-gourmandes-de-joce.fr\/wp-content\/uploads\/2023\/04\/biscuits-biarritz9-300x200.jpg 300w, http:\/\/recettes-gourmandes-de-joce.fr\/wp-content\/uploads\/2023\/04\/biscuits-biarritz9-768x513.jpg 768w, http:\/\/recettes-gourmandes-de-joce.fr\/wp-content\/uploads\/2023\/04\/biscuits-biarritz9-750x501.jpg 750w, http:\/\/recettes-gourmandes-de-joce.fr\/wp-content\/uploads\/2023\/04\/biscuits-biarritz9.jpg 800w\" sizes=\"auto, (max-width: 247px) 100vw, 247px\" \/> <img loading=\"lazy\" decoding=\"async\" class=\"alignnone wp-image-51052\" src=\"http:\/\/recettes-gourmandes-de-joce.fr\/wp-content\/uploads\/2023\/04\/biscuits-biarritz10-300x200.jpg\" alt=\"\" width=\"247\" height=\"165\" srcset=\"http:\/\/recettes-gourmandes-de-joce.fr\/wp-content\/uploads\/2023\/04\/biscuits-biarritz10-300x200.jpg 300w, http:\/\/recettes-gourmandes-de-joce.fr\/wp-content\/uploads\/2023\/04\/biscuits-biarritz10-768x513.jpg 768w, http:\/\/recettes-gourmandes-de-joce.fr\/wp-content\/uploads\/2023\/04\/biscuits-biarritz10-750x501.jpg 750w, http:\/\/recettes-gourmandes-de-joce.fr\/wp-content\/uploads\/2023\/04\/biscuits-biarritz10.jpg 800w\" sizes=\"auto, (max-width: 247px) 100vw, 247px\" \/><\/p>\n<p style=\"text-align: center;\">\u00a0<span style=\"color: #990000; font-size: 14pt;\"><em><span style=\"font-family: georgia,serif;\">La farine et bien m\u00e9langer, ajouter ensuite le beurre mou et m\u00e9langer \u00e0 nouveau.<\/span><\/em><\/span><\/p>\n<p style=\"text-align: center;\"><img loading=\"lazy\" decoding=\"async\" class=\"alignnone wp-image-51053\" src=\"http:\/\/recettes-gourmandes-de-joce.fr\/wp-content\/uploads\/2023\/04\/biscuits-biarritz11-300x200.jpg\" alt=\"\" width=\"255\" height=\"170\" srcset=\"http:\/\/recettes-gourmandes-de-joce.fr\/wp-content\/uploads\/2023\/04\/biscuits-biarritz11-300x200.jpg 300w, http:\/\/recettes-gourmandes-de-joce.fr\/wp-content\/uploads\/2023\/04\/biscuits-biarritz11-768x513.jpg 768w, http:\/\/recettes-gourmandes-de-joce.fr\/wp-content\/uploads\/2023\/04\/biscuits-biarritz11-750x501.jpg 750w, http:\/\/recettes-gourmandes-de-joce.fr\/wp-content\/uploads\/2023\/04\/biscuits-biarritz11.jpg 800w\" sizes=\"auto, (max-width: 255px) 100vw, 255px\" \/> <img loading=\"lazy\" decoding=\"async\" class=\"alignnone wp-image-51035\" src=\"http:\/\/recettes-gourmandes-de-joce.fr\/wp-content\/uploads\/2023\/04\/biscuits-biarritz12-300x237.jpg\" alt=\"\" width=\"216\" height=\"170\" srcset=\"http:\/\/recettes-gourmandes-de-joce.fr\/wp-content\/uploads\/2023\/04\/biscuits-biarritz12-300x237.jpg 300w, http:\/\/recettes-gourmandes-de-joce.fr\/wp-content\/uploads\/2023\/04\/biscuits-biarritz12-768x606.jpg 768w, http:\/\/recettes-gourmandes-de-joce.fr\/wp-content\/uploads\/2023\/04\/biscuits-biarritz12-750x592.jpg 750w, http:\/\/recettes-gourmandes-de-joce.fr\/wp-content\/uploads\/2023\/04\/biscuits-biarritz12.jpg 800w\" sizes=\"auto, (max-width: 216px) 100vw, 216px\" \/> <img loading=\"lazy\" decoding=\"async\" class=\"alignnone wp-image-51036\" src=\"http:\/\/recettes-gourmandes-de-joce.fr\/wp-content\/uploads\/2023\/04\/biscuits-biarritz13-300x218.jpg\" alt=\"\" width=\"234\" height=\"170\" srcset=\"http:\/\/recettes-gourmandes-de-joce.fr\/wp-content\/uploads\/2023\/04\/biscuits-biarritz13-300x218.jpg 300w, http:\/\/recettes-gourmandes-de-joce.fr\/wp-content\/uploads\/2023\/04\/biscuits-biarritz13-768x559.jpg 768w, http:\/\/recettes-gourmandes-de-joce.fr\/wp-content\/uploads\/2023\/04\/biscuits-biarritz13-750x546.jpg 750w, http:\/\/recettes-gourmandes-de-joce.fr\/wp-content\/uploads\/2023\/04\/biscuits-biarritz13.jpg 800w\" sizes=\"auto, (max-width: 234px) 100vw, 234px\" \/><\/p>\n<p style=\"text-align: center;\"><span style=\"color: #990000; font-size: 14pt;\"><em><span style=\"font-family: georgia,serif;\">R\u00e9partir des petits tas de p\u00e2te sur une feuille de silicone ou dans des moules \u00e0 empreintes et \u00e9taler les tas avec le dos de la cuill\u00e8re, il suffit environ d&rsquo;une petit c \u00e0 c par biscuit, ils doivent \u00eatre tr\u00e8s fin une fois cuits. Enfourner \u00e0 200\u00b0 environ 5\/7 minutes surveiller la coloration ils doivent colorer que sur le bord. Laissez l\u00e8s refroidir avant de les \u00f4ter de la feuille. Une fois refroidis, faite fondre le chocolat.<\/span><\/em><\/span><\/p>\n<p style=\"text-align: center;\"><img loading=\"lazy\" decoding=\"async\" class=\"alignnone wp-image-51037\" src=\"http:\/\/recettes-gourmandes-de-joce.fr\/wp-content\/uploads\/2023\/04\/biscuits-biarritz14-300x200.jpg\" alt=\"\" width=\"247\" height=\"165\" srcset=\"http:\/\/recettes-gourmandes-de-joce.fr\/wp-content\/uploads\/2023\/04\/biscuits-biarritz14-300x200.jpg 300w, http:\/\/recettes-gourmandes-de-joce.fr\/wp-content\/uploads\/2023\/04\/biscuits-biarritz14-768x513.jpg 768w, http:\/\/recettes-gourmandes-de-joce.fr\/wp-content\/uploads\/2023\/04\/biscuits-biarritz14-750x501.jpg 750w, http:\/\/recettes-gourmandes-de-joce.fr\/wp-content\/uploads\/2023\/04\/biscuits-biarritz14.jpg 800w\" sizes=\"auto, (max-width: 247px) 100vw, 247px\" \/> <img loading=\"lazy\" decoding=\"async\" class=\"alignnone wp-image-51038\" src=\"http:\/\/recettes-gourmandes-de-joce.fr\/wp-content\/uploads\/2023\/04\/biscuits-biarritz15-300x168.jpg\" alt=\"\" width=\"294\" height=\"165\" srcset=\"http:\/\/recettes-gourmandes-de-joce.fr\/wp-content\/uploads\/2023\/04\/biscuits-biarritz15-300x168.jpg 300w, http:\/\/recettes-gourmandes-de-joce.fr\/wp-content\/uploads\/2023\/04\/biscuits-biarritz15-768x431.jpg 768w, http:\/\/recettes-gourmandes-de-joce.fr\/wp-content\/uploads\/2023\/04\/biscuits-biarritz15-750x421.jpg 750w, http:\/\/recettes-gourmandes-de-joce.fr\/wp-content\/uploads\/2023\/04\/biscuits-biarritz15.jpg 800w\" sizes=\"auto, (max-width: 294px) 100vw, 294px\" \/><\/p>\n<p style=\"text-align: center;\"><span style=\"color: #990000; font-size: 14pt;\"><em><span style=\"font-family: georgia,serif;\">\u00c9taler le chocolat en couche fine sur chaque biscuit, puis faite des rayures \u00e0 l&rsquo;aide d&rsquo;une fourchette, parsemer une fois que le chocolat commence \u00e0 prendre de la noix de coco puis laisser finir de refroidir.<\/span><\/em><\/span><\/p>\n<p><img loading=\"lazy\" decoding=\"async\" class=\"wp-image-51039 aligncenter\" style=\"text-align: center;\" src=\"http:\/\/recettes-gourmandes-de-joce.fr\/wp-content\/uploads\/2023\/04\/biscuits-biarritz16-300x249.jpg\" alt=\"\" width=\"205\" height=\"170\" srcset=\"http:\/\/recettes-gourmandes-de-joce.fr\/wp-content\/uploads\/2023\/04\/biscuits-biarritz16-300x249.jpg 300w, http:\/\/recettes-gourmandes-de-joce.fr\/wp-content\/uploads\/2023\/04\/biscuits-biarritz16-768x638.jpg 768w, http:\/\/recettes-gourmandes-de-joce.fr\/wp-content\/uploads\/2023\/04\/biscuits-biarritz16-750x623.jpg 750w, http:\/\/recettes-gourmandes-de-joce.fr\/wp-content\/uploads\/2023\/04\/biscuits-biarritz16.jpg 800w\" sizes=\"auto, (max-width: 205px) 100vw, 205px\" \/><\/p>\n<p style=\"text-align: center;\"><span style=\"color: #990000; font-size: 14pt;\"><em><span style=\"font-family: georgia,serif;\"> Ils se gardent plusieurs jours dans une boite m\u00e9tallique.<\/span><\/em><\/span><\/p>\n<p style=\"text-align: center;\"><span style=\"color: #990000; font-size: 14pt;\"><span style=\"font-family: georgia,serif;\"><em>Bon app\u00e9tit!<\/em><\/span><\/span><\/p>\n<p style=\"text-align: center;\"><img loading=\"lazy\" decoding=\"async\" class=\"alignnone wp-image-51045\" src=\"http:\/\/recettes-gourmandes-de-joce.fr\/wp-content\/uploads\/2023\/04\/biscuits-biarritz3-300x220.jpg\" alt=\"\" width=\"245\" height=\"180\" srcset=\"http:\/\/recettes-gourmandes-de-joce.fr\/wp-content\/uploads\/2023\/04\/biscuits-biarritz3-300x220.jpg 300w, http:\/\/recettes-gourmandes-de-joce.fr\/wp-content\/uploads\/2023\/04\/biscuits-biarritz3-768x564.jpg 768w, http:\/\/recettes-gourmandes-de-joce.fr\/wp-content\/uploads\/2023\/04\/biscuits-biarritz3-750x550.jpg 750w, http:\/\/recettes-gourmandes-de-joce.fr\/wp-content\/uploads\/2023\/04\/biscuits-biarritz3.jpg 800w\" sizes=\"auto, (max-width: 245px) 100vw, 245px\" \/><\/p>\n<p style=\"text-align: center;\"><img loading=\"lazy\" decoding=\"async\" class=\"alignnone wp-image-51040\" src=\"http:\/\/recettes-gourmandes-de-joce.fr\/wp-content\/uploads\/2023\/04\/biscuits-biarritz17-300x200.jpg\" alt=\"\" width=\"270\" height=\"180\" srcset=\"http:\/\/recettes-gourmandes-de-joce.fr\/wp-content\/uploads\/2023\/04\/biscuits-biarritz17-300x200.jpg 300w, http:\/\/recettes-gourmandes-de-joce.fr\/wp-content\/uploads\/2023\/04\/biscuits-biarritz17-768x513.jpg 768w, http:\/\/recettes-gourmandes-de-joce.fr\/wp-content\/uploads\/2023\/04\/biscuits-biarritz17-750x501.jpg 750w, http:\/\/recettes-gourmandes-de-joce.fr\/wp-content\/uploads\/2023\/04\/biscuits-biarritz17.jpg 800w\" sizes=\"auto, (max-width: 270px) 100vw, 270px\" \/> <img loading=\"lazy\" decoding=\"async\" class=\"alignnone wp-image-51043\" src=\"http:\/\/recettes-gourmandes-de-joce.fr\/wp-content\/uploads\/2023\/04\/biscuits-biarritz1-300x182.jpg\" alt=\"\" width=\"296\" height=\"180\" srcset=\"http:\/\/recettes-gourmandes-de-joce.fr\/wp-content\/uploads\/2023\/04\/biscuits-biarritz1-300x182.jpg 300w, http:\/\/recettes-gourmandes-de-joce.fr\/wp-content\/uploads\/2023\/04\/biscuits-biarritz1-768x467.jpg 768w, http:\/\/recettes-gourmandes-de-joce.fr\/wp-content\/uploads\/2023\/04\/biscuits-biarritz1-750x456.jpg 750w, http:\/\/recettes-gourmandes-de-joce.fr\/wp-content\/uploads\/2023\/04\/biscuits-biarritz1.jpg 800w\" sizes=\"auto, (max-width: 296px) 100vw, 296px\" \/><\/p>\n<p><img loading=\"lazy\" decoding=\"async\" class=\"wp-image-44943 size-full aligncenter\" src=\"http:\/\/recettes-gourmandes-de-joce.fr\/wp-content\/uploads\/2022\/05\/logitech-gaming-software-14112014-121223.jpg\" alt=\"\" width=\"640\" height=\"144\" srcset=\"http:\/\/recettes-gourmandes-de-joce.fr\/wp-content\/uploads\/2022\/05\/logitech-gaming-software-14112014-121223.jpg 640w, http:\/\/recettes-gourmandes-de-joce.fr\/wp-content\/uploads\/2022\/05\/logitech-gaming-software-14112014-121223-300x68.jpg 300w\" sizes=\"auto, (max-width: 640px) 100vw, 640px\" \/><\/p>\n<p>&nbsp;<\/p>\n<h3>Commentaires\u00a0<small>(2)<\/small><\/h3>\n<div class=\"items-container\">\n<div class=\"item item-comment media\">\n<div class=\"pull-left\">\n<p>&nbsp;<\/p>\n<p><img decoding=\"async\" class=\"media-object\" src=\"https:\/\/www.gravatar.com\/avatar\/14399b4beaefdfe5f708b5d56668aaa0?d=https%3A%2F%2Fwww.recettes-gourmandes-de-joce.com%2Fmedias%2Fstatic%2Fmanager%2Fim%2Favatar.png?s=50&amp;d=mm\" alt=\"thithoad\" width=\"50\" \/><\/p>\n<\/div>\n<div class=\"media-body\">\n<ul class=\"inline item-infos\">\n<li><span class=\"comment-number\">1.<\/span>\u00a0<span class=\"comment-author\"><strong>thithoad<\/strong>\u00a0(<a rel=\"nofollow\">site web<\/a>)<\/span>\u00a0<span class=\"comment-date\">| 14\/03\/2019<\/span><\/li>\n<\/ul>\n<div class=\"comment-content\">je me serais r\u00e9gal\u00e9e avec un bon petit caf\u00e9!!<br \/>\nbonne soir\u00e9e<\/div>\n<div class=\"item item-comment media by-webmaster\">\n<div class=\"pull-left\">\n<p>&nbsp;<\/p>\n<\/div>\n<div class=\"media-body\">\n<ul class=\"inline item-infos\">\n<li><span class=\"comment-author\"><strong>jocelyne debon<\/strong>\u00a0(<a rel=\"nofollow\">site web<\/a>)<\/span>\u00a0<span class=\"comment-date\">| 14\/03\/2019<\/span><\/li>\n<\/ul>\n<div class=\"comment-content\">Ils \u00e9taient tr\u00e8s bon et c&rsquo;est simple \u00e0 faire \ud83d\ude42<\/div>\n<div class=\"comment-content\">Bonne soir\u00e9e<\/div>\n<div class=\"comment-content\">Amicalement Joce<\/div>\n<\/div>\n<\/div>\n<\/div>\n<\/div>\n<\/div>\n","protected":false},"excerpt":{"rendered":"<p>D&rsquo;apr\u00e8s une recette vue sur le blog de \u00ab\u00a0Nuage de lait\u00a0\u00bb \u00a0 Ingr\u00e9dients pour 40 biscuits environ 50 g de farine 50 g de beurre mou 2 blancs d&rsquo;\u0153uf 100 g de sucre en poudre 1 pinc\u00e9e de sel De la noix de coco r\u00e2p\u00e9e 80 g de chocolat noir p\u00e2tissier 80 g de chocolat &hellip; <\/p>\n<p><a class=\"more-link btn\" href=\"http:\/\/recettes-gourmandes-de-joce.fr\/index.php\/index\/desserts\/biscuits-du-gouter\/biarritz-au-chocolat-noir-ou-au-lait\/\">Lire la suite<\/a><\/p>\n","protected":false},"author":2,"featured_media":87000,"parent":175,"menu_order":0,"comment_status":"open","ping_status":"closed","template":"","meta":{"footnotes":""},"class_list":["post-2845","page","type-page","status-publish","has-post-thumbnail","hentry","nodate","item-wrap"],"_links":{"self":[{"href":"http:\/\/recettes-gourmandes-de-joce.fr\/index.php\/wp-json\/wp\/v2\/pages\/2845","targetHints":{"allow":["GET"]}}],"collection":[{"href":"http:\/\/recettes-gourmandes-de-joce.fr\/index.php\/wp-json\/wp\/v2\/pages"}],"about":[{"href":"http:\/\/recettes-gourmandes-de-joce.fr\/index.php\/wp-json\/wp\/v2\/types\/page"}],"author":[{"embeddable":true,"href":"http:\/\/recettes-gourmandes-de-joce.fr\/index.php\/wp-json\/wp\/v2\/users\/2"}],"replies":[{"embeddable":true,"href":"http:\/\/recettes-gourmandes-de-joce.fr\/index.php\/wp-json\/wp\/v2\/comments?post=2845"}],"version-history":[{"count":6,"href":"http:\/\/recettes-gourmandes-de-joce.fr\/index.php\/wp-json\/wp\/v2\/pages\/2845\/revisions"}],"predecessor-version":[{"id":93903,"href":"http:\/\/recettes-gourmandes-de-joce.fr\/index.php\/wp-json\/wp\/v2\/pages\/2845\/revisions\/93903"}],"up":[{"embeddable":true,"href":"http:\/\/recettes-gourmandes-de-joce.fr\/index.php\/wp-json\/wp\/v2\/pages\/175"}],"wp:featuredmedia":[{"embeddable":true,"href":"http:\/\/recettes-gourmandes-de-joce.fr\/index.php\/wp-json\/wp\/v2\/media\/87000"}],"wp:attachment":[{"href":"http:\/\/recettes-gourmandes-de-joce.fr\/index.php\/wp-json\/wp\/v2\/media?parent=2845"}],"curies":[{"name":"wp","href":"https:\/\/api.w.org\/{rel}","templated":true}]}}