{"id":2812,"date":"2019-10-04T13:02:14","date_gmt":"2019-10-04T13:02:14","guid":{"rendered":"http:\/\/recettes-gourmandes-de-joce.fr\/?page_id=2812"},"modified":"2024-08-16T12:50:59","modified_gmt":"2024-08-16T12:50:59","slug":"pommes-de-terre-poelees-au-lard-et-saucisse-fume-sauce-au-camembert","status":"publish","type":"page","link":"http:\/\/recettes-gourmandes-de-joce.fr\/index.php\/index\/legumes\/pommes-de-terre\/pommes-de-terre-poelees-au-lard-et-saucisse-fume-sauce-au-camembert\/","title":{"rendered":"Pommes de terre po\u00eal\u00e9es au lard et saucisse fum\u00e9, sauce au camembert."},"content":{"rendered":"<p style=\"text-align: center;\"><span style=\"color: #008000; text-decoration: underline; font-family: georgia, palatino, serif;\"><em><span style=\"font-size: x-large;\">Une de mes recettes<\/span><\/em><\/span><\/p>\n<p style=\"text-align: center;\"><img loading=\"lazy\" decoding=\"async\" class=\"alignnone wp-image-69542\" src=\"http:\/\/recettes-gourmandes-de-joce.fr\/wp-content\/uploads\/2024\/04\/pdt-camembert-lard3.jpg\" alt=\"\" width=\"239\" height=\"179\" srcset=\"http:\/\/recettes-gourmandes-de-joce.fr\/wp-content\/uploads\/2024\/04\/pdt-camembert-lard3.jpg 1024w, http:\/\/recettes-gourmandes-de-joce.fr\/wp-content\/uploads\/2024\/04\/pdt-camembert-lard3-768x576.jpg 768w, http:\/\/recettes-gourmandes-de-joce.fr\/wp-content\/uploads\/2024\/04\/pdt-camembert-lard3-750x563.jpg 750w\" sizes=\"auto, (max-width: 239px) 100vw, 239px\" \/>\u00a0<img loading=\"lazy\" decoding=\"async\" class=\"alignnone wp-image-69541\" src=\"http:\/\/recettes-gourmandes-de-joce.fr\/wp-content\/uploads\/2024\/04\/pdt-camembert-lard2.jpg\" alt=\"\" width=\"264\" height=\"179\" srcset=\"http:\/\/recettes-gourmandes-de-joce.fr\/wp-content\/uploads\/2024\/04\/pdt-camembert-lard2.jpg 1024w, http:\/\/recettes-gourmandes-de-joce.fr\/wp-content\/uploads\/2024\/04\/pdt-camembert-lard2-768x520.jpg 768w, http:\/\/recettes-gourmandes-de-joce.fr\/wp-content\/uploads\/2024\/04\/pdt-camembert-lard2-750x508.jpg 750w\" sizes=\"auto, (max-width: 264px) 100vw, 264px\" \/> <img loading=\"lazy\" decoding=\"async\" class=\"alignnone wp-image-69540\" src=\"http:\/\/recettes-gourmandes-de-joce.fr\/wp-content\/uploads\/2024\/04\/pdt-camembert-lard1.jpg\" alt=\"\" width=\"239\" height=\"179\" srcset=\"http:\/\/recettes-gourmandes-de-joce.fr\/wp-content\/uploads\/2024\/04\/pdt-camembert-lard1.jpg 1024w, http:\/\/recettes-gourmandes-de-joce.fr\/wp-content\/uploads\/2024\/04\/pdt-camembert-lard1-768x576.jpg 768w, http:\/\/recettes-gourmandes-de-joce.fr\/wp-content\/uploads\/2024\/04\/pdt-camembert-lard1-750x563.jpg 750w\" sizes=\"auto, (max-width: 239px) 100vw, 239px\" \/><\/p>\n<p style=\"text-align: center;\"><span style=\"color: #008000; font-size: x-large; text-decoration: underline; font-family: georgia, palatino, serif;\"><em>Ingr\u00e9dients pour 2 personnes<\/em><\/span><\/p>\n<p style=\"text-align: center;\"><img loading=\"lazy\" decoding=\"async\" class=\"alignnone wp-image-69543\" src=\"http:\/\/recettes-gourmandes-de-joce.fr\/wp-content\/uploads\/2024\/04\/pdt-camembert-lard4.jpg\" alt=\"\" width=\"299\" height=\"200\" srcset=\"http:\/\/recettes-gourmandes-de-joce.fr\/wp-content\/uploads\/2024\/04\/pdt-camembert-lard4.jpg 1024w, http:\/\/recettes-gourmandes-de-joce.fr\/wp-content\/uploads\/2024\/04\/pdt-camembert-lard4-768x515.jpg 768w, http:\/\/recettes-gourmandes-de-joce.fr\/wp-content\/uploads\/2024\/04\/pdt-camembert-lard4-750x502.jpg 750w\" sizes=\"auto, (max-width: 299px) 100vw, 299px\" \/><\/p>\n<p style=\"text-align: center;\"><span style=\"font-size: 14pt; color: #008000;\"><em><span style=\"font-family: georgia, palatino, serif;\">10 petites pommes de terre ou 5 moyennes<\/span><\/em><\/span><\/p>\n<p style=\"text-align: center;\"><span style=\"color: #008000; font-family: georgia, palatino, serif; font-size: 14pt;\"><em>1 saucisse fum\u00e9e<\/em><\/span><\/p>\n<p style=\"text-align: center;\"><span style=\"color: #008000; font-family: georgia, palatino, serif; font-size: 14pt;\"><em>\u00bd morceau de lard fum\u00e9 cuit<\/em><\/span><\/p>\n<p style=\"text-align: center;\"><span style=\"color: #008000; font-family: georgia, palatino, serif; font-size: 14pt;\"><em>\u00bc d&rsquo;un camembert au lait cru<\/em><\/span><\/p>\n<p style=\"text-align: center;\"><span style=\"color: #008000; font-family: georgia, palatino, serif; font-size: 14pt;\"><em>3 c \u00e0 s de cr\u00e8me fra\u00eeche<\/em><\/span><\/p>\n<p style=\"text-align: center;\"><span style=\"color: #008000; font-family: georgia, palatino, serif; font-size: 14pt;\"><em>3 gousses d&rsquo;ail<\/em><\/span><\/p>\n<p style=\"text-align: center;\"><span style=\"color: #008000; font-family: georgia, palatino, serif; font-size: 14pt;\"><em>1 petit bouquet de ciboulette chinoise ou normale<\/em><\/span><\/p>\n<p style=\"text-align: center;\"><span style=\"color: #008000; font-family: georgia, palatino, serif; font-size: 14pt;\"><em>Quelques branches de persil plat<\/em><\/span><\/p>\n<p style=\"text-align: center;\"><span style=\"color: #008000; font-family: georgia, palatino, serif; font-size: 14pt;\"><em>1 c \u00e0 s d&rsquo;\u00e9pices pour pommes de terre d\u00e9tail sur ce lien -&gt; \u00c9pic\u00e9too<\/em><\/span><\/p>\n<p style=\"text-align: center;\"><span style=\"color: #008000; font-family: georgia, palatino, serif; font-size: 14pt;\"><em>Huile d&rsquo;olive<\/em><\/span><\/p>\n<p style=\"text-align: center;\"><span style=\"color: #008000; font-family: georgia, palatino, serif; font-size: 14pt;\"><em>Sel et poivre<\/em><\/span><\/p>\n<p style=\"text-align: center;\"><img loading=\"lazy\" decoding=\"async\" class=\"alignnone wp-image-69544\" src=\"http:\/\/recettes-gourmandes-de-joce.fr\/wp-content\/uploads\/2024\/04\/pdt-camembert-lard5.jpg\" alt=\"\" width=\"227\" height=\"170\" srcset=\"http:\/\/recettes-gourmandes-de-joce.fr\/wp-content\/uploads\/2024\/04\/pdt-camembert-lard5.jpg 1024w, http:\/\/recettes-gourmandes-de-joce.fr\/wp-content\/uploads\/2024\/04\/pdt-camembert-lard5-768x576.jpg 768w, http:\/\/recettes-gourmandes-de-joce.fr\/wp-content\/uploads\/2024\/04\/pdt-camembert-lard5-750x563.jpg 750w\" sizes=\"auto, (max-width: 227px) 100vw, 227px\" \/> <img loading=\"lazy\" decoding=\"async\" class=\"alignnone wp-image-69546\" src=\"http:\/\/recettes-gourmandes-de-joce.fr\/wp-content\/uploads\/2024\/04\/pdt-camembert-lard7.jpg\" alt=\"\" width=\"227\" height=\"170\" srcset=\"http:\/\/recettes-gourmandes-de-joce.fr\/wp-content\/uploads\/2024\/04\/pdt-camembert-lard7.jpg 1024w, http:\/\/recettes-gourmandes-de-joce.fr\/wp-content\/uploads\/2024\/04\/pdt-camembert-lard7-768x576.jpg 768w, http:\/\/recettes-gourmandes-de-joce.fr\/wp-content\/uploads\/2024\/04\/pdt-camembert-lard7-750x563.jpg 750w\" sizes=\"auto, (max-width: 227px) 100vw, 227px\" \/> <img loading=\"lazy\" decoding=\"async\" class=\"alignnone wp-image-69547\" src=\"http:\/\/recettes-gourmandes-de-joce.fr\/wp-content\/uploads\/2024\/04\/pdt-camembert-lard8.jpg\" alt=\"\" width=\"198\" height=\"170\" srcset=\"http:\/\/recettes-gourmandes-de-joce.fr\/wp-content\/uploads\/2024\/04\/pdt-camembert-lard8.jpg 1024w, http:\/\/recettes-gourmandes-de-joce.fr\/wp-content\/uploads\/2024\/04\/pdt-camembert-lard8-768x659.jpg 768w, http:\/\/recettes-gourmandes-de-joce.fr\/wp-content\/uploads\/2024\/04\/pdt-camembert-lard8-750x643.jpg 750w\" sizes=\"auto, (max-width: 198px) 100vw, 198px\" \/><\/p>\n<p style=\"text-align: center;\"><span style=\"color: #008000; font-family: georgia, palatino, serif; font-size: 14pt;\"><em>Mettre les pommes de terre \u00e0 cuire dans une casserole d&rsquo;eau sal\u00e9e, pendant ce temps, Lorsque les pommes de terre sont cuites, les peler, l<\/em><\/span><em style=\"color: #008000; font-family: georgia, palatino, serif; font-size: 18.6667px;\">es couper en morceaux et r\u00e9server.<\/em><\/p>\n<p style=\"text-align: center;\"><img loading=\"lazy\" decoding=\"async\" class=\"alignnone wp-image-69545\" src=\"http:\/\/recettes-gourmandes-de-joce.fr\/wp-content\/uploads\/2024\/04\/pdt-camembert-lard6.jpg\" alt=\"\" width=\"248\" height=\"170\" srcset=\"http:\/\/recettes-gourmandes-de-joce.fr\/wp-content\/uploads\/2024\/04\/pdt-camembert-lard6.jpg 1024w, http:\/\/recettes-gourmandes-de-joce.fr\/wp-content\/uploads\/2024\/04\/pdt-camembert-lard6-768x527.jpg 768w, http:\/\/recettes-gourmandes-de-joce.fr\/wp-content\/uploads\/2024\/04\/pdt-camembert-lard6-750x514.jpg 750w\" sizes=\"auto, (max-width: 248px) 100vw, 248px\" \/> <img loading=\"lazy\" decoding=\"async\" class=\"alignnone wp-image-69548\" src=\"http:\/\/recettes-gourmandes-de-joce.fr\/wp-content\/uploads\/2024\/04\/pdt-camembert-lard9.jpg\" alt=\"\" width=\"226\" height=\"170\" srcset=\"http:\/\/recettes-gourmandes-de-joce.fr\/wp-content\/uploads\/2024\/04\/pdt-camembert-lard9.jpg 1024w, http:\/\/recettes-gourmandes-de-joce.fr\/wp-content\/uploads\/2024\/04\/pdt-camembert-lard9-768x577.jpg 768w, http:\/\/recettes-gourmandes-de-joce.fr\/wp-content\/uploads\/2024\/04\/pdt-camembert-lard9-750x563.jpg 750w\" sizes=\"auto, (max-width: 226px) 100vw, 226px\" \/> <img loading=\"lazy\" decoding=\"async\" class=\"alignnone wp-image-69549\" src=\"http:\/\/recettes-gourmandes-de-joce.fr\/wp-content\/uploads\/2024\/04\/pdt-camembert-lard10.jpg\" alt=\"\" width=\"230\" height=\"170\" srcset=\"http:\/\/recettes-gourmandes-de-joce.fr\/wp-content\/uploads\/2024\/04\/pdt-camembert-lard10.jpg 1024w, http:\/\/recettes-gourmandes-de-joce.fr\/wp-content\/uploads\/2024\/04\/pdt-camembert-lard10-768x569.jpg 768w, http:\/\/recettes-gourmandes-de-joce.fr\/wp-content\/uploads\/2024\/04\/pdt-camembert-lard10-750x555.jpg 750w\" sizes=\"auto, (max-width: 230px) 100vw, 230px\" \/><\/p>\n<p style=\"text-align: center;\"><span style=\"color: #008000; font-family: georgia, palatino, serif; font-size: 14pt;\"><em>Couper la saucisse en tranches fines, le lard en petits morceaux, peler, d\u00e9germer et hacher finement l&rsquo;ail. Laver et ciseler le persil et la ciboulette, enlever la cro\u00fbte du camembert et coupez-le en petits d\u00e9s. <\/em><em>Dans un bol, mettre la cr\u00e8me fra\u00eeche, le camembert, poivrer et faire fondre au micro-ondes 1 minute environ, m\u00e9langer et\u00a0r\u00e9server.<\/em><\/span><\/p>\n<p style=\"text-align: center;\"><img loading=\"lazy\" decoding=\"async\" class=\"alignnone wp-image-67473\" src=\"http:\/\/recettes-gourmandes-de-joce.fr\/wp-content\/uploads\/2024\/04\/macaronis-chorizo6.jpg\" alt=\"\" width=\"227\" height=\"170\" srcset=\"http:\/\/recettes-gourmandes-de-joce.fr\/wp-content\/uploads\/2024\/04\/macaronis-chorizo6.jpg 800w, http:\/\/recettes-gourmandes-de-joce.fr\/wp-content\/uploads\/2024\/04\/macaronis-chorizo6-768x576.jpg 768w, http:\/\/recettes-gourmandes-de-joce.fr\/wp-content\/uploads\/2024\/04\/macaronis-chorizo6-750x563.jpg 750w\" sizes=\"auto, (max-width: 227px) 100vw, 227px\" \/> <img loading=\"lazy\" decoding=\"async\" class=\"alignnone wp-image-69550\" src=\"http:\/\/recettes-gourmandes-de-joce.fr\/wp-content\/uploads\/2024\/04\/pdt-camembert-lard11.jpg\" alt=\"\" width=\"227\" height=\"170\" srcset=\"http:\/\/recettes-gourmandes-de-joce.fr\/wp-content\/uploads\/2024\/04\/pdt-camembert-lard11.jpg 1024w, http:\/\/recettes-gourmandes-de-joce.fr\/wp-content\/uploads\/2024\/04\/pdt-camembert-lard11-768x576.jpg 768w, http:\/\/recettes-gourmandes-de-joce.fr\/wp-content\/uploads\/2024\/04\/pdt-camembert-lard11-750x563.jpg 750w\" sizes=\"auto, (max-width: 227px) 100vw, 227px\" \/> <img loading=\"lazy\" decoding=\"async\" class=\"alignnone wp-image-69551\" src=\"http:\/\/recettes-gourmandes-de-joce.fr\/wp-content\/uploads\/2024\/04\/pdt-camembert-lard12.jpg\" alt=\"\" width=\"203\" height=\"170\" srcset=\"http:\/\/recettes-gourmandes-de-joce.fr\/wp-content\/uploads\/2024\/04\/pdt-camembert-lard12.jpg 1024w, http:\/\/recettes-gourmandes-de-joce.fr\/wp-content\/uploads\/2024\/04\/pdt-camembert-lard12-768x642.jpg 768w, http:\/\/recettes-gourmandes-de-joce.fr\/wp-content\/uploads\/2024\/04\/pdt-camembert-lard12-750x627.jpg 750w\" sizes=\"auto, (max-width: 203px) 100vw, 203px\" \/><\/p>\n<p style=\"text-align: center;\"><span style=\"color: #008000; font-family: georgia, palatino, serif; font-size: 14pt;\"><em>Dans une po\u00eale, mettre un filet d&rsquo;huile d&rsquo;olive et y faire suer l&rsquo;ail, ajouter ensuite les lardons, les rondelles de saucisses, laisser suer quelques instants et ajouter les pommes de terre, m\u00e9langer et laisser l\u00e9g\u00e8rement dorer en remuant.<\/em><\/span><\/p>\n<p style=\"text-align: center;\"><img loading=\"lazy\" decoding=\"async\" class=\"alignnone wp-image-69552\" src=\"http:\/\/recettes-gourmandes-de-joce.fr\/wp-content\/uploads\/2024\/04\/pdt-camembert-lard13.jpg\" alt=\"\" width=\"201\" height=\"170\" srcset=\"http:\/\/recettes-gourmandes-de-joce.fr\/wp-content\/uploads\/2024\/04\/pdt-camembert-lard13.jpg 1024w, http:\/\/recettes-gourmandes-de-joce.fr\/wp-content\/uploads\/2024\/04\/pdt-camembert-lard13-768x650.jpg 768w, http:\/\/recettes-gourmandes-de-joce.fr\/wp-content\/uploads\/2024\/04\/pdt-camembert-lard13-750x635.jpg 750w\" sizes=\"auto, (max-width: 201px) 100vw, 201px\" \/> <img loading=\"lazy\" decoding=\"async\" class=\"alignnone wp-image-69553\" src=\"http:\/\/recettes-gourmandes-de-joce.fr\/wp-content\/uploads\/2024\/04\/pdt-camembert-lard14.jpg\" alt=\"\" width=\"213\" height=\"170\" srcset=\"http:\/\/recettes-gourmandes-de-joce.fr\/wp-content\/uploads\/2024\/04\/pdt-camembert-lard14.jpg 1024w, http:\/\/recettes-gourmandes-de-joce.fr\/wp-content\/uploads\/2024\/04\/pdt-camembert-lard14-768x613.jpg 768w, http:\/\/recettes-gourmandes-de-joce.fr\/wp-content\/uploads\/2024\/04\/pdt-camembert-lard14-750x598.jpg 750w\" sizes=\"auto, (max-width: 213px) 100vw, 213px\" \/> <img loading=\"lazy\" decoding=\"async\" class=\"alignnone wp-image-69554\" src=\"http:\/\/recettes-gourmandes-de-joce.fr\/wp-content\/uploads\/2024\/04\/pdt-camembert-lard15.jpg\" alt=\"\" width=\"227\" height=\"170\" srcset=\"http:\/\/recettes-gourmandes-de-joce.fr\/wp-content\/uploads\/2024\/04\/pdt-camembert-lard15.jpg 1024w, http:\/\/recettes-gourmandes-de-joce.fr\/wp-content\/uploads\/2024\/04\/pdt-camembert-lard15-768x576.jpg 768w, http:\/\/recettes-gourmandes-de-joce.fr\/wp-content\/uploads\/2024\/04\/pdt-camembert-lard15-750x563.jpg 750w\" sizes=\"auto, (max-width: 227px) 100vw, 227px\" \/><\/p>\n<p style=\"text-align: center;\"><span style=\"color: #008000; font-family: georgia, palatino, serif; font-size: 14pt;\"><em>Ajouter ensuite la ciboulette et le persil. <\/em><em>M\u00e9langer, ajouter la sauce au camembert.<\/em><\/span><\/p>\n<p style=\"text-align: center;\"><img loading=\"lazy\" decoding=\"async\" class=\"alignnone wp-image-69536\" src=\"http:\/\/recettes-gourmandes-de-joce.fr\/wp-content\/uploads\/2024\/04\/pdt-camembert-lard16.jpg\" alt=\"\" width=\"216\" height=\"170\" srcset=\"http:\/\/recettes-gourmandes-de-joce.fr\/wp-content\/uploads\/2024\/04\/pdt-camembert-lard16.jpg 1024w, http:\/\/recettes-gourmandes-de-joce.fr\/wp-content\/uploads\/2024\/04\/pdt-camembert-lard16-768x605.jpg 768w, http:\/\/recettes-gourmandes-de-joce.fr\/wp-content\/uploads\/2024\/04\/pdt-camembert-lard16-750x590.jpg 750w\" sizes=\"auto, (max-width: 216px) 100vw, 216px\" \/><\/p>\n<p style=\"text-align: center;\"><span style=\"color: #008000; font-family: georgia, palatino, serif; font-size: 14pt;\"><em> M\u00e9langer \u00e0 nouveau et arr\u00eater la cuisson, go\u00fbter et rectifier \u00e9ventuellement l&rsquo;assaisonnement. Id\u00e9al un soir avec une bonne salade verte assaisonn\u00e9e.<\/em><\/span><\/p>\n<p style=\"text-align: center;\"><span style=\"color: #008000; font-family: georgia, palatino, serif; font-size: 14pt;\"><em>Bon app\u00e9tit!<\/em><\/span><\/p>\n<p style=\"text-align: center;\"><img loading=\"lazy\" decoding=\"async\" class=\"alignnone wp-image-69539\" src=\"http:\/\/recettes-gourmandes-de-joce.fr\/wp-content\/uploads\/2024\/04\/pdt-camembert-lard19.jpg\" alt=\"\" width=\"258\" height=\"180\" srcset=\"http:\/\/recettes-gourmandes-de-joce.fr\/wp-content\/uploads\/2024\/04\/pdt-camembert-lard19.jpg 1024w, http:\/\/recettes-gourmandes-de-joce.fr\/wp-content\/uploads\/2024\/04\/pdt-camembert-lard19-768x536.jpg 768w, http:\/\/recettes-gourmandes-de-joce.fr\/wp-content\/uploads\/2024\/04\/pdt-camembert-lard19-750x523.jpg 750w\" sizes=\"auto, (max-width: 258px) 100vw, 258px\" \/> <img loading=\"lazy\" decoding=\"async\" class=\"alignnone wp-image-69538\" src=\"http:\/\/recettes-gourmandes-de-joce.fr\/wp-content\/uploads\/2024\/04\/pdt-camembert-lard18.jpg\" alt=\"\" width=\"222\" height=\"180\" srcset=\"http:\/\/recettes-gourmandes-de-joce.fr\/wp-content\/uploads\/2024\/04\/pdt-camembert-lard18.jpg 1024w, http:\/\/recettes-gourmandes-de-joce.fr\/wp-content\/uploads\/2024\/04\/pdt-camembert-lard18-768x623.jpg 768w, http:\/\/recettes-gourmandes-de-joce.fr\/wp-content\/uploads\/2024\/04\/pdt-camembert-lard18-750x609.jpg 750w\" sizes=\"auto, (max-width: 222px) 100vw, 222px\" \/> <img loading=\"lazy\" decoding=\"async\" class=\"alignnone wp-image-69537\" src=\"http:\/\/recettes-gourmandes-de-joce.fr\/wp-content\/uploads\/2024\/04\/pdt-camembert-lard17.jpg\" alt=\"\" width=\"255\" height=\"180\" srcset=\"http:\/\/recettes-gourmandes-de-joce.fr\/wp-content\/uploads\/2024\/04\/pdt-camembert-lard17.jpg 1024w, http:\/\/recettes-gourmandes-de-joce.fr\/wp-content\/uploads\/2024\/04\/pdt-camembert-lard17-768x543.jpg 768w, http:\/\/recettes-gourmandes-de-joce.fr\/wp-content\/uploads\/2024\/04\/pdt-camembert-lard17-750x530.jpg 750w\" sizes=\"auto, (max-width: 255px) 100vw, 255px\" \/><\/p>\n<p style=\"text-align: center;\"><img loading=\"lazy\" decoding=\"async\" class=\"alignnone size-full wp-image-59803\" src=\"http:\/\/recettes-gourmandes-de-joce.fr\/wp-content\/uploads\/2024\/01\/logitech-gaming-software-14112014-121223.jpg\" alt=\"\" width=\"640\" height=\"144\" \/><\/p>\n","protected":false},"excerpt":{"rendered":"<p>Une de mes recettes \u00a0 Ingr\u00e9dients pour 2 personnes 10 petites pommes de terre ou 5 moyennes 1 saucisse fum\u00e9e \u00bd morceau de lard fum\u00e9 cuit \u00bc d&rsquo;un camembert au lait cru 3 c \u00e0 s de cr\u00e8me fra\u00eeche 3 gousses d&rsquo;ail 1 petit bouquet de ciboulette chinoise ou normale Quelques branches de persil plat &hellip; <\/p>\n<p><a class=\"more-link btn\" href=\"http:\/\/recettes-gourmandes-de-joce.fr\/index.php\/index\/legumes\/pommes-de-terre\/pommes-de-terre-poelees-au-lard-et-saucisse-fume-sauce-au-camembert\/\">Lire la suite<\/a><\/p>\n","protected":false},"author":2,"featured_media":69539,"parent":943,"menu_order":0,"comment_status":"open","ping_status":"closed","template":"","meta":{"footnotes":""},"class_list":["post-2812","page","type-page","status-publish","has-post-thumbnail","hentry","nodate","item-wrap"],"_links":{"self":[{"href":"http:\/\/recettes-gourmandes-de-joce.fr\/index.php\/wp-json\/wp\/v2\/pages\/2812","targetHints":{"allow":["GET"]}}],"collection":[{"href":"http:\/\/recettes-gourmandes-de-joce.fr\/index.php\/wp-json\/wp\/v2\/pages"}],"about":[{"href":"http:\/\/recettes-gourmandes-de-joce.fr\/index.php\/wp-json\/wp\/v2\/types\/page"}],"author":[{"embeddable":true,"href":"http:\/\/recettes-gourmandes-de-joce.fr\/index.php\/wp-json\/wp\/v2\/users\/2"}],"replies":[{"embeddable":true,"href":"http:\/\/recettes-gourmandes-de-joce.fr\/index.php\/wp-json\/wp\/v2\/comments?post=2812"}],"version-history":[{"count":5,"href":"http:\/\/recettes-gourmandes-de-joce.fr\/index.php\/wp-json\/wp\/v2\/pages\/2812\/revisions"}],"predecessor-version":[{"id":88926,"href":"http:\/\/recettes-gourmandes-de-joce.fr\/index.php\/wp-json\/wp\/v2\/pages\/2812\/revisions\/88926"}],"up":[{"embeddable":true,"href":"http:\/\/recettes-gourmandes-de-joce.fr\/index.php\/wp-json\/wp\/v2\/pages\/943"}],"wp:featuredmedia":[{"embeddable":true,"href":"http:\/\/recettes-gourmandes-de-joce.fr\/index.php\/wp-json\/wp\/v2\/media\/69539"}],"wp:attachment":[{"href":"http:\/\/recettes-gourmandes-de-joce.fr\/index.php\/wp-json\/wp\/v2\/media?parent=2812"}],"curies":[{"name":"wp","href":"https:\/\/api.w.org\/{rel}","templated":true}]}}