{"id":2799,"date":"2019-10-04T12:51:01","date_gmt":"2019-10-04T12:51:01","guid":{"rendered":"http:\/\/recettes-gourmandes-de-joce.fr\/?page_id=2799"},"modified":"2025-03-25T10:06:02","modified_gmt":"2025-03-25T10:06:02","slug":"saucisses-fumees-allemandes-pommes-de-terre-et-sauce-basilic-aux-poivrons","status":"publish","type":"page","link":"http:\/\/recettes-gourmandes-de-joce.fr\/index.php\/index\/viandes\/saucisses-chipolatas-merguez-andouille-etc\/saucisses-fumees-allemandes-pommes-de-terre-et-sauce-basilic-aux-poivrons\/","title":{"rendered":"Saucisses fum\u00e9es allemandes, pommes de terre et sauce basilic aux poivrons."},"content":{"rendered":"<p style=\"text-align: center;\"><span style=\"color: #ff6633;\"><span style=\"font-size: 24px;\"><span style=\"font-family: georgia,serif;\"><u><em>Une de mes recettes<\/em><\/u><\/span><\/span><\/span><\/p>\n<p style=\"text-align: center;\"><img loading=\"lazy\" decoding=\"async\" class=\"alignnone wp-image-69523\" src=\"http:\/\/recettes-gourmandes-de-joce.fr\/wp-content\/uploads\/2024\/04\/pdt-basilic3.jpg\" alt=\"\" width=\"228\" height=\"180\" srcset=\"http:\/\/recettes-gourmandes-de-joce.fr\/wp-content\/uploads\/2024\/04\/pdt-basilic3.jpg 1024w, http:\/\/recettes-gourmandes-de-joce.fr\/wp-content\/uploads\/2024\/04\/pdt-basilic3-768x607.jpg 768w, http:\/\/recettes-gourmandes-de-joce.fr\/wp-content\/uploads\/2024\/04\/pdt-basilic3-750x593.jpg 750w\" sizes=\"auto, (max-width: 228px) 100vw, 228px\" \/> <img loading=\"lazy\" decoding=\"async\" class=\"alignnone wp-image-69522\" src=\"http:\/\/recettes-gourmandes-de-joce.fr\/wp-content\/uploads\/2024\/04\/pdt-basilic2.jpg\" alt=\"\" width=\"240\" height=\"180\" srcset=\"http:\/\/recettes-gourmandes-de-joce.fr\/wp-content\/uploads\/2024\/04\/pdt-basilic2.jpg 1024w, http:\/\/recettes-gourmandes-de-joce.fr\/wp-content\/uploads\/2024\/04\/pdt-basilic2-768x576.jpg 768w, http:\/\/recettes-gourmandes-de-joce.fr\/wp-content\/uploads\/2024\/04\/pdt-basilic2-750x563.jpg 750w\" sizes=\"auto, (max-width: 240px) 100vw, 240px\" \/> <img loading=\"lazy\" decoding=\"async\" class=\"alignnone wp-image-69521\" src=\"http:\/\/recettes-gourmandes-de-joce.fr\/wp-content\/uploads\/2024\/04\/pdt-basilic1.jpg\" alt=\"\" width=\"232\" height=\"180\" srcset=\"http:\/\/recettes-gourmandes-de-joce.fr\/wp-content\/uploads\/2024\/04\/pdt-basilic1.jpg 1024w, http:\/\/recettes-gourmandes-de-joce.fr\/wp-content\/uploads\/2024\/04\/pdt-basilic1-768x597.jpg 768w, http:\/\/recettes-gourmandes-de-joce.fr\/wp-content\/uploads\/2024\/04\/pdt-basilic1-750x583.jpg 750w\" sizes=\"auto, (max-width: 232px) 100vw, 232px\" \/><\/p>\n<p style=\"text-align: center;\"><span style=\"color: #ff6633;\"><span style=\"font-size: 24px;\"><span style=\"font-family: georgia,serif;\"><u><em>Ingr\u00e9dients pour 2 personnes<\/em><\/u><\/span><\/span><\/span><\/p>\n<p style=\"text-align: center;\"><img loading=\"lazy\" decoding=\"async\" class=\"alignnone wp-image-69524\" src=\"http:\/\/recettes-gourmandes-de-joce.fr\/wp-content\/uploads\/2024\/04\/pdt-basilic4.jpg\" alt=\"\" width=\"234\" height=\"200\" srcset=\"http:\/\/recettes-gourmandes-de-joce.fr\/wp-content\/uploads\/2024\/04\/pdt-basilic4.jpg 1024w, http:\/\/recettes-gourmandes-de-joce.fr\/wp-content\/uploads\/2024\/04\/pdt-basilic4-768x658.jpg 768w, http:\/\/recettes-gourmandes-de-joce.fr\/wp-content\/uploads\/2024\/04\/pdt-basilic4-750x642.jpg 750w\" sizes=\"auto, (max-width: 234px) 100vw, 234px\" \/><\/p>\n<p style=\"text-align: center;\"><span style=\"color: #ff6633; font-size: 14pt;\"><span style=\"font-family: georgia,serif;\"><em>8 petites pommes de terre<\/em><\/span><\/span><\/p>\n<p style=\"text-align: center;\"><span style=\"color: #ff6633; font-size: 14pt;\"><span style=\"font-family: georgia,serif;\"><em>2 saucisses fum\u00e9es<\/em><\/span><\/span><\/p>\n<p style=\"text-align: center;\"><span style=\"color: #ff6633; font-size: 14pt;\"><span style=\"font-family: georgia,serif;\"><em>\u00bc de poivron rouge<\/em><\/span><\/span><\/p>\n<p style=\"text-align: center;\"><span style=\"color: #ff6633; font-size: 14pt;\"><span style=\"font-family: georgia,serif;\"><em>\u00bc de poivron jaune<\/em><\/span><\/span><\/p>\n<p style=\"text-align: center;\"><span style=\"color: #ff6633; font-size: 14pt;\"><span style=\"font-family: georgia,serif;\"><em>1 petit bol de sauce au basilic<\/em><\/span><\/span><\/p>\n<p style=\"text-align: center;\"><span style=\"color: #ff6633; font-size: 14pt;\"><span style=\"font-family: georgia,serif;\"><em>2 pinc\u00e9es de piment d&rsquo;Espelette<\/em><\/span><\/span><\/p>\n<p style=\"text-align: center;\"><span style=\"color: #ff6633; font-size: 14pt;\"><span style=\"font-family: georgia,serif;\"><em>Sel et poivre<\/em><\/span><\/span><\/p>\n<p style=\"text-align: center;\"><span style=\"color: #ff6633; font-size: 14pt;\"><span style=\"font-family: georgia,serif;\"><em>Recette de la sauce au basilic sur ce lien -&gt; <a href=\"http:\/\/recettes-gourmandes-de-joce.fr\/index.php\/index\/sauces-assaisonnements\/sauces-froides\/sauce-au-basilic\/\">Sauce au basilic<\/a><\/em><\/span><\/span><\/p>\n<p style=\"text-align: center;\"><img loading=\"lazy\" decoding=\"async\" class=\"alignnone wp-image-69525\" src=\"http:\/\/recettes-gourmandes-de-joce.fr\/wp-content\/uploads\/2024\/04\/pdt-basilic5.jpg\" alt=\"\" width=\"238\" height=\"170\" \/> <img loading=\"lazy\" decoding=\"async\" class=\"alignnone wp-image-69526\" src=\"http:\/\/recettes-gourmandes-de-joce.fr\/wp-content\/uploads\/2024\/04\/pdt-basilic6.jpg\" alt=\"\" width=\"238\" height=\"170\" \/> <img loading=\"lazy\" decoding=\"async\" class=\"alignnone wp-image-69527\" src=\"http:\/\/recettes-gourmandes-de-joce.fr\/wp-content\/uploads\/2024\/04\/pdt-basilic7.jpg\" alt=\"\" width=\"227\" height=\"170\" srcset=\"http:\/\/recettes-gourmandes-de-joce.fr\/wp-content\/uploads\/2024\/04\/pdt-basilic7.jpg 1024w, http:\/\/recettes-gourmandes-de-joce.fr\/wp-content\/uploads\/2024\/04\/pdt-basilic7-768x576.jpg 768w, http:\/\/recettes-gourmandes-de-joce.fr\/wp-content\/uploads\/2024\/04\/pdt-basilic7-750x563.jpg 750w\" sizes=\"auto, (max-width: 227px) 100vw, 227px\" \/><\/p>\n<p style=\"text-align: center;\"><span style=\"color: #ff6633; font-size: 14pt;\"><span style=\"font-family: georgia,serif;\"><em>R\u00e9aliser la sauce au basilic, peler les pommes de terre, les laver et les couper en quartiers, les mettre dans une marmite avec 1 c \u00e0 s de gros sel.<\/em><\/span><\/span><\/p>\n<p style=\"text-align: center;\"><img loading=\"lazy\" decoding=\"async\" class=\"alignnone wp-image-69528\" src=\"http:\/\/recettes-gourmandes-de-joce.fr\/wp-content\/uploads\/2024\/04\/pdt-basilic8.jpg\" alt=\"\" width=\"227\" height=\"170\" srcset=\"http:\/\/recettes-gourmandes-de-joce.fr\/wp-content\/uploads\/2024\/04\/pdt-basilic8.jpg 1024w, http:\/\/recettes-gourmandes-de-joce.fr\/wp-content\/uploads\/2024\/04\/pdt-basilic8-768x576.jpg 768w, http:\/\/recettes-gourmandes-de-joce.fr\/wp-content\/uploads\/2024\/04\/pdt-basilic8-750x563.jpg 750w\" sizes=\"auto, (max-width: 227px) 100vw, 227px\" \/> <img loading=\"lazy\" decoding=\"async\" class=\"alignnone wp-image-69529\" src=\"http:\/\/recettes-gourmandes-de-joce.fr\/wp-content\/uploads\/2024\/04\/pdt-basilic9.jpg\" alt=\"\" width=\"227\" height=\"170\" srcset=\"http:\/\/recettes-gourmandes-de-joce.fr\/wp-content\/uploads\/2024\/04\/pdt-basilic9.jpg 1024w, http:\/\/recettes-gourmandes-de-joce.fr\/wp-content\/uploads\/2024\/04\/pdt-basilic9-768x576.jpg 768w, http:\/\/recettes-gourmandes-de-joce.fr\/wp-content\/uploads\/2024\/04\/pdt-basilic9-750x563.jpg 750w\" sizes=\"auto, (max-width: 227px) 100vw, 227px\" \/> <img loading=\"lazy\" decoding=\"async\" class=\"alignnone wp-image-69530\" src=\"http:\/\/recettes-gourmandes-de-joce.fr\/wp-content\/uploads\/2024\/04\/pdt-basilic10.jpg\" alt=\"\" width=\"184\" height=\"170\" srcset=\"http:\/\/recettes-gourmandes-de-joce.fr\/wp-content\/uploads\/2024\/04\/pdt-basilic10.jpg 1024w, http:\/\/recettes-gourmandes-de-joce.fr\/wp-content\/uploads\/2024\/04\/pdt-basilic10-768x710.jpg 768w, http:\/\/recettes-gourmandes-de-joce.fr\/wp-content\/uploads\/2024\/04\/pdt-basilic10-750x694.jpg 750w\" sizes=\"auto, (max-width: 184px) 100vw, 184px\" \/><\/p>\n<p style=\"text-align: center;\"><span style=\"color: #ff6633; font-size: 14pt;\"><span style=\"font-family: georgia,serif;\"><em>Ajouter 3 c \u00e0 s de sauce au basilic et couvrir d&rsquo;eau. Mettre \u00e0 cuire. Pendant ce temps couper les saucisses en biais, couper les poivrons en petits d\u00e9s.<\/em><\/span><\/span><\/p>\n<p style=\"text-align: center;\"><img loading=\"lazy\" decoding=\"async\" class=\"alignnone wp-image-69531\" src=\"http:\/\/recettes-gourmandes-de-joce.fr\/wp-content\/uploads\/2024\/04\/pdt-basilic11.jpg\" alt=\"\" width=\"227\" height=\"170\" srcset=\"http:\/\/recettes-gourmandes-de-joce.fr\/wp-content\/uploads\/2024\/04\/pdt-basilic11.jpg 1024w, http:\/\/recettes-gourmandes-de-joce.fr\/wp-content\/uploads\/2024\/04\/pdt-basilic11-768x576.jpg 768w, http:\/\/recettes-gourmandes-de-joce.fr\/wp-content\/uploads\/2024\/04\/pdt-basilic11-750x563.jpg 750w\" sizes=\"auto, (max-width: 227px) 100vw, 227px\" \/> <img loading=\"lazy\" decoding=\"async\" class=\"alignnone wp-image-69532\" src=\"http:\/\/recettes-gourmandes-de-joce.fr\/wp-content\/uploads\/2024\/04\/pdt-basilic12.jpg\" alt=\"\" width=\"227\" height=\"170\" srcset=\"http:\/\/recettes-gourmandes-de-joce.fr\/wp-content\/uploads\/2024\/04\/pdt-basilic12.jpg 1024w, http:\/\/recettes-gourmandes-de-joce.fr\/wp-content\/uploads\/2024\/04\/pdt-basilic12-768x576.jpg 768w, http:\/\/recettes-gourmandes-de-joce.fr\/wp-content\/uploads\/2024\/04\/pdt-basilic12-750x563.jpg 750w\" sizes=\"auto, (max-width: 227px) 100vw, 227px\" \/> <img loading=\"lazy\" decoding=\"async\" class=\"alignnone wp-image-69533\" src=\"http:\/\/recettes-gourmandes-de-joce.fr\/wp-content\/uploads\/2024\/04\/pdt-basilic13.jpg\" alt=\"\" width=\"182\" height=\"170\" srcset=\"http:\/\/recettes-gourmandes-de-joce.fr\/wp-content\/uploads\/2024\/04\/pdt-basilic13.jpg 1024w, http:\/\/recettes-gourmandes-de-joce.fr\/wp-content\/uploads\/2024\/04\/pdt-basilic13-768x719.jpg 768w, http:\/\/recettes-gourmandes-de-joce.fr\/wp-content\/uploads\/2024\/04\/pdt-basilic13-750x702.jpg 750w\" sizes=\"auto, (max-width: 182px) 100vw, 182px\" \/><\/p>\n<p style=\"text-align: center;\"><span style=\"color: #ff6633; font-size: 14pt;\"><span style=\"font-family: georgia,serif;\"><em>Dans un bol, m\u00e9langer les poivrons avec le reste de la sauce au basilic, ajouter le piment d&rsquo;Espelette et m\u00e9langer. D\u00e8s qu&rsquo;elles sont cuites \u00e9goutter les pommes de terre.<\/em><\/span><\/span><\/p>\n<p style=\"text-align: center;\"><img loading=\"lazy\" decoding=\"async\" class=\"alignnone wp-image-69534\" src=\"http:\/\/recettes-gourmandes-de-joce.fr\/wp-content\/uploads\/2024\/04\/pdt-basilic14.jpg\" alt=\"\" width=\"227\" height=\"170\" srcset=\"http:\/\/recettes-gourmandes-de-joce.fr\/wp-content\/uploads\/2024\/04\/pdt-basilic14.jpg 1024w, http:\/\/recettes-gourmandes-de-joce.fr\/wp-content\/uploads\/2024\/04\/pdt-basilic14-768x576.jpg 768w, http:\/\/recettes-gourmandes-de-joce.fr\/wp-content\/uploads\/2024\/04\/pdt-basilic14-750x563.jpg 750w\" sizes=\"auto, (max-width: 227px) 100vw, 227px\" \/><\/p>\n<p style=\"text-align: center;\"><span style=\"color: #ff6633; font-size: 14pt;\"><span style=\"font-family: georgia,serif;\"><em>R\u00e9chauffer les saucisses quelques instants dans une po\u00eale, dresser vos assiettes en alternant tranches de saucisse et quartiers de pommes de terre, r\u00e9partir la sauce aux poivrons autour et servir sans attendre.<\/em><\/span><\/span><\/p>\n<p style=\"text-align: center;\"><span style=\"color: #ff6633; font-size: 14pt;\"><span style=\"font-family: georgia,serif;\"><em>Bon app\u00e9tit!<\/em><\/span><\/span><\/p>\n<p style=\"text-align: center;\">\u00a0<img loading=\"lazy\" decoding=\"async\" class=\"alignnone wp-image-69520\" src=\"http:\/\/recettes-gourmandes-de-joce.fr\/wp-content\/uploads\/2024\/04\/pdt-basilic17.jpg\" alt=\"\" width=\"240\" height=\"180\" srcset=\"http:\/\/recettes-gourmandes-de-joce.fr\/wp-content\/uploads\/2024\/04\/pdt-basilic17.jpg 1024w, http:\/\/recettes-gourmandes-de-joce.fr\/wp-content\/uploads\/2024\/04\/pdt-basilic17-768x576.jpg 768w, http:\/\/recettes-gourmandes-de-joce.fr\/wp-content\/uploads\/2024\/04\/pdt-basilic17-750x563.jpg 750w\" sizes=\"auto, (max-width: 240px) 100vw, 240px\" \/> <img loading=\"lazy\" decoding=\"async\" class=\"alignnone wp-image-69519\" src=\"http:\/\/recettes-gourmandes-de-joce.fr\/wp-content\/uploads\/2024\/04\/pdt-basilic16.jpg\" alt=\"\" width=\"263\" height=\"180\" srcset=\"http:\/\/recettes-gourmandes-de-joce.fr\/wp-content\/uploads\/2024\/04\/pdt-basilic16.jpg 1024w, http:\/\/recettes-gourmandes-de-joce.fr\/wp-content\/uploads\/2024\/04\/pdt-basilic16-768x527.jpg 768w, http:\/\/recettes-gourmandes-de-joce.fr\/wp-content\/uploads\/2024\/04\/pdt-basilic16-750x514.jpg 750w\" sizes=\"auto, (max-width: 263px) 100vw, 263px\" \/> <img loading=\"lazy\" decoding=\"async\" class=\"alignnone wp-image-69535\" src=\"http:\/\/recettes-gourmandes-de-joce.fr\/wp-content\/uploads\/2024\/04\/pdt-basilic15.jpg\" alt=\"\" width=\"215\" height=\"180\" srcset=\"http:\/\/recettes-gourmandes-de-joce.fr\/wp-content\/uploads\/2024\/04\/pdt-basilic15.jpg 1024w, http:\/\/recettes-gourmandes-de-joce.fr\/wp-content\/uploads\/2024\/04\/pdt-basilic15-768x643.jpg 768w, http:\/\/recettes-gourmandes-de-joce.fr\/wp-content\/uploads\/2024\/04\/pdt-basilic15-750x628.jpg 750w\" sizes=\"auto, (max-width: 215px) 100vw, 215px\" \/><\/p>\n<p style=\"text-align: center;\"><img loading=\"lazy\" decoding=\"async\" class=\"alignnone wp-image-44943 size-full\" src=\"http:\/\/recettes-gourmandes-de-joce.fr\/wp-content\/uploads\/2022\/05\/logitech-gaming-software-14112014-121223.jpg\" alt=\"\" width=\"640\" height=\"144\" srcset=\"http:\/\/recettes-gourmandes-de-joce.fr\/wp-content\/uploads\/2022\/05\/logitech-gaming-software-14112014-121223.jpg 640w, http:\/\/recettes-gourmandes-de-joce.fr\/wp-content\/uploads\/2022\/05\/logitech-gaming-software-14112014-121223-300x68.jpg 300w\" sizes=\"auto, (max-width: 640px) 100vw, 640px\" \/><\/p>\n<h3>Commentaires\u00a0<small>(6)<\/small><\/h3>\n<div class=\"items-container\">\n<div class=\"item item-comment media\">\n<div class=\"pull-left\">\n<p>&nbsp;<\/p>\n<p><img decoding=\"async\" class=\"media-object\" src=\"https:\/\/www.gravatar.com\/avatar\/6603a39b27931ab5d8f2b8eaa251f1bb?d=https%3A%2F%2Fwww.recettes-gourmandes-de-joce.com%2Fmedias%2Fstatic%2Fmanager%2Fim%2Favatar.png?s=50&amp;d=mm\" alt=\"Agn\u00e8s\" width=\"50\" \/><\/p>\n<\/div>\n<div class=\"media-body\">\n<ul class=\"inline item-infos\">\n<li><span class=\"comment-number\">1.<\/span>\u00a0<span class=\"comment-author\"><strong>Agn\u00e8s<\/strong><\/span>\u00a0<span class=\"comment-date\">| 21\/07\/2016<\/span><\/li>\n<\/ul>\n<div class=\"comment-content\">Bonsoir, alors j&rsquo;ai fait votre recette \u00e0 la lettre et mon mari et moi on a trouv\u00e9 \u00e7a d\u00e9licieux et \u00e7a change pas l&rsquo;habitude \u00e0 manger de la basilic de cette fa\u00e7on !! merci encore pour votre recette. Cordialement.<\/div>\n<div class=\"item item-comment media by-webmaster\">\n<div class=\"pull-left\">\n<p>&nbsp;<\/p>\n<\/div>\n<div class=\"media-body\">\n<ul class=\"inline item-infos\">\n<li><span class=\"comment-author\"><strong>jocelyne debon<\/strong>\u00a0(<a rel=\"nofollow\">site web<\/a>)<\/span>\u00a0<span class=\"comment-date\">| 21\/07\/2016<\/span><\/li>\n<\/ul>\n<div class=\"comment-content\">Bonsoir Effectivement \u00e7a change et c&rsquo;est bien d&rsquo;innover un peu en cuisine Ravie que cette recette vous ait plu et merci pour le commentaire c&rsquo;est gentil<\/div>\n<div class=\"comment-content\">Au plaisir de votre visite<\/div>\n<div class=\"comment-content\">Amicalement Joce<\/div>\n<\/div>\n<\/div>\n<\/div>\n<\/div>\n<div class=\"item item-comment media\">\n<div class=\"pull-left\">\n<p>&nbsp;<\/p>\n<p><img decoding=\"async\" class=\"media-object\" src=\"https:\/\/www.gravatar.com\/avatar\/bce94912138f95a3a6c1d5b778c70e18?d=https%3A%2F%2Fwww.recettes-gourmandes-de-joce.com%2Fmedias%2Fstatic%2Fmanager%2Fim%2Favatar.png?s=50&amp;d=mm\" alt=\"Lacuisine Decricri\" width=\"50\" \/><\/p>\n<\/div>\n<div class=\"media-body\">\n<ul class=\"inline item-infos\">\n<li><span class=\"comment-number\">2.<\/span>\u00a0<span class=\"comment-author\"><strong>Lacuisine Decricri<\/strong>\u00a0(<a rel=\"nofollow\">site web<\/a>)<\/span>\u00a0<span class=\"comment-date\">| 13\/05\/2016<\/span><\/li>\n<\/ul>\n<div class=\"comment-content\">\n<p><img loading=\"lazy\" decoding=\"async\" class=\"alignnone size-thumbnail wp-image-2800\" src=\"http:\/\/recettes-gourmandes-de-joce.fr\/wp-content\/uploads\/2019\/10\/13226629_880384235423447_2702969262873369669_n-150x150.jpg\" alt=\"\" width=\"150\" height=\"150\" \/><\/p>\n<\/div>\n<div class=\"item item-comment media by-webmaster\">\n<div class=\"pull-left\">\n<p>&nbsp;<\/p>\n<\/div>\n<div class=\"media-body\">\n<ul class=\"inline item-infos\">\n<li><span class=\"comment-author\"><strong>jocelyne debon<\/strong>\u00a0(<a rel=\"nofollow\">site web<\/a>)<\/span>\u00a0<span class=\"comment-date\">| 13\/05\/2016<\/span><\/li>\n<\/ul>\n<div class=\"comment-content\">Superbe photo merciii beaucoup \u00e7a fait plaisir<\/div>\n<div class=\"comment-content\">Amicalement Joce<\/div>\n<\/div>\n<\/div>\n<\/div>\n<\/div>\n<div class=\"item item-comment media\">\n<div class=\"pull-left\">\n<p>&nbsp;<\/p>\n<p><img decoding=\"async\" class=\"media-object\" src=\"https:\/\/www.gravatar.com\/avatar\/29b38b20c174edcdacbb8f0eaf3ff64b?d=https%3A%2F%2Fwww.recettes-gourmandes-de-joce.com%2Fmedias%2Fstatic%2Fmanager%2Fim%2Favatar.png?s=50&amp;d=mm\" alt=\"perret\" width=\"50\" \/><\/p>\n<\/div>\n<div class=\"media-body\">\n<ul class=\"inline item-infos\">\n<li><span class=\"comment-number\">3.<\/span>\u00a0<span class=\"comment-author\"><strong>perret<\/strong><\/span>\u00a0<span class=\"comment-date\">| 13\/05\/2016<\/span><\/li>\n<\/ul>\n<div class=\"comment-content\">Merci Jocelyne pour cette tr\u00e8s bonne recette, que j&rsquo;ai pr\u00e9par\u00e9e ce midi, nous nous sommes r\u00e9gal\u00e9s, le pesto \u00e9tait parfait, et parfume ce plat \u00e0 souhait, j&rsquo;ai recopi\u00e9 la recette sur mon livre de recette car c&rsquo;est une recette que je referais &#8230;bon apr\u00e8s-midi..bises<\/div>\n<div class=\"item item-comment media by-webmaster\">\n<div class=\"pull-left\">\n<p>&nbsp;<\/p>\n<\/div>\n<div class=\"media-body\">\n<ul class=\"inline item-infos\">\n<li><span class=\"comment-author\"><strong>jocelyne debon<\/strong>\u00a0(<a rel=\"nofollow\">site web<\/a>)<\/span>\u00a0<span class=\"comment-date\">| 13\/05\/2016<\/span><\/li>\n<\/ul>\n<div class=\"comment-content\">Oh comme c&rsquo;est gentil, je suis ravie que cette recette te plaise, merci beaucoup pour ce retour<\/div>\n<div class=\"comment-content\">Gros bisous et bon week-end<\/div>\n<div class=\"comment-content\">Amicalement Joce<\/div>\n<\/div>\n<\/div>\n<\/div>\n<\/div>\n<\/div>\n","protected":false},"excerpt":{"rendered":"<p>Une de mes recettes Ingr\u00e9dients pour 2 personnes 8 petites pommes de terre 2 saucisses fum\u00e9es \u00bc de poivron rouge \u00bc de poivron jaune 1 petit bol de sauce au basilic 2 pinc\u00e9es de piment d&rsquo;Espelette Sel et poivre Recette de la sauce au basilic sur ce lien -&gt; Sauce au basilic R\u00e9aliser la sauce &hellip; <\/p>\n<p><a class=\"more-link btn\" href=\"http:\/\/recettes-gourmandes-de-joce.fr\/index.php\/index\/viandes\/saucisses-chipolatas-merguez-andouille-etc\/saucisses-fumees-allemandes-pommes-de-terre-et-sauce-basilic-aux-poivrons\/\">Lire la suite<\/a><\/p>\n","protected":false},"author":2,"featured_media":69523,"parent":138,"menu_order":0,"comment_status":"open","ping_status":"closed","template":"","meta":{"footnotes":""},"class_list":["post-2799","page","type-page","status-publish","has-post-thumbnail","hentry","nodate","item-wrap"],"_links":{"self":[{"href":"http:\/\/recettes-gourmandes-de-joce.fr\/index.php\/wp-json\/wp\/v2\/pages\/2799","targetHints":{"allow":["GET"]}}],"collection":[{"href":"http:\/\/recettes-gourmandes-de-joce.fr\/index.php\/wp-json\/wp\/v2\/pages"}],"about":[{"href":"http:\/\/recettes-gourmandes-de-joce.fr\/index.php\/wp-json\/wp\/v2\/types\/page"}],"author":[{"embeddable":true,"href":"http:\/\/recettes-gourmandes-de-joce.fr\/index.php\/wp-json\/wp\/v2\/users\/2"}],"replies":[{"embeddable":true,"href":"http:\/\/recettes-gourmandes-de-joce.fr\/index.php\/wp-json\/wp\/v2\/comments?post=2799"}],"version-history":[{"count":6,"href":"http:\/\/recettes-gourmandes-de-joce.fr\/index.php\/wp-json\/wp\/v2\/pages\/2799\/revisions"}],"predecessor-version":[{"id":93694,"href":"http:\/\/recettes-gourmandes-de-joce.fr\/index.php\/wp-json\/wp\/v2\/pages\/2799\/revisions\/93694"}],"up":[{"embeddable":true,"href":"http:\/\/recettes-gourmandes-de-joce.fr\/index.php\/wp-json\/wp\/v2\/pages\/138"}],"wp:featuredmedia":[{"embeddable":true,"href":"http:\/\/recettes-gourmandes-de-joce.fr\/index.php\/wp-json\/wp\/v2\/media\/69523"}],"wp:attachment":[{"href":"http:\/\/recettes-gourmandes-de-joce.fr\/index.php\/wp-json\/wp\/v2\/media?parent=2799"}],"curies":[{"name":"wp","href":"https:\/\/api.w.org\/{rel}","templated":true}]}}