{"id":27958,"date":"2021-01-25T10:58:40","date_gmt":"2021-01-25T10:58:40","guid":{"rendered":"http:\/\/recettes-gourmandes-de-joce.fr\/?page_id=27958"},"modified":"2025-03-03T17:42:05","modified_gmt":"2025-03-03T17:42:05","slug":"peches-en-cage-feuilletee","status":"publish","type":"page","link":"http:\/\/recettes-gourmandes-de-joce.fr\/index.php\/index\/pains-viennoiseries-map\/viennoiseries\/peches-en-cage-feuilletee\/","title":{"rendered":"P\u00eaches en cage feuillet\u00e9e."},"content":{"rendered":"<p style=\"text-align: center;\"><span style=\"font-family: georgia, serif; font-size: 18pt; color: #ff6600;\"><span style=\"text-decoration: underline;\"><em>Une de mes recettes<\/em><\/span><\/span><\/p>\n<p style=\"text-align: center;\"><img loading=\"lazy\" decoding=\"async\" class=\"alignnone wp-image-70120\" src=\"http:\/\/recettes-gourmandes-de-joce.fr\/wp-content\/uploads\/2024\/04\/peches-cage2.jpg\" alt=\"\" width=\"240\" height=\"180\" \/> <img loading=\"lazy\" decoding=\"async\" class=\"alignnone wp-image-70121\" src=\"http:\/\/recettes-gourmandes-de-joce.fr\/wp-content\/uploads\/2024\/04\/peches-cage3.jpg\" alt=\"\" width=\"240\" height=\"180\" \/> <img loading=\"lazy\" decoding=\"async\" class=\"alignnone wp-image-70119\" src=\"http:\/\/recettes-gourmandes-de-joce.fr\/wp-content\/uploads\/2024\/04\/peches-cage1.jpg\" alt=\"\" width=\"240\" height=\"180\" \/><\/p>\n<p style=\"text-align: center;\"><span style=\"font-family: georgia, serif; font-size: 18pt; color: #ff6600;\"><span style=\"text-decoration: underline;\"><em>Ingr\u00e9dients 15 pi\u00e8ces<\/em><\/span><\/span><\/p>\n<p style=\"text-align: center;\"><span style=\"font-family: georgia, serif; font-size: 14pt; color: #ff6600;\"><em><img loading=\"lazy\" decoding=\"async\" class=\"alignnone size-medium wp-image-27962\" src=\"http:\/\/recettes-gourmandes-de-joce.fr\/wp-content\/uploads\/2021\/01\/PA240261-300x225.jpg\" alt=\"\" width=\"300\" height=\"225\" srcset=\"http:\/\/recettes-gourmandes-de-joce.fr\/wp-content\/uploads\/2021\/01\/PA240261-300x225.jpg 300w, http:\/\/recettes-gourmandes-de-joce.fr\/wp-content\/uploads\/2021\/01\/PA240261.jpg 550w\" sizes=\"auto, (max-width: 300px) 100vw, 300px\" \/>\u00a0<\/em><\/span><\/p>\n<p style=\"text-align: center;\"><span style=\"font-family: georgia, serif; font-size: 14pt; color: #ff6600;\"><em>2 p\u00e2tes feuillet\u00e9es<\/em><\/span><\/p>\n<p style=\"text-align: center;\"><span style=\"font-family: georgia, serif; font-size: 14pt; color: #ff6600;\"><em>1 boite de p\u00eaches au sirop<\/em><\/span><\/p>\n<p style=\"text-align: center;\"><span style=\"font-family: georgia, serif; font-size: 14pt; color: #ff6600;\"><em>\u00a0<\/em><em>Du sucre en grain<\/em><\/span><\/p>\n<p style=\"text-align: center;\"><span style=\"font-size: 14pt; color: #ff6600;\"><span style=\"font-family: georgia,serif;\"><em>1\u00a0<\/em><\/span><span style=\"font-family: georgia, serif; font-size: large;\"><i>\u0153uf<\/i><\/span><\/span><\/p>\n<p style=\"text-align: center;\"><span style=\"font-size: 14pt; color: #ff6600;\"><span style=\"font-family: georgia,serif;\"><span style=\"text-decoration: underline;\"><em>Pour la cr\u00e8me p\u00e2tissi\u00e8re<\/em><\/span><\/span><\/span><\/p>\n<p style=\"text-align: center;\"><span style=\"font-family: georgia, serif; font-size: 14pt; color: #ff6600;\"><em>25 cl de lait<\/em><\/span><\/p>\n<p style=\"text-align: center;\"><span style=\"font-family: georgia, serif; font-size: 14pt; color: #ff6600;\"><em>1 sachet de sucre vanill\u00e9<\/em><\/span><\/p>\n<p style=\"text-align: center;\"><span style=\"font-family: georgia, serif; font-size: 14pt; color: #ff6600;\"><em>55 g de sucre en poudre<\/em><\/span><\/p>\n<p style=\"text-align: center;\"><span style=\"font-family: georgia, serif; font-size: 14pt; color: #ff6600;\"><em>20 g de ma\u00efzena<\/em><\/span><\/p>\n<p style=\"text-align: center;\"><span style=\"font-size: 14pt; color: #ff6600;\"><span style=\"font-family: georgia,serif;\"><em>2 jaunes d&rsquo;<\/em><\/span><span style=\"font-family: georgia, serif; font-size: large;\"><i>\u0153uf<\/i><\/span><\/span><\/p>\n<p style=\"text-align: center;\"><span style=\"font-family: georgia, serif; font-size: 14pt; color: #ff6600;\"><em>1 c \u00e0 s de vanille liquide<\/em><\/span><\/p>\n<p style=\"text-align: center;\"><span style=\"font-family: georgia, serif; font-size: 14pt; color: #ff6600;\"><img loading=\"lazy\" decoding=\"async\" class=\"alignnone wp-image-9205\" src=\"http:\/\/recettes-gourmandes-de-joce.fr\/wp-content\/uploads\/2019\/11\/P2080268-300x225.jpg\" alt=\"\" width=\"214\" height=\"160\" srcset=\"http:\/\/recettes-gourmandes-de-joce.fr\/wp-content\/uploads\/2019\/11\/P2080268-300x225.jpg 300w, http:\/\/recettes-gourmandes-de-joce.fr\/wp-content\/uploads\/2019\/11\/P2080268.jpg 550w\" sizes=\"auto, (max-width: 214px) 100vw, 214px\" \/> <img loading=\"lazy\" decoding=\"async\" class=\"alignnone wp-image-9206\" src=\"http:\/\/recettes-gourmandes-de-joce.fr\/wp-content\/uploads\/2019\/11\/P2080271-300x225.jpg\" alt=\"\" width=\"214\" height=\"160\" srcset=\"http:\/\/recettes-gourmandes-de-joce.fr\/wp-content\/uploads\/2019\/11\/P2080271-300x225.jpg 300w, http:\/\/recettes-gourmandes-de-joce.fr\/wp-content\/uploads\/2019\/11\/P2080271.jpg 550w\" sizes=\"auto, (max-width: 214px) 100vw, 214px\" \/> <img loading=\"lazy\" decoding=\"async\" class=\"alignnone wp-image-9208\" src=\"http:\/\/recettes-gourmandes-de-joce.fr\/wp-content\/uploads\/2019\/11\/P2080275-300x225.jpg\" alt=\"\" width=\"214\" height=\"160\" srcset=\"http:\/\/recettes-gourmandes-de-joce.fr\/wp-content\/uploads\/2019\/11\/P2080275-300x225.jpg 300w, http:\/\/recettes-gourmandes-de-joce.fr\/wp-content\/uploads\/2019\/11\/P2080275.jpg 550w\" sizes=\"auto, (max-width: 214px) 100vw, 214px\" \/><\/span><\/p>\n<p style=\"text-align: center;\"><span style=\"font-size: 14pt; color: #ff6600;\"><em><span style=\"font-family: georgia, serif;\">Pr\u00e9parer votre cr\u00e8me <\/span><span style=\"font-family: georgia, serif; font-size: large;\">p\u00e2tissi\u00e8re<\/span><span style=\"font-family: georgia, serif;\"> ainsi. Faire chauffer le lait avec le sucre vanill\u00e9 jusqu&rsquo;\u00e0 la limite de l&rsquo;\u00e9bullition.<\/span><\/em><\/span><\/p>\n<p style=\"text-align: center;\"><span style=\"font-size: 14pt; color: #ff6600;\"><img loading=\"lazy\" decoding=\"async\" class=\"alignnone wp-image-9202\" src=\"http:\/\/recettes-gourmandes-de-joce.fr\/wp-content\/uploads\/2019\/11\/P2080262-300x225.jpg\" alt=\"\" width=\"214\" height=\"160\" srcset=\"http:\/\/recettes-gourmandes-de-joce.fr\/wp-content\/uploads\/2019\/11\/P2080262-300x225.jpg 300w, http:\/\/recettes-gourmandes-de-joce.fr\/wp-content\/uploads\/2019\/11\/P2080262.jpg 550w\" sizes=\"auto, (max-width: 214px) 100vw, 214px\" \/> <img loading=\"lazy\" decoding=\"async\" class=\"alignnone wp-image-9203\" src=\"http:\/\/recettes-gourmandes-de-joce.fr\/wp-content\/uploads\/2019\/11\/P2080263-300x225.jpg\" alt=\"\" width=\"214\" height=\"160\" srcset=\"http:\/\/recettes-gourmandes-de-joce.fr\/wp-content\/uploads\/2019\/11\/P2080263-300x225.jpg 300w, http:\/\/recettes-gourmandes-de-joce.fr\/wp-content\/uploads\/2019\/11\/P2080263.jpg 550w\" sizes=\"auto, (max-width: 214px) 100vw, 214px\" \/> <img loading=\"lazy\" decoding=\"async\" class=\"alignnone wp-image-9204\" src=\"http:\/\/recettes-gourmandes-de-joce.fr\/wp-content\/uploads\/2019\/11\/P2080265-300x225.jpg\" alt=\"\" width=\"214\" height=\"160\" srcset=\"http:\/\/recettes-gourmandes-de-joce.fr\/wp-content\/uploads\/2019\/11\/P2080265-300x225.jpg 300w, http:\/\/recettes-gourmandes-de-joce.fr\/wp-content\/uploads\/2019\/11\/P2080265.jpg 550w\" sizes=\"auto, (max-width: 214px) 100vw, 214px\" \/><\/span><\/p>\n<p style=\"text-align: center;\"><span style=\"font-size: 14pt; color: #ff6600;\"><em><span style=\"font-family: georgia, palatino, serif;\">Dans un saladier blanchir les jaunes d&rsquo;<span style=\"font-family: georgia, serif; font-size: large;\">\u0153ufs<\/span> avec le sucre<\/span>. <\/em><span style=\"font-family: georgia, palatino, serif;\"><em>Ajouter la ma\u00efzena. Bien m\u00e9langer.<\/em><\/span><\/span><\/p>\n<p style=\"text-align: center;\"><span style=\"font-size: 14pt; color: #ff6600;\"><img loading=\"lazy\" decoding=\"async\" class=\"alignnone wp-image-9207\" src=\"http:\/\/recettes-gourmandes-de-joce.fr\/wp-content\/uploads\/2019\/11\/P2080273-300x225.jpg\" alt=\"\" width=\"214\" height=\"160\" srcset=\"http:\/\/recettes-gourmandes-de-joce.fr\/wp-content\/uploads\/2019\/11\/P2080273-300x225.jpg 300w, http:\/\/recettes-gourmandes-de-joce.fr\/wp-content\/uploads\/2019\/11\/P2080273.jpg 550w\" sizes=\"auto, (max-width: 214px) 100vw, 214px\" \/> <img loading=\"lazy\" decoding=\"async\" class=\"alignnone wp-image-9201\" src=\"http:\/\/recettes-gourmandes-de-joce.fr\/wp-content\/uploads\/2019\/11\/P2080276-300x225.jpg\" alt=\"\" width=\"214\" height=\"160\" srcset=\"http:\/\/recettes-gourmandes-de-joce.fr\/wp-content\/uploads\/2019\/11\/P2080276-300x225.jpg 300w, http:\/\/recettes-gourmandes-de-joce.fr\/wp-content\/uploads\/2019\/11\/P2080276.jpg 550w\" sizes=\"auto, (max-width: 214px) 100vw, 214px\" \/> <img loading=\"lazy\" decoding=\"async\" class=\"alignnone wp-image-9209\" src=\"http:\/\/recettes-gourmandes-de-joce.fr\/wp-content\/uploads\/2019\/11\/Logitech-Gaming-Software-06112019-090433.bmp-300x223.jpg\" alt=\"\" width=\"215\" height=\"160\" srcset=\"http:\/\/recettes-gourmandes-de-joce.fr\/wp-content\/uploads\/2019\/11\/Logitech-Gaming-Software-06112019-090433.bmp-300x223.jpg 300w, http:\/\/recettes-gourmandes-de-joce.fr\/wp-content\/uploads\/2019\/11\/Logitech-Gaming-Software-06112019-090433.bmp.jpg 513w\" sizes=\"auto, (max-width: 215px) 100vw, 215px\" \/><\/span><\/p>\n<p style=\"text-align: center;\"><span style=\"font-family: georgia, serif; font-size: 14pt; color: #ff6600;\"><em>Lorsque le lait est bien chaud le verser progressivement dans le saladier sans\u00a0cesser de remuer<\/em><em> bien m\u00e9langer. <\/em><em><em>Verser ensuite dans la casserole et mettre \u00e0 chauffer \u00e0 feu doux de nouveau<em>, remuer jusqu&rsquo;\u00e0 bonne consistance, <\/em><em>verser imm\u00e9diatement dans un saladier froid pour arr\u00eater la <\/em><em>cuisson laisser refroidir<\/em>. <\/em><em>Pr\u00e9chauffer votre four \u00e0 200\u00b0.<\/em><\/em><\/span><\/p>\n<p style=\"text-align: center;\"><span style=\"font-size: 14pt; color: #ff6600;\"><span style=\"font-family: georgia,serif;\"><em><a class=\"mb\" style=\"color: #ff6600;\" href=\"http:\/\/s3.e-monsite.com\/2010\/11\/21\/03\/resize_550_550\/\/PA220152.jpg\">\u00a0\u00a0 \u00a0<\/a><a class=\"mb\" style=\"color: #ff6600;\" href=\"http:\/\/s3.e-monsite.com\/2010\/11\/21\/03\/resize_550_550\/\/PA220152.jpg\"><img loading=\"lazy\" decoding=\"async\" class=\"alignnone wp-image-10513\" src=\"http:\/\/recettes-gourmandes-de-joce.fr\/wp-content\/uploads\/2019\/11\/PC170528-300x210.jpg\" alt=\"\" width=\"242\" height=\"170\" srcset=\"http:\/\/recettes-gourmandes-de-joce.fr\/wp-content\/uploads\/2019\/11\/PC170528-300x210.jpg 300w, http:\/\/recettes-gourmandes-de-joce.fr\/wp-content\/uploads\/2019\/11\/PC170528.jpg 640w\" sizes=\"auto, (max-width: 242px) 100vw, 242px\" \/><\/a>\u00a0<\/em><\/span><img loading=\"lazy\" decoding=\"async\" class=\"alignnone wp-image-27959\" src=\"http:\/\/recettes-gourmandes-de-joce.fr\/wp-content\/uploads\/2021\/01\/PA220152-300x225.jpg\" alt=\"\" width=\"227\" height=\"170\" srcset=\"http:\/\/recettes-gourmandes-de-joce.fr\/wp-content\/uploads\/2021\/01\/PA220152-300x225.jpg 300w, http:\/\/recettes-gourmandes-de-joce.fr\/wp-content\/uploads\/2021\/01\/PA220152.jpg 550w\" sizes=\"auto, (max-width: 227px) 100vw, 227px\" \/><em style=\"font-family: georgia, serif;\">\u00a0<a class=\"mb\" style=\"color: #ff6600; outline: 0px;\" href=\"http:\/\/s3.e-monsite.com\/2010\/11\/21\/03\/resize_550_550\/\/PA220152.jpg\"><img loading=\"lazy\" decoding=\"async\" class=\"alignnone wp-image-10540\" src=\"http:\/\/recettes-gourmandes-de-joce.fr\/wp-content\/uploads\/2019\/11\/PC200840-300x225.jpg\" alt=\"\" width=\"227\" height=\"170\" srcset=\"http:\/\/recettes-gourmandes-de-joce.fr\/wp-content\/uploads\/2019\/11\/PC200840-300x225.jpg 300w, http:\/\/recettes-gourmandes-de-joce.fr\/wp-content\/uploads\/2019\/11\/PC200840.jpg 640w\" sizes=\"auto, (max-width: 227px) 100vw, 227px\" \/><\/a><\/em><\/span><\/p>\n<p style=\"text-align: center;\"><span style=\"font-size: 14pt; color: #ff6600;\"><span style=\"font-family: georgia, serif;\"><em>Couper une p\u00e2te feuillet\u00e9e avec un emporte-pi\u00e8ce rond de la taille un verre \u00e0 moutarde,\u00a0 <\/em><\/span><span style=\"font-family: georgia, serif;\"><em>verser au centre de chaque rond, <\/em><em>une c \u00e0 <\/em><em>caf\u00e9 de cr\u00e8me p\u00e2tissi\u00e8re froide, <\/em><em>d\u00e9poser sur la cr\u00e8me <\/em><\/span><span style=\"font-family: georgia, serif;\"><em>p\u00e2tissi\u00e8re <\/em><em>une demi p\u00eache, il faut <\/em><em>laisser 1 cm de bordure de <\/em><\/span><span style=\"font-family: georgia, serif;\"><em>p\u00e2te libre (voir la photo). <\/em><\/span><\/span><\/p>\n<p style=\"text-align: center;\"><span style=\"font-size: 14pt; color: #ff6600;\"><span style=\"font-family: georgia, serif;\"><em>Avec la p\u00e2te feuillet\u00e9e restante d\u00e9couper autant de ronds que dans la premi\u00e8re et passer le rouleau \u00e0 r\u00e9sille sur <\/em><\/span><span style=\"font-family: georgia, serif;\"><em>chaque rond (si vous n&rsquo;avez pas de rouleau, couper des<\/em><\/span><span style=\"font-family: georgia, serif;\"><em> lani\u00e8res que vous disposerez sur vos p\u00eaches en les soudant bien sur les bords).<\/em><\/span><\/span><\/p>\n<p style=\"text-align: center;\"><span style=\"font-family: georgia, serif; font-size: 14pt; color: #ff6600;\"><em><img loading=\"lazy\" decoding=\"async\" class=\"alignnone wp-image-14050\" src=\"http:\/\/recettes-gourmandes-de-joce.fr\/wp-content\/uploads\/2019\/12\/chaussons_aux_pommes_et_aux_amandes_011-300x225.jpg\" alt=\"\" width=\"213\" height=\"160\" srcset=\"http:\/\/recettes-gourmandes-de-joce.fr\/wp-content\/uploads\/2019\/12\/chaussons_aux_pommes_et_aux_amandes_011-300x225.jpg 300w, http:\/\/recettes-gourmandes-de-joce.fr\/wp-content\/uploads\/2019\/12\/chaussons_aux_pommes_et_aux_amandes_011.jpg 640w\" sizes=\"auto, (max-width: 213px) 100vw, 213px\" \/>\u00a0<img loading=\"lazy\" decoding=\"async\" class=\"alignnone wp-image-27960\" src=\"http:\/\/recettes-gourmandes-de-joce.fr\/wp-content\/uploads\/2021\/01\/PA220153-300x225.jpg\" alt=\"\" width=\"214\" height=\"160\" srcset=\"http:\/\/recettes-gourmandes-de-joce.fr\/wp-content\/uploads\/2021\/01\/PA220153-300x225.jpg 300w, http:\/\/recettes-gourmandes-de-joce.fr\/wp-content\/uploads\/2021\/01\/PA220153.jpg 550w\" sizes=\"auto, (max-width: 214px) 100vw, 214px\" \/> <img loading=\"lazy\" decoding=\"async\" class=\"alignnone wp-image-27961\" src=\"http:\/\/recettes-gourmandes-de-joce.fr\/wp-content\/uploads\/2021\/01\/PA220155-300x225.jpg\" alt=\"\" width=\"214\" height=\"160\" srcset=\"http:\/\/recettes-gourmandes-de-joce.fr\/wp-content\/uploads\/2021\/01\/PA220155-300x225.jpg 300w, http:\/\/recettes-gourmandes-de-joce.fr\/wp-content\/uploads\/2021\/01\/PA220155.jpg 550w\" sizes=\"auto, (max-width: 214px) 100vw, 214px\" \/>\u00a0<\/em><\/span><\/p>\n<p style=\"text-align: center;\"><span style=\"font-size: 14pt; color: #ff6600;\"><em><span style=\"font-family: georgia, serif;\">Battre l&rsquo;<\/span><span style=\"font-size: large; font-family: georgia, serif;\">\u0153uf<\/span><span style=\"font-family: georgia, serif;\"><span style=\"font-family: georgia, serif;\"><span style=\"font-size: 14pt;\"> et en passer autour de la <\/span><span style=\"font-size: 18.6667px;\">p\u00eache<\/span><span style=\"font-size: 14pt;\">, recouvrir chaque rond d&rsquo;une r\u00e9sille et bien la <\/span><\/span><\/span><\/em><em style=\"font-size: 14pt;\"><span style=\"font-family: georgia, serif;\">souder sur les bords, passer de l&rsquo;<\/span><span style=\"font-family: georgia, serif; font-size: large;\">\u0153uf<\/span><span style=\"font-family: georgia, serif;\"> battu dessus et\u00a0<\/span><\/em><\/span><span style=\"color: #ff6600;\"><em style=\"font-size: 14pt;\"><span style=\"font-family: georgia, serif;\">les <\/span><\/em><em style=\"font-size: 14pt;\"><span style=\"font-family: georgia, serif;\">parsemer de sucre en grains.\u00a0 <\/span><\/em><span style=\"font-size: 14pt;\"><span style=\"font-family: georgia, serif;\"><em>Enfourner environ 20 minutes \u00e0 200\u00b0 selon les fours, surveiller la coloration. <\/em><\/span><span style=\"font-family: georgia, serif;\"><em>Aidez vous des photos si le texte ne vous para\u00eet pas \u00e9vident!<\/em><\/span><\/span><\/span><\/p>\n<p style=\"text-align: center;\"><span style=\"font-family: georgia, serif; font-size: 14pt; color: #ff6600;\"><em>Bonne d\u00e9gustation!<\/em><\/span><\/p>\n<p style=\"text-align: center;\"><img loading=\"lazy\" decoding=\"async\" class=\"alignnone wp-image-70119\" src=\"http:\/\/recettes-gourmandes-de-joce.fr\/wp-content\/uploads\/2024\/04\/peches-cage1.jpg\" alt=\"\" width=\"240\" height=\"180\" \/> <img loading=\"lazy\" decoding=\"async\" class=\"alignnone wp-image-70120\" src=\"http:\/\/recettes-gourmandes-de-joce.fr\/wp-content\/uploads\/2024\/04\/peches-cage2.jpg\" alt=\"\" width=\"240\" height=\"180\" \/> <img loading=\"lazy\" decoding=\"async\" class=\"alignnone wp-image-70121\" src=\"http:\/\/recettes-gourmandes-de-joce.fr\/wp-content\/uploads\/2024\/04\/peches-cage3.jpg\" alt=\"\" width=\"240\" height=\"180\" \/><\/p>\n<p style=\"text-align: center;\"><span style=\"font-size: 14pt; color: #ff6600;\"><img loading=\"lazy\" decoding=\"async\" class=\"alignnone wp-image-24317 size-full\" src=\"http:\/\/recettes-gourmandes-de-joce.fr\/wp-content\/uploads\/2020\/07\/logitech-gaming-software-14112014-121223.jpg\" alt=\"\" width=\"640\" height=\"144\" srcset=\"http:\/\/recettes-gourmandes-de-joce.fr\/wp-content\/uploads\/2020\/07\/logitech-gaming-software-14112014-121223.jpg 640w, http:\/\/recettes-gourmandes-de-joce.fr\/wp-content\/uploads\/2020\/07\/logitech-gaming-software-14112014-121223-300x68.jpg 300w\" sizes=\"auto, (max-width: 640px) 100vw, 640px\" \/><\/span><\/p>\n<h2><span style=\"font-size: 14pt; color: #ff6600;\"><em>\u00a0<\/em><\/span><\/h2>\n<h2><span style=\"font-size: 14pt; color: #ff6600;\"><em>\u00a0<\/em><\/span><\/h2>\n<h2><span style=\"font-size: 14pt; color: #ff6600;\"><em>\u00a0<\/em><\/span><\/h2>\n<h2><span style=\"font-size: 14pt; color: #ff6600;\"><em>\u00a0<\/em><\/span><\/h2>\n<h2><span style=\"font-size: 14pt; color: #ff6600;\"><em>\u00a0<\/em><\/span><\/h2>\n<h2><span style=\"font-size: 14pt; color: #ff6600;\"><em>\u00a0<\/em><\/span><\/h2>\n<h2 style=\"text-align: center;\"><span style=\"font-size: 14pt; color: #ff6600;\"><em>\u00a0<\/em><\/span><\/h2>\n","protected":false},"excerpt":{"rendered":"<p>Une de mes recettes Ingr\u00e9dients 15 pi\u00e8ces \u00a0 2 p\u00e2tes feuillet\u00e9es 1 boite de p\u00eaches au sirop \u00a0Du sucre en grain 1\u00a0\u0153uf Pour la cr\u00e8me p\u00e2tissi\u00e8re 25 cl de lait 1 sachet de sucre vanill\u00e9 55 g de sucre en poudre 20 g de ma\u00efzena 2 jaunes d&rsquo;\u0153uf 1 c \u00e0 s de vanille liquide &hellip; <\/p>\n<p><a class=\"more-link btn\" href=\"http:\/\/recettes-gourmandes-de-joce.fr\/index.php\/index\/pains-viennoiseries-map\/viennoiseries\/peches-en-cage-feuilletee\/\">Lire la suite<\/a><\/p>\n","protected":false},"author":2,"featured_media":70418,"parent":282,"menu_order":0,"comment_status":"open","ping_status":"closed","template":"","meta":{"footnotes":""},"class_list":["post-27958","page","type-page","status-publish","has-post-thumbnail","hentry","nodate","item-wrap"],"_links":{"self":[{"href":"http:\/\/recettes-gourmandes-de-joce.fr\/index.php\/wp-json\/wp\/v2\/pages\/27958","targetHints":{"allow":["GET"]}}],"collection":[{"href":"http:\/\/recettes-gourmandes-de-joce.fr\/index.php\/wp-json\/wp\/v2\/pages"}],"about":[{"href":"http:\/\/recettes-gourmandes-de-joce.fr\/index.php\/wp-json\/wp\/v2\/types\/page"}],"author":[{"embeddable":true,"href":"http:\/\/recettes-gourmandes-de-joce.fr\/index.php\/wp-json\/wp\/v2\/users\/2"}],"replies":[{"embeddable":true,"href":"http:\/\/recettes-gourmandes-de-joce.fr\/index.php\/wp-json\/wp\/v2\/comments?post=27958"}],"version-history":[{"count":5,"href":"http:\/\/recettes-gourmandes-de-joce.fr\/index.php\/wp-json\/wp\/v2\/pages\/27958\/revisions"}],"predecessor-version":[{"id":93390,"href":"http:\/\/recettes-gourmandes-de-joce.fr\/index.php\/wp-json\/wp\/v2\/pages\/27958\/revisions\/93390"}],"up":[{"embeddable":true,"href":"http:\/\/recettes-gourmandes-de-joce.fr\/index.php\/wp-json\/wp\/v2\/pages\/282"}],"wp:featuredmedia":[{"embeddable":true,"href":"http:\/\/recettes-gourmandes-de-joce.fr\/index.php\/wp-json\/wp\/v2\/media\/70418"}],"wp:attachment":[{"href":"http:\/\/recettes-gourmandes-de-joce.fr\/index.php\/wp-json\/wp\/v2\/media?parent=27958"}],"curies":[{"name":"wp","href":"https:\/\/api.w.org\/{rel}","templated":true}]}}