{"id":2739,"date":"2019-10-03T22:37:10","date_gmt":"2019-10-03T22:37:10","guid":{"rendered":"http:\/\/recettes-gourmandes-de-joce.fr\/?page_id=2739"},"modified":"2025-03-25T10:06:06","modified_gmt":"2025-03-25T10:06:06","slug":"gratin-forestier-a-la-chair-a-saucisse","status":"publish","type":"page","link":"http:\/\/recettes-gourmandes-de-joce.fr\/index.php\/index\/viandes\/porc\/gratin-forestier-a-la-chair-a-saucisse\/","title":{"rendered":"Gratin forestier \u00e0 la chair \u00e0 saucisse."},"content":{"rendered":"<p style=\"text-align: center;\"><span style=\"color: #ff6600;\"><span style=\"font-size: 24px;\"><span style=\"font-family: georgia,serif;\"><u><em>Une de mes recettes<\/em><\/u><\/span><\/span><\/span><\/p>\n<p style=\"text-align: center;\"><span style=\"color: #ff6600;\"><img loading=\"lazy\" decoding=\"async\" class=\"alignnone wp-image-65296\" src=\"http:\/\/recettes-gourmandes-de-joce.fr\/wp-content\/uploads\/2024\/04\/gratin-forestier3.jpg\" alt=\"\" width=\"270\" height=\"180\" srcset=\"http:\/\/recettes-gourmandes-de-joce.fr\/wp-content\/uploads\/2024\/04\/gratin-forestier3.jpg 1024w, http:\/\/recettes-gourmandes-de-joce.fr\/wp-content\/uploads\/2024\/04\/gratin-forestier3-768x512.jpg 768w, http:\/\/recettes-gourmandes-de-joce.fr\/wp-content\/uploads\/2024\/04\/gratin-forestier3-750x500.jpg 750w\" sizes=\"auto, (max-width: 270px) 100vw, 270px\" \/>\u00a0<img loading=\"lazy\" decoding=\"async\" class=\"alignnone wp-image-65294\" src=\"http:\/\/recettes-gourmandes-de-joce.fr\/wp-content\/uploads\/2024\/04\/gratin-forestier1.jpg\" alt=\"\" width=\"270\" height=\"180\" srcset=\"http:\/\/recettes-gourmandes-de-joce.fr\/wp-content\/uploads\/2024\/04\/gratin-forestier1.jpg 1024w, http:\/\/recettes-gourmandes-de-joce.fr\/wp-content\/uploads\/2024\/04\/gratin-forestier1-768x512.jpg 768w, http:\/\/recettes-gourmandes-de-joce.fr\/wp-content\/uploads\/2024\/04\/gratin-forestier1-750x500.jpg 750w\" sizes=\"auto, (max-width: 270px) 100vw, 270px\" \/><img loading=\"lazy\" decoding=\"async\" class=\"alignnone wp-image-65295\" src=\"http:\/\/recettes-gourmandes-de-joce.fr\/wp-content\/uploads\/2024\/04\/gratin-forestier2.jpg\" alt=\"\" width=\"270\" height=\"180\" srcset=\"http:\/\/recettes-gourmandes-de-joce.fr\/wp-content\/uploads\/2024\/04\/gratin-forestier2.jpg 1024w, http:\/\/recettes-gourmandes-de-joce.fr\/wp-content\/uploads\/2024\/04\/gratin-forestier2-768x512.jpg 768w, http:\/\/recettes-gourmandes-de-joce.fr\/wp-content\/uploads\/2024\/04\/gratin-forestier2-750x500.jpg 750w\" sizes=\"auto, (max-width: 270px) 100vw, 270px\" \/><\/span><\/p>\n<p style=\"text-align: center;\"><span style=\"color: #ff6600;\"><span style=\"font-size: 24px;\"><span style=\"font-family: georgia,serif;\"><u><em>Ingr\u00e9dients pour 3 personnes<\/em><\/u><\/span><\/span><\/span><\/p>\n<p style=\"text-align: center;\"><img loading=\"lazy\" decoding=\"async\" class=\"alignnone wp-image-65298\" src=\"http:\/\/recettes-gourmandes-de-joce.fr\/wp-content\/uploads\/2024\/04\/gratin-forestier4.jpg\" alt=\"\" width=\"267\" height=\"200\" srcset=\"http:\/\/recettes-gourmandes-de-joce.fr\/wp-content\/uploads\/2024\/04\/gratin-forestier4.jpg 1024w, http:\/\/recettes-gourmandes-de-joce.fr\/wp-content\/uploads\/2024\/04\/gratin-forestier4-768x575.jpg 768w, http:\/\/recettes-gourmandes-de-joce.fr\/wp-content\/uploads\/2024\/04\/gratin-forestier4-750x562.jpg 750w\" sizes=\"auto, (max-width: 267px) 100vw, 267px\" \/><\/p>\n<p style=\"text-align: center;\"><span style=\"font-size: 14pt;\"><span style=\"font-family: georgia,serif;\"><em><span style=\"color: #ff6600;\">500 g de chair \u00e0 saucisses<\/span><\/em><\/span><\/span><\/p>\n<p style=\"text-align: center;\"><span style=\"font-size: 14pt;\"><span style=\"font-family: georgia,serif;\"><em><span style=\"color: #ff6600;\">6 belles pommes de terre \u00e0 chair ferme<\/span><\/em><\/span><\/span><\/p>\n<p style=\"text-align: center;\"><span style=\"font-size: 14pt;\"><span style=\"font-family: georgia,serif;\"><em><span style=\"color: #ff6600;\">1 beau c\u00e8pe<\/span><\/em><\/span><\/span><\/p>\n<p style=\"text-align: center;\"><span style=\"font-size: 14pt;\"><span style=\"font-family: georgia,serif;\"><em><span style=\"color: #ff6600;\">200 g de pleurotes ou des champignons de votre choix feront l&rsquo;affaire<\/span><\/em><\/span><\/span><\/p>\n<p style=\"text-align: center;\"><span style=\"font-size: 14pt;\"><span style=\"font-family: georgia,serif;\"><em><span style=\"color: #ff6600;\">4 petites gousses d&rsquo;ail<\/span><\/em><\/span><\/span><\/p>\n<p style=\"text-align: center;\"><span style=\"font-size: 14pt;\"><span style=\"font-family: georgia,serif;\"><em><span style=\"color: #ff6600;\">1 petit bouquet de persil plat<\/span><\/em><\/span><\/span><\/p>\n<p style=\"text-align: center;\"><span style=\"font-size: 14pt;\"><span style=\"font-family: georgia,serif;\"><em><span style=\"color: #ff6600;\">1 morceau de beurre<\/span><\/em><\/span><\/span><\/p>\n<p style=\"text-align: center;\"><span style=\"font-size: 14pt;\"><span style=\"font-family: georgia,serif;\"><em><span style=\"color: #ff6600;\">1 cube de bouillon de volaille<\/span><\/em><\/span><\/span><\/p>\n<p style=\"text-align: center;\"><span style=\"font-size: 14pt;\"><span style=\"font-family: georgia,serif;\"><em><span style=\"color: #ff6600;\">1 c \u00e0 c rase d&rsquo;\u00e9pices pour pommes de terre d\u00e9tails sur ce lien -&gt; \u00c9pic\u00e9too<\/span><\/em><\/span><\/span><\/p>\n<p style=\"text-align: center;\"><span style=\"font-size: 14pt;\"><span style=\"font-family: georgia,serif;\"><em><span style=\"color: #ff6600;\">2 bonnes pinc\u00e9es de piment d&rsquo;Espelette<\/span><\/em><\/span><\/span><\/p>\n<p style=\"text-align: center;\"><span style=\"font-size: 14pt;\"><span style=\"font-family: georgia,serif;\"><em><span style=\"color: #ff6600;\">Sel et poivre<\/span><\/em><\/span><\/span><\/p>\n<p style=\"text-align: center;\"><img loading=\"lazy\" decoding=\"async\" class=\"alignnone wp-image-65299\" src=\"http:\/\/recettes-gourmandes-de-joce.fr\/wp-content\/uploads\/2024\/04\/gratin-forestier5.jpg\" alt=\"\" width=\"255\" height=\"170\" srcset=\"http:\/\/recettes-gourmandes-de-joce.fr\/wp-content\/uploads\/2024\/04\/gratin-forestier5.jpg 1024w, http:\/\/recettes-gourmandes-de-joce.fr\/wp-content\/uploads\/2024\/04\/gratin-forestier5-768x512.jpg 768w, http:\/\/recettes-gourmandes-de-joce.fr\/wp-content\/uploads\/2024\/04\/gratin-forestier5-750x500.jpg 750w\" sizes=\"auto, (max-width: 255px) 100vw, 255px\" \/> <img loading=\"lazy\" decoding=\"async\" class=\"alignnone wp-image-65300\" src=\"http:\/\/recettes-gourmandes-de-joce.fr\/wp-content\/uploads\/2024\/04\/gratin-forestier6.jpg\" alt=\"\" width=\"189\" height=\"170\" srcset=\"http:\/\/recettes-gourmandes-de-joce.fr\/wp-content\/uploads\/2024\/04\/gratin-forestier6.jpg 1024w, http:\/\/recettes-gourmandes-de-joce.fr\/wp-content\/uploads\/2024\/04\/gratin-forestier6-768x690.jpg 768w, http:\/\/recettes-gourmandes-de-joce.fr\/wp-content\/uploads\/2024\/04\/gratin-forestier6-750x674.jpg 750w\" sizes=\"auto, (max-width: 189px) 100vw, 189px\" \/> <img loading=\"lazy\" decoding=\"async\" class=\"alignnone wp-image-65301\" src=\"http:\/\/recettes-gourmandes-de-joce.fr\/wp-content\/uploads\/2024\/04\/gratin-forestier7.jpg\" alt=\"\" width=\"196\" height=\"170\" srcset=\"http:\/\/recettes-gourmandes-de-joce.fr\/wp-content\/uploads\/2024\/04\/gratin-forestier7.jpg 1024w, http:\/\/recettes-gourmandes-de-joce.fr\/wp-content\/uploads\/2024\/04\/gratin-forestier7-768x665.jpg 768w, http:\/\/recettes-gourmandes-de-joce.fr\/wp-content\/uploads\/2024\/04\/gratin-forestier7-750x650.jpg 750w\" sizes=\"auto, (max-width: 196px) 100vw, 196px\" \/><\/p>\n<p style=\"text-align: center;\"><span style=\"font-size: 14pt;\"><span style=\"font-family: georgia,serif;\"><em><span style=\"color: #ff6600;\">Peler et essuyer les pommes de terre les couper en fines tranches. Laver et ciseler le persil, peler, d\u00e9germer et hacher finement l&rsquo;ail. Nettoyer les champignons et\u00a0<\/span><\/em><\/span><\/span><em style=\"font-family: georgia, serif; font-size: 18.6667px;\"><span style=\"color: #ff6600;\">les <\/span><\/em><em style=\"font-family: georgia, serif; font-size: 14pt;\"><span style=\"color: #ff6600;\">couper\u00a0 en lani\u00e8res. Dissoudre le cube de volaille dans 500 ml d&rsquo;eau chaude.<\/span><\/em><\/p>\n<p style=\"text-align: center;\"><img loading=\"lazy\" decoding=\"async\" class=\"alignnone wp-image-65302\" src=\"http:\/\/recettes-gourmandes-de-joce.fr\/wp-content\/uploads\/2024\/04\/gratin-forestier8.jpg\" alt=\"\" width=\"210\" height=\"170\" srcset=\"http:\/\/recettes-gourmandes-de-joce.fr\/wp-content\/uploads\/2024\/04\/gratin-forestier8.jpg 1024w, http:\/\/recettes-gourmandes-de-joce.fr\/wp-content\/uploads\/2024\/04\/gratin-forestier8-768x621.jpg 768w, http:\/\/recettes-gourmandes-de-joce.fr\/wp-content\/uploads\/2024\/04\/gratin-forestier8-750x606.jpg 750w\" sizes=\"auto, (max-width: 210px) 100vw, 210px\" \/> <img loading=\"lazy\" decoding=\"async\" class=\"alignnone wp-image-65303\" src=\"http:\/\/recettes-gourmandes-de-joce.fr\/wp-content\/uploads\/2024\/04\/gratin-forestier9.jpg\" alt=\"\" width=\"211\" height=\"170\" srcset=\"http:\/\/recettes-gourmandes-de-joce.fr\/wp-content\/uploads\/2024\/04\/gratin-forestier9.jpg 1024w, http:\/\/recettes-gourmandes-de-joce.fr\/wp-content\/uploads\/2024\/04\/gratin-forestier9-768x620.jpg 768w, http:\/\/recettes-gourmandes-de-joce.fr\/wp-content\/uploads\/2024\/04\/gratin-forestier9-750x605.jpg 750w\" sizes=\"auto, (max-width: 211px) 100vw, 211px\" \/> <img loading=\"lazy\" decoding=\"async\" class=\"alignnone wp-image-65304\" src=\"http:\/\/recettes-gourmandes-de-joce.fr\/wp-content\/uploads\/2024\/04\/gratin-forestier10.jpg\" alt=\"\" width=\"205\" height=\"170\" srcset=\"http:\/\/recettes-gourmandes-de-joce.fr\/wp-content\/uploads\/2024\/04\/gratin-forestier10.jpg 1024w, http:\/\/recettes-gourmandes-de-joce.fr\/wp-content\/uploads\/2024\/04\/gratin-forestier10-768x638.jpg 768w, http:\/\/recettes-gourmandes-de-joce.fr\/wp-content\/uploads\/2024\/04\/gratin-forestier10-750x623.jpg 750w\" sizes=\"auto, (max-width: 205px) 100vw, 205px\" \/><\/p>\n<p style=\"text-align: center;\"><span style=\"font-size: 14pt;\"><span style=\"font-family: georgia,serif;\"><em><span style=\"color: #ff6600;\">Dans une po\u00eale mettre le beurre \u00e0 fondre, ajouter les champignons et laisser suer, saler et poivrer, ajouter ensuite l&rsquo;ail et le persil m\u00e9langer, poursuivre la cuisson \u00e0 feu doux pour finir de cuire les champignons et r\u00e9server.<\/span><\/em><\/span><\/span><\/p>\n<p style=\"text-align: center;\"><img loading=\"lazy\" decoding=\"async\" class=\"alignnone wp-image-65305\" src=\"http:\/\/recettes-gourmandes-de-joce.fr\/wp-content\/uploads\/2024\/04\/gratin-forestier11.jpg\" alt=\"\" width=\"225\" height=\"170\" srcset=\"http:\/\/recettes-gourmandes-de-joce.fr\/wp-content\/uploads\/2024\/04\/gratin-forestier11.jpg 1024w, http:\/\/recettes-gourmandes-de-joce.fr\/wp-content\/uploads\/2024\/04\/gratin-forestier11-768x581.jpg 768w, http:\/\/recettes-gourmandes-de-joce.fr\/wp-content\/uploads\/2024\/04\/gratin-forestier11-750x568.jpg 750w\" sizes=\"auto, (max-width: 225px) 100vw, 225px\" \/> <img loading=\"lazy\" decoding=\"async\" class=\"alignnone wp-image-65306\" src=\"http:\/\/recettes-gourmandes-de-joce.fr\/wp-content\/uploads\/2024\/04\/gratin-forestier12.jpg\" alt=\"\" width=\"196\" height=\"170\" srcset=\"http:\/\/recettes-gourmandes-de-joce.fr\/wp-content\/uploads\/2024\/04\/gratin-forestier12.jpg 1024w, http:\/\/recettes-gourmandes-de-joce.fr\/wp-content\/uploads\/2024\/04\/gratin-forestier12-768x666.jpg 768w, http:\/\/recettes-gourmandes-de-joce.fr\/wp-content\/uploads\/2024\/04\/gratin-forestier12-750x650.jpg 750w\" sizes=\"auto, (max-width: 196px) 100vw, 196px\" \/> <img loading=\"lazy\" decoding=\"async\" class=\"alignnone wp-image-65307\" src=\"http:\/\/recettes-gourmandes-de-joce.fr\/wp-content\/uploads\/2024\/04\/gratin-forestier13.jpg\" alt=\"\" width=\"255\" height=\"170\" srcset=\"http:\/\/recettes-gourmandes-de-joce.fr\/wp-content\/uploads\/2024\/04\/gratin-forestier13.jpg 1024w, http:\/\/recettes-gourmandes-de-joce.fr\/wp-content\/uploads\/2024\/04\/gratin-forestier13-768x512.jpg 768w, http:\/\/recettes-gourmandes-de-joce.fr\/wp-content\/uploads\/2024\/04\/gratin-forestier13-750x500.jpg 750w\" sizes=\"auto, (max-width: 255px) 100vw, 255px\" \/><\/p>\n<p style=\"text-align: center;\"><span style=\"font-size: 14pt;\"><span style=\"font-family: georgia,serif;\"><em><span style=\"color: #ff6600;\">Dans des plats \u00e0 gratin individuel ou dans un grand plat, r\u00e9partir la moiti\u00e9 des pommes de terre, saler et poivrer ajouter un peu d&rsquo;\u00e9pices et de piment, r\u00e9partir ensuite la chair \u00e0 saucisses puis\u00a0les champignons.<\/span><\/em><\/span><\/span><\/p>\n<p style=\"text-align: center;\"><img loading=\"lazy\" decoding=\"async\" class=\"alignnone wp-image-65308\" src=\"http:\/\/recettes-gourmandes-de-joce.fr\/wp-content\/uploads\/2024\/04\/gratin-forestier14.jpg\" alt=\"\" width=\"209\" height=\"170\" srcset=\"http:\/\/recettes-gourmandes-de-joce.fr\/wp-content\/uploads\/2024\/04\/gratin-forestier14.jpg 1024w, http:\/\/recettes-gourmandes-de-joce.fr\/wp-content\/uploads\/2024\/04\/gratin-forestier14-768x623.jpg 768w, http:\/\/recettes-gourmandes-de-joce.fr\/wp-content\/uploads\/2024\/04\/gratin-forestier14-750x609.jpg 750w\" sizes=\"auto, (max-width: 209px) 100vw, 209px\" \/> <img loading=\"lazy\" decoding=\"async\" class=\"alignnone wp-image-65309\" src=\"http:\/\/recettes-gourmandes-de-joce.fr\/wp-content\/uploads\/2024\/04\/gratin-forestier15.jpg\" alt=\"\" width=\"240\" height=\"170\" srcset=\"http:\/\/recettes-gourmandes-de-joce.fr\/wp-content\/uploads\/2024\/04\/gratin-forestier15.jpg 1024w, http:\/\/recettes-gourmandes-de-joce.fr\/wp-content\/uploads\/2024\/04\/gratin-forestier15-768x545.jpg 768w, http:\/\/recettes-gourmandes-de-joce.fr\/wp-content\/uploads\/2024\/04\/gratin-forestier15-750x532.jpg 750w\" sizes=\"auto, (max-width: 240px) 100vw, 240px\" \/> <img loading=\"lazy\" decoding=\"async\" class=\"alignnone wp-image-65310\" src=\"http:\/\/recettes-gourmandes-de-joce.fr\/wp-content\/uploads\/2024\/04\/gratin-forestier16.jpg\" alt=\"\" width=\"255\" height=\"170\" srcset=\"http:\/\/recettes-gourmandes-de-joce.fr\/wp-content\/uploads\/2024\/04\/gratin-forestier16.jpg 1024w, http:\/\/recettes-gourmandes-de-joce.fr\/wp-content\/uploads\/2024\/04\/gratin-forestier16-768x512.jpg 768w, http:\/\/recettes-gourmandes-de-joce.fr\/wp-content\/uploads\/2024\/04\/gratin-forestier16-750x500.jpg 750w\" sizes=\"auto, (max-width: 255px) 100vw, 255px\" \/><\/p>\n<p style=\"text-align: center;\"><span style=\"font-size: 14pt;\"><span style=\"font-family: georgia,serif;\"><em><span style=\"color: #ff6600;\">Terminer par le reste des pommes de terre, ajouter 1 louche de bouillon par plat et terminer en assaisonnant les pommes de terre comme au d\u00e9marrage. Enfourner environ 40 minutes \u00e0 220\u00b0 selon les fours, au bout de 20 minutes descendre la T\u00b0 du four \u00e0 180\u00b0 et terminer la cuisson, surveiller la coloration.<\/span><\/em><\/span><\/span><\/p>\n<p style=\"text-align: center;\"><span style=\"color: #ff6600; font-size: 14pt;\"><span style=\"font-family: georgia,serif;\"><em>Id\u00e9al avec une bonne salade!<\/em><\/span><\/span><\/p>\n<p style=\"text-align: center;\"><span style=\"color: #ff6600; font-size: 14pt;\"><span style=\"font-family: georgia,serif;\"><em>Bon app\u00e9tit!<\/em><\/span><\/span><\/p>\n<p style=\"text-align: center;\"><img loading=\"lazy\" decoding=\"async\" class=\"alignnone wp-image-65297\" src=\"http:\/\/recettes-gourmandes-de-joce.fr\/wp-content\/uploads\/2024\/04\/gratin-forestier3a.jpg\" alt=\"\" width=\"260\" height=\"180\" srcset=\"http:\/\/recettes-gourmandes-de-joce.fr\/wp-content\/uploads\/2024\/04\/gratin-forestier3a.jpg 1024w, http:\/\/recettes-gourmandes-de-joce.fr\/wp-content\/uploads\/2024\/04\/gratin-forestier3a-768x533.jpg 768w, http:\/\/recettes-gourmandes-de-joce.fr\/wp-content\/uploads\/2024\/04\/gratin-forestier3a-750x520.jpg 750w\" sizes=\"auto, (max-width: 260px) 100vw, 260px\" \/><\/p>\n<p style=\"text-align: center;\"><img loading=\"lazy\" decoding=\"async\" class=\"alignnone wp-image-65296\" src=\"http:\/\/recettes-gourmandes-de-joce.fr\/wp-content\/uploads\/2024\/04\/gratin-forestier3.jpg\" alt=\"\" width=\"270\" height=\"180\" srcset=\"http:\/\/recettes-gourmandes-de-joce.fr\/wp-content\/uploads\/2024\/04\/gratin-forestier3.jpg 1024w, http:\/\/recettes-gourmandes-de-joce.fr\/wp-content\/uploads\/2024\/04\/gratin-forestier3-768x512.jpg 768w, http:\/\/recettes-gourmandes-de-joce.fr\/wp-content\/uploads\/2024\/04\/gratin-forestier3-750x500.jpg 750w\" sizes=\"auto, (max-width: 270px) 100vw, 270px\" \/>\u00a0<img loading=\"lazy\" decoding=\"async\" class=\"alignnone wp-image-65295\" src=\"http:\/\/recettes-gourmandes-de-joce.fr\/wp-content\/uploads\/2024\/04\/gratin-forestier2.jpg\" alt=\"\" width=\"270\" height=\"180\" srcset=\"http:\/\/recettes-gourmandes-de-joce.fr\/wp-content\/uploads\/2024\/04\/gratin-forestier2.jpg 1024w, http:\/\/recettes-gourmandes-de-joce.fr\/wp-content\/uploads\/2024\/04\/gratin-forestier2-768x512.jpg 768w, http:\/\/recettes-gourmandes-de-joce.fr\/wp-content\/uploads\/2024\/04\/gratin-forestier2-750x500.jpg 750w\" sizes=\"auto, (max-width: 270px) 100vw, 270px\" \/><\/p>\n<p style=\"text-align: center;\"><img loading=\"lazy\" decoding=\"async\" class=\"alignnone size-full wp-image-59803\" src=\"http:\/\/recettes-gourmandes-de-joce.fr\/wp-content\/uploads\/2024\/01\/logitech-gaming-software-14112014-121223.jpg\" alt=\"\" width=\"640\" height=\"144\" \/><\/p>\n<h3>Commentaires\u00a0<small>(2)<\/small><\/h3>\n<div class=\"items-container\">\n<div class=\"item item-comment media\">\n<div class=\"pull-left\">\n<p>&nbsp;<\/p>\n<p><img decoding=\"async\" class=\"media-object\" src=\"https:\/\/www.gravatar.com\/avatar\/3c03e315ac5566601d22dd4d70a03d30?d=https%3A%2F%2Fwww.recettes-gourmandes-de-joce.com%2Fmedias%2Fstatic%2Fmanager%2Fim%2Favatar.png?s=50&amp;d=mm\" alt=\"Matianne FOUSS\" width=\"50\" \/><\/p>\n<\/div>\n<div class=\"media-body\">\n<ul class=\"inline item-infos\">\n<li><span class=\"comment-number\">1.<\/span>\u00a0<span class=\"comment-author\"><strong>Matianne FOUSS<\/strong><\/span>\u00a0<span class=\"comment-date\">| 24\/10\/2017<\/span><\/li>\n<\/ul>\n<div class=\"comment-content\">Je l&rsquo;ai pr\u00e9par\u00e9 aujourd&rsquo;hui et c&rsquo;est super bon et tr\u00e8s simple \u00e0 pr\u00e9parer ! Attention toutefois au sel que vous ajoutez sur les pommes de terre : le bouillon en cuisant dans le four se r\u00e9duit et du coup apporte beaucoup de sel ! La prochaine fois, pas de sel, mais juste du poivre et les \u00e9pices \u00e0 pommes de terre (que je n&rsquo;avais pas, mais que j&rsquo;ai remplac\u00e9es par des \u00e9pices \u00e0 l&rsquo;italienne). Tr\u00e8s bon plat \u00e0 recommander, surtout en cas de fin de mois difficile !!<\/div>\n<div class=\"item item-comment media by-webmaster\">\n<div class=\"pull-left\">\n<p>&nbsp;<\/p>\n<\/div>\n<div class=\"media-body\">\n<ul class=\"inline item-infos\">\n<li><span class=\"comment-author\"><strong>jocelyne debon<\/strong>\u00a0(<a rel=\"nofollow\">site web<\/a>)<\/span>\u00a0<span class=\"comment-date\">| 24\/10\/2017<\/span><\/li>\n<\/ul>\n<div class=\"comment-content\">Merci beaucoup pour ce retour, merci d&rsquo;avoir pr\u00e9cis\u00e9 pour le sel, personnellement j&rsquo;ai la main l\u00e9g\u00e8re avec le sel donc je n&rsquo;ai pas eu de soucis<\/div>\n<div class=\"comment-content\">Au plaisir de votre visite<\/div>\n<div class=\"comment-content\">Bonne soir\u00e9e<\/div>\n<div class=\"comment-content\">Amicalement Joce<\/div>\n<\/div>\n<\/div>\n<\/div>\n<\/div>\n<\/div>\n","protected":false},"excerpt":{"rendered":"<p>Une de mes recettes \u00a0 Ingr\u00e9dients pour 3 personnes 500 g de chair \u00e0 saucisses 6 belles pommes de terre \u00e0 chair ferme 1 beau c\u00e8pe 200 g de pleurotes ou des champignons de votre choix feront l&rsquo;affaire 4 petites gousses d&rsquo;ail 1 petit bouquet de persil plat 1 morceau de beurre 1 cube de &hellip; <\/p>\n<p><a class=\"more-link btn\" href=\"http:\/\/recettes-gourmandes-de-joce.fr\/index.php\/index\/viandes\/porc\/gratin-forestier-a-la-chair-a-saucisse\/\">Lire la suite<\/a><\/p>\n","protected":false},"author":2,"featured_media":65296,"parent":59,"menu_order":0,"comment_status":"open","ping_status":"closed","template":"","meta":{"footnotes":""},"class_list":["post-2739","page","type-page","status-publish","has-post-thumbnail","hentry","nodate","item-wrap"],"_links":{"self":[{"href":"http:\/\/recettes-gourmandes-de-joce.fr\/index.php\/wp-json\/wp\/v2\/pages\/2739","targetHints":{"allow":["GET"]}}],"collection":[{"href":"http:\/\/recettes-gourmandes-de-joce.fr\/index.php\/wp-json\/wp\/v2\/pages"}],"about":[{"href":"http:\/\/recettes-gourmandes-de-joce.fr\/index.php\/wp-json\/wp\/v2\/types\/page"}],"author":[{"embeddable":true,"href":"http:\/\/recettes-gourmandes-de-joce.fr\/index.php\/wp-json\/wp\/v2\/users\/2"}],"replies":[{"embeddable":true,"href":"http:\/\/recettes-gourmandes-de-joce.fr\/index.php\/wp-json\/wp\/v2\/comments?post=2739"}],"version-history":[{"count":6,"href":"http:\/\/recettes-gourmandes-de-joce.fr\/index.php\/wp-json\/wp\/v2\/pages\/2739\/revisions"}],"predecessor-version":[{"id":94027,"href":"http:\/\/recettes-gourmandes-de-joce.fr\/index.php\/wp-json\/wp\/v2\/pages\/2739\/revisions\/94027"}],"up":[{"embeddable":true,"href":"http:\/\/recettes-gourmandes-de-joce.fr\/index.php\/wp-json\/wp\/v2\/pages\/59"}],"wp:featuredmedia":[{"embeddable":true,"href":"http:\/\/recettes-gourmandes-de-joce.fr\/index.php\/wp-json\/wp\/v2\/media\/65296"}],"wp:attachment":[{"href":"http:\/\/recettes-gourmandes-de-joce.fr\/index.php\/wp-json\/wp\/v2\/media?parent=2739"}],"curies":[{"name":"wp","href":"https:\/\/api.w.org\/{rel}","templated":true}]}}