{"id":26684,"date":"2020-11-29T23:52:19","date_gmt":"2020-11-29T23:52:19","guid":{"rendered":"http:\/\/recettes-gourmandes-de-joce.fr\/?page_id=26684"},"modified":"2026-03-15T01:54:28","modified_gmt":"2026-03-15T01:54:28","slug":"poulet-aux-girolles-tomates-et-gingembre","status":"publish","type":"page","link":"http:\/\/recettes-gourmandes-de-joce.fr\/index.php\/index\/viandes\/volailles\/poulet-poule-poularde-coq-coquelet\/poulet-aux-girolles-tomates-et-gingembre\/","title":{"rendered":"Poulet aux girolles, tomates et gingembre."},"content":{"rendered":"<p style=\"text-align: center;\"><span style=\"color: #cc3300;\"><span style=\"font-family: georgia,serif;\"><span style=\"font-size: x-large; text-decoration: underline;\"><em>Une de mes recettes<\/em><\/span><\/span><\/span><\/p>\n<p style=\"text-align: center;\"><img loading=\"lazy\" decoding=\"async\" class=\"alignnone wp-image-72288\" src=\"http:\/\/recettes-gourmandes-de-joce.fr\/wp-content\/uploads\/2024\/04\/poulet-girolles17.jpg\" alt=\"\" width=\"240\" height=\"180\" \/> <img loading=\"lazy\" decoding=\"async\" class=\"alignnone wp-image-72287\" src=\"http:\/\/recettes-gourmandes-de-joce.fr\/wp-content\/uploads\/2024\/04\/poulet-girolles16.jpg\" alt=\"\" width=\"240\" height=\"180\" \/> <img loading=\"lazy\" decoding=\"async\" class=\"alignnone wp-image-72290\" src=\"http:\/\/recettes-gourmandes-de-joce.fr\/wp-content\/uploads\/2024\/04\/poulet-girolles2.jpg\" alt=\"\" width=\"240\" height=\"180\" \/><\/p>\n<p style=\"text-align: center;\"><span style=\"color: #cc3300;\"><span style=\"font-family: georgia,serif;\"><span style=\"font-size: 24px;\"><u><em>Ingr\u00e9dients pour 2 personnes<\/em><\/u><\/span><\/span><\/span><\/p>\n<p style=\"text-align: center;\"><img loading=\"lazy\" decoding=\"async\" class=\"alignnone wp-image-72292\" src=\"http:\/\/recettes-gourmandes-de-joce.fr\/wp-content\/uploads\/2024\/04\/poulet-girolles4.jpg\" alt=\"\" width=\"316\" height=\"200\" \/><\/p>\n<p style=\"text-align: center;\"><span style=\"color: #cc3300;\"><span style=\"font-family: georgia,serif;\"><em><span style=\"font-size: large;\">2 cuisses de poulets<\/span><\/em><\/span><\/span><\/p>\n<p style=\"text-align: center;\"><span style=\"color: #cc3300;\"><span style=\"font-family: georgia,serif;\"><em><span style=\"font-size: large;\">2 tomates<\/span><\/em><\/span><\/span><\/p>\n<p style=\"text-align: center;\"><span style=\"color: #cc3300;\"><span style=\"font-family: georgia,serif;\"><em><span style=\"font-size: large;\">200 g de girolles surgel\u00e9es ou fra\u00eeches selon la saison<\/span><\/em><\/span><\/span><\/p>\n<p style=\"text-align: center;\"><span style=\"color: #cc3300;\"><span style=\"font-family: georgia,serif;\"><em><span style=\"font-size: large;\">1 grosse \u00e9chalote<\/span><\/em><\/span><\/span><\/p>\n<p style=\"text-align: center;\"><span style=\"color: #cc3300;\"><span style=\"font-family: georgia,serif;\"><em><span style=\"font-size: large;\">3 belles gousses d&rsquo;ail<\/span><\/em><\/span><\/span><\/p>\n<p style=\"text-align: center;\"><span style=\"color: #cc3300;\"><span style=\"font-family: georgia,serif;\"><em><span style=\"font-size: large;\">1 morceau de gingembre de 3 cm environ<\/span><\/em><\/span><\/span><\/p>\n<p style=\"text-align: center;\"><span style=\"color: #cc3300;\"><span style=\"font-family: georgia,serif;\"><em><span style=\"font-size: large;\">2 c \u00e0 s de fond de volaille<\/span><\/em><\/span><\/span><\/p>\n<p style=\"text-align: center;\"><span style=\"color: #cc3300;\"><span style=\"font-family: georgia,serif;\"><em><span style=\"font-size: large;\">2 c \u00e0 s d&rsquo;huile d&rsquo;olive<\/span><\/em><\/span><\/span><\/p>\n<p style=\"text-align: center;\"><span style=\"color: #cc3300;\"><span style=\"font-family: georgia,serif;\"><em><span style=\"font-size: large;\">2 feuilles de laurier<\/span><\/em><\/span><\/span><\/p>\n<p style=\"text-align: center;\"><span style=\"font-family: georgia,serif;\"><em><span style=\"font-size: large;\"><span style=\"color: #cc3300;\">1 c \u00e0 s d&rsquo;\u00e9pices pour poulet -&gt; <\/span>\u00c9pic\u00e9too<\/span><\/em><\/span><\/p>\n<p style=\"text-align: center;\"><span style=\"color: #cc3300;\"><span style=\"font-family: georgia,serif;\"><em><span style=\"font-size: large;\">\u00bd c \u00e0 c de piment d&rsquo;Espelette<\/span><\/em><\/span><\/span><\/p>\n<p style=\"text-align: center;\"><span style=\"color: #cc3300;\"><span style=\"font-family: georgia,serif;\"><em><span style=\"font-size: large;\">1 branche de romarin et de thym<\/span><\/em><\/span><\/span><\/p>\n<p style=\"text-align: center;\"><span style=\"color: #cc3300;\"><span style=\"font-family: georgia,serif;\"><em><span style=\"font-size: large;\">Sel et poivre<\/span><\/em><\/span><\/span><\/p>\n<p style=\"text-align: center;\"><img loading=\"lazy\" decoding=\"async\" class=\"alignnone wp-image-72293\" src=\"http:\/\/recettes-gourmandes-de-joce.fr\/wp-content\/uploads\/2024\/04\/poulet-girolles5.jpg\" alt=\"\" width=\"244\" height=\"170\" \/> <img loading=\"lazy\" decoding=\"async\" class=\"alignnone wp-image-72294\" src=\"http:\/\/recettes-gourmandes-de-joce.fr\/wp-content\/uploads\/2024\/04\/poulet-girolles5a.jpg\" alt=\"\" width=\"175\" height=\"170\" \/> <img loading=\"lazy\" decoding=\"async\" class=\"alignnone wp-image-72295\" src=\"http:\/\/recettes-gourmandes-de-joce.fr\/wp-content\/uploads\/2024\/04\/poulet-girolles6.jpg\" alt=\"\" width=\"213\" height=\"170\" \/><\/p>\n<p style=\"text-align: center;\"><span style=\"color: #cc3300;\"><span style=\"font-family: georgia,serif;\"><span style=\"font-size: large;\"><em>Peler et \u00e9mincer l&rsquo;\u00e9chalote, les gousses d&rsquo;ail d\u00e9germ\u00e9es et le gingembre, laver et couper les tomates en 6, si vos girolles sont fra\u00eeches les nettoyer. Mettre un filet d&rsquo;huile d&rsquo;olive dans la sauteuse et y faire dorer les morceaux de poulet sal\u00e9s et poivr\u00e9s sur toutes les faces.<\/em><\/span><\/span><\/span><\/p>\n<p style=\"text-align: center;\"><img loading=\"lazy\" decoding=\"async\" class=\"alignnone wp-image-72296\" src=\"http:\/\/recettes-gourmandes-de-joce.fr\/wp-content\/uploads\/2024\/04\/poulet-girolles7.jpg\" alt=\"\" width=\"215\" height=\"170\" \/> <img loading=\"lazy\" decoding=\"async\" class=\"alignnone wp-image-72297\" src=\"http:\/\/recettes-gourmandes-de-joce.fr\/wp-content\/uploads\/2024\/04\/poulet-girolles7a.jpg\" alt=\"\" width=\"215\" height=\"170\" \/> <img loading=\"lazy\" decoding=\"async\" class=\"alignnone wp-image-72298\" src=\"http:\/\/recettes-gourmandes-de-joce.fr\/wp-content\/uploads\/2024\/04\/poulet-girolles8.jpg\" alt=\"\" width=\"238\" height=\"170\" \/><\/p>\n<p style=\"text-align: center;\"><span style=\"color: #cc3300;\"><span style=\"font-family: georgia,serif;\"><span style=\"font-size: large;\"><em>Ajouter ensuite lorsque le poulet est dor\u00e9, les \u00e9chalotes, l&rsquo;ail et le gingembre, m\u00e9langer et laisser dorer.<\/em><\/span><\/span><\/span><\/p>\n<p style=\"text-align: center;\"><img loading=\"lazy\" decoding=\"async\" class=\"alignnone wp-image-72299\" src=\"http:\/\/recettes-gourmandes-de-joce.fr\/wp-content\/uploads\/2024\/04\/poulet-girolles9.jpg\" alt=\"\" width=\"224\" height=\"170\" \/> <img loading=\"lazy\" decoding=\"async\" class=\"alignnone wp-image-72300\" src=\"http:\/\/recettes-gourmandes-de-joce.fr\/wp-content\/uploads\/2024\/04\/poulet-girolles10.jpg\" alt=\"\" width=\"200\" height=\"170\" \/> <img loading=\"lazy\" decoding=\"async\" class=\"alignnone wp-image-72301\" src=\"http:\/\/recettes-gourmandes-de-joce.fr\/wp-content\/uploads\/2024\/04\/poulet-girolles11.jpg\" alt=\"\" width=\"214\" height=\"170\" \/><\/p>\n<p style=\"text-align: center;\"><span style=\"color: #cc3300;\"><span style=\"font-family: georgia,serif;\"><span style=\"font-size: large;\"><em>Lorsque les \u00e9chalotes sont dor\u00e9es, ajouter les tomates et les girolles, m\u00e9langer et ajouter le fond de volaille, verser de l&rsquo;eau \u00e0 mis hauteur du poulet, ajouter les herbes aromatiques lav\u00e9es.<\/em><\/span><\/span><\/span><\/p>\n<p>\u00a0 \u00a0 \u00a0 \u00a0 \u00a0 \u00a0 \u00a0 \u00a0 \u00a0 \u00a0 \u00a0 \u00a0 \u00a0 \u00a0 \u00a0 \u00a0 \u00a0 \u00a0 \u00a0 \u00a0 \u00a0 \u00a0 \u00a0<img loading=\"lazy\" decoding=\"async\" class=\"alignnone wp-image-72302\" src=\"http:\/\/recettes-gourmandes-de-joce.fr\/wp-content\/uploads\/2024\/04\/poulet-girolles12.jpg\" alt=\"\" width=\"227\" height=\"170\" \/> <img loading=\"lazy\" decoding=\"async\" class=\"alignnone wp-image-72303\" style=\"text-align: center;\" src=\"http:\/\/recettes-gourmandes-de-joce.fr\/wp-content\/uploads\/2024\/04\/poulet-girolles13.jpg\" alt=\"\" width=\"226\" height=\"170\" \/><\/p>\n<p style=\"text-align: center;\"><span style=\"color: #cc3300;\"><span style=\"font-family: georgia,serif;\"><span style=\"font-size: large;\"><em>Ajouter\u00a0le piment d&rsquo;Espelette et les \u00e9pices pour poulet, m\u00e9langer, couvrir et laisser mijoter \u00e0 feu doux environ 40 minutes, retourner les morceaux de poulet r\u00e9guli\u00e8rement et veiller \u00e0 ce qu&rsquo;ils n&rsquo;attachent pas au fond de la sauteuse.\u00a0En fin de cuisson vous obtiendrez un jus nappant qui aura r\u00e9duit de moiti\u00e9.<\/em><\/span><\/span><\/span><\/p>\n<p style=\"text-align: center;\"><span style=\"color: #cc3300;\"><span style=\"font-family: georgia,serif;\"><span style=\"font-size: large;\"><em>Servir avec du riz , des frites ou des p\u00e2tes fra\u00eeches.<\/em><\/span><\/span><\/span><\/p>\n<p style=\"text-align: center;\"><span style=\"color: #cc3300;\"><span style=\"font-family: georgia,serif;\"><span style=\"font-size: large;\"><em><span style=\"font-size: large;\"><em>On a ador\u00e9!<\/em><\/span><\/em><\/span><\/span><\/span><\/p>\n<p style=\"text-align: center;\"><span style=\"color: #cc3300;\"><span style=\"font-family: georgia,serif;\"><span style=\"font-size: large;\"><em><span style=\"font-size: large;\"><em>Bon app\u00e9tit!<\/em><\/span><\/em><\/span><\/span><\/span><\/p>\n<p style=\"text-align: center;\"><img loading=\"lazy\" decoding=\"async\" class=\"alignnone wp-image-72291\" src=\"http:\/\/recettes-gourmandes-de-joce.fr\/wp-content\/uploads\/2024\/04\/poulet-girolles3.jpg\" alt=\"\" width=\"240\" height=\"180\" \/> <img loading=\"lazy\" decoding=\"async\" class=\"alignnone wp-image-72304\" src=\"http:\/\/recettes-gourmandes-de-joce.fr\/wp-content\/uploads\/2024\/04\/poulet-girolles15-1.jpg\" alt=\"\" width=\"261\" height=\"180\" \/> <img loading=\"lazy\" decoding=\"async\" class=\"alignnone wp-image-72289\" src=\"http:\/\/recettes-gourmandes-de-joce.fr\/wp-content\/uploads\/2024\/04\/poulet-girolles1.jpg\" alt=\"\" width=\"240\" height=\"180\" \/><\/p>\n<p style=\"text-align: center;\"><img loading=\"lazy\" decoding=\"async\" class=\"alignnone wp-image-24317 size-full\" src=\"http:\/\/recettes-gourmandes-de-joce.fr\/wp-content\/uploads\/2020\/07\/logitech-gaming-software-14112014-121223.jpg\" alt=\"\" width=\"640\" height=\"144\" srcset=\"http:\/\/recettes-gourmandes-de-joce.fr\/wp-content\/uploads\/2020\/07\/logitech-gaming-software-14112014-121223.jpg 640w, http:\/\/recettes-gourmandes-de-joce.fr\/wp-content\/uploads\/2020\/07\/logitech-gaming-software-14112014-121223-300x68.jpg 300w\" sizes=\"auto, (max-width: 640px) 100vw, 640px\" \/><\/p>\n","protected":false},"excerpt":{"rendered":"<p>Une de mes recettes Ingr\u00e9dients pour 2 personnes 2 cuisses de poulets 2 tomates 200 g de girolles surgel\u00e9es ou fra\u00eeches selon la saison 1 grosse \u00e9chalote 3 belles gousses d&rsquo;ail 1 morceau de gingembre de 3 cm environ 2 c \u00e0 s de fond de volaille 2 c \u00e0 s d&rsquo;huile d&rsquo;olive 2 feuilles &hellip; <\/p>\n<p><a class=\"more-link btn\" href=\"http:\/\/recettes-gourmandes-de-joce.fr\/index.php\/index\/viandes\/volailles\/poulet-poule-poularde-coq-coquelet\/poulet-aux-girolles-tomates-et-gingembre\/\">Lire la suite<\/a><\/p>\n","protected":false},"author":2,"featured_media":72413,"parent":99760,"menu_order":0,"comment_status":"open","ping_status":"closed","template":"","meta":{"footnotes":""},"class_list":["post-26684","page","type-page","status-publish","has-post-thumbnail","hentry","nodate","item-wrap"],"_links":{"self":[{"href":"http:\/\/recettes-gourmandes-de-joce.fr\/index.php\/wp-json\/wp\/v2\/pages\/26684","targetHints":{"allow":["GET"]}}],"collection":[{"href":"http:\/\/recettes-gourmandes-de-joce.fr\/index.php\/wp-json\/wp\/v2\/pages"}],"about":[{"href":"http:\/\/recettes-gourmandes-de-joce.fr\/index.php\/wp-json\/wp\/v2\/types\/page"}],"author":[{"embeddable":true,"href":"http:\/\/recettes-gourmandes-de-joce.fr\/index.php\/wp-json\/wp\/v2\/users\/2"}],"replies":[{"embeddable":true,"href":"http:\/\/recettes-gourmandes-de-joce.fr\/index.php\/wp-json\/wp\/v2\/comments?post=26684"}],"version-history":[{"count":5,"href":"http:\/\/recettes-gourmandes-de-joce.fr\/index.php\/wp-json\/wp\/v2\/pages\/26684\/revisions"}],"predecessor-version":[{"id":88620,"href":"http:\/\/recettes-gourmandes-de-joce.fr\/index.php\/wp-json\/wp\/v2\/pages\/26684\/revisions\/88620"}],"up":[{"embeddable":true,"href":"http:\/\/recettes-gourmandes-de-joce.fr\/index.php\/wp-json\/wp\/v2\/pages\/99760"}],"wp:featuredmedia":[{"embeddable":true,"href":"http:\/\/recettes-gourmandes-de-joce.fr\/index.php\/wp-json\/wp\/v2\/media\/72413"}],"wp:attachment":[{"href":"http:\/\/recettes-gourmandes-de-joce.fr\/index.php\/wp-json\/wp\/v2\/media?parent=26684"}],"curies":[{"name":"wp","href":"https:\/\/api.w.org\/{rel}","templated":true}]}}