{"id":2594,"date":"2019-10-03T12:37:10","date_gmt":"2019-10-03T12:37:10","guid":{"rendered":"http:\/\/recettes-gourmandes-de-joce.fr\/?page_id=2594"},"modified":"2025-03-25T10:06:03","modified_gmt":"2025-03-25T10:06:03","slug":"quiche-aux-moules-aux-champignons-et-persillade","status":"publish","type":"page","link":"http:\/\/recettes-gourmandes-de-joce.fr\/index.php\/index\/entrees\/tartes-et-quiches-salees\/quiche-aux-moules-aux-champignons-et-persillade\/","title":{"rendered":"Quiche aux moules, aux champignons et persillade."},"content":{"rendered":"<p style=\"text-align: center;\"><span style=\"color: #cc6600; font-size: 18pt;\"><span style=\"font-family: georgia,serif;\"><u><em>Une de mes recettes<\/em><\/u><\/span><\/span><\/p>\n<p style=\"text-align: center;\"><img loading=\"lazy\" decoding=\"async\" class=\"alignnone wp-image-73986\" src=\"http:\/\/recettes-gourmandes-de-joce.fr\/wp-content\/uploads\/2024\/04\/quiche-moules-champi3.jpg\" alt=\"\" width=\"276\" height=\"180\" \/> <img loading=\"lazy\" decoding=\"async\" class=\"alignnone wp-image-73984\" src=\"http:\/\/recettes-gourmandes-de-joce.fr\/wp-content\/uploads\/2024\/04\/quiche-moules-champi1.jpg\" alt=\"\" width=\"276\" height=\"180\" \/><img loading=\"lazy\" decoding=\"async\" class=\"alignnone wp-image-73985\" src=\"http:\/\/recettes-gourmandes-de-joce.fr\/wp-content\/uploads\/2024\/04\/quiche-moules-champi2.jpg\" alt=\"\" width=\"270\" height=\"180\" \/><\/p>\n<p style=\"text-align: center;\"><span style=\"color: #cc6600; font-size: 18pt;\"><span style=\"font-family: georgia,serif;\"><u><em>Ingr\u00e9dients<\/em><\/u><\/span><\/span><\/p>\n<p style=\"text-align: center;\"><img loading=\"lazy\" decoding=\"async\" class=\"alignnone wp-image-73987\" src=\"http:\/\/recettes-gourmandes-de-joce.fr\/wp-content\/uploads\/2024\/04\/quiche-moules-champi4.jpg\" alt=\"\" width=\"269\" height=\"200\" \/><\/p>\n<p style=\"text-align: center;\"><span style=\"color: #cc6600; font-size: 14pt;\"><span style=\"font-family: georgia,serif;\"><em>1 p\u00e2te feuillet\u00e9e<\/em><\/span><\/span><\/p>\n<p style=\"text-align: center;\"><span style=\"color: #cc6600; font-size: 14pt;\"><span style=\"font-family: georgia,serif;\"><em>5 champignons de Paris frais<\/em><\/span><\/span><\/p>\n<p style=\"text-align: center;\"><span style=\"color: #cc6600; font-size: 14pt;\"><span style=\"font-family: georgia,serif;\"><em>300 g de moules cuites d\u00e9coquill\u00e9es (soit 1 kg 500 de moules fra\u00eeches)<\/em><\/span><\/span><\/p>\n<p style=\"text-align: center;\"><span style=\"color: #cc6600; font-size: 14pt;\"><span style=\"font-family: georgia,serif;\"><em> ou un reste de moules d\u00e9j\u00e0 cuites<\/em><\/span><\/span><\/p>\n<p style=\"text-align: center;\"><span style=\"color: #cc6600; font-size: 14pt;\"><span style=\"font-family: georgia,serif;\"><em>2 c \u00e0 s de persil cisel\u00e9<\/em><\/span><\/span><\/p>\n<p style=\"text-align: center;\"><span style=\"color: #cc6600; font-size: 14pt;\"><span style=\"font-family: georgia,serif;\"><em>1 c \u00e0 c d&rsquo;ail semoule<\/em><\/span><\/span><\/p>\n<p style=\"text-align: center;\"><span style=\"color: #cc6600; font-size: 14pt;\"><span style=\"font-family: georgia,serif;\"><em>3 \u0153ufs<\/em><\/span><\/span><\/p>\n<p style=\"text-align: center;\"><span style=\"color: #cc6600; font-size: 14pt;\"><span style=\"font-family: georgia,serif;\"><em>20 cl de cr\u00e8me fra\u00eeche \u00e9paisse<\/em><\/span><\/span><\/p>\n<p style=\"text-align: center;\"><span style=\"color: #cc6600; font-size: 14pt;\"><span style=\"font-family: georgia,serif;\"><em>Sel et poivre<\/em><\/span><\/span><\/p>\n<p style=\"text-align: center;\"><span style=\"font-size: 14pt;\"><span style=\"color: #cc6600;\"><span style=\"font-family: georgia,serif;\"><em>Recette des moules marini\u00e8res sur ce lien -&gt; <a href=\"http:\/\/recettes-gourmandes-de-joce.fr\/index.php\/index\/poissons-coquillages\/coquillages-crustaces\/moules-marinieres\/\">Moules marini\u00e8res <\/a><\/em><\/span><\/span><img decoding=\"async\" style=\"border: 0px currentcolor; height: auto; text-align: left; color: #000000; text-transform: none; text-indent: 0px; letter-spacing: normal; font-family: 'Droid Sans', 'Helvetica Neue', Helvetica, Arial; font-style: normal; font-weight: 400; word-spacing: 0px; vertical-align: middle; white-space: normal; max-width: 100%; orphans: 2; widows: 2; text-decoration-color: initial; font-variant-ligatures: normal; font-variant-caps: normal; -webkit-text-stroke-width: 0px; text-decoration-style: initial;\" src=\"http:\/\/jocelyne.debon.free.fr\/moules-fourme-d-ambert\/moules-fourme-d-ambert15.JPG\" alt=\"\" width=\"207\" \/><\/span><\/p>\n<p style=\"text-align: center;\"><img loading=\"lazy\" decoding=\"async\" class=\"alignnone wp-image-73988\" src=\"http:\/\/recettes-gourmandes-de-joce.fr\/wp-content\/uploads\/2024\/04\/quiche-moules-champi5.jpg\" alt=\"\" width=\"218\" height=\"170\" \/> <img loading=\"lazy\" decoding=\"async\" class=\"alignnone wp-image-73989\" src=\"http:\/\/recettes-gourmandes-de-joce.fr\/wp-content\/uploads\/2024\/04\/quiche-moules-champi6.jpg\" alt=\"\" width=\"227\" height=\"170\" \/> <img loading=\"lazy\" decoding=\"async\" class=\"alignnone wp-image-73993\" src=\"http:\/\/recettes-gourmandes-de-joce.fr\/wp-content\/uploads\/2024\/04\/quiche-moules-champi10.jpg\" alt=\"\" width=\"230\" height=\"170\" \/><\/p>\n<p style=\"text-align: center;\"><span style=\"color: #cc6600; font-size: 14pt;\"><span style=\"font-family: georgia,serif;\"><em>Nettoyer et \u00e9mincer les champignons, cuire et d\u00e9coquiller les moules. Laver et ciseler le persil finement. \u00c9taler la p\u00e2te dans un moule \u00e0 tarte et couper le surplus de p\u00e2te.\u00a0<\/em><\/span><\/span><em style=\"color: #cc6600; font-family: georgia, serif; font-size: 18.6667px;\">R\u00e9partir les moules sur la p\u00e2te feuillet\u00e9e, r\u00e9partir dessus le persil et l&rsquo;ail.<\/em><\/p>\n<p style=\"text-align: center;\"><img loading=\"lazy\" decoding=\"async\" class=\"alignnone wp-image-73990\" src=\"http:\/\/recettes-gourmandes-de-joce.fr\/wp-content\/uploads\/2024\/04\/quiche-moules-champi7.jpg\" alt=\"\" width=\"241\" height=\"180\" \/> <img loading=\"lazy\" decoding=\"async\" class=\"alignnone wp-image-73991\" src=\"http:\/\/recettes-gourmandes-de-joce.fr\/wp-content\/uploads\/2024\/04\/quiche-moules-champi8.jpg\" alt=\"\" width=\"224\" height=\"180\" \/> <img loading=\"lazy\" decoding=\"async\" class=\"alignnone wp-image-73992\" src=\"http:\/\/recettes-gourmandes-de-joce.fr\/wp-content\/uploads\/2024\/04\/quiche-moules-champi9.jpg\" alt=\"\" width=\"113\" height=\"180\" \/><\/p>\n<p style=\"text-align: center;\"><span style=\"color: #cc6600; font-size: 14pt;\"><span style=\"font-family: georgia,serif;\"><em style=\"font-size: 14pt;\">Dans un shaker ou dans un saladier, mettre les \u0153ufs. <\/em><em>Ajouter la cr\u00e8me, saler et poivrer, fermer le shaker et agiter ou battre le tout si c&rsquo;est dans un saladier.\u00a0<\/em><\/span><\/span><\/p>\n<p style=\"text-align: center;\"><img loading=\"lazy\" decoding=\"async\" class=\"alignnone wp-image-73994\" src=\"http:\/\/recettes-gourmandes-de-joce.fr\/wp-content\/uploads\/2024\/04\/quiche-moules-champi11.jpg\" alt=\"\" width=\"218\" height=\"170\" \/> <img loading=\"lazy\" decoding=\"async\" class=\"alignnone wp-image-73995\" src=\"http:\/\/recettes-gourmandes-de-joce.fr\/wp-content\/uploads\/2024\/04\/quiche-moules-champi12.jpg\" alt=\"\" width=\"255\" height=\"170\" \/> <img loading=\"lazy\" decoding=\"async\" class=\"alignnone wp-image-73996\" src=\"http:\/\/recettes-gourmandes-de-joce.fr\/wp-content\/uploads\/2024\/04\/quiche-moules-champi13.jpg\" alt=\"\" width=\"255\" height=\"170\" \/><\/p>\n<p style=\"text-align: center;\"><span style=\"color: #cc6600; font-size: 14pt;\"><span style=\"font-family: georgia,serif;\"><em>Ajouter les lamelles de champignons harmonieusement et verser sur le tout, la pr\u00e9paration \u00e0 base de cr\u00e8me. Donner un dernier tour de moulin \u00e0 poivre\u00a0et enfourner \u00e0 200\u00b0 pendant environ 35 minutes selon les fours, surveiller la cuisson et la coloration. Un r\u00e9gal avec une bonne salade verte assaisonn\u00e9e d&rsquo;une vinaigrette aux \u00e9pices.<\/em><\/span><\/span><\/p>\n<p style=\"text-align: center;\"><span style=\"color: #cc6600; font-size: 14pt;\"><span style=\"font-family: georgia,serif;\"><em>Bon app\u00e9tit!<\/em><\/span><\/span><\/p>\n<p style=\"text-align: center;\"><img loading=\"lazy\" decoding=\"async\" class=\"alignnone wp-image-73985\" src=\"http:\/\/recettes-gourmandes-de-joce.fr\/wp-content\/uploads\/2024\/04\/quiche-moules-champi2.jpg\" alt=\"\" width=\"270\" height=\"180\" \/><\/p>\n<p style=\"text-align: center;\"><img loading=\"lazy\" decoding=\"async\" class=\"alignnone wp-image-73984\" src=\"http:\/\/recettes-gourmandes-de-joce.fr\/wp-content\/uploads\/2024\/04\/quiche-moules-champi1.jpg\" alt=\"\" width=\"276\" height=\"180\" \/>\u00a0<img loading=\"lazy\" decoding=\"async\" class=\"alignnone wp-image-73986\" src=\"http:\/\/recettes-gourmandes-de-joce.fr\/wp-content\/uploads\/2024\/04\/quiche-moules-champi3.jpg\" alt=\"\" width=\"276\" height=\"180\" \/><\/p>\n<p style=\"text-align: center;\"><img loading=\"lazy\" decoding=\"async\" class=\"alignnone wp-image-44943 size-full\" src=\"http:\/\/recettes-gourmandes-de-joce.fr\/wp-content\/uploads\/2022\/05\/logitech-gaming-software-14112014-121223.jpg\" alt=\"\" width=\"640\" height=\"144\" srcset=\"http:\/\/recettes-gourmandes-de-joce.fr\/wp-content\/uploads\/2022\/05\/logitech-gaming-software-14112014-121223.jpg 640w, http:\/\/recettes-gourmandes-de-joce.fr\/wp-content\/uploads\/2022\/05\/logitech-gaming-software-14112014-121223-300x68.jpg 300w\" sizes=\"auto, (max-width: 640px) 100vw, 640px\" \/><\/p>\n<h3>Commentaires\u00a0<small>(2)<\/small><\/h3>\n<div class=\"items-container\">\n<div class=\"item item-comment media\">\n<div class=\"pull-left\">\n<p>&nbsp;<\/p>\n<\/div>\n<div class=\"media-body\">\n<ul class=\"inline item-infos\">\n<li><span class=\"comment-number\">1.<\/span>\u00a0<span class=\"comment-author\"><strong>babette<\/strong><\/span>\u00a0<span class=\"comment-date\">| 21\/08\/2018<\/span><\/li>\n<\/ul>\n<div class=\"comment-content\">tr\u00e8s bonne recette, servie avec de la salade pour ceux qui veulent des l\u00e9gumes avec!<\/div>\n<div class=\"item item-comment media by-webmaster\">\n<div class=\"pull-left\">\n<p>&nbsp;<\/p>\n<\/div>\n<div class=\"media-body\">\n<ul class=\"inline item-infos\">\n<li><span class=\"comment-author\"><strong>jocelyne debon<\/strong>\u00a0(<a rel=\"nofollow\">site web<\/a>)<\/span>\u00a0<span class=\"comment-date\">| 21\/08\/2018<\/span><\/li>\n<\/ul>\n<div class=\"comment-content\">Oui c&rsquo;\u00e9tait tr\u00e8s bon et les moules de Bouchot sont tr\u00e8s go\u00fbteuses, mes invit\u00e9s ont appr\u00e9ci\u00e9s \ud83d\ude42<\/div>\n<div class=\"comment-content\">Avec une bonne salade verte c&rsquo;est un repas sympa pour un soir<\/div>\n<div class=\"comment-content\">Gros bisouss<\/div>\n<div class=\"comment-content\">Amicalement Joce<\/div>\n<\/div>\n<\/div>\n<\/div>\n<\/div>\n<\/div>\n<p>&nbsp;<\/p>\n","protected":false},"excerpt":{"rendered":"<p>Une de mes recettes Ingr\u00e9dients 1 p\u00e2te feuillet\u00e9e 5 champignons de Paris frais 300 g de moules cuites d\u00e9coquill\u00e9es (soit 1 kg 500 de moules fra\u00eeches) ou un reste de moules d\u00e9j\u00e0 cuites 2 c \u00e0 s de persil cisel\u00e9 1 c \u00e0 c d&rsquo;ail semoule 3 \u0153ufs 20 cl de cr\u00e8me fra\u00eeche \u00e9paisse Sel &hellip; <\/p>\n<p><a class=\"more-link btn\" href=\"http:\/\/recettes-gourmandes-de-joce.fr\/index.php\/index\/entrees\/tartes-et-quiches-salees\/quiche-aux-moules-aux-champignons-et-persillade\/\">Lire la suite<\/a><\/p>\n","protected":false},"author":2,"featured_media":74396,"parent":2526,"menu_order":0,"comment_status":"open","ping_status":"closed","template":"","meta":{"footnotes":""},"class_list":["post-2594","page","type-page","status-publish","has-post-thumbnail","hentry","nodate","item-wrap"],"_links":{"self":[{"href":"http:\/\/recettes-gourmandes-de-joce.fr\/index.php\/wp-json\/wp\/v2\/pages\/2594","targetHints":{"allow":["GET"]}}],"collection":[{"href":"http:\/\/recettes-gourmandes-de-joce.fr\/index.php\/wp-json\/wp\/v2\/pages"}],"about":[{"href":"http:\/\/recettes-gourmandes-de-joce.fr\/index.php\/wp-json\/wp\/v2\/types\/page"}],"author":[{"embeddable":true,"href":"http:\/\/recettes-gourmandes-de-joce.fr\/index.php\/wp-json\/wp\/v2\/users\/2"}],"replies":[{"embeddable":true,"href":"http:\/\/recettes-gourmandes-de-joce.fr\/index.php\/wp-json\/wp\/v2\/comments?post=2594"}],"version-history":[{"count":7,"href":"http:\/\/recettes-gourmandes-de-joce.fr\/index.php\/wp-json\/wp\/v2\/pages\/2594\/revisions"}],"predecessor-version":[{"id":93722,"href":"http:\/\/recettes-gourmandes-de-joce.fr\/index.php\/wp-json\/wp\/v2\/pages\/2594\/revisions\/93722"}],"up":[{"embeddable":true,"href":"http:\/\/recettes-gourmandes-de-joce.fr\/index.php\/wp-json\/wp\/v2\/pages\/2526"}],"wp:featuredmedia":[{"embeddable":true,"href":"http:\/\/recettes-gourmandes-de-joce.fr\/index.php\/wp-json\/wp\/v2\/media\/74396"}],"wp:attachment":[{"href":"http:\/\/recettes-gourmandes-de-joce.fr\/index.php\/wp-json\/wp\/v2\/media?parent=2594"}],"curies":[{"name":"wp","href":"https:\/\/api.w.org\/{rel}","templated":true}]}}