{"id":25816,"date":"2020-10-18T12:19:21","date_gmt":"2020-10-18T12:19:21","guid":{"rendered":"http:\/\/recettes-gourmandes-de-joce.fr\/?page_id=25816"},"modified":"2024-10-28T23:09:07","modified_gmt":"2024-10-28T23:09:07","slug":"menu-dhalloween-recettes-et-deco-de-table","status":"publish","type":"page","link":"http:\/\/recettes-gourmandes-de-joce.fr\/index.php\/index\/menus-buffet-courses\/menu-a-theme\/menu-dhalloween-recettes-et-deco-de-table\/","title":{"rendered":"Menu d&rsquo;Halloween N\u00b01."},"content":{"rendered":"<p style=\"text-align: center;\"><span style=\"font-family: georgia, palatino, serif; font-size: 18pt;\"><span style=\"color: #9429d5; text-decoration: underline;\"><em><span style=\"text-decoration: underline;\">Mes recettes<\/span><\/em><\/span><\/span><\/p>\n<p style=\"text-align: center;\"><span style=\"font-family: georgia, palatino, serif; font-size: 14pt;\"><img loading=\"lazy\" decoding=\"async\" class=\"alignnone wp-image-25817\" src=\"http:\/\/recettes-gourmandes-de-joce.fr\/wp-content\/uploads\/2020\/10\/montage-menu3-150x150.jpg\" alt=\"\" width=\"487\" height=\"300\" srcset=\"http:\/\/recettes-gourmandes-de-joce.fr\/wp-content\/uploads\/2020\/10\/montage-menu3-300x185.jpg 300w, http:\/\/recettes-gourmandes-de-joce.fr\/wp-content\/uploads\/2020\/10\/montage-menu3-768x473.jpg 768w, http:\/\/recettes-gourmandes-de-joce.fr\/wp-content\/uploads\/2020\/10\/montage-menu3-750x462.jpg 750w, http:\/\/recettes-gourmandes-de-joce.fr\/wp-content\/uploads\/2020\/10\/montage-menu3.jpg 800w\" sizes=\"auto, (max-width: 487px) 100vw, 487px\" \/><\/span><\/p>\n<p style=\"text-align: center;\"><span style=\"font-family: georgia, palatino, serif; font-size: 18pt;\"><span style=\"color: #ff6600; text-decoration: underline;\"><em><span style=\"text-decoration: underline;\">Cliquez sur les photos ou les titres\u00a0 pour vous rendre sur les recettes<\/span><\/em><\/span><\/span><\/p>\n<p style=\"text-align: center;\"><span style=\"font-family: georgia, palatino, serif; font-size: 18pt;\"><span style=\"color: #ff6600; text-decoration: underline;\"><em><span style=\"text-decoration: underline;\">Ap\u00e9ritif<\/span><\/em><\/span><\/span><\/p>\n<p style=\"text-align: center;\"><a href=\"http:\/\/recettes-gourmandes-de-joce.fr\/index.php\/index\/aperitifs-amuses-bouches\/aperitifs-sans-alcool\/cocktail-sans-alcool-soleil-levant\/\"><span style=\"font-family: georgia, palatino, serif; font-size: 14pt;\"><img loading=\"lazy\" decoding=\"async\" class=\"alignnone wp-image-16762\" src=\"http:\/\/recettes-gourmandes-de-joce.fr\/wp-content\/uploads\/2020\/02\/cocktail-a-56-150x150.jpg\" alt=\"\" width=\"140\" height=\"170\" srcset=\"http:\/\/recettes-gourmandes-de-joce.fr\/wp-content\/uploads\/2020\/02\/cocktail-a-56-247x300.jpg 247w, http:\/\/recettes-gourmandes-de-joce.fr\/wp-content\/uploads\/2020\/02\/cocktail-a-56-768x933.jpg 768w, http:\/\/recettes-gourmandes-de-joce.fr\/wp-content\/uploads\/2020\/02\/cocktail-a-56-843x1024.jpg 843w, http:\/\/recettes-gourmandes-de-joce.fr\/wp-content\/uploads\/2020\/02\/cocktail-a-56.jpg 1317w\" sizes=\"auto, (max-width: 140px) 100vw, 140px\" \/><\/span><\/a><\/p>\n<p style=\"text-align: center;\"><span style=\"font-family: georgia, palatino, serif; font-size: 14pt;\"><em><span style=\"color: #ff6600;\">Recette -&gt;<\/span><\/em><a href=\"http:\/\/recettes-gourmandes-de-joce.fr\/index.php\/index\/aperitifs-amuses-bouches\/aperitifs-sans-alcool\/cocktail-sans-alcool-soleil-levant\/\"><em> Cocktail \u00ab Lumi\u00e8re rouge \u00bb \u00e0 ma fa\u00e7on sans alcool<\/em><\/a><\/span><\/p>\n<p style=\"text-align: center;\"><span style=\"font-family: georgia, palatino, serif; font-size: 14pt;\"><span style=\"color: #9429d5; text-decoration: underline;\"><em><span style=\"text-decoration: underline;\"><span style=\"font-size: 18pt;\">Les<\/span>\u00a0<\/span><\/em><\/span><\/span><span style=\"color: #9429d5; font-family: georgia, serif; font-size: x-large;\"><i><u>amuses bouches<\/u><\/i><\/span><\/p>\n<p style=\"text-align: center;\"><span style=\"font-family: georgia, palatino, serif; font-size: 14pt;\"><span style=\"color: #9429d5;\"><em><a href=\"http:\/\/recettes-gourmandes-de-joce.fr\/index.php\/index\/aperitifs-amuses-bouches\/feuilletes-aperitifs\/doigts-de-sorciere-et-main-coupee-dhalloween\/\"><img loading=\"lazy\" decoding=\"async\" class=\"alignnone wp-image-8296\" src=\"http:\/\/recettes-gourmandes-de-joce.fr\/wp-content\/uploads\/2019\/10\/pizza-et-halloween-55-150x150.jpg\" alt=\"\" width=\"213\" height=\"160\" srcset=\"http:\/\/recettes-gourmandes-de-joce.fr\/wp-content\/uploads\/2019\/10\/pizza-et-halloween-55-300x225.jpg 300w, http:\/\/recettes-gourmandes-de-joce.fr\/wp-content\/uploads\/2019\/10\/pizza-et-halloween-55.jpg 640w\" sizes=\"auto, (max-width: 213px) 100vw, 213px\" \/><\/a> <a href=\"http:\/\/recettes-gourmandes-de-joce.fr\/index.php\/index\/aperitifs-amuses-bouches\/feuilletes-aperitifs\/mini-tartelettes-aperitives-feuilletees-quiche-saumon-roquefort-chevre-tomate-etc\/\"><img loading=\"lazy\" decoding=\"async\" class=\"alignnone wp-image-11127\" src=\"http:\/\/recettes-gourmandes-de-joce.fr\/wp-content\/uploads\/2019\/11\/P3200016-150x150.jpg\" alt=\"\" width=\"213\" height=\"160\" srcset=\"http:\/\/recettes-gourmandes-de-joce.fr\/wp-content\/uploads\/2019\/11\/P3200016-300x225.jpg 300w, http:\/\/recettes-gourmandes-de-joce.fr\/wp-content\/uploads\/2019\/11\/P3200016.jpg 640w\" sizes=\"auto, (max-width: 213px) 100vw, 213px\" \/><\/a> <a href=\"http:\/\/recettes-gourmandes-de-joce.fr\/index.php\/index\/oeufs-fromages-yaourts-laitages\/oeufs\/verrines-doeufs-brouilles-au-chevre\/\"><img loading=\"lazy\" decoding=\"async\" class=\"alignnone wp-image-12303\" src=\"http:\/\/recettes-gourmandes-de-joce.fr\/wp-content\/uploads\/2019\/12\/P3300168-150x150.jpg\" alt=\"\" width=\"135\" height=\"160\" srcset=\"http:\/\/recettes-gourmandes-de-joce.fr\/wp-content\/uploads\/2019\/12\/P3300168-253x300.jpg 253w, http:\/\/recettes-gourmandes-de-joce.fr\/wp-content\/uploads\/2019\/12\/P3300168.jpg 539w\" sizes=\"auto, (max-width: 135px) 100vw, 135px\" \/><\/a><\/em><\/span><\/span><\/p>\n<p style=\"text-align: center;\"><span style=\"font-family: georgia, palatino, serif; font-size: 14pt;\"><em><span style=\"color: #ff6600;\">Les recettes -&gt;<\/span> <a href=\"http:\/\/recettes-gourmandes-de-joce.fr\/index.php\/index\/aperitifs-amuses-bouches\/feuilletes-aperitifs\/doigts-de-sorciere-et-main-coupee-dhalloween\/\">Doigts de sorci\u00e8re et main coup\u00e9e d\u2019Halloween<\/a> &#8211; <a href=\"http:\/\/recettes-gourmandes-de-joce.fr\/index.php\/index\/aperitifs-amuses-bouches\/feuilletes-aperitifs\/mini-tartelettes-aperitives-feuilletees-quiche-saumon-roquefort-chevre-tomate-etc\/\">Mini tartelettes tomate et aux olives<\/a> &#8211; <\/em><a href=\"http:\/\/recettes-gourmandes-de-joce.fr\/index.php\/index\/oeufs-fromages-yaourts-laitages\/oeufs\/verrines-doeufs-brouilles-au-chevre\/\"><em>Verrines d\u2019\u0153ufs brouill\u00e9s au ch\u00e8vre<\/em><\/a><\/span><\/p>\n<p style=\"text-align: center;\"><span style=\"font-family: georgia, palatino, serif; font-size: 14pt;\"><span style=\"color: #ff6600; text-decoration: underline; font-size: 18pt;\"><em><span style=\"text-decoration: underline;\">Entr\u00e9es<\/span><\/em><\/span><\/span><\/p>\n<p style=\"text-align: center;\"><span style=\"font-family: georgia, palatino, serif; font-size: 14pt;\"><span style=\"color: #ff6600;\"><em><a href=\"http:\/\/recettes-gourmandes-de-joce.fr\/index.php\/index\/entrees\/soupes-veloutes\/veloute-de-potiron-aux-chataignes\/\"><img loading=\"lazy\" decoding=\"async\" class=\"alignnone wp-image-14865\" src=\"http:\/\/recettes-gourmandes-de-joce.fr\/wp-content\/uploads\/2020\/01\/velout\u00e9-de-potiron-39-150x150.jpg\" alt=\"\" width=\"261\" height=\"160\" srcset=\"http:\/\/recettes-gourmandes-de-joce.fr\/wp-content\/uploads\/2020\/01\/velout\u00e9-de-potiron-39-300x184.jpg 300w, http:\/\/recettes-gourmandes-de-joce.fr\/wp-content\/uploads\/2020\/01\/velout\u00e9-de-potiron-39.jpg 640w\" sizes=\"auto, (max-width: 261px) 100vw, 261px\" \/><\/a><\/em><\/span>\u00a0<a href=\"http:\/\/recettes-gourmandes-de-joce.fr\/index.php\/index\/entrees\/soupes-veloutes\/veloute-de-pomarines-et-piments-doux-et-ses-brochettes-de-fruits-de-mer-et-croutons-ailles\/\"><img loading=\"lazy\" decoding=\"async\" class=\"alignnone wp-image-8832\" src=\"http:\/\/recettes-gourmandes-de-joce.fr\/wp-content\/uploads\/2019\/11\/P9070123-150x150.jpg\" alt=\"\" width=\"120\" height=\"160\" srcset=\"http:\/\/recettes-gourmandes-de-joce.fr\/wp-content\/uploads\/2019\/11\/P9070123-225x300.jpg 225w, http:\/\/recettes-gourmandes-de-joce.fr\/wp-content\/uploads\/2019\/11\/P9070123.jpg 480w\" sizes=\"auto, (max-width: 120px) 100vw, 120px\" \/><\/a><\/span><\/p>\n<p style=\"text-align: center;\"><span style=\"font-family: georgia, palatino, serif; font-size: 14pt;\"><span style=\"color: #ff6600;\"><em>Les recettes -&gt;<\/em><\/span><em><a href=\"http:\/\/recettes-gourmandes-de-joce.fr\/index.php\/index\/entrees\/soupes-veloutes\/veloute-de-potiron-aux-chataignes\/\">Velout\u00e9 de potiron aux ch\u00e2taignes<\/a> &#8211; <\/em><a href=\"http:\/\/recettes-gourmandes-de-joce.fr\/index.php\/index\/entrees\/soupes-veloutes\/veloute-de-pomarines-et-piments-doux-et-ses-brochettes-de-fruits-de-mer-et-croutons-ailles\/\"><em>Velout\u00e9 de pomarines et piments doux et \u00a0ses\u00a0brochettes de fruits de mer et cro\u00fbtons aill\u00e9s<\/em><\/a><\/span><\/p>\n<p style=\"text-align: center;\"><span style=\"font-family: georgia, palatino, serif; font-size: 18pt;\"><span style=\"color: #9429d5; text-decoration: underline;\"><em><span style=\"text-decoration: underline;\">Plats<\/span><\/em><\/span><\/span><\/p>\n<p style=\"text-align: center;\"><span style=\"font-family: georgia, palatino, serif; font-size: 14pt;\"><a href=\"http:\/\/recettes-gourmandes-de-joce.fr\/index.php\/index\/viandes\/volailles\/poulet\/poulet-chasseur-aux-chataignes\/\"><img loading=\"lazy\" decoding=\"async\" class=\"alignnone size-thumbnail wp-image-19403\" src=\"http:\/\/recettes-gourmandes-de-joce.fr\/wp-content\/uploads\/2020\/03\/PB070999-1-150x150.jpg\" alt=\"\" width=\"150\" height=\"150\" \/><\/a> <a href=\"http:\/\/recettes-gourmandes-de-joce.fr\/index.php\/index\/legumes\/purees-diverses\/puree-de-potiron-aux-pommes-de-terre-et-lard-rissole\/\"><img loading=\"lazy\" decoding=\"async\" class=\"alignnone wp-image-19399\" src=\"http:\/\/recettes-gourmandes-de-joce.fr\/wp-content\/uploads\/2020\/03\/PB060925-150x150.jpg\" alt=\"\" width=\"214\" height=\"160\" srcset=\"http:\/\/recettes-gourmandes-de-joce.fr\/wp-content\/uploads\/2020\/03\/PB060925-300x225.jpg 300w, http:\/\/recettes-gourmandes-de-joce.fr\/wp-content\/uploads\/2020\/03\/PB060925.jpg 550w\" sizes=\"auto, (max-width: 214px) 100vw, 214px\" \/><\/a><\/span><\/p>\n<p style=\"text-align: center;\"><span style=\"font-family: georgia, palatino, serif; font-size: 14pt;\"><span style=\"color: #ff6600;\"><em>Les recettes -&gt;<\/em><\/span><a href=\"http:\/\/recettes-gourmandes-de-joce.fr\/index.php\/index\/viandes\/volailles\/poulet\/poulet-chasseur-aux-chataignes\/\">\u00a0 <em>Poulet chasseur aux ch\u00e2taignes<\/em>\u00a0<\/a>\u00a0 \u00a0 \u00a0-&gt;<a href=\"http:\/\/recettes-gourmandes-de-joce.fr\/index.php\/index\/legumes\/purees-diverses\/puree-de-potiron-aux-pommes-de-terre-et-lard-rissole\/\"><em>Pur\u00e9e de potiron aux pommes de terre et lard rissol\u00e9<\/em><\/a><\/span><\/p>\n<p style=\"text-align: center;\"><span style=\"font-family: georgia, palatino, serif; font-size: 18pt;\"><span style=\"color: #ff6600; text-decoration: underline;\"><em><span style=\"text-decoration: underline;\">Desserts et caf\u00e9 gourmand<\/span><\/em><\/span><\/span><\/p>\n<p style=\"text-align: center;\"><span style=\"font-family: georgia, palatino, serif; font-size: 14pt;\"><a href=\"http:\/\/recettes-gourmandes-de-joce.fr\/index.php\/index\/desserts\/cafe-the-chocolat-gourmand\/cafe-gourmand-theme-halloween\/\"> <img loading=\"lazy\" decoding=\"async\" class=\"alignnone wp-image-8277\" src=\"http:\/\/recettes-gourmandes-de-joce.fr\/wp-content\/uploads\/2019\/10\/PA100230-150x150.jpg\" alt=\"\" width=\"267\" height=\"160\" srcset=\"http:\/\/recettes-gourmandes-de-joce.fr\/wp-content\/uploads\/2019\/10\/PA100230-300x180.jpg 300w, http:\/\/recettes-gourmandes-de-joce.fr\/wp-content\/uploads\/2019\/10\/PA100230.jpg 640w\" sizes=\"auto, (max-width: 267px) 100vw, 267px\" \/><\/a> <a href=\"http:\/\/recettes-gourmandes-de-joce.fr\/index.php\/index\/desserts\/biscuits-du-gouter\/sables-dhalloween\/\"><img loading=\"lazy\" decoding=\"async\" class=\"alignnone wp-image-8233\" src=\"http:\/\/recettes-gourmandes-de-joce.fr\/wp-content\/uploads\/2019\/10\/sabl\u00e9s-dhalloween-89-150x150.jpg\" alt=\"\" width=\"328\" height=\"160\" srcset=\"http:\/\/recettes-gourmandes-de-joce.fr\/wp-content\/uploads\/2019\/10\/sabl\u00e9s-dhalloween-89-300x146.jpg 300w, http:\/\/recettes-gourmandes-de-joce.fr\/wp-content\/uploads\/2019\/10\/sabl\u00e9s-dhalloween-89.jpg 640w\" sizes=\"auto, (max-width: 328px) 100vw, 328px\" \/><\/a>\u00a0\u00a0<\/span><\/p>\n<p style=\"text-align: center;\"><span style=\"font-family: georgia, palatino, serif; font-size: 14pt;\"><span style=\"color: #ff6600;\"><em>Les recettes-&gt;<\/em><\/span> <em><a href=\"http:\/\/recettes-gourmandes-de-joce.fr\/index.php\/index\/desserts\/cafe-the-chocolat-gourmand\/cafe-gourmand-theme-halloween\/\">Caf\u00e9 gourmand th\u00e8me Halloween<\/a> &#8211; <\/em><a href=\"http:\/\/recettes-gourmandes-de-joce.fr\/index.php\/index\/desserts\/biscuits-du-gouter\/sables-dhalloween\/\"><em>Sabl\u00e9s d\u2019Halloween<\/em><\/a><\/span><\/p>\n<p style=\"text-align: center;\"><span style=\"font-family: georgia, palatino, serif; font-size: 18pt;\"><span style=\"color: #9429d5; text-decoration: underline;\"><em><span style=\"text-decoration: underline;\">D\u00e9co de table<\/span><\/em><\/span><\/span><\/p>\n<p style=\"text-align: center;\"><a href=\"http:\/\/recettes-gourmandes-de-joce.fr\/index.php\/index-divers\/decorations-de-table\/decorations-de-table\/decoration-de-table-dhalloween-n1\/\"><img loading=\"lazy\" decoding=\"async\" class=\"alignnone wp-image-25820\" src=\"http:\/\/recettes-gourmandes-de-joce.fr\/wp-content\/uploads\/2020\/10\/table-halloween18-150x150.jpg\" alt=\"\" width=\"213\" height=\"160\" srcset=\"http:\/\/recettes-gourmandes-de-joce.fr\/wp-content\/uploads\/2020\/10\/table-halloween18-300x225.jpg 300w, http:\/\/recettes-gourmandes-de-joce.fr\/wp-content\/uploads\/2020\/10\/table-halloween18-768x576.jpg 768w, http:\/\/recettes-gourmandes-de-joce.fr\/wp-content\/uploads\/2020\/10\/table-halloween18-750x563.jpg 750w, http:\/\/recettes-gourmandes-de-joce.fr\/wp-content\/uploads\/2020\/10\/table-halloween18.jpg 800w\" sizes=\"auto, (max-width: 213px) 100vw, 213px\" \/><\/a> <a href=\"http:\/\/recettes-gourmandes-de-joce.fr\/index.php\/index-divers\/decorations-de-table\/decorations-de-table\/decoration-de-table-dhalloween-n2\/\"><img loading=\"lazy\" decoding=\"async\" class=\"alignnone wp-image-25852\" src=\"http:\/\/recettes-gourmandes-de-joce.fr\/wp-content\/uploads\/2020\/10\/deco-table-halloween-41-150x150.jpg\" alt=\"\" width=\"233\" height=\"160\" srcset=\"http:\/\/recettes-gourmandes-de-joce.fr\/wp-content\/uploads\/2020\/10\/deco-table-halloween-41-300x206.jpg 300w, http:\/\/recettes-gourmandes-de-joce.fr\/wp-content\/uploads\/2020\/10\/deco-table-halloween-41-768x528.jpg 768w, http:\/\/recettes-gourmandes-de-joce.fr\/wp-content\/uploads\/2020\/10\/deco-table-halloween-41-750x516.jpg 750w, http:\/\/recettes-gourmandes-de-joce.fr\/wp-content\/uploads\/2020\/10\/deco-table-halloween-41.jpg 798w\" sizes=\"auto, (max-width: 233px) 100vw, 233px\" \/><\/a> <a href=\"http:\/\/recettes-gourmandes-de-joce.fr\/index.php\/index-divers\/decorations-de-table\/decorations-de-table\/decoration-de-table-dhalloween-n3\/\"><img loading=\"lazy\" decoding=\"async\" class=\"alignnone wp-image-25858\" src=\"http:\/\/recettes-gourmandes-de-joce.fr\/wp-content\/uploads\/2020\/10\/pa240075-150x150.jpg\" alt=\"\" width=\"213\" height=\"160\" srcset=\"http:\/\/recettes-gourmandes-de-joce.fr\/wp-content\/uploads\/2020\/10\/pa240075-300x225.jpg 300w, http:\/\/recettes-gourmandes-de-joce.fr\/wp-content\/uploads\/2020\/10\/pa240075-768x576.jpg 768w, http:\/\/recettes-gourmandes-de-joce.fr\/wp-content\/uploads\/2020\/10\/pa240075-750x563.jpg 750w, http:\/\/recettes-gourmandes-de-joce.fr\/wp-content\/uploads\/2020\/10\/pa240075.jpg 800w\" sizes=\"auto, (max-width: 213px) 100vw, 213px\" \/><\/a><\/p>\n<p style=\"text-align: center;\"><span style=\"font-size: 14pt; font-family: georgia, palatino, serif;\"><em><span style=\"color: #ff6600;\">D\u00e9tails sur ce lien -&gt;<\/span> <span style=\"color: #7a42b3;\">Tables d&rsquo;Halloween <a href=\"http:\/\/recettes-gourmandes-de-joce.fr\/index.php\/index-divers\/decorations-de-table\/decorations-de-table\/decoration-de-table-dhalloween-n1\/\"><span style=\"color: #ff6600;\">N\u00b01<\/span><\/a>, <a href=\"http:\/\/recettes-gourmandes-de-joce.fr\/index.php\/index-divers\/decorations-de-table\/decorations-de-table\/decoration-de-table-dhalloween-n2\/\"><span style=\"color: #ff6600;\">N\u00b02<\/span> <\/a>et <a href=\"http:\/\/recettes-gourmandes-de-joce.fr\/index.php\/index-divers\/decorations-de-table\/decorations-de-table\/decoration-de-table-dhalloween-n3\/\"><span style=\"color: #ff6600;\">N\u00b03<\/span><\/a><\/span><\/em><\/span><\/p>\n<p style=\"text-align: center;\"><span style=\"font-family: georgia, palatino, serif; font-size: 18pt;\"><span style=\"color: #ff6600; text-decoration: underline;\"><em><span style=\"text-decoration: underline;\">Pliage de serviettes<\/span><\/em><\/span><\/span><\/p>\n<p style=\"text-align: center;\"><a href=\"http:\/\/recettes-gourmandes-de-joce.fr\/index.php\/index-divers\/decorations-de-table\/pliage-de-serviette-de-table\/pliage-de-serviette-en-forme-de-chauve-souris\/\"><span style=\"font-family: georgia, palatino, serif; font-size: 14pt;\"><img loading=\"lazy\" decoding=\"async\" class=\"alignnone wp-image-25277\" src=\"http:\/\/recettes-gourmandes-de-joce.fr\/wp-content\/uploads\/2020\/09\/pa080131-150x150.jpg\" alt=\"\" width=\"199\" height=\"160\" srcset=\"http:\/\/recettes-gourmandes-de-joce.fr\/wp-content\/uploads\/2020\/09\/pa080131-300x241.jpg 300w, http:\/\/recettes-gourmandes-de-joce.fr\/wp-content\/uploads\/2020\/09\/pa080131.jpg 674w\" sizes=\"auto, (max-width: 199px) 100vw, 199px\" \/><\/span><\/a><\/p>\n<p style=\"text-align: center;\"><span style=\"font-family: georgia, palatino, serif; font-size: 14pt;\"><em><span style=\"color: #ff6600;\">R\u00e9alisation sur ce lien -&gt;<\/span><\/em> <a href=\"http:\/\/recettes-gourmandes-de-joce.fr\/index.php\/index-divers\/decorations-de-table\/pliage-de-serviette-de-table\/pliage-de-serviette-en-forme-de-chauve-souris\/\"><em>Pliage de serviette en forme de chauve souris<\/em><\/a><\/span><\/p>\n<p style=\"text-align: center;\"><span style=\"font-family: georgia, palatino, serif; font-size: 18pt;\"><span style=\"color: #9429d5; text-decoration: underline;\"><em><span style=\"text-decoration: underline;\">Bon Halloween!<\/span><\/em><\/span><\/span><\/p>\n<p style=\"text-align: center;\"><span style=\"font-family: georgia, palatino, serif; font-size: 14pt;\"><img loading=\"lazy\" decoding=\"async\" class=\"alignnone wp-image-24317 size-full\" src=\"http:\/\/recettes-gourmandes-de-joce.fr\/wp-content\/uploads\/2020\/07\/logitech-gaming-software-14112014-121223.jpg\" alt=\"\" width=\"640\" height=\"144\" srcset=\"http:\/\/recettes-gourmandes-de-joce.fr\/wp-content\/uploads\/2020\/07\/logitech-gaming-software-14112014-121223.jpg 640w, http:\/\/recettes-gourmandes-de-joce.fr\/wp-content\/uploads\/2020\/07\/logitech-gaming-software-14112014-121223-300x68.jpg 300w\" sizes=\"auto, (max-width: 640px) 100vw, 640px\" \/><\/span><\/p>\n<h3>Commentaires\u00a0<small>(2)<\/small><\/h3>\n<div class=\"items-container\">\n<div class=\"item item-comment media\">\n<div class=\"pull-left\"><img decoding=\"async\" class=\"media-object\" src=\"https:\/\/www.gravatar.com\/avatar\/33e2f061da28c3ffaa46a56186bf195d?d=http%3A%2F%2Frecettesgourmandesdejoce.e-monsite.com%2Fmedias%2Fstatic%2Fmanager%2Fim%2Favatar.png?s=50&amp;d=mm\" alt=\"labiloutte\" width=\"50\" \/><\/div>\n<div class=\"media-body\">\n<ul class=\"inline item-infos\">\n<li><span class=\"comment-number\">1.<\/span>\u00a0<span class=\"comment-author\"><strong>labiloutte<\/strong>\u00a0(site web)<\/span>\u00a0<span class=\"comment-date\">| 12\/10\/2013<\/span><\/li>\n<\/ul>\n<div class=\"comment-content\">tu es une championne en tout genre une femme exceptionnelle&#8230;&#8230;&#8230;..<br \/>\nbise joelle<\/div>\n<div class=\"item item-comment media by-webmaster\">\n<div class=\"pull-left\"><img decoding=\"async\" class=\"media-object\" src=\"http:\/\/recettesgourmandesdejoce.e-monsite.com\/medias\/static\/manager\/im\/avatar.png?fx=c_50_50\" alt=\"jocelyne debon\" width=\"50\" \/><\/div>\n<div class=\"media-body\">\n<ul class=\"inline item-infos\">\n<li><span class=\"comment-author\"><strong>jocelyne debon<\/strong><\/span>\u00a0<span class=\"comment-date\">| 12\/10\/2013<\/span><\/li>\n<\/ul>\n<div class=\"comment-content\">Merciii c&rsquo;est trop gentil Bisoussssssssss Amicalement Joce<\/div>\n<\/div>\n<\/div>\n<\/div>\n<\/div>\n<\/div>\n","protected":false},"excerpt":{"rendered":"<p>Mes recettes Cliquez sur les photos ou les titres\u00a0 pour vous rendre sur les recettes Ap\u00e9ritif Recette -&gt; Cocktail \u00ab Lumi\u00e8re rouge \u00bb \u00e0 ma fa\u00e7on sans alcool Les\u00a0amuses bouches Les recettes -&gt; Doigts de sorci\u00e8re et main coup\u00e9e d\u2019Halloween &#8211; Mini tartelettes tomate et aux olives &#8211; Verrines d\u2019\u0153ufs brouill\u00e9s au ch\u00e8vre Entr\u00e9es \u00a0 &hellip; <\/p>\n<p><a class=\"more-link btn\" href=\"http:\/\/recettes-gourmandes-de-joce.fr\/index.php\/index\/menus-buffet-courses\/menu-a-theme\/menu-dhalloween-recettes-et-deco-de-table\/\">Lire la suite<\/a><\/p>\n","protected":false},"author":2,"featured_media":88167,"parent":253,"menu_order":0,"comment_status":"open","ping_status":"closed","template":"","meta":{"footnotes":""},"class_list":["post-25816","page","type-page","status-publish","has-post-thumbnail","hentry","nodate","item-wrap"],"_links":{"self":[{"href":"http:\/\/recettes-gourmandes-de-joce.fr\/index.php\/wp-json\/wp\/v2\/pages\/25816","targetHints":{"allow":["GET"]}}],"collection":[{"href":"http:\/\/recettes-gourmandes-de-joce.fr\/index.php\/wp-json\/wp\/v2\/pages"}],"about":[{"href":"http:\/\/recettes-gourmandes-de-joce.fr\/index.php\/wp-json\/wp\/v2\/types\/page"}],"author":[{"embeddable":true,"href":"http:\/\/recettes-gourmandes-de-joce.fr\/index.php\/wp-json\/wp\/v2\/users\/2"}],"replies":[{"embeddable":true,"href":"http:\/\/recettes-gourmandes-de-joce.fr\/index.php\/wp-json\/wp\/v2\/comments?post=25816"}],"version-history":[{"count":10,"href":"http:\/\/recettes-gourmandes-de-joce.fr\/index.php\/wp-json\/wp\/v2\/pages\/25816\/revisions"}],"predecessor-version":[{"id":90950,"href":"http:\/\/recettes-gourmandes-de-joce.fr\/index.php\/wp-json\/wp\/v2\/pages\/25816\/revisions\/90950"}],"up":[{"embeddable":true,"href":"http:\/\/recettes-gourmandes-de-joce.fr\/index.php\/wp-json\/wp\/v2\/pages\/253"}],"wp:featuredmedia":[{"embeddable":true,"href":"http:\/\/recettes-gourmandes-de-joce.fr\/index.php\/wp-json\/wp\/v2\/media\/88167"}],"wp:attachment":[{"href":"http:\/\/recettes-gourmandes-de-joce.fr\/index.php\/wp-json\/wp\/v2\/media?parent=25816"}],"curies":[{"name":"wp","href":"https:\/\/api.w.org\/{rel}","templated":true}]}}