{"id":25730,"date":"2020-10-15T08:06:19","date_gmt":"2020-10-15T08:06:19","guid":{"rendered":"http:\/\/recettes-gourmandes-de-joce.fr\/?page_id=25730"},"modified":"2024-05-22T21:40:57","modified_gmt":"2024-05-22T21:40:57","slug":"soupe-aux-courgettes-et-poireaux-creme-et-piment-despelette","status":"publish","type":"page","link":"http:\/\/recettes-gourmandes-de-joce.fr\/index.php\/index\/entrees\/soupes-veloutes\/soupe-aux-courgettes-et-poireaux-creme-et-piment-despelette\/","title":{"rendered":"Soupe aux courgettes et poireaux, cr\u00e8me et piment d&rsquo;Espelette."},"content":{"rendered":"<p style=\"text-align: center;\"><span style=\"text-decoration: underline; color: #8eab24;\"><em><span style=\"font-family: georgia, palatino, serif; font-size: 18pt;\">Une de mes recettes<\/span><\/em><\/span><\/p>\n<p style=\"text-align: center;\"><span style=\"color: #8eab24;\"><img loading=\"lazy\" decoding=\"async\" class=\"alignnone wp-image-25727\" src=\"http:\/\/recettes-gourmandes-de-joce.fr\/wp-content\/uploads\/2020\/10\/20201011_190256-150x150.jpg\" alt=\"\" width=\"230\" height=\"180\" srcset=\"http:\/\/recettes-gourmandes-de-joce.fr\/wp-content\/uploads\/2020\/10\/20201011_190256-300x235.jpg 300w, http:\/\/recettes-gourmandes-de-joce.fr\/wp-content\/uploads\/2020\/10\/20201011_190256-768x601.jpg 768w, http:\/\/recettes-gourmandes-de-joce.fr\/wp-content\/uploads\/2020\/10\/20201011_190256-750x587.jpg 750w, http:\/\/recettes-gourmandes-de-joce.fr\/wp-content\/uploads\/2020\/10\/20201011_190256.jpg 800w\" sizes=\"auto, (max-width: 230px) 100vw, 230px\" \/> <img loading=\"lazy\" decoding=\"async\" class=\"alignnone wp-image-25725\" src=\"http:\/\/recettes-gourmandes-de-joce.fr\/wp-content\/uploads\/2020\/10\/20201011_190240-150x150.jpg\" alt=\"\" width=\"240\" height=\"180\" srcset=\"http:\/\/recettes-gourmandes-de-joce.fr\/wp-content\/uploads\/2020\/10\/20201011_190240-300x225.jpg 300w, http:\/\/recettes-gourmandes-de-joce.fr\/wp-content\/uploads\/2020\/10\/20201011_190240-768x576.jpg 768w, http:\/\/recettes-gourmandes-de-joce.fr\/wp-content\/uploads\/2020\/10\/20201011_190240-750x563.jpg 750w, http:\/\/recettes-gourmandes-de-joce.fr\/wp-content\/uploads\/2020\/10\/20201011_190240.jpg 800w\" sizes=\"auto, (max-width: 240px) 100vw, 240px\" \/> <img loading=\"lazy\" decoding=\"async\" class=\"alignnone wp-image-25722\" src=\"http:\/\/recettes-gourmandes-de-joce.fr\/wp-content\/uploads\/2020\/10\/20201011_190221-150x150.jpg\" alt=\"\" width=\"241\" height=\"180\" srcset=\"http:\/\/recettes-gourmandes-de-joce.fr\/wp-content\/uploads\/2020\/10\/20201011_190221-300x224.jpg 300w, http:\/\/recettes-gourmandes-de-joce.fr\/wp-content\/uploads\/2020\/10\/20201011_190221-768x573.jpg 768w, http:\/\/recettes-gourmandes-de-joce.fr\/wp-content\/uploads\/2020\/10\/20201011_190221-750x560.jpg 750w, http:\/\/recettes-gourmandes-de-joce.fr\/wp-content\/uploads\/2020\/10\/20201011_190221.jpg 800w\" sizes=\"auto, (max-width: 241px) 100vw, 241px\" \/><\/span><\/p>\n<p style=\"text-align: center;\"><span style=\"text-decoration: underline; color: #8eab24;\"><span style=\"font-size: 18pt; font-family: georgia, palatino, serif;\"><em>Ingr\u00e9dients pour 4 personnes<\/em><\/span><\/span><\/p>\n<p style=\"text-align: center;\"><span style=\"color: #8eab24;\"><img loading=\"lazy\" decoding=\"async\" class=\"alignnone wp-image-25720\" src=\"http:\/\/recettes-gourmandes-de-joce.fr\/wp-content\/uploads\/2020\/10\/20201011_182121-150x150.jpg\" alt=\"\" width=\"237\" height=\"180\" srcset=\"http:\/\/recettes-gourmandes-de-joce.fr\/wp-content\/uploads\/2020\/10\/20201011_182121-300x228.jpg 300w, http:\/\/recettes-gourmandes-de-joce.fr\/wp-content\/uploads\/2020\/10\/20201011_182121-768x583.jpg 768w, http:\/\/recettes-gourmandes-de-joce.fr\/wp-content\/uploads\/2020\/10\/20201011_182121-750x569.jpg 750w, http:\/\/recettes-gourmandes-de-joce.fr\/wp-content\/uploads\/2020\/10\/20201011_182121.jpg 800w\" sizes=\"auto, (max-width: 237px) 100vw, 237px\" \/> <img loading=\"lazy\" decoding=\"async\" class=\"alignnone wp-image-25732\" src=\"http:\/\/recettes-gourmandes-de-joce.fr\/wp-content\/uploads\/2020\/10\/121646614_656922041886325_1434810505734058443_n-150x150.jpg\" alt=\"\" width=\"173\" height=\"180\" srcset=\"http:\/\/recettes-gourmandes-de-joce.fr\/wp-content\/uploads\/2020\/10\/121646614_656922041886325_1434810505734058443_n-289x300.jpg 289w, http:\/\/recettes-gourmandes-de-joce.fr\/wp-content\/uploads\/2020\/10\/121646614_656922041886325_1434810505734058443_n-768x798.jpg 768w, http:\/\/recettes-gourmandes-de-joce.fr\/wp-content\/uploads\/2020\/10\/121646614_656922041886325_1434810505734058443_n-750x779.jpg 750w, http:\/\/recettes-gourmandes-de-joce.fr\/wp-content\/uploads\/2020\/10\/121646614_656922041886325_1434810505734058443_n.jpg 770w\" sizes=\"auto, (max-width: 173px) 100vw, 173px\" \/><\/span><\/p>\n<p style=\"text-align: center;\"><span style=\"font-size: 14pt; font-family: georgia, palatino, serif; color: #8eab24;\"><em>\u00bd grosse courgette ou 3 petites <\/em><\/span><\/p>\n<p style=\"text-align: center;\"><span style=\"font-size: 14pt; font-family: georgia, palatino, serif; color: #8eab24;\"><em>4 blancs de poireaux <\/em><\/span><\/p>\n<p style=\"text-align: center;\"><span style=\"font-size: 14pt; font-family: georgia, palatino, serif; color: #8eab24;\"><em>4 belles pommes de terre<\/em><\/span><\/p>\n<p style=\"text-align: center;\"><span style=\"font-size: 14pt; font-family: georgia, palatino, serif; color: #8eab24;\"><em> 1 cube de bouillon de volaille<\/em><\/span><\/p>\n<p style=\"text-align: center;\"><span style=\"font-size: 14pt; font-family: georgia, palatino, serif; color: #8eab24;\"><em> 1 oignon<\/em><\/span><\/p>\n<p style=\"text-align: center;\"><span style=\"font-size: 14pt; font-family: georgia, palatino, serif; color: #8eab24;\"><em> 2 c \u00e0 s de cr\u00e8me fra\u00eeche<\/em><\/span><\/p>\n<p style=\"text-align: center;\"><span style=\"font-size: 14pt; font-family: georgia, palatino, serif; color: #8eab24;\"><em>Sel et piment d&rsquo;Espelette\u00a0<\/em><\/span><\/p>\n<p style=\"text-align: center;\"><span style=\"font-size: 14pt; font-family: georgia, palatino, serif; color: #8eab24;\"><em>Accompagnement \u00e9ventuel des cro\u00fbtons aill\u00e9s<\/em><\/span><\/p>\n<p style=\"text-align: center;\"><span style=\"font-size: 14pt; font-family: georgia, palatino, serif; color: #8eab24;\"><em>Pour une meilleure conservation ne mettez pas de mati\u00e8re grasse (cr\u00e8me, beurre) dans votre soupe, ajoutez l\u00e0 au moment de servir dans chaque assiette, ainsi vous garderez plus longtemps votre soupe ou velout\u00e9 au r\u00e9frig\u00e9rateur.<\/em><\/span><\/p>\n<p style=\"text-align: center;\"><span style=\"font-size: 14pt; font-family: georgia, palatino, serif; color: #8eab24;\"><em><img loading=\"lazy\" decoding=\"async\" class=\"alignnone wp-image-25731\" src=\"http:\/\/recettes-gourmandes-de-joce.fr\/wp-content\/uploads\/2020\/10\/soupe-poireaux-pdt5-150x150.jpg\" alt=\"\" width=\"258\" height=\"160\" srcset=\"http:\/\/recettes-gourmandes-de-joce.fr\/wp-content\/uploads\/2020\/10\/soupe-poireaux-pdt5-300x186.jpg 300w, http:\/\/recettes-gourmandes-de-joce.fr\/wp-content\/uploads\/2020\/10\/soupe-poireaux-pdt5-768x476.jpg 768w, http:\/\/recettes-gourmandes-de-joce.fr\/wp-content\/uploads\/2020\/10\/soupe-poireaux-pdt5-750x465.jpg 750w, http:\/\/recettes-gourmandes-de-joce.fr\/wp-content\/uploads\/2020\/10\/soupe-poireaux-pdt5.jpg 800w\" sizes=\"auto, (max-width: 258px) 100vw, 258px\" \/> <img loading=\"lazy\" decoding=\"async\" class=\"alignnone wp-image-24609\" src=\"http:\/\/recettes-gourmandes-de-joce.fr\/wp-content\/uploads\/2020\/08\/20200818_200819-150x150.jpg\" alt=\"\" width=\"213\" height=\"160\" srcset=\"http:\/\/recettes-gourmandes-de-joce.fr\/wp-content\/uploads\/2020\/08\/20200818_200819-300x225.jpg 300w, http:\/\/recettes-gourmandes-de-joce.fr\/wp-content\/uploads\/2020\/08\/20200818_200819-768x576.jpg 768w, http:\/\/recettes-gourmandes-de-joce.fr\/wp-content\/uploads\/2020\/08\/20200818_200819.jpg 800w\" sizes=\"auto, (max-width: 213px) 100vw, 213px\" \/> <img loading=\"lazy\" decoding=\"async\" class=\"alignnone wp-image-25728\" src=\"http:\/\/recettes-gourmandes-de-joce.fr\/wp-content\/uploads\/2020\/10\/20201011_181810-150x150.jpg\" alt=\"\" width=\"213\" height=\"160\" srcset=\"http:\/\/recettes-gourmandes-de-joce.fr\/wp-content\/uploads\/2020\/10\/20201011_181810-300x225.jpg 300w, http:\/\/recettes-gourmandes-de-joce.fr\/wp-content\/uploads\/2020\/10\/20201011_181810-768x576.jpg 768w, http:\/\/recettes-gourmandes-de-joce.fr\/wp-content\/uploads\/2020\/10\/20201011_181810-750x563.jpg 750w, http:\/\/recettes-gourmandes-de-joce.fr\/wp-content\/uploads\/2020\/10\/20201011_181810.jpg 800w\" sizes=\"auto, (max-width: 213px) 100vw, 213px\" \/><\/em><\/span><\/p>\n<p style=\"text-align: center;\"><span style=\"font-size: 14pt; font-family: georgia, palatino, serif; color: #8eab24;\"><em>Peler et laver les pommes de terre, coupez l\u00e8s en morceaux, laver les poireaux et les courgettes et les couper \u00e9galement en morceaux. Peler et hacher grossi\u00e8rement l&rsquo;oignon. Mettre le tout dans un faitout. Ajouter du sel.<\/em><\/span><\/p>\n<p style=\"text-align: center;\"><span style=\"font-size: 14pt; font-family: georgia, palatino, serif; color: #8eab24;\"><em><img loading=\"lazy\" decoding=\"async\" class=\"alignnone size-thumbnail wp-image-25651\" src=\"http:\/\/recettes-gourmandes-de-joce.fr\/wp-content\/uploads\/2020\/10\/20201007_202215-150x150.jpg\" alt=\"\" width=\"150\" height=\"150\" \/> <img loading=\"lazy\" decoding=\"async\" class=\"alignnone size-thumbnail wp-image-25729\" src=\"http:\/\/recettes-gourmandes-de-joce.fr\/wp-content\/uploads\/2020\/10\/20201011_181911-150x150.jpg\" alt=\"\" width=\"150\" height=\"150\" \/> <img loading=\"lazy\" decoding=\"async\" class=\"alignnone size-thumbnail wp-image-25721\" src=\"http:\/\/recettes-gourmandes-de-joce.fr\/wp-content\/uploads\/2020\/10\/20201011_185731-150x150.jpg\" alt=\"\" width=\"150\" height=\"150\" \/><\/em><\/span><\/p>\n<p style=\"text-align: center;\"><span style=\"font-size: 14pt; font-family: georgia, palatino, serif; color: #8eab24;\"><em>Dissoudre le cube de bouillon de volaille dans \u00bdlitre d&rsquo;eau chaude et le verser dans les l\u00e9gumes, ajouter de l&rsquo;eau pour les recouvrir. Porter \u00e0 \u00e9bullition, puis baisser le feu et cuire les l\u00e9gumes \u00e0 petits fr\u00e9missement environ 25 minutes selon la grosseur des morceaux. Lorsque les l\u00e9gumes sont cuits les mixer et ajouter au moment de servir la cr\u00e8me et le piment d&rsquo;Espelette.<\/em><\/span><\/p>\n<p style=\"text-align: center;\"><span style=\"font-size: 14pt; font-family: georgia, palatino, serif; color: #8eab24;\"><em> Bon app\u00e9tit!<\/em><\/span><\/p>\n<p style=\"text-align: center;\"><span style=\"color: #8eab24;\"><img loading=\"lazy\" decoding=\"async\" class=\"alignnone wp-image-25724\" src=\"http:\/\/recettes-gourmandes-de-joce.fr\/wp-content\/uploads\/2020\/10\/20201011_190238-150x150.jpg\" alt=\"\" width=\"240\" height=\"180\" srcset=\"http:\/\/recettes-gourmandes-de-joce.fr\/wp-content\/uploads\/2020\/10\/20201011_190238-300x225.jpg 300w, http:\/\/recettes-gourmandes-de-joce.fr\/wp-content\/uploads\/2020\/10\/20201011_190238-768x576.jpg 768w, http:\/\/recettes-gourmandes-de-joce.fr\/wp-content\/uploads\/2020\/10\/20201011_190238-750x563.jpg 750w, http:\/\/recettes-gourmandes-de-joce.fr\/wp-content\/uploads\/2020\/10\/20201011_190238.jpg 800w\" sizes=\"auto, (max-width: 240px) 100vw, 240px\" \/> <img loading=\"lazy\" decoding=\"async\" class=\"alignnone wp-image-25726\" src=\"http:\/\/recettes-gourmandes-de-joce.fr\/wp-content\/uploads\/2020\/10\/20201011_190250-150x150.jpg\" alt=\"\" width=\"240\" height=\"180\" srcset=\"http:\/\/recettes-gourmandes-de-joce.fr\/wp-content\/uploads\/2020\/10\/20201011_190250-300x225.jpg 300w, http:\/\/recettes-gourmandes-de-joce.fr\/wp-content\/uploads\/2020\/10\/20201011_190250-768x576.jpg 768w, http:\/\/recettes-gourmandes-de-joce.fr\/wp-content\/uploads\/2020\/10\/20201011_190250-750x563.jpg 750w, http:\/\/recettes-gourmandes-de-joce.fr\/wp-content\/uploads\/2020\/10\/20201011_190250.jpg 800w\" sizes=\"auto, (max-width: 240px) 100vw, 240px\" \/> <img loading=\"lazy\" decoding=\"async\" class=\"alignnone wp-image-25723\" src=\"http:\/\/recettes-gourmandes-de-joce.fr\/wp-content\/uploads\/2020\/10\/20201011_190229-150x150.jpg\" alt=\"\" width=\"240\" height=\"180\" srcset=\"http:\/\/recettes-gourmandes-de-joce.fr\/wp-content\/uploads\/2020\/10\/20201011_190229-300x225.jpg 300w, http:\/\/recettes-gourmandes-de-joce.fr\/wp-content\/uploads\/2020\/10\/20201011_190229-768x576.jpg 768w, http:\/\/recettes-gourmandes-de-joce.fr\/wp-content\/uploads\/2020\/10\/20201011_190229-750x563.jpg 750w, http:\/\/recettes-gourmandes-de-joce.fr\/wp-content\/uploads\/2020\/10\/20201011_190229.jpg 800w\" sizes=\"auto, (max-width: 240px) 100vw, 240px\" \/><\/span><\/p>\n<p style=\"text-align: center;\"><img loading=\"lazy\" decoding=\"async\" class=\"alignnone wp-image-24317 size-full\" src=\"http:\/\/recettes-gourmandes-de-joce.fr\/wp-content\/uploads\/2020\/07\/logitech-gaming-software-14112014-121223.jpg\" alt=\"\" width=\"640\" height=\"144\" srcset=\"http:\/\/recettes-gourmandes-de-joce.fr\/wp-content\/uploads\/2020\/07\/logitech-gaming-software-14112014-121223.jpg 640w, http:\/\/recettes-gourmandes-de-joce.fr\/wp-content\/uploads\/2020\/07\/logitech-gaming-software-14112014-121223-300x68.jpg 300w\" sizes=\"auto, (max-width: 640px) 100vw, 640px\" \/><\/p>\n","protected":false},"excerpt":{"rendered":"<p>Une de mes recettes Ingr\u00e9dients pour 4 personnes \u00bd grosse courgette ou 3 petites 4 blancs de poireaux 4 belles pommes de terre 1 cube de bouillon de volaille 1 oignon 2 c \u00e0 s de cr\u00e8me fra\u00eeche Sel et piment d&rsquo;Espelette\u00a0 Accompagnement \u00e9ventuel des cro\u00fbtons aill\u00e9s Pour une meilleure conservation ne mettez pas de &hellip; <\/p>\n<p><a class=\"more-link btn\" href=\"http:\/\/recettes-gourmandes-de-joce.fr\/index.php\/index\/entrees\/soupes-veloutes\/soupe-aux-courgettes-et-poireaux-creme-et-piment-despelette\/\">Lire la suite<\/a><\/p>\n","protected":false},"author":2,"featured_media":82797,"parent":167,"menu_order":0,"comment_status":"open","ping_status":"closed","template":"","meta":{"footnotes":""},"class_list":["post-25730","page","type-page","status-publish","has-post-thumbnail","hentry","nodate","item-wrap"],"_links":{"self":[{"href":"http:\/\/recettes-gourmandes-de-joce.fr\/index.php\/wp-json\/wp\/v2\/pages\/25730","targetHints":{"allow":["GET"]}}],"collection":[{"href":"http:\/\/recettes-gourmandes-de-joce.fr\/index.php\/wp-json\/wp\/v2\/pages"}],"about":[{"href":"http:\/\/recettes-gourmandes-de-joce.fr\/index.php\/wp-json\/wp\/v2\/types\/page"}],"author":[{"embeddable":true,"href":"http:\/\/recettes-gourmandes-de-joce.fr\/index.php\/wp-json\/wp\/v2\/users\/2"}],"replies":[{"embeddable":true,"href":"http:\/\/recettes-gourmandes-de-joce.fr\/index.php\/wp-json\/wp\/v2\/comments?post=25730"}],"version-history":[{"count":2,"href":"http:\/\/recettes-gourmandes-de-joce.fr\/index.php\/wp-json\/wp\/v2\/pages\/25730\/revisions"}],"predecessor-version":[{"id":82798,"href":"http:\/\/recettes-gourmandes-de-joce.fr\/index.php\/wp-json\/wp\/v2\/pages\/25730\/revisions\/82798"}],"up":[{"embeddable":true,"href":"http:\/\/recettes-gourmandes-de-joce.fr\/index.php\/wp-json\/wp\/v2\/pages\/167"}],"wp:featuredmedia":[{"embeddable":true,"href":"http:\/\/recettes-gourmandes-de-joce.fr\/index.php\/wp-json\/wp\/v2\/media\/82797"}],"wp:attachment":[{"href":"http:\/\/recettes-gourmandes-de-joce.fr\/index.php\/wp-json\/wp\/v2\/media?parent=25730"}],"curies":[{"name":"wp","href":"https:\/\/api.w.org\/{rel}","templated":true}]}}