{"id":25637,"date":"2020-10-08T21:45:20","date_gmt":"2020-10-08T21:45:20","guid":{"rendered":"http:\/\/recettes-gourmandes-de-joce.fr\/?page_id=25637"},"modified":"2024-06-28T11:11:50","modified_gmt":"2024-06-28T11:11:50","slug":"boulettes-de-veau-au-ble-au-fenouil-et-pleurotes","status":"publish","type":"page","link":"http:\/\/recettes-gourmandes-de-joce.fr\/index.php\/index\/viandes\/veau\/boulettes-de-veau-au-ble-au-fenouil-et-pleurotes\/","title":{"rendered":"Boulettes de veau au bl\u00e9, au fenouil et pleurotes."},"content":{"rendered":"<p style=\"text-align: center;\"><span style=\"font-family: georgia, serif; font-size: 18pt; color: #808000;\"><span style=\"text-decoration: underline;\"><em>Une de mes recettes<\/em><\/span><\/span><\/p>\n<p style=\"text-align: center;\"><span style=\"font-size: 14pt; color: #808000;\"><span style=\"font-size: 18pt;\"><img loading=\"lazy\" decoding=\"async\" class=\"alignnone wp-image-25636\" src=\"http:\/\/recettes-gourmandes-de-joce.fr\/wp-content\/uploads\/2020\/10\/boulettes_de_veau_au_ble_pleurotes_et_fenouil8-150x150.jpg\" alt=\"\" width=\"257\" height=\"180\" srcset=\"http:\/\/recettes-gourmandes-de-joce.fr\/wp-content\/uploads\/2020\/10\/boulettes_de_veau_au_ble_pleurotes_et_fenouil8-300x210.jpg 300w, http:\/\/recettes-gourmandes-de-joce.fr\/wp-content\/uploads\/2020\/10\/boulettes_de_veau_au_ble_pleurotes_et_fenouil8.jpg 512w\" sizes=\"auto, (max-width: 257px) 100vw, 257px\" \/> <\/span><img loading=\"lazy\" decoding=\"async\" class=\"alignnone wp-image-25627\" src=\"http:\/\/recettes-gourmandes-de-joce.fr\/wp-content\/uploads\/2020\/10\/boulettes_de_veau_au_ble_pleurotes_et_fenouil11-001-150x150.jpg\" alt=\"\" width=\"249\" height=\"180\" srcset=\"http:\/\/recettes-gourmandes-de-joce.fr\/wp-content\/uploads\/2020\/10\/boulettes_de_veau_au_ble_pleurotes_et_fenouil11-001-300x217.jpg 300w, http:\/\/recettes-gourmandes-de-joce.fr\/wp-content\/uploads\/2020\/10\/boulettes_de_veau_au_ble_pleurotes_et_fenouil11-001.jpg 493w\" sizes=\"auto, (max-width: 249px) 100vw, 249px\" \/> <img loading=\"lazy\" decoding=\"async\" class=\"alignnone wp-image-25625\" src=\"http:\/\/recettes-gourmandes-de-joce.fr\/wp-content\/uploads\/2020\/10\/boulettes_de_veau_au_ble_pleurotes_et_fenouil10-150x150.jpg\" alt=\"\" width=\"135\" height=\"180\" srcset=\"http:\/\/recettes-gourmandes-de-joce.fr\/wp-content\/uploads\/2020\/10\/boulettes_de_veau_au_ble_pleurotes_et_fenouil10-225x300.jpg 225w, http:\/\/recettes-gourmandes-de-joce.fr\/wp-content\/uploads\/2020\/10\/boulettes_de_veau_au_ble_pleurotes_et_fenouil10.jpg 412w\" sizes=\"auto, (max-width: 135px) 100vw, 135px\" \/><\/span><\/p>\n<p style=\"text-align: center;\"><span style=\"font-family: georgia, serif; font-size: 18pt; color: #808000;\"><span style=\"text-decoration: underline;\"><em>Ingr\u00e9dients pour 8 personnes<\/em><\/span><\/span><\/p>\n<p style=\"text-align: center;\"><span style=\"font-family: georgia, serif; font-size: 14pt; color: #808000;\"><span style=\"text-decoration: underline;\"><em><img loading=\"lazy\" decoding=\"async\" class=\"alignnone wp-image-25628\" src=\"http:\/\/recettes-gourmandes-de-joce.fr\/wp-content\/uploads\/2020\/10\/boulettes_de_veau_au_ble_pleurotes_et_fenouil-150x150.jpg\" alt=\"\" width=\"233\" height=\"180\" srcset=\"http:\/\/recettes-gourmandes-de-joce.fr\/wp-content\/uploads\/2020\/10\/boulettes_de_veau_au_ble_pleurotes_et_fenouil-300x232.jpg 300w, http:\/\/recettes-gourmandes-de-joce.fr\/wp-content\/uploads\/2020\/10\/boulettes_de_veau_au_ble_pleurotes_et_fenouil.jpg 550w\" sizes=\"auto, (max-width: 233px) 100vw, 233px\" \/><\/em><\/span><\/span><\/p>\n<p style=\"text-align: center;\"><span style=\"font-family: georgia, serif; font-size: 14pt; color: #808000;\"><em>40 boulettes de veau<\/em><\/span><\/p>\n<p style=\"text-align: center;\"><span style=\"font-family: georgia, serif; font-size: 14pt; color: #808000;\"><em>1 bulbe de fenouil<\/em><\/span><\/p>\n<p style=\"text-align: center;\"><span style=\"font-family: georgia, serif; font-size: 14pt; color: #808000;\"><em>200 g de pleurotes (ou autres champignons)<\/em><\/span><\/p>\n<p style=\"text-align: center;\"><span style=\"font-family: georgia, serif; font-size: 14pt; color: #808000;\"><em>1 petit bouquet de persil plat<\/em><\/span><\/p>\n<p style=\"text-align: center;\"><span style=\"font-family: georgia, serif; font-size: 14pt; color: #808000;\"><em>4 gousses d&rsquo;ail<\/em><\/span><\/p>\n<p style=\"text-align: center;\"><span style=\"font-family: georgia, serif; font-size: 14pt; color: #808000;\"><em>800 g de bl\u00e9<\/em><\/span><\/p>\n<p style=\"text-align: center;\"><span style=\"font-size: 14pt; color: #808000;\"><span style=\"font-family: georgia,serif;\"><em>1 c \u00e0 c de <\/em><\/span><em style=\"font-family: georgia, serif;\">Paprika<\/em><\/span><\/p>\n<p style=\"text-align: center;\"><span style=\"font-family: georgia, serif; font-size: 14pt; color: #808000;\"><em>1 c \u00e0 c de \u00a0thym<\/em><\/span><\/p>\n<p style=\"text-align: center;\"><span style=\"font-family: georgia, serif; font-size: 14pt; color: #808000;\"><em>1 c \u00e0 c de romarin<\/em><\/span><\/p>\n<p style=\"text-align: center;\"><span style=\"font-family: georgia, serif; font-size: 14pt; color: #808000;\"><em>1 c \u00e0 c de basilic<\/em><\/span><\/p>\n<p style=\"text-align: center;\"><span style=\"font-family: georgia, serif; font-size: 14pt; color: #808000;\"><em>1 c \u00e0 c de curry<\/em><\/span><\/p>\n<p style=\"text-align: center;\"><span style=\"font-family: georgia, serif; font-size: 14pt; color: #808000;\"><em>Sel et poivre<\/em><\/span><\/p>\n<p style=\"text-align: center;\"><span style=\"font-family: georgia, serif; font-size: 14pt; color: #808000;\"><em>8 piques en bois \u00e0 brochettes<\/em><\/span><\/p>\n<p style=\"text-align: center;\"><span style=\"font-size: 14pt; color: #808000;\"><img loading=\"lazy\" decoding=\"async\" class=\"alignnone wp-image-25164\" src=\"http:\/\/recettes-gourmandes-de-joce.fr\/wp-content\/uploads\/2020\/09\/soupe-persil-batavia6-150x150.jpg\" alt=\"\" width=\"213\" height=\"160\" srcset=\"http:\/\/recettes-gourmandes-de-joce.fr\/wp-content\/uploads\/2020\/09\/soupe-persil-batavia6-300x225.jpg 300w, http:\/\/recettes-gourmandes-de-joce.fr\/wp-content\/uploads\/2020\/09\/soupe-persil-batavia6-768x576.jpg 768w, http:\/\/recettes-gourmandes-de-joce.fr\/wp-content\/uploads\/2020\/09\/soupe-persil-batavia6-750x563.jpg 750w, http:\/\/recettes-gourmandes-de-joce.fr\/wp-content\/uploads\/2020\/09\/soupe-persil-batavia6.jpg 800w\" sizes=\"auto, (max-width: 213px) 100vw, 213px\" \/> <img loading=\"lazy\" decoding=\"async\" class=\"alignnone wp-image-24234\" src=\"http:\/\/recettes-gourmandes-de-joce.fr\/wp-content\/uploads\/2020\/07\/20200726_154431-150x150.jpg\" alt=\"\" width=\"231\" height=\"160\" srcset=\"http:\/\/recettes-gourmandes-de-joce.fr\/wp-content\/uploads\/2020\/07\/20200726_154431-300x208.jpg 300w, http:\/\/recettes-gourmandes-de-joce.fr\/wp-content\/uploads\/2020\/07\/20200726_154431-768x533.jpg 768w, http:\/\/recettes-gourmandes-de-joce.fr\/wp-content\/uploads\/2020\/07\/20200726_154431.jpg 800w\" sizes=\"auto, (max-width: 231px) 100vw, 231px\" \/> <img loading=\"lazy\" decoding=\"async\" class=\"alignnone wp-image-19348\" src=\"http:\/\/recettes-gourmandes-de-joce.fr\/wp-content\/uploads\/2020\/03\/PC300278-150x150.jpg\" alt=\"\" width=\"214\" height=\"160\" srcset=\"http:\/\/recettes-gourmandes-de-joce.fr\/wp-content\/uploads\/2020\/03\/PC300278-300x225.jpg 300w, http:\/\/recettes-gourmandes-de-joce.fr\/wp-content\/uploads\/2020\/03\/PC300278.jpg 550w\" sizes=\"auto, (max-width: 214px) 100vw, 214px\" \/><\/span><\/p>\n<p style=\"text-align: center;\"><span style=\"font-size: 14pt; color: #808000;\"><span style=\"font-family: georgia, serif;\"><em>Mettre 5 boulettes par brochettes, les saler et poivrer, r\u00e9server. <\/em><\/span><span style=\"font-family: georgia, serif;\"><em>D\u00e9tailler le fenouil en fines lani\u00e8res.\u00a0<\/em><\/span><em><span style=\"font-family: georgia, serif; font-size: large;\">Hacher<\/span> <span style=\"font-family: georgia, palatino, serif;\">le persil et l&rsquo;ail d\u00e9germ\u00e9, couper les pleurotes en morceaux. <\/span><\/em><\/span><\/p>\n<p style=\"text-align: center;\"><span style=\"font-size: 14pt; color: #808000;\"><img loading=\"lazy\" decoding=\"async\" class=\"alignnone wp-image-25629\" src=\"http:\/\/recettes-gourmandes-de-joce.fr\/wp-content\/uploads\/2020\/10\/boulettes_de_veau_au_ble_pleurotes_et_fenouil1-150x150.jpg\" alt=\"\" width=\"214\" height=\"160\" srcset=\"http:\/\/recettes-gourmandes-de-joce.fr\/wp-content\/uploads\/2020\/10\/boulettes_de_veau_au_ble_pleurotes_et_fenouil1-300x225.jpg 300w, http:\/\/recettes-gourmandes-de-joce.fr\/wp-content\/uploads\/2020\/10\/boulettes_de_veau_au_ble_pleurotes_et_fenouil1.jpg 550w\" sizes=\"auto, (max-width: 214px) 100vw, 214px\" \/> <img loading=\"lazy\" decoding=\"async\" class=\"alignnone wp-image-25630\" src=\"http:\/\/recettes-gourmandes-de-joce.fr\/wp-content\/uploads\/2020\/10\/boulettes_de_veau_au_ble_pleurotes_et_fenouil2-150x150.jpg\" alt=\"\" width=\"214\" height=\"160\" srcset=\"http:\/\/recettes-gourmandes-de-joce.fr\/wp-content\/uploads\/2020\/10\/boulettes_de_veau_au_ble_pleurotes_et_fenouil2-300x225.jpg 300w, http:\/\/recettes-gourmandes-de-joce.fr\/wp-content\/uploads\/2020\/10\/boulettes_de_veau_au_ble_pleurotes_et_fenouil2.jpg 550w\" sizes=\"auto, (max-width: 214px) 100vw, 214px\" \/> <img loading=\"lazy\" decoding=\"async\" class=\"alignnone wp-image-25631\" src=\"http:\/\/recettes-gourmandes-de-joce.fr\/wp-content\/uploads\/2020\/10\/boulettes_de_veau_au_ble_pleurotes_et_fenouil3-150x150.jpg\" alt=\"\" width=\"214\" height=\"160\" srcset=\"http:\/\/recettes-gourmandes-de-joce.fr\/wp-content\/uploads\/2020\/10\/boulettes_de_veau_au_ble_pleurotes_et_fenouil3-300x225.jpg 300w, http:\/\/recettes-gourmandes-de-joce.fr\/wp-content\/uploads\/2020\/10\/boulettes_de_veau_au_ble_pleurotes_et_fenouil3.jpg 550w\" sizes=\"auto, (max-width: 214px) 100vw, 214px\" \/><\/span><\/p>\n<p style=\"text-align: center;\"><span style=\"font-size: 14pt; color: #808000;\"><span style=\"font-family: georgia, serif;\"><em>Mettre un filet d&rsquo;huile d&rsquo;olive dans un wok \u00e0 chauffer <\/em><\/span><span style=\"font-family: georgia, serif;\"><em>y mettre \u00e0 cuire le fenouil en le remuant r\u00e9guli\u00e8rement. <\/em><\/span><span style=\"font-family: georgia, serif;\"><em>Lorsqu&rsquo;il commence \u00e0 devenir translucide, ajouter les <\/em><\/span><span style=\"font-family: georgia, serif;\"><em>pleurotes, l&rsquo;ail.<\/em><\/span><\/span><\/p>\n<p style=\"text-align: center;\"><span style=\"font-family: georgia, serif; font-size: 14pt; color: #808000;\"><em> <img loading=\"lazy\" decoding=\"async\" class=\"alignnone wp-image-25632\" src=\"http:\/\/recettes-gourmandes-de-joce.fr\/wp-content\/uploads\/2020\/10\/boulettes_de_veau_au_ble_pleurotes_et_fenouil4-150x150.jpg\" alt=\"\" width=\"214\" height=\"160\" srcset=\"http:\/\/recettes-gourmandes-de-joce.fr\/wp-content\/uploads\/2020\/10\/boulettes_de_veau_au_ble_pleurotes_et_fenouil4-300x225.jpg 300w, http:\/\/recettes-gourmandes-de-joce.fr\/wp-content\/uploads\/2020\/10\/boulettes_de_veau_au_ble_pleurotes_et_fenouil4.jpg 550w\" sizes=\"auto, (max-width: 214px) 100vw, 214px\" \/> <img loading=\"lazy\" decoding=\"async\" class=\"alignnone wp-image-25633\" src=\"http:\/\/recettes-gourmandes-de-joce.fr\/wp-content\/uploads\/2020\/10\/boulettes_de_veau_au_ble_pleurotes_et_fenouil5-150x150.jpg\" alt=\"\" width=\"214\" height=\"160\" srcset=\"http:\/\/recettes-gourmandes-de-joce.fr\/wp-content\/uploads\/2020\/10\/boulettes_de_veau_au_ble_pleurotes_et_fenouil5-300x225.jpg 300w, http:\/\/recettes-gourmandes-de-joce.fr\/wp-content\/uploads\/2020\/10\/boulettes_de_veau_au_ble_pleurotes_et_fenouil5.jpg 550w\" sizes=\"auto, (max-width: 214px) 100vw, 214px\" \/> <img loading=\"lazy\" decoding=\"async\" class=\"alignnone wp-image-25634\" src=\"http:\/\/recettes-gourmandes-de-joce.fr\/wp-content\/uploads\/2020\/10\/boulettes_de_veau_au_ble_pleurotes_et_fenouil6-150x150.jpg\" alt=\"\" width=\"214\" height=\"160\" srcset=\"http:\/\/recettes-gourmandes-de-joce.fr\/wp-content\/uploads\/2020\/10\/boulettes_de_veau_au_ble_pleurotes_et_fenouil6-300x225.jpg 300w, http:\/\/recettes-gourmandes-de-joce.fr\/wp-content\/uploads\/2020\/10\/boulettes_de_veau_au_ble_pleurotes_et_fenouil6.jpg 550w\" sizes=\"auto, (max-width: 214px) 100vw, 214px\" \/><\/em><\/span><\/p>\n<p style=\"text-align: center;\"><span style=\"font-size: 14pt; color: #808000;\"><span style=\"font-family: georgia, serif;\"><em>Puis le persil et remuer. Ajouter ensuite le m\u00e9lange d&rsquo;\u00e9pices, remuer et laisser mijoter <\/em><\/span><span style=\"font-family: georgia, serif;\"><em>5 minutes tout doucement en veillant \u00e0 ce que cela n&rsquo;attache pas. <\/em><\/span><span style=\"font-family: georgia, palatino, serif;\"><em>Puis <span style=\"font-family: georgia, serif; font-size: large;\">r\u00e9server<\/span> au chaud.<\/em><\/span><\/span><\/p>\n<p style=\"text-align: center;\"><span style=\"font-size: 14pt; color: #808000;\"><img loading=\"lazy\" decoding=\"async\" class=\"alignnone wp-image-25635\" src=\"http:\/\/recettes-gourmandes-de-joce.fr\/wp-content\/uploads\/2020\/10\/boulettes_de_veau_au_ble_pleurotes_et_fenouil7-150x150.jpg\" alt=\"\" width=\"214\" height=\"160\" srcset=\"http:\/\/recettes-gourmandes-de-joce.fr\/wp-content\/uploads\/2020\/10\/boulettes_de_veau_au_ble_pleurotes_et_fenouil7-300x225.jpg 300w, http:\/\/recettes-gourmandes-de-joce.fr\/wp-content\/uploads\/2020\/10\/boulettes_de_veau_au_ble_pleurotes_et_fenouil7.jpg 550w\" sizes=\"auto, (max-width: 214px) 100vw, 214px\" \/> <img loading=\"lazy\" decoding=\"async\" class=\"alignnone wp-image-25636\" src=\"http:\/\/recettes-gourmandes-de-joce.fr\/wp-content\/uploads\/2020\/10\/boulettes_de_veau_au_ble_pleurotes_et_fenouil8-150x150.jpg\" alt=\"\" width=\"228\" height=\"160\" srcset=\"http:\/\/recettes-gourmandes-de-joce.fr\/wp-content\/uploads\/2020\/10\/boulettes_de_veau_au_ble_pleurotes_et_fenouil8-300x210.jpg 300w, http:\/\/recettes-gourmandes-de-joce.fr\/wp-content\/uploads\/2020\/10\/boulettes_de_veau_au_ble_pleurotes_et_fenouil8.jpg 512w\" sizes=\"auto, (max-width: 228px) 100vw, 228px\" \/> <img loading=\"lazy\" decoding=\"async\" class=\"alignnone wp-image-25624\" src=\"http:\/\/recettes-gourmandes-de-joce.fr\/wp-content\/uploads\/2020\/10\/boulettes_de_veau_au_ble_pleurotes_et_fenouil9-150x150.jpg\" alt=\"\" width=\"204\" height=\"160\" srcset=\"http:\/\/recettes-gourmandes-de-joce.fr\/wp-content\/uploads\/2020\/10\/boulettes_de_veau_au_ble_pleurotes_et_fenouil9-300x236.jpg 300w, http:\/\/recettes-gourmandes-de-joce.fr\/wp-content\/uploads\/2020\/10\/boulettes_de_veau_au_ble_pleurotes_et_fenouil9.jpg 550w\" sizes=\"auto, (max-width: 204px) 100vw, 204px\" \/><\/span><\/p>\n<p style=\"text-align: center;\"><span style=\"font-family: georgia, serif; font-size: 14pt; color: #808000;\"><em>Mettre les brochettes \u00e0 dorer dans un peu d&rsquo;huile d&rsquo;olive. <\/em><em>Lorsqu&rsquo;elles sont dor\u00e9es les mettre au micro-ondes 4m30 <\/em><em>\u00e0 plein puissance pour 4 brochettes, r\u00e9server au chaud. <\/em><em>Mettre de l&rsquo;eau sal\u00e9e \u00e0 chauffer et faite cuire le bl\u00e9. <\/em><em>En fin de cuisson l&rsquo;\u00e9goutter.<\/em><\/span><\/p>\n<p style=\"text-align: center;\"><span style=\"font-family: georgia, serif; font-size: 14pt; color: #808000;\"><em><img loading=\"lazy\" decoding=\"async\" class=\"alignnone wp-image-25625\" src=\"http:\/\/recettes-gourmandes-de-joce.fr\/wp-content\/uploads\/2020\/10\/boulettes_de_veau_au_ble_pleurotes_et_fenouil10-150x150.jpg\" alt=\"\" width=\"142\" height=\"190\" srcset=\"http:\/\/recettes-gourmandes-de-joce.fr\/wp-content\/uploads\/2020\/10\/boulettes_de_veau_au_ble_pleurotes_et_fenouil10-225x300.jpg 225w, http:\/\/recettes-gourmandes-de-joce.fr\/wp-content\/uploads\/2020\/10\/boulettes_de_veau_au_ble_pleurotes_et_fenouil10.jpg 412w\" sizes=\"auto, (max-width: 142px) 100vw, 142px\" \/>\u00a0<\/em><\/span><\/p>\n<p style=\"text-align: center;\"><span style=\"font-family: georgia, serif; font-size: 14pt; color: #808000;\"><em>Dresser les assiettes en mettant le bl\u00e9 au centre, la <\/em><em>garniture au fenouil autour et la brochette sur le bl\u00e9. <\/em><em>Arroser du jus que les brochettes auront rendu.<\/em><\/span><\/p>\n<p style=\"text-align: center;\"><span style=\"font-family: georgia, serif; font-size: 14pt; color: #808000;\"><em>Bon app\u00e9tit!<\/em><\/span><\/p>\n<p style=\"text-align: center;\"><span style=\"color: #808000; font-size: 14pt;\"><em><img loading=\"lazy\" decoding=\"async\" class=\"alignnone wp-image-25627\" src=\"http:\/\/recettes-gourmandes-de-joce.fr\/wp-content\/uploads\/2020\/10\/boulettes_de_veau_au_ble_pleurotes_et_fenouil11-001-150x150.jpg\" alt=\"\" width=\"243\" height=\"176\" srcset=\"http:\/\/recettes-gourmandes-de-joce.fr\/wp-content\/uploads\/2020\/10\/boulettes_de_veau_au_ble_pleurotes_et_fenouil11-001-300x217.jpg 300w, http:\/\/recettes-gourmandes-de-joce.fr\/wp-content\/uploads\/2020\/10\/boulettes_de_veau_au_ble_pleurotes_et_fenouil11-001.jpg 493w\" sizes=\"auto, (max-width: 243px) 100vw, 243px\" \/> <img loading=\"lazy\" decoding=\"async\" class=\"alignnone wp-image-25636\" src=\"http:\/\/recettes-gourmandes-de-joce.fr\/wp-content\/uploads\/2020\/10\/boulettes_de_veau_au_ble_pleurotes_et_fenouil8-150x150.jpg\" alt=\"\" width=\"251\" height=\"176\" srcset=\"http:\/\/recettes-gourmandes-de-joce.fr\/wp-content\/uploads\/2020\/10\/boulettes_de_veau_au_ble_pleurotes_et_fenouil8-300x210.jpg 300w, http:\/\/recettes-gourmandes-de-joce.fr\/wp-content\/uploads\/2020\/10\/boulettes_de_veau_au_ble_pleurotes_et_fenouil8.jpg 512w\" sizes=\"auto, (max-width: 251px) 100vw, 251px\" \/> <img loading=\"lazy\" decoding=\"async\" class=\"alignnone wp-image-25626\" src=\"http:\/\/recettes-gourmandes-de-joce.fr\/wp-content\/uploads\/2020\/10\/boulettes_de_veau_au_ble_pleurotes_et_fenouil11-150x150.jpg\" alt=\"\" width=\"235\" height=\"176\" srcset=\"http:\/\/recettes-gourmandes-de-joce.fr\/wp-content\/uploads\/2020\/10\/boulettes_de_veau_au_ble_pleurotes_et_fenouil11-300x225.jpg 300w, http:\/\/recettes-gourmandes-de-joce.fr\/wp-content\/uploads\/2020\/10\/boulettes_de_veau_au_ble_pleurotes_et_fenouil11.jpg 550w\" sizes=\"auto, (max-width: 235px) 100vw, 235px\" \/>\u00a0<\/em><\/span><\/p>\n<p style=\"text-align: center;\"><span style=\"font-size: 14pt; color: #808000;\"><img loading=\"lazy\" decoding=\"async\" class=\"alignnone wp-image-24317 size-full\" src=\"http:\/\/recettes-gourmandes-de-joce.fr\/wp-content\/uploads\/2020\/07\/logitech-gaming-software-14112014-121223.jpg\" alt=\"\" width=\"640\" height=\"144\" srcset=\"http:\/\/recettes-gourmandes-de-joce.fr\/wp-content\/uploads\/2020\/07\/logitech-gaming-software-14112014-121223.jpg 640w, http:\/\/recettes-gourmandes-de-joce.fr\/wp-content\/uploads\/2020\/07\/logitech-gaming-software-14112014-121223-300x68.jpg 300w\" sizes=\"auto, (max-width: 640px) 100vw, 640px\" \/><\/span><\/p>\n","protected":false},"excerpt":{"rendered":"<p>Une de mes recettes Ingr\u00e9dients pour 8 personnes 40 boulettes de veau 1 bulbe de fenouil 200 g de pleurotes (ou autres champignons) 1 petit bouquet de persil plat 4 gousses d&rsquo;ail 800 g de bl\u00e9 1 c \u00e0 c de Paprika 1 c \u00e0 c de \u00a0thym 1 c \u00e0 c de romarin 1 &hellip; <\/p>\n<p><a class=\"more-link btn\" href=\"http:\/\/recettes-gourmandes-de-joce.fr\/index.php\/index\/viandes\/veau\/boulettes-de-veau-au-ble-au-fenouil-et-pleurotes\/\">Lire la suite<\/a><\/p>\n","protected":false},"author":2,"featured_media":85314,"parent":128,"menu_order":0,"comment_status":"open","ping_status":"closed","template":"","meta":{"footnotes":""},"class_list":["post-25637","page","type-page","status-publish","has-post-thumbnail","hentry","nodate","item-wrap"],"_links":{"self":[{"href":"http:\/\/recettes-gourmandes-de-joce.fr\/index.php\/wp-json\/wp\/v2\/pages\/25637","targetHints":{"allow":["GET"]}}],"collection":[{"href":"http:\/\/recettes-gourmandes-de-joce.fr\/index.php\/wp-json\/wp\/v2\/pages"}],"about":[{"href":"http:\/\/recettes-gourmandes-de-joce.fr\/index.php\/wp-json\/wp\/v2\/types\/page"}],"author":[{"embeddable":true,"href":"http:\/\/recettes-gourmandes-de-joce.fr\/index.php\/wp-json\/wp\/v2\/users\/2"}],"replies":[{"embeddable":true,"href":"http:\/\/recettes-gourmandes-de-joce.fr\/index.php\/wp-json\/wp\/v2\/comments?post=25637"}],"version-history":[{"count":4,"href":"http:\/\/recettes-gourmandes-de-joce.fr\/index.php\/wp-json\/wp\/v2\/pages\/25637\/revisions"}],"predecessor-version":[{"id":85315,"href":"http:\/\/recettes-gourmandes-de-joce.fr\/index.php\/wp-json\/wp\/v2\/pages\/25637\/revisions\/85315"}],"up":[{"embeddable":true,"href":"http:\/\/recettes-gourmandes-de-joce.fr\/index.php\/wp-json\/wp\/v2\/pages\/128"}],"wp:featuredmedia":[{"embeddable":true,"href":"http:\/\/recettes-gourmandes-de-joce.fr\/index.php\/wp-json\/wp\/v2\/media\/85314"}],"wp:attachment":[{"href":"http:\/\/recettes-gourmandes-de-joce.fr\/index.php\/wp-json\/wp\/v2\/media?parent=25637"}],"curies":[{"name":"wp","href":"https:\/\/api.w.org\/{rel}","templated":true}]}}