{"id":25618,"date":"2020-10-07T17:37:15","date_gmt":"2020-10-07T17:37:15","guid":{"rendered":"http:\/\/recettes-gourmandes-de-joce.fr\/?page_id=25618"},"modified":"2024-07-14T22:12:03","modified_gmt":"2024-07-14T22:12:03","slug":"les-tomates-dantan-ou-anciennes","status":"publish","type":"page","link":"http:\/\/recettes-gourmandes-de-joce.fr\/index.php\/index\/produits-regionaux-decouverte-daliments\/les-tomates-dantan-ou-anciennes\/","title":{"rendered":"Les tomates d&rsquo;antan ou anciennes."},"content":{"rendered":"<p style=\"text-align: center;\"><span style=\"font-family: georgia,serif;\"><span style=\"text-decoration: underline; font-size: x-large; color: #008000;\"><em>Les tomates d&rsquo;antan ou anciennes<\/em><\/span><\/span><\/p>\n<p style=\"text-align: center;\"><strong><img loading=\"lazy\" decoding=\"async\" class=\"alignnone wp-image-25616\" src=\"http:\/\/recettes-gourmandes-de-joce.fr\/wp-content\/uploads\/2020\/10\/p5210399-002-1-150x150.jpg\" alt=\"\" width=\"300\" height=\"210\" srcset=\"http:\/\/recettes-gourmandes-de-joce.fr\/wp-content\/uploads\/2020\/10\/p5210399-002-1-300x210.jpg 300w, http:\/\/recettes-gourmandes-de-joce.fr\/wp-content\/uploads\/2020\/10\/p5210399-002-1-768x537.jpg 768w, http:\/\/recettes-gourmandes-de-joce.fr\/wp-content\/uploads\/2020\/10\/p5210399-002-1-750x524.jpg 750w, http:\/\/recettes-gourmandes-de-joce.fr\/wp-content\/uploads\/2020\/10\/p5210399-002-1.jpg 797w\" sizes=\"auto, (max-width: 300px) 100vw, 300px\" \/><\/strong><\/p>\n<p style=\"text-align: center;\"><span style=\"font-family: georgia,serif;\"><em><span style=\"color: #808080; font-size: 12pt;\"><span style=\"color: #008000; font-size: large;\">Remisent au go\u00fbt du jour, ces tomates ont vraiment un go\u00fbt excellent! Retrouvez les pour de nombreuses pr\u00e9parations vous ne serez pas d\u00e9\u00e7u leur go\u00fbt n&rsquo;a rien \u00e0 voir avec les tomates forc\u00e9es que l&rsquo;on trouve couramment, \u00e0 d\u00e9couvrir!<\/span><\/span><\/em><\/span><\/p>\n<p style=\"text-align: center;\"><span style=\"font-family: georgia,serif;\"><span style=\"color: #008000; text-decoration: underline;\"><span style=\"font-size: x-large;\"><em><span style=\"text-decoration: underline;\">Voici quelques vari\u00e9t\u00e9s<\/span><\/em><\/span><\/span><\/span><\/p>\n<p style=\"text-align: center;\"><span style=\"font-family: georgia, palatino, serif; font-size: 14pt;\"><span style=\"color: #008000;\"><u><em>1 <\/em><\/u><\/span><u><em><span style=\"color: #008000; font-family: georgia, serif;\">C\u00f4tel\u00e9e<\/span><\/em><\/u><span style=\"color: #008000;\"><u><em> ou borsalina<\/em><\/u><\/span><\/span><\/p>\n<p style=\"text-align: center;\"><span style=\"font-family: georgia,serif;\"><em><span style=\"color: #008000;\"><span style=\"font-family: georgia, serif; color: #008000;\">C\u00f4tel\u00e9e et en forme de bourse. Sous sa peau fine existe une texture charnue et fondante. Sa chair est douce et un peu acide. Elle se consomme rouge pour son fondant ou verte pour son parfum et son croquant, souvent appel\u00e9e \u00e0 tord c\u0153ur de b\u0153uf ce qui est faut la c\u0153ur de b\u0153uf est en forme de c\u0153ur et non <\/span><span style=\"color: #008000; font-family: georgia, serif;\">c\u00f4tel\u00e9e<\/span><span style=\"font-family: georgia, serif; color: #008000;\">! voir cet article -&gt;<\/span><\/span> <a style=\"font-family: georgia, serif; font-weight: bold;\" href=\"http:\/\/gourmandisesansfrontieres.fr\/2013\/09\/la-vraie-tomate-coeur-de-boeuf\/\">Reconnaitre une vraie c\u0153ur de b\u0153uf<\/a><\/em><\/span><\/p>\n<p style=\"text-align: center;\"><span style=\"font-family: georgia,serif;\"><span style=\"color: #008000; text-decoration: underline;\"><span style=\"font-size: large;\"><em>2 Cornue des Andes<\/em><\/span><\/span><\/span><\/p>\n<p style=\"text-align: center;\"><span style=\"font-family: georgia,serif;\"><span style=\"color: #008000; font-size: medium;\"><em>En forme de poivron ou de piment, cette tomate \u00e0 la particularit\u00e9 d&rsquo;avoir une chair pleine et ferme, avec peu de graines et de jus. Elle est particuli\u00e8rement appr\u00e9ci\u00e9e pour son parfum et sa saveur douce sans acidit\u00e9 qui la rend extr\u00eamement digeste.<\/em><\/span><\/span><\/p>\n<p style=\"text-align: center;\"><span style=\"font-family: georgia,serif;\"><span style=\"color: #008000; font-size: large; text-decoration: underline;\"><em>3 Tomate rose.<\/em><\/span><\/span><\/p>\n<p style=\"text-align: center;\"><span style=\"font-family: georgia,serif;\"><span style=\"color: #008000; font-size: medium;\"><em>Vari\u00e9t\u00e9 tr\u00e8s ancienne originaire d&rsquo;Australie, cette vari\u00e9t\u00e9 de tomate donne des fruits ronds, c\u00f4tel\u00e9s, de couleur rose violette. A la chair pleine et juteuse, elle vous s\u00e9duira par son excellente saveur parfum\u00e9e.<\/em><\/span><\/span><\/p>\n<p style=\"text-align: center;\"><span style=\"font-family: georgia,serif;\"><span style=\"color: #008000; text-decoration: underline;\"><span style=\"font-size: large;\"><em>4 Noire de Crim\u00e9e<\/em><\/span><\/span><\/span><\/p>\n<p style=\"text-align: center;\"><span style=\"font-family: georgia,serif;\"><span style=\"color: #008000; font-size: medium;\"><em>Vari\u00e9t\u00e9 ancienne, originaire de la Mer Noire en Russie, elle tire son originalit\u00e9 et sa notori\u00e9t\u00e9 de sa couleur pourpre ou brun tr\u00e8s fonc\u00e9e. A peau et chair fines, parfum\u00e9e c&rsquo;est une des vari\u00e9t\u00e9s les plus douces. Ne pas h\u00e9siter \u00e0 la consommer tournante avec son collet vert pour appr\u00e9cier toute sa saveur.<\/em><\/span><\/span><\/p>\n<p style=\"text-align: center;\"><span style=\"font-family: georgia,serif;\"><span style=\"color: #008000; font-size: large; text-decoration: underline;\"><em>5 Green Zebra<\/em><\/span><\/span><\/p>\n<p style=\"text-align: center;\"><span style=\"font-family: georgia,serif;\"><span style=\"color: #008000; font-size: medium;\"><em>Magnifique vari\u00e9t\u00e9 de tomate verte z\u00e9br\u00e9e de jaune vert clair, \u00e0 la chair fondante de couleur \u00e9meraude, elle a une saveur douce et \u00e9pic\u00e9e \u00e0 la fois. A consommer avant que le fruit ne ramollisse pour appr\u00e9cier sa saveur si particuli\u00e8re.<\/em><\/span><\/span><\/p>\n<p style=\"text-align: center;\"><span style=\"font-family: georgia,serif;\"><span style=\"color: #008000; font-size: large; text-decoration: underline;\"><em>6 Olivine orange<\/em><\/span><\/span><\/p>\n<p style=\"text-align: center;\"><span style=\"font-family: georgia,serif;\"><span style=\"color: #008000; font-size: medium;\"><em>Tomate tr\u00e8s originale, allong\u00e9e, elle a peu de jus et une excellente saveur. A d\u00e9guster aussi bien crue que cuite.<\/em><\/span><\/span><\/p>\n<p style=\"text-align: center;\"><span style=\"font-family: georgia,serif;\"><span style=\"color: #008000; text-decoration: underline;\"><span style=\"font-size: large;\"><em>7 Tomate Golden<\/em><\/span><\/span><\/span><\/p>\n<p style=\"text-align: center;\"><span style=\"font-family: georgia,serif;\"><span style=\"color: #008000; font-size: medium;\"><em>Cette vari\u00e9t\u00e9 ancienne pr\u00e9sente des fruits de couleur jaune vif l\u00e9g\u00e8rement aplatis et tr\u00e8s r\u00e9guliers. Ils ont une chair ferme \u00e0 la saveur douce et agr\u00e9able. Comme les tomates oranges, elle apportera couleur et saveur \u00e0 vos salades et plats.<\/em><\/span><\/span><\/p>\n<p style=\"text-align: center;\"><span style=\"font-family: georgia,serif;\"><span style=\"color: #008000; text-decoration: underline;\"><span style=\"font-size: large;\"><em>8 Tigerela (tomate tigr\u00e9e)<\/em><\/span><\/span><\/span><\/p>\n<p style=\"text-align: center;\"><span style=\"font-family: georgia,serif;\"><span style=\"color: #008000; font-size: medium;\"><em>Fruit bicolore rouge, z\u00e9br\u00e9 de jaune. Chair d\u00e9licieuse, juteuse et l\u00e9g\u00e8rement acide<\/em><\/span><\/span><\/p>\n<p style=\"text-align: center;\"><span style=\"font-family: georgia,serif;\"><span style=\"color: #008000; font-size: medium;\"><em><span style=\"font-size: large; text-decoration: underline;\">9 Tomate ordinaire vendu en grande surface<\/span><\/em><\/span><\/span><\/p>\n<p style=\"text-align: center;\"><span style=\"font-family: georgia,serif;\"><span style=\"color: #008000; font-size: medium;\"><em>Tomate forc\u00e9e sans go\u00fbt<span style=\"color: #008000; font-size: medium;\"> \ud83d\ude41<\/span><\/em><\/span><br \/>\n<span style=\"font-size: large;\"><em><span style=\"color: #008000;\">\u00a0<span style=\"font-size: x-large;\">Pour info en plus vous la payez plus cher que sa valeur \ud83d\ude41<\/span><\/span><\/em><\/span><\/span><\/p>\n<p style=\"text-align: center;\"><span style=\"font-family: georgia,serif;\"><span style=\"font-size: large;\"><em><span style=\"color: #008000;\">La fausse ou Borsalina -&gt;<\/span><\/em><\/span> <img loading=\"lazy\" decoding=\"async\" class=\"first narrow right graphic-container\" src=\"http:\/\/www.gilblog.fr\/_Media\/tomate-aumoniere-bleu_med_hr.jpeg\" alt=\"tomate-aumoniere-bleu\" width=\"190\" height=\"183\" \/>\u00a0<\/span><\/p>\n<p style=\"text-align: center;\"><span style=\"font-family: georgia,serif;\"><em><span style=\"font-size: large;\"><span style=\"color: #008000;\">La vraie c\u0153ur de b\u0153uf -&gt;<\/span><\/span><\/em> <img loading=\"lazy\" decoding=\"async\" class=\"not-first-item narrow right graphic-container\" src=\"http:\/\/www.gilblog.fr\/_Media\/tomate-coeur-de-boeuf_med_hr.jpeg\" alt=\"tomate-coeur-de-boeuf\" width=\"190\" height=\"190\" \/><\/span><\/p>\n<p style=\"text-align: center;\"><span style=\"font-family: georgia,serif;\"><span style=\"font-size: large;\"><em><span style=\"color: #008000;\"><span style=\"font-family: georgia, serif; font-size: large; color: #008000;\">Ne vous laissez plus abuser par les grandes surfaces qui vous vendent des tomates \u00ab\u00a0Borsalina ou aumoni\u00e8re \u00a0\u00bb pour de la c\u0153ur de b\u0153uf, la vraie c\u0153ur de b\u0153uf est lisse et en forme de c\u0153ur et non <\/span><span style=\"color: #008000; font-family: georgia, serif; font-size: large;\">c\u00f4tel\u00e9e<\/span><span style=\"font-family: georgia, serif; font-size: large; color: #008000;\">, <\/span><\/span><\/em><\/span><br \/>\n<em><span style=\"color: #008000; font-size: large;\">voir le lien -&gt;\u00a0<a href=\"http:\/\/www.gilblog.fr\/a_table\/tomates-cur-de-boeuf-les.html\">\u00a0La vraie et la fausse c\u0153ur de b\u0153uf <\/a><\/span><\/em><\/span><\/p>\n<p style=\"text-align: center;\"><span style=\"font-family: georgia,serif;\"><span style=\"color: #008000; font-size: xx-large; text-decoration: underline;\"><em><em>Recettes<\/em><\/em><\/span><\/span><\/p>\n<p style=\"text-align: center;\"><span style=\"font-family: georgia,serif;\"><span style=\"color: #008000; font-size: medium;\"><em><strong><span style=\"color: #008000; font-size: medium;\"><em><strong><span style=\"font-size: x-large;\">\u00a0-&gt;\u00a0<\/span><\/strong><\/em><\/span><\/strong><\/em><\/span><a href=\"http:\/\/recettes-gourmandes-de-joce.fr\/index.php\/index\/entrees\/salades-crudites\/salade-de-tomates-anciennes-ciboulette-et-batavia\/\"><span style=\"font-size: medium;\"><em><span style=\"font-size: medium;\"><em><span style=\"font-size: x-large;\"><span style=\"font-size: 14pt;\"> <em>Salade de tomates d&rsquo;antan et ciboulette<\/em><img loading=\"lazy\" decoding=\"async\" class=\"alignnone wp-image-25610\" src=\"http:\/\/recettes-gourmandes-de-joce.fr\/wp-content\/uploads\/2020\/10\/p5240038-150x150.jpg\" alt=\"\" width=\"227\" height=\"170\" srcset=\"http:\/\/recettes-gourmandes-de-joce.fr\/wp-content\/uploads\/2020\/10\/p5240038-300x225.jpg 300w, http:\/\/recettes-gourmandes-de-joce.fr\/wp-content\/uploads\/2020\/10\/p5240038-768x576.jpg 768w, http:\/\/recettes-gourmandes-de-joce.fr\/wp-content\/uploads\/2020\/10\/p5240038-750x563.jpg 750w, http:\/\/recettes-gourmandes-de-joce.fr\/wp-content\/uploads\/2020\/10\/p5240038.jpg 800w\" sizes=\"auto, (max-width: 227px) 100vw, 227px\" \/><\/span><\/span><\/em><\/span><\/em><\/span><\/a><\/span><\/p>\n<p style=\"text-align: center;\"><span style=\"font-family: georgia,serif;\"><span style=\"color: #008000; font-size: medium;\"><em><strong><span style=\"color: #008000; font-size: medium;\"><em><strong><span style=\"font-size: x-large;\">-&gt;<\/span><\/strong><\/em><\/span><\/strong><\/em><\/span><\/span><a href=\"http:\/\/recettes-gourmandes-de-joce.fr\/index.php\/index\/entrees\/tartes-et-quiches-salees\/8905-2\/\"><span style=\"font-size: 14pt;\"><em><span style=\"font-family: georgia, palatino, serif;\">Tarte aux tomates, oignons et Rocamadour <img loading=\"lazy\" decoding=\"async\" class=\"alignnone size-thumbnail wp-image-8867\" src=\"http:\/\/recettes-gourmandes-de-joce.fr\/wp-content\/uploads\/2019\/11\/P9120270-001-150x150.jpg\" alt=\"\" width=\"150\" height=\"150\" \/><\/span><\/em><\/span><\/a><\/p>\n<p style=\"text-align: center;\"><span style=\"font-family: georgia,serif;\"><em><span style=\"color: #808080; font-size: 12pt;\"><span style=\"color: #008000; font-size: large;\">Bon app\u00e9tit!<\/span><\/span><\/em><\/span><\/p>\n<p style=\"text-align: center;\"><img loading=\"lazy\" decoding=\"async\" class=\"alignnone wp-image-24317 size-full\" src=\"http:\/\/recettes-gourmandes-de-joce.fr\/wp-content\/uploads\/2020\/07\/logitech-gaming-software-14112014-121223.jpg\" alt=\"\" width=\"640\" height=\"144\" srcset=\"http:\/\/recettes-gourmandes-de-joce.fr\/wp-content\/uploads\/2020\/07\/logitech-gaming-software-14112014-121223.jpg 640w, http:\/\/recettes-gourmandes-de-joce.fr\/wp-content\/uploads\/2020\/07\/logitech-gaming-software-14112014-121223-300x68.jpg 300w\" sizes=\"auto, (max-width: 640px) 100vw, 640px\" \/><\/p>\n<p style=\"text-align: center;\">\n","protected":false},"excerpt":{"rendered":"<p>Les tomates d&rsquo;antan ou anciennes Remisent au go\u00fbt du jour, ces tomates ont vraiment un go\u00fbt excellent! Retrouvez les pour de nombreuses pr\u00e9parations vous ne serez pas d\u00e9\u00e7u leur go\u00fbt n&rsquo;a rien \u00e0 voir avec les tomates forc\u00e9es que l&rsquo;on trouve couramment, \u00e0 d\u00e9couvrir! Voici quelques vari\u00e9t\u00e9s 1 C\u00f4tel\u00e9e ou borsalina C\u00f4tel\u00e9e et en forme &hellip; <\/p>\n<p><a class=\"more-link btn\" href=\"http:\/\/recettes-gourmandes-de-joce.fr\/index.php\/index\/produits-regionaux-decouverte-daliments\/les-tomates-dantan-ou-anciennes\/\">Lire la suite<\/a><\/p>\n","protected":false},"author":2,"featured_media":87706,"parent":326,"menu_order":0,"comment_status":"open","ping_status":"closed","template":"","meta":{"footnotes":""},"class_list":["post-25618","page","type-page","status-publish","has-post-thumbnail","hentry","nodate","item-wrap"],"_links":{"self":[{"href":"http:\/\/recettes-gourmandes-de-joce.fr\/index.php\/wp-json\/wp\/v2\/pages\/25618","targetHints":{"allow":["GET"]}}],"collection":[{"href":"http:\/\/recettes-gourmandes-de-joce.fr\/index.php\/wp-json\/wp\/v2\/pages"}],"about":[{"href":"http:\/\/recettes-gourmandes-de-joce.fr\/index.php\/wp-json\/wp\/v2\/types\/page"}],"author":[{"embeddable":true,"href":"http:\/\/recettes-gourmandes-de-joce.fr\/index.php\/wp-json\/wp\/v2\/users\/2"}],"replies":[{"embeddable":true,"href":"http:\/\/recettes-gourmandes-de-joce.fr\/index.php\/wp-json\/wp\/v2\/comments?post=25618"}],"version-history":[{"count":4,"href":"http:\/\/recettes-gourmandes-de-joce.fr\/index.php\/wp-json\/wp\/v2\/pages\/25618\/revisions"}],"predecessor-version":[{"id":87708,"href":"http:\/\/recettes-gourmandes-de-joce.fr\/index.php\/wp-json\/wp\/v2\/pages\/25618\/revisions\/87708"}],"up":[{"embeddable":true,"href":"http:\/\/recettes-gourmandes-de-joce.fr\/index.php\/wp-json\/wp\/v2\/pages\/326"}],"wp:featuredmedia":[{"embeddable":true,"href":"http:\/\/recettes-gourmandes-de-joce.fr\/index.php\/wp-json\/wp\/v2\/media\/87706"}],"wp:attachment":[{"href":"http:\/\/recettes-gourmandes-de-joce.fr\/index.php\/wp-json\/wp\/v2\/media?parent=25618"}],"curies":[{"name":"wp","href":"https:\/\/api.w.org\/{rel}","templated":true}]}}