{"id":25538,"date":"2020-10-03T12:49:33","date_gmt":"2020-10-03T12:49:33","guid":{"rendered":"http:\/\/recettes-gourmandes-de-joce.fr\/?page_id=25538"},"modified":"2024-06-30T11:07:14","modified_gmt":"2024-06-30T11:07:14","slug":"courgettes-et-tomates-farcies-aux-deux-saumons-sauce-aux-pleurotes","status":"publish","type":"page","link":"http:\/\/recettes-gourmandes-de-joce.fr\/index.php\/index\/legumes\/courgette\/courgettes-et-tomates-farcies-aux-deux-saumons-sauce-aux-pleurotes\/","title":{"rendered":"Courgettes et tomates farcies aux deux saumons, sauce aux pleurotes."},"content":{"rendered":"<p style=\"text-align: center;\"><span style=\"font-family: georgia, serif; color: #f28f44;\"><span style=\"font-size: x-large; text-decoration: underline;\"><em>Une de mes recettes<\/em><\/span><\/span><\/p>\n<p style=\"text-align: center;\"><span style=\"font-family: georgia, serif; color: #f28f44;\"><span style=\"font-size: x-large;\"><em><img loading=\"lazy\" decoding=\"async\" class=\"alignnone wp-image-25556\" src=\"http:\/\/recettes-gourmandes-de-joce.fr\/wp-content\/uploads\/2020\/10\/P5270882-150x150.jpg\" alt=\"\" width=\"240\" height=\"180\" srcset=\"http:\/\/recettes-gourmandes-de-joce.fr\/wp-content\/uploads\/2020\/10\/P5270882-300x225.jpg 300w, http:\/\/recettes-gourmandes-de-joce.fr\/wp-content\/uploads\/2020\/10\/P5270882.jpg 550w\" sizes=\"auto, (max-width: 240px) 100vw, 240px\" \/> <img loading=\"lazy\" decoding=\"async\" class=\"alignnone wp-image-25540\" src=\"http:\/\/recettes-gourmandes-de-joce.fr\/wp-content\/uploads\/2020\/10\/P5270889-150x150.jpg\" alt=\"\" width=\"240\" height=\"180\" srcset=\"http:\/\/recettes-gourmandes-de-joce.fr\/wp-content\/uploads\/2020\/10\/P5270889-300x225.jpg 300w, http:\/\/recettes-gourmandes-de-joce.fr\/wp-content\/uploads\/2020\/10\/P5270889.jpg 550w\" sizes=\"auto, (max-width: 240px) 100vw, 240px\" \/> <img loading=\"lazy\" decoding=\"async\" class=\"alignnone wp-image-25539\" src=\"http:\/\/recettes-gourmandes-de-joce.fr\/wp-content\/uploads\/2020\/10\/P5270888-150x150.jpg\" alt=\"\" width=\"155\" height=\"180\" srcset=\"http:\/\/recettes-gourmandes-de-joce.fr\/wp-content\/uploads\/2020\/10\/P5270888-259x300.jpg 259w, http:\/\/recettes-gourmandes-de-joce.fr\/wp-content\/uploads\/2020\/10\/P5270888.jpg 409w\" sizes=\"auto, (max-width: 155px) 100vw, 155px\" \/><\/em><\/span><\/span><\/p>\n<p style=\"text-align: center;\"><span style=\"font-family: georgia, serif; color: #f28f44;\"><span style=\"font-size: x-large; text-decoration: underline;\"><em>Ingr\u00e9dients pour 4 personnes<\/em><\/span><\/span><\/p>\n<p style=\"text-align: center;\"><span style=\"color: #f28f44;\"><img loading=\"lazy\" decoding=\"async\" class=\"alignnone wp-image-25541\" src=\"http:\/\/recettes-gourmandes-de-joce.fr\/wp-content\/uploads\/2020\/10\/P5270827-150x150.jpg\" alt=\"\" width=\"237\" height=\"180\" srcset=\"http:\/\/recettes-gourmandes-de-joce.fr\/wp-content\/uploads\/2020\/10\/P5270827-300x227.jpg 300w, http:\/\/recettes-gourmandes-de-joce.fr\/wp-content\/uploads\/2020\/10\/P5270827.jpg 550w\" sizes=\"auto, (max-width: 237px) 100vw, 237px\" \/><\/span><\/p>\n<p style=\"text-align: center;\"><span style=\"font-family: georgia, serif; color: #f28f44;\"><span style=\"font-size: large;\"><em>200 g de saumon frais<\/em><\/span><\/span><\/p>\n<p style=\"text-align: center;\"><span style=\"font-family: georgia, serif; color: #f28f44;\"><span style=\"font-size: large;\"><em>4 tranches de saumon fum\u00e9<\/em><\/span><\/span><\/p>\n<p style=\"text-align: center;\"><span style=\"font-family: georgia, serif; color: #f28f44;\"><span style=\"font-size: large;\"><em>1 petit bouquet de ciboulette<\/em><\/span><\/span><\/p>\n<p style=\"text-align: center;\"><span style=\"font-family: georgia, serif; color: #f28f44;\"><span style=\"font-size: large;\"><em>1 petit bouquet de persil plat<\/em><\/span><\/span><\/p>\n<p style=\"text-align: center;\"><span style=\"font-family: georgia, serif; color: #f28f44;\"><span style=\"font-size: large;\"><em>1 \u00e9chalote<\/em><\/span><\/span><\/p>\n<p style=\"text-align: center;\"><span style=\"font-family: georgia, serif; color: #f28f44;\"><span style=\"font-size: large;\"><em>4 courgettes rondes de Nice<\/em><\/span><\/span><\/p>\n<p style=\"text-align: center;\"><span style=\"font-family: georgia, serif; color: #f28f44;\"><span style=\"font-size: large;\"><em>4 tomates (oubli\u00e9es sur la photos des ingr\u00e9dients )<\/em><\/span><\/span><\/p>\n<p style=\"text-align: center;\"><span style=\"color: #f28f44;\"><em><span style=\"font-family: georgia, serif; font-size: large;\">1 morceau de <\/span><span style=\"font-family: georgia, serif; font-size: large;\">pecorino<\/span><span style=\"font-family: georgia, serif; font-size: large;\">\u00a0ou parmesan ou gruy\u00e8re<\/span><\/em><\/span><\/p>\n<p style=\"text-align: center;\"><span style=\"color: #f28f44;\"><span style=\"font-family: georgia,serif;\"><span style=\"font-size: large;\"><em>250 g de <\/em><\/span><\/span><span style=\"font-family: georgia, serif; font-size: large;\"><i>mascarpone<\/i><\/span><\/span><\/p>\n<p style=\"text-align: center;\"><span style=\"font-family: georgia, serif; color: #f28f44;\"><span style=\"font-size: large;\"><em>Sel et poivre<\/em><\/span><\/span><\/p>\n<p style=\"text-align: center;\"><span style=\"font-family: georgia, serif; color: #f28f44;\"><span style=\"font-size: x-large; text-decoration: underline;\"><em>Pour la sauce<\/em><\/span><\/span><\/p>\n<p style=\"text-align: center;\"><span style=\"font-family: georgia, serif; color: #f28f44;\"><span style=\"font-size: large;\"><em>1 morceau de beurre<\/em><\/span><\/span><\/p>\n<p style=\"text-align: center;\"><span style=\"font-family: georgia, serif; color: #f28f44;\"><span style=\"font-size: large;\"><em>200 g de pleurotes ou de champignons de votre choix<\/em><\/span><\/span><\/p>\n<p style=\"text-align: center;\"><span style=\"color: #f28f44;\"><span style=\"font-family: georgia,serif;\"><span style=\"font-size: large;\"><em>2 c \u00e0 s de\u00a0<\/em><\/span><\/span><span style=\"font-family: georgia, serif; font-size: large;\"><i>mascarpone<\/i><\/span><\/span><\/p>\n<p style=\"text-align: center;\"><span style=\"font-family: georgia, serif; color: #f28f44;\"><span style=\"font-size: large;\"><em>Sel et poivre<\/em><\/span><\/span><\/p>\n<p style=\"text-align: center;\"><span style=\"color: #f28f44;\"><img loading=\"lazy\" decoding=\"async\" class=\"alignnone wp-image-25542\" src=\"http:\/\/recettes-gourmandes-de-joce.fr\/wp-content\/uploads\/2020\/10\/P5270832-150x150.jpg\" alt=\"\" width=\"237\" height=\"160\" srcset=\"http:\/\/recettes-gourmandes-de-joce.fr\/wp-content\/uploads\/2020\/10\/P5270832-300x203.jpg 300w, http:\/\/recettes-gourmandes-de-joce.fr\/wp-content\/uploads\/2020\/10\/P5270832.jpg 550w\" sizes=\"auto, (max-width: 237px) 100vw, 237px\" \/> <img loading=\"lazy\" decoding=\"async\" class=\"alignnone wp-image-25543\" src=\"http:\/\/recettes-gourmandes-de-joce.fr\/wp-content\/uploads\/2020\/10\/P5270833-150x150.jpg\" alt=\"\" width=\"237\" height=\"160\" srcset=\"http:\/\/recettes-gourmandes-de-joce.fr\/wp-content\/uploads\/2020\/10\/P5270833-300x203.jpg 300w, http:\/\/recettes-gourmandes-de-joce.fr\/wp-content\/uploads\/2020\/10\/P5270833.jpg 550w\" sizes=\"auto, (max-width: 237px) 100vw, 237px\" \/>\u00a0<img loading=\"lazy\" decoding=\"async\" class=\"alignnone wp-image-25557\" src=\"http:\/\/recettes-gourmandes-de-joce.fr\/wp-content\/uploads\/2020\/10\/P6230451-150x150.jpg\" alt=\"\" width=\"247\" height=\"160\" srcset=\"http:\/\/recettes-gourmandes-de-joce.fr\/wp-content\/uploads\/2020\/10\/P6230451-300x194.jpg 300w, http:\/\/recettes-gourmandes-de-joce.fr\/wp-content\/uploads\/2020\/10\/P6230451.jpg 530w\" sizes=\"auto, (max-width: 247px) 100vw, 247px\" \/><\/span><\/p>\n<p style=\"text-align: center;\"><span style=\"font-family: georgia, serif; color: #f28f44;\"><span style=\"font-size: large;\"><em>Couper le saumon et le saumon fum\u00e9 en petits morceaux. <\/em><\/span><span style=\"font-size: large;\"><em>\u00a0<\/em><\/span><span style=\"font-size: large;\"><em>Peler et hacher l&rsquo;\u00e9chalote.\u00a0<\/em><\/span><\/span><\/p>\n<p style=\"text-align: center;\"><span style=\"color: #f28f44;\"><img loading=\"lazy\" decoding=\"async\" class=\"alignnone wp-image-25164\" src=\"http:\/\/recettes-gourmandes-de-joce.fr\/wp-content\/uploads\/2020\/09\/soupe-persil-batavia6-150x150.jpg\" alt=\"\" width=\"213\" height=\"160\" srcset=\"http:\/\/recettes-gourmandes-de-joce.fr\/wp-content\/uploads\/2020\/09\/soupe-persil-batavia6-300x225.jpg 300w, http:\/\/recettes-gourmandes-de-joce.fr\/wp-content\/uploads\/2020\/09\/soupe-persil-batavia6-768x576.jpg 768w, http:\/\/recettes-gourmandes-de-joce.fr\/wp-content\/uploads\/2020\/09\/soupe-persil-batavia6-750x563.jpg 750w, http:\/\/recettes-gourmandes-de-joce.fr\/wp-content\/uploads\/2020\/09\/soupe-persil-batavia6.jpg 800w\" sizes=\"auto, (max-width: 213px) 100vw, 213px\" \/> <img loading=\"lazy\" decoding=\"async\" class=\"alignnone wp-image-25544\" src=\"http:\/\/recettes-gourmandes-de-joce.fr\/wp-content\/uploads\/2020\/10\/P5270835-150x150.jpg\" alt=\"\" width=\"214\" height=\"160\" srcset=\"http:\/\/recettes-gourmandes-de-joce.fr\/wp-content\/uploads\/2020\/10\/P5270835-300x225.jpg 300w, http:\/\/recettes-gourmandes-de-joce.fr\/wp-content\/uploads\/2020\/10\/P5270835.jpg 550w\" sizes=\"auto, (max-width: 214px) 100vw, 214px\" \/> <img loading=\"lazy\" decoding=\"async\" class=\"alignnone wp-image-25545\" src=\"http:\/\/recettes-gourmandes-de-joce.fr\/wp-content\/uploads\/2020\/10\/P5270838-150x150.jpg\" alt=\"\" width=\"214\" height=\"160\" srcset=\"http:\/\/recettes-gourmandes-de-joce.fr\/wp-content\/uploads\/2020\/10\/P5270838-300x225.jpg 300w, http:\/\/recettes-gourmandes-de-joce.fr\/wp-content\/uploads\/2020\/10\/P5270838.jpg 550w\" sizes=\"auto, (max-width: 214px) 100vw, 214px\" \/><\/span><\/p>\n<p style=\"text-align: center;\"><span style=\"color: #f28f44;\"><span style=\"font-family: georgia, serif; font-size: large;\"><em>Laver la ciboulette et le persil et les hacher finement. <\/em><em>Dans un saladier, m\u00e9langer les deux saumons. <\/em><em>Ajouter <\/em><\/span><span style=\"font-family: georgia, serif; font-size: large;\"><em>les herbes.<\/em><\/span><\/span><\/p>\n<p style=\"text-align: center;\"><span style=\"color: #f28f44;\"><img loading=\"lazy\" decoding=\"async\" class=\"alignnone wp-image-25546\" src=\"http:\/\/recettes-gourmandes-de-joce.fr\/wp-content\/uploads\/2020\/10\/P5270839-150x150.jpg\" alt=\"\" width=\"214\" height=\"160\" srcset=\"http:\/\/recettes-gourmandes-de-joce.fr\/wp-content\/uploads\/2020\/10\/P5270839-300x225.jpg 300w, http:\/\/recettes-gourmandes-de-joce.fr\/wp-content\/uploads\/2020\/10\/P5270839.jpg 550w\" sizes=\"auto, (max-width: 214px) 100vw, 214px\" \/> <img loading=\"lazy\" decoding=\"async\" class=\"alignnone wp-image-25547\" src=\"http:\/\/recettes-gourmandes-de-joce.fr\/wp-content\/uploads\/2020\/10\/P5270840-150x150.jpg\" alt=\"\" width=\"214\" height=\"160\" srcset=\"http:\/\/recettes-gourmandes-de-joce.fr\/wp-content\/uploads\/2020\/10\/P5270840-300x225.jpg 300w, http:\/\/recettes-gourmandes-de-joce.fr\/wp-content\/uploads\/2020\/10\/P5270840.jpg 550w\" sizes=\"auto, (max-width: 214px) 100vw, 214px\" \/> <img loading=\"lazy\" decoding=\"async\" class=\"alignnone wp-image-25548\" src=\"http:\/\/recettes-gourmandes-de-joce.fr\/wp-content\/uploads\/2020\/10\/P5270842-150x150.jpg\" alt=\"\" width=\"214\" height=\"160\" srcset=\"http:\/\/recettes-gourmandes-de-joce.fr\/wp-content\/uploads\/2020\/10\/P5270842-300x225.jpg 300w, http:\/\/recettes-gourmandes-de-joce.fr\/wp-content\/uploads\/2020\/10\/P5270842.jpg 550w\" sizes=\"auto, (max-width: 214px) 100vw, 214px\" \/>\u00a0<\/span><\/p>\n<p style=\"text-align: center;\"><span style=\"color: #f28f44;\"><span style=\"font-family: georgia, serif; font-size: large;\"><em> Ajouter l&rsquo;\u00e9chalote la<\/em><\/span><em><span style=\"font-family: georgia, serif; font-size: large;\">\u00a0<\/span><span style=\"font-family: georgia, serif; font-size: large;\">mascarpone<\/span><span style=\"font-family: georgia, serif; font-size: large;\"> (moins deux c \u00e0 s que l&rsquo;on r\u00e9serve <\/span><\/em><span style=\"font-family: georgia, serif; font-size: large;\"><em>pour la sauce), saler et poivrer et bien m\u00e9langer.<\/em><\/span><\/span><\/p>\n<p style=\"text-align: center;\"><span style=\"color: #f28f44;\"><img loading=\"lazy\" decoding=\"async\" class=\"alignnone wp-image-25549\" src=\"http:\/\/recettes-gourmandes-de-joce.fr\/wp-content\/uploads\/2020\/10\/P5270845-150x150.jpg\" alt=\"\" width=\"214\" height=\"160\" srcset=\"http:\/\/recettes-gourmandes-de-joce.fr\/wp-content\/uploads\/2020\/10\/P5270845-300x225.jpg 300w, http:\/\/recettes-gourmandes-de-joce.fr\/wp-content\/uploads\/2020\/10\/P5270845.jpg 550w\" sizes=\"auto, (max-width: 214px) 100vw, 214px\" \/> <img loading=\"lazy\" decoding=\"async\" class=\"alignnone wp-image-25550\" src=\"http:\/\/recettes-gourmandes-de-joce.fr\/wp-content\/uploads\/2020\/10\/P5270846-150x150.jpg\" alt=\"\" width=\"214\" height=\"160\" srcset=\"http:\/\/recettes-gourmandes-de-joce.fr\/wp-content\/uploads\/2020\/10\/P5270846-300x225.jpg 300w, http:\/\/recettes-gourmandes-de-joce.fr\/wp-content\/uploads\/2020\/10\/P5270846.jpg 550w\" sizes=\"auto, (max-width: 214px) 100vw, 214px\" \/> <img loading=\"lazy\" decoding=\"async\" class=\"alignnone wp-image-25551\" src=\"http:\/\/recettes-gourmandes-de-joce.fr\/wp-content\/uploads\/2020\/10\/P5270849-150x150.jpg\" alt=\"\" width=\"214\" height=\"160\" srcset=\"http:\/\/recettes-gourmandes-de-joce.fr\/wp-content\/uploads\/2020\/10\/P5270849-300x225.jpg 300w, http:\/\/recettes-gourmandes-de-joce.fr\/wp-content\/uploads\/2020\/10\/P5270849.jpg 550w\" sizes=\"auto, (max-width: 214px) 100vw, 214px\" \/><\/span><\/p>\n<p style=\"text-align: center;\"><span style=\"color: #f28f44;\"><span style=\"font-family: georgia,serif;\"><span style=\"font-size: large;\"><em>\u00a0Laver les courgettes et les tomates, les essuyer. <\/em><\/span><span style=\"font-size: large;\"><em>Couper les chapeaux, \u00e9videz l\u00e8s avec une cuill\u00e8re <\/em><\/span><span style=\"font-size: large;\"><em>parisienne c&rsquo;est plus facile (couper la membrane des tomates <\/em><\/span><span style=\"font-size: large;\"><em>avant de les vider c&rsquo;est plus simple), garder les pulpes des l\u00e9gumes. <\/em><\/span><\/span><span style=\"font-family: georgia,serif;\"><span style=\"font-size: large;\"><em>Farcir les courgettes et les tomates du m\u00e9lange \u00e0 base <\/em><\/span><span style=\"font-size: large;\"><em>de saumons<\/em><\/span><span style=\"font-size: large;\"><em>.<\/em><\/span><\/span><\/span><\/p>\n<p style=\"text-align: center;\"><span style=\"color: #f28f44;\"><img loading=\"lazy\" decoding=\"async\" class=\"alignnone wp-image-25553\" src=\"http:\/\/recettes-gourmandes-de-joce.fr\/wp-content\/uploads\/2020\/10\/P5270860-150x150.jpg\" alt=\"\" width=\"214\" height=\"160\" srcset=\"http:\/\/recettes-gourmandes-de-joce.fr\/wp-content\/uploads\/2020\/10\/P5270860-300x225.jpg 300w, http:\/\/recettes-gourmandes-de-joce.fr\/wp-content\/uploads\/2020\/10\/P5270860.jpg 550w\" sizes=\"auto, (max-width: 214px) 100vw, 214px\" \/> <img loading=\"lazy\" decoding=\"async\" class=\"alignnone wp-image-25554\" src=\"http:\/\/recettes-gourmandes-de-joce.fr\/wp-content\/uploads\/2020\/10\/P5270863-150x150.jpg\" alt=\"\" width=\"195\" height=\"160\" srcset=\"http:\/\/recettes-gourmandes-de-joce.fr\/wp-content\/uploads\/2020\/10\/P5270863-300x246.jpg 300w, http:\/\/recettes-gourmandes-de-joce.fr\/wp-content\/uploads\/2020\/10\/P5270863.jpg 550w\" sizes=\"auto, (max-width: 195px) 100vw, 195px\" \/> <img loading=\"lazy\" decoding=\"async\" class=\"alignnone wp-image-25555\" src=\"http:\/\/recettes-gourmandes-de-joce.fr\/wp-content\/uploads\/2020\/10\/P5270864-150x150.jpg\" alt=\"\" width=\"214\" height=\"160\" srcset=\"http:\/\/recettes-gourmandes-de-joce.fr\/wp-content\/uploads\/2020\/10\/P5270864-300x225.jpg 300w, http:\/\/recettes-gourmandes-de-joce.fr\/wp-content\/uploads\/2020\/10\/P5270864.jpg 550w\" sizes=\"auto, (max-width: 214px) 100vw, 214px\" \/><\/span><\/p>\n<p style=\"text-align: center;\"><span style=\"color: #f28f44;\"><em><span style=\"font-family: georgia, serif; font-size: large;\"> R\u00e2per le <\/span><span style=\"font-family: georgia, serif; font-size: large;\">pecorino<\/span><span style=\"font-family: georgia, serif; font-size: large;\"> et <\/span><\/em><span style=\"font-family: georgia,serif;\"><span style=\"font-size: large;\"><em>le r\u00e9partir sur les tomates et les courgettes.<\/em><\/span><\/span><\/span><\/p>\n<p style=\"text-align: center;\"><span style=\"color: #f28f44;\"><img loading=\"lazy\" decoding=\"async\" class=\"alignnone wp-image-25552\" src=\"http:\/\/recettes-gourmandes-de-joce.fr\/wp-content\/uploads\/2020\/10\/P5270855-150x150.jpg\" alt=\"\" width=\"214\" height=\"160\" srcset=\"http:\/\/recettes-gourmandes-de-joce.fr\/wp-content\/uploads\/2020\/10\/P5270855-300x225.jpg 300w, http:\/\/recettes-gourmandes-de-joce.fr\/wp-content\/uploads\/2020\/10\/P5270855.jpg 550w\" sizes=\"auto, (max-width: 214px) 100vw, 214px\" \/><\/span><\/p>\n<p style=\"text-align: center;\"><span style=\"font-family: georgia, serif; color: #f28f44;\"><span style=\"font-size: large;\"><em> Mettre <\/em><\/span><span style=\"font-size: large;\"><em>les chapeaux et r\u00e9partir autour des farcis la pulpe des tomates <span style=\"font-size: large;\"><em>et des courgettes <\/em><\/span>et enfourner environ 40 minutes \u00e0 200\u00b0 <\/em><\/span><span style=\"font-size: large;\"><em>selon les fours v\u00e9rifier et surveiller la cuisson<\/em><\/span><\/span><\/p>\n<p style=\"text-align: center;\"><span style=\"font-family: georgia, serif; color: #f28f44;\"><span style=\"font-size: x-large; text-decoration: underline;\"><em>Pr\u00e9parer la sauce<\/em><\/span><\/span><\/p>\n<p style=\"text-align: center;\"><span style=\"color: #f28f44;\"><img loading=\"lazy\" decoding=\"async\" class=\"alignnone wp-image-25558\" src=\"http:\/\/recettes-gourmandes-de-joce.fr\/wp-content\/uploads\/2020\/10\/courgettes_et_tomates_farcies_au_deux_saumons-150x150.jpg\" alt=\"\" width=\"214\" height=\"160\" srcset=\"http:\/\/recettes-gourmandes-de-joce.fr\/wp-content\/uploads\/2020\/10\/courgettes_et_tomates_farcies_au_deux_saumons-300x225.jpg 300w, http:\/\/recettes-gourmandes-de-joce.fr\/wp-content\/uploads\/2020\/10\/courgettes_et_tomates_farcies_au_deux_saumons.jpg 550w\" sizes=\"auto, (max-width: 214px) 100vw, 214px\" \/> <img loading=\"lazy\" decoding=\"async\" class=\"alignnone wp-image-25559\" src=\"http:\/\/recettes-gourmandes-de-joce.fr\/wp-content\/uploads\/2020\/10\/courgettes_et_tomates_farcies_au_deux_saumons1-150x150.jpg\" alt=\"\" width=\"214\" height=\"160\" srcset=\"http:\/\/recettes-gourmandes-de-joce.fr\/wp-content\/uploads\/2020\/10\/courgettes_et_tomates_farcies_au_deux_saumons1-300x225.jpg 300w, http:\/\/recettes-gourmandes-de-joce.fr\/wp-content\/uploads\/2020\/10\/courgettes_et_tomates_farcies_au_deux_saumons1.jpg 550w\" sizes=\"auto, (max-width: 214px) 100vw, 214px\" \/> <img loading=\"lazy\" decoding=\"async\" class=\"alignnone wp-image-25560\" src=\"http:\/\/recettes-gourmandes-de-joce.fr\/wp-content\/uploads\/2020\/10\/courgettes_et_tomates_farcies_au_deux_saumons2-150x150.jpg\" alt=\"\" width=\"214\" height=\"160\" srcset=\"http:\/\/recettes-gourmandes-de-joce.fr\/wp-content\/uploads\/2020\/10\/courgettes_et_tomates_farcies_au_deux_saumons2-300x225.jpg 300w, http:\/\/recettes-gourmandes-de-joce.fr\/wp-content\/uploads\/2020\/10\/courgettes_et_tomates_farcies_au_deux_saumons2.jpg 550w\" sizes=\"auto, (max-width: 214px) 100vw, 214px\" \/><\/span><\/p>\n<p style=\"text-align: center;\"><span style=\"color: #f28f44;\"><span style=\"font-family: georgia, serif; font-size: large;\"><em>Mettre du beurre \u00e0 fondre dans une po\u00eale et y mettre les <\/em><\/span><span style=\"font-family: georgia, serif; font-size: large;\"><em>pleurotes nettoy\u00e9es et coup\u00e9es, les saler et poivrer, les faire <\/em><\/span><span style=\"font-family: georgia, serif; font-size: large;\"><em>suer 3 minutes en les remuant souvent. Ajouter ensuite le <\/em><\/span><em><span style=\"font-family: georgia, serif; font-size: large;\">mascarpone<\/span><span style=\"font-family: georgia, serif; font-size: large;\">\u00a0et bien m\u00e9langer<\/span><\/em><span style=\"font-family: georgia, serif; font-size: large;\"><em>. <\/em><\/span><span style=\"font-family: georgia, serif; font-size: large;\"><em>Sortir les farcis du four, r\u00e9cup\u00e9rer 3 bonnes c \u00e0 s de jus <\/em><\/span><span style=\"font-family: georgia, serif; font-size: large;\"><em>de cuisson que vous ajouter aux pleurotes. M\u00e9langer et rectifier <\/em><\/span><span style=\"font-family: georgia, serif; font-size: large;\"><em>l&rsquo;assaisonnement. <\/em><\/span><\/span><\/p>\n<p style=\"text-align: center;\"><span style=\"color: #f28f44;\"><span style=\"font-family: georgia, serif; font-size: large;\"><em>Servir les farcis accompagn\u00e9s <\/em><\/span><span style=\"font-family: georgia, serif; font-size: large;\"><em>de la sauce aux champignons.<\/em><\/span><\/span><\/p>\n<p style=\"text-align: center;\"><span style=\"font-family: georgia, serif; color: #f28f44;\"><span style=\"font-size: large;\"><em>Bon app\u00e9tit!<\/em><\/span><\/span><\/p>\n<p style=\"text-align: center;\"><span style=\"color: #f28f44;\"><img loading=\"lazy\" decoding=\"async\" class=\"alignnone wp-image-25539\" src=\"http:\/\/recettes-gourmandes-de-joce.fr\/wp-content\/uploads\/2020\/10\/P5270888-150x150.jpg\" alt=\"\" width=\"155\" height=\"180\" srcset=\"http:\/\/recettes-gourmandes-de-joce.fr\/wp-content\/uploads\/2020\/10\/P5270888-259x300.jpg 259w, http:\/\/recettes-gourmandes-de-joce.fr\/wp-content\/uploads\/2020\/10\/P5270888.jpg 409w\" sizes=\"auto, (max-width: 155px) 100vw, 155px\" \/> <img loading=\"lazy\" decoding=\"async\" class=\"alignnone wp-image-25540\" src=\"http:\/\/recettes-gourmandes-de-joce.fr\/wp-content\/uploads\/2020\/10\/P5270889-150x150.jpg\" alt=\"\" width=\"240\" height=\"180\" srcset=\"http:\/\/recettes-gourmandes-de-joce.fr\/wp-content\/uploads\/2020\/10\/P5270889-300x225.jpg 300w, http:\/\/recettes-gourmandes-de-joce.fr\/wp-content\/uploads\/2020\/10\/P5270889.jpg 550w\" sizes=\"auto, (max-width: 240px) 100vw, 240px\" \/> <img loading=\"lazy\" decoding=\"async\" class=\"alignnone wp-image-25556\" src=\"http:\/\/recettes-gourmandes-de-joce.fr\/wp-content\/uploads\/2020\/10\/P5270882-150x150.jpg\" alt=\"\" width=\"240\" height=\"180\" srcset=\"http:\/\/recettes-gourmandes-de-joce.fr\/wp-content\/uploads\/2020\/10\/P5270882-300x225.jpg 300w, http:\/\/recettes-gourmandes-de-joce.fr\/wp-content\/uploads\/2020\/10\/P5270882.jpg 550w\" sizes=\"auto, (max-width: 240px) 100vw, 240px\" \/><\/span><\/p>\n<p style=\"text-align: center;\"><span style=\"color: #f28f44;\"><img loading=\"lazy\" decoding=\"async\" class=\"alignnone wp-image-24317 size-full\" src=\"http:\/\/recettes-gourmandes-de-joce.fr\/wp-content\/uploads\/2020\/07\/logitech-gaming-software-14112014-121223.jpg\" alt=\"\" width=\"640\" height=\"144\" srcset=\"http:\/\/recettes-gourmandes-de-joce.fr\/wp-content\/uploads\/2020\/07\/logitech-gaming-software-14112014-121223.jpg 640w, http:\/\/recettes-gourmandes-de-joce.fr\/wp-content\/uploads\/2020\/07\/logitech-gaming-software-14112014-121223-300x68.jpg 300w\" sizes=\"auto, (max-width: 640px) 100vw, 640px\" \/><\/span><\/p>\n","protected":false},"excerpt":{"rendered":"<p>Une de mes recettes Ingr\u00e9dients pour 4 personnes 200 g de saumon frais 4 tranches de saumon fum\u00e9 1 petit bouquet de ciboulette 1 petit bouquet de persil plat 1 \u00e9chalote 4 courgettes rondes de Nice 4 tomates (oubli\u00e9es sur la photos des ingr\u00e9dients ) 1 morceau de pecorino\u00a0ou parmesan ou gruy\u00e8re 250 g de &hellip; <\/p>\n<p><a class=\"more-link btn\" href=\"http:\/\/recettes-gourmandes-de-joce.fr\/index.php\/index\/legumes\/courgette\/courgettes-et-tomates-farcies-aux-deux-saumons-sauce-aux-pleurotes\/\">Lire la suite<\/a><\/p>\n","protected":false},"author":2,"featured_media":85733,"parent":996,"menu_order":0,"comment_status":"open","ping_status":"closed","template":"","meta":{"footnotes":""},"class_list":["post-25538","page","type-page","status-publish","has-post-thumbnail","hentry","nodate","item-wrap"],"_links":{"self":[{"href":"http:\/\/recettes-gourmandes-de-joce.fr\/index.php\/wp-json\/wp\/v2\/pages\/25538","targetHints":{"allow":["GET"]}}],"collection":[{"href":"http:\/\/recettes-gourmandes-de-joce.fr\/index.php\/wp-json\/wp\/v2\/pages"}],"about":[{"href":"http:\/\/recettes-gourmandes-de-joce.fr\/index.php\/wp-json\/wp\/v2\/types\/page"}],"author":[{"embeddable":true,"href":"http:\/\/recettes-gourmandes-de-joce.fr\/index.php\/wp-json\/wp\/v2\/users\/2"}],"replies":[{"embeddable":true,"href":"http:\/\/recettes-gourmandes-de-joce.fr\/index.php\/wp-json\/wp\/v2\/comments?post=25538"}],"version-history":[{"count":4,"href":"http:\/\/recettes-gourmandes-de-joce.fr\/index.php\/wp-json\/wp\/v2\/pages\/25538\/revisions"}],"predecessor-version":[{"id":85734,"href":"http:\/\/recettes-gourmandes-de-joce.fr\/index.php\/wp-json\/wp\/v2\/pages\/25538\/revisions\/85734"}],"up":[{"embeddable":true,"href":"http:\/\/recettes-gourmandes-de-joce.fr\/index.php\/wp-json\/wp\/v2\/pages\/996"}],"wp:featuredmedia":[{"embeddable":true,"href":"http:\/\/recettes-gourmandes-de-joce.fr\/index.php\/wp-json\/wp\/v2\/media\/85733"}],"wp:attachment":[{"href":"http:\/\/recettes-gourmandes-de-joce.fr\/index.php\/wp-json\/wp\/v2\/media?parent=25538"}],"curies":[{"name":"wp","href":"https:\/\/api.w.org\/{rel}","templated":true}]}}