{"id":2528,"date":"2019-10-03T09:35:15","date_gmt":"2019-10-03T09:35:15","guid":{"rendered":"http:\/\/recettes-gourmandes-de-joce.fr\/?page_id=2528"},"modified":"2024-06-15T20:50:54","modified_gmt":"2024-06-15T20:50:54","slug":"cake-au-chevre-et-a-la-fondue-de-poireaux-aux-lardons","status":"publish","type":"page","link":"http:\/\/recettes-gourmandes-de-joce.fr\/index.php\/index\/entrees\/cakes-sales\/cake-au-chevre-et-a-la-fondue-de-poireaux-aux-lardons\/","title":{"rendered":"Cake au ch\u00e8vre et \u00e0 la fondue de poireaux aux lardons."},"content":{"rendered":"<p style=\"text-align: center;\"><span style=\"color: #800080;\"><span style=\"font-size: 24px;\"><span style=\"font-family: georgia,serif;\"><u><em>Une de mes recettes<\/em><\/u><\/span><\/span><\/span><\/p>\n<p style=\"text-align: center;\"><span style=\"color: #800080;\"><img loading=\"lazy\" decoding=\"async\" class=\"alignnone wp-image-52797\" src=\"http:\/\/recettes-gourmandes-de-joce.fr\/wp-content\/uploads\/2023\/04\/cake-chevre3-300x252.jpg\" alt=\"\" width=\"215\" height=\"180\" srcset=\"http:\/\/recettes-gourmandes-de-joce.fr\/wp-content\/uploads\/2023\/04\/cake-chevre3-300x252.jpg 300w, http:\/\/recettes-gourmandes-de-joce.fr\/wp-content\/uploads\/2023\/04\/cake-chevre3.jpg 640w\" sizes=\"auto, (max-width: 215px) 100vw, 215px\" \/> <img loading=\"lazy\" decoding=\"async\" class=\"alignnone wp-image-52796\" src=\"http:\/\/recettes-gourmandes-de-joce.fr\/wp-content\/uploads\/2023\/04\/cake-chevre2-300x215.jpg\" alt=\"\" width=\"252\" height=\"180\" srcset=\"http:\/\/recettes-gourmandes-de-joce.fr\/wp-content\/uploads\/2023\/04\/cake-chevre2-300x215.jpg 300w, http:\/\/recettes-gourmandes-de-joce.fr\/wp-content\/uploads\/2023\/04\/cake-chevre2.jpg 640w\" sizes=\"auto, (max-width: 252px) 100vw, 252px\" \/> <img loading=\"lazy\" decoding=\"async\" class=\"alignnone wp-image-52795\" src=\"http:\/\/recettes-gourmandes-de-joce.fr\/wp-content\/uploads\/2023\/04\/cake-chevre1-300x300.jpg\" alt=\"\" width=\"181\" height=\"180\" srcset=\"http:\/\/recettes-gourmandes-de-joce.fr\/wp-content\/uploads\/2023\/04\/cake-chevre1-300x300.jpg 300w, http:\/\/recettes-gourmandes-de-joce.fr\/wp-content\/uploads\/2023\/04\/cake-chevre1-160x160.jpg 160w, http:\/\/recettes-gourmandes-de-joce.fr\/wp-content\/uploads\/2023\/04\/cake-chevre1.jpg 640w\" sizes=\"auto, (max-width: 181px) 100vw, 181px\" \/><\/span><\/p>\n<p style=\"text-align: center;\"><span style=\"color: #800080;\"><span style=\"font-size: 24px;\"><span style=\"font-family: georgia,serif;\"><u><em>Ingr\u00e9dients<\/em><\/u><\/span><\/span><\/span><\/p>\n<p><span style=\"color: #800080;\">\u00a0 \u00a0 \u00a0 \u00a0 \u00a0 \u00a0 \u00a0 \u00a0 \u00a0 \u00a0 \u00a0 \u00a0 \u00a0 \u00a0 \u00a0 \u00a0 <img loading=\"lazy\" decoding=\"async\" class=\"alignnone wp-image-52798\" src=\"http:\/\/recettes-gourmandes-de-joce.fr\/wp-content\/uploads\/2023\/04\/cake-chevre4-300x182.jpg\" alt=\"\" width=\"330\" height=\"200\" srcset=\"http:\/\/recettes-gourmandes-de-joce.fr\/wp-content\/uploads\/2023\/04\/cake-chevre4-300x182.jpg 300w, http:\/\/recettes-gourmandes-de-joce.fr\/wp-content\/uploads\/2023\/04\/cake-chevre4.jpg 640w\" sizes=\"auto, (max-width: 330px) 100vw, 330px\" \/> <img loading=\"lazy\" decoding=\"async\" class=\"alignnone wp-image-52906\" src=\"http:\/\/recettes-gourmandes-de-joce.fr\/wp-content\/uploads\/2023\/04\/cake-courgette4a-300x265.jpg\" alt=\"\" width=\"226\" height=\"200\" srcset=\"http:\/\/recettes-gourmandes-de-joce.fr\/wp-content\/uploads\/2023\/04\/cake-courgette4a-300x265.jpg 300w, http:\/\/recettes-gourmandes-de-joce.fr\/wp-content\/uploads\/2023\/04\/cake-courgette4a.jpg 515w\" sizes=\"auto, (max-width: 226px) 100vw, 226px\" \/><\/span><\/p>\n<p style=\"text-align: center;\"><span style=\"color: #800080; font-size: 14pt;\"><span style=\"font-family: georgia,serif;\"><em>1 poireaux<\/em><\/span><\/span><\/p>\n<p style=\"text-align: center;\"><span style=\"color: #800080; font-size: 14pt;\"><span style=\"font-family: georgia,serif;\"><em>1 b\u00fbche de ch\u00e8vre<\/em><\/span><\/span><\/p>\n<p style=\"text-align: center;\"><span style=\"color: #800080; font-size: 14pt;\"><span style=\"font-family: georgia,serif;\"><em>100g de lardons fum\u00e9s<\/em><\/span><\/span><\/p>\n<p style=\"text-align: center;\"><span style=\"color: #800080; font-size: 14pt;\"><span style=\"font-family: georgia,serif;\"><em>1 c \u00e0 c rase de piment d&rsquo;Espelette<\/em><\/span><\/span><\/p>\n<p style=\"text-align: center;\"><span style=\"color: #800080; font-size: 14pt;\"><span style=\"font-family: georgia,serif;\"><em>1 morceau de beurre<\/em><\/span><\/span><\/p>\n<p style=\"text-align: center;\"><span style=\"font-size: 14pt; color: #800080;\"><span style=\"font-family: georgia,serif;\"><em>Recette et ingr\u00e9dients\u00a0 de la base du cake sur ce lien -&gt;\u00a0 <a href=\"http:\/\/recettes-gourmandes-de-joce.fr\/index.php\/index\/entrees\/cakes-sales\/pate-a-cake-sale-de-base\/\"><span style=\"color: #ff0000;\">Cake de base <\/span><img loading=\"lazy\" decoding=\"async\" class=\"alignnone size-thumbnail wp-image-14662\" src=\"http:\/\/recettes-gourmandes-de-joce.fr\/wp-content\/uploads\/2020\/01\/cake_au_saumon_frais_persil_aneth_et_citron_01-150x150.jpg\" alt=\"\" width=\"150\" height=\"150\" \/><\/a>\u200b<\/em><\/span><\/span><\/p>\n<p style=\"text-align: center;\"><span style=\"color: #800080;\"><img loading=\"lazy\" decoding=\"async\" class=\"alignnone wp-image-52799\" src=\"http:\/\/recettes-gourmandes-de-joce.fr\/wp-content\/uploads\/2023\/04\/cake-chevre5-300x209.jpg\" alt=\"\" width=\"237\" height=\"165\" srcset=\"http:\/\/recettes-gourmandes-de-joce.fr\/wp-content\/uploads\/2023\/04\/cake-chevre5-300x209.jpg 300w, http:\/\/recettes-gourmandes-de-joce.fr\/wp-content\/uploads\/2023\/04\/cake-chevre5.jpg 640w\" sizes=\"auto, (max-width: 237px) 100vw, 237px\" \/> <img loading=\"lazy\" decoding=\"async\" class=\"alignnone wp-image-52801\" src=\"http:\/\/recettes-gourmandes-de-joce.fr\/wp-content\/uploads\/2023\/04\/cake-chevre7-300x200.jpg\" alt=\"\" width=\"247\" height=\"165\" srcset=\"http:\/\/recettes-gourmandes-de-joce.fr\/wp-content\/uploads\/2023\/04\/cake-chevre7-300x200.jpg 300w, http:\/\/recettes-gourmandes-de-joce.fr\/wp-content\/uploads\/2023\/04\/cake-chevre7.jpg 640w\" sizes=\"auto, (max-width: 247px) 100vw, 247px\" \/> <img loading=\"lazy\" decoding=\"async\" class=\"alignnone wp-image-52802\" src=\"http:\/\/recettes-gourmandes-de-joce.fr\/wp-content\/uploads\/2023\/04\/cake-chevre8-300x200.jpg\" alt=\"\" width=\"247\" height=\"165\" srcset=\"http:\/\/recettes-gourmandes-de-joce.fr\/wp-content\/uploads\/2023\/04\/cake-chevre8-300x200.jpg 300w, http:\/\/recettes-gourmandes-de-joce.fr\/wp-content\/uploads\/2023\/04\/cake-chevre8.jpg 640w\" sizes=\"auto, (max-width: 247px) 100vw, 247px\" \/><\/span><\/p>\n<p style=\"text-align: center;\"><span style=\"color: #800080; font-size: 14pt;\"><span style=\"font-family: georgia,serif;\"><em>Couper 8 tranches de b\u00fbche de ch\u00e8vre d&rsquo;environ 1 cm d&rsquo;\u00e9paisseur, laver le poireau et hachez-le finement. Pr\u00e9chauffer le four \u00e0 200\u00b0. Dans une po\u00eale mettre le beurre \u00e0 fondre sans coloration.<\/em><\/span><\/span><\/p>\n<p style=\"text-align: center;\"><span style=\"color: #800080;\"><img loading=\"lazy\" decoding=\"async\" class=\"alignnone wp-image-52788\" src=\"http:\/\/recettes-gourmandes-de-joce.fr\/wp-content\/uploads\/2023\/04\/cake-chevre9-300x200.jpg\" alt=\"\" width=\"247\" height=\"165\" srcset=\"http:\/\/recettes-gourmandes-de-joce.fr\/wp-content\/uploads\/2023\/04\/cake-chevre9-300x200.jpg 300w, http:\/\/recettes-gourmandes-de-joce.fr\/wp-content\/uploads\/2023\/04\/cake-chevre9.jpg 640w\" sizes=\"auto, (max-width: 247px) 100vw, 247px\" \/> <img loading=\"lazy\" decoding=\"async\" class=\"alignnone wp-image-52800\" src=\"http:\/\/recettes-gourmandes-de-joce.fr\/wp-content\/uploads\/2023\/04\/cake-chevre6-300x244.jpg\" alt=\"\" width=\"203\" height=\"165\" srcset=\"http:\/\/recettes-gourmandes-de-joce.fr\/wp-content\/uploads\/2023\/04\/cake-chevre6-300x244.jpg 300w, http:\/\/recettes-gourmandes-de-joce.fr\/wp-content\/uploads\/2023\/04\/cake-chevre6.jpg 640w\" sizes=\"auto, (max-width: 203px) 100vw, 203px\" \/>\u00a0<img loading=\"lazy\" decoding=\"async\" class=\"alignnone wp-image-52789\" src=\"http:\/\/recettes-gourmandes-de-joce.fr\/wp-content\/uploads\/2023\/04\/cake-chevre10-300x200.jpg\" alt=\"\" width=\"247\" height=\"165\" srcset=\"http:\/\/recettes-gourmandes-de-joce.fr\/wp-content\/uploads\/2023\/04\/cake-chevre10-300x200.jpg 300w, http:\/\/recettes-gourmandes-de-joce.fr\/wp-content\/uploads\/2023\/04\/cake-chevre10.jpg 640w\" sizes=\"auto, (max-width: 247px) 100vw, 247px\" \/><\/span><\/p>\n<p style=\"text-align: center;\"><span style=\"color: #800080;\"><span style=\"font-size: 14pt;\"><span style=\"font-family: georgia,serif;\"><em>Ajouter les poireaux, saler l\u00e9g\u00e8rement et poivrer. Laisser mijoter \u00e0 feu doux environ 5 bonnes minutes en remuant de temps en temps. Ajouter ensuit les lardons, m\u00e9langer et les cuire environ 1 minute en remuant. Laisser refroidir un peu le m\u00e9lange le temps de r<\/em><\/span><\/span><em style=\"font-family: georgia, serif; font-size: 18.6667px;\">\u00e9alisez votre p\u00e2te de base, ajouter ensuite le piment d&rsquo;Espelette et m\u00e9langer, <\/em><em style=\"font-family: georgia, serif; font-size: 14pt;\">puis le m\u00e9lange lardons\/poireaux, bien m\u00e9langer.<\/em><\/span><\/p>\n<p style=\"text-align: center;\"><span style=\"color: #800080;\"><img loading=\"lazy\" decoding=\"async\" class=\"alignnone wp-image-52790\" src=\"http:\/\/recettes-gourmandes-de-joce.fr\/wp-content\/uploads\/2023\/04\/cake-chevre11-300x200.jpg\" alt=\"\" width=\"247\" height=\"165\" srcset=\"http:\/\/recettes-gourmandes-de-joce.fr\/wp-content\/uploads\/2023\/04\/cake-chevre11-300x200.jpg 300w, http:\/\/recettes-gourmandes-de-joce.fr\/wp-content\/uploads\/2023\/04\/cake-chevre11.jpg 640w\" sizes=\"auto, (max-width: 247px) 100vw, 247px\" \/> <img loading=\"lazy\" decoding=\"async\" class=\"alignnone wp-image-52791\" src=\"http:\/\/recettes-gourmandes-de-joce.fr\/wp-content\/uploads\/2023\/04\/cake-chevre12-300x200.jpg\" alt=\"\" width=\"247\" height=\"165\" srcset=\"http:\/\/recettes-gourmandes-de-joce.fr\/wp-content\/uploads\/2023\/04\/cake-chevre12-300x200.jpg 300w, http:\/\/recettes-gourmandes-de-joce.fr\/wp-content\/uploads\/2023\/04\/cake-chevre12.jpg 640w\" sizes=\"auto, (max-width: 247px) 100vw, 247px\" \/> <img loading=\"lazy\" decoding=\"async\" class=\"alignnone wp-image-52792\" src=\"http:\/\/recettes-gourmandes-de-joce.fr\/wp-content\/uploads\/2023\/04\/cake-chevre13-300x200.jpg\" alt=\"\" width=\"247\" height=\"165\" srcset=\"http:\/\/recettes-gourmandes-de-joce.fr\/wp-content\/uploads\/2023\/04\/cake-chevre13-300x200.jpg 300w, http:\/\/recettes-gourmandes-de-joce.fr\/wp-content\/uploads\/2023\/04\/cake-chevre13.jpg 640w\" sizes=\"auto, (max-width: 247px) 100vw, 247px\" \/><\/span><\/p>\n<p style=\"text-align: center;\"><span style=\"color: #800080; font-size: 14pt;\"><span style=\"font-family: georgia,serif;\"><em>Verser votre p\u00e2te dans un moule \u00e0 cake beurr\u00e9 et farin\u00e9 <u>si, il n&rsquo;est pas en silicone<\/u>, r\u00e9partir les tranches de ch\u00e8vre verticalement et \u00e0 intervalles r\u00e9guliers. Enfourner \u00e0 200\u00b0 environ 35 minutes selon les fours, surveiller la cuisson et la coloration.\u00a0<\/em><\/span><\/span><\/p>\n<p style=\"text-align: center;\"><span style=\"color: #800080;\"><img loading=\"lazy\" decoding=\"async\" class=\"alignnone wp-image-52793\" src=\"http:\/\/recettes-gourmandes-de-joce.fr\/wp-content\/uploads\/2023\/04\/cake-chevre14-300x200.jpg\" alt=\"\" width=\"247\" height=\"165\" srcset=\"http:\/\/recettes-gourmandes-de-joce.fr\/wp-content\/uploads\/2023\/04\/cake-chevre14-300x200.jpg 300w, http:\/\/recettes-gourmandes-de-joce.fr\/wp-content\/uploads\/2023\/04\/cake-chevre14.jpg 640w\" sizes=\"auto, (max-width: 247px) 100vw, 247px\" \/><\/span><\/p>\n<p style=\"text-align: center;\"><span style=\"color: #800080; font-size: 14pt;\"><span style=\"font-family: georgia,serif;\"><em>Lorsqu&rsquo;il est cuit, laissez le refroidir un peu avant de le d\u00e9mouler sur une grille pour un complet refroidissement si vous le d\u00e9gustez froid.<\/em><\/span><\/span><\/p>\n<p style=\"text-align: center;\"><span style=\"font-size: 14pt; color: #800080;\"><span style=\"font-family: georgia,serif;\"><em>Bon app\u00e9tit!<\/em><\/span><\/span><\/p>\n<p style=\"text-align: center;\"><span style=\"color: #800080;\"><img loading=\"lazy\" decoding=\"async\" class=\"alignnone wp-image-52796\" src=\"http:\/\/recettes-gourmandes-de-joce.fr\/wp-content\/uploads\/2023\/04\/cake-chevre2-300x215.jpg\" alt=\"\" width=\"252\" height=\"180\" srcset=\"http:\/\/recettes-gourmandes-de-joce.fr\/wp-content\/uploads\/2023\/04\/cake-chevre2-300x215.jpg 300w, http:\/\/recettes-gourmandes-de-joce.fr\/wp-content\/uploads\/2023\/04\/cake-chevre2.jpg 640w\" sizes=\"auto, (max-width: 252px) 100vw, 252px\" \/> <img loading=\"lazy\" decoding=\"async\" class=\"alignnone wp-image-52797\" src=\"http:\/\/recettes-gourmandes-de-joce.fr\/wp-content\/uploads\/2023\/04\/cake-chevre3-300x252.jpg\" alt=\"\" width=\"215\" height=\"180\" srcset=\"http:\/\/recettes-gourmandes-de-joce.fr\/wp-content\/uploads\/2023\/04\/cake-chevre3-300x252.jpg 300w, http:\/\/recettes-gourmandes-de-joce.fr\/wp-content\/uploads\/2023\/04\/cake-chevre3.jpg 640w\" sizes=\"auto, (max-width: 215px) 100vw, 215px\" \/> <img loading=\"lazy\" decoding=\"async\" class=\"alignnone wp-image-52794\" src=\"http:\/\/recettes-gourmandes-de-joce.fr\/wp-content\/uploads\/2023\/04\/cake-chevre15-300x200.jpg\" alt=\"\" width=\"270\" height=\"180\" srcset=\"http:\/\/recettes-gourmandes-de-joce.fr\/wp-content\/uploads\/2023\/04\/cake-chevre15-300x200.jpg 300w, http:\/\/recettes-gourmandes-de-joce.fr\/wp-content\/uploads\/2023\/04\/cake-chevre15.jpg 640w\" sizes=\"auto, (max-width: 270px) 100vw, 270px\" \/><\/span><\/p>\n<p style=\"text-align: center;\"><span style=\"font-size: 24px; color: #800080;\"><span style=\"font-family: georgia,serif;\"><img loading=\"lazy\" decoding=\"async\" class=\"alignnone wp-image-44943 size-full\" src=\"http:\/\/recettes-gourmandes-de-joce.fr\/wp-content\/uploads\/2022\/05\/logitech-gaming-software-14112014-121223.jpg\" alt=\"\" width=\"640\" height=\"144\" srcset=\"http:\/\/recettes-gourmandes-de-joce.fr\/wp-content\/uploads\/2022\/05\/logitech-gaming-software-14112014-121223.jpg 640w, http:\/\/recettes-gourmandes-de-joce.fr\/wp-content\/uploads\/2022\/05\/logitech-gaming-software-14112014-121223-300x68.jpg 300w\" sizes=\"auto, (max-width: 640px) 100vw, 640px\" \/><\/span><\/span><\/p>\n","protected":false},"excerpt":{"rendered":"<p>Une de mes recettes Ingr\u00e9dients \u00a0 \u00a0 \u00a0 \u00a0 \u00a0 \u00a0 \u00a0 \u00a0 \u00a0 \u00a0 \u00a0 \u00a0 \u00a0 \u00a0 \u00a0 \u00a0 1 poireaux 1 b\u00fbche de ch\u00e8vre 100g de lardons fum\u00e9s 1 c \u00e0 c rase de piment d&rsquo;Espelette 1 morceau de beurre Recette et ingr\u00e9dients\u00a0 de la base du cake sur ce lien -&gt;\u00a0 &hellip; <\/p>\n<p><a class=\"more-link btn\" href=\"http:\/\/recettes-gourmandes-de-joce.fr\/index.php\/index\/entrees\/cakes-sales\/cake-au-chevre-et-a-la-fondue-de-poireaux-aux-lardons\/\">Lire la suite<\/a><\/p>\n","protected":false},"author":2,"featured_media":83796,"parent":891,"menu_order":0,"comment_status":"open","ping_status":"closed","template":"","meta":{"footnotes":""},"class_list":["post-2528","page","type-page","status-publish","has-post-thumbnail","hentry","nodate","item-wrap"],"_links":{"self":[{"href":"http:\/\/recettes-gourmandes-de-joce.fr\/index.php\/wp-json\/wp\/v2\/pages\/2528","targetHints":{"allow":["GET"]}}],"collection":[{"href":"http:\/\/recettes-gourmandes-de-joce.fr\/index.php\/wp-json\/wp\/v2\/pages"}],"about":[{"href":"http:\/\/recettes-gourmandes-de-joce.fr\/index.php\/wp-json\/wp\/v2\/types\/page"}],"author":[{"embeddable":true,"href":"http:\/\/recettes-gourmandes-de-joce.fr\/index.php\/wp-json\/wp\/v2\/users\/2"}],"replies":[{"embeddable":true,"href":"http:\/\/recettes-gourmandes-de-joce.fr\/index.php\/wp-json\/wp\/v2\/comments?post=2528"}],"version-history":[{"count":6,"href":"http:\/\/recettes-gourmandes-de-joce.fr\/index.php\/wp-json\/wp\/v2\/pages\/2528\/revisions"}],"predecessor-version":[{"id":83797,"href":"http:\/\/recettes-gourmandes-de-joce.fr\/index.php\/wp-json\/wp\/v2\/pages\/2528\/revisions\/83797"}],"up":[{"embeddable":true,"href":"http:\/\/recettes-gourmandes-de-joce.fr\/index.php\/wp-json\/wp\/v2\/pages\/891"}],"wp:featuredmedia":[{"embeddable":true,"href":"http:\/\/recettes-gourmandes-de-joce.fr\/index.php\/wp-json\/wp\/v2\/media\/83796"}],"wp:attachment":[{"href":"http:\/\/recettes-gourmandes-de-joce.fr\/index.php\/wp-json\/wp\/v2\/media?parent=2528"}],"curies":[{"name":"wp","href":"https:\/\/api.w.org\/{rel}","templated":true}]}}