{"id":25208,"date":"2020-09-11T13:28:00","date_gmt":"2020-09-11T13:28:00","guid":{"rendered":"http:\/\/recettes-gourmandes-de-joce.fr\/?page_id=25208"},"modified":"2024-07-15T18:06:07","modified_gmt":"2024-07-15T18:06:07","slug":"pate-a-sel-et-realisations-de-decorations-de-noel","status":"publish","type":"page","link":"http:\/\/recettes-gourmandes-de-joce.fr\/index.php\/index-divers\/decorations-de-table\/creations-de-decorations-de-table\/pate-a-sel-et-realisations-de-decorations-de-noel\/","title":{"rendered":"P\u00e2te \u00e0 sel et r\u00e9alisations de d\u00e9corations de No\u00ebl."},"content":{"rendered":"<div>\n<p style=\"text-align: center;\"><span style=\"font-family: georgia,serif;\"><span style=\"color: #008000; text-decoration: underline;\"><span style=\"font-size: x-large;\"><em>P\u00e2te \u00e0 sel, d\u00e9corations de table de No\u00ebl<\/em><\/span><\/span><\/span><\/p>\n<\/div>\n<p style=\"text-align: center;\"><span style=\"font-family: georgia,serif;\"><span style=\"color: #008000; text-decoration: underline;\"><span style=\"font-size: x-large;\"><em>Mes cr\u00e9ations<\/em><\/span><\/span><\/span><\/p>\n<p style=\"text-align: center;\"><img loading=\"lazy\" decoding=\"async\" class=\"alignnone wp-image-25215\" src=\"http:\/\/recettes-gourmandes-de-joce.fr\/wp-content\/uploads\/2020\/09\/pc020100-1-150x150.jpg\" alt=\"\" width=\"217\" height=\"180\" srcset=\"http:\/\/recettes-gourmandes-de-joce.fr\/wp-content\/uploads\/2020\/09\/pc020100-1-300x249.jpg 300w, http:\/\/recettes-gourmandes-de-joce.fr\/wp-content\/uploads\/2020\/09\/pc020100-1-768x638.jpg 768w, http:\/\/recettes-gourmandes-de-joce.fr\/wp-content\/uploads\/2020\/09\/pc020100-1-750x623.jpg 750w, http:\/\/recettes-gourmandes-de-joce.fr\/wp-content\/uploads\/2020\/09\/pc020100-1.jpg 781w\" sizes=\"auto, (max-width: 217px) 100vw, 217px\" \/> <img loading=\"lazy\" decoding=\"async\" class=\"alignnone wp-image-25217\" src=\"http:\/\/recettes-gourmandes-de-joce.fr\/wp-content\/uploads\/2020\/09\/pc180090-150x150.jpg\" alt=\"\" width=\"242\" height=\"180\" srcset=\"http:\/\/recettes-gourmandes-de-joce.fr\/wp-content\/uploads\/2020\/09\/pc180090-300x224.jpg 300w, http:\/\/recettes-gourmandes-de-joce.fr\/wp-content\/uploads\/2020\/09\/pc180090-768x572.jpg 768w, http:\/\/recettes-gourmandes-de-joce.fr\/wp-content\/uploads\/2020\/09\/pc180090-750x559.jpg 750w, http:\/\/recettes-gourmandes-de-joce.fr\/wp-content\/uploads\/2020\/09\/pc180090.jpg 800w\" sizes=\"auto, (max-width: 242px) 100vw, 242px\" \/> <img loading=\"lazy\" decoding=\"async\" class=\"alignnone wp-image-25211\" src=\"http:\/\/recettes-gourmandes-de-joce.fr\/wp-content\/uploads\/2020\/09\/pc020077-150x150.jpg\" alt=\"\" width=\"149\" height=\"180\" srcset=\"http:\/\/recettes-gourmandes-de-joce.fr\/wp-content\/uploads\/2020\/09\/pc020077-248x300.jpg 248w, http:\/\/recettes-gourmandes-de-joce.fr\/wp-content\/uploads\/2020\/09\/pc020077.jpg 588w\" sizes=\"auto, (max-width: 149px) 100vw, 149px\" \/><\/p>\n<p style=\"text-align: center;\"><span style=\"font-family: georgia,serif;\"><span style=\"color: #008000; text-decoration: underline;\"><span style=\"font-size: x-large;\"><em>Pour r\u00e9aliser mes d\u00e9corations j&rsquo;ai eu besoin de: <\/em><\/span><\/span><\/span><\/p>\n<p style=\"text-align: center;\"><img loading=\"lazy\" decoding=\"async\" class=\"alignnone wp-image-25233\" src=\"http:\/\/recettes-gourmandes-de-joce.fr\/wp-content\/uploads\/2020\/09\/pc010164-150x150.jpg\" alt=\"\" width=\"276\" height=\"180\" srcset=\"http:\/\/recettes-gourmandes-de-joce.fr\/wp-content\/uploads\/2020\/09\/pc010164-300x195.jpg 300w, http:\/\/recettes-gourmandes-de-joce.fr\/wp-content\/uploads\/2020\/09\/pc010164-768x500.jpg 768w, http:\/\/recettes-gourmandes-de-joce.fr\/wp-content\/uploads\/2020\/09\/pc010164-750x489.jpg 750w, http:\/\/recettes-gourmandes-de-joce.fr\/wp-content\/uploads\/2020\/09\/pc010164.jpg 789w\" sizes=\"auto, (max-width: 276px) 100vw, 276px\" \/><\/p>\n<p style=\"text-align: center;\"><span style=\"font-size: 22px;\"><span style=\"color: #008000;\"><u><span style=\"font-family: georgia,serif;\"><em>P\u00e2te \u00e0 sel<\/em><\/span><\/u><\/span><\/span><\/p>\n<p style=\"text-align: center;\"><span style=\"font-size: 20px;\"><span style=\"font-family: georgia,serif;\"><span style=\"color: #008000;\"><em>1 verre de sel fin<\/em><\/span><\/span><\/span><\/p>\n<p style=\"text-align: center;\"><span style=\"font-size: 20px;\"><span style=\"font-family: georgia,serif;\"><span style=\"color: #008000;\"><em>1 verre d&rsquo;eau ti\u00e8de<\/em><\/span><\/span><\/span><\/p>\n<p style=\"text-align: center;\"><span style=\"font-size: 20px;\"><span style=\"font-family: georgia,serif;\"><span style=\"color: #008000;\"><em>2 verres de farine ordinaire<\/em><\/span><\/span><\/span><\/p>\n<p style=\"text-align: center;\"><img loading=\"lazy\" decoding=\"async\" class=\"alignnone wp-image-25216\" src=\"http:\/\/recettes-gourmandes-de-joce.fr\/wp-content\/uploads\/2020\/09\/pc180085-150x150.jpg\" alt=\"\" width=\"239\" height=\"180\" srcset=\"http:\/\/recettes-gourmandes-de-joce.fr\/wp-content\/uploads\/2020\/09\/pc180085-300x226.jpg 300w, http:\/\/recettes-gourmandes-de-joce.fr\/wp-content\/uploads\/2020\/09\/pc180085.jpg 727w\" sizes=\"auto, (max-width: 239px) 100vw, 239px\" \/><\/p>\n<p style=\"text-align: center;\"><span style=\"font-size: 22px;\"><span style=\"color: #008000;\"><u><span style=\"font-family: georgia,serif;\"><em>Fournitures<\/em><\/span><\/u><\/span><\/span><\/p>\n<p style=\"text-align: center;\"><span style=\"font-size: 20px;\"><span style=\"font-family: georgia,serif;\"><span style=\"color: #008000;\"><em>Peinture<\/em><\/span><\/span><\/span><\/p>\n<p style=\"text-align: center;\"><span style=\"font-size: 20px;\"><span style=\"font-family: georgia,serif;\"><span style=\"color: #008000;\"><em>Pinceau<\/em><\/span><\/span><\/span><\/p>\n<p style=\"text-align: center;\"><span style=\"font-size: 20px;\"><span style=\"font-family: georgia,serif;\"><span style=\"color: #008000;\"><em>Colle forte<\/em><\/span><\/span><\/span><\/p>\n<p style=\"text-align: center;\"><span style=\"font-size: 20px;\"><span style=\"font-family: georgia,serif;\"><span style=\"color: #008000;\"><em>Rubans divers<\/em><\/span><\/span><\/span><\/p>\n<p style=\"text-align: center;\"><span style=\"font-size: 20px;\"><span style=\"font-family: georgia,serif;\"><span style=\"color: #008000;\"><em>Ciseaux<\/em><\/span><\/span><\/span><br \/>\n<span style=\"font-size: 20px;\"><span style=\"font-family: georgia,serif;\"><span style=\"color: #008000;\"><em>Paillettes or et argents<\/em><\/span><\/span><\/span><\/p>\n<p style=\"text-align: center;\"><span style=\"font-size: 20px;\"><span style=\"font-family: georgia,serif;\"><span style=\"color: #008000;\"><em>Paillettes \u00e9toiles<\/em><\/span><\/span><\/span><\/p>\n<p style=\"text-align: center;\"><span style=\"font-size: 20px;\"><span style=\"font-family: georgia,serif;\"><span style=\"color: #008000;\"><em>Vernis colle<\/em><\/span><\/span><\/span><\/p>\n<p style=\"text-align: center;\"><span style=\"font-size: 20px;\"><span style=\"font-family: georgia,serif;\"><span style=\"color: #008000;\"><em>1 grille <\/em><\/span><\/span><\/span><\/p>\n<p style=\"text-align: center;\"><span style=\"font-size: 20px;\"><span style=\"font-family: georgia,serif;\"><span style=\"color: #008000;\"><em>Des emporte-pi\u00e8ces <\/em><\/span><\/span><\/span><span style=\"font-size: 20px;\"><span style=\"font-family: georgia,serif;\"><span style=\"color: #008000;\"><em>et important de la patience \ud83d\ude09<\/em><\/span><\/span><\/span><\/p>\n<p style=\"text-align: center;\"><img loading=\"lazy\" decoding=\"async\" class=\"alignnone wp-image-25220\" src=\"http:\/\/recettes-gourmandes-de-joce.fr\/wp-content\/uploads\/2020\/09\/pc010001-150x150.jpg\" alt=\"\" width=\"149\" height=\"155\" srcset=\"http:\/\/recettes-gourmandes-de-joce.fr\/wp-content\/uploads\/2020\/09\/pc010001-288x300.jpg 288w, http:\/\/recettes-gourmandes-de-joce.fr\/wp-content\/uploads\/2020\/09\/pc010001.jpg 600w\" sizes=\"auto, (max-width: 149px) 100vw, 149px\" \/> <img loading=\"lazy\" decoding=\"async\" class=\"alignnone wp-image-25221\" src=\"http:\/\/recettes-gourmandes-de-joce.fr\/wp-content\/uploads\/2020\/09\/pc010002-150x150.jpg\" alt=\"\" width=\"202\" height=\"155\" srcset=\"http:\/\/recettes-gourmandes-de-joce.fr\/wp-content\/uploads\/2020\/09\/pc010002-300x230.jpg 300w, http:\/\/recettes-gourmandes-de-joce.fr\/wp-content\/uploads\/2020\/09\/pc010002.jpg 661w\" sizes=\"auto, (max-width: 202px) 100vw, 202px\" \/> <img loading=\"lazy\" decoding=\"async\" class=\"alignnone wp-image-25223\" src=\"http:\/\/recettes-gourmandes-de-joce.fr\/wp-content\/uploads\/2020\/09\/pc010003-150x150.jpg\" alt=\"\" width=\"136\" height=\"155\" srcset=\"http:\/\/recettes-gourmandes-de-joce.fr\/wp-content\/uploads\/2020\/09\/pc010003-263x300.jpg 263w, http:\/\/recettes-gourmandes-de-joce.fr\/wp-content\/uploads\/2020\/09\/pc010003.jpg 546w\" sizes=\"auto, (max-width: 136px) 100vw, 136px\" \/><\/p>\n<p style=\"text-align: center;\"><span style=\"font-size: 20px;\"><span style=\"font-family: georgia,serif;\"><em><span style=\"color: #008000;\">Verser 1 verre de sel fin dans un saladier, ajoutez un verre d&rsquo;eau ti\u00e8de. <\/span><\/em><\/span><\/span><\/p>\n<p style=\"text-align: center;\"><img loading=\"lazy\" decoding=\"async\" class=\"alignnone wp-image-25225\" src=\"http:\/\/recettes-gourmandes-de-joce.fr\/wp-content\/uploads\/2020\/09\/pc010004-150x150.jpg\" alt=\"\" width=\"203\" height=\"155\" srcset=\"http:\/\/recettes-gourmandes-de-joce.fr\/wp-content\/uploads\/2020\/09\/pc010004-300x229.jpg 300w, http:\/\/recettes-gourmandes-de-joce.fr\/wp-content\/uploads\/2020\/09\/pc010004.jpg 690w\" sizes=\"auto, (max-width: 203px) 100vw, 203px\" \/> <img loading=\"lazy\" decoding=\"async\" class=\"alignnone wp-image-25226\" src=\"http:\/\/recettes-gourmandes-de-joce.fr\/wp-content\/uploads\/2020\/09\/pc010005-150x150.jpg\" alt=\"\" width=\"167\" height=\"155\" srcset=\"http:\/\/recettes-gourmandes-de-joce.fr\/wp-content\/uploads\/2020\/09\/pc010005-300x278.jpg 300w, http:\/\/recettes-gourmandes-de-joce.fr\/wp-content\/uploads\/2020\/09\/pc010005.jpg 584w\" sizes=\"auto, (max-width: 167px) 100vw, 167px\" \/> <img loading=\"lazy\" decoding=\"async\" class=\"alignnone wp-image-25222\" src=\"http:\/\/recettes-gourmandes-de-joce.fr\/wp-content\/uploads\/2020\/09\/pc010002-2-150x150.jpg\" alt=\"\" width=\"234\" height=\"155\" srcset=\"http:\/\/recettes-gourmandes-de-joce.fr\/wp-content\/uploads\/2020\/09\/pc010002-2-300x199.jpg 300w, http:\/\/recettes-gourmandes-de-joce.fr\/wp-content\/uploads\/2020\/09\/pc010002-2.jpg 732w\" sizes=\"auto, (max-width: 234px) 100vw, 234px\" \/><\/p>\n<p style=\"text-align: center;\"><span style=\"font-size: 20px;\"><span style=\"font-family: georgia,serif;\"><em><span style=\"color: #008000;\">M\u00e9langer, ajouter un verre de farine et m\u00e9langer au fouet pour \u00e9viter les grumeaux.<\/span><\/em><\/span><\/span><\/p>\n<p style=\"text-align: center;\"><img loading=\"lazy\" decoding=\"async\" class=\"alignnone wp-image-25224\" src=\"http:\/\/recettes-gourmandes-de-joce.fr\/wp-content\/uploads\/2020\/09\/pc010003-2-150x150.jpg\" alt=\"\" width=\"198\" height=\"155\" srcset=\"http:\/\/recettes-gourmandes-de-joce.fr\/wp-content\/uploads\/2020\/09\/pc010003-2-300x235.jpg 300w, http:\/\/recettes-gourmandes-de-joce.fr\/wp-content\/uploads\/2020\/09\/pc010003-2.jpg 692w\" sizes=\"auto, (max-width: 198px) 100vw, 198px\" \/> <img loading=\"lazy\" decoding=\"async\" class=\"alignnone wp-image-25227\" src=\"http:\/\/recettes-gourmandes-de-joce.fr\/wp-content\/uploads\/2020\/09\/pc010006-150x150.jpg\" alt=\"\" width=\"217\" height=\"155\" srcset=\"http:\/\/recettes-gourmandes-de-joce.fr\/wp-content\/uploads\/2020\/09\/pc010006-300x214.jpg 300w, http:\/\/recettes-gourmandes-de-joce.fr\/wp-content\/uploads\/2020\/09\/pc010006-750x535.jpg 750w, http:\/\/recettes-gourmandes-de-joce.fr\/wp-content\/uploads\/2020\/09\/pc010006.jpg 766w\" sizes=\"auto, (max-width: 217px) 100vw, 217px\" \/> <img loading=\"lazy\" decoding=\"async\" class=\"alignnone wp-image-25228\" src=\"http:\/\/recettes-gourmandes-de-joce.fr\/wp-content\/uploads\/2020\/09\/pc010007-150x150.jpg\" alt=\"\" width=\"220\" height=\"155\" srcset=\"http:\/\/recettes-gourmandes-de-joce.fr\/wp-content\/uploads\/2020\/09\/pc010007-300x211.jpg 300w, http:\/\/recettes-gourmandes-de-joce.fr\/wp-content\/uploads\/2020\/09\/pc010007.jpg 678w\" sizes=\"auto, (max-width: 220px) 100vw, 220px\" \/><\/p>\n<p style=\"text-align: center;\"><span style=\"font-size: 20px;\"><span style=\"font-family: georgia,serif;\"><span style=\"color: #008000;\"><em>Ajouter le deuxi\u00e8me verre de farine et bien m\u00e9langer cette fois avec les mains afin d&rsquo;obtenir une p\u00e2te homog\u00e8ne.<\/em><\/span><\/span><\/span><\/p>\n<p style=\"text-align: center;\"><img loading=\"lazy\" decoding=\"async\" class=\"alignnone wp-image-25229\" src=\"http:\/\/recettes-gourmandes-de-joce.fr\/wp-content\/uploads\/2020\/09\/pc010008-150x150.jpg\" alt=\"\" width=\"214\" height=\"155\" srcset=\"http:\/\/recettes-gourmandes-de-joce.fr\/wp-content\/uploads\/2020\/09\/pc010008-300x218.jpg 300w, http:\/\/recettes-gourmandes-de-joce.fr\/wp-content\/uploads\/2020\/09\/pc010008.jpg 611w\" sizes=\"auto, (max-width: 214px) 100vw, 214px\" \/> <img loading=\"lazy\" decoding=\"async\" class=\"alignnone wp-image-25230\" src=\"http:\/\/recettes-gourmandes-de-joce.fr\/wp-content\/uploads\/2020\/09\/pc010012-1-150x150.jpg\" alt=\"\" width=\"227\" height=\"155\" srcset=\"http:\/\/recettes-gourmandes-de-joce.fr\/wp-content\/uploads\/2020\/09\/pc010012-1-300x205.jpg 300w, http:\/\/recettes-gourmandes-de-joce.fr\/wp-content\/uploads\/2020\/09\/pc010012-1-768x524.jpg 768w, http:\/\/recettes-gourmandes-de-joce.fr\/wp-content\/uploads\/2020\/09\/pc010012-1-750x512.jpg 750w, http:\/\/recettes-gourmandes-de-joce.fr\/wp-content\/uploads\/2020\/09\/pc010012-1.jpg 791w\" sizes=\"auto, (max-width: 227px) 100vw, 227px\" \/> <img loading=\"lazy\" decoding=\"async\" class=\"alignnone wp-image-25231\" src=\"http:\/\/recettes-gourmandes-de-joce.fr\/wp-content\/uploads\/2020\/09\/pc010014-150x150.jpg\" alt=\"\" width=\"220\" height=\"155\" srcset=\"http:\/\/recettes-gourmandes-de-joce.fr\/wp-content\/uploads\/2020\/09\/pc010014-300x211.jpg 300w, http:\/\/recettes-gourmandes-de-joce.fr\/wp-content\/uploads\/2020\/09\/pc010014-768x541.jpg 768w, http:\/\/recettes-gourmandes-de-joce.fr\/wp-content\/uploads\/2020\/09\/pc010014-750x529.jpg 750w, http:\/\/recettes-gourmandes-de-joce.fr\/wp-content\/uploads\/2020\/09\/pc010014.jpg 786w\" sizes=\"auto, (max-width: 220px) 100vw, 220px\" \/><\/p>\n<p style=\"text-align: center;\"><span style=\"font-size: 20px;\"><span style=\"font-family: georgia,serif;\"><span style=\"color: #008000; font-family: georgia, serif;\"><span style=\"font-size: 20px;\"><i>\u00c9taler<\/i><\/span><\/span><em style=\"font-family: georgia, serif; font-size: 20px;\"><span style=\"color: #008000;\">\u00a0votre p\u00e2te au rouleau pas trop fine et d\u00e9couper les formes d\u00e9sir\u00e9es, fa\u00e7onner vos sujets<\/span><\/em><span style=\"font-family: georgia, serif;\"><span style=\"font-size: 20px;\">. <\/span><\/span><span style=\"color: #008000;\"><em>D\u00e9poser les petites formes sur une feuille de silicone ou un papier sulfuris\u00e9 et enfourner \u00e0 110\u00b0 2 h voir 3 h si les formes sont plus grosses.<\/em><\/span><\/span><\/span><\/p>\n<p style=\"text-align: center;\"><img loading=\"lazy\" decoding=\"async\" class=\"alignnone wp-image-25232\" src=\"http:\/\/recettes-gourmandes-de-joce.fr\/wp-content\/uploads\/2020\/09\/pc010022-150x150.jpg\" alt=\"\" width=\"270\" height=\"155\" srcset=\"http:\/\/recettes-gourmandes-de-joce.fr\/wp-content\/uploads\/2020\/09\/pc010022-300x172.jpg 300w, http:\/\/recettes-gourmandes-de-joce.fr\/wp-content\/uploads\/2020\/09\/pc010022-768x441.jpg 768w, http:\/\/recettes-gourmandes-de-joce.fr\/wp-content\/uploads\/2020\/09\/pc010022-750x430.jpg 750w, http:\/\/recettes-gourmandes-de-joce.fr\/wp-content\/uploads\/2020\/09\/pc010022.jpg 793w\" sizes=\"auto, (max-width: 270px) 100vw, 270px\" \/> <img loading=\"lazy\" decoding=\"async\" class=\"alignnone wp-image-25209\" src=\"http:\/\/recettes-gourmandes-de-joce.fr\/wp-content\/uploads\/2020\/09\/pc020064-150x150.jpg\" alt=\"\" width=\"225\" height=\"155\" srcset=\"http:\/\/recettes-gourmandes-de-joce.fr\/wp-content\/uploads\/2020\/09\/pc020064-300x207.jpg 300w, http:\/\/recettes-gourmandes-de-joce.fr\/wp-content\/uploads\/2020\/09\/pc020064-768x529.jpg 768w, http:\/\/recettes-gourmandes-de-joce.fr\/wp-content\/uploads\/2020\/09\/pc020064-750x517.jpg 750w, http:\/\/recettes-gourmandes-de-joce.fr\/wp-content\/uploads\/2020\/09\/pc020064.jpg 772w\" sizes=\"auto, (max-width: 225px) 100vw, 225px\" \/> <img loading=\"lazy\" decoding=\"async\" class=\"alignnone wp-image-25212\" src=\"http:\/\/recettes-gourmandes-de-joce.fr\/wp-content\/uploads\/2020\/09\/pc020084-150x150.jpg\" alt=\"\" width=\"207\" height=\"155\" srcset=\"http:\/\/recettes-gourmandes-de-joce.fr\/wp-content\/uploads\/2020\/09\/pc020084-300x225.jpg 300w, http:\/\/recettes-gourmandes-de-joce.fr\/wp-content\/uploads\/2020\/09\/pc020084-768x576.jpg 768w, http:\/\/recettes-gourmandes-de-joce.fr\/wp-content\/uploads\/2020\/09\/pc020084-750x563.jpg 750w, http:\/\/recettes-gourmandes-de-joce.fr\/wp-content\/uploads\/2020\/09\/pc020084.jpg 800w\" sizes=\"auto, (max-width: 207px) 100vw, 207px\" \/><\/p>\n<p style=\"text-align: center;\"><span style=\"font-size: 20px;\"><span style=\"font-family: georgia,serif;\">\u00a0<em><span style=\"color: #008000;\">Plus elles sont \u00e9paisses plus elles sont longues \u00e0 cuire, donc cuisez ensemble les formes de m\u00eame \u00e9paisseur, les plus longues \u00e0 part, elles doivent cuire mais pas dorer ni gonfler, une chaleur plus \u00e9lev\u00e9e du four les ferai gonfler. <\/span><\/em><\/span><\/span><\/p>\n<p style=\"text-align: center;\"><span style=\"font-size: 20px;\"><span style=\"font-family: georgia,serif;\"><em><span style=\"color: #008000;\"><span style=\"font-family: georgia, serif; font-size: 20px; color: #008000;\">Les laisser refroidir sur une grille avant de les peindre selon vos go\u00fbts. Une fois peintes je les ai remise au four 30 minutes \u00e0 110\u00b0 pour les <\/span><span style=\"color: #008000; font-family: georgia, serif;\"><span style=\"font-size: 20px;\">s\u00e9cher<\/span><\/span><span style=\"font-family: georgia, serif; font-size: 20px; color: #008000;\">\u00a0et \u00e9viter qu&rsquo;elles ne s&rsquo;humidifient \u00e0 nouveau.<\/span><\/span><\/em><\/span><\/span><\/p>\n<p style=\"text-align: center;\">\u00a0<img loading=\"lazy\" decoding=\"async\" class=\"alignnone wp-image-25214\" src=\"http:\/\/recettes-gourmandes-de-joce.fr\/wp-content\/uploads\/2020\/09\/pc020098-150x150.jpg\" alt=\"\" width=\"206\" height=\"155\" srcset=\"http:\/\/recettes-gourmandes-de-joce.fr\/wp-content\/uploads\/2020\/09\/pc020098-300x226.jpg 300w, http:\/\/recettes-gourmandes-de-joce.fr\/wp-content\/uploads\/2020\/09\/pc020098.jpg 717w\" sizes=\"auto, (max-width: 206px) 100vw, 206px\" \/>\u00a0<img loading=\"lazy\" decoding=\"async\" class=\"alignnone wp-image-25215\" src=\"http:\/\/recettes-gourmandes-de-joce.fr\/wp-content\/uploads\/2020\/09\/pc020100-1-150x150.jpg\" alt=\"\" width=\"187\" height=\"155\" srcset=\"http:\/\/recettes-gourmandes-de-joce.fr\/wp-content\/uploads\/2020\/09\/pc020100-1-300x249.jpg 300w, http:\/\/recettes-gourmandes-de-joce.fr\/wp-content\/uploads\/2020\/09\/pc020100-1-768x638.jpg 768w, http:\/\/recettes-gourmandes-de-joce.fr\/wp-content\/uploads\/2020\/09\/pc020100-1-750x623.jpg 750w, http:\/\/recettes-gourmandes-de-joce.fr\/wp-content\/uploads\/2020\/09\/pc020100-1.jpg 781w\" sizes=\"auto, (max-width: 187px) 100vw, 187px\" \/> <img loading=\"lazy\" decoding=\"async\" class=\"alignnone wp-image-25213\" src=\"http:\/\/recettes-gourmandes-de-joce.fr\/wp-content\/uploads\/2020\/09\/pc020092-150x150.jpg\" alt=\"\" width=\"278\" height=\"155\" srcset=\"http:\/\/recettes-gourmandes-de-joce.fr\/wp-content\/uploads\/2020\/09\/pc020092-300x167.jpg 300w, http:\/\/recettes-gourmandes-de-joce.fr\/wp-content\/uploads\/2020\/09\/pc020092-768x429.jpg 768w, http:\/\/recettes-gourmandes-de-joce.fr\/wp-content\/uploads\/2020\/09\/pc020092-750x419.jpg 750w, http:\/\/recettes-gourmandes-de-joce.fr\/wp-content\/uploads\/2020\/09\/pc020092.jpg 790w\" sizes=\"auto, (max-width: 278px) 100vw, 278px\" \/><\/p>\n<p style=\"text-align: center;\"><span style=\"font-size: 20px;\"><span style=\"font-family: georgia,serif;\"><em><span style=\"color: #008000;\">Une fois bien s\u00e8ches, passez les au vernis colle et saupoudrer ou appliquer les paillettes.<\/span><\/em><\/span><\/span><\/p>\n<p style=\"text-align: center;\"><img loading=\"lazy\" decoding=\"async\" class=\"alignnone wp-image-25234\" src=\"http:\/\/recettes-gourmandes-de-joce.fr\/wp-content\/uploads\/2020\/09\/pc020061-150x150.jpg\" alt=\"\" width=\"222\" height=\"155\" srcset=\"http:\/\/recettes-gourmandes-de-joce.fr\/wp-content\/uploads\/2020\/09\/pc020061-300x209.jpg 300w, http:\/\/recettes-gourmandes-de-joce.fr\/wp-content\/uploads\/2020\/09\/pc020061-750x524.jpg 750w, http:\/\/recettes-gourmandes-de-joce.fr\/wp-content\/uploads\/2020\/09\/pc020061.jpg 762w\" sizes=\"auto, (max-width: 222px) 100vw, 222px\" \/> <img loading=\"lazy\" decoding=\"async\" class=\"alignnone wp-image-25235\" src=\"http:\/\/recettes-gourmandes-de-joce.fr\/wp-content\/uploads\/2020\/09\/pc020062-150x150.jpg\" alt=\"\" width=\"262\" height=\"155\" srcset=\"http:\/\/recettes-gourmandes-de-joce.fr\/wp-content\/uploads\/2020\/09\/pc020062-300x177.jpg 300w, http:\/\/recettes-gourmandes-de-joce.fr\/wp-content\/uploads\/2020\/09\/pc020062.jpg 731w\" sizes=\"auto, (max-width: 262px) 100vw, 262px\" \/> <img loading=\"lazy\" decoding=\"async\" class=\"alignnone wp-image-25210\" src=\"http:\/\/recettes-gourmandes-de-joce.fr\/wp-content\/uploads\/2020\/09\/pc020069-1-150x150.jpg\" alt=\"\" width=\"243\" height=\"155\" srcset=\"http:\/\/recettes-gourmandes-de-joce.fr\/wp-content\/uploads\/2020\/09\/pc020069-1-300x192.jpg 300w, http:\/\/recettes-gourmandes-de-joce.fr\/wp-content\/uploads\/2020\/09\/pc020069-1.jpg 703w\" sizes=\"auto, (max-width: 243px) 100vw, 243px\" \/><\/p>\n<p style=\"text-align: center;\"><span style=\"font-size: 20px;\"><span style=\"font-family: georgia,serif;\"><em><span style=\"color: #008000;\">Coller les rubans en dernier, une excellente activit\u00e9 cr\u00e9ative pour les enfants!<\/span><\/em><\/span><\/span><\/p>\n<p style=\"text-align: center;\"><span style=\"font-size: 20px;\"><span style=\"font-family: georgia,serif;\"><em><span style=\"color: #008000;\">Passez d&rsquo;excellents<\/span><\/em><\/span><\/span><em style=\"font-family: georgia, serif; font-size: 20px;\"><span style=\"color: #008000;\">\u00a0f\u00eates de fin d&rsquo;ann\u00e9e.<\/span><\/em><\/p>\n<p><img loading=\"lazy\" decoding=\"async\" class=\"wp-image-25217 aligncenter\" style=\"text-align: center;\" src=\"http:\/\/recettes-gourmandes-de-joce.fr\/wp-content\/uploads\/2020\/09\/pc180090-150x150.jpg\" alt=\"\" width=\"242\" height=\"180\" srcset=\"http:\/\/recettes-gourmandes-de-joce.fr\/wp-content\/uploads\/2020\/09\/pc180090-300x224.jpg 300w, http:\/\/recettes-gourmandes-de-joce.fr\/wp-content\/uploads\/2020\/09\/pc180090-768x572.jpg 768w, http:\/\/recettes-gourmandes-de-joce.fr\/wp-content\/uploads\/2020\/09\/pc180090-750x559.jpg 750w, http:\/\/recettes-gourmandes-de-joce.fr\/wp-content\/uploads\/2020\/09\/pc180090.jpg 800w\" sizes=\"auto, (max-width: 242px) 100vw, 242px\" \/><\/p>\n<p style=\"text-align: center;\"><img loading=\"lazy\" decoding=\"async\" class=\"alignnone wp-image-25218\" src=\"http:\/\/recettes-gourmandes-de-joce.fr\/wp-content\/uploads\/2020\/09\/pc180092-150x150.jpg\" alt=\"\" width=\"236\" height=\"180\" srcset=\"http:\/\/recettes-gourmandes-de-joce.fr\/wp-content\/uploads\/2020\/09\/pc180092-300x229.jpg 300w, http:\/\/recettes-gourmandes-de-joce.fr\/wp-content\/uploads\/2020\/09\/pc180092-768x587.jpg 768w, http:\/\/recettes-gourmandes-de-joce.fr\/wp-content\/uploads\/2020\/09\/pc180092-750x573.jpg 750w, http:\/\/recettes-gourmandes-de-joce.fr\/wp-content\/uploads\/2020\/09\/pc180092.jpg 800w\" sizes=\"auto, (max-width: 236px) 100vw, 236px\" \/> <img loading=\"lazy\" decoding=\"async\" class=\"alignnone wp-image-25219\" src=\"http:\/\/recettes-gourmandes-de-joce.fr\/wp-content\/uploads\/2020\/09\/pc180098-150x150.jpg\" alt=\"\" width=\"273\" height=\"180\" srcset=\"http:\/\/recettes-gourmandes-de-joce.fr\/wp-content\/uploads\/2020\/09\/pc180098-300x198.jpg 300w, http:\/\/recettes-gourmandes-de-joce.fr\/wp-content\/uploads\/2020\/09\/pc180098.jpg 662w\" sizes=\"auto, (max-width: 273px) 100vw, 273px\" \/><\/p>\n<p style=\"text-align: center;\"><img loading=\"lazy\" decoding=\"async\" class=\"alignnone wp-image-24317 size-full\" src=\"http:\/\/recettes-gourmandes-de-joce.fr\/wp-content\/uploads\/2020\/07\/logitech-gaming-software-14112014-121223.jpg\" alt=\"\" width=\"640\" height=\"144\" srcset=\"http:\/\/recettes-gourmandes-de-joce.fr\/wp-content\/uploads\/2020\/07\/logitech-gaming-software-14112014-121223.jpg 640w, http:\/\/recettes-gourmandes-de-joce.fr\/wp-content\/uploads\/2020\/07\/logitech-gaming-software-14112014-121223-300x68.jpg 300w\" sizes=\"auto, (max-width: 640px) 100vw, 640px\" \/><\/p>\n","protected":false},"excerpt":{"rendered":"<p>P\u00e2te \u00e0 sel, d\u00e9corations de table de No\u00ebl Mes cr\u00e9ations Pour r\u00e9aliser mes d\u00e9corations j&rsquo;ai eu besoin de: P\u00e2te \u00e0 sel 1 verre de sel fin 1 verre d&rsquo;eau ti\u00e8de 2 verres de farine ordinaire Fournitures Peinture Pinceau Colle forte Rubans divers Ciseaux Paillettes or et argents Paillettes \u00e9toiles Vernis colle 1 grille Des emporte-pi\u00e8ces &hellip; <\/p>\n<p><a class=\"more-link btn\" href=\"http:\/\/recettes-gourmandes-de-joce.fr\/index.php\/index-divers\/decorations-de-table\/creations-de-decorations-de-table\/pate-a-sel-et-realisations-de-decorations-de-noel\/\">Lire la suite<\/a><\/p>\n","protected":false},"author":2,"featured_media":87832,"parent":17982,"menu_order":0,"comment_status":"open","ping_status":"closed","template":"","meta":{"footnotes":""},"class_list":["post-25208","page","type-page","status-publish","has-post-thumbnail","hentry","nodate","item-wrap"],"_links":{"self":[{"href":"http:\/\/recettes-gourmandes-de-joce.fr\/index.php\/wp-json\/wp\/v2\/pages\/25208","targetHints":{"allow":["GET"]}}],"collection":[{"href":"http:\/\/recettes-gourmandes-de-joce.fr\/index.php\/wp-json\/wp\/v2\/pages"}],"about":[{"href":"http:\/\/recettes-gourmandes-de-joce.fr\/index.php\/wp-json\/wp\/v2\/types\/page"}],"author":[{"embeddable":true,"href":"http:\/\/recettes-gourmandes-de-joce.fr\/index.php\/wp-json\/wp\/v2\/users\/2"}],"replies":[{"embeddable":true,"href":"http:\/\/recettes-gourmandes-de-joce.fr\/index.php\/wp-json\/wp\/v2\/comments?post=25208"}],"version-history":[{"count":2,"href":"http:\/\/recettes-gourmandes-de-joce.fr\/index.php\/wp-json\/wp\/v2\/pages\/25208\/revisions"}],"predecessor-version":[{"id":87833,"href":"http:\/\/recettes-gourmandes-de-joce.fr\/index.php\/wp-json\/wp\/v2\/pages\/25208\/revisions\/87833"}],"up":[{"embeddable":true,"href":"http:\/\/recettes-gourmandes-de-joce.fr\/index.php\/wp-json\/wp\/v2\/pages\/17982"}],"wp:featuredmedia":[{"embeddable":true,"href":"http:\/\/recettes-gourmandes-de-joce.fr\/index.php\/wp-json\/wp\/v2\/media\/87832"}],"wp:attachment":[{"href":"http:\/\/recettes-gourmandes-de-joce.fr\/index.php\/wp-json\/wp\/v2\/media?parent=25208"}],"curies":[{"name":"wp","href":"https:\/\/api.w.org\/{rel}","templated":true}]}}