{"id":25194,"date":"2020-09-11T12:06:48","date_gmt":"2020-09-11T12:06:48","guid":{"rendered":"http:\/\/recettes-gourmandes-de-joce.fr\/?page_id=25194"},"modified":"2024-07-31T12:41:32","modified_gmt":"2024-07-31T12:41:32","slug":"bonhommes-de-neige-deco-de-table-de-noel","status":"publish","type":"page","link":"http:\/\/recettes-gourmandes-de-joce.fr\/index.php\/index-divers\/decorations-de-table\/creations-de-decorations-de-table\/bonhommes-de-neige-deco-de-table-de-noel\/","title":{"rendered":"Bonhommes de neige (D\u00e9co de table de No\u00ebl)."},"content":{"rendered":"<p style=\"text-align: center;\"><span style=\"font-family: georgia, serif; font-size: 18pt;\"><span style=\"color: #008000; text-decoration: underline;\"><em>Une de mes id\u00e9es<\/em><\/span><\/span><\/p>\n<p style=\"text-align: center;\"><span style=\"font-size: 18pt;\"><img loading=\"lazy\" decoding=\"async\" class=\"alignnone wp-image-25182\" src=\"http:\/\/recettes-gourmandes-de-joce.fr\/wp-content\/uploads\/2020\/09\/pb201529-150x150.jpg\" alt=\"\" width=\"317\" height=\"180\" srcset=\"http:\/\/recettes-gourmandes-de-joce.fr\/wp-content\/uploads\/2020\/09\/pb201529-300x171.jpg 300w, http:\/\/recettes-gourmandes-de-joce.fr\/wp-content\/uploads\/2020\/09\/pb201529-768x437.jpg 768w, http:\/\/recettes-gourmandes-de-joce.fr\/wp-content\/uploads\/2020\/09\/pb201529-750x426.jpg 750w, http:\/\/recettes-gourmandes-de-joce.fr\/wp-content\/uploads\/2020\/09\/pb201529.jpg 788w\" sizes=\"auto, (max-width: 317px) 100vw, 317px\" \/> <img loading=\"lazy\" decoding=\"async\" class=\"alignnone wp-image-25173\" src=\"http:\/\/recettes-gourmandes-de-joce.fr\/wp-content\/uploads\/2020\/09\/pb201531-150x150.jpg\" alt=\"\" width=\"174\" height=\"180\" srcset=\"http:\/\/recettes-gourmandes-de-joce.fr\/wp-content\/uploads\/2020\/09\/pb201531-291x300.jpg 291w, http:\/\/recettes-gourmandes-de-joce.fr\/wp-content\/uploads\/2020\/09\/pb201531.jpg 705w\" sizes=\"auto, (max-width: 174px) 100vw, 174px\" \/> <img loading=\"lazy\" decoding=\"async\" class=\"alignnone wp-image-25174\" src=\"http:\/\/recettes-gourmandes-de-joce.fr\/wp-content\/uploads\/2020\/09\/pb201532-150x150.jpg\" alt=\"\" width=\"171\" height=\"180\" srcset=\"http:\/\/recettes-gourmandes-de-joce.fr\/wp-content\/uploads\/2020\/09\/pb201532-285x300.jpg 285w, http:\/\/recettes-gourmandes-de-joce.fr\/wp-content\/uploads\/2020\/09\/pb201532.jpg 696w\" sizes=\"auto, (max-width: 171px) 100vw, 171px\" \/><\/span><\/p>\n<p style=\"text-align: center;\"><span style=\"font-family: georgia, serif; font-size: 18pt;\"><span style=\"color: #ff0000; text-decoration: underline;\"><em>Mat\u00e9riel pour leurs r\u00e9alisations<\/em><\/span><\/span><\/p>\n<p style=\"text-align: center;\"><span style=\"font-size: 14pt;\"><img loading=\"lazy\" decoding=\"async\" class=\"alignnone wp-image-25186\" src=\"http:\/\/recettes-gourmandes-de-joce.fr\/wp-content\/uploads\/2020\/09\/pb041065-150x150.jpg\" alt=\"\" width=\"253\" height=\"180\" srcset=\"http:\/\/recettes-gourmandes-de-joce.fr\/wp-content\/uploads\/2020\/09\/pb041065-300x213.jpg 300w, http:\/\/recettes-gourmandes-de-joce.fr\/wp-content\/uploads\/2020\/09\/pb041065-768x546.jpg 768w, http:\/\/recettes-gourmandes-de-joce.fr\/wp-content\/uploads\/2020\/09\/pb041065-750x533.jpg 750w, http:\/\/recettes-gourmandes-de-joce.fr\/wp-content\/uploads\/2020\/09\/pb041065.jpg 800w\" sizes=\"auto, (max-width: 253px) 100vw, 253px\" \/><\/span><\/p>\n<p style=\"text-align: center;\"><span style=\"font-family: georgia, serif; font-size: 14pt;\"><span style=\"color: #ff0000;\"><em>De la laine rouge, verte et\u00a0blanche<\/em><\/span><\/span><\/p>\n<p style=\"text-align: center;\"><span style=\"font-family: georgia, serif; font-size: 14pt;\"><span style=\"color: #ff0000;\"><em>Des boules de polystyr\u00e8ne de 15 et 20 cm de circonf\u00e9rence<\/em><\/span><\/span><\/p>\n<p style=\"text-align: center;\"><span style=\"font-family: georgia, serif; font-size: 14pt;\"><span style=\"color: #ff0000;\"><em>Des cure-dents en bois<\/em><\/span><\/span><\/p>\n<p style=\"text-align: center;\"><span style=\"font-family: georgia, serif; font-size: 14pt;\"><span style=\"color: #ff0000;\"><em>Des paillettes<\/em><\/span><\/span><\/p>\n<p style=\"text-align: center;\"><span style=\"font-family: georgia, serif; font-size: 14pt;\"><span style=\"color: #ff0000;\"><em>Un morceau de polystyr\u00e8ne pour les socles<\/em><\/span><\/span><\/p>\n<p style=\"text-align: center;\"><span style=\"font-family: georgia, serif; font-size: 14pt;\"><span style=\"color: #ff0000;\"><em>De la colle en tube<\/em><\/span><\/span><\/p>\n<p style=\"text-align: center;\"><span style=\"font-family: georgia, serif; font-size: 14pt;\"><span style=\"color: #ff0000;\"><em>Du papier aluminium<\/em><\/span><\/span><\/p>\n<p style=\"text-align: center;\"><span style=\"font-family: georgia, serif; font-size: 14pt;\"><span style=\"color: #ff0000;\"><em>Des ciseaux<\/em><\/span><\/span><\/p>\n<p style=\"text-align: center;\"><span style=\"font-family: georgia, serif; font-size: 14pt;\"><span style=\"color: #ff0000;\"><em>Un crochet<\/em><\/span><\/span><\/p>\n<p style=\"text-align: center;\"><span style=\"font-family: georgia, serif; font-size: 14pt;\"><span style=\"color: #ff0000;\"><em>Un couteau<\/em><\/span><\/span><\/p>\n<p style=\"text-align: center;\"><span style=\"font-family: georgia, serif; font-size: 14pt;\"><span style=\"color: #ff0000;\"><em>Une fourchette<\/em><\/span><\/span><\/p>\n<p style=\"text-align: center;\"><span style=\"font-family: georgia, serif; font-size: 14pt;\"><span style=\"color: #ff0000;\"><em>Un crayon<\/em><\/span><\/span><\/p>\n<p style=\"text-align: center;\"><span style=\"font-family: georgia, serif; font-size: 14pt;\"><span style=\"color: #ff0000;\"><em>Un stylo rouge et noir<\/em><\/span><\/span><\/p>\n<p style=\"text-align: center;\"><span style=\"font-family: georgia, serif; font-size: 14pt;\"><span style=\"color: #ff0000;\"><em>Des petites cartes de No\u00ebl <\/em><\/span><\/span><\/p>\n<p style=\"text-align: center;\"><span style=\"font-family: georgia, serif; font-size: 14pt;\"><span style=\"color: #ff0000;\"><em>Une aiguille \u00e0 Laine<\/em><\/span><\/span><\/p>\n<p style=\"text-align: center;\"><span style=\"font-size: 14pt;\"><img loading=\"lazy\" decoding=\"async\" class=\"alignnone wp-image-25189\" src=\"http:\/\/recettes-gourmandes-de-joce.fr\/wp-content\/uploads\/2020\/09\/pb041069-150x150.jpg\" alt=\"\" width=\"251\" height=\"155\" srcset=\"http:\/\/recettes-gourmandes-de-joce.fr\/wp-content\/uploads\/2020\/09\/pb041069-300x185.jpg 300w, http:\/\/recettes-gourmandes-de-joce.fr\/wp-content\/uploads\/2020\/09\/pb041069.jpg 676w\" sizes=\"auto, (max-width: 251px) 100vw, 251px\" \/> <img loading=\"lazy\" decoding=\"async\" class=\"alignnone wp-image-25187\" src=\"http:\/\/recettes-gourmandes-de-joce.fr\/wp-content\/uploads\/2020\/09\/pb041067-150x150.jpg\" alt=\"\" width=\"245\" height=\"155\" srcset=\"http:\/\/recettes-gourmandes-de-joce.fr\/wp-content\/uploads\/2020\/09\/pb041067-300x190.jpg 300w, http:\/\/recettes-gourmandes-de-joce.fr\/wp-content\/uploads\/2020\/09\/pb041067.jpg 743w\" sizes=\"auto, (max-width: 245px) 100vw, 245px\" \/> <img loading=\"lazy\" decoding=\"async\" class=\"alignnone wp-image-25188\" src=\"http:\/\/recettes-gourmandes-de-joce.fr\/wp-content\/uploads\/2020\/09\/pb041068-150x150.jpg\" alt=\"\" width=\"237\" height=\"155\" srcset=\"http:\/\/recettes-gourmandes-de-joce.fr\/wp-content\/uploads\/2020\/09\/pb041068-300x196.jpg 300w, http:\/\/recettes-gourmandes-de-joce.fr\/wp-content\/uploads\/2020\/09\/pb041068.jpg 631w\" sizes=\"auto, (max-width: 237px) 100vw, 237px\" \/><\/span><\/p>\n<p style=\"text-align: center;\"><span style=\"font-family: georgia, serif; font-size: 14pt;\"><span style=\"color: #ff0000;\"><em>D\u00e9couper \u00e0 l&rsquo;aide du couteau un morceau de polystyr\u00e8ne de 5 cm sur 3 cm environ, enveloppez le dans du papier alu. Planter de chaque c\u00f4t\u00e9 de la grosse boule un cure-dent, d&rsquo;un c\u00f4t\u00e9 planter sur le cure dent la petite boule.<\/em><\/span><\/span><\/p>\n<p style=\"text-align: center;\"><span style=\"font-size: 14pt;\"><img loading=\"lazy\" decoding=\"async\" class=\"alignnone wp-image-25190\" src=\"http:\/\/recettes-gourmandes-de-joce.fr\/wp-content\/uploads\/2020\/09\/pb041071-150x150.jpg\" alt=\"\" width=\"151\" height=\"160\" srcset=\"http:\/\/recettes-gourmandes-de-joce.fr\/wp-content\/uploads\/2020\/09\/pb041071-283x300.jpg 283w, http:\/\/recettes-gourmandes-de-joce.fr\/wp-content\/uploads\/2020\/09\/pb041071.jpg 592w\" sizes=\"auto, (max-width: 151px) 100vw, 151px\" \/> <img loading=\"lazy\" decoding=\"async\" class=\"alignnone wp-image-25191\" src=\"http:\/\/recettes-gourmandes-de-joce.fr\/wp-content\/uploads\/2020\/09\/pb041072-150x150.jpg\" alt=\"\" width=\"147\" height=\"160\" srcset=\"http:\/\/recettes-gourmandes-de-joce.fr\/wp-content\/uploads\/2020\/09\/pb041072-276x300.jpg 276w, http:\/\/recettes-gourmandes-de-joce.fr\/wp-content\/uploads\/2020\/09\/pb041072.jpg 682w\" sizes=\"auto, (max-width: 147px) 100vw, 147px\" \/> <img loading=\"lazy\" decoding=\"async\" class=\"alignnone wp-image-25192\" src=\"http:\/\/recettes-gourmandes-de-joce.fr\/wp-content\/uploads\/2020\/09\/pb041073-150x150.jpg\" alt=\"\" width=\"131\" height=\"160\" srcset=\"http:\/\/recettes-gourmandes-de-joce.fr\/wp-content\/uploads\/2020\/09\/pb041073-245x300.jpg 245w, http:\/\/recettes-gourmandes-de-joce.fr\/wp-content\/uploads\/2020\/09\/pb041073.jpg 587w\" sizes=\"auto, (max-width: 131px) 100vw, 131px\" \/><\/span><\/p>\n<p style=\"text-align: center;\"><span style=\"font-family: georgia, serif; font-size: 14pt;\"><span style=\"color: #ff0000;\"><em>Planter le cure-dent rest\u00e9 libre sur le socle. Coller des paillettes sur la grosse boule pour imiter les boutons, de chaque c\u00f4t\u00e9 un cure-dent pour les bras.<\/em><\/span><\/span><\/p>\n<p style=\"text-align: center;\"><span style=\"font-size: 14pt;\"><img loading=\"lazy\" decoding=\"async\" class=\"alignnone wp-image-25193\" src=\"http:\/\/recettes-gourmandes-de-joce.fr\/wp-content\/uploads\/2020\/09\/pb041075-150x150.jpg\" alt=\"\" width=\"206\" height=\"160\" srcset=\"http:\/\/recettes-gourmandes-de-joce.fr\/wp-content\/uploads\/2020\/09\/pb041075-300x233.jpg 300w, http:\/\/recettes-gourmandes-de-joce.fr\/wp-content\/uploads\/2020\/09\/pb041075.jpg 723w\" sizes=\"auto, (max-width: 206px) 100vw, 206px\" \/> <img loading=\"lazy\" decoding=\"async\" class=\"alignnone wp-image-25184\" src=\"http:\/\/recettes-gourmandes-de-joce.fr\/wp-content\/uploads\/2020\/09\/pb041077-150x150.jpg\" alt=\"\" width=\"107\" height=\"160\" srcset=\"http:\/\/recettes-gourmandes-de-joce.fr\/wp-content\/uploads\/2020\/09\/pb041077-201x300.jpg 201w, http:\/\/recettes-gourmandes-de-joce.fr\/wp-content\/uploads\/2020\/09\/pb041077.jpg 438w\" sizes=\"auto, (max-width: 107px) 100vw, 107px\" \/> <img loading=\"lazy\" decoding=\"async\" class=\"alignnone wp-image-25185\" src=\"http:\/\/recettes-gourmandes-de-joce.fr\/wp-content\/uploads\/2020\/09\/pb041078-001-150x150.jpg\" alt=\"\" width=\"98\" height=\"160\" srcset=\"http:\/\/recettes-gourmandes-de-joce.fr\/wp-content\/uploads\/2020\/09\/pb041078-001-183x300.jpg 183w, http:\/\/recettes-gourmandes-de-joce.fr\/wp-content\/uploads\/2020\/09\/pb041078-001.jpg 459w\" sizes=\"auto, (max-width: 98px) 100vw, 98px\" \/><\/span><\/p>\n<p style=\"text-align: center;\"><span style=\"font-family: georgia, serif; font-size: 14pt;\"><span style=\"color: #ff0000;\"><em>Dessiner avec les stylos les yeux, le nez et la bouche. Dans les cartes de No\u00ebl faire des avant trous et enfiler la carte sur les bras en cure-dent.<\/em><\/span><\/span><\/p>\n<p style=\"text-align: center;\"><span style=\"font-family: georgia, serif; font-size: 14pt;\"><span style=\"color: #ff0000;\"><em><span style=\"color: #ff0000;\"><em>Pour le bonnet et l&rsquo;\u00e9charpe rendez-vous sur ce lien -&gt; Crocheter le bonnet et l&rsquo;\u00e9charpe <img loading=\"lazy\" decoding=\"async\" class=\"alignnone size-thumbnail wp-image-25206\" src=\"http:\/\/recettes-gourmandes-de-joce.fr\/wp-content\/uploads\/2020\/09\/tricot-crochet-150x150.jpg\" alt=\"\" width=\"150\" height=\"150\" \/><\/em><\/span><\/em><\/span><\/span><\/p>\n<p style=\"text-align: center;\"><span style=\"font-family: georgia, serif; font-size: 14pt;\"><span style=\"color: #ff0000;\"><em>Habiller votre bonhomme de neige il est pr\u00eat pour d\u00e9corer votre table ou votre int\u00e9rieur.<\/em><\/span><\/span><\/p>\n<p style=\"text-align: center;\"><span style=\"font-family: georgia, serif; font-size: 14pt;\"><span style=\"color: #ff0000;\"><em>Bonnes f\u00eates de fin d&rsquo;ann\u00e9e.<\/em><\/span><\/span><\/p>\n<p style=\"text-align: center;\"><span style=\"color: #ff0000; font-size: 14pt;\"><span style=\"font-family: book antiqua,palatino;\"><em><img loading=\"lazy\" decoding=\"async\" class=\"alignnone wp-image-25174\" src=\"http:\/\/recettes-gourmandes-de-joce.fr\/wp-content\/uploads\/2020\/09\/pb201532-150x150.jpg\" alt=\"\" width=\"171\" height=\"180\" srcset=\"http:\/\/recettes-gourmandes-de-joce.fr\/wp-content\/uploads\/2020\/09\/pb201532-285x300.jpg 285w, http:\/\/recettes-gourmandes-de-joce.fr\/wp-content\/uploads\/2020\/09\/pb201532.jpg 696w\" sizes=\"auto, (max-width: 171px) 100vw, 171px\" \/> <img loading=\"lazy\" decoding=\"async\" class=\"alignnone wp-image-25185\" src=\"http:\/\/recettes-gourmandes-de-joce.fr\/wp-content\/uploads\/2020\/09\/pb041078-001-150x150.jpg\" alt=\"\" width=\"110\" height=\"180\" srcset=\"http:\/\/recettes-gourmandes-de-joce.fr\/wp-content\/uploads\/2020\/09\/pb041078-001-183x300.jpg 183w, http:\/\/recettes-gourmandes-de-joce.fr\/wp-content\/uploads\/2020\/09\/pb041078-001.jpg 459w\" sizes=\"auto, (max-width: 110px) 100vw, 110px\" \/> <img loading=\"lazy\" decoding=\"async\" class=\"alignnone wp-image-25173\" src=\"http:\/\/recettes-gourmandes-de-joce.fr\/wp-content\/uploads\/2020\/09\/pb201531-150x150.jpg\" alt=\"\" width=\"174\" height=\"180\" srcset=\"http:\/\/recettes-gourmandes-de-joce.fr\/wp-content\/uploads\/2020\/09\/pb201531-291x300.jpg 291w, http:\/\/recettes-gourmandes-de-joce.fr\/wp-content\/uploads\/2020\/09\/pb201531.jpg 705w\" sizes=\"auto, (max-width: 174px) 100vw, 174px\" \/><\/em><\/span><\/span><\/p>\n<p style=\"text-align: center;\"><span style=\"font-size: 14pt;\"><img loading=\"lazy\" decoding=\"async\" class=\"alignnone wp-image-24317 size-full\" src=\"http:\/\/recettes-gourmandes-de-joce.fr\/wp-content\/uploads\/2020\/07\/logitech-gaming-software-14112014-121223.jpg\" alt=\"\" width=\"640\" height=\"144\" srcset=\"http:\/\/recettes-gourmandes-de-joce.fr\/wp-content\/uploads\/2020\/07\/logitech-gaming-software-14112014-121223.jpg 640w, http:\/\/recettes-gourmandes-de-joce.fr\/wp-content\/uploads\/2020\/07\/logitech-gaming-software-14112014-121223-300x68.jpg 300w\" sizes=\"auto, (max-width: 640px) 100vw, 640px\" \/><\/span><\/p>\n","protected":false},"excerpt":{"rendered":"<p>Une de mes id\u00e9es Mat\u00e9riel pour leurs r\u00e9alisations De la laine rouge, verte et\u00a0blanche Des boules de polystyr\u00e8ne de 15 et 20 cm de circonf\u00e9rence Des cure-dents en bois Des paillettes Un morceau de polystyr\u00e8ne pour les socles De la colle en tube Du papier aluminium Des ciseaux Un crochet Un couteau Une fourchette Un &hellip; <\/p>\n<p><a class=\"more-link btn\" href=\"http:\/\/recettes-gourmandes-de-joce.fr\/index.php\/index-divers\/decorations-de-table\/creations-de-decorations-de-table\/bonhommes-de-neige-deco-de-table-de-noel\/\">Lire la suite<\/a><\/p>\n","protected":false},"author":2,"featured_media":87831,"parent":17982,"menu_order":0,"comment_status":"open","ping_status":"closed","template":"","meta":{"footnotes":""},"class_list":["post-25194","page","type-page","status-publish","has-post-thumbnail","hentry","nodate","item-wrap"],"_links":{"self":[{"href":"http:\/\/recettes-gourmandes-de-joce.fr\/index.php\/wp-json\/wp\/v2\/pages\/25194","targetHints":{"allow":["GET"]}}],"collection":[{"href":"http:\/\/recettes-gourmandes-de-joce.fr\/index.php\/wp-json\/wp\/v2\/pages"}],"about":[{"href":"http:\/\/recettes-gourmandes-de-joce.fr\/index.php\/wp-json\/wp\/v2\/types\/page"}],"author":[{"embeddable":true,"href":"http:\/\/recettes-gourmandes-de-joce.fr\/index.php\/wp-json\/wp\/v2\/users\/2"}],"replies":[{"embeddable":true,"href":"http:\/\/recettes-gourmandes-de-joce.fr\/index.php\/wp-json\/wp\/v2\/comments?post=25194"}],"version-history":[{"count":8,"href":"http:\/\/recettes-gourmandes-de-joce.fr\/index.php\/wp-json\/wp\/v2\/pages\/25194\/revisions"}],"predecessor-version":[{"id":88291,"href":"http:\/\/recettes-gourmandes-de-joce.fr\/index.php\/wp-json\/wp\/v2\/pages\/25194\/revisions\/88291"}],"up":[{"embeddable":true,"href":"http:\/\/recettes-gourmandes-de-joce.fr\/index.php\/wp-json\/wp\/v2\/pages\/17982"}],"wp:featuredmedia":[{"embeddable":true,"href":"http:\/\/recettes-gourmandes-de-joce.fr\/index.php\/wp-json\/wp\/v2\/media\/87831"}],"wp:attachment":[{"href":"http:\/\/recettes-gourmandes-de-joce.fr\/index.php\/wp-json\/wp\/v2\/media?parent=25194"}],"curies":[{"name":"wp","href":"https:\/\/api.w.org\/{rel}","templated":true}]}}