{"id":2514,"date":"2019-10-03T09:18:23","date_gmt":"2019-10-03T09:18:23","guid":{"rendered":"http:\/\/recettes-gourmandes-de-joce.fr\/?page_id=2514"},"modified":"2024-05-14T20:11:16","modified_gmt":"2024-05-14T20:11:16","slug":"tomates-farcies-aux-crevettes-saumon-fume-mais-et-st-moret","status":"publish","type":"page","link":"http:\/\/recettes-gourmandes-de-joce.fr\/index.php\/index\/entrees\/entrees-froides\/tomates-farcies-aux-crevettes-saumon-fume-mais-et-st-moret\/","title":{"rendered":"Tomates farcies aux crevettes, saumon fum\u00e9, ma\u00efs et St Mor\u00eat."},"content":{"rendered":"<p style=\"text-align: center;\"><span style=\"color: #0000ff;\"><span style=\"font-size: 24px;\"><span style=\"font-family: georgia,serif;\"><u><em>Une de mes recettes<\/em><\/u><\/span><\/span><\/span><\/p>\n<p style=\"text-align: center;\"><span style=\"color: #0000ff;\"><img loading=\"lazy\" decoding=\"async\" class=\"alignnone wp-image-81347\" src=\"http:\/\/recettes-gourmandes-de-joce.fr\/wp-content\/uploads\/2024\/05\/tomates-farcies3.jpg\" alt=\"\" width=\"254\" height=\"180\" srcset=\"http:\/\/recettes-gourmandes-de-joce.fr\/wp-content\/uploads\/2024\/05\/tomates-farcies3.jpg 1024w, http:\/\/recettes-gourmandes-de-joce.fr\/wp-content\/uploads\/2024\/05\/tomates-farcies3-768x545.jpg 768w, http:\/\/recettes-gourmandes-de-joce.fr\/wp-content\/uploads\/2024\/05\/tomates-farcies3-750x532.jpg 750w\" sizes=\"auto, (max-width: 254px) 100vw, 254px\" \/>\u00a0<img loading=\"lazy\" decoding=\"async\" class=\"alignnone wp-image-81343\" src=\"http:\/\/recettes-gourmandes-de-joce.fr\/wp-content\/uploads\/2024\/05\/tomates-farcies1.jpg\" alt=\"\" width=\"240\" height=\"180\" srcset=\"http:\/\/recettes-gourmandes-de-joce.fr\/wp-content\/uploads\/2024\/05\/tomates-farcies1.jpg 1024w, http:\/\/recettes-gourmandes-de-joce.fr\/wp-content\/uploads\/2024\/05\/tomates-farcies1-768x576.jpg 768w, http:\/\/recettes-gourmandes-de-joce.fr\/wp-content\/uploads\/2024\/05\/tomates-farcies1-750x563.jpg 750w\" sizes=\"auto, (max-width: 240px) 100vw, 240px\" \/>\u00a0<\/span><span style=\"color: #0000ff;\">\u00a0<\/span><img loading=\"lazy\" decoding=\"async\" class=\"alignnone wp-image-81345\" style=\"color: #0000ff;\" src=\"http:\/\/recettes-gourmandes-de-joce.fr\/wp-content\/uploads\/2024\/05\/tomates-farcies2.jpg\" alt=\"\" width=\"278\" height=\"180\" srcset=\"http:\/\/recettes-gourmandes-de-joce.fr\/wp-content\/uploads\/2024\/05\/tomates-farcies2.jpg 1024w, http:\/\/recettes-gourmandes-de-joce.fr\/wp-content\/uploads\/2024\/05\/tomates-farcies2-768x497.jpg 768w, http:\/\/recettes-gourmandes-de-joce.fr\/wp-content\/uploads\/2024\/05\/tomates-farcies2-750x486.jpg 750w\" sizes=\"auto, (max-width: 278px) 100vw, 278px\" \/><\/p>\n<p style=\"text-align: center;\"><span style=\"color: #0000ff;\"><span style=\"font-size: 24px;\"><span style=\"font-family: georgia,serif;\"><u><em>Ingr\u00e9dients pour\u00a06 tomates<\/em><\/u><\/span><\/span><\/span><\/p>\n<p style=\"text-align: center;\"><img loading=\"lazy\" decoding=\"async\" class=\"alignnone wp-image-81349\" src=\"http:\/\/recettes-gourmandes-de-joce.fr\/wp-content\/uploads\/2024\/05\/tomates-farcies4.jpg\" alt=\"\" width=\"267\" height=\"200\" srcset=\"http:\/\/recettes-gourmandes-de-joce.fr\/wp-content\/uploads\/2024\/05\/tomates-farcies4.jpg 1024w, http:\/\/recettes-gourmandes-de-joce.fr\/wp-content\/uploads\/2024\/05\/tomates-farcies4-768x576.jpg 768w, http:\/\/recettes-gourmandes-de-joce.fr\/wp-content\/uploads\/2024\/05\/tomates-farcies4-750x563.jpg 750w\" sizes=\"auto, (max-width: 267px) 100vw, 267px\" \/><\/p>\n<p style=\"text-align: center;\"><span style=\"font-size: 14pt;\"><span style=\"font-family: georgia,serif;\"><em><span style=\"color: #0000ff;\">6 tomates pas trop grosses<\/span><\/em><\/span><\/span><\/p>\n<p style=\"text-align: center;\"><span style=\"font-size: 14pt;\"><span style=\"font-family: georgia,serif;\"><em><span style=\"color: #0000ff;\">20 crevettes roses <\/span><\/em><\/span><\/span><\/p>\n<p style=\"text-align: center;\"><span style=\"font-size: 14pt;\"><span style=\"font-family: georgia,serif;\"><em><span style=\"color: #0000ff;\">150 g de St Mor\u00eat<\/span><\/em><\/span><\/span><\/p>\n<p style=\"text-align: center;\"><span style=\"font-size: 14pt;\"><span style=\"font-family: georgia,serif;\"><em><span style=\"color: #0000ff;\">1 petite boite de Ma\u00efs<\/span><\/em><\/span><\/span><\/p>\n<p style=\"text-align: center;\"><span style=\"font-size: 14pt;\"><span style=\"font-family: georgia,serif;\"><em><span style=\"color: #0000ff;\">2 tranches de saumon fum\u00e9<\/span><\/em><\/span><\/span><\/p>\n<p style=\"text-align: center;\"><span style=\"font-size: 14pt;\"><span style=\"font-family: georgia,serif;\"><em><span style=\"color: #0000ff;\">1 petit bouquet de ciboulette<\/span><\/em><\/span><\/span><\/p>\n<p style=\"text-align: center;\"><span style=\"font-size: 14pt;\"><span style=\"font-family: georgia,serif;\"><em><span style=\"color: #0000ff;\">1 petit bouquet de persil plat<\/span><\/em><\/span><\/span><\/p>\n<p style=\"text-align: center;\"><span style=\"font-size: 14pt;\"><span style=\"font-family: georgia,serif;\"><em><span style=\"color: #0000ff;\">1 gousse d&rsquo;ail<\/span><\/em><\/span><\/span><\/p>\n<p style=\"text-align: center;\"><span style=\"font-size: 14pt;\"><span style=\"font-family: georgia,serif;\"><em><span style=\"color: #0000ff;\">6 fleurs de bourrache<\/span><\/em><\/span><\/span><\/p>\n<p style=\"text-align: center;\"><span style=\"font-size: 14pt;\"><span style=\"font-family: georgia,serif;\"><em><span style=\"color: #0000ff;\">1 bonne pinc\u00e9e de piment d&rsquo;Espelette<\/span><\/em><\/span><\/span><\/p>\n<p style=\"text-align: center;\"><span style=\"font-size: 14pt;\"><span style=\"font-family: georgia,serif;\"><em><span style=\"color: #0000ff;\">Sel et poivre<\/span><\/em><\/span><\/span><\/p>\n<p style=\"text-align: center;\"><img loading=\"lazy\" decoding=\"async\" class=\"alignnone wp-image-81350\" src=\"http:\/\/recettes-gourmandes-de-joce.fr\/wp-content\/uploads\/2024\/05\/tomates-farcies5.jpg\" alt=\"\" width=\"289\" height=\"170\" srcset=\"http:\/\/recettes-gourmandes-de-joce.fr\/wp-content\/uploads\/2024\/05\/tomates-farcies5.jpg 1024w, http:\/\/recettes-gourmandes-de-joce.fr\/wp-content\/uploads\/2024\/05\/tomates-farcies5-768x452.jpg 768w, http:\/\/recettes-gourmandes-de-joce.fr\/wp-content\/uploads\/2024\/05\/tomates-farcies5-750x441.jpg 750w\" sizes=\"auto, (max-width: 289px) 100vw, 289px\" \/> <img loading=\"lazy\" decoding=\"async\" class=\"alignnone wp-image-81352\" src=\"http:\/\/recettes-gourmandes-de-joce.fr\/wp-content\/uploads\/2024\/05\/tomates-farcies6.jpg\" alt=\"\" width=\"227\" height=\"170\" srcset=\"http:\/\/recettes-gourmandes-de-joce.fr\/wp-content\/uploads\/2024\/05\/tomates-farcies6.jpg 1024w, http:\/\/recettes-gourmandes-de-joce.fr\/wp-content\/uploads\/2024\/05\/tomates-farcies6-768x576.jpg 768w, http:\/\/recettes-gourmandes-de-joce.fr\/wp-content\/uploads\/2024\/05\/tomates-farcies6-750x563.jpg 750w\" sizes=\"auto, (max-width: 227px) 100vw, 227px\" \/> <img loading=\"lazy\" decoding=\"async\" class=\"alignnone wp-image-81353\" src=\"http:\/\/recettes-gourmandes-de-joce.fr\/wp-content\/uploads\/2024\/05\/tomates-farcies7.jpg\" alt=\"\" width=\"227\" height=\"170\" srcset=\"http:\/\/recettes-gourmandes-de-joce.fr\/wp-content\/uploads\/2024\/05\/tomates-farcies7.jpg 1024w, http:\/\/recettes-gourmandes-de-joce.fr\/wp-content\/uploads\/2024\/05\/tomates-farcies7-768x576.jpg 768w, http:\/\/recettes-gourmandes-de-joce.fr\/wp-content\/uploads\/2024\/05\/tomates-farcies7-750x563.jpg 750w\" sizes=\"auto, (max-width: 227px) 100vw, 227px\" \/><\/p>\n<p style=\"text-align: center;\"><span style=\"font-size: 14pt;\"><span style=\"font-family: georgia,serif;\"><em><span style=\"color: #0000ff;\">Laver et ciseler finement le persil et la ciboulette, peler, d\u00e9germer et hacher finement l&rsquo;ail. \u00d4ter une tranche des tomates et\u00a0<\/span><\/em><\/span><\/span><em style=\"font-family: georgia, serif; font-size: 18.6667px;\"><span style=\"color: #0000ff;\">les <\/span><\/em><em style=\"font-family: georgia, serif; font-size: 14pt;\"><span style=\"color: #0000ff;\">vider d\u00e9licatement (voir photo), hacher grossi\u00e8rement le saumon fum\u00e9. D\u00e9cortiquer 14 crevettes (en garder 6 pour la d\u00e9co) et coupez l\u00e8s en petits bouts.<\/span><\/em><\/p>\n<p style=\"text-align: center;\"><img loading=\"lazy\" decoding=\"async\" class=\"alignnone wp-image-81354\" src=\"http:\/\/recettes-gourmandes-de-joce.fr\/wp-content\/uploads\/2024\/05\/tomates-farcies8.jpg\" alt=\"\" width=\"227\" height=\"170\" srcset=\"http:\/\/recettes-gourmandes-de-joce.fr\/wp-content\/uploads\/2024\/05\/tomates-farcies8.jpg 1024w, http:\/\/recettes-gourmandes-de-joce.fr\/wp-content\/uploads\/2024\/05\/tomates-farcies8-768x576.jpg 768w, http:\/\/recettes-gourmandes-de-joce.fr\/wp-content\/uploads\/2024\/05\/tomates-farcies8-750x563.jpg 750w\" sizes=\"auto, (max-width: 227px) 100vw, 227px\" \/> <img loading=\"lazy\" decoding=\"async\" class=\"alignnone wp-image-81355\" src=\"http:\/\/recettes-gourmandes-de-joce.fr\/wp-content\/uploads\/2024\/05\/tomates-farcies9.jpg\" alt=\"\" width=\"227\" height=\"170\" srcset=\"http:\/\/recettes-gourmandes-de-joce.fr\/wp-content\/uploads\/2024\/05\/tomates-farcies9.jpg 1024w, http:\/\/recettes-gourmandes-de-joce.fr\/wp-content\/uploads\/2024\/05\/tomates-farcies9-768x576.jpg 768w, http:\/\/recettes-gourmandes-de-joce.fr\/wp-content\/uploads\/2024\/05\/tomates-farcies9-750x563.jpg 750w\" sizes=\"auto, (max-width: 227px) 100vw, 227px\" \/> <img loading=\"lazy\" decoding=\"async\" class=\"alignnone wp-image-81356\" src=\"http:\/\/recettes-gourmandes-de-joce.fr\/wp-content\/uploads\/2024\/05\/tomates-farcies10.jpg\" alt=\"\" width=\"227\" height=\"170\" srcset=\"http:\/\/recettes-gourmandes-de-joce.fr\/wp-content\/uploads\/2024\/05\/tomates-farcies10.jpg 1024w, http:\/\/recettes-gourmandes-de-joce.fr\/wp-content\/uploads\/2024\/05\/tomates-farcies10-768x576.jpg 768w, http:\/\/recettes-gourmandes-de-joce.fr\/wp-content\/uploads\/2024\/05\/tomates-farcies10-750x563.jpg 750w\" sizes=\"auto, (max-width: 227px) 100vw, 227px\" \/><\/p>\n<p style=\"text-align: center;\"><span style=\"font-size: 14pt;\"><span style=\"font-family: georgia,serif;\"><em><span style=\"color: #0000ff;\">Mettre dans un saladier le St Mor\u00eat, l&rsquo;ail, le persil et la ciboulette, m\u00e9langer, saler l\u00e9g\u00e8rement et poivrer, m\u00e9langer \u00e0 nouveau.<\/span><\/em><\/span><\/span><\/p>\n<p style=\"text-align: center;\"><img loading=\"lazy\" decoding=\"async\" class=\"alignnone wp-image-81357\" src=\"http:\/\/recettes-gourmandes-de-joce.fr\/wp-content\/uploads\/2024\/05\/tomates-farcies11.jpg\" alt=\"\" width=\"227\" height=\"170\" srcset=\"http:\/\/recettes-gourmandes-de-joce.fr\/wp-content\/uploads\/2024\/05\/tomates-farcies11.jpg 1024w, http:\/\/recettes-gourmandes-de-joce.fr\/wp-content\/uploads\/2024\/05\/tomates-farcies11-768x576.jpg 768w, http:\/\/recettes-gourmandes-de-joce.fr\/wp-content\/uploads\/2024\/05\/tomates-farcies11-750x563.jpg 750w\" sizes=\"auto, (max-width: 227px) 100vw, 227px\" \/> <img loading=\"lazy\" decoding=\"async\" class=\"alignnone wp-image-81358\" src=\"http:\/\/recettes-gourmandes-de-joce.fr\/wp-content\/uploads\/2024\/05\/tomates-farcies12.jpg\" alt=\"\" width=\"227\" height=\"170\" srcset=\"http:\/\/recettes-gourmandes-de-joce.fr\/wp-content\/uploads\/2024\/05\/tomates-farcies12.jpg 1024w, http:\/\/recettes-gourmandes-de-joce.fr\/wp-content\/uploads\/2024\/05\/tomates-farcies12-768x576.jpg 768w, http:\/\/recettes-gourmandes-de-joce.fr\/wp-content\/uploads\/2024\/05\/tomates-farcies12-750x563.jpg 750w\" sizes=\"auto, (max-width: 227px) 100vw, 227px\" \/> <img loading=\"lazy\" decoding=\"async\" class=\"alignnone wp-image-81359\" src=\"http:\/\/recettes-gourmandes-de-joce.fr\/wp-content\/uploads\/2024\/05\/tomates-farcies13.jpg\" alt=\"\" width=\"227\" height=\"170\" srcset=\"http:\/\/recettes-gourmandes-de-joce.fr\/wp-content\/uploads\/2024\/05\/tomates-farcies13.jpg 1024w, http:\/\/recettes-gourmandes-de-joce.fr\/wp-content\/uploads\/2024\/05\/tomates-farcies13-768x576.jpg 768w, http:\/\/recettes-gourmandes-de-joce.fr\/wp-content\/uploads\/2024\/05\/tomates-farcies13-750x563.jpg 750w\" sizes=\"auto, (max-width: 227px) 100vw, 227px\" \/><\/p>\n<p style=\"text-align: center;\"><span style=\"font-size: 14pt;\"><span style=\"font-family: georgia,serif;\"><em><span style=\"color: #0000ff;\">ajouter le saumon, le piment d&rsquo;Espelette, les crevette et m\u00e9langer \u00e0 nouveau.<\/span><\/em><\/span><\/span><\/p>\n<p style=\"text-align: center;\"><img loading=\"lazy\" decoding=\"async\" class=\"alignnone wp-image-81360\" src=\"http:\/\/recettes-gourmandes-de-joce.fr\/wp-content\/uploads\/2024\/05\/tomates-farcies14.jpg\" alt=\"\" width=\"227\" height=\"170\" srcset=\"http:\/\/recettes-gourmandes-de-joce.fr\/wp-content\/uploads\/2024\/05\/tomates-farcies14.jpg 1024w, http:\/\/recettes-gourmandes-de-joce.fr\/wp-content\/uploads\/2024\/05\/tomates-farcies14-768x576.jpg 768w, http:\/\/recettes-gourmandes-de-joce.fr\/wp-content\/uploads\/2024\/05\/tomates-farcies14-750x563.jpg 750w\" sizes=\"auto, (max-width: 227px) 100vw, 227px\" \/> <img loading=\"lazy\" decoding=\"async\" class=\"alignnone wp-image-81361\" src=\"http:\/\/recettes-gourmandes-de-joce.fr\/wp-content\/uploads\/2024\/05\/tomates-farcies15.jpg\" alt=\"\" width=\"227\" height=\"170\" srcset=\"http:\/\/recettes-gourmandes-de-joce.fr\/wp-content\/uploads\/2024\/05\/tomates-farcies15.jpg 1024w, http:\/\/recettes-gourmandes-de-joce.fr\/wp-content\/uploads\/2024\/05\/tomates-farcies15-768x576.jpg 768w, http:\/\/recettes-gourmandes-de-joce.fr\/wp-content\/uploads\/2024\/05\/tomates-farcies15-750x563.jpg 750w\" sizes=\"auto, (max-width: 227px) 100vw, 227px\" \/><\/p>\n<p style=\"text-align: center;\"><span style=\"font-size: 14pt;\"><span style=\"font-family: georgia,serif;\"><em><span style=\"color: #0000ff;\">Ajouter le ma\u00efs, m\u00e9langer et remplir les tomates de cette farce, d\u00e9corer chaque tomate avec une fleur de bourrache, une crevette, une pluche de persil et une tige de ciboulette, servir bien frais.<\/span><\/em><\/span><\/span><\/p>\n<p style=\"text-align: center;\"><span style=\"color: #0000ff; font-size: 14pt;\"><span style=\"font-family: georgia,serif;\"><em>Version verrines ap\u00e9ritives sur ce <\/em><\/span><\/span><span style=\"color: #0000ff; font-family: georgia, palatino, serif; font-size: 14pt;\"><em>lien -&gt;<a href=\"http:\/\/recettes-gourmandes-de-joce.fr\/index.php\/index\/aperitifs-amuses-bouches\/verrines-froides\/verrines-aperitives-aux-crevettes-saumon-fume-mais-et-st-moret\/\"> Verrines de crevettes, saumon et ma\u00efs au St Mor\u00eat<\/a><\/em>\u00a0<\/span><\/p>\n<p style=\"text-align: center;\"><span style=\"color: #0000ff; font-size: 14pt;\"><span style=\"font-family: georgia,serif;\"><em>Bon app\u00e9tit!<\/em><\/span><\/span><\/p>\n<p style=\"text-align: center;\"><img loading=\"lazy\" decoding=\"async\" class=\"alignnone wp-image-81364\" src=\"http:\/\/recettes-gourmandes-de-joce.fr\/wp-content\/uploads\/2024\/05\/tomates-farcies17.jpg\" alt=\"\" width=\"261\" height=\"180\" srcset=\"http:\/\/recettes-gourmandes-de-joce.fr\/wp-content\/uploads\/2024\/05\/tomates-farcies17.jpg 1024w, http:\/\/recettes-gourmandes-de-joce.fr\/wp-content\/uploads\/2024\/05\/tomates-farcies17-768x530.jpg 768w, http:\/\/recettes-gourmandes-de-joce.fr\/wp-content\/uploads\/2024\/05\/tomates-farcies17-750x517.jpg 750w\" sizes=\"auto, (max-width: 261px) 100vw, 261px\" \/><\/p>\n<p style=\"text-align: center;\"><img loading=\"lazy\" decoding=\"async\" class=\"alignnone wp-image-81366\" src=\"http:\/\/recettes-gourmandes-de-joce.fr\/wp-content\/uploads\/2024\/05\/tomates-farcies18.jpg\" alt=\"\" width=\"246\" height=\"180\" srcset=\"http:\/\/recettes-gourmandes-de-joce.fr\/wp-content\/uploads\/2024\/05\/tomates-farcies18.jpg 1024w, http:\/\/recettes-gourmandes-de-joce.fr\/wp-content\/uploads\/2024\/05\/tomates-farcies18-768x562.jpg 768w, http:\/\/recettes-gourmandes-de-joce.fr\/wp-content\/uploads\/2024\/05\/tomates-farcies18-750x549.jpg 750w\" sizes=\"auto, (max-width: 246px) 100vw, 246px\" \/>\u00a0<img loading=\"lazy\" decoding=\"async\" class=\"alignnone wp-image-81362\" src=\"http:\/\/recettes-gourmandes-de-joce.fr\/wp-content\/uploads\/2024\/05\/tomates-farcies16.jpg\" alt=\"\" width=\"240\" height=\"180\" srcset=\"http:\/\/recettes-gourmandes-de-joce.fr\/wp-content\/uploads\/2024\/05\/tomates-farcies16.jpg 1024w, http:\/\/recettes-gourmandes-de-joce.fr\/wp-content\/uploads\/2024\/05\/tomates-farcies16-768x576.jpg 768w, http:\/\/recettes-gourmandes-de-joce.fr\/wp-content\/uploads\/2024\/05\/tomates-farcies16-750x563.jpg 750w\" sizes=\"auto, (max-width: 240px) 100vw, 240px\" \/><\/p>\n<p style=\"text-align: center;\"><img loading=\"lazy\" decoding=\"async\" class=\"alignnone wp-image-44943 size-full\" src=\"http:\/\/recettes-gourmandes-de-joce.fr\/wp-content\/uploads\/2022\/05\/logitech-gaming-software-14112014-121223.jpg\" alt=\"\" width=\"640\" height=\"144\" srcset=\"http:\/\/recettes-gourmandes-de-joce.fr\/wp-content\/uploads\/2022\/05\/logitech-gaming-software-14112014-121223.jpg 640w, http:\/\/recettes-gourmandes-de-joce.fr\/wp-content\/uploads\/2022\/05\/logitech-gaming-software-14112014-121223-300x68.jpg 300w\" sizes=\"auto, (max-width: 640px) 100vw, 640px\" \/><\/p>\n","protected":false},"excerpt":{"rendered":"<p>Une de mes recettes \u00a0\u00a0\u00a0 Ingr\u00e9dients pour\u00a06 tomates 6 tomates pas trop grosses 20 crevettes roses 150 g de St Mor\u00eat 1 petite boite de Ma\u00efs 2 tranches de saumon fum\u00e9 1 petit bouquet de ciboulette 1 petit bouquet de persil plat 1 gousse d&rsquo;ail 6 fleurs de bourrache 1 bonne pinc\u00e9e de piment d&rsquo;Espelette &hellip; <\/p>\n<p><a class=\"more-link btn\" href=\"http:\/\/recettes-gourmandes-de-joce.fr\/index.php\/index\/entrees\/entrees-froides\/tomates-farcies-aux-crevettes-saumon-fume-mais-et-st-moret\/\">Lire la suite<\/a><\/p>\n","protected":false},"author":2,"featured_media":81364,"parent":185,"menu_order":0,"comment_status":"open","ping_status":"closed","template":"","meta":{"footnotes":""},"class_list":["post-2514","page","type-page","status-publish","has-post-thumbnail","hentry","nodate","item-wrap"],"_links":{"self":[{"href":"http:\/\/recettes-gourmandes-de-joce.fr\/index.php\/wp-json\/wp\/v2\/pages\/2514","targetHints":{"allow":["GET"]}}],"collection":[{"href":"http:\/\/recettes-gourmandes-de-joce.fr\/index.php\/wp-json\/wp\/v2\/pages"}],"about":[{"href":"http:\/\/recettes-gourmandes-de-joce.fr\/index.php\/wp-json\/wp\/v2\/types\/page"}],"author":[{"embeddable":true,"href":"http:\/\/recettes-gourmandes-de-joce.fr\/index.php\/wp-json\/wp\/v2\/users\/2"}],"replies":[{"embeddable":true,"href":"http:\/\/recettes-gourmandes-de-joce.fr\/index.php\/wp-json\/wp\/v2\/comments?post=2514"}],"version-history":[{"count":5,"href":"http:\/\/recettes-gourmandes-de-joce.fr\/index.php\/wp-json\/wp\/v2\/pages\/2514\/revisions"}],"predecessor-version":[{"id":81547,"href":"http:\/\/recettes-gourmandes-de-joce.fr\/index.php\/wp-json\/wp\/v2\/pages\/2514\/revisions\/81547"}],"up":[{"embeddable":true,"href":"http:\/\/recettes-gourmandes-de-joce.fr\/index.php\/wp-json\/wp\/v2\/pages\/185"}],"wp:featuredmedia":[{"embeddable":true,"href":"http:\/\/recettes-gourmandes-de-joce.fr\/index.php\/wp-json\/wp\/v2\/media\/81364"}],"wp:attachment":[{"href":"http:\/\/recettes-gourmandes-de-joce.fr\/index.php\/wp-json\/wp\/v2\/media?parent=2514"}],"curies":[{"name":"wp","href":"https:\/\/api.w.org\/{rel}","templated":true}]}}