{"id":24882,"date":"2020-08-30T13:17:13","date_gmt":"2020-08-30T13:17:13","guid":{"rendered":"http:\/\/recettes-gourmandes-de-joce.fr\/?page_id=24882"},"modified":"2024-07-15T18:23:15","modified_gmt":"2024-07-15T18:23:15","slug":"pliage-de-serviettes-de-table-en-forme-de-coeur","status":"publish","type":"page","link":"http:\/\/recettes-gourmandes-de-joce.fr\/index.php\/index-divers\/decorations-de-table\/pliage-de-serviette-de-table\/pliage-de-serviettes-de-table-en-forme-de-coeur\/","title":{"rendered":"Pliage de serviettes de table en forme de c\u0153ur."},"content":{"rendered":"<p style=\"text-align: center;\"><span style=\"font-family: georgia, palatino, serif; font-size: 18pt;\"><span style=\"text-decoration: underline;\"><span style=\"color: #ff0000; text-decoration: underline;\"><em><em>Une id\u00e9e sympa pour la St Valentin<\/em><\/em><\/span><\/span><span style=\"color: #ff0000;\"><em><em><span style=\"text-decoration: underline;\"> ou la f\u00eate des m\u00e8res et des mamies<\/span><\/em><\/em><\/span><\/span><\/p>\n<p style=\"text-align: center;\"><span style=\"font-family: georgia, palatino, serif; font-size: 14pt; color: #ff0000;\"><em><em>\u00a0<img loading=\"lazy\" decoding=\"async\" class=\"alignnone wp-image-24875\" src=\"http:\/\/recettes-gourmandes-de-joce.fr\/wp-content\/uploads\/2020\/08\/P21105501-150x150.jpg\" alt=\"\" width=\"222\" height=\"180\" srcset=\"http:\/\/recettes-gourmandes-de-joce.fr\/wp-content\/uploads\/2020\/08\/P21105501-300x244.jpg 300w, http:\/\/recettes-gourmandes-de-joce.fr\/wp-content\/uploads\/2020\/08\/P21105501.jpg 436w\" sizes=\"auto, (max-width: 222px) 100vw, 222px\" \/><\/em><\/em><\/span><\/p>\n<p style=\"text-align: center;\"><span style=\"font-family: georgia, palatino, serif; font-size: 14pt;\"><img loading=\"lazy\" decoding=\"async\" class=\"alignnone wp-image-24878\" src=\"http:\/\/recettes-gourmandes-de-joce.fr\/wp-content\/uploads\/2020\/08\/P21105421-150x150.jpg\" alt=\"\" width=\"315\" height=\"170\" srcset=\"http:\/\/recettes-gourmandes-de-joce.fr\/wp-content\/uploads\/2020\/08\/P21105421-300x162.jpg 300w, http:\/\/recettes-gourmandes-de-joce.fr\/wp-content\/uploads\/2020\/08\/P21105421.jpg 513w\" sizes=\"auto, (max-width: 315px) 100vw, 315px\" \/> <img loading=\"lazy\" decoding=\"async\" class=\"alignnone wp-image-24879\" src=\"http:\/\/recettes-gourmandes-de-joce.fr\/wp-content\/uploads\/2020\/08\/P21105431-150x150.jpg\" alt=\"\" width=\"380\" height=\"170\" srcset=\"http:\/\/recettes-gourmandes-de-joce.fr\/wp-content\/uploads\/2020\/08\/P21105431-300x134.jpg 300w, http:\/\/recettes-gourmandes-de-joce.fr\/wp-content\/uploads\/2020\/08\/P21105431.jpg 517w\" sizes=\"auto, (max-width: 380px) 100vw, 380px\" \/><\/span><\/p>\n<p style=\"text-align: center;\"><span style=\"font-family: georgia, palatino, serif; font-size: 14pt;\"><em style=\"color: #ff0000; text-align: center;\"><em>Poser votre serviette sur l&rsquo;envers devant vous, rabattre le haut sur le bas en la pliant en deux, recommencer mais cette fois rabattre le bas sur le haut, on obtient une bande.\u00a0<\/em><\/em><\/span><\/p>\n<p style=\"text-align: center;\"><span style=\"font-family: georgia, palatino, serif; font-size: 14pt;\"><img loading=\"lazy\" decoding=\"async\" class=\"alignnone wp-image-24880\" src=\"http:\/\/recettes-gourmandes-de-joce.fr\/wp-content\/uploads\/2020\/08\/P21105441-150x150.jpg\" alt=\"\" width=\"257\" height=\"170\" srcset=\"http:\/\/recettes-gourmandes-de-joce.fr\/wp-content\/uploads\/2020\/08\/P21105441-300x199.jpg 300w, http:\/\/recettes-gourmandes-de-joce.fr\/wp-content\/uploads\/2020\/08\/P21105441.jpg 467w\" sizes=\"auto, (max-width: 257px) 100vw, 257px\" \/> <img loading=\"lazy\" decoding=\"async\" class=\"alignnone wp-image-24881\" src=\"http:\/\/recettes-gourmandes-de-joce.fr\/wp-content\/uploads\/2020\/08\/P21105461-150x150.jpg\" alt=\"\" width=\"208\" height=\"170\" srcset=\"http:\/\/recettes-gourmandes-de-joce.fr\/wp-content\/uploads\/2020\/08\/P21105461-300x245.jpg 300w, http:\/\/recettes-gourmandes-de-joce.fr\/wp-content\/uploads\/2020\/08\/P21105461.jpg 431w\" sizes=\"auto, (max-width: 208px) 100vw, 208px\" \/><\/span><\/p>\n<p style=\"text-align: center;\"><span style=\"font-family: georgia, palatino, serif; font-size: 14pt;\"><em style=\"text-align: center;\"><em><span style=\"color: #ff0000; font-size: large;\">Plier le cot\u00e9 gauche en pointe en rabattant les angles (aidez vous des photos). <\/span><\/em><\/em><span style=\"color: #ff0000;\"><em><em>Recommencer avec le cot\u00e9 droit, plier ensuite la bande en deux pour marquer le centre, rabattre ensuite le cot\u00e9 gauche vers le haut en l&rsquo;alignant sur le pli central.<\/em><\/em><\/span><\/span><\/p>\n<p style=\"text-align: center;\"><span style=\"font-family: georgia, palatino, serif; font-size: 14pt;\"><span style=\"color: #ff0000;\"><em><em>\u00a0<img loading=\"lazy\" decoding=\"async\" class=\"alignnone wp-image-24874\" src=\"http:\/\/recettes-gourmandes-de-joce.fr\/wp-content\/uploads\/2020\/08\/P21105481-150x150.jpg\" alt=\"\" width=\"208\" height=\"170\" srcset=\"http:\/\/recettes-gourmandes-de-joce.fr\/wp-content\/uploads\/2020\/08\/P21105481-300x245.jpg 300w, http:\/\/recettes-gourmandes-de-joce.fr\/wp-content\/uploads\/2020\/08\/P21105481.jpg 407w\" sizes=\"auto, (max-width: 208px) 100vw, 208px\" \/>\u00a0<\/em><\/em><\/span><img loading=\"lazy\" decoding=\"async\" class=\"alignnone wp-image-24876\" src=\"http:\/\/recettes-gourmandes-de-joce.fr\/wp-content\/uploads\/2020\/08\/P21105521-150x150.jpg\" alt=\"\" width=\"193\" height=\"170\" srcset=\"http:\/\/recettes-gourmandes-de-joce.fr\/wp-content\/uploads\/2020\/08\/P21105521-300x264.jpg 300w, http:\/\/recettes-gourmandes-de-joce.fr\/wp-content\/uploads\/2020\/08\/P21105521.jpg 389w\" sizes=\"auto, (max-width: 193px) 100vw, 193px\" \/><\/span><\/p>\n<p style=\"text-align: center;\"><span style=\"font-family: georgia, palatino, serif; font-size: 14pt;\"><span style=\"color: #ff0000; font-size: large;\"><i>Recommencer<\/i><\/span><em><em><span style=\"color: #ff0000; font-size: large;\">\u00a0avec le cot\u00e9 droit, votre c\u0153ur\u00a0est former. <\/span><\/em><\/em><em><em><span style=\"color: #ff0000; font-size: large;\">Retourner le et rabattre les pointes de fa\u00e7on \u00e0 former l&rsquo;arrondi du c\u0153ur.\u00a0<\/span><\/em><\/em><\/span><\/p>\n<p style=\"text-align: center;\"><span style=\"font-family: georgia, palatino, serif; font-size: 14pt;\"><img loading=\"lazy\" decoding=\"async\" class=\"alignnone wp-image-24877\" src=\"http:\/\/recettes-gourmandes-de-joce.fr\/wp-content\/uploads\/2020\/08\/P21105531-150x150.jpg\" alt=\"\" width=\"227\" height=\"170\" srcset=\"http:\/\/recettes-gourmandes-de-joce.fr\/wp-content\/uploads\/2020\/08\/P21105531-300x225.jpg 300w, http:\/\/recettes-gourmandes-de-joce.fr\/wp-content\/uploads\/2020\/08\/P21105531.jpg 550w\" sizes=\"auto, (max-width: 227px) 100vw, 227px\" \/><\/span><\/p>\n<p style=\"text-align: center;\"><span style=\"font-family: georgia, palatino, serif; font-size: 14pt; color: #ff0000;\"><em style=\"color: #4a474b;\"><em><span style=\"color: #ff0000; font-size: large;\">Votre pliage est termin\u00e9.<\/span><\/em><\/em><\/span><\/p>\n<p style=\"text-align: center;\"><span style=\"font-family: georgia, palatino, serif; font-size: 14pt; color: #ff0000;\"><em><em>\u00a0 <img loading=\"lazy\" decoding=\"async\" class=\"alignnone wp-image-24875\" src=\"http:\/\/recettes-gourmandes-de-joce.fr\/wp-content\/uploads\/2020\/08\/P21105501-150x150.jpg\" alt=\"\" width=\"222\" height=\"180\" srcset=\"http:\/\/recettes-gourmandes-de-joce.fr\/wp-content\/uploads\/2020\/08\/P21105501-300x244.jpg 300w, http:\/\/recettes-gourmandes-de-joce.fr\/wp-content\/uploads\/2020\/08\/P21105501.jpg 436w\" sizes=\"auto, (max-width: 222px) 100vw, 222px\" \/><\/em><\/em><\/span><\/p>\n<p style=\"text-align: center;\"><span style=\"font-family: georgia, palatino, serif; font-size: 14pt;\"><img loading=\"lazy\" decoding=\"async\" class=\"alignnone wp-image-24317 size-full\" src=\"http:\/\/recettes-gourmandes-de-joce.fr\/wp-content\/uploads\/2020\/07\/logitech-gaming-software-14112014-121223.jpg\" alt=\"\" width=\"640\" height=\"144\" srcset=\"http:\/\/recettes-gourmandes-de-joce.fr\/wp-content\/uploads\/2020\/07\/logitech-gaming-software-14112014-121223.jpg 640w, http:\/\/recettes-gourmandes-de-joce.fr\/wp-content\/uploads\/2020\/07\/logitech-gaming-software-14112014-121223-300x68.jpg 300w\" sizes=\"auto, (max-width: 640px) 100vw, 640px\" \/><\/span><\/p>\n","protected":false},"excerpt":{"rendered":"<p>Une id\u00e9e sympa pour la St Valentin ou la f\u00eate des m\u00e8res et des mamies \u00a0 Poser votre serviette sur l&rsquo;envers devant vous, rabattre le haut sur le bas en la pliant en deux, recommencer mais cette fois rabattre le bas sur le haut, on obtient une bande.\u00a0 Plier le cot\u00e9 gauche en pointe en &hellip; <\/p>\n<p><a class=\"more-link btn\" href=\"http:\/\/recettes-gourmandes-de-joce.fr\/index.php\/index-divers\/decorations-de-table\/pliage-de-serviette-de-table\/pliage-de-serviettes-de-table-en-forme-de-coeur\/\">Lire la suite<\/a><\/p>\n","protected":false},"author":2,"featured_media":87856,"parent":17972,"menu_order":0,"comment_status":"open","ping_status":"closed","template":"","meta":{"footnotes":""},"class_list":["post-24882","page","type-page","status-publish","has-post-thumbnail","hentry","nodate","item-wrap"],"_links":{"self":[{"href":"http:\/\/recettes-gourmandes-de-joce.fr\/index.php\/wp-json\/wp\/v2\/pages\/24882","targetHints":{"allow":["GET"]}}],"collection":[{"href":"http:\/\/recettes-gourmandes-de-joce.fr\/index.php\/wp-json\/wp\/v2\/pages"}],"about":[{"href":"http:\/\/recettes-gourmandes-de-joce.fr\/index.php\/wp-json\/wp\/v2\/types\/page"}],"author":[{"embeddable":true,"href":"http:\/\/recettes-gourmandes-de-joce.fr\/index.php\/wp-json\/wp\/v2\/users\/2"}],"replies":[{"embeddable":true,"href":"http:\/\/recettes-gourmandes-de-joce.fr\/index.php\/wp-json\/wp\/v2\/comments?post=24882"}],"version-history":[{"count":4,"href":"http:\/\/recettes-gourmandes-de-joce.fr\/index.php\/wp-json\/wp\/v2\/pages\/24882\/revisions"}],"predecessor-version":[{"id":87858,"href":"http:\/\/recettes-gourmandes-de-joce.fr\/index.php\/wp-json\/wp\/v2\/pages\/24882\/revisions\/87858"}],"up":[{"embeddable":true,"href":"http:\/\/recettes-gourmandes-de-joce.fr\/index.php\/wp-json\/wp\/v2\/pages\/17972"}],"wp:featuredmedia":[{"embeddable":true,"href":"http:\/\/recettes-gourmandes-de-joce.fr\/index.php\/wp-json\/wp\/v2\/media\/87856"}],"wp:attachment":[{"href":"http:\/\/recettes-gourmandes-de-joce.fr\/index.php\/wp-json\/wp\/v2\/media?parent=24882"}],"curies":[{"name":"wp","href":"https:\/\/api.w.org\/{rel}","templated":true}]}}