{"id":24871,"date":"2020-08-30T12:49:59","date_gmt":"2020-08-30T12:49:59","guid":{"rendered":"http:\/\/recettes-gourmandes-de-joce.fr\/?page_id=24871"},"modified":"2024-07-15T18:14:02","modified_gmt":"2024-07-15T18:14:02","slug":"pliage-de-serviette-de-table-en-forme-de-rose","status":"publish","type":"page","link":"http:\/\/recettes-gourmandes-de-joce.fr\/index.php\/index-divers\/decorations-de-table\/pliage-de-serviette-de-table\/pliage-de-serviette-de-table-en-forme-de-rose\/","title":{"rendered":"Pliage de serviette de table en forme de rose."},"content":{"rendered":"<p style=\"text-align: center;\"><span style=\"font-family: georgia, palatino, serif;\"><em><span style=\"color: #ff0000; font-size: large;\"><span style=\"text-decoration: underline; color: #f452b3;\"><span style=\"font-size: x-large;\">Pliage de serviette de table en forme de rose<\/span><\/span><\/span><\/em><\/span><\/p>\n<p style=\"text-align: center;\"><span style=\"font-family: georgia, palatino, serif;\"><em><span style=\"color: #ff0000; font-size: large;\"><span style=\"text-decoration: underline; color: #f452b3;\"><span style=\"font-size: x-large;\"><img loading=\"lazy\" decoding=\"async\" class=\"alignnone wp-image-24849\" src=\"http:\/\/recettes-gourmandes-de-joce.fr\/wp-content\/uploads\/2020\/08\/pliage_serviette_rose_01-150x150.jpg\" alt=\"\" width=\"240\" height=\"180\" srcset=\"http:\/\/recettes-gourmandes-de-joce.fr\/wp-content\/uploads\/2020\/08\/pliage_serviette_rose_01-300x225.jpg 300w, http:\/\/recettes-gourmandes-de-joce.fr\/wp-content\/uploads\/2020\/08\/pliage_serviette_rose_01.jpg 550w\" sizes=\"auto, (max-width: 240px) 100vw, 240px\" \/><\/span><\/span><\/span><\/em><\/span><\/p>\n<p style=\"text-align: center;\"><span style=\"font-family: georgia, palatino, serif;\"><em><span style=\"color: #ff0000; font-size: large;\"><span style=\"text-decoration: underline; color: #f452b3;\"><span style=\"font-size: x-large;\">R\u00e9alisation<\/span><\/span><\/span><\/em><\/span><\/p>\n<p style=\"text-align: center;\"><span style=\"font-family: georgia, palatino, serif;\"><em><span style=\"color: #f452b3; font-size: large;\">1 ) Poser la serviette \u00e0 plat, c\u00f4t\u00e9 envers sur le dessus.<\/span><\/em><\/span><\/p>\n<p style=\"text-align: center;\"><span style=\"font-family: georgia, palatino, serif;\"><img loading=\"lazy\" decoding=\"async\" class=\"alignnone wp-image-24850\" src=\"http:\/\/recettes-gourmandes-de-joce.fr\/wp-content\/uploads\/2020\/08\/pliage_de_serviette_rose_01-150x150.jpg\" alt=\"\" width=\"240\" height=\"170\" srcset=\"http:\/\/recettes-gourmandes-de-joce.fr\/wp-content\/uploads\/2020\/08\/pliage_de_serviette_rose_01-300x212.jpg 300w, http:\/\/recettes-gourmandes-de-joce.fr\/wp-content\/uploads\/2020\/08\/pliage_de_serviette_rose_01.jpg 550w\" sizes=\"auto, (max-width: 240px) 100vw, 240px\" \/><\/span><\/p>\n<p style=\"text-align: center;\"><span style=\"font-family: georgia, palatino, serif;\"><em><span style=\"color: #f452b3; font-size: large;\">2 ) Plier en deux en diagonale\u00a0et placer la pointe ouverte vers le haut.<\/span><\/em><\/span><\/p>\n<p style=\"text-align: center;\"><span style=\"font-family: georgia, palatino, serif;\"><img loading=\"lazy\" decoding=\"async\" class=\"alignnone wp-image-24872\" src=\"http:\/\/recettes-gourmandes-de-joce.fr\/wp-content\/uploads\/2020\/08\/pliage_de_serviette_rose_02-001-150x150.jpg\" alt=\"\" width=\"258\" height=\"170\" srcset=\"http:\/\/recettes-gourmandes-de-joce.fr\/wp-content\/uploads\/2020\/08\/pliage_de_serviette_rose_02-001-300x198.jpg 300w, http:\/\/recettes-gourmandes-de-joce.fr\/wp-content\/uploads\/2020\/08\/pliage_de_serviette_rose_02-001.jpg 550w\" sizes=\"auto, (max-width: 258px) 100vw, 258px\" \/> <img loading=\"lazy\" decoding=\"async\" class=\"alignnone wp-image-24851\" src=\"http:\/\/recettes-gourmandes-de-joce.fr\/wp-content\/uploads\/2020\/08\/pliage_de_serviette_rose_03-150x150.jpg\" alt=\"\" width=\"305\" height=\"170\" srcset=\"http:\/\/recettes-gourmandes-de-joce.fr\/wp-content\/uploads\/2020\/08\/pliage_de_serviette_rose_03-300x167.jpg 300w, http:\/\/recettes-gourmandes-de-joce.fr\/wp-content\/uploads\/2020\/08\/pliage_de_serviette_rose_03.jpg 550w\" sizes=\"auto, (max-width: 305px) 100vw, 305px\" \/><\/span><\/p>\n<p style=\"text-align: center;\"><span style=\"font-family: georgia, palatino, serif;\"><em><span style=\"color: #f452b3; font-size: large;\">3 ) Enrouler la base sur elle m\u00eame.<\/span><\/em><\/span><\/p>\n<p style=\"text-align: center;\"><span style=\"font-family: georgia, palatino, serif;\">\u00a0 <img loading=\"lazy\" decoding=\"async\" class=\"alignnone wp-image-24852\" src=\"http:\/\/recettes-gourmandes-de-joce.fr\/wp-content\/uploads\/2020\/08\/pliage_de_serviette_rose_04-150x150.jpg\" alt=\"\" width=\"252\" height=\"170\" srcset=\"http:\/\/recettes-gourmandes-de-joce.fr\/wp-content\/uploads\/2020\/08\/pliage_de_serviette_rose_04-300x202.jpg 300w, http:\/\/recettes-gourmandes-de-joce.fr\/wp-content\/uploads\/2020\/08\/pliage_de_serviette_rose_04.jpg 498w\" sizes=\"auto, (max-width: 252px) 100vw, 252px\" \/><\/span><\/p>\n<p style=\"text-align: center;\"><span style=\"font-family: georgia, palatino, serif;\"><em><span style=\"color: #f452b3; font-size: large;\">4 ) Enrouler la bande obtenue sur elle m\u00eame en d\u00e9calant l\u00e9g\u00e8rement.<\/span><\/em><\/span><\/p>\n<p style=\"text-align: center;\"><span style=\"font-family: georgia, palatino, serif;\"><img loading=\"lazy\" decoding=\"async\" class=\"alignnone wp-image-24853\" src=\"http:\/\/recettes-gourmandes-de-joce.fr\/wp-content\/uploads\/2020\/08\/pliage_serviette_range_couverts_10-150x150.jpg\" alt=\"\" width=\"251\" height=\"170\" srcset=\"http:\/\/recettes-gourmandes-de-joce.fr\/wp-content\/uploads\/2020\/08\/pliage_serviette_range_couverts_10-300x203.jpg 300w, http:\/\/recettes-gourmandes-de-joce.fr\/wp-content\/uploads\/2020\/08\/pliage_serviette_range_couverts_10.jpg 430w\" sizes=\"auto, (max-width: 251px) 100vw, 251px\" \/>\u00a0\u00a0<\/span><\/p>\n<p style=\"text-align: center;\"><span style=\"font-family: georgia, palatino, serif;\"><em><span style=\"color: #f452b3; font-size: large;\">5 ) Glisser le fin de la bande \u00e0 l&rsquo;int\u00e9rieur et mettre en forme en tirant l\u00e9g\u00e8rement.<\/span><\/em><\/span><\/p>\n<p style=\"text-align: center;\"><span style=\"font-family: georgia, palatino, serif;\"><img loading=\"lazy\" decoding=\"async\" class=\"alignnone wp-image-24849\" src=\"http:\/\/recettes-gourmandes-de-joce.fr\/wp-content\/uploads\/2020\/08\/pliage_serviette_rose_01-150x150.jpg\" alt=\"\" width=\"227\" height=\"170\" srcset=\"http:\/\/recettes-gourmandes-de-joce.fr\/wp-content\/uploads\/2020\/08\/pliage_serviette_rose_01-300x225.jpg 300w, http:\/\/recettes-gourmandes-de-joce.fr\/wp-content\/uploads\/2020\/08\/pliage_serviette_rose_01.jpg 550w\" sizes=\"auto, (max-width: 227px) 100vw, 227px\" \/>\u00a0\u00a0<\/span><\/p>\n<p style=\"text-align: center;\"><span style=\"font-family: georgia, palatino, serif;\"><em><span style=\"color: #f452b3; font-size: large;\">Pliage termin\u00e9<\/span><\/em><\/span><\/p>\n<p style=\"text-align: center;\"><span style=\"font-family: georgia, palatino, serif;\"><img loading=\"lazy\" decoding=\"async\" class=\"alignnone wp-image-24317 size-full\" src=\"http:\/\/recettes-gourmandes-de-joce.fr\/wp-content\/uploads\/2020\/07\/logitech-gaming-software-14112014-121223.jpg\" alt=\"\" width=\"640\" height=\"144\" srcset=\"http:\/\/recettes-gourmandes-de-joce.fr\/wp-content\/uploads\/2020\/07\/logitech-gaming-software-14112014-121223.jpg 640w, http:\/\/recettes-gourmandes-de-joce.fr\/wp-content\/uploads\/2020\/07\/logitech-gaming-software-14112014-121223-300x68.jpg 300w\" sizes=\"auto, (max-width: 640px) 100vw, 640px\" \/><\/span><\/p>\n","protected":false},"excerpt":{"rendered":"<p>Pliage de serviette de table en forme de rose R\u00e9alisation 1 ) Poser la serviette \u00e0 plat, c\u00f4t\u00e9 envers sur le dessus. 2 ) Plier en deux en diagonale\u00a0et placer la pointe ouverte vers le haut. 3 ) Enrouler la base sur elle m\u00eame. \u00a0 4 ) Enrouler la bande obtenue sur elle m\u00eame en &hellip; <\/p>\n<p><a class=\"more-link btn\" href=\"http:\/\/recettes-gourmandes-de-joce.fr\/index.php\/index-divers\/decorations-de-table\/pliage-de-serviette-de-table\/pliage-de-serviette-de-table-en-forme-de-rose\/\">Lire la suite<\/a><\/p>\n","protected":false},"author":2,"featured_media":87842,"parent":17972,"menu_order":0,"comment_status":"open","ping_status":"closed","template":"","meta":{"footnotes":""},"class_list":["post-24871","page","type-page","status-publish","has-post-thumbnail","hentry","nodate","item-wrap"],"_links":{"self":[{"href":"http:\/\/recettes-gourmandes-de-joce.fr\/index.php\/wp-json\/wp\/v2\/pages\/24871","targetHints":{"allow":["GET"]}}],"collection":[{"href":"http:\/\/recettes-gourmandes-de-joce.fr\/index.php\/wp-json\/wp\/v2\/pages"}],"about":[{"href":"http:\/\/recettes-gourmandes-de-joce.fr\/index.php\/wp-json\/wp\/v2\/types\/page"}],"author":[{"embeddable":true,"href":"http:\/\/recettes-gourmandes-de-joce.fr\/index.php\/wp-json\/wp\/v2\/users\/2"}],"replies":[{"embeddable":true,"href":"http:\/\/recettes-gourmandes-de-joce.fr\/index.php\/wp-json\/wp\/v2\/comments?post=24871"}],"version-history":[{"count":2,"href":"http:\/\/recettes-gourmandes-de-joce.fr\/index.php\/wp-json\/wp\/v2\/pages\/24871\/revisions"}],"predecessor-version":[{"id":87843,"href":"http:\/\/recettes-gourmandes-de-joce.fr\/index.php\/wp-json\/wp\/v2\/pages\/24871\/revisions\/87843"}],"up":[{"embeddable":true,"href":"http:\/\/recettes-gourmandes-de-joce.fr\/index.php\/wp-json\/wp\/v2\/pages\/17972"}],"wp:featuredmedia":[{"embeddable":true,"href":"http:\/\/recettes-gourmandes-de-joce.fr\/index.php\/wp-json\/wp\/v2\/media\/87842"}],"wp:attachment":[{"href":"http:\/\/recettes-gourmandes-de-joce.fr\/index.php\/wp-json\/wp\/v2\/media?parent=24871"}],"curies":[{"name":"wp","href":"https:\/\/api.w.org\/{rel}","templated":true}]}}