{"id":24822,"date":"2020-08-30T11:14:00","date_gmt":"2020-08-30T11:14:00","guid":{"rendered":"http:\/\/recettes-gourmandes-de-joce.fr\/?page_id=24822"},"modified":"2024-05-28T20:59:03","modified_gmt":"2024-05-28T20:59:03","slug":"coeurs-de-palmier-et-toasts-aux-tomates-au-beurre-de-bleu-dauvergne","status":"publish","type":"page","link":"http:\/\/recettes-gourmandes-de-joce.fr\/index.php\/index\/aperitifs-amuses-bouches\/amuses-bouches\/coeurs-de-palmier-et-toasts-aux-tomates-au-beurre-de-bleu-dauvergne\/","title":{"rendered":"C\u0153urs de palmier et toasts aux tomates au beurre de bleu d&rsquo;Auvergne."},"content":{"rendered":"<p style=\"text-align: center;\"><span style=\"font-family: georgia,serif;\"><span style=\"color: #339894;\"><em><span style=\"text-decoration: underline;\"><span style=\"font-size: x-large;\">Une de mes recettes.<\/span><\/span><\/em><\/span><\/span><\/p>\n<p style=\"text-align: center;\"><img loading=\"lazy\" decoding=\"async\" class=\"alignnone wp-image-24821\" src=\"http:\/\/recettes-gourmandes-de-joce.fr\/wp-content\/uploads\/2020\/08\/amuses_bouche_au_bleu_d_auvergne_et_fromage_a7-150x150.jpg\" alt=\"\" width=\"240\" height=\"180\" srcset=\"http:\/\/recettes-gourmandes-de-joce.fr\/wp-content\/uploads\/2020\/08\/amuses_bouche_au_bleu_d_auvergne_et_fromage_a7-300x225.jpg 300w, http:\/\/recettes-gourmandes-de-joce.fr\/wp-content\/uploads\/2020\/08\/amuses_bouche_au_bleu_d_auvergne_et_fromage_a7.jpg 550w\" sizes=\"auto, (max-width: 240px) 100vw, 240px\" \/> <img loading=\"lazy\" decoding=\"async\" class=\"alignnone wp-image-24813\" src=\"http:\/\/recettes-gourmandes-de-joce.fr\/wp-content\/uploads\/2020\/08\/amuses_bouche_au_bleu_d_auvergne_et_fromage_a8-001-150x150.jpg\" alt=\"\" width=\"210\" height=\"180\" srcset=\"http:\/\/recettes-gourmandes-de-joce.fr\/wp-content\/uploads\/2020\/08\/amuses_bouche_au_bleu_d_auvergne_et_fromage_a8-001-300x257.jpg 300w, http:\/\/recettes-gourmandes-de-joce.fr\/wp-content\/uploads\/2020\/08\/amuses_bouche_au_bleu_d_auvergne_et_fromage_a8-001.jpg 550w\" sizes=\"auto, (max-width: 210px) 100vw, 210px\" \/> <img loading=\"lazy\" decoding=\"async\" class=\"alignnone wp-image-24818\" src=\"http:\/\/recettes-gourmandes-de-joce.fr\/wp-content\/uploads\/2020\/08\/amuses_bouche_au_bleu_d_auvergne_et_fromage_a4-150x150.jpg\" alt=\"\" width=\"240\" height=\"180\" srcset=\"http:\/\/recettes-gourmandes-de-joce.fr\/wp-content\/uploads\/2020\/08\/amuses_bouche_au_bleu_d_auvergne_et_fromage_a4-300x225.jpg 300w, http:\/\/recettes-gourmandes-de-joce.fr\/wp-content\/uploads\/2020\/08\/amuses_bouche_au_bleu_d_auvergne_et_fromage_a4.jpg 550w\" sizes=\"auto, (max-width: 240px) 100vw, 240px\" \/><\/p>\n<p style=\"text-align: center;\"><span style=\"font-family: georgia,serif;\"><span style=\"color: #339894;\"><em><span style=\"text-decoration: underline;\"><span style=\"font-size: x-large;\">Ingr\u00e9dients pour 36 toasts et 12 tomates farcies<\/span><\/span><\/em><\/span><\/span><\/p>\n<p style=\"text-align: center;\"><img loading=\"lazy\" decoding=\"async\" class=\"alignnone wp-image-24814\" src=\"http:\/\/recettes-gourmandes-de-joce.fr\/wp-content\/uploads\/2020\/08\/amuses_bouche_au_bleu_d_auvergne_et_fromage_a-150x150.jpg\" alt=\"\" width=\"236\" height=\"180\" srcset=\"http:\/\/recettes-gourmandes-de-joce.fr\/wp-content\/uploads\/2020\/08\/amuses_bouche_au_bleu_d_auvergne_et_fromage_a-300x229.jpg 300w, http:\/\/recettes-gourmandes-de-joce.fr\/wp-content\/uploads\/2020\/08\/amuses_bouche_au_bleu_d_auvergne_et_fromage_a.jpg 550w\" sizes=\"auto, (max-width: 236px) 100vw, 236px\" \/> <img loading=\"lazy\" decoding=\"async\" class=\"alignnone wp-image-24820\" src=\"http:\/\/recettes-gourmandes-de-joce.fr\/wp-content\/uploads\/2020\/08\/amuses_bouche_au_bleu_d_auvergne_et_fromage_a6-150x150.jpg\" alt=\"\" width=\"237\" height=\"180\" srcset=\"http:\/\/recettes-gourmandes-de-joce.fr\/wp-content\/uploads\/2020\/08\/amuses_bouche_au_bleu_d_auvergne_et_fromage_a6-300x228.jpg 300w, http:\/\/recettes-gourmandes-de-joce.fr\/wp-content\/uploads\/2020\/08\/amuses_bouche_au_bleu_d_auvergne_et_fromage_a6.jpg 511w\" sizes=\"auto, (max-width: 237px) 100vw, 237px\" \/><\/p>\n<p style=\"text-align: center;\"><span style=\"font-family: georgia,serif;\"><em><span style=\"color: #339894; font-size: large;\">24 toasts<\/span><\/em><\/span><\/p>\n<p style=\"text-align: center;\"><span style=\"font-family: georgia,serif;\"><em><span style=\"color: #339894; font-size: large;\">70 g de bleu d&rsquo;Auvergne<\/span><\/em><\/span><\/p>\n<p style=\"text-align: center;\"><span style=\"font-family: georgia,serif;\"><em><span style=\"color: #339894; font-size: large;\">70 g de beurre<\/span><\/em><\/span><\/p>\n<p style=\"text-align: center;\"><span style=\"font-family: georgia,serif;\"><em><span style=\"color: #339894; font-size: large;\">24 tomates cerise<\/span><\/em><\/span><\/p>\n<p style=\"text-align: center;\"><span style=\"font-family: georgia,serif;\"><em><span style=\"color: #339894; font-size: large;\">Quelques\u00a0 feuilles de basilic<\/span><\/em><\/span><\/p>\n<p style=\"text-align: center;\"><span style=\"font-family: georgia,serif;\"><em><span style=\"color: #339894; font-size: large;\">1 petit bouquet de ciboulette<\/span><\/em><\/span><\/p>\n<p style=\"text-align: center;\"><span style=\"font-family: georgia,serif;\"><em><span style=\"color: #339894; font-size: large;\"><span style=\"font-family: georgia, serif; color: #339894; font-size: large;\">1 gros <\/span><span style=\"color: #339894; font-family: georgia, serif; font-size: large;\">c\u0153ur<\/span><span style=\"font-family: georgia, serif; color: #339894; font-size: large;\"> de palmier <\/span><\/span><\/em><\/span><\/p>\n<p style=\"text-align: center;\"><span style=\"font-family: georgia,serif;\"><em><span style=\"color: #339894; font-size: large;\"><span style=\"font-family: georgia, serif; color: #339894; font-size: large;\">Recette de pain pour les toasts sur ce lien -&gt; <a href=\"http:\/\/recettes-gourmandes-de-joce.fr\/index.php\/index\/pains-viennoiseries-map\/pains-pains-speciaux\/pain-baguettes-petits-pains\/\">Ficelle <img loading=\"lazy\" decoding=\"async\" class=\"alignnone wp-image-13361 lazy-loaded\" src=\"http:\/\/recettes-gourmandes-de-joce.fr\/wp-content\/uploads\/2019\/12\/p1010542-1-150x150.jpg\" sizes=\"auto, (max-width: 233px) 100vw, 233px\" srcset=\"http:\/\/recettes-gourmandes-de-joce.fr\/wp-content\/uploads\/2019\/12\/p1010542-1-300x206.jpg 300w, http:\/\/recettes-gourmandes-de-joce.fr\/wp-content\/uploads\/2019\/12\/p1010542-1.jpg 640w\" alt=\"\" width=\"233\" height=\"160\" data-lazy-type=\"image\" data-src=\"http:\/\/recettes-gourmandes-de-joce.fr\/wp-content\/uploads\/2019\/12\/p1010542-1-150x150.jpg\" data-srcset=\"\" \/><\/a><\/span><\/span><\/em><\/span><\/p>\n<p>\u00a0 <img loading=\"lazy\" decoding=\"async\" class=\"alignnone wp-image-13360 lazy-loaded\" src=\"http:\/\/recettes-gourmandes-de-joce.fr\/wp-content\/uploads\/2019\/12\/p1010541-150x150.jpg\" sizes=\"auto, (max-width: 249px) 100vw, 249px\" srcset=\"http:\/\/recettes-gourmandes-de-joce.fr\/wp-content\/uploads\/2019\/12\/p1010541-300x193.jpg 300w, http:\/\/recettes-gourmandes-de-joce.fr\/wp-content\/uploads\/2019\/12\/p1010541.jpg 640w\" alt=\"\" width=\"249\" height=\"160\" data-lazy-type=\"image\" data-src=\"http:\/\/recettes-gourmandes-de-joce.fr\/wp-content\/uploads\/2019\/12\/p1010541-150x150.jpg\" data-srcset=\"\" \/>\u00a0<img loading=\"lazy\" decoding=\"async\" class=\"alignnone wp-image-13361 lazy-loaded\" src=\"http:\/\/recettes-gourmandes-de-joce.fr\/wp-content\/uploads\/2019\/12\/p1010542-1-150x150.jpg\" sizes=\"auto, (max-width: 233px) 100vw, 233px\" srcset=\"http:\/\/recettes-gourmandes-de-joce.fr\/wp-content\/uploads\/2019\/12\/p1010542-1-300x206.jpg 300w, http:\/\/recettes-gourmandes-de-joce.fr\/wp-content\/uploads\/2019\/12\/p1010542-1.jpg 640w\" alt=\"\" width=\"233\" height=\"160\" data-lazy-type=\"image\" data-src=\"http:\/\/recettes-gourmandes-de-joce.fr\/wp-content\/uploads\/2019\/12\/p1010542-1-150x150.jpg\" data-srcset=\"\" \/>\u00a0<img loading=\"lazy\" decoding=\"async\" class=\"alignnone wp-image-13288 lazy-loaded\" src=\"http:\/\/recettes-gourmandes-de-joce.fr\/wp-content\/uploads\/2019\/12\/P1010572-150x150.jpg\" sizes=\"auto, (max-width: 231px) 100vw, 231px\" srcset=\"http:\/\/recettes-gourmandes-de-joce.fr\/wp-content\/uploads\/2019\/12\/P1010572-300x208.jpg 300w, http:\/\/recettes-gourmandes-de-joce.fr\/wp-content\/uploads\/2019\/12\/P1010572.jpg 640w\" alt=\"\" width=\"231\" height=\"160\" data-lazy-type=\"image\" data-src=\"http:\/\/recettes-gourmandes-de-joce.fr\/wp-content\/uploads\/2019\/12\/P1010572-150x150.jpg\" data-srcset=\"\" \/><\/p>\n<p style=\"text-align: center;\"><em style=\"text-align: center;\"><span style=\"font-family: georgia, serif; color: #339894; font-size: large;\">R\u00e9aliser votre pain en suivant la recette, \u00e0 d\u00e9faut utiliser soit de la baguette, soit des toasts du commerce. Couper votre pain en tranches pas trop \u00e9paisses.<\/span><\/em><\/p>\n<p style=\"text-align: center;\"><img loading=\"lazy\" decoding=\"async\" class=\"alignnone wp-image-24815\" src=\"http:\/\/recettes-gourmandes-de-joce.fr\/wp-content\/uploads\/2020\/08\/amuses_bouche_au_bleu_d_auvergne_et_fromage_a1-150x150.jpg\" alt=\"\" width=\"214\" height=\"160\" srcset=\"http:\/\/recettes-gourmandes-de-joce.fr\/wp-content\/uploads\/2020\/08\/amuses_bouche_au_bleu_d_auvergne_et_fromage_a1-300x225.jpg 300w, http:\/\/recettes-gourmandes-de-joce.fr\/wp-content\/uploads\/2020\/08\/amuses_bouche_au_bleu_d_auvergne_et_fromage_a1.jpg 550w\" sizes=\"auto, (max-width: 214px) 100vw, 214px\" \/> <img loading=\"lazy\" decoding=\"async\" class=\"alignnone wp-image-24816\" src=\"http:\/\/recettes-gourmandes-de-joce.fr\/wp-content\/uploads\/2020\/08\/amuses_bouche_au_bleu_d_auvergne_et_fromage_a2-150x150.jpg\" alt=\"\" width=\"214\" height=\"160\" srcset=\"http:\/\/recettes-gourmandes-de-joce.fr\/wp-content\/uploads\/2020\/08\/amuses_bouche_au_bleu_d_auvergne_et_fromage_a2-300x225.jpg 300w, http:\/\/recettes-gourmandes-de-joce.fr\/wp-content\/uploads\/2020\/08\/amuses_bouche_au_bleu_d_auvergne_et_fromage_a2.jpg 550w\" sizes=\"auto, (max-width: 214px) 100vw, 214px\" \/> <img loading=\"lazy\" decoding=\"async\" class=\"alignnone wp-image-24817\" src=\"http:\/\/recettes-gourmandes-de-joce.fr\/wp-content\/uploads\/2020\/08\/amuses_bouche_au_bleu_d_auvergne_et_fromage_a3-150x150.jpg\" alt=\"\" width=\"214\" height=\"160\" srcset=\"http:\/\/recettes-gourmandes-de-joce.fr\/wp-content\/uploads\/2020\/08\/amuses_bouche_au_bleu_d_auvergne_et_fromage_a3-300x225.jpg 300w, http:\/\/recettes-gourmandes-de-joce.fr\/wp-content\/uploads\/2020\/08\/amuses_bouche_au_bleu_d_auvergne_et_fromage_a3.jpg 550w\" sizes=\"auto, (max-width: 214px) 100vw, 214px\" \/><\/p>\n<p style=\"text-align: center;\"><span style=\"font-family: georgia, palatino, serif;\"><span style=\"color: #339894; font-family: georgia, serif; font-size: large;\"><i>\u00c9craser<\/i><\/span><em><span style=\"color: #339894; font-size: large;\">\u00a0le beurre et le bleu ensemble \u00e0 la fourchette pour obtenir une p\u00e2te homog\u00e8ne.<\/span><\/em><\/span><\/p>\n<p style=\"text-align: center;\"><img loading=\"lazy\" decoding=\"async\" class=\"alignnone wp-image-24819\" src=\"http:\/\/recettes-gourmandes-de-joce.fr\/wp-content\/uploads\/2020\/08\/amuses_bouche_au_bleu_d_auvergne_et_fromage_a5-150x150.jpg\" alt=\"\" width=\"300\" height=\"160\" srcset=\"http:\/\/recettes-gourmandes-de-joce.fr\/wp-content\/uploads\/2020\/08\/amuses_bouche_au_bleu_d_auvergne_et_fromage_a5-300x160.jpg 300w, http:\/\/recettes-gourmandes-de-joce.fr\/wp-content\/uploads\/2020\/08\/amuses_bouche_au_bleu_d_auvergne_et_fromage_a5.jpg 550w\" sizes=\"auto, (max-width: 300px) 100vw, 300px\" \/><\/p>\n<p style=\"text-align: center;\"><span style=\"font-family: georgia, palatino, serif;\"><em><span style=\"color: #339894; font-size: large;\">\u00c9taler la moiti\u00e9 du beurre au bleu d&rsquo;Auvergne sur les 24 toasts. Ajouter une demi tomate cerise et quelques feuilles de petit basilic ou de basilic cisel\u00e9.<\/span><\/em><\/span><\/p>\n<p><em><a title=\"titre de l'image\" href=\"http:\/\/jocelyne.debon.free.fr\/tomates-cerise\/tomates-cerise5.JPG\" rel=\"iframe\">\u00a0 \u00a0 \u00a0 \u00a0 \u00a0 \u00a0 \u00a0 \u00a0 \u00a0 \u00a0 \u00a0 \u00a0 \u00a0 \u00a0 \u00a0 \u00a0 \u00a0 \u00a0 \u00a0 \u00a0 \u00a0 \u00a0<img decoding=\"async\" class=\"lazy-loaded\" src=\"http:\/\/jocelyne.debon.free.fr\/tomates-cerise\/tomates-cerise5.JPG\" alt=\"\" width=\"240\" data-lazy-type=\"image\" data-src=\"http:\/\/jocelyne.debon.free.fr\/tomates-cerise\/tomates-cerise5.JPG\" \/> <\/a><a title=\"titre de l'image\" href=\"http:\/\/jocelyne.debon.free.fr\/tomates-cerise\/tomates-cerise12.JPG\" rel=\"iframe\"><img decoding=\"async\" class=\"lazy-loaded\" src=\"http:\/\/jocelyne.debon.free.fr\/tomates-cerise\/tomates-cerise12.JPG\" alt=\"\" width=\"225\" data-lazy-type=\"image\" data-src=\"http:\/\/jocelyne.debon.free.fr\/tomates-cerise\/tomates-cerise12.JPG\" \/><\/a><\/em><\/p>\n<p style=\"text-align: center;\"><span style=\"font-family: georgia,serif;\"><em><span style=\"color: #339894; font-size: large;\"><span style=\"font-family: georgia, serif; color: #339894; font-size: large;\">Laver les tomates restantes, couper les chapeaux et \u00e0 l\u2019aide du dos d\u2019une c \u00e0 c videz les sans les percer. Couper le gros <\/span><span style=\"color: #339894; font-family: georgia, serif; font-size: large;\">c\u0153ur<\/span><span style=\"font-family: georgia, serif; color: #339894; font-size: large;\"> de palmier en 12 rondelles. \u00c9taler un peu de beurre au bleu sur les tranches de c\u0153urs de palmier et ajouter de la ciboulette cisel\u00e9e\u00a0<\/span><\/span><\/em><\/span><em><span style=\"font-family: georgia, serif; color: #339894; font-size: large;\">c&rsquo;est mieux \ud83d\ude09 que des tiges. <\/span><\/em><em><span style=\"font-family: georgia, serif; color: #339894; font-size: large;\">Remplir les tomate l&rsquo;aide d&rsquo;une poche \u00e0 douille du beurre au bleu restant, d\u00e9corer d&rsquo;un peu de basilic cisel\u00e9 .<\/span><\/em><\/p>\n<p style=\"text-align: center;\"><span style=\"font-family: georgia,serif;\"><em><span style=\"color: #339894; font-size: large;\"><span style=\"font-family: georgia, serif; color: #339894; font-size: large;\">C&rsquo;est tr\u00e8s frais et \u00e7a change des toasts habituels<\/span><\/span><\/em><\/span><\/p>\n<p style=\"text-align: center;\"><span style=\"font-family: georgia,serif;\"><em><span style=\"color: #339894; font-size: large;\">Bon ap\u00e9ritif!<\/span><\/em><\/span><\/p>\n<p style=\"text-align: center;\"><img loading=\"lazy\" decoding=\"async\" class=\"alignnone wp-image-24818\" src=\"http:\/\/recettes-gourmandes-de-joce.fr\/wp-content\/uploads\/2020\/08\/amuses_bouche_au_bleu_d_auvergne_et_fromage_a4-150x150.jpg\" alt=\"\" width=\"240\" height=\"180\" srcset=\"http:\/\/recettes-gourmandes-de-joce.fr\/wp-content\/uploads\/2020\/08\/amuses_bouche_au_bleu_d_auvergne_et_fromage_a4-300x225.jpg 300w, http:\/\/recettes-gourmandes-de-joce.fr\/wp-content\/uploads\/2020\/08\/amuses_bouche_au_bleu_d_auvergne_et_fromage_a4.jpg 550w\" sizes=\"auto, (max-width: 240px) 100vw, 240px\" \/> <img loading=\"lazy\" decoding=\"async\" class=\"alignnone wp-image-24813\" src=\"http:\/\/recettes-gourmandes-de-joce.fr\/wp-content\/uploads\/2020\/08\/amuses_bouche_au_bleu_d_auvergne_et_fromage_a8-001-150x150.jpg\" alt=\"\" width=\"210\" height=\"180\" srcset=\"http:\/\/recettes-gourmandes-de-joce.fr\/wp-content\/uploads\/2020\/08\/amuses_bouche_au_bleu_d_auvergne_et_fromage_a8-001-300x257.jpg 300w, http:\/\/recettes-gourmandes-de-joce.fr\/wp-content\/uploads\/2020\/08\/amuses_bouche_au_bleu_d_auvergne_et_fromage_a8-001.jpg 550w\" sizes=\"auto, (max-width: 210px) 100vw, 210px\" \/> <img loading=\"lazy\" decoding=\"async\" class=\"alignnone wp-image-24821\" src=\"http:\/\/recettes-gourmandes-de-joce.fr\/wp-content\/uploads\/2020\/08\/amuses_bouche_au_bleu_d_auvergne_et_fromage_a7-150x150.jpg\" alt=\"\" width=\"240\" height=\"180\" srcset=\"http:\/\/recettes-gourmandes-de-joce.fr\/wp-content\/uploads\/2020\/08\/amuses_bouche_au_bleu_d_auvergne_et_fromage_a7-300x225.jpg 300w, http:\/\/recettes-gourmandes-de-joce.fr\/wp-content\/uploads\/2020\/08\/amuses_bouche_au_bleu_d_auvergne_et_fromage_a7.jpg 550w\" sizes=\"auto, (max-width: 240px) 100vw, 240px\" \/><\/p>\n<p style=\"text-align: center;\"><img loading=\"lazy\" decoding=\"async\" class=\"alignnone wp-image-24317 size-full\" src=\"http:\/\/recettes-gourmandes-de-joce.fr\/wp-content\/uploads\/2020\/07\/logitech-gaming-software-14112014-121223.jpg\" alt=\"\" width=\"640\" height=\"144\" srcset=\"http:\/\/recettes-gourmandes-de-joce.fr\/wp-content\/uploads\/2020\/07\/logitech-gaming-software-14112014-121223.jpg 640w, http:\/\/recettes-gourmandes-de-joce.fr\/wp-content\/uploads\/2020\/07\/logitech-gaming-software-14112014-121223-300x68.jpg 300w\" sizes=\"auto, (max-width: 640px) 100vw, 640px\" \/><\/p>\n<p style=\"text-align: center;\"><em><span style=\"color: #339894; font-size: large;\">\u00a0 <\/span><\/em><\/p>\n","protected":false},"excerpt":{"rendered":"<p>Une de mes recettes. Ingr\u00e9dients pour 36 toasts et 12 tomates farcies 24 toasts 70 g de bleu d&rsquo;Auvergne 70 g de beurre 24 tomates cerise Quelques\u00a0 feuilles de basilic 1 petit bouquet de ciboulette 1 gros c\u0153ur de palmier Recette de pain pour les toasts sur ce lien -&gt; Ficelle \u00a0 \u00a0\u00a0 R\u00e9aliser votre &hellip; <\/p>\n<p><a class=\"more-link btn\" href=\"http:\/\/recettes-gourmandes-de-joce.fr\/index.php\/index\/aperitifs-amuses-bouches\/amuses-bouches\/coeurs-de-palmier-et-toasts-aux-tomates-au-beurre-de-bleu-dauvergne\/\">Lire la suite<\/a><\/p>\n","protected":false},"author":2,"featured_media":83265,"parent":195,"menu_order":0,"comment_status":"open","ping_status":"closed","template":"","meta":{"footnotes":""},"class_list":["post-24822","page","type-page","status-publish","has-post-thumbnail","hentry","nodate","item-wrap"],"_links":{"self":[{"href":"http:\/\/recettes-gourmandes-de-joce.fr\/index.php\/wp-json\/wp\/v2\/pages\/24822","targetHints":{"allow":["GET"]}}],"collection":[{"href":"http:\/\/recettes-gourmandes-de-joce.fr\/index.php\/wp-json\/wp\/v2\/pages"}],"about":[{"href":"http:\/\/recettes-gourmandes-de-joce.fr\/index.php\/wp-json\/wp\/v2\/types\/page"}],"author":[{"embeddable":true,"href":"http:\/\/recettes-gourmandes-de-joce.fr\/index.php\/wp-json\/wp\/v2\/users\/2"}],"replies":[{"embeddable":true,"href":"http:\/\/recettes-gourmandes-de-joce.fr\/index.php\/wp-json\/wp\/v2\/comments?post=24822"}],"version-history":[{"count":4,"href":"http:\/\/recettes-gourmandes-de-joce.fr\/index.php\/wp-json\/wp\/v2\/pages\/24822\/revisions"}],"predecessor-version":[{"id":83264,"href":"http:\/\/recettes-gourmandes-de-joce.fr\/index.php\/wp-json\/wp\/v2\/pages\/24822\/revisions\/83264"}],"up":[{"embeddable":true,"href":"http:\/\/recettes-gourmandes-de-joce.fr\/index.php\/wp-json\/wp\/v2\/pages\/195"}],"wp:featuredmedia":[{"embeddable":true,"href":"http:\/\/recettes-gourmandes-de-joce.fr\/index.php\/wp-json\/wp\/v2\/media\/83265"}],"wp:attachment":[{"href":"http:\/\/recettes-gourmandes-de-joce.fr\/index.php\/wp-json\/wp\/v2\/media?parent=24822"}],"curies":[{"name":"wp","href":"https:\/\/api.w.org\/{rel}","templated":true}]}}