{"id":2479,"date":"2019-10-03T08:31:36","date_gmt":"2019-10-03T08:31:36","guid":{"rendered":"http:\/\/recettes-gourmandes-de-joce.fr\/?page_id=2479"},"modified":"2025-03-25T10:06:04","modified_gmt":"2025-03-25T10:06:04","slug":"cake-aux-merguez-mais-et-mozzarelle","status":"publish","type":"page","link":"http:\/\/recettes-gourmandes-de-joce.fr\/index.php\/index\/entrees\/cakes-sales\/cake-aux-merguez-mais-et-mozzarelle\/","title":{"rendered":"Cake aux merguez, ma\u00efs et mozzarelle."},"content":{"rendered":"<p style=\"text-align: center;\"><span style=\"color: #ff6633;\"><span style=\"font-size: 24px;\"><span style=\"font-family: georgia,serif;\"><u><em>Une de mes recettes<\/em><\/u><\/span><\/span><\/span><\/p>\n<p style=\"text-align: center;\"><img loading=\"lazy\" decoding=\"async\" class=\"alignnone wp-image-83851\" src=\"http:\/\/recettes-gourmandes-de-joce.fr\/wp-content\/uploads\/2024\/06\/cake-merguez14.jpg\" alt=\"\" width=\"252\" height=\"180\" srcset=\"http:\/\/recettes-gourmandes-de-joce.fr\/wp-content\/uploads\/2024\/06\/cake-merguez14.jpg 1024w, http:\/\/recettes-gourmandes-de-joce.fr\/wp-content\/uploads\/2024\/06\/cake-merguez14-768x548.jpg 768w, http:\/\/recettes-gourmandes-de-joce.fr\/wp-content\/uploads\/2024\/06\/cake-merguez14-750x535.jpg 750w\" sizes=\"auto, (max-width: 252px) 100vw, 252px\" \/>\u00a0<img loading=\"lazy\" decoding=\"async\" class=\"alignnone wp-image-83849\" src=\"http:\/\/recettes-gourmandes-de-joce.fr\/wp-content\/uploads\/2024\/06\/cake-merguez12.jpg\" alt=\"\" width=\"236\" height=\"180\" srcset=\"http:\/\/recettes-gourmandes-de-joce.fr\/wp-content\/uploads\/2024\/06\/cake-merguez12.jpg 1024w, http:\/\/recettes-gourmandes-de-joce.fr\/wp-content\/uploads\/2024\/06\/cake-merguez12-768x586.jpg 768w, http:\/\/recettes-gourmandes-de-joce.fr\/wp-content\/uploads\/2024\/06\/cake-merguez12-750x572.jpg 750w\" sizes=\"auto, (max-width: 236px) 100vw, 236px\" \/><img loading=\"lazy\" decoding=\"async\" class=\"alignnone wp-image-83850\" src=\"http:\/\/recettes-gourmandes-de-joce.fr\/wp-content\/uploads\/2024\/06\/cake-merguez13.jpg\" alt=\"\" width=\"270\" height=\"180\" srcset=\"http:\/\/recettes-gourmandes-de-joce.fr\/wp-content\/uploads\/2024\/06\/cake-merguez13.jpg 1024w, http:\/\/recettes-gourmandes-de-joce.fr\/wp-content\/uploads\/2024\/06\/cake-merguez13-768x512.jpg 768w, http:\/\/recettes-gourmandes-de-joce.fr\/wp-content\/uploads\/2024\/06\/cake-merguez13-750x500.jpg 750w\" sizes=\"auto, (max-width: 270px) 100vw, 270px\" \/><\/p>\n<p style=\"text-align: center;\"><span style=\"color: #ff6633;\"><u><span style=\"font-family: georgia,serif;\"><span style=\"font-size: 24px;\"><em>Ingr\u00e9dients<\/em><\/span><\/span><\/u><\/span><\/p>\n<p style=\"text-align: center;\"><span style=\"color: #ff6633;\"><u><img loading=\"lazy\" decoding=\"async\" class=\"alignnone wp-image-52906\" src=\"http:\/\/recettes-gourmandes-de-joce.fr\/wp-content\/uploads\/2023\/04\/cake-courgette4a-300x265.jpg\" alt=\"\" width=\"226\" height=\"200\" srcset=\"http:\/\/recettes-gourmandes-de-joce.fr\/wp-content\/uploads\/2023\/04\/cake-courgette4a-300x265.jpg 300w, http:\/\/recettes-gourmandes-de-joce.fr\/wp-content\/uploads\/2023\/04\/cake-courgette4a.jpg 515w\" sizes=\"auto, (max-width: 226px) 100vw, 226px\" \/> <img loading=\"lazy\" decoding=\"async\" class=\"alignnone wp-image-83841\" src=\"http:\/\/recettes-gourmandes-de-joce.fr\/wp-content\/uploads\/2024\/06\/cake-merguez4a.jpg\" alt=\"\" width=\"300\" height=\"200\" srcset=\"http:\/\/recettes-gourmandes-de-joce.fr\/wp-content\/uploads\/2024\/06\/cake-merguez4a.jpg 1024w, http:\/\/recettes-gourmandes-de-joce.fr\/wp-content\/uploads\/2024\/06\/cake-merguez4a-768x512.jpg 768w, http:\/\/recettes-gourmandes-de-joce.fr\/wp-content\/uploads\/2024\/06\/cake-merguez4a-750x500.jpg 750w\" sizes=\"auto, (max-width: 300px) 100vw, 300px\" \/><\/u><\/span><\/p>\n<p style=\"margin: 0px 0px 10px; text-align: center; color: #000000; text-transform: none; text-indent: 0px; letter-spacing: normal; font-family: 'Droid Sans', 'Helvetica Neue', Helvetica, Arial; font-size: 14px; font-style: normal; font-weight: 400; word-spacing: 0px; white-space: normal; orphans: 2; widows: 2; text-decoration-color: initial; font-variant-ligatures: normal; font-variant-caps: normal; -webkit-text-stroke-width: 0px; text-decoration-style: initial;\"><span style=\"font-size: 14pt;\"><span style=\"color: #ff6633;\"><u><span style=\"font-family: georgia, serif;\"><em style=\"font-style: italic;\">P\u00e2te de base<\/em><\/span><\/u><\/span><\/span><\/p>\n<p style=\"margin: 0px 0px 10px; text-align: center; color: #000000; text-transform: none; text-indent: 0px; letter-spacing: normal; font-family: 'Droid Sans', 'Helvetica Neue', Helvetica, Arial; font-size: 14px; font-style: normal; font-weight: 400; word-spacing: 0px; white-space: normal; orphans: 2; widows: 2; text-decoration-color: initial; font-variant-ligatures: normal; font-variant-caps: normal; -webkit-text-stroke-width: 0px; text-decoration-style: initial;\"><span style=\"font-size: 14pt;\"><span style=\"color: #ff6633;\"><span style=\"font-family: georgia, serif;\"><em style=\"font-style: italic;\">150 g de farine<\/em><\/span><\/span><\/span><\/p>\n<p style=\"margin: 0px 0px 10px; text-align: center; color: #000000; text-transform: none; text-indent: 0px; letter-spacing: normal; font-family: 'Droid Sans', 'Helvetica Neue', Helvetica, Arial; font-size: 14px; font-style: normal; font-weight: 400; word-spacing: 0px; white-space: normal; orphans: 2; widows: 2; text-decoration-color: initial; font-variant-ligatures: normal; font-variant-caps: normal; -webkit-text-stroke-width: 0px; text-decoration-style: initial;\"><span style=\"font-size: 14pt;\"><span style=\"color: #ff6633;\"><span style=\"font-family: georgia, serif;\">\u00a0<em style=\"font-style: italic;\">3 \u0153ufs<\/em><\/span><\/span><\/span><\/p>\n<p style=\"margin: 0px 0px 10px; text-align: center; color: #000000; text-transform: none; text-indent: 0px; letter-spacing: normal; font-family: 'Droid Sans', 'Helvetica Neue', Helvetica, Arial; font-size: 14px; font-style: normal; font-weight: 400; word-spacing: 0px; white-space: normal; orphans: 2; widows: 2; text-decoration-color: initial; font-variant-ligatures: normal; font-variant-caps: normal; -webkit-text-stroke-width: 0px; text-decoration-style: initial;\"><span style=\"font-size: 14pt;\"><span style=\"color: #ff6633;\"><span style=\"font-family: georgia, serif;\">\u00a0<em style=\"font-style: italic;\">10 cl d&rsquo;huile de tournesol ou d&rsquo;olive selon vos go\u00fbts<\/em><\/span><\/span><\/span><\/p>\n<p style=\"margin: 0px 0px 10px; text-align: center; color: #000000; text-transform: none; text-indent: 0px; letter-spacing: normal; font-family: 'Droid Sans', 'Helvetica Neue', Helvetica, Arial; font-size: 14px; font-style: normal; font-weight: 400; word-spacing: 0px; white-space: normal; orphans: 2; widows: 2; text-decoration-color: initial; font-variant-ligatures: normal; font-variant-caps: normal; -webkit-text-stroke-width: 0px; text-decoration-style: initial;\"><span style=\"font-size: 14pt;\"><span style=\"color: #ff6633;\"><span style=\"font-family: georgia, serif;\">\u00a0<em style=\"font-style: italic;\">12,5 cl de lait<\/em><\/span><\/span><\/span><\/p>\n<p style=\"margin: 0px 0px 10px; text-align: center; color: #000000; text-transform: none; text-indent: 0px; letter-spacing: normal; font-family: 'Droid Sans', 'Helvetica Neue', Helvetica, Arial; font-size: 14px; font-style: normal; font-weight: 400; word-spacing: 0px; white-space: normal; orphans: 2; widows: 2; text-decoration-color: initial; font-variant-ligatures: normal; font-variant-caps: normal; -webkit-text-stroke-width: 0px; text-decoration-style: initial;\"><span style=\"font-size: 14pt;\"><span style=\"color: #ff6633;\"><span style=\"font-family: georgia, serif;\">\u00a0<em style=\"font-style: italic;\">1 sachet de levure chimique<\/em><\/span><\/span><\/span><\/p>\n<p style=\"margin: 0px 0px 10px; text-align: center; color: #000000; text-transform: none; text-indent: 0px; letter-spacing: normal; font-family: 'Droid Sans', 'Helvetica Neue', Helvetica, Arial; font-size: 14px; font-style: normal; font-weight: 400; word-spacing: 0px; white-space: normal; orphans: 2; widows: 2; text-decoration-color: initial; font-variant-ligatures: normal; font-variant-caps: normal; -webkit-text-stroke-width: 0px; text-decoration-style: initial;\"><span style=\"font-size: 14pt;\"><span style=\"color: #ff6633;\"><span style=\"font-family: georgia, serif;\">\u00a0<em style=\"font-style: italic;\">2 tours de moulin \u00e0 poivre<\/em><\/span><\/span><\/span><\/p>\n<p style=\"margin: 0px 0px 10px; text-align: center; color: #000000; text-transform: none; text-indent: 0px; letter-spacing: normal; font-family: 'Droid Sans', 'Helvetica Neue', Helvetica, Arial; font-size: 14px; font-style: normal; font-weight: 400; word-spacing: 0px; white-space: normal; orphans: 2; widows: 2; text-decoration-color: initial; font-variant-ligatures: normal; font-variant-caps: normal; -webkit-text-stroke-width: 0px; text-decoration-style: initial;\"><span style=\"font-size: 14pt;\"><span style=\"font-family: georgia, serif;\"><em style=\"font-style: italic;\"><span style=\"color: #ff6633;\">1 bonne pinc\u00e9e de sel <\/span><\/em><\/span><\/span><\/p>\n<p style=\"margin: 0px 0px 10px; text-align: center; color: #000000; text-transform: none; text-indent: 0px; letter-spacing: normal; font-family: 'Droid Sans', 'Helvetica Neue', Helvetica, Arial; font-size: 14px; font-style: normal; font-weight: 400; word-spacing: 0px; white-space: normal; orphans: 2; widows: 2; text-decoration-color: initial; font-variant-ligatures: normal; font-variant-caps: normal; -webkit-text-stroke-width: 0px; text-decoration-style: initial;\"><span style=\"font-size: 14pt;\"><span style=\"color: #ff6633;\"><u><em><span style=\"font-family: georgia,serif;\">Garniture<\/span><\/em><\/u><\/span><\/span><\/p>\n<p style=\"margin: 0px 0px 10px; text-align: center; color: #000000; text-transform: none; text-indent: 0px; letter-spacing: normal; font-family: 'Droid Sans', 'Helvetica Neue', Helvetica, Arial; font-size: 14px; font-style: normal; font-weight: 400; word-spacing: 0px; white-space: normal; orphans: 2; widows: 2; text-decoration-color: initial; font-variant-ligatures: normal; font-variant-caps: normal; -webkit-text-stroke-width: 0px; text-decoration-style: initial;\"><span style=\"font-size: 14pt;\"><span style=\"color: #ff6633;\"><em><span style=\"font-family: Georgia;\">3 merguez<\/span><\/em><\/span><\/span><\/p>\n<p style=\"margin: 0px 0px 10px; text-align: center; color: #000000; text-transform: none; text-indent: 0px; letter-spacing: normal; font-family: 'Droid Sans', 'Helvetica Neue', Helvetica, Arial; font-size: 14px; font-style: normal; font-weight: 400; word-spacing: 0px; white-space: normal; orphans: 2; widows: 2; text-decoration-color: initial; font-variant-ligatures: normal; font-variant-caps: normal; -webkit-text-stroke-width: 0px; text-decoration-style: initial;\"><span style=\"font-size: 14pt;\"><span style=\"color: #ff6633;\"><em><span style=\"font-family: Georgia;\">1 oignon blanc et ses tiges<\/span><\/em><\/span><\/span><\/p>\n<p style=\"margin: 0px 0px 10px; text-align: center; color: #000000; text-transform: none; text-indent: 0px; letter-spacing: normal; font-family: 'Droid Sans', 'Helvetica Neue', Helvetica, Arial; font-size: 14px; font-style: normal; font-weight: 400; word-spacing: 0px; white-space: normal; orphans: 2; widows: 2; text-decoration-color: initial; font-variant-ligatures: normal; font-variant-caps: normal; -webkit-text-stroke-width: 0px; text-decoration-style: initial;\"><span style=\"font-size: 14pt;\"><span style=\"color: #ff6633;\"><span style=\"font-family: georgia, serif;\"><em style=\"font-style: italic;\">1 petite boite de ma\u00efs<\/em><\/span><\/span><\/span><\/p>\n<p style=\"margin: 0px 0px 10px; text-align: center; color: #000000; text-transform: none; text-indent: 0px; letter-spacing: normal; font-family: 'Droid Sans', 'Helvetica Neue', Helvetica, Arial; font-size: 14px; font-style: normal; font-weight: 400; word-spacing: 0px; white-space: normal; orphans: 2; widows: 2; text-decoration-color: initial; font-variant-ligatures: normal; font-variant-caps: normal; -webkit-text-stroke-width: 0px; text-decoration-style: initial;\"><span style=\"font-size: 14pt;\"><span style=\"color: #ff6633;\"><span style=\"font-family: georgia, serif;\"><em style=\"font-style: italic;\">1 boule de mozzarelle (oubli\u00e9 sur la photo)<\/em><\/span><\/span><\/span><\/p>\n<p style=\"text-align: center;\"><span style=\"font-size: 14pt;\"><em><span style=\"font-family: georgia,serif;\"><span style=\"color: #ff6633;\">Recette de la p\u00e2te de base sur ce lien -&gt;<a href=\"http:\/\/recettes-gourmandes-de-joce.fr\/index.php\/index\/entrees\/cakes-sales\/pate-a-cake-sale-de-base\/\"> <span style=\"color: #800080;\">Cake de base <\/span><span style=\"color: #008000;\"><img loading=\"lazy\" decoding=\"async\" class=\"alignnone size-thumbnail wp-image-14662\" src=\"http:\/\/recettes-gourmandes-de-joce.fr\/wp-content\/uploads\/2020\/01\/cake_au_saumon_frais_persil_aneth_et_citron_01-150x150.jpg\" alt=\"\" width=\"150\" height=\"150\" \/><\/span><\/a><span style=\"color: #008000;\">\u200b<\/span><\/span><\/span><\/em><\/span><\/p>\n<p style=\"text-align: center;\"><span style=\"color: #ff6633; font-size: 14pt;\"><span style=\"font-family: georgia,serif;\"><em>Ensuite ajouter la garniture en suivant la recette ci-dessous\u2193<\/em><\/span><\/span><\/p>\n<p style=\"text-align: center;\"><img loading=\"lazy\" decoding=\"async\" class=\"alignnone wp-image-83842\" src=\"http:\/\/recettes-gourmandes-de-joce.fr\/wp-content\/uploads\/2024\/06\/cake-merguez5.jpg\" alt=\"\" width=\"213\" height=\"170\" srcset=\"http:\/\/recettes-gourmandes-de-joce.fr\/wp-content\/uploads\/2024\/06\/cake-merguez5.jpg 1024w, http:\/\/recettes-gourmandes-de-joce.fr\/wp-content\/uploads\/2024\/06\/cake-merguez5-768x614.jpg 768w, http:\/\/recettes-gourmandes-de-joce.fr\/wp-content\/uploads\/2024\/06\/cake-merguez5-750x600.jpg 750w\" sizes=\"auto, (max-width: 213px) 100vw, 213px\" \/> <img loading=\"lazy\" decoding=\"async\" class=\"alignnone wp-image-83843\" src=\"http:\/\/recettes-gourmandes-de-joce.fr\/wp-content\/uploads\/2024\/06\/cake-merguez6.jpg\" alt=\"\" width=\"255\" height=\"170\" srcset=\"http:\/\/recettes-gourmandes-de-joce.fr\/wp-content\/uploads\/2024\/06\/cake-merguez6.jpg 1024w, http:\/\/recettes-gourmandes-de-joce.fr\/wp-content\/uploads\/2024\/06\/cake-merguez6-768x512.jpg 768w, http:\/\/recettes-gourmandes-de-joce.fr\/wp-content\/uploads\/2024\/06\/cake-merguez6-750x500.jpg 750w\" sizes=\"auto, (max-width: 255px) 100vw, 255px\" \/> <img loading=\"lazy\" decoding=\"async\" class=\"alignnone wp-image-83844\" src=\"http:\/\/recettes-gourmandes-de-joce.fr\/wp-content\/uploads\/2024\/06\/cake-merguez7.jpg\" alt=\"\" width=\"233\" height=\"170\" srcset=\"http:\/\/recettes-gourmandes-de-joce.fr\/wp-content\/uploads\/2024\/06\/cake-merguez7.jpg 1024w, http:\/\/recettes-gourmandes-de-joce.fr\/wp-content\/uploads\/2024\/06\/cake-merguez7-768x560.jpg 768w, http:\/\/recettes-gourmandes-de-joce.fr\/wp-content\/uploads\/2024\/06\/cake-merguez7-750x547.jpg 750w\" sizes=\"auto, (max-width: 233px) 100vw, 233px\" \/><\/p>\n<p style=\"text-align: center;\"><span style=\"font-size: 14pt;\"><span style=\"font-family: georgia,serif;\"><em><span style=\"color: #ff6633;\">Couper la mozzarelle et les merguez en petits morceaux, \u00e9goutter le ma\u00efs, laver et ciseler finement l&rsquo;oignon et ses tiges. R\u00e9aliser la p\u00e2te de base\u00a0du cake, ajouter ensuite les oignons et m\u00e9langer, ajouter le ma\u00efs et les merguez.<\/span><\/em><\/span><\/span><\/p>\n<p style=\"text-align: center;\"><img loading=\"lazy\" decoding=\"async\" class=\"alignnone wp-image-83845\" src=\"http:\/\/recettes-gourmandes-de-joce.fr\/wp-content\/uploads\/2024\/06\/cake-merguez8.jpg\" alt=\"\" width=\"247\" height=\"165\" srcset=\"http:\/\/recettes-gourmandes-de-joce.fr\/wp-content\/uploads\/2024\/06\/cake-merguez8.jpg 1024w, http:\/\/recettes-gourmandes-de-joce.fr\/wp-content\/uploads\/2024\/06\/cake-merguez8-768x512.jpg 768w, http:\/\/recettes-gourmandes-de-joce.fr\/wp-content\/uploads\/2024\/06\/cake-merguez8-750x500.jpg 750w\" sizes=\"auto, (max-width: 247px) 100vw, 247px\" \/> <img loading=\"lazy\" decoding=\"async\" class=\"alignnone wp-image-83846\" src=\"http:\/\/recettes-gourmandes-de-joce.fr\/wp-content\/uploads\/2024\/06\/cake-merguez9.jpg\" alt=\"\" width=\"247\" height=\"165\" srcset=\"http:\/\/recettes-gourmandes-de-joce.fr\/wp-content\/uploads\/2024\/06\/cake-merguez9.jpg 1024w, http:\/\/recettes-gourmandes-de-joce.fr\/wp-content\/uploads\/2024\/06\/cake-merguez9-768x512.jpg 768w, http:\/\/recettes-gourmandes-de-joce.fr\/wp-content\/uploads\/2024\/06\/cake-merguez9-750x500.jpg 750w\" sizes=\"auto, (max-width: 247px) 100vw, 247px\" \/> <img loading=\"lazy\" decoding=\"async\" class=\"alignnone wp-image-83847\" src=\"http:\/\/recettes-gourmandes-de-joce.fr\/wp-content\/uploads\/2024\/06\/cake-merguez10.jpg\" alt=\"\" width=\"214\" height=\"165\" srcset=\"http:\/\/recettes-gourmandes-de-joce.fr\/wp-content\/uploads\/2024\/06\/cake-merguez10.jpg 1024w, http:\/\/recettes-gourmandes-de-joce.fr\/wp-content\/uploads\/2024\/06\/cake-merguez10-768x593.jpg 768w, http:\/\/recettes-gourmandes-de-joce.fr\/wp-content\/uploads\/2024\/06\/cake-merguez10-750x579.jpg 750w\" sizes=\"auto, (max-width: 214px) 100vw, 214px\" \/><\/p>\n<p style=\"text-align: center;\"><span style=\"font-size: 14pt;\"><span style=\"font-family: georgia,serif;\"><em><span style=\"color: #ff6633;\">M\u00e9langer \u00e0 nouveau, verser la p\u00e2te dans un moule \u00e0 cake, si il n&rsquo;est pas en silicone, beurrez et farinez le avant d&rsquo;y verser la p\u00e2te. Enfourner \u00e0 180\u00b0 pendant 40 minutes environ selon les fours, surveiller la cuisson et la coloration.<\/span><\/em><\/span><\/span><\/p>\n<p style=\"text-align: center;\"><img loading=\"lazy\" decoding=\"async\" class=\"alignnone wp-image-83848\" src=\"http:\/\/recettes-gourmandes-de-joce.fr\/wp-content\/uploads\/2024\/06\/cake-merguez11.jpg\" alt=\"\" width=\"198\" height=\"170\" srcset=\"http:\/\/recettes-gourmandes-de-joce.fr\/wp-content\/uploads\/2024\/06\/cake-merguez11.jpg 1024w, http:\/\/recettes-gourmandes-de-joce.fr\/wp-content\/uploads\/2024\/06\/cake-merguez11-768x660.jpg 768w, http:\/\/recettes-gourmandes-de-joce.fr\/wp-content\/uploads\/2024\/06\/cake-merguez11-750x645.jpg 750w\" sizes=\"auto, (max-width: 198px) 100vw, 198px\" \/><\/p>\n<p style=\"text-align: center;\"><span style=\"font-size: 14pt;\"><span style=\"font-family: georgia,serif;\"><em><span style=\"color: #ff6633;\">D\u00e9moulez le une fois cuit sur une grille pour le laisser refroidir et d\u00e9gustez le avec une mayonnaise aill\u00e9e et persill\u00e9e si vous aimez, o\u00f9 bien chaud selon vos go\u00fbts.<\/span><\/em><\/span><\/span><\/p>\n<p style=\"text-align: center;\"><span style=\"font-size: 14pt;\"><span style=\"font-family: georgia,serif;\"><em><span style=\"color: #ff6633;\">Id\u00e9al \u00e0 l&rsquo;ap\u00e9ritif coup\u00e9 en cubes!<\/span><\/em><\/span><\/span><\/p>\n<p style=\"text-align: center;\"><span style=\"font-size: 14pt;\"><span style=\"font-family: georgia,serif;\"><em><span style=\"color: #ff6633;\"><em>Bon app\u00e9tit!<\/em><\/span><\/em><\/span><\/span><\/p>\n<p style=\"text-align: center;\"><img loading=\"lazy\" decoding=\"async\" class=\"alignnone wp-image-83840\" src=\"http:\/\/recettes-gourmandes-de-joce.fr\/wp-content\/uploads\/2024\/06\/cake-merguez3.jpg\" alt=\"\" width=\"241\" height=\"180\" srcset=\"http:\/\/recettes-gourmandes-de-joce.fr\/wp-content\/uploads\/2024\/06\/cake-merguez3.jpg 1024w, http:\/\/recettes-gourmandes-de-joce.fr\/wp-content\/uploads\/2024\/06\/cake-merguez3-768x574.jpg 768w, http:\/\/recettes-gourmandes-de-joce.fr\/wp-content\/uploads\/2024\/06\/cake-merguez3-750x560.jpg 750w\" sizes=\"auto, (max-width: 241px) 100vw, 241px\" \/> <img loading=\"lazy\" decoding=\"async\" class=\"alignnone wp-image-83838\" src=\"http:\/\/recettes-gourmandes-de-joce.fr\/wp-content\/uploads\/2024\/06\/cake-merguez1.jpg\" alt=\"\" width=\"284\" height=\"180\" srcset=\"http:\/\/recettes-gourmandes-de-joce.fr\/wp-content\/uploads\/2024\/06\/cake-merguez1.jpg 1024w, http:\/\/recettes-gourmandes-de-joce.fr\/wp-content\/uploads\/2024\/06\/cake-merguez1-768x486.jpg 768w, http:\/\/recettes-gourmandes-de-joce.fr\/wp-content\/uploads\/2024\/06\/cake-merguez1-750x475.jpg 750w\" sizes=\"auto, (max-width: 284px) 100vw, 284px\" \/> <img loading=\"lazy\" decoding=\"async\" class=\"alignnone wp-image-83839\" src=\"http:\/\/recettes-gourmandes-de-joce.fr\/wp-content\/uploads\/2024\/06\/cake-merguez2.jpg\" alt=\"\" width=\"209\" height=\"180\" srcset=\"http:\/\/recettes-gourmandes-de-joce.fr\/wp-content\/uploads\/2024\/06\/cake-merguez2.jpg 1024w, http:\/\/recettes-gourmandes-de-joce.fr\/wp-content\/uploads\/2024\/06\/cake-merguez2-768x662.jpg 768w, http:\/\/recettes-gourmandes-de-joce.fr\/wp-content\/uploads\/2024\/06\/cake-merguez2-750x647.jpg 750w\" sizes=\"auto, (max-width: 209px) 100vw, 209px\" \/><\/p>\n<p style=\"text-align: center;\"><span style=\"font-family: georgia,serif;\"><span style=\"font-size: small;\"><em><span style=\"color: #ff0000;\"><img loading=\"lazy\" decoding=\"async\" class=\"alignnone wp-image-24317 size-full\" src=\"http:\/\/recettes-gourmandes-de-joce.fr\/wp-content\/uploads\/2020\/07\/logitech-gaming-software-14112014-121223.jpg\" alt=\"\" width=\"640\" height=\"144\" srcset=\"http:\/\/recettes-gourmandes-de-joce.fr\/wp-content\/uploads\/2020\/07\/logitech-gaming-software-14112014-121223.jpg 640w, http:\/\/recettes-gourmandes-de-joce.fr\/wp-content\/uploads\/2020\/07\/logitech-gaming-software-14112014-121223-300x68.jpg 300w\" sizes=\"auto, (max-width: 640px) 100vw, 640px\" \/><\/span><\/em><\/span><\/span><\/p>\n<h3>Commentaires\u00a0<small>(4)<\/small><\/h3>\n<div class=\"items-container\">\n<div class=\"item item-comment media\">\n<div class=\"pull-left\">\n<p>&nbsp;<\/p>\n<p><img decoding=\"async\" class=\"media-object\" src=\"https:\/\/www.gravatar.com\/avatar\/ca5e8b846ea81d5e9574861766c3e530?d=https%3A%2F%2Fwww.recettes-gourmandes-de-joce.com%2Fmedias%2Fstatic%2Fmanager%2Fim%2Favatar.png?s=50&amp;d=mm\" alt=\"Les Recettes de Titi\" width=\"50\" \/><\/p>\n<\/div>\n<div class=\"media-body\">\n<ul class=\"inline item-infos\">\n<li><span class=\"comment-number\">1.<\/span>\u00a0<span class=\"comment-author\"><strong>Les Recettes de Titi<\/strong>\u00a0(<a rel=\"nofollow\">site web<\/a>)<\/span>\u00a0<span class=\"comment-date\">| 29\/05\/2018<\/span><\/li>\n<\/ul>\n<div class=\"comment-content\">Miam super je crois que je vais essayer des que possible. Merci pour la recette<\/div>\n<div class=\"item item-comment media by-webmaster\">\n<div class=\"pull-left\">\n<p>&nbsp;<\/p>\n<\/div>\n<div class=\"media-body\">\n<ul class=\"inline item-infos\">\n<li><span class=\"comment-author\"><strong>jocelyne debon<\/strong>\u00a0(<a rel=\"nofollow\">site web<\/a>)<\/span>\u00a0<span class=\"comment-date\">| 29\/05\/2018<\/span><\/li>\n<\/ul>\n<div class=\"comment-content\">De rien avec plaisir, c&rsquo;est toujours appr\u00e9ci\u00e9s les cakes sal\u00e9s et \u00e7a se d\u00e9clinent \u00e0 l&rsquo;infini Bonne journ\u00e9e<\/div>\n<div class=\"comment-content\">Amicalement Joce<\/div>\n<\/div>\n<\/div>\n<\/div>\n<\/div>\n<div class=\"item item-comment media\">\n<div class=\"pull-left\">\n<p>&nbsp;<\/p>\n<p><img decoding=\"async\" class=\"media-object\" src=\"https:\/\/www.gravatar.com\/avatar\/0e437c3431aef896592a33aabb8bb0f4?d=https%3A%2F%2Fwww.recettes-gourmandes-de-joce.com%2Fmedias%2Fstatic%2Fmanager%2Fim%2Favatar.png?s=50&amp;d=mm\" alt=\"Sim jaja\" width=\"50\" \/><\/p>\n<\/div>\n<div class=\"media-body\">\n<ul class=\"inline item-infos\">\n<li><span class=\"comment-number\">2.<\/span>\u00a0<span class=\"comment-author\"><strong>Sim jaja<\/strong><\/span>\u00a0<span class=\"comment-date\">| 29\/05\/2018<\/span><\/li>\n<\/ul>\n<div class=\"comment-content\">Une bonne id\u00e9e pour un ap\u00e9ritif en famille<\/div>\n<div class=\"item item-comment media by-webmaster\">\n<div class=\"pull-left\">\n<p>&nbsp;<\/p>\n<\/div>\n<div class=\"media-body\">\n<ul class=\"inline item-infos\">\n<li><span class=\"comment-author\"><strong>jocelyne debon<\/strong>\u00a0(<a rel=\"nofollow\">site web<\/a>)<\/span>\u00a0<span class=\"comment-date\">| 29\/05\/2018<\/span><\/li>\n<\/ul>\n<div class=\"comment-content\">Oui simple \u00e0 faire et en plus tu mets la garniture de ton choix ou des restes de barbecue par exemple!<\/div>\n<div class=\"comment-content\">Bisousssss<\/div>\n<div class=\"comment-content\">Amicalement Joce<\/div>\n<\/div>\n<\/div>\n<\/div>\n<\/div>\n<\/div>\n<p>&nbsp;<\/p>\n","protected":false},"excerpt":{"rendered":"<p>Une de mes recettes \u00a0 Ingr\u00e9dients P\u00e2te de base 150 g de farine \u00a03 \u0153ufs \u00a010 cl d&rsquo;huile de tournesol ou d&rsquo;olive selon vos go\u00fbts \u00a012,5 cl de lait \u00a01 sachet de levure chimique \u00a02 tours de moulin \u00e0 poivre 1 bonne pinc\u00e9e de sel Garniture 3 merguez 1 oignon blanc et ses tiges 1 &hellip; <\/p>\n<p><a class=\"more-link btn\" href=\"http:\/\/recettes-gourmandes-de-joce.fr\/index.php\/index\/entrees\/cakes-sales\/cake-aux-merguez-mais-et-mozzarelle\/\">Lire la suite<\/a><\/p>\n","protected":false},"author":2,"featured_media":83838,"parent":891,"menu_order":0,"comment_status":"open","ping_status":"closed","template":"","meta":{"footnotes":""},"class_list":["post-2479","page","type-page","status-publish","has-post-thumbnail","hentry","nodate","item-wrap"],"_links":{"self":[{"href":"http:\/\/recettes-gourmandes-de-joce.fr\/index.php\/wp-json\/wp\/v2\/pages\/2479","targetHints":{"allow":["GET"]}}],"collection":[{"href":"http:\/\/recettes-gourmandes-de-joce.fr\/index.php\/wp-json\/wp\/v2\/pages"}],"about":[{"href":"http:\/\/recettes-gourmandes-de-joce.fr\/index.php\/wp-json\/wp\/v2\/types\/page"}],"author":[{"embeddable":true,"href":"http:\/\/recettes-gourmandes-de-joce.fr\/index.php\/wp-json\/wp\/v2\/users\/2"}],"replies":[{"embeddable":true,"href":"http:\/\/recettes-gourmandes-de-joce.fr\/index.php\/wp-json\/wp\/v2\/comments?post=2479"}],"version-history":[{"count":7,"href":"http:\/\/recettes-gourmandes-de-joce.fr\/index.php\/wp-json\/wp\/v2\/pages\/2479\/revisions"}],"predecessor-version":[{"id":93813,"href":"http:\/\/recettes-gourmandes-de-joce.fr\/index.php\/wp-json\/wp\/v2\/pages\/2479\/revisions\/93813"}],"up":[{"embeddable":true,"href":"http:\/\/recettes-gourmandes-de-joce.fr\/index.php\/wp-json\/wp\/v2\/pages\/891"}],"wp:featuredmedia":[{"embeddable":true,"href":"http:\/\/recettes-gourmandes-de-joce.fr\/index.php\/wp-json\/wp\/v2\/media\/83838"}],"wp:attachment":[{"href":"http:\/\/recettes-gourmandes-de-joce.fr\/index.php\/wp-json\/wp\/v2\/media?parent=2479"}],"curies":[{"name":"wp","href":"https:\/\/api.w.org\/{rel}","templated":true}]}}