{"id":24141,"date":"2020-07-21T18:38:21","date_gmt":"2020-07-21T18:38:21","guid":{"rendered":"http:\/\/recettes-gourmandes-de-joce.fr\/?page_id=24141"},"modified":"2024-06-17T00:04:26","modified_gmt":"2024-06-17T00:04:26","slug":"tourtes-au-mont-dor-tomates-pommes-de-terre-et-champignons","status":"publish","type":"page","link":"http:\/\/recettes-gourmandes-de-joce.fr\/index.php\/index\/entrees\/entrees-chaudes\/tourtes-au-mont-dor-tomates-pommes-de-terre-et-champignons\/","title":{"rendered":"Tourtes au Mont d&rsquo;or, tomates, pommes de terre et champignons."},"content":{"rendered":"<p style=\"text-align: center;\"><span style=\"color: #008000; text-decoration: underline; font-family: georgia, palatino, serif;\"><span style=\"font-size: x-large;\"><em>Une de mes recettes<\/em><\/span><\/span><\/p>\n<p style=\"text-align: center;\"><span style=\"font-family: georgia, palatino, serif;\"><img loading=\"lazy\" decoding=\"async\" class=\"alignnone wp-image-24140\" src=\"http:\/\/recettes-gourmandes-de-joce.fr\/wp-content\/uploads\/2020\/07\/P5120451-150x150.jpg\" alt=\"\" width=\"238\" height=\"178\" srcset=\"http:\/\/recettes-gourmandes-de-joce.fr\/wp-content\/uploads\/2020\/07\/P5120451-300x225.jpg 300w, http:\/\/recettes-gourmandes-de-joce.fr\/wp-content\/uploads\/2020\/07\/P5120451.jpg 550w\" sizes=\"auto, (max-width: 238px) 100vw, 238px\" \/>\u00a0<img loading=\"lazy\" decoding=\"async\" class=\"alignnone wp-image-24118\" src=\"http:\/\/recettes-gourmandes-de-joce.fr\/wp-content\/uploads\/2020\/07\/P5120460-150x150.jpg\" alt=\"\" width=\"262\" height=\"178\" srcset=\"http:\/\/recettes-gourmandes-de-joce.fr\/wp-content\/uploads\/2020\/07\/P5120460-300x204.jpg 300w, http:\/\/recettes-gourmandes-de-joce.fr\/wp-content\/uploads\/2020\/07\/P5120460.jpg 519w\" sizes=\"auto, (max-width: 262px) 100vw, 262px\" \/>\u00a0<img loading=\"lazy\" decoding=\"async\" class=\"alignnone wp-image-24138\" src=\"http:\/\/recettes-gourmandes-de-joce.fr\/wp-content\/uploads\/2020\/07\/P5120445-150x150.jpg\" alt=\"\" width=\"238\" height=\"178\" srcset=\"http:\/\/recettes-gourmandes-de-joce.fr\/wp-content\/uploads\/2020\/07\/P5120445-300x225.jpg 300w, http:\/\/recettes-gourmandes-de-joce.fr\/wp-content\/uploads\/2020\/07\/P5120445.jpg 550w\" sizes=\"auto, (max-width: 238px) 100vw, 238px\" \/>\u00a0<\/span><\/p>\n<p style=\"text-align: center;\"><span style=\"color: #008000; text-decoration: underline; font-family: georgia, palatino, serif;\"><span style=\"font-size: x-large;\"><em>Ingr\u00e9dients pour 2 tourtes<\/em><\/span><\/span><\/p>\n<p style=\"text-align: center;\"><span style=\"font-family: georgia, palatino, serif;\"><em><span style=\"color: #ff0000; font-size: large;\"><img loading=\"lazy\" decoding=\"async\" class=\"alignnone wp-image-24119\" src=\"http:\/\/recettes-gourmandes-de-joce.fr\/wp-content\/uploads\/2020\/07\/P5120406-150x150.jpg\" alt=\"\" width=\"292\" height=\"180\" srcset=\"http:\/\/recettes-gourmandes-de-joce.fr\/wp-content\/uploads\/2020\/07\/P5120406-300x185.jpg 300w, http:\/\/recettes-gourmandes-de-joce.fr\/wp-content\/uploads\/2020\/07\/P5120406.jpg 550w\" sizes=\"auto, (max-width: 292px) 100vw, 292px\" \/>\u00a0<\/span><\/em><\/span><\/p>\n<p style=\"text-align: center;\"><span style=\"color: #008000; font-family: georgia, palatino, serif;\"><em><span style=\"font-size: large;\">1 p\u00e2te feuillet\u00e9e<\/span><\/em><\/span><\/p>\n<p style=\"text-align: center;\"><span style=\"color: #008000; font-family: georgia, palatino, serif;\"><em><span style=\"font-size: large;\">2 tomates<\/span><\/em><\/span><\/p>\n<p style=\"text-align: center;\"><span style=\"color: #008000; font-family: georgia, palatino, serif;\"><em><span style=\"font-size: large;\">2 beaux champignons de Paris<\/span><\/em><\/span><\/p>\n<p style=\"text-align: center;\"><span style=\"color: #008000; font-family: georgia, palatino, serif;\"><em><span style=\"font-size: large;\">2 pommes de terre<\/span><\/em><\/span><\/p>\n<p style=\"text-align: center;\"><span style=\"color: #008000; font-family: georgia, palatino, serif;\"><em><span style=\"font-size: large;\">1 \u00e9chalote<\/span><\/em><\/span><\/p>\n<p style=\"text-align: center;\"><span style=\"color: #008000; font-family: georgia, palatino, serif;\"><em><span style=\"font-size: large;\">1\/6 de Mont d&rsquo;or (4 tranches)<\/span><\/em><\/span><\/p>\n<p style=\"text-align: center;\"><span style=\"font-family: georgia, palatino, serif;\"><span style=\"color: #008000;\"><em><span style=\"font-size: large;\">1\u00a0<\/span><\/em><\/span><span style=\"color: #008000; font-size: large;\"><i>\u0153uf<\/i><\/span><\/span><\/p>\n<p style=\"text-align: center;\"><span style=\"color: #008000; font-family: georgia, palatino, serif;\"><em><span style=\"font-size: large;\">1 petit bouquet de ciboulette<\/span><\/em><\/span><\/p>\n<p style=\"text-align: center;\"><span style=\"color: #008000; font-family: georgia, palatino, serif;\"><em><span style=\"font-size: large;\">quelques branches de thym citron<\/span><\/em><\/span><\/p>\n<p style=\"text-align: center;\"><span style=\"color: #008000; font-family: georgia, palatino, serif;\"><em><span style=\"font-size: large;\">sel et poivre<\/span><\/em><\/span><\/p>\n<p style=\"text-align: center;\"><span style=\"font-family: georgia, palatino, serif;\"><img loading=\"lazy\" decoding=\"async\" class=\"alignnone wp-image-24120\" src=\"http:\/\/recettes-gourmandes-de-joce.fr\/wp-content\/uploads\/2020\/07\/P5120407-150x150.jpg\" alt=\"\" width=\"215\" height=\"160\" srcset=\"http:\/\/recettes-gourmandes-de-joce.fr\/wp-content\/uploads\/2020\/07\/P5120407-300x223.jpg 300w, http:\/\/recettes-gourmandes-de-joce.fr\/wp-content\/uploads\/2020\/07\/P5120407.jpg 540w\" sizes=\"auto, (max-width: 215px) 100vw, 215px\" \/> <img loading=\"lazy\" decoding=\"async\" class=\"alignnone wp-image-24121\" src=\"http:\/\/recettes-gourmandes-de-joce.fr\/wp-content\/uploads\/2020\/07\/P5120408-150x150.jpg\" alt=\"\" width=\"236\" height=\"160\" srcset=\"http:\/\/recettes-gourmandes-de-joce.fr\/wp-content\/uploads\/2020\/07\/P5120408-300x203.jpg 300w, http:\/\/recettes-gourmandes-de-joce.fr\/wp-content\/uploads\/2020\/07\/P5120408.jpg 537w\" sizes=\"auto, (max-width: 236px) 100vw, 236px\" \/> <img loading=\"lazy\" decoding=\"async\" class=\"alignnone wp-image-24122\" src=\"http:\/\/recettes-gourmandes-de-joce.fr\/wp-content\/uploads\/2020\/07\/P5120410-150x150.jpg\" alt=\"\" width=\"188\" height=\"160\" srcset=\"http:\/\/recettes-gourmandes-de-joce.fr\/wp-content\/uploads\/2020\/07\/P5120410-300x256.jpg 300w, http:\/\/recettes-gourmandes-de-joce.fr\/wp-content\/uploads\/2020\/07\/P5120410.jpg 550w\" sizes=\"auto, (max-width: 188px) 100vw, 188px\" \/><\/span><\/p>\n<p style=\"text-align: center;\"><span style=\"color: #008000; font-family: georgia, palatino, serif;\"><em><span style=\"font-size: large;\">Mettre les pommes de terre \u00e0 cuire dans de l&rsquo;eau, laver les tomates et les couper en tranches fines, nettoyer et couper les champignons en lamelles, laver les herbes, ciseler finement la ciboulette et effeuiller le thym. Peler et \u00e9mincer l&rsquo;\u00e9chalote. Lorsque les pommes de terre sont cuites, les peler et les couper en rondelles.<\/span><\/em><\/span><\/p>\n<p style=\"text-align: center;\"><span style=\"font-family: georgia, palatino, serif;\"><img loading=\"lazy\" decoding=\"async\" class=\"alignnone wp-image-24131\" src=\"http:\/\/recettes-gourmandes-de-joce.fr\/wp-content\/uploads\/2020\/07\/P5120420-150x150.jpg\" alt=\"\" width=\"214\" height=\"160\" srcset=\"http:\/\/recettes-gourmandes-de-joce.fr\/wp-content\/uploads\/2020\/07\/P5120420-300x225.jpg 300w, http:\/\/recettes-gourmandes-de-joce.fr\/wp-content\/uploads\/2020\/07\/P5120420.jpg 550w\" sizes=\"auto, (max-width: 214px) 100vw, 214px\" \/> <img loading=\"lazy\" decoding=\"async\" class=\"alignnone wp-image-24123\" src=\"http:\/\/recettes-gourmandes-de-joce.fr\/wp-content\/uploads\/2020\/07\/P5120412-150x150.jpg\" alt=\"\" width=\"214\" height=\"160\" srcset=\"http:\/\/recettes-gourmandes-de-joce.fr\/wp-content\/uploads\/2020\/07\/P5120412-300x225.jpg 300w, http:\/\/recettes-gourmandes-de-joce.fr\/wp-content\/uploads\/2020\/07\/P5120412.jpg 550w\" sizes=\"auto, (max-width: 214px) 100vw, 214px\" \/> <img loading=\"lazy\" decoding=\"async\" class=\"alignnone wp-image-24124\" src=\"http:\/\/recettes-gourmandes-de-joce.fr\/wp-content\/uploads\/2020\/07\/P5120413-150x150.jpg\" alt=\"\" width=\"214\" height=\"160\" srcset=\"http:\/\/recettes-gourmandes-de-joce.fr\/wp-content\/uploads\/2020\/07\/P5120413-300x225.jpg 300w, http:\/\/recettes-gourmandes-de-joce.fr\/wp-content\/uploads\/2020\/07\/P5120413.jpg 550w\" sizes=\"auto, (max-width: 214px) 100vw, 214px\" \/>\u00a0<\/span><\/p>\n<p style=\"text-align: center;\"><span style=\"color: #008000; font-family: georgia, palatino, serif;\"><em><span style=\"font-size: large;\">D\u00e9couper 2 ronds dans la p\u00e2te feuillet\u00e9e, avec les chutes en refaire \u00e0 nouveaux deux, sur deux d\u00e9poser des tranches de pommes de terres en laissant un bord d&rsquo;un bon cm de libre autour, ajouter un peu d&rsquo;\u00e9chalote, de ciboulette, de thym et saler et poivrer, ajouter une couche de champignons\u00a0et une tranche de\u00a0Mont d&rsquo;or,<span style=\"font-size: large;\">\u00a0<\/span>ajouter \u00e0 nouveau des herbes et \u00e9chalotes.<\/span><\/em><\/span><\/p>\n<p style=\"text-align: center;\"><span style=\"font-family: georgia, palatino, serif;\"><img loading=\"lazy\" decoding=\"async\" class=\"alignnone wp-image-24125\" src=\"http:\/\/recettes-gourmandes-de-joce.fr\/wp-content\/uploads\/2020\/07\/P5120414-150x150.jpg\" alt=\"\" width=\"214\" height=\"160\" srcset=\"http:\/\/recettes-gourmandes-de-joce.fr\/wp-content\/uploads\/2020\/07\/P5120414-300x225.jpg 300w, http:\/\/recettes-gourmandes-de-joce.fr\/wp-content\/uploads\/2020\/07\/P5120414.jpg 550w\" sizes=\"auto, (max-width: 214px) 100vw, 214px\" \/> <img loading=\"lazy\" decoding=\"async\" class=\"alignnone wp-image-24126\" src=\"http:\/\/recettes-gourmandes-de-joce.fr\/wp-content\/uploads\/2020\/07\/P5120415-150x150.jpg\" alt=\"\" width=\"214\" height=\"160\" srcset=\"http:\/\/recettes-gourmandes-de-joce.fr\/wp-content\/uploads\/2020\/07\/P5120415-300x225.jpg 300w, http:\/\/recettes-gourmandes-de-joce.fr\/wp-content\/uploads\/2020\/07\/P5120415.jpg 550w\" sizes=\"auto, (max-width: 214px) 100vw, 214px\" \/>\u00a0<img loading=\"lazy\" decoding=\"async\" class=\"alignnone wp-image-24127\" src=\"http:\/\/recettes-gourmandes-de-joce.fr\/wp-content\/uploads\/2020\/07\/P5120416-150x150.jpg\" alt=\"\" width=\"214\" height=\"160\" srcset=\"http:\/\/recettes-gourmandes-de-joce.fr\/wp-content\/uploads\/2020\/07\/P5120416-300x225.jpg 300w, http:\/\/recettes-gourmandes-de-joce.fr\/wp-content\/uploads\/2020\/07\/P5120416.jpg 550w\" sizes=\"auto, (max-width: 214px) 100vw, 214px\" \/><\/span><\/p>\n<p style=\"text-align: center;\"><span style=\"color: #008000; font-family: georgia, palatino, serif;\"><em><span style=\"font-size: large;\">Ajouter 4 tranches de tomates, un peu d&rsquo;herbes et \u00e0 nouveau du Mont d&rsquo;or, saler et poivrer.<\/span><\/em><\/span><\/p>\n<p style=\"text-align: center;\"><span style=\"font-family: georgia, palatino, serif;\">\u00a0<img loading=\"lazy\" decoding=\"async\" class=\"alignnone wp-image-24135\" src=\"http:\/\/recettes-gourmandes-de-joce.fr\/wp-content\/uploads\/2020\/07\/P5120425-150x150.jpg\" alt=\"\" width=\"214\" height=\"160\" srcset=\"http:\/\/recettes-gourmandes-de-joce.fr\/wp-content\/uploads\/2020\/07\/P5120425-300x225.jpg 300w, http:\/\/recettes-gourmandes-de-joce.fr\/wp-content\/uploads\/2020\/07\/P5120425.jpg 550w\" sizes=\"auto, (max-width: 214px) 100vw, 214px\" \/> <img loading=\"lazy\" decoding=\"async\" class=\"alignnone wp-image-24128\" src=\"http:\/\/recettes-gourmandes-de-joce.fr\/wp-content\/uploads\/2020\/07\/P5120417-150x150.jpg\" alt=\"\" width=\"238\" height=\"160\" srcset=\"http:\/\/recettes-gourmandes-de-joce.fr\/wp-content\/uploads\/2020\/07\/P5120417-300x201.jpg 300w, http:\/\/recettes-gourmandes-de-joce.fr\/wp-content\/uploads\/2020\/07\/P5120417.jpg 548w\" sizes=\"auto, (max-width: 238px) 100vw, 238px\" \/>\u00a0<img loading=\"lazy\" decoding=\"async\" class=\"alignnone wp-image-24129\" src=\"http:\/\/recettes-gourmandes-de-joce.fr\/wp-content\/uploads\/2020\/07\/P5120418-150x150.jpg\" alt=\"\" width=\"214\" height=\"160\" srcset=\"http:\/\/recettes-gourmandes-de-joce.fr\/wp-content\/uploads\/2020\/07\/P5120418-300x225.jpg 300w, http:\/\/recettes-gourmandes-de-joce.fr\/wp-content\/uploads\/2020\/07\/P5120418.jpg 550w\" sizes=\"auto, (max-width: 214px) 100vw, 214px\" \/><\/span><\/p>\n<p style=\"text-align: center;\"><span style=\"font-family: georgia, palatino, serif;\"><em><span style=\"color: #008000;\">Battre <\/span><span style=\"color: #008000; font-size: large;\">l\u2019\u0153uf<\/span><span style=\"color: #008000;\">\u00a0en omelette, en passer sur le bord de la p\u00e2te, ajouter le deuxi\u00e8me rond de p\u00e2te et replier les bords.<\/span><\/em><\/span><\/p>\n<p style=\"text-align: center;\"><span style=\"font-family: georgia, palatino, serif;\"><span style=\"color: #008000;\"><em><span style=\"font-size: large;\"><a class=\"mb\" href=\"http:\/\/s4.e-monsite.com\/2011\/05\/13\/09\/resize_550_550\/\/P5120422.jpg\">\u00a0<\/a><\/span><\/em><\/span><img loading=\"lazy\" decoding=\"async\" class=\"alignnone wp-image-24130\" src=\"http:\/\/recettes-gourmandes-de-joce.fr\/wp-content\/uploads\/2020\/07\/P5120419-150x150.jpg\" alt=\"\" width=\"214\" height=\"160\" srcset=\"http:\/\/recettes-gourmandes-de-joce.fr\/wp-content\/uploads\/2020\/07\/P5120419-300x225.jpg 300w, http:\/\/recettes-gourmandes-de-joce.fr\/wp-content\/uploads\/2020\/07\/P5120419.jpg 550w\" sizes=\"auto, (max-width: 214px) 100vw, 214px\" \/><em><span style=\"font-size: large;\"><a class=\"mb\" href=\"http:\/\/s4.e-monsite.com\/2011\/05\/13\/09\/resize_550_550\/\/P5120422.jpg\"> <img loading=\"lazy\" decoding=\"async\" class=\"alignnone wp-image-24133\" src=\"http:\/\/recettes-gourmandes-de-joce.fr\/wp-content\/uploads\/2020\/07\/P5120422-150x150.jpg\" alt=\"\" width=\"214\" height=\"160\" srcset=\"http:\/\/recettes-gourmandes-de-joce.fr\/wp-content\/uploads\/2020\/07\/P5120422-300x225.jpg 300w, http:\/\/recettes-gourmandes-de-joce.fr\/wp-content\/uploads\/2020\/07\/P5120422.jpg 550w\" sizes=\"auto, (max-width: 214px) 100vw, 214px\" \/><\/a>\u00a0<img loading=\"lazy\" decoding=\"async\" class=\"alignnone wp-image-24134\" src=\"http:\/\/recettes-gourmandes-de-joce.fr\/wp-content\/uploads\/2020\/07\/P5120423-150x150.jpg\" alt=\"\" width=\"214\" height=\"160\" srcset=\"http:\/\/recettes-gourmandes-de-joce.fr\/wp-content\/uploads\/2020\/07\/P5120423-300x225.jpg 300w, http:\/\/recettes-gourmandes-de-joce.fr\/wp-content\/uploads\/2020\/07\/P5120423.jpg 550w\" sizes=\"auto, (max-width: 214px) 100vw, 214px\" \/>\u00a0\u00a0<\/span><\/em><\/span><\/p>\n<p style=\"text-align: center;\"><span style=\"font-family: georgia, palatino, serif;\"><span style=\"color: #008000;\"><em><span style=\"font-size: large;\">Souder les bords \u00e0 l&rsquo;aide d&rsquo;une fourchette, faite un d\u00e9cor avec le reste de la p\u00e2te que vous collerez avec un peu\u00a0<\/span><\/em><\/span><span style=\"color: #008000; font-size: large;\"><i>d\u2019\u0153uf.<\/i><\/span><\/span><\/p>\n<p style=\"text-align: center;\"><span style=\"font-family: georgia, palatino, serif;\"><span style=\"color: #008000;\"><em><span style=\"font-size: large;\">\u00a0<\/span><\/em><\/span><span style=\"color: #008000;\"><em><span style=\"font-size: large;\"> <img loading=\"lazy\" decoding=\"async\" class=\"alignnone wp-image-24136\" src=\"http:\/\/recettes-gourmandes-de-joce.fr\/wp-content\/uploads\/2020\/07\/P5120426-150x150.jpg\" alt=\"\" width=\"214\" height=\"160\" srcset=\"http:\/\/recettes-gourmandes-de-joce.fr\/wp-content\/uploads\/2020\/07\/P5120426-300x225.jpg 300w, http:\/\/recettes-gourmandes-de-joce.fr\/wp-content\/uploads\/2020\/07\/P5120426.jpg 550w\" sizes=\"auto, (max-width: 214px) 100vw, 214px\" \/><\/span><\/em><\/span><\/span><\/p>\n<p style=\"text-align: center;\"><span style=\"color: #008000; font-family: georgia, palatino, serif;\"><em><span style=\"font-size: large;\"><span style=\"color: #008000;\"><em><span style=\"font-size: large;\"><span style=\"color: #008000;\"><em><span style=\"font-size: large;\">Passer de l&rsquo;\u0153uf sur les tourtes et enfourner \u00e0 200\u00b0 environ 30 minutes selon les fours, surveiller la coloration et la cuisson, servir avec une salade verte pour le repas d&rsquo;un soir.<\/span><\/em><\/span><\/span><\/em><\/span><\/span><\/em><\/span><\/p>\n<p style=\"text-align: center;\"><span style=\"color: #008000; font-family: georgia, palatino, serif;\"><em><span style=\"font-size: large;\"><span style=\"color: #008000;\"><em><span style=\"font-size: large;\"><span style=\"color: #008000;\"><em><span style=\"font-size: large;\">Bon app\u00e9tit!<\/span><\/em><\/span><\/span><\/em><\/span><\/span><\/em><\/span><\/p>\n<p style=\"text-align: center;\"><span style=\"font-family: georgia, palatino, serif;\"><img loading=\"lazy\" decoding=\"async\" class=\"alignnone wp-image-24117\" src=\"http:\/\/recettes-gourmandes-de-joce.fr\/wp-content\/uploads\/2020\/07\/P5120453-150x150.jpg\" alt=\"\" width=\"240\" height=\"180\" srcset=\"http:\/\/recettes-gourmandes-de-joce.fr\/wp-content\/uploads\/2020\/07\/P5120453-300x225.jpg 300w, http:\/\/recettes-gourmandes-de-joce.fr\/wp-content\/uploads\/2020\/07\/P5120453.jpg 550w\" sizes=\"auto, (max-width: 240px) 100vw, 240px\" \/><\/span><\/p>\n<p style=\"text-align: center;\"><span style=\"font-family: georgia, palatino, serif;\"><img loading=\"lazy\" decoding=\"async\" class=\"alignnone wp-image-24139\" src=\"http:\/\/recettes-gourmandes-de-joce.fr\/wp-content\/uploads\/2020\/07\/P5120448-150x150.jpg\" alt=\"\" width=\"327\" height=\"180\" srcset=\"http:\/\/recettes-gourmandes-de-joce.fr\/wp-content\/uploads\/2020\/07\/P5120448-300x165.jpg 300w, http:\/\/recettes-gourmandes-de-joce.fr\/wp-content\/uploads\/2020\/07\/P5120448.jpg 522w\" sizes=\"auto, (max-width: 327px) 100vw, 327px\" \/>\u00a0<img loading=\"lazy\" decoding=\"async\" class=\"alignnone wp-image-24137\" src=\"http:\/\/recettes-gourmandes-de-joce.fr\/wp-content\/uploads\/2020\/07\/P5120440-150x150.jpg\" alt=\"\" width=\"255\" height=\"180\" srcset=\"http:\/\/recettes-gourmandes-de-joce.fr\/wp-content\/uploads\/2020\/07\/P5120440-300x212.jpg 300w, http:\/\/recettes-gourmandes-de-joce.fr\/wp-content\/uploads\/2020\/07\/P5120440.jpg 470w\" sizes=\"auto, (max-width: 255px) 100vw, 255px\" \/><\/span><\/p>\n<p style=\"text-align: center;\"><span style=\"font-family: georgia, palatino, serif;\"><img loading=\"lazy\" decoding=\"async\" class=\"alignnone wp-image-16654 size-full\" src=\"http:\/\/recettes-gourmandes-de-joce.fr\/wp-content\/uploads\/2020\/01\/logitech-gaming-software-14112014-121223.jpg\" alt=\"\" width=\"640\" height=\"144\" srcset=\"http:\/\/recettes-gourmandes-de-joce.fr\/wp-content\/uploads\/2020\/01\/logitech-gaming-software-14112014-121223.jpg 640w, http:\/\/recettes-gourmandes-de-joce.fr\/wp-content\/uploads\/2020\/01\/logitech-gaming-software-14112014-121223-300x68.jpg 300w\" sizes=\"auto, (max-width: 640px) 100vw, 640px\" \/><\/span><\/p>\n<p style=\"text-align: center;\"><span style=\"font-family: georgia, palatino, serif;\"><em><span style=\"color: #ff0000; font-size: large;\">\u00a0<\/span><\/em><\/span><\/p>\n","protected":false},"excerpt":{"rendered":"<p>Une de mes recettes \u00a0\u00a0\u00a0 Ingr\u00e9dients pour 2 tourtes \u00a0 1 p\u00e2te feuillet\u00e9e 2 tomates 2 beaux champignons de Paris 2 pommes de terre 1 \u00e9chalote 1\/6 de Mont d&rsquo;or (4 tranches) 1\u00a0\u0153uf 1 petit bouquet de ciboulette quelques branches de thym citron sel et poivre Mettre les pommes de terre \u00e0 cuire dans de &hellip; <\/p>\n<p><a class=\"more-link btn\" href=\"http:\/\/recettes-gourmandes-de-joce.fr\/index.php\/index\/entrees\/entrees-chaudes\/tourtes-au-mont-dor-tomates-pommes-de-terre-et-champignons\/\">Lire la suite<\/a><\/p>\n","protected":false},"author":2,"featured_media":83983,"parent":183,"menu_order":0,"comment_status":"open","ping_status":"closed","template":"","meta":{"footnotes":""},"class_list":["post-24141","page","type-page","status-publish","has-post-thumbnail","hentry","nodate","item-wrap"],"_links":{"self":[{"href":"http:\/\/recettes-gourmandes-de-joce.fr\/index.php\/wp-json\/wp\/v2\/pages\/24141","targetHints":{"allow":["GET"]}}],"collection":[{"href":"http:\/\/recettes-gourmandes-de-joce.fr\/index.php\/wp-json\/wp\/v2\/pages"}],"about":[{"href":"http:\/\/recettes-gourmandes-de-joce.fr\/index.php\/wp-json\/wp\/v2\/types\/page"}],"author":[{"embeddable":true,"href":"http:\/\/recettes-gourmandes-de-joce.fr\/index.php\/wp-json\/wp\/v2\/users\/2"}],"replies":[{"embeddable":true,"href":"http:\/\/recettes-gourmandes-de-joce.fr\/index.php\/wp-json\/wp\/v2\/comments?post=24141"}],"version-history":[{"count":3,"href":"http:\/\/recettes-gourmandes-de-joce.fr\/index.php\/wp-json\/wp\/v2\/pages\/24141\/revisions"}],"predecessor-version":[{"id":83984,"href":"http:\/\/recettes-gourmandes-de-joce.fr\/index.php\/wp-json\/wp\/v2\/pages\/24141\/revisions\/83984"}],"up":[{"embeddable":true,"href":"http:\/\/recettes-gourmandes-de-joce.fr\/index.php\/wp-json\/wp\/v2\/pages\/183"}],"wp:featuredmedia":[{"embeddable":true,"href":"http:\/\/recettes-gourmandes-de-joce.fr\/index.php\/wp-json\/wp\/v2\/media\/83983"}],"wp:attachment":[{"href":"http:\/\/recettes-gourmandes-de-joce.fr\/index.php\/wp-json\/wp\/v2\/media?parent=24141"}],"curies":[{"name":"wp","href":"https:\/\/api.w.org\/{rel}","templated":true}]}}