{"id":23946,"date":"2020-07-19T20:47:19","date_gmt":"2020-07-19T20:47:19","guid":{"rendered":"http:\/\/recettes-gourmandes-de-joce.fr\/?page_id=23946"},"modified":"2024-07-14T19:39:23","modified_gmt":"2024-07-14T19:39:23","slug":"tarte-amandine-aux-figues-et-pommes","status":"publish","type":"page","link":"http:\/\/recettes-gourmandes-de-joce.fr\/index.php\/index\/desserts\/tartes-et-tartelettes-sucrees\/tarte-amandine-aux-figues-et-pommes\/","title":{"rendered":"Tarte amandine aux figues et pommes."},"content":{"rendered":"<p style=\"text-align: center;\"><span style=\"font-family: georgia, serif; color: #800080; font-size: 18pt;\"><span style=\"text-decoration: underline;\"><em>Une de mes recettes<\/em><\/span><\/span><\/p>\n<p style=\"text-align: center;\"><span style=\"font-family: georgia, serif; color: #800080; font-size: 18pt;\"><em> <img loading=\"lazy\" decoding=\"async\" class=\"alignnone wp-image-23945\" src=\"http:\/\/recettes-gourmandes-de-joce.fr\/wp-content\/uploads\/2020\/07\/tartes_amandine_aux_figues_et_pommes_19-001-150x150.jpg\" alt=\"\" width=\"202\" height=\"180\" srcset=\"http:\/\/recettes-gourmandes-de-joce.fr\/wp-content\/uploads\/2020\/07\/tartes_amandine_aux_figues_et_pommes_19-001-300x267.jpg 300w, http:\/\/recettes-gourmandes-de-joce.fr\/wp-content\/uploads\/2020\/07\/tartes_amandine_aux_figues_et_pommes_19-001.jpg 444w\" sizes=\"auto, (max-width: 202px) 100vw, 202px\" \/> <img loading=\"lazy\" decoding=\"async\" class=\"alignnone wp-image-23925\" src=\"http:\/\/recettes-gourmandes-de-joce.fr\/wp-content\/uploads\/2020\/07\/tartes_amandine_aux_figues_et_pommes_20-150x150.jpg\" alt=\"\" width=\"295\" height=\"180\" srcset=\"http:\/\/recettes-gourmandes-de-joce.fr\/wp-content\/uploads\/2020\/07\/tartes_amandine_aux_figues_et_pommes_20-300x183.jpg 300w, http:\/\/recettes-gourmandes-de-joce.fr\/wp-content\/uploads\/2020\/07\/tartes_amandine_aux_figues_et_pommes_20.jpg 550w\" sizes=\"auto, (max-width: 295px) 100vw, 295px\" \/> <img loading=\"lazy\" decoding=\"async\" class=\"alignnone wp-image-23944\" src=\"http:\/\/recettes-gourmandes-de-joce.fr\/wp-content\/uploads\/2020\/07\/tartes_amandine_aux_figues_et_pommes_19-150x150.jpg\" alt=\"\" width=\"216\" height=\"180\" srcset=\"http:\/\/recettes-gourmandes-de-joce.fr\/wp-content\/uploads\/2020\/07\/tartes_amandine_aux_figues_et_pommes_19-300x250.jpg 300w, http:\/\/recettes-gourmandes-de-joce.fr\/wp-content\/uploads\/2020\/07\/tartes_amandine_aux_figues_et_pommes_19.jpg 550w\" sizes=\"auto, (max-width: 216px) 100vw, 216px\" \/><\/em>\u00a0<\/span><\/p>\n<p style=\"text-align: center;\"><span style=\"color: #800080; font-size: 18pt;\"><span style=\"font-family: georgia,serif;\"><span style=\"text-decoration: underline;\"><em>Ingr\u00e9dients pour 2 tartes de la taille <\/em><\/span><\/span><span style=\"font-family: georgia,serif;\"><span style=\"text-decoration: underline;\"><em>d&rsquo;une assiette \u00e0 dessert)<\/em><\/span><\/span><\/span><\/p>\n<p style=\"text-align: center;\"><span style=\"color: #800080;\"><img loading=\"lazy\" decoding=\"async\" class=\"alignnone wp-image-23926\" src=\"http:\/\/recettes-gourmandes-de-joce.fr\/wp-content\/uploads\/2020\/07\/tartes_amandine_aux_figues_et_pommes_01-150x150.jpg\" alt=\"\" width=\"240\" height=\"180\" srcset=\"http:\/\/recettes-gourmandes-de-joce.fr\/wp-content\/uploads\/2020\/07\/tartes_amandine_aux_figues_et_pommes_01-300x225.jpg 300w, http:\/\/recettes-gourmandes-de-joce.fr\/wp-content\/uploads\/2020\/07\/tartes_amandine_aux_figues_et_pommes_01.jpg 550w\" sizes=\"auto, (max-width: 240px) 100vw, 240px\" \/><\/span><\/p>\n<p style=\"text-align: center;\"><span style=\"font-family: georgia, serif; font-size: 18pt; color: #800080;\"><span style=\"text-decoration: underline;\"><em>Ingr\u00e9dients pour la p\u00e2te<\/em><\/span><\/span><\/p>\n<p style=\"text-align: center;\"><span style=\"font-family: georgia, serif; color: #800080; font-size: 14pt;\"><em>300 g de farine<\/em><\/span><\/p>\n<p style=\"text-align: center;\"><span style=\"font-family: georgia, serif; color: #800080; font-size: 14pt;\"><em>100 g de beurre<\/em><\/span><\/p>\n<p style=\"text-align: center;\"><span style=\"font-family: georgia, serif; color: #800080; font-size: 14pt;\"><em>125\u00a0g de sucre<\/em><\/span><\/p>\n<p style=\"text-align: center;\"><span style=\"color: #800080; font-size: 14pt;\"><span style=\"font-family: georgia,serif;\"><em>1 \u0153uf<\/em><\/span><\/span><\/p>\n<p style=\"text-align: center;\"><span style=\"font-family: georgia, serif; font-size: 18pt; color: #800080;\"><span style=\"text-decoration: underline;\"><em>Ingr\u00e9dients pour la cr\u00e8me d&rsquo;amande<\/em><\/span><\/span><\/p>\n<p style=\"text-align: center;\"><span style=\"font-family: georgia, serif; color: #800080; font-size: 14pt;\"><em>50 g d&rsquo;amande en poudre<\/em><\/span><\/p>\n<p style=\"text-align: center;\"><span style=\"font-family: georgia, serif; color: #800080; font-size: 14pt;\"><em>50 g de sucre e poudre<\/em><\/span><\/p>\n<p style=\"text-align: center;\"><span style=\"font-family: georgia, serif; color: #800080; font-size: 14pt;\"><em>1 c \u00e0 s de jus d&rsquo;orange<\/em><\/span><\/p>\n<p style=\"text-align: center;\"><span style=\"color: #800080; font-size: 14pt;\"><span style=\"font-family: georgia,serif;\"><em>1 \u0153uf\u00a0<\/em><\/span><\/span><\/p>\n<p style=\"text-align: center;\"><span style=\"font-family: georgia, serif; color: #800080; font-size: 14pt;\"><em>2 gouttes d&rsquo;amande am\u00e8re<\/em><\/span><\/p>\n<p style=\"text-align: center;\"><span style=\"font-family: georgia, serif; color: #800080; font-size: 14pt;\"><em>10 g de pralin<\/em><\/span><\/p>\n<p style=\"text-align: center;\"><span style=\"font-family: georgia, serif; color: #800080; font-size: 14pt;\"><em>30 g d&rsquo;amandes effil\u00e9es<\/em><\/span><\/p>\n<p style=\"text-align: center;\"><span style=\"font-family: georgia, serif; font-size: 18pt; color: #800080;\"><span style=\"text-decoration: underline;\"><em>Ingr\u00e9dients pour la garniture<\/em><\/span><\/span><\/p>\n<p style=\"text-align: center;\"><span style=\"font-family: georgia, serif; color: #800080; font-size: 14pt;\"><em>8\u00a0figues fra\u00eeches<\/em><\/span><\/p>\n<p style=\"text-align: center;\"><span style=\"font-family: georgia, serif; color: #800080; font-size: 14pt;\"><em>2\u00a0pommes<\/em><\/span><\/p>\n<p style=\"text-align: center;\"><span style=\"font-size: 18pt; color: #800080;\"><span style=\"font-family: georgia, serif;\"><em>\u00a0<\/em><span style=\"text-decoration: underline; color: #800080;\"><em>Pr\u00e9paration de la p\u00e2te sabl\u00e9e<\/em><\/span><\/span><\/span><\/p>\n<p style=\"text-align: center;\"><span style=\"color: #800080;\"><img loading=\"lazy\" decoding=\"async\" class=\"alignnone wp-image-23927\" src=\"http:\/\/recettes-gourmandes-de-joce.fr\/wp-content\/uploads\/2020\/07\/tartes_amandine_aux_figues_et_pommes_02-150x150.jpg\" alt=\"\" width=\"214\" height=\"160\" srcset=\"http:\/\/recettes-gourmandes-de-joce.fr\/wp-content\/uploads\/2020\/07\/tartes_amandine_aux_figues_et_pommes_02-300x225.jpg 300w, http:\/\/recettes-gourmandes-de-joce.fr\/wp-content\/uploads\/2020\/07\/tartes_amandine_aux_figues_et_pommes_02.jpg 550w\" sizes=\"auto, (max-width: 214px) 100vw, 214px\" \/> <img loading=\"lazy\" decoding=\"async\" class=\"alignnone wp-image-23928\" src=\"http:\/\/recettes-gourmandes-de-joce.fr\/wp-content\/uploads\/2020\/07\/tartes_amandine_aux_figues_et_pommes_03-150x150.jpg\" alt=\"\" width=\"214\" height=\"160\" srcset=\"http:\/\/recettes-gourmandes-de-joce.fr\/wp-content\/uploads\/2020\/07\/tartes_amandine_aux_figues_et_pommes_03-300x225.jpg 300w, http:\/\/recettes-gourmandes-de-joce.fr\/wp-content\/uploads\/2020\/07\/tartes_amandine_aux_figues_et_pommes_03.jpg 550w\" sizes=\"auto, (max-width: 214px) 100vw, 214px\" \/>\u00a0<img loading=\"lazy\" decoding=\"async\" class=\"alignnone wp-image-23929\" src=\"http:\/\/recettes-gourmandes-de-joce.fr\/wp-content\/uploads\/2020\/07\/tartes_amandine_aux_figues_et_pommes_04-150x150.jpg\" alt=\"\" width=\"214\" height=\"160\" srcset=\"http:\/\/recettes-gourmandes-de-joce.fr\/wp-content\/uploads\/2020\/07\/tartes_amandine_aux_figues_et_pommes_04-300x225.jpg 300w, http:\/\/recettes-gourmandes-de-joce.fr\/wp-content\/uploads\/2020\/07\/tartes_amandine_aux_figues_et_pommes_04.jpg 550w\" sizes=\"auto, (max-width: 214px) 100vw, 214px\" \/><\/span><\/p>\n<p style=\"text-align: center;\"><span style=\"color: #800080;\"><span style=\"font-family: georgia, palatino, serif; font-size: 14pt;\"><em>Casser l&rsquo;\u0153uf\u00a0dans un saladier, le battre. <\/em><\/span><span style=\"font-family: georgia, serif; font-size: large;\"><em>Ajouter le sucre et m\u00e9langer.\u00a0<\/em><\/span><span style=\"font-family: georgia, serif; font-size: large;\"><em>Ajouter le beurre fondu <\/em><\/span><span style=\"font-family: georgia, serif; font-size: large;\"><em>et m\u00e9langer \u00e0 nouveau.<\/em><\/span><\/span><\/p>\n<p style=\"text-align: center;\"><span style=\"color: #800080;\"><img loading=\"lazy\" decoding=\"async\" class=\"alignnone wp-image-23930\" src=\"http:\/\/recettes-gourmandes-de-joce.fr\/wp-content\/uploads\/2020\/07\/tartes_amandine_aux_figues_et_pommes_05-150x150.jpg\" alt=\"\" width=\"214\" height=\"160\" srcset=\"http:\/\/recettes-gourmandes-de-joce.fr\/wp-content\/uploads\/2020\/07\/tartes_amandine_aux_figues_et_pommes_05-300x225.jpg 300w, http:\/\/recettes-gourmandes-de-joce.fr\/wp-content\/uploads\/2020\/07\/tartes_amandine_aux_figues_et_pommes_05.jpg 550w\" sizes=\"auto, (max-width: 214px) 100vw, 214px\" \/> <img loading=\"lazy\" decoding=\"async\" class=\"alignnone wp-image-23931\" src=\"http:\/\/recettes-gourmandes-de-joce.fr\/wp-content\/uploads\/2020\/07\/tartes_amandine_aux_figues_et_pommes_06-150x150.jpg\" alt=\"\" width=\"214\" height=\"160\" srcset=\"http:\/\/recettes-gourmandes-de-joce.fr\/wp-content\/uploads\/2020\/07\/tartes_amandine_aux_figues_et_pommes_06-300x225.jpg 300w, http:\/\/recettes-gourmandes-de-joce.fr\/wp-content\/uploads\/2020\/07\/tartes_amandine_aux_figues_et_pommes_06.jpg 550w\" sizes=\"auto, (max-width: 214px) 100vw, 214px\" \/> <img loading=\"lazy\" decoding=\"async\" class=\"alignnone wp-image-23932\" src=\"http:\/\/recettes-gourmandes-de-joce.fr\/wp-content\/uploads\/2020\/07\/tartes_amandine_aux_figues_et_pommes_07-150x150.jpg\" alt=\"\" width=\"171\" height=\"160\" srcset=\"http:\/\/recettes-gourmandes-de-joce.fr\/wp-content\/uploads\/2020\/07\/tartes_amandine_aux_figues_et_pommes_07-300x280.jpg 300w, http:\/\/recettes-gourmandes-de-joce.fr\/wp-content\/uploads\/2020\/07\/tartes_amandine_aux_figues_et_pommes_07.jpg 550w\" sizes=\"auto, (max-width: 171px) 100vw, 171px\" \/><\/span><\/p>\n<p style=\"text-align: center;\"><span style=\"font-family: georgia, serif; color: #800080; font-size: 14pt;\"><em>Ajouter la farine, incorporer la et fa\u00e7onner une boule. <\/em><em>La mettre au r\u00e9frig\u00e9rateur pendant <\/em><\/span><\/p>\n<p style=\"text-align: center;\"><span style=\"font-family: georgia, serif; color: #800080; font-size: 14pt;\"><em>\u00bd h.<\/em><\/span><\/p>\n<p style=\"text-align: center;\"><span style=\"text-decoration: underline; color: #800080;\"><span style=\"font-size: 18pt;\"><em style=\"font-family: georgia, serif;\">Pr\u00e9paration de la cr\u00e8me d&rsquo;amande<\/em><\/span><\/span><\/p>\n<p style=\"text-align: center;\"><span style=\"color: #800080;\"><img loading=\"lazy\" decoding=\"async\" class=\"alignnone wp-image-23933\" src=\"http:\/\/recettes-gourmandes-de-joce.fr\/wp-content\/uploads\/2020\/07\/tartes_amandine_aux_figues_et_pommes_08-150x150.jpg\" alt=\"\" width=\"214\" height=\"160\" srcset=\"http:\/\/recettes-gourmandes-de-joce.fr\/wp-content\/uploads\/2020\/07\/tartes_amandine_aux_figues_et_pommes_08-300x225.jpg 300w, http:\/\/recettes-gourmandes-de-joce.fr\/wp-content\/uploads\/2020\/07\/tartes_amandine_aux_figues_et_pommes_08.jpg 550w\" sizes=\"auto, (max-width: 214px) 100vw, 214px\" \/> <img loading=\"lazy\" decoding=\"async\" class=\"alignnone wp-image-23934\" src=\"http:\/\/recettes-gourmandes-de-joce.fr\/wp-content\/uploads\/2020\/07\/tartes_amandine_aux_figues_et_pommes_09-150x150.jpg\" alt=\"\" width=\"214\" height=\"160\" srcset=\"http:\/\/recettes-gourmandes-de-joce.fr\/wp-content\/uploads\/2020\/07\/tartes_amandine_aux_figues_et_pommes_09-300x225.jpg 300w, http:\/\/recettes-gourmandes-de-joce.fr\/wp-content\/uploads\/2020\/07\/tartes_amandine_aux_figues_et_pommes_09.jpg 550w\" sizes=\"auto, (max-width: 214px) 100vw, 214px\" \/> <img loading=\"lazy\" decoding=\"async\" class=\"alignnone wp-image-23935\" src=\"http:\/\/recettes-gourmandes-de-joce.fr\/wp-content\/uploads\/2020\/07\/tartes_amandine_aux_figues_et_pommes_10-150x150.jpg\" alt=\"\" width=\"214\" height=\"160\" srcset=\"http:\/\/recettes-gourmandes-de-joce.fr\/wp-content\/uploads\/2020\/07\/tartes_amandine_aux_figues_et_pommes_10-300x225.jpg 300w, http:\/\/recettes-gourmandes-de-joce.fr\/wp-content\/uploads\/2020\/07\/tartes_amandine_aux_figues_et_pommes_10.jpg 550w\" sizes=\"auto, (max-width: 214px) 100vw, 214px\" \/><\/span><\/p>\n<p style=\"text-align: center;\"><span style=\"color: #800080; font-size: 14pt;\"><span style=\"font-family: georgia, palatino, serif;\"><em>\u00a0<\/em><\/span><em><span style=\"font-family: georgia, palatino, serif;\">M\u00e9langer le sucre et la cr\u00e8me d&rsquo;amande, ajouter l&rsquo;\u0153uf <\/span>, <\/em><span style=\"font-family: georgia, serif;\"><em>jus d&rsquo;orange et l&rsquo;amande am\u00e8re, bien m\u00e9langer.<\/em><\/span><\/span><\/p>\n<p style=\"text-align: center;\"><span style=\"color: #800080;\"><img loading=\"lazy\" decoding=\"async\" class=\"alignnone wp-image-23936\" src=\"http:\/\/recettes-gourmandes-de-joce.fr\/wp-content\/uploads\/2020\/07\/tartes_amandine_aux_figues_et_pommes_11-150x150.jpg\" alt=\"\" width=\"214\" height=\"160\" srcset=\"http:\/\/recettes-gourmandes-de-joce.fr\/wp-content\/uploads\/2020\/07\/tartes_amandine_aux_figues_et_pommes_11-300x225.jpg 300w, http:\/\/recettes-gourmandes-de-joce.fr\/wp-content\/uploads\/2020\/07\/tartes_amandine_aux_figues_et_pommes_11.jpg 550w\" sizes=\"auto, (max-width: 214px) 100vw, 214px\" \/> <img loading=\"lazy\" decoding=\"async\" class=\"alignnone wp-image-23937\" src=\"http:\/\/recettes-gourmandes-de-joce.fr\/wp-content\/uploads\/2020\/07\/tartes_amandine_aux_figues_et_pommes_12-150x150.jpg\" alt=\"\" width=\"214\" height=\"160\" srcset=\"http:\/\/recettes-gourmandes-de-joce.fr\/wp-content\/uploads\/2020\/07\/tartes_amandine_aux_figues_et_pommes_12-300x225.jpg 300w, http:\/\/recettes-gourmandes-de-joce.fr\/wp-content\/uploads\/2020\/07\/tartes_amandine_aux_figues_et_pommes_12.jpg 550w\" sizes=\"auto, (max-width: 214px) 100vw, 214px\" \/> <img loading=\"lazy\" decoding=\"async\" class=\"alignnone wp-image-23939\" src=\"http:\/\/recettes-gourmandes-de-joce.fr\/wp-content\/uploads\/2020\/07\/tartes_amandine_aux_figues_et_pommes_14-150x150.jpg\" alt=\"\" width=\"214\" height=\"160\" srcset=\"http:\/\/recettes-gourmandes-de-joce.fr\/wp-content\/uploads\/2020\/07\/tartes_amandine_aux_figues_et_pommes_14-300x225.jpg 300w, http:\/\/recettes-gourmandes-de-joce.fr\/wp-content\/uploads\/2020\/07\/tartes_amandine_aux_figues_et_pommes_14.jpg 550w\" sizes=\"auto, (max-width: 214px) 100vw, 214px\" \/><\/span><\/p>\n<p style=\"text-align: center;\"><span style=\"font-family: georgia, serif; color: #800080;\"><span style=\"font-size: large;\"><em>\u00a0<\/em><\/span><span style=\"font-size: 14pt;\"><em>Ajouter ensuite le pralin, m\u00e9langer \u00e0 nouveau. <\/em><em>R\u00e9server. <\/em><\/span><\/span><\/p>\n<p style=\"text-align: center;\"><span style=\"color: #800080;\"><img loading=\"lazy\" decoding=\"async\" class=\"alignnone wp-image-23938\" src=\"http:\/\/recettes-gourmandes-de-joce.fr\/wp-content\/uploads\/2020\/07\/tartes_amandine_aux_figues_et_pommes_13-150x150.jpg\" alt=\"\" width=\"214\" height=\"160\" srcset=\"http:\/\/recettes-gourmandes-de-joce.fr\/wp-content\/uploads\/2020\/07\/tartes_amandine_aux_figues_et_pommes_13-300x225.jpg 300w, http:\/\/recettes-gourmandes-de-joce.fr\/wp-content\/uploads\/2020\/07\/tartes_amandine_aux_figues_et_pommes_13.jpg 550w\" sizes=\"auto, (max-width: 214px) 100vw, 214px\" \/> <img loading=\"lazy\" decoding=\"async\" class=\"alignnone wp-image-23940\" src=\"http:\/\/recettes-gourmandes-de-joce.fr\/wp-content\/uploads\/2020\/07\/tartes_amandine_aux_figues_et_pommes_15-150x150.jpg\" alt=\"\" width=\"214\" height=\"160\" srcset=\"http:\/\/recettes-gourmandes-de-joce.fr\/wp-content\/uploads\/2020\/07\/tartes_amandine_aux_figues_et_pommes_15-300x225.jpg 300w, http:\/\/recettes-gourmandes-de-joce.fr\/wp-content\/uploads\/2020\/07\/tartes_amandine_aux_figues_et_pommes_15.jpg 550w\" sizes=\"auto, (max-width: 214px) 100vw, 214px\" \/> <img loading=\"lazy\" decoding=\"async\" class=\"alignnone wp-image-23941\" src=\"http:\/\/recettes-gourmandes-de-joce.fr\/wp-content\/uploads\/2020\/07\/tartes_amandine_aux_figues_et_pommes_16-150x150.jpg\" alt=\"\" width=\"214\" height=\"160\" srcset=\"http:\/\/recettes-gourmandes-de-joce.fr\/wp-content\/uploads\/2020\/07\/tartes_amandine_aux_figues_et_pommes_16-300x225.jpg 300w, http:\/\/recettes-gourmandes-de-joce.fr\/wp-content\/uploads\/2020\/07\/tartes_amandine_aux_figues_et_pommes_16.jpg 550w\" sizes=\"auto, (max-width: 214px) 100vw, 214px\" \/><\/span><\/p>\n<p style=\"text-align: center;\"><span style=\"font-family: georgia, serif; color: #800080; font-size: 14pt;\"><em><em>Laver et couper les figues en quartiers, peler les pommes <\/em><em>et couper les en tranches. <\/em>Sortir la p\u00e2te du r\u00e9frig\u00e9rateur, fariner le plan de travail <\/em><em>et \u00e9taler la sur 3 millim\u00e8tres d&rsquo;\u00e9paisseur, <\/em><em>foncez en un moule \u00e0 tarte et piquer le fond avec <\/em><em>une fourchette.<\/em><\/span><\/p>\n<p style=\"text-align: center;\"><span style=\"color: #800080;\"><img loading=\"lazy\" decoding=\"async\" class=\"alignnone wp-image-23942\" src=\"http:\/\/recettes-gourmandes-de-joce.fr\/wp-content\/uploads\/2020\/07\/tartes_amandine_aux_figues_et_pommes_17-150x150.jpg\" alt=\"\" width=\"190\" height=\"160\" srcset=\"http:\/\/recettes-gourmandes-de-joce.fr\/wp-content\/uploads\/2020\/07\/tartes_amandine_aux_figues_et_pommes_17-300x252.jpg 300w, http:\/\/recettes-gourmandes-de-joce.fr\/wp-content\/uploads\/2020\/07\/tartes_amandine_aux_figues_et_pommes_17.jpg 550w\" sizes=\"auto, (max-width: 190px) 100vw, 190px\" \/> <img loading=\"lazy\" decoding=\"async\" class=\"alignnone wp-image-23943\" src=\"http:\/\/recettes-gourmandes-de-joce.fr\/wp-content\/uploads\/2020\/07\/tartes_amandine_aux_figues_et_pommes_18-150x150.jpg\" alt=\"\" width=\"214\" height=\"160\" srcset=\"http:\/\/recettes-gourmandes-de-joce.fr\/wp-content\/uploads\/2020\/07\/tartes_amandine_aux_figues_et_pommes_18-300x225.jpg 300w, http:\/\/recettes-gourmandes-de-joce.fr\/wp-content\/uploads\/2020\/07\/tartes_amandine_aux_figues_et_pommes_18.jpg 550w\" sizes=\"auto, (max-width: 214px) 100vw, 214px\" \/><\/span><\/p>\n<p style=\"text-align: center;\"><span style=\"font-family: georgia, serif; color: #800080; font-size: 14pt;\"><em>\u00a0<em>Ajouter dessus la cr\u00e8me d&rsquo;amande et disposer les fruits <\/em><em>harmonieusement sur la cr\u00e8me d&rsquo;amande. <\/em>Saupoudrer d&rsquo;un peu de sucre en poudre et parsemer <\/em><em>d&rsquo;amandes effil\u00e9es. <\/em><em>Enfourner \u00e0 200\u00b0 pendant environ 30 minutes <\/em><em>selon les fours, surveiller la coloration et la cuisson <\/em><em>de la tarte.<\/em><\/span><\/p>\n<p style=\"text-align: center;\"><span style=\"font-family: georgia, serif; color: #800080; font-size: 14pt;\"><em>Bonne d\u00e9gustation!<\/em><\/span><\/p>\n<p style=\"text-align: center;\"><span style=\"color: #800080;\"><span style=\"font-family: georgia,serif;\"><span style=\"font-size: large;\"><em>\u00a0<\/em><\/span><\/span><img loading=\"lazy\" decoding=\"async\" class=\"alignnone wp-image-23944\" src=\"http:\/\/recettes-gourmandes-de-joce.fr\/wp-content\/uploads\/2020\/07\/tartes_amandine_aux_figues_et_pommes_19-150x150.jpg\" alt=\"\" width=\"216\" height=\"180\" srcset=\"http:\/\/recettes-gourmandes-de-joce.fr\/wp-content\/uploads\/2020\/07\/tartes_amandine_aux_figues_et_pommes_19-300x250.jpg 300w, http:\/\/recettes-gourmandes-de-joce.fr\/wp-content\/uploads\/2020\/07\/tartes_amandine_aux_figues_et_pommes_19.jpg 550w\" sizes=\"auto, (max-width: 216px) 100vw, 216px\" \/> <img loading=\"lazy\" decoding=\"async\" class=\"alignnone wp-image-23925\" src=\"http:\/\/recettes-gourmandes-de-joce.fr\/wp-content\/uploads\/2020\/07\/tartes_amandine_aux_figues_et_pommes_20-150x150.jpg\" alt=\"\" width=\"295\" height=\"180\" srcset=\"http:\/\/recettes-gourmandes-de-joce.fr\/wp-content\/uploads\/2020\/07\/tartes_amandine_aux_figues_et_pommes_20-300x183.jpg 300w, http:\/\/recettes-gourmandes-de-joce.fr\/wp-content\/uploads\/2020\/07\/tartes_amandine_aux_figues_et_pommes_20.jpg 550w\" sizes=\"auto, (max-width: 295px) 100vw, 295px\" \/> <img loading=\"lazy\" decoding=\"async\" class=\"alignnone wp-image-23945\" src=\"http:\/\/recettes-gourmandes-de-joce.fr\/wp-content\/uploads\/2020\/07\/tartes_amandine_aux_figues_et_pommes_19-001-150x150.jpg\" alt=\"\" width=\"202\" height=\"180\" srcset=\"http:\/\/recettes-gourmandes-de-joce.fr\/wp-content\/uploads\/2020\/07\/tartes_amandine_aux_figues_et_pommes_19-001-300x267.jpg 300w, http:\/\/recettes-gourmandes-de-joce.fr\/wp-content\/uploads\/2020\/07\/tartes_amandine_aux_figues_et_pommes_19-001.jpg 444w\" sizes=\"auto, (max-width: 202px) 100vw, 202px\" \/> \u00a0<em style=\"font-size: large; font-family: georgia, serif;\">\u00a0<\/em><\/span><\/p>\n<p style=\"text-align: center;\"><span style=\"color: #800080;\"><img loading=\"lazy\" decoding=\"async\" class=\"alignnone wp-image-16654 size-full\" src=\"http:\/\/recettes-gourmandes-de-joce.fr\/wp-content\/uploads\/2020\/01\/logitech-gaming-software-14112014-121223.jpg\" alt=\"\" width=\"640\" height=\"144\" srcset=\"http:\/\/recettes-gourmandes-de-joce.fr\/wp-content\/uploads\/2020\/01\/logitech-gaming-software-14112014-121223.jpg 640w, http:\/\/recettes-gourmandes-de-joce.fr\/wp-content\/uploads\/2020\/01\/logitech-gaming-software-14112014-121223-300x68.jpg 300w\" sizes=\"auto, (max-width: 640px) 100vw, 640px\" \/><\/span><\/p>\n<p style=\"text-align: center;\"><span style=\"font-family: georgia, serif; color: #800080;\">\u00a0<\/span><\/p>\n","protected":false},"excerpt":{"rendered":"<p>Une de mes recettes \u00a0 Ingr\u00e9dients pour 2 tartes de la taille d&rsquo;une assiette \u00e0 dessert) Ingr\u00e9dients pour la p\u00e2te 300 g de farine 100 g de beurre 125\u00a0g de sucre 1 \u0153uf Ingr\u00e9dients pour la cr\u00e8me d&rsquo;amande 50 g d&rsquo;amande en poudre 50 g de sucre e poudre 1 c \u00e0 s de jus &hellip; <\/p>\n<p><a class=\"more-link btn\" href=\"http:\/\/recettes-gourmandes-de-joce.fr\/index.php\/index\/desserts\/tartes-et-tartelettes-sucrees\/tarte-amandine-aux-figues-et-pommes\/\">Lire la suite<\/a><\/p>\n","protected":false},"author":2,"featured_media":87605,"parent":47531,"menu_order":0,"comment_status":"open","ping_status":"closed","template":"","meta":{"footnotes":""},"class_list":["post-23946","page","type-page","status-publish","has-post-thumbnail","hentry","nodate","item-wrap"],"_links":{"self":[{"href":"http:\/\/recettes-gourmandes-de-joce.fr\/index.php\/wp-json\/wp\/v2\/pages\/23946","targetHints":{"allow":["GET"]}}],"collection":[{"href":"http:\/\/recettes-gourmandes-de-joce.fr\/index.php\/wp-json\/wp\/v2\/pages"}],"about":[{"href":"http:\/\/recettes-gourmandes-de-joce.fr\/index.php\/wp-json\/wp\/v2\/types\/page"}],"author":[{"embeddable":true,"href":"http:\/\/recettes-gourmandes-de-joce.fr\/index.php\/wp-json\/wp\/v2\/users\/2"}],"replies":[{"embeddable":true,"href":"http:\/\/recettes-gourmandes-de-joce.fr\/index.php\/wp-json\/wp\/v2\/comments?post=23946"}],"version-history":[{"count":5,"href":"http:\/\/recettes-gourmandes-de-joce.fr\/index.php\/wp-json\/wp\/v2\/pages\/23946\/revisions"}],"predecessor-version":[{"id":87606,"href":"http:\/\/recettes-gourmandes-de-joce.fr\/index.php\/wp-json\/wp\/v2\/pages\/23946\/revisions\/87606"}],"up":[{"embeddable":true,"href":"http:\/\/recettes-gourmandes-de-joce.fr\/index.php\/wp-json\/wp\/v2\/pages\/47531"}],"wp:featuredmedia":[{"embeddable":true,"href":"http:\/\/recettes-gourmandes-de-joce.fr\/index.php\/wp-json\/wp\/v2\/media\/87605"}],"wp:attachment":[{"href":"http:\/\/recettes-gourmandes-de-joce.fr\/index.php\/wp-json\/wp\/v2\/media?parent=23946"}],"curies":[{"name":"wp","href":"https:\/\/api.w.org\/{rel}","templated":true}]}}