{"id":2384,"date":"2019-10-02T15:29:53","date_gmt":"2019-10-02T15:29:53","guid":{"rendered":"http:\/\/recettes-gourmandes-de-joce.fr\/?page_id=2384"},"modified":"2026-03-23T00:29:25","modified_gmt":"2026-03-23T00:29:25","slug":"filets-de-maquereaux-sauce-moutarde-a-lestragon","status":"publish","type":"page","link":"http:\/\/recettes-gourmandes-de-joce.fr\/index.php\/index\/poissons-coquillages\/filets-paves\/filets-de-maquereaux-sauce-moutarde-a-lestragon\/","title":{"rendered":"Filets de maquereaux sauce moutarde \u00e0 l\u2019estragon."},"content":{"rendered":"<p style=\"text-align: center;\"><span style=\"color: #cc9900;\"><span style=\"font-size: 24px;\"><span style=\"font-family: georgia,serif;\"><u><em>Une de mes recettes<\/em><\/u><\/span><\/span><\/span><\/p>\n<p style=\"text-align: center;\"><img loading=\"lazy\" decoding=\"async\" class=\"alignnone wp-image-67625\" src=\"http:\/\/recettes-gourmandes-de-joce.fr\/wp-content\/uploads\/2024\/04\/maquereaux-estragon3.jpg\" alt=\"\" width=\"240\" height=\"180\" srcset=\"http:\/\/recettes-gourmandes-de-joce.fr\/wp-content\/uploads\/2024\/04\/maquereaux-estragon3.jpg 1024w, http:\/\/recettes-gourmandes-de-joce.fr\/wp-content\/uploads\/2024\/04\/maquereaux-estragon3-768x576.jpg 768w, http:\/\/recettes-gourmandes-de-joce.fr\/wp-content\/uploads\/2024\/04\/maquereaux-estragon3-750x563.jpg 750w\" sizes=\"auto, (max-width: 240px) 100vw, 240px\" \/>\u00a0<img loading=\"lazy\" decoding=\"async\" class=\"alignnone wp-image-67623\" src=\"http:\/\/recettes-gourmandes-de-joce.fr\/wp-content\/uploads\/2024\/04\/maquereaux-estragon1.jpg\" alt=\"\" width=\"303\" height=\"180\" srcset=\"http:\/\/recettes-gourmandes-de-joce.fr\/wp-content\/uploads\/2024\/04\/maquereaux-estragon1.jpg 1024w, http:\/\/recettes-gourmandes-de-joce.fr\/wp-content\/uploads\/2024\/04\/maquereaux-estragon1-768x456.jpg 768w, http:\/\/recettes-gourmandes-de-joce.fr\/wp-content\/uploads\/2024\/04\/maquereaux-estragon1-750x445.jpg 750w\" sizes=\"auto, (max-width: 303px) 100vw, 303px\" \/><img loading=\"lazy\" decoding=\"async\" class=\"alignnone wp-image-67624\" src=\"http:\/\/recettes-gourmandes-de-joce.fr\/wp-content\/uploads\/2024\/04\/maquereaux-estragon2.jpg\" alt=\"\" width=\"240\" height=\"180\" srcset=\"http:\/\/recettes-gourmandes-de-joce.fr\/wp-content\/uploads\/2024\/04\/maquereaux-estragon2.jpg 1024w, http:\/\/recettes-gourmandes-de-joce.fr\/wp-content\/uploads\/2024\/04\/maquereaux-estragon2-768x576.jpg 768w, http:\/\/recettes-gourmandes-de-joce.fr\/wp-content\/uploads\/2024\/04\/maquereaux-estragon2-750x563.jpg 750w\" sizes=\"auto, (max-width: 240px) 100vw, 240px\" \/><\/p>\n<p style=\"text-align: center;\"><span style=\"color: #cc9900;\"><span style=\"font-size: 24px;\"><span style=\"font-family: georgia,serif;\"><u><em>Ingr\u00e9dients pour 6 personnes<\/em><\/u><\/span><\/span><\/span><\/p>\n<p style=\"text-align: center;\"><img loading=\"lazy\" decoding=\"async\" class=\"alignnone wp-image-67626\" src=\"http:\/\/recettes-gourmandes-de-joce.fr\/wp-content\/uploads\/2024\/04\/maquereaux-estragon4.jpg\" alt=\"\" width=\"266\" height=\"200\" srcset=\"http:\/\/recettes-gourmandes-de-joce.fr\/wp-content\/uploads\/2024\/04\/maquereaux-estragon4.jpg 1024w, http:\/\/recettes-gourmandes-de-joce.fr\/wp-content\/uploads\/2024\/04\/maquereaux-estragon4-768x578.jpg 768w, http:\/\/recettes-gourmandes-de-joce.fr\/wp-content\/uploads\/2024\/04\/maquereaux-estragon4-750x565.jpg 750w\" sizes=\"auto, (max-width: 266px) 100vw, 266px\" \/><\/p>\n<p style=\"text-align: center;\"><span style=\"color: #cc9900; font-size: 14pt;\"><span style=\"font-family: georgia,serif;\"><em>6 maquereaux<\/em><\/span><\/span><\/p>\n<p style=\"text-align: center;\"><span style=\"color: #cc9900; font-size: 14pt;\"><span style=\"font-family: georgia,serif;\"><em>\u00bd verre de Riesling ou vin blanc sec<\/em><\/span><\/span><\/p>\n<p style=\"text-align: center;\"><span style=\"color: #cc9900; font-size: 14pt;\"><span style=\"font-family: georgia,serif;\"><em>1 citron<\/em><\/span><\/span><\/p>\n<p style=\"text-align: center;\"><span style=\"color: #cc9900; font-size: 14pt;\"><span style=\"font-family: georgia,serif;\"><em>1 tomate<\/em><\/span><\/span><\/p>\n<p style=\"text-align: center;\"><span style=\"color: #cc9900; font-size: 14pt;\"><span style=\"font-family: georgia,serif;\"><em>1 brique de cr\u00e8me liquide<\/em><\/span><\/span><\/p>\n<p style=\"text-align: center;\"><span style=\"color: #cc9900; font-size: 14pt;\"><span style=\"font-family: georgia,serif;\"><em>3 c \u00e0 soupe de moutarde forte<\/em><\/span><\/span><\/p>\n<p style=\"text-align: center;\"><span style=\"color: #cc9900; font-size: 14pt;\"><span style=\"font-family: georgia,serif;\"><em>1 c \u00e0 c d&rsquo;\u00e9pices pour poisson d\u00e9tails sur ce lien -&gt; <a href=\"https:\/\/epicetoo.fr\/produit\/grillades-du-pecheur-melange\/\">\u00c9picetoo<\/a><\/em><\/span><\/span><\/p>\n<p style=\"text-align: center;\"><span style=\"color: #cc9900; font-size: 14pt;\"><span style=\"font-family: georgia,serif;\"><em>4 gousses d&rsquo;ail<\/em><\/span><\/span><\/p>\n<p style=\"text-align: center;\"><span style=\"color: #cc9900; font-size: 14pt;\"><span style=\"font-family: georgia,serif;\"><em>Quelques feuilles de c\u00e9leri<\/em><\/span><\/span><\/p>\n<p style=\"text-align: center;\"><span style=\"color: #cc9900; font-size: 14pt;\"><span style=\"font-family: georgia,serif;\"><em>1 petit bouquet de thym frais<\/em><\/span><\/span><\/p>\n<p style=\"text-align: center;\"><span style=\"color: #cc9900; font-size: 14pt;\"><span style=\"font-family: georgia,serif;\"><em>1 petit bouquet d&rsquo;estragon<\/em><\/span><\/span><\/p>\n<p style=\"text-align: center;\"><span style=\"color: #cc9900; font-size: 14pt;\"><span style=\"font-family: georgia,serif;\"><em>Sel et poivre<\/em><\/span><\/span><\/p>\n<p style=\"text-align: center;\"><span style=\"color: #cc9900; font-size: 14pt;\"><span style=\"font-family: georgia,serif;\"><em>Pour vider et lever les filets vous pouvez demander \u00e0 votre poissonnier de le faire sinon je vous montre comment faire sur ce lien -&gt; <a href=\"http:\/\/recettes-gourmandes-de-joce.fr\/index.php\/index\/poissons-coquillages\/vider-lever-des-filets-decoupe\/vider-et-lever-des-filets-dun-maquereau-ou-autre-poisson\/\">Vider et lever les filets d&rsquo;un maquereau <\/a><\/em><\/span><\/span><\/p>\n<p style=\"text-align: center;\"><img loading=\"lazy\" decoding=\"async\" class=\"alignnone wp-image-67627\" src=\"http:\/\/recettes-gourmandes-de-joce.fr\/wp-content\/uploads\/2024\/04\/maquereaux-estragon5.jpg\" alt=\"\" width=\"227\" height=\"170\" srcset=\"http:\/\/recettes-gourmandes-de-joce.fr\/wp-content\/uploads\/2024\/04\/maquereaux-estragon5.jpg 1024w, http:\/\/recettes-gourmandes-de-joce.fr\/wp-content\/uploads\/2024\/04\/maquereaux-estragon5-768x576.jpg 768w, http:\/\/recettes-gourmandes-de-joce.fr\/wp-content\/uploads\/2024\/04\/maquereaux-estragon5-750x563.jpg 750w\" sizes=\"auto, (max-width: 227px) 100vw, 227px\" \/> <img loading=\"lazy\" decoding=\"async\" class=\"alignnone wp-image-67628\" src=\"http:\/\/recettes-gourmandes-de-joce.fr\/wp-content\/uploads\/2024\/04\/maquereaux-estragon6.jpg\" alt=\"\" width=\"227\" height=\"170\" srcset=\"http:\/\/recettes-gourmandes-de-joce.fr\/wp-content\/uploads\/2024\/04\/maquereaux-estragon6.jpg 1024w, http:\/\/recettes-gourmandes-de-joce.fr\/wp-content\/uploads\/2024\/04\/maquereaux-estragon6-768x576.jpg 768w, http:\/\/recettes-gourmandes-de-joce.fr\/wp-content\/uploads\/2024\/04\/maquereaux-estragon6-750x563.jpg 750w\" sizes=\"auto, (max-width: 227px) 100vw, 227px\" \/> <img loading=\"lazy\" decoding=\"async\" class=\"alignnone wp-image-67629\" src=\"http:\/\/recettes-gourmandes-de-joce.fr\/wp-content\/uploads\/2024\/04\/maquereaux-estragon7.jpg\" alt=\"\" width=\"227\" height=\"170\" srcset=\"http:\/\/recettes-gourmandes-de-joce.fr\/wp-content\/uploads\/2024\/04\/maquereaux-estragon7.jpg 1024w, http:\/\/recettes-gourmandes-de-joce.fr\/wp-content\/uploads\/2024\/04\/maquereaux-estragon7-768x576.jpg 768w, http:\/\/recettes-gourmandes-de-joce.fr\/wp-content\/uploads\/2024\/04\/maquereaux-estragon7-750x563.jpg 750w\" sizes=\"auto, (max-width: 227px) 100vw, 227px\" \/><\/p>\n<p style=\"text-align: center;\"><span style=\"color: #cc9900; font-size: 14pt;\"><span style=\"font-family: georgia,serif;\"><em>Peler, d\u00e9germer et \u00e9mincer finement les gousses d&rsquo;ail, laver et couper la tomate en petits d\u00e9s, laver et couper le citron en fines rondelles, laver et ciseler finement l&rsquo;estragon, hacher grossi\u00e8rement les feuilles de c\u00e9leri. Vider et lever les filets des maquereaux. Pr\u00e9chauffer le four \u00e0 220\u00b0. Dans un grand plat, r\u00e9partir les d\u00e9s de tomates, les \u00be de l&rsquo;ail et du c\u00e9leri.<\/em><\/span><\/span><\/p>\n<p style=\"text-align: center;\"><img loading=\"lazy\" decoding=\"async\" class=\"alignnone wp-image-67630\" src=\"http:\/\/recettes-gourmandes-de-joce.fr\/wp-content\/uploads\/2024\/04\/maquereaux-estragon8.jpg\" alt=\"\" width=\"227\" height=\"170\" srcset=\"http:\/\/recettes-gourmandes-de-joce.fr\/wp-content\/uploads\/2024\/04\/maquereaux-estragon8.jpg 1024w, http:\/\/recettes-gourmandes-de-joce.fr\/wp-content\/uploads\/2024\/04\/maquereaux-estragon8-768x576.jpg 768w, http:\/\/recettes-gourmandes-de-joce.fr\/wp-content\/uploads\/2024\/04\/maquereaux-estragon8-750x563.jpg 750w\" sizes=\"auto, (max-width: 227px) 100vw, 227px\" \/> <img loading=\"lazy\" decoding=\"async\" class=\"alignnone wp-image-67631\" src=\"http:\/\/recettes-gourmandes-de-joce.fr\/wp-content\/uploads\/2024\/04\/maquereaux-estragon9.jpg\" alt=\"\" width=\"252\" height=\"170\" srcset=\"http:\/\/recettes-gourmandes-de-joce.fr\/wp-content\/uploads\/2024\/04\/maquereaux-estragon9.jpg 1024w, http:\/\/recettes-gourmandes-de-joce.fr\/wp-content\/uploads\/2024\/04\/maquereaux-estragon9-768x518.jpg 768w, http:\/\/recettes-gourmandes-de-joce.fr\/wp-content\/uploads\/2024\/04\/maquereaux-estragon9-750x506.jpg 750w\" sizes=\"auto, (max-width: 252px) 100vw, 252px\" \/> <img loading=\"lazy\" decoding=\"async\" class=\"alignnone wp-image-67632\" src=\"http:\/\/recettes-gourmandes-de-joce.fr\/wp-content\/uploads\/2024\/04\/maquereaux-estragon10.jpg\" alt=\"\" width=\"248\" height=\"170\" srcset=\"http:\/\/recettes-gourmandes-de-joce.fr\/wp-content\/uploads\/2024\/04\/maquereaux-estragon10.jpg 1024w, http:\/\/recettes-gourmandes-de-joce.fr\/wp-content\/uploads\/2024\/04\/maquereaux-estragon10-768x527.jpg 768w, http:\/\/recettes-gourmandes-de-joce.fr\/wp-content\/uploads\/2024\/04\/maquereaux-estragon10-750x515.jpg 750w\" sizes=\"auto, (max-width: 248px) 100vw, 248px\" \/><\/p>\n<p style=\"text-align: center;\"><span style=\"color: #cc9900; font-size: 14pt;\"><span style=\"font-family: georgia,serif;\"><em>Ajouter dessus les filets de maquereaux le c\u00f4t\u00e9 peau contre le plat, ajouter le vin blanc, r\u00e9partir le reste de l&rsquo;ail et du c\u00e9leri.<\/em><\/span><\/span><\/p>\n<p style=\"text-align: center;\"><img loading=\"lazy\" decoding=\"async\" class=\"alignnone wp-image-67633\" src=\"http:\/\/recettes-gourmandes-de-joce.fr\/wp-content\/uploads\/2024\/04\/maquereaux-estragon11.jpg\" alt=\"\" width=\"227\" height=\"170\" srcset=\"http:\/\/recettes-gourmandes-de-joce.fr\/wp-content\/uploads\/2024\/04\/maquereaux-estragon11.jpg 1024w, http:\/\/recettes-gourmandes-de-joce.fr\/wp-content\/uploads\/2024\/04\/maquereaux-estragon11-768x576.jpg 768w, http:\/\/recettes-gourmandes-de-joce.fr\/wp-content\/uploads\/2024\/04\/maquereaux-estragon11-750x563.jpg 750w\" sizes=\"auto, (max-width: 227px) 100vw, 227px\" \/> <img loading=\"lazy\" decoding=\"async\" class=\"alignnone wp-image-67634\" src=\"http:\/\/recettes-gourmandes-de-joce.fr\/wp-content\/uploads\/2024\/04\/maquereaux-estragon12.jpg\" alt=\"\" width=\"227\" height=\"170\" srcset=\"http:\/\/recettes-gourmandes-de-joce.fr\/wp-content\/uploads\/2024\/04\/maquereaux-estragon12.jpg 1024w, http:\/\/recettes-gourmandes-de-joce.fr\/wp-content\/uploads\/2024\/04\/maquereaux-estragon12-768x576.jpg 768w, http:\/\/recettes-gourmandes-de-joce.fr\/wp-content\/uploads\/2024\/04\/maquereaux-estragon12-750x563.jpg 750w\" sizes=\"auto, (max-width: 227px) 100vw, 227px\" \/> <img loading=\"lazy\" decoding=\"async\" class=\"alignnone wp-image-67635\" src=\"http:\/\/recettes-gourmandes-de-joce.fr\/wp-content\/uploads\/2024\/04\/maquereaux-estragon13.jpg\" alt=\"\" width=\"227\" height=\"170\" srcset=\"http:\/\/recettes-gourmandes-de-joce.fr\/wp-content\/uploads\/2024\/04\/maquereaux-estragon13.jpg 1024w, http:\/\/recettes-gourmandes-de-joce.fr\/wp-content\/uploads\/2024\/04\/maquereaux-estragon13-768x576.jpg 768w, http:\/\/recettes-gourmandes-de-joce.fr\/wp-content\/uploads\/2024\/04\/maquereaux-estragon13-750x563.jpg 750w\" sizes=\"auto, (max-width: 227px) 100vw, 227px\" \/><\/p>\n<p style=\"text-align: center;\"><span style=\"color: #cc9900; font-size: 14pt;\"><span style=\"font-family: georgia,serif;\"><em>Saler, poivrer, r\u00e9partir les \u00e9pices, le thym\u00a0et les tranches de citron. Enfourner 10 minutes \u00e0 220\u00b0, surveiller la cuisson c&rsquo;est assez rapide.<\/em><\/span><\/span><\/p>\n<p style=\"text-align: center;\"><img loading=\"lazy\" decoding=\"async\" class=\"alignnone wp-image-67636\" src=\"http:\/\/recettes-gourmandes-de-joce.fr\/wp-content\/uploads\/2024\/04\/maquereaux-estragon14.jpg\" alt=\"\" width=\"227\" height=\"170\" srcset=\"http:\/\/recettes-gourmandes-de-joce.fr\/wp-content\/uploads\/2024\/04\/maquereaux-estragon14.jpg 1024w, http:\/\/recettes-gourmandes-de-joce.fr\/wp-content\/uploads\/2024\/04\/maquereaux-estragon14-768x576.jpg 768w, http:\/\/recettes-gourmandes-de-joce.fr\/wp-content\/uploads\/2024\/04\/maquereaux-estragon14-750x563.jpg 750w\" sizes=\"auto, (max-width: 227px) 100vw, 227px\" \/> <img loading=\"lazy\" decoding=\"async\" class=\"alignnone wp-image-67637\" src=\"http:\/\/recettes-gourmandes-de-joce.fr\/wp-content\/uploads\/2024\/04\/maquereaux-estragon15.jpg\" alt=\"\" width=\"227\" height=\"170\" srcset=\"http:\/\/recettes-gourmandes-de-joce.fr\/wp-content\/uploads\/2024\/04\/maquereaux-estragon15.jpg 1024w, http:\/\/recettes-gourmandes-de-joce.fr\/wp-content\/uploads\/2024\/04\/maquereaux-estragon15-768x576.jpg 768w, http:\/\/recettes-gourmandes-de-joce.fr\/wp-content\/uploads\/2024\/04\/maquereaux-estragon15-750x563.jpg 750w\" sizes=\"auto, (max-width: 227px) 100vw, 227px\" \/> <img loading=\"lazy\" decoding=\"async\" class=\"alignnone wp-image-67638\" src=\"http:\/\/recettes-gourmandes-de-joce.fr\/wp-content\/uploads\/2024\/04\/maquereaux-estragon16.jpg\" alt=\"\" width=\"227\" height=\"170\" srcset=\"http:\/\/recettes-gourmandes-de-joce.fr\/wp-content\/uploads\/2024\/04\/maquereaux-estragon16.jpg 1024w, http:\/\/recettes-gourmandes-de-joce.fr\/wp-content\/uploads\/2024\/04\/maquereaux-estragon16-768x576.jpg 768w, http:\/\/recettes-gourmandes-de-joce.fr\/wp-content\/uploads\/2024\/04\/maquereaux-estragon16-750x563.jpg 750w\" sizes=\"auto, (max-width: 227px) 100vw, 227px\" \/><\/p>\n<p style=\"text-align: center;\"><span style=\"color: #cc9900; font-size: 14pt;\"><span style=\"font-family: georgia,serif;\"><em>Pendant la cuisson pr\u00e9parer la sauce, dans un bol, mettre la cr\u00e8me, la moutarde et l&rsquo;estragon, saler et poivrer.<\/em><\/span><\/span><\/p>\n<p style=\"text-align: center;\"><img loading=\"lazy\" decoding=\"async\" class=\"alignnone wp-image-67639\" src=\"http:\/\/recettes-gourmandes-de-joce.fr\/wp-content\/uploads\/2024\/04\/maquereaux-estragon17.jpg\" alt=\"\" width=\"227\" height=\"170\" srcset=\"http:\/\/recettes-gourmandes-de-joce.fr\/wp-content\/uploads\/2024\/04\/maquereaux-estragon17.jpg 1024w, http:\/\/recettes-gourmandes-de-joce.fr\/wp-content\/uploads\/2024\/04\/maquereaux-estragon17-768x576.jpg 768w, http:\/\/recettes-gourmandes-de-joce.fr\/wp-content\/uploads\/2024\/04\/maquereaux-estragon17-750x563.jpg 750w\" sizes=\"auto, (max-width: 227px) 100vw, 227px\" \/>\u00a0<img loading=\"lazy\" decoding=\"async\" class=\"alignnone wp-image-67640\" src=\"http:\/\/recettes-gourmandes-de-joce.fr\/wp-content\/uploads\/2024\/04\/maquereaux-estragon18.jpg\" alt=\"\" width=\"255\" height=\"170\" srcset=\"http:\/\/recettes-gourmandes-de-joce.fr\/wp-content\/uploads\/2024\/04\/maquereaux-estragon18.jpg 1024w, http:\/\/recettes-gourmandes-de-joce.fr\/wp-content\/uploads\/2024\/04\/maquereaux-estragon18-768x512.jpg 768w, http:\/\/recettes-gourmandes-de-joce.fr\/wp-content\/uploads\/2024\/04\/maquereaux-estragon18-750x500.jpg 750w\" sizes=\"auto, (max-width: 255px) 100vw, 255px\" \/> <img loading=\"lazy\" decoding=\"async\" class=\"alignnone wp-image-67641\" src=\"http:\/\/recettes-gourmandes-de-joce.fr\/wp-content\/uploads\/2024\/04\/maquereaux-estragon19.jpg\" alt=\"\" width=\"124\" height=\"170\" \/><\/p>\n<p style=\"text-align: center;\"><span style=\"color: #cc9900; font-size: 14pt;\"><span style=\"font-family: georgia,serif;\"><em>M\u00e9langer. Lorsque les filets sont cuits, les r\u00e9partir dans les assiettes, r\u00e9cup\u00e9rer le jus de cuisson.<\/em><\/span><\/span><\/p>\n<p style=\"text-align: center;\"><img loading=\"lazy\" decoding=\"async\" class=\"alignnone wp-image-67642\" src=\"http:\/\/recettes-gourmandes-de-joce.fr\/wp-content\/uploads\/2024\/04\/maquereaux-estragon20.jpg\" alt=\"\" width=\"228\" height=\"170\" srcset=\"http:\/\/recettes-gourmandes-de-joce.fr\/wp-content\/uploads\/2024\/04\/maquereaux-estragon20.jpg 1024w, http:\/\/recettes-gourmandes-de-joce.fr\/wp-content\/uploads\/2024\/04\/maquereaux-estragon20-768x573.jpg 768w, http:\/\/recettes-gourmandes-de-joce.fr\/wp-content\/uploads\/2024\/04\/maquereaux-estragon20-750x560.jpg 750w\" sizes=\"auto, (max-width: 228px) 100vw, 228px\" \/>\u00a0<img loading=\"lazy\" decoding=\"async\" class=\"alignnone wp-image-67643\" src=\"http:\/\/recettes-gourmandes-de-joce.fr\/wp-content\/uploads\/2024\/04\/maquereaux-estragon21.jpg\" alt=\"\" width=\"227\" height=\"170\" srcset=\"http:\/\/recettes-gourmandes-de-joce.fr\/wp-content\/uploads\/2024\/04\/maquereaux-estragon21.jpg 1024w, http:\/\/recettes-gourmandes-de-joce.fr\/wp-content\/uploads\/2024\/04\/maquereaux-estragon21-768x576.jpg 768w, http:\/\/recettes-gourmandes-de-joce.fr\/wp-content\/uploads\/2024\/04\/maquereaux-estragon21-750x563.jpg 750w\" sizes=\"auto, (max-width: 227px) 100vw, 227px\" \/><\/p>\n<p style=\"text-align: center;\"><span style=\"color: #cc9900; font-size: 14pt;\"><span style=\"font-family: georgia,serif;\"><em>Le verser dans la sauce et bien m\u00e9langer, r\u00e9chauffer la sauce 1minutes30 \u00e0 pleine puissance au micro-onde et en napper les filets de maquereaux, servir du riz ou des pommes de terre vapeur avec ce plat.<\/em><\/span><\/span><\/p>\n<p style=\"text-align: center;\"><span style=\"color: #cc9900; font-size: 14pt;\"><span style=\"font-family: georgia,serif;\"><em>Bon app\u00e9tit!<\/em><\/span><\/span><\/p>\n<p style=\"text-align: center;\"><img loading=\"lazy\" decoding=\"async\" class=\"alignnone wp-image-67622\" src=\"http:\/\/recettes-gourmandes-de-joce.fr\/wp-content\/uploads\/2024\/04\/maquereaux-estragon24.jpg\" alt=\"\" width=\"239\" height=\"179\" srcset=\"http:\/\/recettes-gourmandes-de-joce.fr\/wp-content\/uploads\/2024\/04\/maquereaux-estragon24.jpg 1024w, http:\/\/recettes-gourmandes-de-joce.fr\/wp-content\/uploads\/2024\/04\/maquereaux-estragon24-768x576.jpg 768w, http:\/\/recettes-gourmandes-de-joce.fr\/wp-content\/uploads\/2024\/04\/maquereaux-estragon24-750x563.jpg 750w\" sizes=\"auto, (max-width: 239px) 100vw, 239px\" \/>\u00a0<img loading=\"lazy\" decoding=\"async\" class=\"alignnone wp-image-67645\" src=\"http:\/\/recettes-gourmandes-de-joce.fr\/wp-content\/uploads\/2024\/04\/maquereaux-estragon23.jpg\" alt=\"\" width=\"239\" height=\"179\" srcset=\"http:\/\/recettes-gourmandes-de-joce.fr\/wp-content\/uploads\/2024\/04\/maquereaux-estragon23.jpg 1024w, http:\/\/recettes-gourmandes-de-joce.fr\/wp-content\/uploads\/2024\/04\/maquereaux-estragon23-768x576.jpg 768w, http:\/\/recettes-gourmandes-de-joce.fr\/wp-content\/uploads\/2024\/04\/maquereaux-estragon23-750x563.jpg 750w\" sizes=\"auto, (max-width: 239px) 100vw, 239px\" \/> <img loading=\"lazy\" decoding=\"async\" class=\"alignnone wp-image-67644\" src=\"http:\/\/recettes-gourmandes-de-joce.fr\/wp-content\/uploads\/2024\/04\/maquereaux-estragon22.jpg\" alt=\"\" width=\"264\" height=\"179\" srcset=\"http:\/\/recettes-gourmandes-de-joce.fr\/wp-content\/uploads\/2024\/04\/maquereaux-estragon22.jpg 1024w, http:\/\/recettes-gourmandes-de-joce.fr\/wp-content\/uploads\/2024\/04\/maquereaux-estragon22-768x520.jpg 768w, http:\/\/recettes-gourmandes-de-joce.fr\/wp-content\/uploads\/2024\/04\/maquereaux-estragon22-750x508.jpg 750w\" sizes=\"auto, (max-width: 264px) 100vw, 264px\" \/><\/p>\n<p style=\"text-align: center;\"><img loading=\"lazy\" decoding=\"async\" class=\"alignnone size-full wp-image-59803\" src=\"http:\/\/recettes-gourmandes-de-joce.fr\/wp-content\/uploads\/2024\/01\/logitech-gaming-software-14112014-121223.jpg\" alt=\"\" width=\"640\" height=\"144\" \/><\/p>\n<h3>Commentaires\u00a0<small>(4)<\/small><\/h3>\n<div class=\"items-container\">\n<div class=\"item item-comment media\">\n<div class=\"pull-left\"><\/div>\n<div class=\"media-body\">\n<ul class=\"inline item-infos\">\n<li><span class=\"comment-number\">1.<\/span>\u00a0<span class=\"comment-author\"><strong>amatxo<\/strong><\/span>\u00a0<span class=\"comment-date\">| 08\/11\/2016<\/span><\/li>\n<\/ul>\n<div class=\"comment-content\">Je pense faire ta recette demain, je te dirais si c&rsquo;est bon !!! mais venant de toi \u00e7a ne peut \u00eatre que bon<\/div>\n<div class=\"item item-comment media by-webmaster\">\n<div class=\"pull-left\">\n<p>&nbsp;<\/p>\n<\/div>\n<div class=\"media-body\">\n<ul class=\"inline item-infos\">\n<li><span class=\"comment-author\"><strong>jocelyne debon<\/strong>\u00a0(<a rel=\"nofollow\">site web<\/a>)<\/span>\u00a0<span class=\"comment-date\">| 08\/11\/2016<\/span><\/li>\n<\/ul>\n<div class=\"comment-content\">Ok pas de soucis j&rsquo;attend ton retour, merci pour le compliment c&rsquo;est gentil<\/div>\n<div class=\"comment-content\">Bisousssss<\/div>\n<div class=\"comment-content\">Amicalement Joce<\/div>\n<\/div>\n<\/div>\n<\/div>\n<\/div>\n<div class=\"item item-comment media\">\n<div class=\"pull-left\">\n<p>&nbsp;<\/p>\n<p><img decoding=\"async\" class=\"media-object\" src=\"https:\/\/www.gravatar.com\/avatar\/d64f3ae2f9b189ee4f37a6c307b8393a?d=https%3A%2F%2Fwww.recettes-gourmandes-de-joce.com%2Fmedias%2Fstatic%2Fmanager%2Fim%2Favatar.png?s=50&amp;d=mm\" alt=\"Josy\" width=\"50\" \/><\/p>\n<\/div>\n<div class=\"media-body\">\n<ul class=\"inline item-infos\">\n<li><span class=\"comment-number\">2.<\/span>\u00a0<span class=\"comment-author\"><strong>Josy<\/strong>\u00a0(<a rel=\"nofollow\">site web<\/a>)<\/span>\u00a0<span class=\"comment-date\">| 07\/11\/2016<\/span><\/li>\n<\/ul>\n<div class=\"comment-content\">Recette bien sympa et gourmande je m&rsquo;y essaierais bien et je pense que je la referais prochainement. Par contre, penses-tu qu&rsquo;on peut la faire avec un autre type de poisson au go\u00fbt moins prononc\u00e9 que le maquereau et que me conseillerais- tu ? Bonne semaine et bizzzz<\/div>\n<div class=\"item item-comment media by-webmaster\">\n<div class=\"pull-left\">\n<p>&nbsp;<\/p>\n<\/div>\n<div class=\"media-body\">\n<ul class=\"inline item-infos\">\n<li><span class=\"comment-author\"><strong>jocelyne debon<\/strong>\u00a0(<a rel=\"nofollow\">site web<\/a>)<\/span>\u00a0<span class=\"comment-date\">| 07\/11\/2016<\/span><\/li>\n<\/ul>\n<div class=\"comment-content\">Coucou<\/div>\n<div class=\"comment-content\">Oui tu peux tout \u00e0 fait faire cette recette avec un autre poisson style filet de merlan par exemple moins fort en go\u00fbt et en adaptant le temps de cuisson<\/div>\n<div class=\"comment-content\">Au plaisir et n&rsquo;h\u00e9site pas \u00e0 venir donner ton avis quand tu auras test\u00e9e cette recette<\/div>\n<div class=\"comment-content\">Bonne journ\u00e9e<\/div>\n<div class=\"comment-content\">Amicalement Joce<\/div>\n<\/div>\n<\/div>\n<\/div>\n<\/div>\n<\/div>\n","protected":false},"excerpt":{"rendered":"<p>Une de mes recettes \u00a0 Ingr\u00e9dients pour 6 personnes 6 maquereaux \u00bd verre de Riesling ou vin blanc sec 1 citron 1 tomate 1 brique de cr\u00e8me liquide 3 c \u00e0 soupe de moutarde forte 1 c \u00e0 c d&rsquo;\u00e9pices pour poisson d\u00e9tails sur ce lien -&gt; \u00c9picetoo 4 gousses d&rsquo;ail Quelques feuilles de c\u00e9leri &hellip; <\/p>\n<p><a class=\"more-link btn\" href=\"http:\/\/recettes-gourmandes-de-joce.fr\/index.php\/index\/poissons-coquillages\/filets-paves\/filets-de-maquereaux-sauce-moutarde-a-lestragon\/\">Lire la suite<\/a><\/p>\n","protected":false},"author":2,"featured_media":67645,"parent":189,"menu_order":0,"comment_status":"open","ping_status":"closed","template":"","meta":{"footnotes":""},"class_list":["post-2384","page","type-page","status-publish","has-post-thumbnail","hentry","nodate","item-wrap"],"_links":{"self":[{"href":"http:\/\/recettes-gourmandes-de-joce.fr\/index.php\/wp-json\/wp\/v2\/pages\/2384","targetHints":{"allow":["GET"]}}],"collection":[{"href":"http:\/\/recettes-gourmandes-de-joce.fr\/index.php\/wp-json\/wp\/v2\/pages"}],"about":[{"href":"http:\/\/recettes-gourmandes-de-joce.fr\/index.php\/wp-json\/wp\/v2\/types\/page"}],"author":[{"embeddable":true,"href":"http:\/\/recettes-gourmandes-de-joce.fr\/index.php\/wp-json\/wp\/v2\/users\/2"}],"replies":[{"embeddable":true,"href":"http:\/\/recettes-gourmandes-de-joce.fr\/index.php\/wp-json\/wp\/v2\/comments?post=2384"}],"version-history":[{"count":9,"href":"http:\/\/recettes-gourmandes-de-joce.fr\/index.php\/wp-json\/wp\/v2\/pages\/2384\/revisions"}],"predecessor-version":[{"id":99887,"href":"http:\/\/recettes-gourmandes-de-joce.fr\/index.php\/wp-json\/wp\/v2\/pages\/2384\/revisions\/99887"}],"up":[{"embeddable":true,"href":"http:\/\/recettes-gourmandes-de-joce.fr\/index.php\/wp-json\/wp\/v2\/pages\/189"}],"wp:featuredmedia":[{"embeddable":true,"href":"http:\/\/recettes-gourmandes-de-joce.fr\/index.php\/wp-json\/wp\/v2\/media\/67645"}],"wp:attachment":[{"href":"http:\/\/recettes-gourmandes-de-joce.fr\/index.php\/wp-json\/wp\/v2\/media?parent=2384"}],"curies":[{"name":"wp","href":"https:\/\/api.w.org\/{rel}","templated":true}]}}