{"id":2295,"date":"2019-10-02T11:07:22","date_gmt":"2019-10-02T11:07:22","guid":{"rendered":"http:\/\/recettes-gourmandes-de-joce.fr\/?page_id=2295"},"modified":"2024-06-28T15:48:55","modified_gmt":"2024-06-28T15:48:55","slug":"verrines-de-veloute-de-persil-epice-aux-coques-et-moules","status":"publish","type":"page","link":"http:\/\/recettes-gourmandes-de-joce.fr\/index.php\/index\/poissons-coquillages\/coquillages-crustaces\/verrines-de-veloute-de-persil-epice-aux-coques-et-moules\/","title":{"rendered":"Verrines de velout\u00e9 de persil \u00e9pic\u00e9 aux coques et moules."},"content":{"rendered":"<p style=\"text-align: center;\"><span style=\"color: #008000;\"><span style=\"font-size: 24px;\"><span style=\"font-family: georgia,serif;\"><u><em>Une de mes recettes<\/em><\/u><\/span><\/span><\/span><\/p>\n<p style=\"text-align: center;\"><img loading=\"lazy\" decoding=\"async\" class=\"alignnone wp-image-54362\" src=\"http:\/\/recettes-gourmandes-de-joce.fr\/wp-content\/uploads\/2023\/04\/coques-persil3a-300x185.jpg\" alt=\"\" width=\"293\" height=\"180\" srcset=\"http:\/\/recettes-gourmandes-de-joce.fr\/wp-content\/uploads\/2023\/04\/coques-persil3a-300x185.jpg 300w, http:\/\/recettes-gourmandes-de-joce.fr\/wp-content\/uploads\/2023\/04\/coques-persil3a-768x473.jpg 768w, http:\/\/recettes-gourmandes-de-joce.fr\/wp-content\/uploads\/2023\/04\/coques-persil3a-750x461.jpg 750w, http:\/\/recettes-gourmandes-de-joce.fr\/wp-content\/uploads\/2023\/04\/coques-persil3a.jpg 1024w\" sizes=\"auto, (max-width: 293px) 100vw, 293px\" \/>\u00a0<img loading=\"lazy\" decoding=\"async\" class=\"alignnone wp-image-54360\" src=\"http:\/\/recettes-gourmandes-de-joce.fr\/wp-content\/uploads\/2023\/04\/coques-persil2-300x200.jpg\" alt=\"\" width=\"270\" height=\"180\" srcset=\"http:\/\/recettes-gourmandes-de-joce.fr\/wp-content\/uploads\/2023\/04\/coques-persil2-300x200.jpg 300w, http:\/\/recettes-gourmandes-de-joce.fr\/wp-content\/uploads\/2023\/04\/coques-persil2-768x512.jpg 768w, http:\/\/recettes-gourmandes-de-joce.fr\/wp-content\/uploads\/2023\/04\/coques-persil2-750x500.jpg 750w, http:\/\/recettes-gourmandes-de-joce.fr\/wp-content\/uploads\/2023\/04\/coques-persil2.jpg 1024w\" sizes=\"auto, (max-width: 270px) 100vw, 270px\" \/><img loading=\"lazy\" decoding=\"async\" class=\"alignnone wp-image-54361\" src=\"http:\/\/recettes-gourmandes-de-joce.fr\/wp-content\/uploads\/2023\/04\/coques-persil3-300x200.jpg\" alt=\"\" width=\"270\" height=\"180\" srcset=\"http:\/\/recettes-gourmandes-de-joce.fr\/wp-content\/uploads\/2023\/04\/coques-persil3-300x200.jpg 300w, http:\/\/recettes-gourmandes-de-joce.fr\/wp-content\/uploads\/2023\/04\/coques-persil3-768x512.jpg 768w, http:\/\/recettes-gourmandes-de-joce.fr\/wp-content\/uploads\/2023\/04\/coques-persil3-750x500.jpg 750w, http:\/\/recettes-gourmandes-de-joce.fr\/wp-content\/uploads\/2023\/04\/coques-persil3.jpg 1024w\" sizes=\"auto, (max-width: 270px) 100vw, 270px\" \/><\/p>\n<p style=\"text-align: center;\"><span style=\"color: #008000;\"><span style=\"font-size: 24px;\"><span style=\"font-family: georgia,serif;\"><u><em>Ingr\u00e9dients pour 12 verrines ou 3 entr\u00e9es<\/em><\/u><\/span><\/span><\/span><\/p>\n<p style=\"text-align: center;\"><img loading=\"lazy\" decoding=\"async\" class=\"alignnone wp-image-54363\" src=\"http:\/\/recettes-gourmandes-de-joce.fr\/wp-content\/uploads\/2023\/04\/coques-persil4-300x212.jpg\" alt=\"\" width=\"282\" height=\"200\" srcset=\"http:\/\/recettes-gourmandes-de-joce.fr\/wp-content\/uploads\/2023\/04\/coques-persil4-300x212.jpg 300w, http:\/\/recettes-gourmandes-de-joce.fr\/wp-content\/uploads\/2023\/04\/coques-persil4-768x544.jpg 768w, http:\/\/recettes-gourmandes-de-joce.fr\/wp-content\/uploads\/2023\/04\/coques-persil4-750x531.jpg 750w, http:\/\/recettes-gourmandes-de-joce.fr\/wp-content\/uploads\/2023\/04\/coques-persil4.jpg 1024w\" sizes=\"auto, (max-width: 282px) 100vw, 282px\" \/><\/p>\n<p style=\"text-align: center;\"><span style=\"font-size: 14pt;\"><span style=\"font-family: georgia,serif;\"><em><span style=\"color: #008000;\">2 pommes de terre moyennes<\/span><\/em><\/span><\/span><\/p>\n<p style=\"text-align: center;\"><span style=\"font-size: 14pt;\"><span style=\"font-family: georgia,serif;\"><em><span style=\"color: #008000;\">1 bouquet de persil plat<\/span><\/em><\/span><\/span><\/p>\n<p style=\"text-align: center;\"><span style=\"font-size: 14pt;\"><span style=\"font-family: georgia,serif;\"><em><span style=\"color: #008000;\">3 gousses d&rsquo;ail<\/span><\/em><\/span><\/span><\/p>\n<p style=\"text-align: center;\"><span style=\"font-size: 14pt;\"><span style=\"font-family: georgia,serif;\"><em><span style=\"color: #008000;\">500 g de coques<\/span><\/em><\/span><\/span><\/p>\n<p style=\"text-align: center;\"><span style=\"font-size: 14pt;\"><span style=\"font-family: georgia,serif;\"><em><span style=\"color: #008000;\">1 kg de moules crues ou 200 g de moules d\u00e9coquill\u00e9es<\/span><\/em><\/span><\/span><\/p>\n<p style=\"text-align: center;\"><span style=\"font-size: 14pt;\"><span style=\"font-family: georgia,serif;\"><em><span style=\"color: #008000;\">1 morceau de beurre<\/span><\/em><\/span><\/span><\/p>\n<p style=\"text-align: center;\"><span style=\"font-size: 14pt;\"><span style=\"font-family: georgia,serif;\"><em><span style=\"color: #008000;\">1 bonne c \u00e0 s de cr\u00e8me fra\u00eeche<\/span><\/em><\/span><\/span><\/p>\n<p style=\"text-align: center;\"><span style=\"font-size: 14pt;\"><span style=\"font-family: georgia,serif;\"><em><span style=\"color: #008000;\">2 pinc\u00e9es d&rsquo;\u00e9pices pour poisson\u00a0<\/span><\/em><\/span><\/span><\/p>\n<p style=\"text-align: center;\"><span style=\"font-size: 14pt;\"><span style=\"font-family: georgia,serif;\"><em><span style=\"color: #008000;\">2 pinc\u00e9es de piment d&rsquo;Espelette<\/span><\/em><\/span><\/span><\/p>\n<p style=\"text-align: center;\"><span style=\"font-size: 14pt;\"><span style=\"font-family: georgia,serif;\"><em><span style=\"color: #008000;\">Sel et poivre<\/span><\/em><\/span><\/span><\/p>\n<p style=\"text-align: center;\"><img loading=\"lazy\" decoding=\"async\" class=\"alignnone wp-image-54364\" src=\"http:\/\/recettes-gourmandes-de-joce.fr\/wp-content\/uploads\/2023\/04\/coques-persil5-300x210.jpg\" alt=\"\" width=\"235\" height=\"165\" srcset=\"http:\/\/recettes-gourmandes-de-joce.fr\/wp-content\/uploads\/2023\/04\/coques-persil5-300x210.jpg 300w, http:\/\/recettes-gourmandes-de-joce.fr\/wp-content\/uploads\/2023\/04\/coques-persil5-768x539.jpg 768w, http:\/\/recettes-gourmandes-de-joce.fr\/wp-content\/uploads\/2023\/04\/coques-persil5-750x526.jpg 750w, http:\/\/recettes-gourmandes-de-joce.fr\/wp-content\/uploads\/2023\/04\/coques-persil5.jpg 1024w\" sizes=\"auto, (max-width: 235px) 100vw, 235px\" \/> <img loading=\"lazy\" decoding=\"async\" class=\"alignnone wp-image-54365\" src=\"http:\/\/recettes-gourmandes-de-joce.fr\/wp-content\/uploads\/2023\/04\/coques-persil6-300x200.jpg\" alt=\"\" width=\"247\" height=\"165\" srcset=\"http:\/\/recettes-gourmandes-de-joce.fr\/wp-content\/uploads\/2023\/04\/coques-persil6-300x200.jpg 300w, http:\/\/recettes-gourmandes-de-joce.fr\/wp-content\/uploads\/2023\/04\/coques-persil6-768x512.jpg 768w, http:\/\/recettes-gourmandes-de-joce.fr\/wp-content\/uploads\/2023\/04\/coques-persil6-750x500.jpg 750w, http:\/\/recettes-gourmandes-de-joce.fr\/wp-content\/uploads\/2023\/04\/coques-persil6.jpg 1024w\" sizes=\"auto, (max-width: 247px) 100vw, 247px\" \/> <img loading=\"lazy\" decoding=\"async\" class=\"alignnone wp-image-54366\" src=\"http:\/\/recettes-gourmandes-de-joce.fr\/wp-content\/uploads\/2023\/04\/coques-persil7-300x200.jpg\" alt=\"\" width=\"247\" height=\"165\" srcset=\"http:\/\/recettes-gourmandes-de-joce.fr\/wp-content\/uploads\/2023\/04\/coques-persil7-300x200.jpg 300w, http:\/\/recettes-gourmandes-de-joce.fr\/wp-content\/uploads\/2023\/04\/coques-persil7-768x512.jpg 768w, http:\/\/recettes-gourmandes-de-joce.fr\/wp-content\/uploads\/2023\/04\/coques-persil7-750x500.jpg 750w, http:\/\/recettes-gourmandes-de-joce.fr\/wp-content\/uploads\/2023\/04\/coques-persil7.jpg 1024w\" sizes=\"auto, (max-width: 247px) 100vw, 247px\" \/><\/p>\n<p style=\"text-align: center;\"><span style=\"font-size: 14pt;\"><span style=\"font-family: georgia,serif;\"><em><span style=\"color: #008000;\">Mettre les coques dans un saladier d&rsquo;eau pour leurs faire rendre le sable. Laver et hacher grossi\u00e8rement le persil, peler, laver et couper les pommes de terre en petits morceaux. Peler, d\u00e9germer et couper l&rsquo;ail en morceaux.\u00a0Dans un faitout, mettre le persil, les pommes de terre et les gousses d&rsquo;ail, couvrir d&rsquo;eau, ajouter le piment d&rsquo;Espelette, saler et poivrer. Mettre \u00e0 cuire environ 20 minutes.<\/span><\/em><\/span><\/span><\/p>\n<p style=\"text-align: center;\"><img loading=\"lazy\" decoding=\"async\" class=\"alignnone wp-image-54367\" src=\"http:\/\/recettes-gourmandes-de-joce.fr\/wp-content\/uploads\/2023\/04\/coques-persil8-300x200.jpg\" alt=\"\" width=\"247\" height=\"165\" srcset=\"http:\/\/recettes-gourmandes-de-joce.fr\/wp-content\/uploads\/2023\/04\/coques-persil8-300x200.jpg 300w, http:\/\/recettes-gourmandes-de-joce.fr\/wp-content\/uploads\/2023\/04\/coques-persil8-768x512.jpg 768w, http:\/\/recettes-gourmandes-de-joce.fr\/wp-content\/uploads\/2023\/04\/coques-persil8-750x500.jpg 750w, http:\/\/recettes-gourmandes-de-joce.fr\/wp-content\/uploads\/2023\/04\/coques-persil8.jpg 1024w\" sizes=\"auto, (max-width: 247px) 100vw, 247px\" \/> <img loading=\"lazy\" decoding=\"async\" class=\"alignnone wp-image-54368\" src=\"http:\/\/recettes-gourmandes-de-joce.fr\/wp-content\/uploads\/2023\/04\/coques-persil9-300x222.jpg\" alt=\"\" width=\"223\" height=\"165\" srcset=\"http:\/\/recettes-gourmandes-de-joce.fr\/wp-content\/uploads\/2023\/04\/coques-persil9-300x222.jpg 300w, http:\/\/recettes-gourmandes-de-joce.fr\/wp-content\/uploads\/2023\/04\/coques-persil9-768x569.jpg 768w, http:\/\/recettes-gourmandes-de-joce.fr\/wp-content\/uploads\/2023\/04\/coques-persil9-750x555.jpg 750w, http:\/\/recettes-gourmandes-de-joce.fr\/wp-content\/uploads\/2023\/04\/coques-persil9.jpg 1024w\" sizes=\"auto, (max-width: 223px) 100vw, 223px\" \/> <img loading=\"lazy\" decoding=\"async\" class=\"alignnone wp-image-54369\" src=\"http:\/\/recettes-gourmandes-de-joce.fr\/wp-content\/uploads\/2023\/04\/coques-persil10-300x200.jpg\" alt=\"\" width=\"247\" height=\"165\" srcset=\"http:\/\/recettes-gourmandes-de-joce.fr\/wp-content\/uploads\/2023\/04\/coques-persil10-300x200.jpg 300w, http:\/\/recettes-gourmandes-de-joce.fr\/wp-content\/uploads\/2023\/04\/coques-persil10-768x512.jpg 768w, http:\/\/recettes-gourmandes-de-joce.fr\/wp-content\/uploads\/2023\/04\/coques-persil10-750x500.jpg 750w, http:\/\/recettes-gourmandes-de-joce.fr\/wp-content\/uploads\/2023\/04\/coques-persil10.jpg 1024w\" sizes=\"auto, (max-width: 247px) 100vw, 247px\" \/><\/p>\n<p style=\"text-align: center;\"><span style=\"font-size: 14pt;\"><span style=\"font-family: georgia,serif;\"><em><span style=\"color: #008000;\">Pendant ce temps, \u00e0 l&rsquo;aide d&rsquo;une \u00e9cumoire les r\u00e9cup\u00e9rer ne pas les mettre dans une passoire car le sable tomb\u00e9 au fond du saladier retomberai sur les coques. Jeter celles d\u00e9j\u00e0 ouvertes. Cuire les coques dans un peu de beurre, d\u00e8s qu&rsquo;elles sont ouvertes, les r\u00e9cup\u00e9rer \u00e0 l&rsquo;aide d&rsquo;une \u00e9cumoire.<\/span><\/em><\/span><\/span><\/p>\n<p style=\"text-align: center;\"><img loading=\"lazy\" decoding=\"async\" class=\"alignnone wp-image-54370\" src=\"http:\/\/recettes-gourmandes-de-joce.fr\/wp-content\/uploads\/2023\/04\/coques-persil11-300x200.jpg\" alt=\"\" width=\"247\" height=\"165\" srcset=\"http:\/\/recettes-gourmandes-de-joce.fr\/wp-content\/uploads\/2023\/04\/coques-persil11-300x200.jpg 300w, http:\/\/recettes-gourmandes-de-joce.fr\/wp-content\/uploads\/2023\/04\/coques-persil11-768x512.jpg 768w, http:\/\/recettes-gourmandes-de-joce.fr\/wp-content\/uploads\/2023\/04\/coques-persil11-750x500.jpg 750w, http:\/\/recettes-gourmandes-de-joce.fr\/wp-content\/uploads\/2023\/04\/coques-persil11.jpg 1024w\" sizes=\"auto, (max-width: 247px) 100vw, 247px\" \/> <img loading=\"lazy\" decoding=\"async\" class=\"alignnone wp-image-54371\" src=\"http:\/\/recettes-gourmandes-de-joce.fr\/wp-content\/uploads\/2023\/04\/coques-persil12-300x200.jpg\" alt=\"\" width=\"247\" height=\"165\" srcset=\"http:\/\/recettes-gourmandes-de-joce.fr\/wp-content\/uploads\/2023\/04\/coques-persil12-300x200.jpg 300w, http:\/\/recettes-gourmandes-de-joce.fr\/wp-content\/uploads\/2023\/04\/coques-persil12-768x512.jpg 768w, http:\/\/recettes-gourmandes-de-joce.fr\/wp-content\/uploads\/2023\/04\/coques-persil12-750x500.jpg 750w, http:\/\/recettes-gourmandes-de-joce.fr\/wp-content\/uploads\/2023\/04\/coques-persil12.jpg 1024w\" sizes=\"auto, (max-width: 247px) 100vw, 247px\" \/> <img loading=\"lazy\" decoding=\"async\" class=\"alignnone wp-image-54372\" src=\"http:\/\/recettes-gourmandes-de-joce.fr\/wp-content\/uploads\/2023\/04\/coques-persil13-300x182.jpg\" alt=\"\" width=\"272\" height=\"165\" srcset=\"http:\/\/recettes-gourmandes-de-joce.fr\/wp-content\/uploads\/2023\/04\/coques-persil13-300x182.jpg 300w, http:\/\/recettes-gourmandes-de-joce.fr\/wp-content\/uploads\/2023\/04\/coques-persil13-768x466.jpg 768w, http:\/\/recettes-gourmandes-de-joce.fr\/wp-content\/uploads\/2023\/04\/coques-persil13-750x455.jpg 750w, http:\/\/recettes-gourmandes-de-joce.fr\/wp-content\/uploads\/2023\/04\/coques-persil13.jpg 1024w\" sizes=\"auto, (max-width: 272px) 100vw, 272px\" \/><\/p>\n<p style=\"text-align: center;\"><span style=\"font-size: 14pt;\"><span style=\"font-family: georgia,serif;\"><em><span style=\"color: #008000;\">Filtrer le jus de cuisson. D\u00e9coquiller les coques, \u00a0jeter celles qui seront rest\u00e9es ferm\u00e9es. Cuire \u00e9ventuellement les moules si elles sont crues de la m\u00eame fa\u00e7on. Sur des cure-dents, r\u00e9alisez 12 brochettes en alternant 2 coques et\u00a02 moules.<\/span><\/em><\/span><\/span><\/p>\n<p style=\"text-align: center;\"><img loading=\"lazy\" decoding=\"async\" class=\"alignnone wp-image-54373\" src=\"http:\/\/recettes-gourmandes-de-joce.fr\/wp-content\/uploads\/2023\/04\/coques-persil14-300x248.jpg\" alt=\"\" width=\"200\" height=\"165\" srcset=\"http:\/\/recettes-gourmandes-de-joce.fr\/wp-content\/uploads\/2023\/04\/coques-persil14-300x248.jpg 300w, http:\/\/recettes-gourmandes-de-joce.fr\/wp-content\/uploads\/2023\/04\/coques-persil14-768x634.jpg 768w, http:\/\/recettes-gourmandes-de-joce.fr\/wp-content\/uploads\/2023\/04\/coques-persil14-750x619.jpg 750w, http:\/\/recettes-gourmandes-de-joce.fr\/wp-content\/uploads\/2023\/04\/coques-persil14.jpg 1024w\" sizes=\"auto, (max-width: 200px) 100vw, 200px\" \/> <img loading=\"lazy\" decoding=\"async\" class=\"alignnone wp-image-54374\" src=\"http:\/\/recettes-gourmandes-de-joce.fr\/wp-content\/uploads\/2023\/04\/coques-persil15-300x217.jpg\" alt=\"\" width=\"228\" height=\"165\" srcset=\"http:\/\/recettes-gourmandes-de-joce.fr\/wp-content\/uploads\/2023\/04\/coques-persil15-300x217.jpg 300w, http:\/\/recettes-gourmandes-de-joce.fr\/wp-content\/uploads\/2023\/04\/coques-persil15-768x557.jpg 768w, http:\/\/recettes-gourmandes-de-joce.fr\/wp-content\/uploads\/2023\/04\/coques-persil15-750x543.jpg 750w, http:\/\/recettes-gourmandes-de-joce.fr\/wp-content\/uploads\/2023\/04\/coques-persil15.jpg 1024w\" sizes=\"auto, (max-width: 228px) 100vw, 228px\" \/> <img loading=\"lazy\" decoding=\"async\" class=\"alignnone wp-image-54375\" src=\"http:\/\/recettes-gourmandes-de-joce.fr\/wp-content\/uploads\/2023\/04\/coques-persil16-300x200.jpg\" alt=\"\" width=\"247\" height=\"165\" srcset=\"http:\/\/recettes-gourmandes-de-joce.fr\/wp-content\/uploads\/2023\/04\/coques-persil16-300x200.jpg 300w, http:\/\/recettes-gourmandes-de-joce.fr\/wp-content\/uploads\/2023\/04\/coques-persil16-768x512.jpg 768w, http:\/\/recettes-gourmandes-de-joce.fr\/wp-content\/uploads\/2023\/04\/coques-persil16-750x500.jpg 750w, http:\/\/recettes-gourmandes-de-joce.fr\/wp-content\/uploads\/2023\/04\/coques-persil16.jpg 1024w\" sizes=\"auto, (max-width: 247px) 100vw, 247px\" \/><\/p>\n<p style=\"text-align: center;\"><span style=\"font-size: 14pt;\"><span style=\"font-family: georgia,serif;\"><em><span style=\"color: #008000;\">Dans le jus des coques, ajouter la cr\u00e8me, les \u00e9pices et m\u00e9langer, r\u00e9server. Une fois cuit, passez les pommes de terre\u00a0SANS l&rsquo;eau de cuisson au moulin \u00e0 l\u00e9gumes.<\/span><\/em><\/span><\/span><\/p>\n<p style=\"text-align: center;\"><img loading=\"lazy\" decoding=\"async\" class=\"alignnone wp-image-54376\" src=\"http:\/\/recettes-gourmandes-de-joce.fr\/wp-content\/uploads\/2023\/04\/coques-persil17-300x200.jpg\" alt=\"\" width=\"247\" height=\"165\" srcset=\"http:\/\/recettes-gourmandes-de-joce.fr\/wp-content\/uploads\/2023\/04\/coques-persil17-300x200.jpg 300w, http:\/\/recettes-gourmandes-de-joce.fr\/wp-content\/uploads\/2023\/04\/coques-persil17-768x512.jpg 768w, http:\/\/recettes-gourmandes-de-joce.fr\/wp-content\/uploads\/2023\/04\/coques-persil17-750x500.jpg 750w, http:\/\/recettes-gourmandes-de-joce.fr\/wp-content\/uploads\/2023\/04\/coques-persil17.jpg 1024w\" sizes=\"auto, (max-width: 247px) 100vw, 247px\" \/> <img loading=\"lazy\" decoding=\"async\" class=\"alignnone wp-image-54377\" src=\"http:\/\/recettes-gourmandes-de-joce.fr\/wp-content\/uploads\/2023\/04\/coques-persil18-300x225.jpg\" alt=\"\" width=\"220\" height=\"165\" srcset=\"http:\/\/recettes-gourmandes-de-joce.fr\/wp-content\/uploads\/2023\/04\/coques-persil18-300x225.jpg 300w, http:\/\/recettes-gourmandes-de-joce.fr\/wp-content\/uploads\/2023\/04\/coques-persil18-768x576.jpg 768w, http:\/\/recettes-gourmandes-de-joce.fr\/wp-content\/uploads\/2023\/04\/coques-persil18-750x563.jpg 750w, http:\/\/recettes-gourmandes-de-joce.fr\/wp-content\/uploads\/2023\/04\/coques-persil18.jpg 1024w\" sizes=\"auto, (max-width: 220px) 100vw, 220px\" \/> <img loading=\"lazy\" decoding=\"async\" class=\"alignnone wp-image-54378\" src=\"http:\/\/recettes-gourmandes-de-joce.fr\/wp-content\/uploads\/2023\/04\/coques-persil19-300x200.jpg\" alt=\"\" width=\"247\" height=\"165\" srcset=\"http:\/\/recettes-gourmandes-de-joce.fr\/wp-content\/uploads\/2023\/04\/coques-persil19-300x200.jpg 300w, http:\/\/recettes-gourmandes-de-joce.fr\/wp-content\/uploads\/2023\/04\/coques-persil19-768x512.jpg 768w, http:\/\/recettes-gourmandes-de-joce.fr\/wp-content\/uploads\/2023\/04\/coques-persil19-750x500.jpg 750w, http:\/\/recettes-gourmandes-de-joce.fr\/wp-content\/uploads\/2023\/04\/coques-persil19.jpg 1024w\" sizes=\"auto, (max-width: 247px) 100vw, 247px\" \/><\/p>\n<p style=\"text-align: center;\"><span style=\"font-size: 14pt;\"><span style=\"font-family: georgia,serif;\"><em><span style=\"color: #008000;\">Ajouter 2 c \u00e0 s de jus cr\u00e9m\u00e9 des coques\u00a0et m\u00e9langer. Versez le reste des moules et des coques dans le jus des coques restant et m\u00e9langer. Dans 12 verrines pour un ap\u00e9ritif ou dans 3 bols pour une entr\u00e9e, r\u00e9partir le velout\u00e9 de persil et les fruits de mer restants.<\/span><\/em><\/span><\/span><\/p>\n<p style=\"text-align: center;\"><img loading=\"lazy\" decoding=\"async\" class=\"alignnone wp-image-54356\" src=\"http:\/\/recettes-gourmandes-de-joce.fr\/wp-content\/uploads\/2023\/04\/coques-persil20-300x200.jpg\" alt=\"\" width=\"247\" height=\"165\" srcset=\"http:\/\/recettes-gourmandes-de-joce.fr\/wp-content\/uploads\/2023\/04\/coques-persil20-300x200.jpg 300w, http:\/\/recettes-gourmandes-de-joce.fr\/wp-content\/uploads\/2023\/04\/coques-persil20-768x512.jpg 768w, http:\/\/recettes-gourmandes-de-joce.fr\/wp-content\/uploads\/2023\/04\/coques-persil20-750x500.jpg 750w, http:\/\/recettes-gourmandes-de-joce.fr\/wp-content\/uploads\/2023\/04\/coques-persil20.jpg 1024w\" sizes=\"auto, (max-width: 247px) 100vw, 247px\" \/><\/p>\n<p style=\"text-align: center;\"><span style=\"font-size: 14pt;\"><span style=\"font-family: georgia,serif;\"><em><span style=\"color: #008000;\">Ajouter les brochettes de coques et moules, une pointe de piment d&rsquo;Espelette et une pluche de persil, servir imm\u00e9diatement.<\/span><\/em><\/span><\/span><\/p>\n<p style=\"text-align: center;\"><span style=\"color: #008000; font-size: 14pt;\"><span style=\"font-family: georgia,serif;\"><em>Bon app\u00e9tit!<\/em><\/span><\/span><\/p>\n<p style=\"text-align: center;\"><img loading=\"lazy\" decoding=\"async\" class=\"alignnone wp-image-54357\" src=\"http:\/\/recettes-gourmandes-de-joce.fr\/wp-content\/uploads\/2023\/04\/coques-persil21-300x174.jpg\" alt=\"\" width=\"310\" height=\"180\" srcset=\"http:\/\/recettes-gourmandes-de-joce.fr\/wp-content\/uploads\/2023\/04\/coques-persil21-300x174.jpg 300w, http:\/\/recettes-gourmandes-de-joce.fr\/wp-content\/uploads\/2023\/04\/coques-persil21-768x446.jpg 768w, http:\/\/recettes-gourmandes-de-joce.fr\/wp-content\/uploads\/2023\/04\/coques-persil21-750x435.jpg 750w, http:\/\/recettes-gourmandes-de-joce.fr\/wp-content\/uploads\/2023\/04\/coques-persil21.jpg 1024w\" sizes=\"auto, (max-width: 310px) 100vw, 310px\" \/><\/p>\n<p style=\"text-align: center;\"><img loading=\"lazy\" decoding=\"async\" class=\"alignnone wp-image-54359\" src=\"http:\/\/recettes-gourmandes-de-joce.fr\/wp-content\/uploads\/2023\/04\/coques-persil23-300x200.jpg\" alt=\"\" width=\"270\" height=\"180\" srcset=\"http:\/\/recettes-gourmandes-de-joce.fr\/wp-content\/uploads\/2023\/04\/coques-persil23-300x200.jpg 300w, http:\/\/recettes-gourmandes-de-joce.fr\/wp-content\/uploads\/2023\/04\/coques-persil23-768x512.jpg 768w, http:\/\/recettes-gourmandes-de-joce.fr\/wp-content\/uploads\/2023\/04\/coques-persil23-750x500.jpg 750w, http:\/\/recettes-gourmandes-de-joce.fr\/wp-content\/uploads\/2023\/04\/coques-persil23.jpg 1024w\" sizes=\"auto, (max-width: 270px) 100vw, 270px\" \/>\u00a0<img loading=\"lazy\" decoding=\"async\" class=\"alignnone wp-image-54358\" src=\"http:\/\/recettes-gourmandes-de-joce.fr\/wp-content\/uploads\/2023\/04\/coques-persil22-300x252.jpg\" alt=\"\" width=\"214\" height=\"180\" srcset=\"http:\/\/recettes-gourmandes-de-joce.fr\/wp-content\/uploads\/2023\/04\/coques-persil22-300x252.jpg 300w, http:\/\/recettes-gourmandes-de-joce.fr\/wp-content\/uploads\/2023\/04\/coques-persil22-768x645.jpg 768w, http:\/\/recettes-gourmandes-de-joce.fr\/wp-content\/uploads\/2023\/04\/coques-persil22-750x630.jpg 750w, http:\/\/recettes-gourmandes-de-joce.fr\/wp-content\/uploads\/2023\/04\/coques-persil22.jpg 1024w\" sizes=\"auto, (max-width: 214px) 100vw, 214px\" \/><\/p>\n<p style=\"text-align: center;\"><img loading=\"lazy\" decoding=\"async\" class=\"alignnone wp-image-44943 size-full\" src=\"http:\/\/recettes-gourmandes-de-joce.fr\/wp-content\/uploads\/2022\/05\/logitech-gaming-software-14112014-121223.jpg\" alt=\"\" width=\"640\" height=\"144\" srcset=\"http:\/\/recettes-gourmandes-de-joce.fr\/wp-content\/uploads\/2022\/05\/logitech-gaming-software-14112014-121223.jpg 640w, http:\/\/recettes-gourmandes-de-joce.fr\/wp-content\/uploads\/2022\/05\/logitech-gaming-software-14112014-121223-300x68.jpg 300w\" sizes=\"auto, (max-width: 640px) 100vw, 640px\" \/><\/p>\n<p style=\"text-align: left;\"><span style=\"text-decoration: underline; color: #ff0000;\"><span style=\"font-family: georgia, serif; font-size: 14pt;\"><strong><span class=\"text_exposed_show\">Commentaires de l&rsquo;ancien site<\/span><\/strong><\/span><\/span><\/p>\n<h3>Commentaires\u00a0<small>(2)<\/small><\/h3>\n<div class=\"items-container\">\n<div class=\"item item-comment media\">\n<div class=\"pull-left\">\n<p>&nbsp;<\/p>\n<p><img decoding=\"async\" class=\"media-object\" src=\"https:\/\/www.gravatar.com\/avatar\/88547f540c6962ba8b637488a13409b9?d=https%3A%2F%2Fwww.recettes-gourmandes-de-joce.com%2Fmedias%2Fstatic%2Fmanager%2Fim%2Favatar.png?s=50&amp;d=mm\" alt=\"rita siffert\" width=\"50\" \/><\/p>\n<\/div>\n<div class=\"media-body\">\n<ul class=\"inline item-infos\">\n<li><span class=\"comment-number\">1.<\/span>\u00a0<span class=\"comment-author\"><strong>rita siffert<\/strong>\u00a0(<a rel=\"nofollow\">site web<\/a>)<\/span>\u00a0<span class=\"comment-date\">| 09\/08\/2017<\/span><\/li>\n<\/ul>\n<div class=\"comment-content\">Pas facile de trouver des coques dans mon Alsace natale mais des moules, \u00e7a arrive&#8230;.alors je sens que je vais pr\u00e9parer ces magnifiques verrines prochainement; Merci pour ce beau partage ! bises<\/div>\n<div class=\"item item-comment media by-webmaster\">\n<div class=\"pull-left\">\n<p>&nbsp;<\/p>\n<p><img decoding=\"async\" class=\"media-object\" src=\"http:\/\/static.e-monsite.com\/manager\/im\/avatar.png?fx=c_50_50\" alt=\"jocelyne debon\" width=\"50\" \/><\/p>\n<\/div>\n<div class=\"media-body\">\n<ul class=\"inline item-infos\">\n<li><span class=\"comment-author\"><strong>jocelyne debon<\/strong>\u00a0(<a rel=\"nofollow\">site web<\/a>)<\/span>\u00a0<span class=\"comment-date\">| 09\/08\/2017<\/span><\/li>\n<\/ul>\n<div class=\"comment-content\">Coucou Essayez dans commander dans les poissonneries des inter ou Leclerc ils peuvent vous en avoir \ud83d\ude09 Au plaisir Amicalement Joce<\/div>\n<\/div>\n<\/div>\n<\/div>\n<\/div>\n<\/div>\n<p>&nbsp;<\/p>\n","protected":false},"excerpt":{"rendered":"<p>Une de mes recettes \u00a0 Ingr\u00e9dients pour 12 verrines ou 3 entr\u00e9es 2 pommes de terre moyennes 1 bouquet de persil plat 3 gousses d&rsquo;ail 500 g de coques 1 kg de moules crues ou 200 g de moules d\u00e9coquill\u00e9es 1 morceau de beurre 1 bonne c \u00e0 s de cr\u00e8me fra\u00eeche 2 pinc\u00e9es d&rsquo;\u00e9pices &hellip; <\/p>\n<p><a class=\"more-link btn\" href=\"http:\/\/recettes-gourmandes-de-joce.fr\/index.php\/index\/poissons-coquillages\/coquillages-crustaces\/verrines-de-veloute-de-persil-epice-aux-coques-et-moules\/\">Lire la suite<\/a><\/p>\n","protected":false},"author":2,"featured_media":82928,"parent":158,"menu_order":0,"comment_status":"open","ping_status":"closed","template":"","meta":{"footnotes":""},"class_list":["post-2295","page","type-page","status-publish","has-post-thumbnail","hentry","nodate","item-wrap"],"_links":{"self":[{"href":"http:\/\/recettes-gourmandes-de-joce.fr\/index.php\/wp-json\/wp\/v2\/pages\/2295","targetHints":{"allow":["GET"]}}],"collection":[{"href":"http:\/\/recettes-gourmandes-de-joce.fr\/index.php\/wp-json\/wp\/v2\/pages"}],"about":[{"href":"http:\/\/recettes-gourmandes-de-joce.fr\/index.php\/wp-json\/wp\/v2\/types\/page"}],"author":[{"embeddable":true,"href":"http:\/\/recettes-gourmandes-de-joce.fr\/index.php\/wp-json\/wp\/v2\/users\/2"}],"replies":[{"embeddable":true,"href":"http:\/\/recettes-gourmandes-de-joce.fr\/index.php\/wp-json\/wp\/v2\/comments?post=2295"}],"version-history":[{"count":4,"href":"http:\/\/recettes-gourmandes-de-joce.fr\/index.php\/wp-json\/wp\/v2\/pages\/2295\/revisions"}],"predecessor-version":[{"id":85410,"href":"http:\/\/recettes-gourmandes-de-joce.fr\/index.php\/wp-json\/wp\/v2\/pages\/2295\/revisions\/85410"}],"up":[{"embeddable":true,"href":"http:\/\/recettes-gourmandes-de-joce.fr\/index.php\/wp-json\/wp\/v2\/pages\/158"}],"wp:featuredmedia":[{"embeddable":true,"href":"http:\/\/recettes-gourmandes-de-joce.fr\/index.php\/wp-json\/wp\/v2\/media\/82928"}],"wp:attachment":[{"href":"http:\/\/recettes-gourmandes-de-joce.fr\/index.php\/wp-json\/wp\/v2\/media?parent=2295"}],"curies":[{"name":"wp","href":"https:\/\/api.w.org\/{rel}","templated":true}]}}