{"id":22860,"date":"2020-06-16T13:13:45","date_gmt":"2020-06-16T13:13:45","guid":{"rendered":"http:\/\/recettes-gourmandes-de-joce.fr\/?page_id=22860"},"modified":"2024-05-02T21:28:46","modified_gmt":"2024-05-02T21:28:46","slug":"riz-au-saumon-fume-et-crevettes-a-lail-facon-risotto","status":"publish","type":"page","link":"http:\/\/recettes-gourmandes-de-joce.fr\/index.php\/index\/legumes\/riz-semoule\/riz-au-saumon-fume-et-crevettes-a-lail-facon-risotto\/","title":{"rendered":"Riz au saumon fum\u00e9 et crevettes \u00e0 l&rsquo;ail fa\u00e7on risotto."},"content":{"rendered":"<p style=\"text-align: center;\"><em style=\"color: #eb7c84; font-family: georgia, palatino, serif; font-size: 24px;\"><span style=\"text-decoration: underline;\">Une de mes id\u00e9es<\/span><\/em><\/p>\n<p style=\"text-align: center;\"><img loading=\"lazy\" decoding=\"async\" class=\"alignnone wp-image-22855\" src=\"http:\/\/recettes-gourmandes-de-joce.fr\/wp-content\/uploads\/2020\/06\/20200608_202400-150x150.jpg\" alt=\"\" width=\"240\" height=\"180\" srcset=\"http:\/\/recettes-gourmandes-de-joce.fr\/wp-content\/uploads\/2020\/06\/20200608_202400-300x225.jpg 300w, http:\/\/recettes-gourmandes-de-joce.fr\/wp-content\/uploads\/2020\/06\/20200608_202400-768x576.jpg 768w, http:\/\/recettes-gourmandes-de-joce.fr\/wp-content\/uploads\/2020\/06\/20200608_202400.jpg 800w\" sizes=\"auto, (max-width: 240px) 100vw, 240px\" \/> <img loading=\"lazy\" decoding=\"async\" class=\"alignnone wp-image-22853\" src=\"http:\/\/recettes-gourmandes-de-joce.fr\/wp-content\/uploads\/2020\/06\/20200608_202334-150x150.jpg\" alt=\"\" width=\"240\" height=\"180\" srcset=\"http:\/\/recettes-gourmandes-de-joce.fr\/wp-content\/uploads\/2020\/06\/20200608_202334-300x225.jpg 300w, http:\/\/recettes-gourmandes-de-joce.fr\/wp-content\/uploads\/2020\/06\/20200608_202334-768x576.jpg 768w, http:\/\/recettes-gourmandes-de-joce.fr\/wp-content\/uploads\/2020\/06\/20200608_202334.jpg 800w\" sizes=\"auto, (max-width: 240px) 100vw, 240px\" \/> <img loading=\"lazy\" decoding=\"async\" class=\"alignnone wp-image-22851\" src=\"http:\/\/recettes-gourmandes-de-joce.fr\/wp-content\/uploads\/2020\/06\/20200608_202325-150x150.jpg\" alt=\"\" width=\"240\" height=\"180\" srcset=\"http:\/\/recettes-gourmandes-de-joce.fr\/wp-content\/uploads\/2020\/06\/20200608_202325-300x225.jpg 300w, http:\/\/recettes-gourmandes-de-joce.fr\/wp-content\/uploads\/2020\/06\/20200608_202325-768x576.jpg 768w, http:\/\/recettes-gourmandes-de-joce.fr\/wp-content\/uploads\/2020\/06\/20200608_202325.jpg 800w\" sizes=\"auto, (max-width: 240px) 100vw, 240px\" \/><\/p>\n<p style=\"text-align: center;\"><span style=\"font-family: georgia, palatino, serif; font-size: 18pt; color: #eb7c84;\"><em><span style=\"text-decoration: underline;\">Ingr\u00e9dients pour 4 personnes<\/span><\/em><\/span><\/p>\n<p style=\"text-align: center;\"><img loading=\"lazy\" decoding=\"async\" class=\"alignnone wp-image-22856\" src=\"http:\/\/recettes-gourmandes-de-joce.fr\/wp-content\/uploads\/2020\/06\/20200608_194209-150x150.jpg\" alt=\"\" width=\"238\" height=\"180\" srcset=\"http:\/\/recettes-gourmandes-de-joce.fr\/wp-content\/uploads\/2020\/06\/20200608_194209-300x227.jpg 300w, http:\/\/recettes-gourmandes-de-joce.fr\/wp-content\/uploads\/2020\/06\/20200608_194209-768x581.jpg 768w, http:\/\/recettes-gourmandes-de-joce.fr\/wp-content\/uploads\/2020\/06\/20200608_194209.jpg 800w\" sizes=\"auto, (max-width: 238px) 100vw, 238px\" \/><\/p>\n<p style=\"text-align: center;\"><em><span style=\"color: #eb7c84; font-size: 14pt; font-family: georgia, palatino, serif;\">300 g de riz long ou rond <\/span><\/em><\/p>\n<p style=\"text-align: center;\"><em><span style=\"color: #eb7c84; font-size: 14pt; font-family: georgia, palatino, serif;\">300 g de crevettes <\/span><\/em><\/p>\n<p style=\"text-align: center;\"><em><span style=\"color: #eb7c84; font-size: 14pt; font-family: georgia, palatino, serif;\">200 g de saumon fum\u00e9 <\/span><\/em><\/p>\n<p style=\"text-align: center;\"><em><span style=\"color: #eb7c84; font-size: 14pt; font-family: georgia, palatino, serif;\">2 gousses d&rsquo;ail <\/span><\/em><\/p>\n<p style=\"text-align: center;\"><em><span style=\"color: #eb7c84; font-size: 14pt; font-family: georgia, palatino, serif;\">1 petit bouquet de persil plat <\/span><\/em><\/p>\n<p style=\"text-align: center;\"><em><span style=\"color: #eb7c84; font-size: 14pt; font-family: georgia, palatino, serif;\">1 cube de bouillon de volaille<\/span><\/em><\/p>\n<p style=\"text-align: center;\"><em><span style=\"color: #eb7c84; font-size: 14pt; font-family: georgia, palatino, serif;\"> 2 c \u00e0 s de cr\u00e8me fra\u00eeche <\/span><\/em><\/p>\n<p style=\"text-align: center;\"><em><span style=\"color: #eb7c84; font-size: 14pt; font-family: georgia, palatino, serif;\">Huile d&rsquo;olive <\/span><\/em><\/p>\n<p style=\"text-align: center;\"><em><span style=\"color: #eb7c84; font-size: 14pt; font-family: georgia, palatino, serif;\">Sel et poivre<\/span><\/em><\/p>\n<p style=\"text-align: center;\">\u00a0<img loading=\"lazy\" decoding=\"async\" class=\"alignnone wp-image-22858\" src=\"http:\/\/recettes-gourmandes-de-joce.fr\/wp-content\/uploads\/2020\/06\/20200608_195140-150x150.jpg\" alt=\"\" width=\"213\" height=\"160\" srcset=\"http:\/\/recettes-gourmandes-de-joce.fr\/wp-content\/uploads\/2020\/06\/20200608_195140-300x225.jpg 300w, http:\/\/recettes-gourmandes-de-joce.fr\/wp-content\/uploads\/2020\/06\/20200608_195140-768x576.jpg 768w, http:\/\/recettes-gourmandes-de-joce.fr\/wp-content\/uploads\/2020\/06\/20200608_195140.jpg 800w\" sizes=\"auto, (max-width: 213px) 100vw, 213px\" \/> <img loading=\"lazy\" decoding=\"async\" class=\"alignnone wp-image-22436\" src=\"http:\/\/recettes-gourmandes-de-joce.fr\/wp-content\/uploads\/2020\/05\/p1010099-6-150x150.jpg\" alt=\"\" width=\"235\" height=\"160\" srcset=\"http:\/\/recettes-gourmandes-de-joce.fr\/wp-content\/uploads\/2020\/05\/p1010099-6-300x204.jpg 300w, http:\/\/recettes-gourmandes-de-joce.fr\/wp-content\/uploads\/2020\/05\/p1010099-6-768x522.jpg 768w, http:\/\/recettes-gourmandes-de-joce.fr\/wp-content\/uploads\/2020\/05\/p1010099-6.jpg 800w\" sizes=\"auto, (max-width: 235px) 100vw, 235px\" \/> <img loading=\"lazy\" decoding=\"async\" class=\"alignnone wp-image-17519\" src=\"http:\/\/recettes-gourmandes-de-joce.fr\/wp-content\/uploads\/2020\/02\/P4191141-2-150x150.jpg\" alt=\"\" width=\"160\" height=\"160\" srcset=\"http:\/\/recettes-gourmandes-de-joce.fr\/wp-content\/uploads\/2020\/02\/P4191141-2-150x150.jpg 150w, http:\/\/recettes-gourmandes-de-joce.fr\/wp-content\/uploads\/2020\/02\/P4191141-2-300x300.jpg 300w, http:\/\/recettes-gourmandes-de-joce.fr\/wp-content\/uploads\/2020\/02\/P4191141-2-768x769.jpg 768w, http:\/\/recettes-gourmandes-de-joce.fr\/wp-content\/uploads\/2020\/02\/P4191141-2.jpg 951w\" sizes=\"auto, (max-width: 160px) 100vw, 160px\" \/><\/p>\n<p style=\"text-align: center;\"><em><span style=\"color: #eb7c84; font-size: 14pt; font-family: georgia, palatino, serif;\">Peler et d\u00e9germer les gousses d&rsquo;ail et les hacher. Laver et ciseler le persil. D\u00e9cortiquer les crevettes, couper le saumon en petites lani\u00e8res.<\/span><\/em><\/p>\n<p style=\"text-align: center;\">\u00a0<img loading=\"lazy\" decoding=\"async\" class=\"alignnone wp-image-22857\" src=\"http:\/\/recettes-gourmandes-de-joce.fr\/wp-content\/uploads\/2020\/06\/20200608_195137-150x150.jpg\" alt=\"\" width=\"115\" height=\"160\" srcset=\"http:\/\/recettes-gourmandes-de-joce.fr\/wp-content\/uploads\/2020\/06\/20200608_195137-216x300.jpg 216w, http:\/\/recettes-gourmandes-de-joce.fr\/wp-content\/uploads\/2020\/06\/20200608_195137.jpg 576w\" sizes=\"auto, (max-width: 115px) 100vw, 115px\" \/> <img loading=\"lazy\" decoding=\"async\" class=\"alignnone wp-image-22859\" src=\"http:\/\/recettes-gourmandes-de-joce.fr\/wp-content\/uploads\/2020\/06\/20200608_195218-150x150.jpg\" alt=\"\" width=\"213\" height=\"160\" srcset=\"http:\/\/recettes-gourmandes-de-joce.fr\/wp-content\/uploads\/2020\/06\/20200608_195218-300x225.jpg 300w, http:\/\/recettes-gourmandes-de-joce.fr\/wp-content\/uploads\/2020\/06\/20200608_195218-768x576.jpg 768w, http:\/\/recettes-gourmandes-de-joce.fr\/wp-content\/uploads\/2020\/06\/20200608_195218.jpg 800w\" sizes=\"auto, (max-width: 213px) 100vw, 213px\" \/> <img loading=\"lazy\" decoding=\"async\" class=\"alignnone wp-image-22844\" src=\"http:\/\/recettes-gourmandes-de-joce.fr\/wp-content\/uploads\/2020\/06\/20200608_195326-150x150.jpg\" alt=\"\" width=\"213\" height=\"160\" srcset=\"http:\/\/recettes-gourmandes-de-joce.fr\/wp-content\/uploads\/2020\/06\/20200608_195326-300x225.jpg 300w, http:\/\/recettes-gourmandes-de-joce.fr\/wp-content\/uploads\/2020\/06\/20200608_195326-768x576.jpg 768w, http:\/\/recettes-gourmandes-de-joce.fr\/wp-content\/uploads\/2020\/06\/20200608_195326.jpg 800w\" sizes=\"auto, (max-width: 213px) 100vw, 213px\" \/><\/p>\n<p style=\"text-align: center;\"><span style=\"color: #eb7c84;\"><em><span style=\"font-family: georgia, palatino, serif; font-size: 14pt;\">Dissoudre le cube de bouillon de volaille dans 1 litre d&rsquo;eau chaude. Mettre l&rsquo;ail \u00e0 suer dans une cocotte avec un filet d&rsquo;huile d&rsquo;olive. Ajouter ensuite le riz et la moiti\u00e9 du persil, le faire nacrer (les grains deviennent translucides).<\/span><\/em><\/span><\/p>\n<p style=\"text-align: center;\"><img loading=\"lazy\" decoding=\"async\" class=\"alignnone wp-image-22845\" src=\"http:\/\/recettes-gourmandes-de-joce.fr\/wp-content\/uploads\/2020\/06\/20200608_195352-150x150.jpg\" alt=\"\" width=\"213\" height=\"160\" srcset=\"http:\/\/recettes-gourmandes-de-joce.fr\/wp-content\/uploads\/2020\/06\/20200608_195352-300x225.jpg 300w, http:\/\/recettes-gourmandes-de-joce.fr\/wp-content\/uploads\/2020\/06\/20200608_195352-768x576.jpg 768w, http:\/\/recettes-gourmandes-de-joce.fr\/wp-content\/uploads\/2020\/06\/20200608_195352.jpg 800w\" sizes=\"auto, (max-width: 213px) 100vw, 213px\" \/> <img loading=\"lazy\" decoding=\"async\" class=\"alignnone wp-image-22846\" src=\"http:\/\/recettes-gourmandes-de-joce.fr\/wp-content\/uploads\/2020\/06\/20200608_195420-150x150.jpg\" alt=\"\" width=\"213\" height=\"160\" srcset=\"http:\/\/recettes-gourmandes-de-joce.fr\/wp-content\/uploads\/2020\/06\/20200608_195420-300x225.jpg 300w, http:\/\/recettes-gourmandes-de-joce.fr\/wp-content\/uploads\/2020\/06\/20200608_195420-768x576.jpg 768w, http:\/\/recettes-gourmandes-de-joce.fr\/wp-content\/uploads\/2020\/06\/20200608_195420.jpg 800w\" sizes=\"auto, (max-width: 213px) 100vw, 213px\" \/> <img loading=\"lazy\" decoding=\"async\" class=\"alignnone wp-image-22847\" src=\"http:\/\/recettes-gourmandes-de-joce.fr\/wp-content\/uploads\/2020\/06\/20200608_200942-150x150.jpg\" alt=\"\" width=\"213\" height=\"160\" srcset=\"http:\/\/recettes-gourmandes-de-joce.fr\/wp-content\/uploads\/2020\/06\/20200608_200942-300x225.jpg 300w, http:\/\/recettes-gourmandes-de-joce.fr\/wp-content\/uploads\/2020\/06\/20200608_200942-768x576.jpg 768w, http:\/\/recettes-gourmandes-de-joce.fr\/wp-content\/uploads\/2020\/06\/20200608_200942.jpg 800w\" sizes=\"auto, (max-width: 213px) 100vw, 213px\" \/><\/p>\n<p style=\"text-align: center;\"><span style=\"font-size: 14pt; font-family: georgia, palatino, serif;\"><em><span style=\"color: #eb7c84;\">Ajouter\u00a0<sup>1<\/sup>\/<sub>3\u00a0<\/sub> du bouillon, m\u00e9langer poivrer, le sel sera mis \u00e0 la fin apr\u00e8s avoir go\u00fbt\u00e9 car le saumon fum\u00e9 va saler la pr\u00e9paration. M\u00e9langer et laisser mijoter en remuant r\u00e9guli\u00e8rement. Lorsque le riz \u00e0 absorb\u00e9 presque tout le bouillon, ajouter la moiti\u00e9 du bouillon restant et continuer la cuisson. Remettre ainsi du bouillon jusqu&rsquo;\u00e0 la fin de la cuisson. Ajouter le saumon les crevettes 5 minutes avant la fin de cuisson du ri.<\/span><\/em><\/span><\/p>\n<p style=\"text-align: center;\"><img loading=\"lazy\" decoding=\"async\" class=\"alignnone wp-image-22848\" src=\"http:\/\/recettes-gourmandes-de-joce.fr\/wp-content\/uploads\/2020\/06\/20200608_201014-150x150.jpg\" alt=\"\" width=\"213\" height=\"160\" srcset=\"http:\/\/recettes-gourmandes-de-joce.fr\/wp-content\/uploads\/2020\/06\/20200608_201014-300x225.jpg 300w, http:\/\/recettes-gourmandes-de-joce.fr\/wp-content\/uploads\/2020\/06\/20200608_201014-768x576.jpg 768w, http:\/\/recettes-gourmandes-de-joce.fr\/wp-content\/uploads\/2020\/06\/20200608_201014.jpg 800w\" sizes=\"auto, (max-width: 213px) 100vw, 213px\" \/> <img loading=\"lazy\" decoding=\"async\" class=\"alignnone wp-image-22849\" src=\"http:\/\/recettes-gourmandes-de-joce.fr\/wp-content\/uploads\/2020\/06\/20200608_201631-150x150.jpg\" alt=\"\" width=\"213\" height=\"160\" srcset=\"http:\/\/recettes-gourmandes-de-joce.fr\/wp-content\/uploads\/2020\/06\/20200608_201631-300x225.jpg 300w, http:\/\/recettes-gourmandes-de-joce.fr\/wp-content\/uploads\/2020\/06\/20200608_201631-768x576.jpg 768w, http:\/\/recettes-gourmandes-de-joce.fr\/wp-content\/uploads\/2020\/06\/20200608_201631.jpg 800w\" sizes=\"auto, (max-width: 213px) 100vw, 213px\" \/><\/p>\n<p style=\"text-align: center;\"><em><span style=\"color: #eb7c84; font-size: 14pt; font-family: georgia, palatino, serif;\">Une fois le riz cuit, hors du feu, ajouter le reste du persil, la cr\u00e8me et m\u00e9langer, rectifier \u00e9ventuellement l&rsquo;assaisonnement. Servir imm\u00e9diatement.<\/span><\/em><\/p>\n<p style=\"text-align: center;\"><span style=\"color: #eb7c84;\"><em><span style=\"font-size: 14pt; font-family: georgia, palatino, serif;\">Bon app\u00e9tit!<\/span><\/em><\/span><\/p>\n<p style=\"text-align: center;\"><img loading=\"lazy\" decoding=\"async\" class=\"alignnone wp-image-22854\" src=\"http:\/\/recettes-gourmandes-de-joce.fr\/wp-content\/uploads\/2020\/06\/20200608_202337-150x150.jpg\" alt=\"\" width=\"237\" height=\"178\" srcset=\"http:\/\/recettes-gourmandes-de-joce.fr\/wp-content\/uploads\/2020\/06\/20200608_202337-300x225.jpg 300w, http:\/\/recettes-gourmandes-de-joce.fr\/wp-content\/uploads\/2020\/06\/20200608_202337-768x576.jpg 768w, http:\/\/recettes-gourmandes-de-joce.fr\/wp-content\/uploads\/2020\/06\/20200608_202337.jpg 800w\" sizes=\"auto, (max-width: 237px) 100vw, 237px\" \/> <img loading=\"lazy\" decoding=\"async\" class=\"alignnone wp-image-22850\" src=\"http:\/\/recettes-gourmandes-de-joce.fr\/wp-content\/uploads\/2020\/06\/20200608_202319-150x150.jpg\" alt=\"\" width=\"240\" height=\"178\" srcset=\"http:\/\/recettes-gourmandes-de-joce.fr\/wp-content\/uploads\/2020\/06\/20200608_202319-300x222.jpg 300w, http:\/\/recettes-gourmandes-de-joce.fr\/wp-content\/uploads\/2020\/06\/20200608_202319-768x569.jpg 768w, http:\/\/recettes-gourmandes-de-joce.fr\/wp-content\/uploads\/2020\/06\/20200608_202319.jpg 800w\" sizes=\"auto, (max-width: 240px) 100vw, 240px\" \/> <img loading=\"lazy\" decoding=\"async\" class=\"alignnone wp-image-22852\" src=\"http:\/\/recettes-gourmandes-de-joce.fr\/wp-content\/uploads\/2020\/06\/20200608_202328-150x150.jpg\" alt=\"\" width=\"261\" height=\"178\" srcset=\"http:\/\/recettes-gourmandes-de-joce.fr\/wp-content\/uploads\/2020\/06\/20200608_202328-300x204.jpg 300w, http:\/\/recettes-gourmandes-de-joce.fr\/wp-content\/uploads\/2020\/06\/20200608_202328-768x523.jpg 768w, http:\/\/recettes-gourmandes-de-joce.fr\/wp-content\/uploads\/2020\/06\/20200608_202328.jpg 800w\" sizes=\"auto, (max-width: 261px) 100vw, 261px\" \/><\/p>\n<p style=\"text-align: center;\"><img loading=\"lazy\" decoding=\"async\" class=\"alignnone wp-image-16654 size-full\" src=\"http:\/\/recettes-gourmandes-de-joce.fr\/wp-content\/uploads\/2020\/01\/logitech-gaming-software-14112014-121223.jpg\" alt=\"\" width=\"640\" height=\"144\" srcset=\"http:\/\/recettes-gourmandes-de-joce.fr\/wp-content\/uploads\/2020\/01\/logitech-gaming-software-14112014-121223.jpg 640w, http:\/\/recettes-gourmandes-de-joce.fr\/wp-content\/uploads\/2020\/01\/logitech-gaming-software-14112014-121223-300x68.jpg 300w\" sizes=\"auto, (max-width: 640px) 100vw, 640px\" \/><\/p>\n<p style=\"text-align: center;\">\n","protected":false},"excerpt":{"rendered":"<p>Une de mes id\u00e9es Ingr\u00e9dients pour 4 personnes 300 g de riz long ou rond 300 g de crevettes 200 g de saumon fum\u00e9 2 gousses d&rsquo;ail 1 petit bouquet de persil plat 1 cube de bouillon de volaille 2 c \u00e0 s de cr\u00e8me fra\u00eeche Huile d&rsquo;olive Sel et poivre \u00a0 Peler et d\u00e9germer &hellip; <\/p>\n<p><a class=\"more-link btn\" href=\"http:\/\/recettes-gourmandes-de-joce.fr\/index.php\/index\/legumes\/riz-semoule\/riz-au-saumon-fume-et-crevettes-a-lail-facon-risotto\/\">Lire la suite<\/a><\/p>\n","protected":false},"author":2,"featured_media":76656,"parent":163,"menu_order":0,"comment_status":"open","ping_status":"closed","template":"","meta":{"footnotes":""},"class_list":["post-22860","page","type-page","status-publish","has-post-thumbnail","hentry","nodate","item-wrap"],"_links":{"self":[{"href":"http:\/\/recettes-gourmandes-de-joce.fr\/index.php\/wp-json\/wp\/v2\/pages\/22860","targetHints":{"allow":["GET"]}}],"collection":[{"href":"http:\/\/recettes-gourmandes-de-joce.fr\/index.php\/wp-json\/wp\/v2\/pages"}],"about":[{"href":"http:\/\/recettes-gourmandes-de-joce.fr\/index.php\/wp-json\/wp\/v2\/types\/page"}],"author":[{"embeddable":true,"href":"http:\/\/recettes-gourmandes-de-joce.fr\/index.php\/wp-json\/wp\/v2\/users\/2"}],"replies":[{"embeddable":true,"href":"http:\/\/recettes-gourmandes-de-joce.fr\/index.php\/wp-json\/wp\/v2\/comments?post=22860"}],"version-history":[{"count":3,"href":"http:\/\/recettes-gourmandes-de-joce.fr\/index.php\/wp-json\/wp\/v2\/pages\/22860\/revisions"}],"predecessor-version":[{"id":76657,"href":"http:\/\/recettes-gourmandes-de-joce.fr\/index.php\/wp-json\/wp\/v2\/pages\/22860\/revisions\/76657"}],"up":[{"embeddable":true,"href":"http:\/\/recettes-gourmandes-de-joce.fr\/index.php\/wp-json\/wp\/v2\/pages\/163"}],"wp:featuredmedia":[{"embeddable":true,"href":"http:\/\/recettes-gourmandes-de-joce.fr\/index.php\/wp-json\/wp\/v2\/media\/76656"}],"wp:attachment":[{"href":"http:\/\/recettes-gourmandes-de-joce.fr\/index.php\/wp-json\/wp\/v2\/media?parent=22860"}],"curies":[{"name":"wp","href":"https:\/\/api.w.org\/{rel}","templated":true}]}}