{"id":2274,"date":"2019-10-02T10:44:11","date_gmt":"2019-10-02T10:44:11","guid":{"rendered":"http:\/\/recettes-gourmandes-de-joce.fr\/?page_id=2274"},"modified":"2024-04-11T17:17:55","modified_gmt":"2024-04-11T17:17:55","slug":"moules-a-la-dijonnaise-aux-deux-moutardes","status":"publish","type":"page","link":"http:\/\/recettes-gourmandes-de-joce.fr\/index.php\/index\/poissons-coquillages\/coquillages-crustaces\/moules-a-la-dijonnaise-aux-deux-moutardes\/","title":{"rendered":"Moules \u00e0 la Dijonnaise (aux deux moutardes)."},"content":{"rendered":"<p style=\"text-align: center;\"><span style=\"color: #0000ff;\"><span style=\"font-size: 18px;\"><em><u><span style=\"font-family: Georgia;\">D&rsquo;apr\u00e8s le livre de recettes \u00ab\u00a0Les moules frites de L\u00e9on\u00a0\u00bb<\/span><\/u><\/em><\/span><\/span><\/p>\n<p style=\"text-align: center;\"><img loading=\"lazy\" decoding=\"async\" class=\"alignnone wp-image-68081\" src=\"http:\/\/recettes-gourmandes-de-joce.fr\/wp-content\/uploads\/2024\/04\/moules-dijon3.jpg\" alt=\"\" width=\"228\" height=\"180\" \/> <img loading=\"lazy\" decoding=\"async\" class=\"alignnone wp-image-68080\" src=\"http:\/\/recettes-gourmandes-de-joce.fr\/wp-content\/uploads\/2024\/04\/moules-dijon2.jpg\" alt=\"\" width=\"270\" height=\"180\" \/> <img loading=\"lazy\" decoding=\"async\" class=\"alignnone wp-image-68076\" src=\"http:\/\/recettes-gourmandes-de-joce.fr\/wp-content\/uploads\/2024\/04\/moules-dijon11.jpg\" alt=\"\" width=\"224\" height=\"180\" \/><\/p>\n<p style=\"text-align: center;\"><span style=\"color: #0000ff;\"><span style=\"font-size: 24px;\"><span style=\"font-family: georgia,serif;\"><u><em>Ingr\u00e9dients pour 1 personne<\/em><\/u><\/span><\/span><\/span><\/p>\n<p style=\"text-align: center;\"><img loading=\"lazy\" decoding=\"async\" class=\"alignnone wp-image-68082\" src=\"http:\/\/recettes-gourmandes-de-joce.fr\/wp-content\/uploads\/2024\/04\/moules-dijon4.jpg\" alt=\"\" width=\"228\" height=\"200\" \/><\/p>\n<p style=\"text-align: center;\"><span style=\"font-size: 14pt;\"><span style=\"color: #0000ff;\"><em><span style=\"font-family: georgia,serif;\">1 kg de moules (D\u00e9coquill\u00e9es vous obtiendrez 200 g de moules)<\/span><\/em><\/span><\/span><\/p>\n<p style=\"text-align: center;\"><span style=\"font-size: 14pt;\"><span style=\"color: #0000ff;\"><em><span style=\"font-family: georgia,serif;\">2 petites \u00e9chalotes<\/span><\/em><\/span><\/span><\/p>\n<p style=\"text-align: center;\"><span style=\"font-size: 14pt;\"><span style=\"color: #0000ff;\"><em><span style=\"font-family: georgia,serif;\">1 petit bouquet de cive ou de ciboulette<\/span><\/em><\/span><\/span><\/p>\n<p style=\"text-align: center;\"><span style=\"font-size: 14pt;\"><span style=\"color: #0000ff;\"><em><span style=\"font-family: georgia,serif;\">1 bonne c \u00e0 s de moutarde \u00e0 l&rsquo;ancienne<\/span><\/em><\/span><\/span><\/p>\n<p style=\"text-align: center;\"><span style=\"font-size: 14pt;\"><span style=\"color: #0000ff;\"><em><span style=\"font-family: georgia,serif;\">1 bonne c \u00e0 s de moutarde \u00e9pic\u00e9e ou forte selon vos go\u00fbts<\/span><\/em><\/span><\/span><\/p>\n<p style=\"text-align: center;\"><span style=\"font-size: 14pt;\"><span style=\"color: #0000ff;\"><em><span style=\"font-family: georgia,serif;\">2 c \u00e0 s de cr\u00e8me fra\u00eeche<\/span><\/em><\/span><\/span><\/p>\n<p style=\"text-align: center;\"><span style=\"font-size: 14pt;\"><span style=\"color: #0000ff;\"><em><span style=\"font-family: georgia,serif;\">100 ml de vin blanc<\/span><\/em><\/span><\/span><\/p>\n<p style=\"text-align: center;\"><span style=\"font-size: 14pt;\"><span style=\"color: #0000ff;\"><em><span style=\"font-family: georgia,serif;\">Sel et poivre<\/span><\/em><\/span><\/span><\/p>\n<p style=\"text-align: center;\"><img loading=\"lazy\" decoding=\"async\" class=\"alignnone wp-image-68083\" src=\"http:\/\/recettes-gourmandes-de-joce.fr\/wp-content\/uploads\/2024\/04\/moules-dijon5.jpg\" alt=\"\" width=\"255\" height=\"170\" \/> <img loading=\"lazy\" decoding=\"async\" class=\"alignnone wp-image-68084\" src=\"http:\/\/recettes-gourmandes-de-joce.fr\/wp-content\/uploads\/2024\/04\/moules-dijon6.jpg\" alt=\"\" width=\"231\" height=\"170\" \/> <img loading=\"lazy\" decoding=\"async\" class=\"alignnone wp-image-68085\" src=\"http:\/\/recettes-gourmandes-de-joce.fr\/wp-content\/uploads\/2024\/04\/moules-dijon7.jpg\" alt=\"\" width=\"255\" height=\"170\" \/><\/p>\n<p style=\"text-align: center;\"><span style=\"font-size: 14pt;\"><span style=\"color: #0000ff;\"><em><span style=\"font-family: georgia,serif;\">Gratter, nettoyer les moules, jeter celles ouvertes ou cass\u00e9es. Peler et hacher les \u00e9chalotes, laver et ciseler la cive ou la ciboulette. Dans une marmite assez grande munie d&rsquo;un couvercle, mettre la cive, les \u00e9chalotes, les moutardes et la cr\u00e8me, saler et poivrer, ajouter le vin blanc.<\/span><\/em><\/span><\/span><\/p>\n<p style=\"text-align: center;\"><img loading=\"lazy\" decoding=\"async\" class=\"alignnone wp-image-68086\" src=\"http:\/\/recettes-gourmandes-de-joce.fr\/wp-content\/uploads\/2024\/04\/moules-dijon8.jpg\" alt=\"\" width=\"255\" height=\"170\" \/> <img loading=\"lazy\" decoding=\"async\" class=\"alignnone wp-image-68074\" src=\"http:\/\/recettes-gourmandes-de-joce.fr\/wp-content\/uploads\/2024\/04\/moules-dijon9.jpg\" alt=\"\" width=\"233\" height=\"170\" \/> <img loading=\"lazy\" decoding=\"async\" class=\"alignnone wp-image-68075\" src=\"http:\/\/recettes-gourmandes-de-joce.fr\/wp-content\/uploads\/2024\/04\/moules-dijon10.jpg\" alt=\"\" width=\"237\" height=\"170\" \/><\/p>\n<p style=\"text-align: center;\"><span style=\"font-size: 14pt;\"><span style=\"color: #0000ff;\"><em><span style=\"font-family: georgia,serif;\">Faire chauffer en remuant pour bien m\u00e9langer le tout, ajouter ensuite les moules, mettre le couvercle et secouer l&rsquo;ensemble, laisser cuire environ 5 minutes en secouant r\u00e9guli\u00e8rement (les moules sont cuites lorsqu&rsquo;elles sont toutes ouvertes). Servir avec des frites maison. Jeter lors de la d\u00e9gustation celles qui seront rest\u00e9es ferm\u00e9es.<\/span><\/em><\/span><\/span><\/p>\n<p style=\"text-align: center;\"><span style=\"font-size: 14pt;\"><span style=\"color: #0000ff;\"><em><span style=\"font-family: georgia,serif;\"><em>Bon app\u00e9tit!<\/em><\/span><\/em><\/span><\/span><\/p>\n<p style=\"text-align: center;\"><img loading=\"lazy\" decoding=\"async\" class=\"alignnone wp-image-68077\" src=\"http:\/\/recettes-gourmandes-de-joce.fr\/wp-content\/uploads\/2024\/04\/moules-dijon12.jpg\" alt=\"\" width=\"218\" height=\"180\" \/><\/p>\n<p style=\"text-align: center;\"><img loading=\"lazy\" decoding=\"async\" class=\"alignnone wp-image-68078\" src=\"http:\/\/recettes-gourmandes-de-joce.fr\/wp-content\/uploads\/2024\/04\/moules-dijon13.jpg\" alt=\"\" width=\"270\" height=\"180\" \/> <img loading=\"lazy\" decoding=\"async\" class=\"alignnone wp-image-68079\" src=\"http:\/\/recettes-gourmandes-de-joce.fr\/wp-content\/uploads\/2024\/04\/moules-dijon1.jpg\" alt=\"\" width=\"270\" height=\"180\" \/><\/p>\n<p style=\"text-align: center;\"><img loading=\"lazy\" decoding=\"async\" class=\"alignnone size-full wp-image-59803\" src=\"http:\/\/recettes-gourmandes-de-joce.fr\/wp-content\/uploads\/2024\/01\/logitech-gaming-software-14112014-121223.jpg\" alt=\"\" width=\"640\" height=\"144\" \/><\/p>\n","protected":false},"excerpt":{"rendered":"<p>D&rsquo;apr\u00e8s le livre de recettes \u00ab\u00a0Les moules frites de L\u00e9on\u00a0\u00bb Ingr\u00e9dients pour 1 personne 1 kg de moules (D\u00e9coquill\u00e9es vous obtiendrez 200 g de moules) 2 petites \u00e9chalotes 1 petit bouquet de cive ou de ciboulette 1 bonne c \u00e0 s de moutarde \u00e0 l&rsquo;ancienne 1 bonne c \u00e0 s de moutarde \u00e9pic\u00e9e ou forte &hellip; <\/p>\n<p><a class=\"more-link btn\" href=\"http:\/\/recettes-gourmandes-de-joce.fr\/index.php\/index\/poissons-coquillages\/coquillages-crustaces\/moules-a-la-dijonnaise-aux-deux-moutardes\/\">Lire la suite<\/a><\/p>\n","protected":false},"author":2,"featured_media":68259,"parent":158,"menu_order":0,"comment_status":"open","ping_status":"closed","template":"","meta":{"footnotes":""},"class_list":["post-2274","page","type-page","status-publish","has-post-thumbnail","hentry","nodate","item-wrap"],"_links":{"self":[{"href":"http:\/\/recettes-gourmandes-de-joce.fr\/index.php\/wp-json\/wp\/v2\/pages\/2274","targetHints":{"allow":["GET"]}}],"collection":[{"href":"http:\/\/recettes-gourmandes-de-joce.fr\/index.php\/wp-json\/wp\/v2\/pages"}],"about":[{"href":"http:\/\/recettes-gourmandes-de-joce.fr\/index.php\/wp-json\/wp\/v2\/types\/page"}],"author":[{"embeddable":true,"href":"http:\/\/recettes-gourmandes-de-joce.fr\/index.php\/wp-json\/wp\/v2\/users\/2"}],"replies":[{"embeddable":true,"href":"http:\/\/recettes-gourmandes-de-joce.fr\/index.php\/wp-json\/wp\/v2\/comments?post=2274"}],"version-history":[{"count":4,"href":"http:\/\/recettes-gourmandes-de-joce.fr\/index.php\/wp-json\/wp\/v2\/pages\/2274\/revisions"}],"predecessor-version":[{"id":68258,"href":"http:\/\/recettes-gourmandes-de-joce.fr\/index.php\/wp-json\/wp\/v2\/pages\/2274\/revisions\/68258"}],"up":[{"embeddable":true,"href":"http:\/\/recettes-gourmandes-de-joce.fr\/index.php\/wp-json\/wp\/v2\/pages\/158"}],"wp:featuredmedia":[{"embeddable":true,"href":"http:\/\/recettes-gourmandes-de-joce.fr\/index.php\/wp-json\/wp\/v2\/media\/68259"}],"wp:attachment":[{"href":"http:\/\/recettes-gourmandes-de-joce.fr\/index.php\/wp-json\/wp\/v2\/media?parent=2274"}],"curies":[{"name":"wp","href":"https:\/\/api.w.org\/{rel}","templated":true}]}}