{"id":2256,"date":"2019-10-02T10:26:24","date_gmt":"2019-10-02T10:26:24","guid":{"rendered":"http:\/\/recettes-gourmandes-de-joce.fr\/?page_id=2256"},"modified":"2024-06-28T15:00:04","modified_gmt":"2024-06-28T15:00:04","slug":"crevettes-a-la-mayonnaise-epicee","status":"publish","type":"page","link":"http:\/\/recettes-gourmandes-de-joce.fr\/index.php\/index\/poissons-coquillages\/coquillages-crustaces\/crevettes-a-la-mayonnaise-epicee\/","title":{"rendered":"Crevettes \u00e0 la mayonnaise \u00e9pic\u00e9e."},"content":{"rendered":"<p style=\"text-align: center;\"><span style=\"color: #ff6666; font-family: georgia, palatino, serif;\"><span style=\"text-decoration: underline;\"><em><span style=\"font-size: x-large;\">Une de mes recettes<\/span><\/em><\/span><\/span><\/p>\n<p style=\"text-align: center;\"><span style=\"font-family: georgia, palatino, serif;\"><span style=\"color: #ff6666;\"><img loading=\"lazy\" decoding=\"async\" class=\"alignnone wp-image-61896\" src=\"http:\/\/recettes-gourmandes-de-joce.fr\/wp-content\/uploads\/2024\/03\/crevettes-mayonnaise2.jpg\" alt=\"\" width=\"240\" height=\"180\" srcset=\"http:\/\/recettes-gourmandes-de-joce.fr\/wp-content\/uploads\/2024\/03\/crevettes-mayonnaise2.jpg 1024w, http:\/\/recettes-gourmandes-de-joce.fr\/wp-content\/uploads\/2024\/03\/crevettes-mayonnaise2-768x576.jpg 768w, http:\/\/recettes-gourmandes-de-joce.fr\/wp-content\/uploads\/2024\/03\/crevettes-mayonnaise2-750x563.jpg 750w\" sizes=\"auto, (max-width: 240px) 100vw, 240px\" \/>\u00a0<img loading=\"lazy\" decoding=\"async\" class=\"alignnone wp-image-61897\" src=\"http:\/\/recettes-gourmandes-de-joce.fr\/wp-content\/uploads\/2024\/03\/crevettes-mayonnaise3.jpg\" alt=\"\" width=\"266\" height=\"180\" srcset=\"http:\/\/recettes-gourmandes-de-joce.fr\/wp-content\/uploads\/2024\/03\/crevettes-mayonnaise3.jpg 1024w, http:\/\/recettes-gourmandes-de-joce.fr\/wp-content\/uploads\/2024\/03\/crevettes-mayonnaise3-768x521.jpg 768w, http:\/\/recettes-gourmandes-de-joce.fr\/wp-content\/uploads\/2024\/03\/crevettes-mayonnaise3-750x508.jpg 750w\" sizes=\"auto, (max-width: 266px) 100vw, 266px\" \/><img loading=\"lazy\" decoding=\"async\" class=\"alignnone wp-image-61895\" src=\"http:\/\/recettes-gourmandes-de-joce.fr\/wp-content\/uploads\/2024\/03\/crevettes-mayonnaise1.jpg\" alt=\"\" width=\"252\" height=\"180\" srcset=\"http:\/\/recettes-gourmandes-de-joce.fr\/wp-content\/uploads\/2024\/03\/crevettes-mayonnaise1.jpg 1024w, http:\/\/recettes-gourmandes-de-joce.fr\/wp-content\/uploads\/2024\/03\/crevettes-mayonnaise1-768x549.jpg 768w, http:\/\/recettes-gourmandes-de-joce.fr\/wp-content\/uploads\/2024\/03\/crevettes-mayonnaise1-750x536.jpg 750w\" sizes=\"auto, (max-width: 252px) 100vw, 252px\" \/><\/span><\/span><\/p>\n<p style=\"text-align: center;\"><span style=\"color: #ff6666; font-family: georgia, palatino, serif;\"><span style=\"font-size: x-large; text-decoration: underline;\"><em>Ingr\u00e9dients pour 3\/4 personnes<\/em><\/span><\/span><\/p>\n<p style=\"text-align: center;\"><img loading=\"lazy\" decoding=\"async\" class=\"alignnone wp-image-61898\" src=\"http:\/\/recettes-gourmandes-de-joce.fr\/wp-content\/uploads\/2024\/03\/crevettes-mayonnaise4.jpg\" alt=\"\" width=\"281\" height=\"200\" srcset=\"http:\/\/recettes-gourmandes-de-joce.fr\/wp-content\/uploads\/2024\/03\/crevettes-mayonnaise4.jpg 1024w, http:\/\/recettes-gourmandes-de-joce.fr\/wp-content\/uploads\/2024\/03\/crevettes-mayonnaise4-768x548.jpg 768w, http:\/\/recettes-gourmandes-de-joce.fr\/wp-content\/uploads\/2024\/03\/crevettes-mayonnaise4-750x535.jpg 750w\" sizes=\"auto, (max-width: 281px) 100vw, 281px\" \/><\/p>\n<p style=\"text-align: center;\"><span style=\"color: #ff6666; font-family: georgia, palatino, serif; font-size: 14pt;\"><em>500 g de grosses crevettes taille 30\/50<\/em><\/span><\/p>\n<p style=\"text-align: center;\"><span style=\"color: #ff6666; font-family: georgia, palatino, serif; font-size: 14pt;\"><em>1 bouquet de persil plat<\/em><\/span><\/p>\n<p style=\"text-align: center;\"><span style=\"color: #ff6666; font-family: georgia, palatino, serif; font-size: 14pt;\"><em>2 gousses d&rsquo;ail<\/em><\/span><\/p>\n<p style=\"text-align: center;\"><span style=\"color: #ff6666; font-family: georgia, palatino, serif; font-size: 14pt;\"><em>1 citron vert<\/em><\/span><\/p>\n<p style=\"text-align: center;\"><span style=\"color: #ff6666; font-family: georgia, palatino, serif; font-size: 14pt;\"><em>1 bonne pinc\u00e9e de piment d&rsquo;Espelette<\/em><\/span><\/p>\n<p style=\"text-align: center;\"><span style=\"color: #ff6666; font-family: georgia, palatino, serif; font-size: 14pt;\"><em>1 jaune d&rsquo;\u0153uf<\/em><\/span><\/p>\n<p style=\"text-align: center;\"><span style=\"color: #ff6666; font-family: georgia, palatino, serif; font-size: 14pt;\"><em>1 c \u00e0 s de moutarde au poivre vert<\/em><\/span><\/p>\n<p style=\"text-align: center;\"><span style=\"color: #ff6666; font-family: georgia, palatino, serif; font-size: 14pt;\"><em>\u00bd c \u00e0 c de vinaigre de vin<\/em><\/span><\/p>\n<p style=\"text-align: center;\"><span style=\"color: #ff6666; font-family: georgia, palatino, serif; font-size: 14pt;\"><em>Huile de tournesol<\/em><\/span><\/p>\n<p style=\"text-align: center;\"><span style=\"color: #ff6666; font-family: georgia, palatino, serif; font-size: 14pt;\"><em>Sel et poivre<\/em><\/span><\/p>\n<p style=\"text-align: center;\"><img loading=\"lazy\" decoding=\"async\" class=\"alignnone wp-image-61899\" src=\"http:\/\/recettes-gourmandes-de-joce.fr\/wp-content\/uploads\/2024\/03\/crevettes-mayonnaise5.jpg\" alt=\"\" width=\"227\" height=\"170\" srcset=\"http:\/\/recettes-gourmandes-de-joce.fr\/wp-content\/uploads\/2024\/03\/crevettes-mayonnaise5.jpg 1024w, http:\/\/recettes-gourmandes-de-joce.fr\/wp-content\/uploads\/2024\/03\/crevettes-mayonnaise5-768x576.jpg 768w, http:\/\/recettes-gourmandes-de-joce.fr\/wp-content\/uploads\/2024\/03\/crevettes-mayonnaise5-750x563.jpg 750w\" sizes=\"auto, (max-width: 227px) 100vw, 227px\" \/> <img loading=\"lazy\" decoding=\"async\" class=\"alignnone wp-image-61900\" src=\"http:\/\/recettes-gourmandes-de-joce.fr\/wp-content\/uploads\/2024\/03\/crevettes-mayonnaise6.jpg\" alt=\"\" width=\"227\" height=\"170\" srcset=\"http:\/\/recettes-gourmandes-de-joce.fr\/wp-content\/uploads\/2024\/03\/crevettes-mayonnaise6.jpg 1024w, http:\/\/recettes-gourmandes-de-joce.fr\/wp-content\/uploads\/2024\/03\/crevettes-mayonnaise6-768x576.jpg 768w, http:\/\/recettes-gourmandes-de-joce.fr\/wp-content\/uploads\/2024\/03\/crevettes-mayonnaise6-750x563.jpg 750w\" sizes=\"auto, (max-width: 227px) 100vw, 227px\" \/> <img loading=\"lazy\" decoding=\"async\" class=\"alignnone wp-image-61901\" src=\"http:\/\/recettes-gourmandes-de-joce.fr\/wp-content\/uploads\/2024\/03\/crevettes-mayonnaise7.jpg\" alt=\"\" width=\"196\" height=\"170\" srcset=\"http:\/\/recettes-gourmandes-de-joce.fr\/wp-content\/uploads\/2024\/03\/crevettes-mayonnaise7.jpg 1024w, http:\/\/recettes-gourmandes-de-joce.fr\/wp-content\/uploads\/2024\/03\/crevettes-mayonnaise7-768x667.jpg 768w, http:\/\/recettes-gourmandes-de-joce.fr\/wp-content\/uploads\/2024\/03\/crevettes-mayonnaise7-750x651.jpg 750w\" sizes=\"auto, (max-width: 196px) 100vw, 196px\" \/><\/p>\n<p style=\"text-align: center;\"><span style=\"color: #ff6666; font-family: georgia, palatino, serif; font-size: 14pt;\"><em>Peler, d\u00e9germer et hacher finement l&rsquo;ail. Laver et ciseler le persil. Dans un bol mettre le persil, l&rsquo;ail, le piment, saler et poivrer, ajouter un filet de jus de citron. M\u00e9langer et r\u00e9server.<\/em><\/span><\/p>\n<p style=\"text-align: center;\"><img loading=\"lazy\" decoding=\"async\" class=\"alignnone wp-image-61902\" src=\"http:\/\/recettes-gourmandes-de-joce.fr\/wp-content\/uploads\/2024\/03\/crevettes-mayonnaise8.jpg\" alt=\"\" width=\"227\" height=\"170\" srcset=\"http:\/\/recettes-gourmandes-de-joce.fr\/wp-content\/uploads\/2024\/03\/crevettes-mayonnaise8.jpg 1024w, http:\/\/recettes-gourmandes-de-joce.fr\/wp-content\/uploads\/2024\/03\/crevettes-mayonnaise8-768x576.jpg 768w, http:\/\/recettes-gourmandes-de-joce.fr\/wp-content\/uploads\/2024\/03\/crevettes-mayonnaise8-750x563.jpg 750w\" sizes=\"auto, (max-width: 227px) 100vw, 227px\" \/> <img loading=\"lazy\" decoding=\"async\" class=\"alignnone wp-image-61903\" src=\"http:\/\/recettes-gourmandes-de-joce.fr\/wp-content\/uploads\/2024\/03\/crevettes-mayonnaise9.jpg\" alt=\"\" width=\"228\" height=\"170\" \/> <img loading=\"lazy\" decoding=\"async\" class=\"alignnone wp-image-61904\" src=\"http:\/\/recettes-gourmandes-de-joce.fr\/wp-content\/uploads\/2024\/03\/crevettes-mayonnaise10.jpg\" alt=\"\" width=\"226\" height=\"170\" \/><\/p>\n<p style=\"text-align: center;\"><span style=\"color: #ff6666; font-family: georgia, palatino, serif; font-size: 14pt;\"><em>R\u00e9aliser votre mayonnaise, mettre le jaune d&rsquo;\u0153uf avec la moutarde dans un bol, saler et poivrer, fouetter en ajoutant progressivement l&rsquo;huile en filet, lorsque votre mayonnaise est faite, ajouter le vinaigre et donner un dernier coup de fouet.<\/em><\/span><\/p>\n<p style=\"text-align: center;\"><img loading=\"lazy\" decoding=\"async\" class=\"alignnone wp-image-61905\" src=\"http:\/\/recettes-gourmandes-de-joce.fr\/wp-content\/uploads\/2024\/03\/crevettes-mayonnaise11.jpg\" alt=\"\" width=\"193\" height=\"170\" srcset=\"http:\/\/recettes-gourmandes-de-joce.fr\/wp-content\/uploads\/2024\/03\/crevettes-mayonnaise11.jpg 1024w, http:\/\/recettes-gourmandes-de-joce.fr\/wp-content\/uploads\/2024\/03\/crevettes-mayonnaise11-768x678.jpg 768w, http:\/\/recettes-gourmandes-de-joce.fr\/wp-content\/uploads\/2024\/03\/crevettes-mayonnaise11-750x662.jpg 750w\" sizes=\"auto, (max-width: 193px) 100vw, 193px\" \/> <img loading=\"lazy\" decoding=\"async\" class=\"alignnone wp-image-61906\" src=\"http:\/\/recettes-gourmandes-de-joce.fr\/wp-content\/uploads\/2024\/03\/crevettes-mayonnaise-12.jpg\" alt=\"\" width=\"177\" height=\"170\" srcset=\"http:\/\/recettes-gourmandes-de-joce.fr\/wp-content\/uploads\/2024\/03\/crevettes-mayonnaise-12.jpg 1024w, http:\/\/recettes-gourmandes-de-joce.fr\/wp-content\/uploads\/2024\/03\/crevettes-mayonnaise-12-768x738.jpg 768w, http:\/\/recettes-gourmandes-de-joce.fr\/wp-content\/uploads\/2024\/03\/crevettes-mayonnaise-12-750x721.jpg 750w\" sizes=\"auto, (max-width: 177px) 100vw, 177px\" \/> <img loading=\"lazy\" decoding=\"async\" class=\"alignnone wp-image-61907\" src=\"http:\/\/recettes-gourmandes-de-joce.fr\/wp-content\/uploads\/2024\/03\/crevettes-mayonnaise13.jpg\" alt=\"\" width=\"172\" height=\"170\" srcset=\"http:\/\/recettes-gourmandes-de-joce.fr\/wp-content\/uploads\/2024\/03\/crevettes-mayonnaise13.jpg 1024w, http:\/\/recettes-gourmandes-de-joce.fr\/wp-content\/uploads\/2024\/03\/crevettes-mayonnaise13-768x761.jpg 768w, http:\/\/recettes-gourmandes-de-joce.fr\/wp-content\/uploads\/2024\/03\/crevettes-mayonnaise13-750x743.jpg 750w\" sizes=\"auto, (max-width: 172px) 100vw, 172px\" \/><\/p>\n<p style=\"text-align: center;\"><span style=\"color: #ff6666; font-family: georgia, palatino, serif; font-size: 14pt;\"><em>Mettre dans la mayonnaise le m\u00e9lange ail et persil, m\u00e9langer, go\u00fbter et rectifier \u00e9ventuellement l&rsquo;assaisonnement. D\u00e9cortiquer les crevettes et les servir accompagn\u00e9es de cette mayonnaise \u00e9pic\u00e9e<\/em><\/span><\/p>\n<p style=\"text-align: center;\"><span style=\"color: #ff6666; font-family: georgia, palatino, serif; font-size: 14pt;\"><em>Bon app\u00e9tit!<\/em><\/span><\/p>\n<p style=\"text-align: center;\"><img loading=\"lazy\" decoding=\"async\" class=\"alignnone wp-image-61910\" src=\"http:\/\/recettes-gourmandes-de-joce.fr\/wp-content\/uploads\/2024\/03\/crevettes-mayonnaise16.jpg\" alt=\"\" width=\"240\" height=\"180\" srcset=\"http:\/\/recettes-gourmandes-de-joce.fr\/wp-content\/uploads\/2024\/03\/crevettes-mayonnaise16.jpg 1024w, http:\/\/recettes-gourmandes-de-joce.fr\/wp-content\/uploads\/2024\/03\/crevettes-mayonnaise16-768x576.jpg 768w, http:\/\/recettes-gourmandes-de-joce.fr\/wp-content\/uploads\/2024\/03\/crevettes-mayonnaise16-750x563.jpg 750w\" sizes=\"auto, (max-width: 240px) 100vw, 240px\" \/> <img loading=\"lazy\" decoding=\"async\" class=\"alignnone wp-image-61909\" src=\"http:\/\/recettes-gourmandes-de-joce.fr\/wp-content\/uploads\/2024\/03\/crevettes-mayonnaise15.jpg\" alt=\"\" width=\"248\" height=\"180\" srcset=\"http:\/\/recettes-gourmandes-de-joce.fr\/wp-content\/uploads\/2024\/03\/crevettes-mayonnaise15.jpg 1024w, http:\/\/recettes-gourmandes-de-joce.fr\/wp-content\/uploads\/2024\/03\/crevettes-mayonnaise15-768x557.jpg 768w, http:\/\/recettes-gourmandes-de-joce.fr\/wp-content\/uploads\/2024\/03\/crevettes-mayonnaise15-750x544.jpg 750w\" sizes=\"auto, (max-width: 248px) 100vw, 248px\" \/> <img loading=\"lazy\" decoding=\"async\" class=\"alignnone wp-image-61908\" src=\"http:\/\/recettes-gourmandes-de-joce.fr\/wp-content\/uploads\/2024\/03\/crevettes-mayonnaise14.jpg\" alt=\"\" width=\"249\" height=\"180\" srcset=\"http:\/\/recettes-gourmandes-de-joce.fr\/wp-content\/uploads\/2024\/03\/crevettes-mayonnaise14.jpg 1024w, http:\/\/recettes-gourmandes-de-joce.fr\/wp-content\/uploads\/2024\/03\/crevettes-mayonnaise14-768x556.jpg 768w, http:\/\/recettes-gourmandes-de-joce.fr\/wp-content\/uploads\/2024\/03\/crevettes-mayonnaise14-750x543.jpg 750w\" sizes=\"auto, (max-width: 249px) 100vw, 249px\" \/><\/p>\n<p style=\"text-align: center;\"><img loading=\"lazy\" decoding=\"async\" class=\"alignnone size-full wp-image-59803\" src=\"http:\/\/recettes-gourmandes-de-joce.fr\/wp-content\/uploads\/2024\/01\/logitech-gaming-software-14112014-121223.jpg\" alt=\"\" width=\"640\" height=\"144\" \/><\/p>\n","protected":false},"excerpt":{"rendered":"<p>Une de mes recettes \u00a0 Ingr\u00e9dients pour 3\/4 personnes 500 g de grosses crevettes taille 30\/50 1 bouquet de persil plat 2 gousses d&rsquo;ail 1 citron vert 1 bonne pinc\u00e9e de piment d&rsquo;Espelette 1 jaune d&rsquo;\u0153uf 1 c \u00e0 s de moutarde au poivre vert \u00bd c \u00e0 c de vinaigre de vin Huile de &hellip; <\/p>\n<p><a class=\"more-link btn\" href=\"http:\/\/recettes-gourmandes-de-joce.fr\/index.php\/index\/poissons-coquillages\/coquillages-crustaces\/crevettes-a-la-mayonnaise-epicee\/\">Lire la suite<\/a><\/p>\n","protected":false},"author":2,"featured_media":85357,"parent":158,"menu_order":0,"comment_status":"open","ping_status":"closed","template":"","meta":{"footnotes":""},"class_list":["post-2256","page","type-page","status-publish","has-post-thumbnail","hentry","nodate","item-wrap"],"_links":{"self":[{"href":"http:\/\/recettes-gourmandes-de-joce.fr\/index.php\/wp-json\/wp\/v2\/pages\/2256","targetHints":{"allow":["GET"]}}],"collection":[{"href":"http:\/\/recettes-gourmandes-de-joce.fr\/index.php\/wp-json\/wp\/v2\/pages"}],"about":[{"href":"http:\/\/recettes-gourmandes-de-joce.fr\/index.php\/wp-json\/wp\/v2\/types\/page"}],"author":[{"embeddable":true,"href":"http:\/\/recettes-gourmandes-de-joce.fr\/index.php\/wp-json\/wp\/v2\/users\/2"}],"replies":[{"embeddable":true,"href":"http:\/\/recettes-gourmandes-de-joce.fr\/index.php\/wp-json\/wp\/v2\/comments?post=2256"}],"version-history":[{"count":4,"href":"http:\/\/recettes-gourmandes-de-joce.fr\/index.php\/wp-json\/wp\/v2\/pages\/2256\/revisions"}],"predecessor-version":[{"id":62255,"href":"http:\/\/recettes-gourmandes-de-joce.fr\/index.php\/wp-json\/wp\/v2\/pages\/2256\/revisions\/62255"}],"up":[{"embeddable":true,"href":"http:\/\/recettes-gourmandes-de-joce.fr\/index.php\/wp-json\/wp\/v2\/pages\/158"}],"wp:featuredmedia":[{"embeddable":true,"href":"http:\/\/recettes-gourmandes-de-joce.fr\/index.php\/wp-json\/wp\/v2\/media\/85357"}],"wp:attachment":[{"href":"http:\/\/recettes-gourmandes-de-joce.fr\/index.php\/wp-json\/wp\/v2\/media?parent=2256"}],"curies":[{"name":"wp","href":"https:\/\/api.w.org\/{rel}","templated":true}]}}