{"id":22538,"date":"2020-05-30T13:57:33","date_gmt":"2020-05-30T13:57:33","guid":{"rendered":"http:\/\/recettes-gourmandes-de-joce.fr\/?page_id=22538"},"modified":"2024-06-18T11:52:11","modified_gmt":"2024-06-18T11:52:11","slug":"melon-au-jambon-fume-chevre-et-ciboulette-version-pique-nique","status":"publish","type":"page","link":"http:\/\/recettes-gourmandes-de-joce.fr\/index.php\/index\/entrees\/salades-crudites\/melon-au-jambon-fume-chevre-et-ciboulette-version-pique-nique\/","title":{"rendered":"Melon au jambon fum\u00e9, ch\u00e8vre et ciboulette version pique-nique."},"content":{"rendered":"<p style=\"text-align: center;\"><span style=\"color: #ff9900; text-decoration: underline; font-family: georgia, palatino, serif;\"><span style=\"font-size: x-large;\"><em>Une de mes recettes<\/em><\/span><\/span><\/p>\n<p style=\"text-align: center;\"><span style=\"font-family: georgia, palatino, serif;\"><img loading=\"lazy\" decoding=\"async\" class=\"alignnone wp-image-22541\" src=\"http:\/\/recettes-gourmandes-de-joce.fr\/wp-content\/uploads\/2020\/05\/salade_de_melon_au_chevre_jambon_de_bayonne_e5-003-150x150.jpg\" alt=\"\" width=\"230\" height=\"180\" srcset=\"http:\/\/recettes-gourmandes-de-joce.fr\/wp-content\/uploads\/2020\/05\/salade_de_melon_au_chevre_jambon_de_bayonne_e5-003-300x235.jpg 300w, http:\/\/recettes-gourmandes-de-joce.fr\/wp-content\/uploads\/2020\/05\/salade_de_melon_au_chevre_jambon_de_bayonne_e5-003.jpg 503w\" sizes=\"auto, (max-width: 230px) 100vw, 230px\" \/>\u00a0<img loading=\"lazy\" decoding=\"async\" class=\"alignnone wp-image-22539\" src=\"http:\/\/recettes-gourmandes-de-joce.fr\/wp-content\/uploads\/2020\/05\/salade_de_melon_au_chevre_jambon_de_bayonne_e5-002-150x150.jpg\" alt=\"\" width=\"226\" height=\"180\" srcset=\"http:\/\/recettes-gourmandes-de-joce.fr\/wp-content\/uploads\/2020\/05\/salade_de_melon_au_chevre_jambon_de_bayonne_e5-002-300x239.jpg 300w, http:\/\/recettes-gourmandes-de-joce.fr\/wp-content\/uploads\/2020\/05\/salade_de_melon_au_chevre_jambon_de_bayonne_e5-002.jpg 432w\" sizes=\"auto, (max-width: 226px) 100vw, 226px\" \/><\/span><\/p>\n<p style=\"text-align: center;\"><span style=\"color: #ff9900; text-decoration: underline; font-family: georgia, palatino, serif;\"><span style=\"font-size: x-large;\"><em>Ingr\u00e9dients pour deux ou quatre personnes selon la pr\u00e9sentation<\/em><\/span><\/span><\/p>\n<p style=\"text-align: center;\"><span style=\"color: #ff9900; text-decoration: underline; font-family: georgia, palatino, serif;\"><span style=\"font-size: x-large;\"><em><img loading=\"lazy\" decoding=\"async\" class=\"alignnone wp-image-22531\" src=\"http:\/\/recettes-gourmandes-de-joce.fr\/wp-content\/uploads\/2020\/05\/salade_de_melon_chevre_bacon_et_ciboulette_01-150x150.jpg\" alt=\"\" width=\"240\" height=\"180\" srcset=\"http:\/\/recettes-gourmandes-de-joce.fr\/wp-content\/uploads\/2020\/05\/salade_de_melon_chevre_bacon_et_ciboulette_01-300x225.jpg 300w, http:\/\/recettes-gourmandes-de-joce.fr\/wp-content\/uploads\/2020\/05\/salade_de_melon_chevre_bacon_et_ciboulette_01.jpg 550w\" sizes=\"auto, (max-width: 240px) 100vw, 240px\" \/><\/em><\/span><\/span><\/p>\n<p style=\"text-align: center;\"><span style=\"color: #ff9900; font-family: georgia, palatino, serif;\"><em><span style=\"font-size: large;\">1 melon au choix (vert, jaune, orange)<\/span><\/em><\/span><\/p>\n<p style=\"text-align: center;\"><span style=\"color: #ff9900; font-family: georgia, palatino, serif;\"><em><span style=\"font-size: large;\">200 g de ch\u00e8vre frais<\/span><\/em><\/span><\/p>\n<p style=\"text-align: center;\"><span style=\"color: #ff9900; font-family: georgia, palatino, serif;\"><em><span style=\"font-size: large;\">200 g de bacon ou jambon de Bayonne<\/span><\/em><\/span><\/p>\n<p style=\"text-align: center;\"><span style=\"color: #ff9900; font-family: georgia, palatino, serif;\"><em><span style=\"font-size: large;\">1 bouquet de ciboulette<\/span><\/em><\/span><\/p>\n<p style=\"text-align: center;\"><span style=\"color: #ff9900; font-size: x-large; text-decoration: underline; font-family: georgia, palatino, serif;\"><em>Le melon au choix:<\/em><\/span><\/p>\n<p style=\"text-align: center;\"><span style=\"font-family: georgia, palatino, serif;\"><span style=\"color: #ff9900;\"><em><span style=\"font-size: large;\">&#8211; soit vous le coupez en deux et vous r\u00e9cup\u00e9rez la chair\u00a0<\/span><\/em><\/span><span style=\"color: #ff9900;\"><em><span style=\"font-size: large;\">que vous coupez en petits\u00a0<\/span><\/em><\/span><span style=\"color: #ff9900;\"><em><span style=\"font-size: large;\">morceaux pour 2 pers <\/span><\/em><\/span><span style=\"color: #ff9900;\"><em><span style=\"font-size: large;\">(en <\/span><\/em><\/span><span style=\"color: #ff9900;\"><em><span style=\"font-size: large;\">gardant la peau pour la pr\u00e9sentation et qui sert de plat).\u00a0<\/span><\/em><\/span><\/span><\/p>\n<p style=\"text-align: center;\"><span style=\"font-family: georgia, palatino, serif;\"><img loading=\"lazy\" decoding=\"async\" class=\"alignnone wp-image-22532\" src=\"http:\/\/recettes-gourmandes-de-joce.fr\/wp-content\/uploads\/2020\/05\/salade_de_melon_chevre_bacon_et_ciboulette_02-1-150x150.jpg\" alt=\"\" width=\"205\" height=\"160\" srcset=\"http:\/\/recettes-gourmandes-de-joce.fr\/wp-content\/uploads\/2020\/05\/salade_de_melon_chevre_bacon_et_ciboulette_02-1-300x234.jpg 300w, http:\/\/recettes-gourmandes-de-joce.fr\/wp-content\/uploads\/2020\/05\/salade_de_melon_chevre_bacon_et_ciboulette_02-1.jpg 518w\" sizes=\"auto, (max-width: 205px) 100vw, 205px\" \/><\/span><\/p>\n<p style=\"text-align: center;\"><span style=\"font-family: georgia, palatino, serif;\"><span style=\"color: #ff9900;\"><em><span style=\"font-size: large;\">&#8211; soit vous d\u00e9taillez le melon en d\u00e9s moyens en \u00f4tant la peau <\/span><\/em><\/span><span style=\"color: #ff9900;\"><em><span style=\"font-size: large;\">(pour 4 pers).<\/span><\/em><\/span><\/span><\/p>\n<p style=\"text-align: center;\"><span style=\"font-family: georgia, palatino, serif;\"><img loading=\"lazy\" decoding=\"async\" class=\"alignnone wp-image-22533\" src=\"http:\/\/recettes-gourmandes-de-joce.fr\/wp-content\/uploads\/2020\/05\/salade_de_melon_chevre_bacon_et_ciboulette_03-150x150.jpg\" alt=\"\" width=\"214\" height=\"160\" srcset=\"http:\/\/recettes-gourmandes-de-joce.fr\/wp-content\/uploads\/2020\/05\/salade_de_melon_chevre_bacon_et_ciboulette_03-300x225.jpg 300w, http:\/\/recettes-gourmandes-de-joce.fr\/wp-content\/uploads\/2020\/05\/salade_de_melon_chevre_bacon_et_ciboulette_03.jpg 550w\" sizes=\"auto, (max-width: 214px) 100vw, 214px\" \/> <img loading=\"lazy\" decoding=\"async\" class=\"alignnone wp-image-21628\" src=\"http:\/\/recettes-gourmandes-de-joce.fr\/wp-content\/uploads\/2020\/05\/P5040064-150x150.jpg\" alt=\"\" width=\"241\" height=\"160\" srcset=\"http:\/\/recettes-gourmandes-de-joce.fr\/wp-content\/uploads\/2020\/05\/P5040064-300x199.jpg 300w, http:\/\/recettes-gourmandes-de-joce.fr\/wp-content\/uploads\/2020\/05\/P5040064.jpg 527w\" sizes=\"auto, (max-width: 241px) 100vw, 241px\" \/>\u00a0<img loading=\"lazy\" decoding=\"async\" class=\"alignnone wp-image-22534\" src=\"http:\/\/recettes-gourmandes-de-joce.fr\/wp-content\/uploads\/2020\/05\/salade_de_melon_chevre_bacon_et_ciboulette_04-150x150.jpg\" alt=\"\" width=\"191\" height=\"160\" srcset=\"http:\/\/recettes-gourmandes-de-joce.fr\/wp-content\/uploads\/2020\/05\/salade_de_melon_chevre_bacon_et_ciboulette_04-300x251.jpg 300w, http:\/\/recettes-gourmandes-de-joce.fr\/wp-content\/uploads\/2020\/05\/salade_de_melon_chevre_bacon_et_ciboulette_04.jpg 550w\" sizes=\"auto, (max-width: 191px) 100vw, 191px\" \/><\/span><\/p>\n<p style=\"text-align: center;\"><span style=\"font-family: georgia, palatino, serif;\"><span style=\"color: #ff9900;\"><em><span style=\"font-size: large;\">D\u00e9tailler le jambon ou le bacon en lani\u00e8res.\u00a0<\/span><\/em><\/span><em><span style=\"font-size: large;\"><span style=\"color: #ff9900;\">\u00c9mietter le<\/span> <\/span><span style=\"color: #ff9900; font-size: large;\">ch\u00e8vre<\/span><span style=\"color: #ff9900;\">, laver et ciseler la ciboulette. <\/span><\/em><span style=\"color: #ff9900;\"><em><span style=\"font-size: large;\">D\u00e9poser dans un saladier\u00a0les d\u00e9s de melon, puis le bacon ou le jambon <\/span><\/em><\/span><span style=\"color: #ff9900;\"><em><span style=\"font-size: large;\">et enfin le ch\u00e8vre.<\/span><\/em><\/span><\/span><\/p>\n<p style=\"text-align: center;\"><span style=\"color: #ff9900; font-family: georgia, palatino, serif;\"><em><span style=\"font-size: large;\"><a class=\"mb\" href=\"http:\/\/s4.e-monsite.com\/2011\/05\/28\/10\/resize_550_550\/\/salade_de_melon_chevre_bacon_et_ciboulette_05.jpg\">\u00a0 <\/a><a class=\"mb\" href=\"http:\/\/s4.e-monsite.com\/2011\/05\/28\/10\/resize_550_550\/\/salade_de_melon_chevre_bacon_et_ciboulette_05.jpg\"><img loading=\"lazy\" decoding=\"async\" class=\"alignnone wp-image-22540\" src=\"http:\/\/recettes-gourmandes-de-joce.fr\/wp-content\/uploads\/2020\/05\/salade_de_melon_chevre_bacon_et_ciboulette_06-150x150.jpg\" alt=\"\" width=\"211\" height=\"160\" srcset=\"http:\/\/recettes-gourmandes-de-joce.fr\/wp-content\/uploads\/2020\/05\/salade_de_melon_chevre_bacon_et_ciboulette_06-300x227.jpg 300w, http:\/\/recettes-gourmandes-de-joce.fr\/wp-content\/uploads\/2020\/05\/salade_de_melon_chevre_bacon_et_ciboulette_06.jpg 550w\" sizes=\"auto, (max-width: 211px) 100vw, 211px\" \/><\/a> <a class=\"mb\" href=\"http:\/\/s4.e-monsite.com\/2011\/05\/28\/10\/resize_550_550\/\/salade_de_melon_chevre_bacon_et_ciboulette_05.jpg\"><img loading=\"lazy\" decoding=\"async\" class=\"alignnone wp-image-22537\" src=\"http:\/\/recettes-gourmandes-de-joce.fr\/wp-content\/uploads\/2020\/05\/salade_de_melon_chevre_bacon_et_ciboulette_05-150x150.jpg\" alt=\"\" width=\"196\" height=\"160\" srcset=\"http:\/\/recettes-gourmandes-de-joce.fr\/wp-content\/uploads\/2020\/05\/salade_de_melon_chevre_bacon_et_ciboulette_05-300x245.jpg 300w, http:\/\/recettes-gourmandes-de-joce.fr\/wp-content\/uploads\/2020\/05\/salade_de_melon_chevre_bacon_et_ciboulette_05.jpg 499w\" sizes=\"auto, (max-width: 196px) 100vw, 196px\" \/><\/a><\/span><\/em><\/span><\/p>\n<p style=\"text-align: center;\"><span style=\"font-family: georgia, palatino, serif; color: #ff9900; font-size: 14pt;\"><em><em>Ajouter la ciboulette cisel\u00e9e et m\u00e9langer d\u00e9licatement afin\u00a0<\/em><em>de ne pas \u00e9craser le ch\u00e8vre.<\/em><\/em><\/span><\/p>\n<p style=\"text-align: center;\"><span style=\"color: #ff9900; font-family: georgia, palatino, serif;\"><em><span style=\"font-size: large;\"><span style=\"font-size: x-large; text-decoration: underline;\">Deuxi\u00e8me pr\u00e9sentation version pique-nique!<\/span><\/span><\/em><\/span><\/p>\n<p style=\"text-align: center;\"><span style=\"font-family: georgia, palatino, serif;\"><img loading=\"lazy\" decoding=\"async\" class=\"alignnone wp-image-22536\" src=\"http:\/\/recettes-gourmandes-de-joce.fr\/wp-content\/uploads\/2020\/05\/salade_de_melon_au_chevre_jambon_de_bayonne_e-150x150.jpg\" alt=\"\" width=\"238\" height=\"160\" srcset=\"http:\/\/recettes-gourmandes-de-joce.fr\/wp-content\/uploads\/2020\/05\/salade_de_melon_au_chevre_jambon_de_bayonne_e-300x202.jpg 300w, http:\/\/recettes-gourmandes-de-joce.fr\/wp-content\/uploads\/2020\/05\/salade_de_melon_au_chevre_jambon_de_bayonne_e.jpg 533w\" sizes=\"auto, (max-width: 238px) 100vw, 238px\" \/> <img loading=\"lazy\" decoding=\"async\" class=\"alignnone wp-image-22526\" src=\"http:\/\/recettes-gourmandes-de-joce.fr\/wp-content\/uploads\/2020\/05\/salade_de_melon_au_chevre_jambon_de_bayonne_e1-150x150.jpg\" alt=\"\" width=\"214\" height=\"160\" srcset=\"http:\/\/recettes-gourmandes-de-joce.fr\/wp-content\/uploads\/2020\/05\/salade_de_melon_au_chevre_jambon_de_bayonne_e1-300x225.jpg 300w, http:\/\/recettes-gourmandes-de-joce.fr\/wp-content\/uploads\/2020\/05\/salade_de_melon_au_chevre_jambon_de_bayonne_e1.jpg 550w\" sizes=\"auto, (max-width: 214px) 100vw, 214px\" \/> <img loading=\"lazy\" decoding=\"async\" class=\"alignnone wp-image-22527\" src=\"http:\/\/recettes-gourmandes-de-joce.fr\/wp-content\/uploads\/2020\/05\/salade_de_melon_au_chevre_jambon_de_bayonne_e2-150x150.jpg\" alt=\"\" width=\"214\" height=\"160\" srcset=\"http:\/\/recettes-gourmandes-de-joce.fr\/wp-content\/uploads\/2020\/05\/salade_de_melon_au_chevre_jambon_de_bayonne_e2-300x225.jpg 300w, http:\/\/recettes-gourmandes-de-joce.fr\/wp-content\/uploads\/2020\/05\/salade_de_melon_au_chevre_jambon_de_bayonne_e2.jpg 550w\" sizes=\"auto, (max-width: 214px) 100vw, 214px\" \/><\/span><\/p>\n<p style=\"text-align: center;\"><span style=\"font-family: georgia, palatino, serif;\"><img loading=\"lazy\" decoding=\"async\" class=\"alignnone wp-image-22528\" src=\"http:\/\/recettes-gourmandes-de-joce.fr\/wp-content\/uploads\/2020\/05\/salade_de_melon_au_chevre_jambon_de_bayonne_e3-150x150.jpg\" alt=\"\" width=\"196\" height=\"160\" srcset=\"http:\/\/recettes-gourmandes-de-joce.fr\/wp-content\/uploads\/2020\/05\/salade_de_melon_au_chevre_jambon_de_bayonne_e3-300x245.jpg 300w, http:\/\/recettes-gourmandes-de-joce.fr\/wp-content\/uploads\/2020\/05\/salade_de_melon_au_chevre_jambon_de_bayonne_e3.jpg 550w\" sizes=\"auto, (max-width: 196px) 100vw, 196px\" \/> <img loading=\"lazy\" decoding=\"async\" class=\"alignnone wp-image-22529\" src=\"http:\/\/recettes-gourmandes-de-joce.fr\/wp-content\/uploads\/2020\/05\/salade_de_melon_au_chevre_jambon_de_bayonne_e4-150x150.jpg\" alt=\"\" width=\"214\" height=\"160\" srcset=\"http:\/\/recettes-gourmandes-de-joce.fr\/wp-content\/uploads\/2020\/05\/salade_de_melon_au_chevre_jambon_de_bayonne_e4-300x225.jpg 300w, http:\/\/recettes-gourmandes-de-joce.fr\/wp-content\/uploads\/2020\/05\/salade_de_melon_au_chevre_jambon_de_bayonne_e4.jpg 550w\" sizes=\"auto, (max-width: 214px) 100vw, 214px\" \/> <img loading=\"lazy\" decoding=\"async\" class=\"alignnone wp-image-22530\" src=\"http:\/\/recettes-gourmandes-de-joce.fr\/wp-content\/uploads\/2020\/05\/salade_de_melon_au_chevre_jambon_de_bayonne_e5-150x150.jpg\" alt=\"\" width=\"214\" height=\"160\" srcset=\"http:\/\/recettes-gourmandes-de-joce.fr\/wp-content\/uploads\/2020\/05\/salade_de_melon_au_chevre_jambon_de_bayonne_e5-300x225.jpg 300w, http:\/\/recettes-gourmandes-de-joce.fr\/wp-content\/uploads\/2020\/05\/salade_de_melon_au_chevre_jambon_de_bayonne_e5.jpg 550w\" sizes=\"auto, (max-width: 214px) 100vw, 214px\" \/><\/span><\/p>\n<p style=\"text-align: center;\"><span style=\"color: #ff9900; font-family: georgia, palatino, serif;\"><em><span style=\"font-size: large;\"><span style=\"color: #ff9900; font-family: georgia, palatino, serif; font-size: large;\">Cette pr\u00e9sentation est id\u00e9ale en pique-nique j&rsquo;ai test\u00e9 \ud83d\ude09 il suffit de bien les envelopper\u00a0dans un film alimentaire puis dans de l&rsquo;aluminium pour les conserver au frais dans la glaci\u00e8re.<\/span><\/span><\/em><\/span><\/p>\n<p style=\"text-align: center;\"><span style=\"color: #ff9900; font-family: georgia, palatino, serif;\"><em><span style=\"font-size: large;\">Servir tr\u00e8s frais<\/span><\/em><\/span><\/p>\n<p style=\"text-align: center;\"><span style=\"color: #ff9900; font-family: georgia, palatino, serif;\"><em><span style=\"font-size: large;\">Bon app\u00e9tit!<\/span><\/em><\/span><\/p>\n<p style=\"text-align: center;\"><span style=\"font-family: georgia, palatino, serif;\"><img loading=\"lazy\" decoding=\"async\" class=\"alignnone wp-image-22539\" src=\"http:\/\/recettes-gourmandes-de-joce.fr\/wp-content\/uploads\/2020\/05\/salade_de_melon_au_chevre_jambon_de_bayonne_e5-002-150x150.jpg\" alt=\"\" width=\"226\" height=\"180\" srcset=\"http:\/\/recettes-gourmandes-de-joce.fr\/wp-content\/uploads\/2020\/05\/salade_de_melon_au_chevre_jambon_de_bayonne_e5-002-300x239.jpg 300w, http:\/\/recettes-gourmandes-de-joce.fr\/wp-content\/uploads\/2020\/05\/salade_de_melon_au_chevre_jambon_de_bayonne_e5-002.jpg 432w\" sizes=\"auto, (max-width: 226px) 100vw, 226px\" \/> <img loading=\"lazy\" decoding=\"async\" class=\"alignnone wp-image-22541\" src=\"http:\/\/recettes-gourmandes-de-joce.fr\/wp-content\/uploads\/2020\/05\/salade_de_melon_au_chevre_jambon_de_bayonne_e5-003-150x150.jpg\" alt=\"\" width=\"230\" height=\"180\" srcset=\"http:\/\/recettes-gourmandes-de-joce.fr\/wp-content\/uploads\/2020\/05\/salade_de_melon_au_chevre_jambon_de_bayonne_e5-003-300x235.jpg 300w, http:\/\/recettes-gourmandes-de-joce.fr\/wp-content\/uploads\/2020\/05\/salade_de_melon_au_chevre_jambon_de_bayonne_e5-003.jpg 503w\" sizes=\"auto, (max-width: 230px) 100vw, 230px\" \/><\/span><\/p>\n<p style=\"text-align: center;\"><img loading=\"lazy\" decoding=\"async\" class=\"alignnone wp-image-16654 size-full\" src=\"http:\/\/recettes-gourmandes-de-joce.fr\/wp-content\/uploads\/2020\/01\/logitech-gaming-software-14112014-121223.jpg\" alt=\"\" width=\"640\" height=\"144\" srcset=\"http:\/\/recettes-gourmandes-de-joce.fr\/wp-content\/uploads\/2020\/01\/logitech-gaming-software-14112014-121223.jpg 640w, http:\/\/recettes-gourmandes-de-joce.fr\/wp-content\/uploads\/2020\/01\/logitech-gaming-software-14112014-121223-300x68.jpg 300w\" sizes=\"auto, (max-width: 640px) 100vw, 640px\" \/><\/p>\n<div class=\"item item-comment media\">\n<div class=\"pull-left\"><img decoding=\"async\" class=\"media-object\" src=\"https:\/\/www.gravatar.com\/avatar\/f5180639cc3b4b131b614b1f5fc2cdf5?d=http%3A%2F%2Frecettesgourmandesdejoce.e-monsite.com%2Fmedias%2Fstatic%2Fmanager%2Fim%2Favatar.png?s=50&amp;d=mm\" alt=\"Jean-Pierre De Visscher\" width=\"50\" \/><\/div>\n<div class=\"media-body\">\n<ul class=\"inline item-infos\">\n<li><span class=\"comment-number\">1.<\/span>\u00a0<span class=\"comment-author\"><strong>Jean-Pierre De Visscher<\/strong><\/span>\u00a0<span class=\"comment-date\">| 24\/07\/2018<\/span><\/li>\n<\/ul>\n<div class=\"comment-content\">super belle recette et tr\u00e8s bon<\/div>\n<div class=\"item item-comment media by-webmaster\">\n<div class=\"pull-left\"><img decoding=\"async\" class=\"media-object\" src=\"http:\/\/recettesgourmandesdejoce.e-monsite.com\/medias\/static\/manager\/im\/avatar.png?fx=c_50_50\" alt=\"jocelyne debon\" width=\"50\" \/><\/div>\n<div class=\"media-body\">\n<ul class=\"inline item-infos\">\n<li><span class=\"comment-author\"><strong>jocelyne debon<\/strong><\/span>\u00a0<span class=\"comment-date\">| 24\/07\/2018<\/span><\/li>\n<\/ul>\n<div class=\"comment-content\">Merci beaucoup pour ce com Au plaisir de votre visite Amicalement Joce<\/div>\n<\/div>\n<\/div>\n<\/div>\n<\/div>\n<div class=\"item item-comment media\">\n<div class=\"pull-left\"><img decoding=\"async\" class=\"media-object\" src=\"https:\/\/www.gravatar.com\/avatar\/8bf53b778cffbc63db0d4aaf91629941?d=http%3A%2F%2Frecettesgourmandesdejoce.e-monsite.com%2Fmedias%2Fstatic%2Fmanager%2Fim%2Favatar.png?s=50&amp;d=mm\" alt=\"Carole\" width=\"50\" \/><\/div>\n<div class=\"media-body\">\n<ul class=\"inline item-infos\">\n<li><span class=\"comment-number\">2.<\/span>\u00a0<span class=\"comment-author\"><strong>Carole<\/strong><\/span>\u00a0<span class=\"comment-date\">| 12\/07\/2016<\/span><\/li>\n<\/ul>\n<div class=\"comment-content\">Coucou Joyce !<br \/>\nJe viens d&rsquo;imprimer cette recette. Je ne sais plus si tu l&rsquo;avais mis sur mon groupe \u00ab\u00a0les petits plats de Carole\u00a0\u00bb ?<br \/>\nEn tout cas, elle me tente bien. ET toute la famille devrait aimer \ud83d\ude09 .<br \/>\nJe vais souvent sur ton site pour trouver des id\u00e9es de repas, car les m\u00eames plats reviennent souvent \u00e0 table &#8230;.<br \/>\nBisous<br \/>\nCarole<\/div>\n<div class=\"item item-comment media by-webmaster\">\n<div class=\"pull-left\"><img decoding=\"async\" class=\"media-object\" src=\"http:\/\/recettesgourmandesdejoce.e-monsite.com\/medias\/static\/manager\/im\/avatar.png?fx=c_50_50\" alt=\"jocelyne debon\" width=\"50\" \/><\/div>\n<div class=\"media-body\">\n<ul class=\"inline item-infos\">\n<li><span class=\"comment-author\"><strong>jocelyne debon<\/strong><\/span>\u00a0<span class=\"comment-date\">| 12\/07\/2016<\/span><\/li>\n<\/ul>\n<div class=\"comment-content\">Coucou ma belle Je la mettrai sur ton groupe si tu veux, Merci pour ce gentil commentaire et ta fid\u00e9lit\u00e9, je suis contente que tu puisses trouver de nouvelles id\u00e9es sur mon site Plein de gros bisous Au plaisir Amicalement Joce<\/div>\n<\/div>\n<\/div>\n<\/div>\n<\/div>\n","protected":false},"excerpt":{"rendered":"<p>Une de mes recettes \u00a0 Ingr\u00e9dients pour deux ou quatre personnes selon la pr\u00e9sentation 1 melon au choix (vert, jaune, orange) 200 g de ch\u00e8vre frais 200 g de bacon ou jambon de Bayonne 1 bouquet de ciboulette Le melon au choix: &#8211; soit vous le coupez en deux et vous r\u00e9cup\u00e9rez la chair\u00a0que vous &hellip; <\/p>\n<p><a class=\"more-link btn\" href=\"http:\/\/recettes-gourmandes-de-joce.fr\/index.php\/index\/entrees\/salades-crudites\/melon-au-jambon-fume-chevre-et-ciboulette-version-pique-nique\/\">Lire la suite<\/a><\/p>\n","protected":false},"author":2,"featured_media":84224,"parent":165,"menu_order":0,"comment_status":"open","ping_status":"closed","template":"","meta":{"footnotes":""},"class_list":["post-22538","page","type-page","status-publish","has-post-thumbnail","hentry","nodate","item-wrap"],"_links":{"self":[{"href":"http:\/\/recettes-gourmandes-de-joce.fr\/index.php\/wp-json\/wp\/v2\/pages\/22538","targetHints":{"allow":["GET"]}}],"collection":[{"href":"http:\/\/recettes-gourmandes-de-joce.fr\/index.php\/wp-json\/wp\/v2\/pages"}],"about":[{"href":"http:\/\/recettes-gourmandes-de-joce.fr\/index.php\/wp-json\/wp\/v2\/types\/page"}],"author":[{"embeddable":true,"href":"http:\/\/recettes-gourmandes-de-joce.fr\/index.php\/wp-json\/wp\/v2\/users\/2"}],"replies":[{"embeddable":true,"href":"http:\/\/recettes-gourmandes-de-joce.fr\/index.php\/wp-json\/wp\/v2\/comments?post=22538"}],"version-history":[{"count":5,"href":"http:\/\/recettes-gourmandes-de-joce.fr\/index.php\/wp-json\/wp\/v2\/pages\/22538\/revisions"}],"predecessor-version":[{"id":84223,"href":"http:\/\/recettes-gourmandes-de-joce.fr\/index.php\/wp-json\/wp\/v2\/pages\/22538\/revisions\/84223"}],"up":[{"embeddable":true,"href":"http:\/\/recettes-gourmandes-de-joce.fr\/index.php\/wp-json\/wp\/v2\/pages\/165"}],"wp:featuredmedia":[{"embeddable":true,"href":"http:\/\/recettes-gourmandes-de-joce.fr\/index.php\/wp-json\/wp\/v2\/media\/84224"}],"wp:attachment":[{"href":"http:\/\/recettes-gourmandes-de-joce.fr\/index.php\/wp-json\/wp\/v2\/media?parent=22538"}],"curies":[{"name":"wp","href":"https:\/\/api.w.org\/{rel}","templated":true}]}}