{"id":22499,"date":"2020-05-30T12:23:39","date_gmt":"2020-05-30T12:23:39","guid":{"rendered":"http:\/\/recettes-gourmandes-de-joce.fr\/?page_id=22499"},"modified":"2024-06-18T10:00:29","modified_gmt":"2024-06-18T10:00:29","slug":"oeufs-mimosa-au-crabe-et-paniers-de-tomate-a-la-macedoine-au-crabe","status":"publish","type":"page","link":"http:\/\/recettes-gourmandes-de-joce.fr\/index.php\/index\/entrees\/salades-crudites\/oeufs-mimosa-au-crabe-et-paniers-de-tomate-a-la-macedoine-au-crabe\/","title":{"rendered":"Paniers de tomate \u00e0 la mac\u00e9doine au crabe et \u0153ufs mimosa au crabe."},"content":{"rendered":"<p style=\"text-align: center;\"><span style=\"text-decoration: underline; color: #ff6600; font-size: 18pt;\"><span style=\"font-family: georgia,serif;\"><em>Une de mes recettes<\/em><\/span><\/span><\/p>\n<p style=\"text-align: center;\"><img loading=\"lazy\" decoding=\"async\" class=\"alignnone wp-image-22487\" src=\"http:\/\/recettes-gourmandes-de-joce.fr\/wp-content\/uploads\/2020\/05\/oeufs-mimosa-au-crabe-et-paniers-de-macedoine-au-crabe-013-150x150.jpg\" alt=\"\" width=\"177\" height=\"180\" srcset=\"http:\/\/recettes-gourmandes-de-joce.fr\/wp-content\/uploads\/2020\/05\/oeufs-mimosa-au-crabe-et-paniers-de-macedoine-au-crabe-013-295x300.jpg 295w, http:\/\/recettes-gourmandes-de-joce.fr\/wp-content\/uploads\/2020\/05\/oeufs-mimosa-au-crabe-et-paniers-de-macedoine-au-crabe-013.jpg 391w\" sizes=\"auto, (max-width: 177px) 100vw, 177px\" \/> <img loading=\"lazy\" decoding=\"async\" class=\"alignnone wp-image-22485\" src=\"http:\/\/recettes-gourmandes-de-joce.fr\/wp-content\/uploads\/2020\/05\/oeufs-mimosa-au-crabe-et-paniers-de-macedoine-au-crabe-11-150x150.jpg\" alt=\"\" width=\"240\" height=\"180\" srcset=\"http:\/\/recettes-gourmandes-de-joce.fr\/wp-content\/uploads\/2020\/05\/oeufs-mimosa-au-crabe-et-paniers-de-macedoine-au-crabe-11-300x225.jpg 300w, http:\/\/recettes-gourmandes-de-joce.fr\/wp-content\/uploads\/2020\/05\/oeufs-mimosa-au-crabe-et-paniers-de-macedoine-au-crabe-11.jpg 720w\" sizes=\"auto, (max-width: 240px) 100vw, 240px\" \/> <img loading=\"lazy\" decoding=\"async\" class=\"alignnone wp-image-22486\" src=\"http:\/\/recettes-gourmandes-de-joce.fr\/wp-content\/uploads\/2020\/05\/oeufs-mimosa-au-crabe-et-paniers-de-macedoine-au-crabe-012-150x150.jpg\" alt=\"\" width=\"217\" height=\"180\" srcset=\"http:\/\/recettes-gourmandes-de-joce.fr\/wp-content\/uploads\/2020\/05\/oeufs-mimosa-au-crabe-et-paniers-de-macedoine-au-crabe-012-300x248.jpg 300w, http:\/\/recettes-gourmandes-de-joce.fr\/wp-content\/uploads\/2020\/05\/oeufs-mimosa-au-crabe-et-paniers-de-macedoine-au-crabe-012.jpg 563w\" sizes=\"auto, (max-width: 217px) 100vw, 217px\" \/><\/p>\n<p style=\"text-align: center;\"><span style=\"font-family: georgia,serif;\"><em><span style=\"color: #808080; font-size: 12pt;\"><span style=\"color: #ff6600; font-size: x-large; text-decoration: underline;\">Ingr\u00e9dients pour 5 personnes<\/span><\/span><\/em><\/span><\/p>\n<p style=\"text-align: center;\"><img loading=\"lazy\" decoding=\"async\" class=\"alignnone wp-image-22488\" src=\"http:\/\/recettes-gourmandes-de-joce.fr\/wp-content\/uploads\/2020\/05\/oeufs-mimosa-au-crabe-et-paniers-de-macedoine-au-crabe-01-150x150.jpg\" alt=\"\" width=\"240\" height=\"180\" srcset=\"http:\/\/recettes-gourmandes-de-joce.fr\/wp-content\/uploads\/2020\/05\/oeufs-mimosa-au-crabe-et-paniers-de-macedoine-au-crabe-01-300x225.jpg 300w, http:\/\/recettes-gourmandes-de-joce.fr\/wp-content\/uploads\/2020\/05\/oeufs-mimosa-au-crabe-et-paniers-de-macedoine-au-crabe-01.jpg 720w\" sizes=\"auto, (max-width: 240px) 100vw, 240px\" \/><\/p>\n<p style=\"text-align: center;\"><span style=\"font-family: georgia,serif;\"><em><span style=\"color: #808080; font-size: 12pt;\"><span style=\"color: #ff6600; font-size: large;\">5 tomates<\/span><\/span><\/em><\/span><\/p>\n<p style=\"text-align: center;\"><span style=\"font-family: georgia,serif;\"><em><span style=\"color: #808080; font-size: 12pt;\"><span style=\"color: #ff6600; font-size: large;\">5\u00a0<\/span><\/span><\/em><\/span><span style=\"color: #ff6600; font-family: georgia, serif; font-size: large;\"><i>\u0153ufs<\/i><\/span><\/p>\n<p style=\"text-align: center;\"><span style=\"font-family: georgia,serif;\"><em><span style=\"color: #808080; font-size: 12pt;\"><span style=\"color: #ff6600; font-size: large;\">5 champignons de Paris (facultatif)<\/span><\/span><\/em><\/span><\/p>\n<p style=\"text-align: center;\"><span style=\"font-family: georgia,serif;\"><em><span style=\"color: #808080; font-size: 12pt;\"><span style=\"color: #ff6600; font-size: large;\">\u00bd boite de mac\u00e9doine de l\u00e9gume<\/span><\/span><\/em><\/span><\/p>\n<p style=\"text-align: center;\"><span style=\"font-family: georgia,serif;\"><em><span style=\"color: #808080; font-size: 12pt;\"><span style=\"color: #ff6600; font-size: large;\">1 boite moyenne de crabe<\/span><\/span><\/em><\/span><\/p>\n<p style=\"text-align: center;\"><span style=\"font-family: georgia,serif;\"><em><span style=\"color: #808080; font-size: 12pt;\"><span style=\"color: #ff6600; font-size: large;\">1 petit bouquet de persil plat<\/span><\/span><\/em><\/span><\/p>\n<p style=\"text-align: center;\"><span style=\"font-family: georgia,serif;\"><em><span style=\"color: #808080; font-size: 12pt;\"><span style=\"color: #ff6600; font-size: large;\">1 c \u00e0 c d&rsquo;ail semoule<\/span><\/span><\/em><\/span><\/p>\n<p style=\"text-align: center;\"><span style=\"font-family: georgia,serif;\"><em><span style=\"color: #808080; font-size: 12pt;\"><span style=\"color: #ff6600; font-size: large;\">1 \u00e9chalote ou 1 petit oignon<\/span><\/span><\/em><\/span><\/p>\n<p style=\"text-align: center;\"><span style=\"font-family: georgia,serif;\"><em><span style=\"color: #808080; font-size: 12pt;\"><span style=\"color: #ff6600; font-size: large;\">3 c \u00e0 s de mayonnaise<\/span><\/span><\/em><\/span><\/p>\n<p style=\"text-align: center;\"><span style=\"font-family: georgia,serif;\"><em><span style=\"color: #808080; font-size: 12pt;\"><span style=\"color: #ff6600; font-size: large;\">Sel et poivre<\/span><\/span><\/em><\/span><\/p>\n<p style=\"text-align: center;\"><span style=\"font-family: georgia, palatino, serif; font-size: 14pt;\"><em><span style=\"color: #ff6600;\">Recette sur ce lien -&gt;<\/span>\u00a0<\/em><\/span><a href=\"http:\/\/recettes-gourmandes-de-joce.fr\/index.php\/index\/sauces-assaisonnements\/sauces-froides\/mayonnaise\/\"><em><span style=\"font-family: georgia, palatino, serif; font-size: 14pt;\">Mayonnaise <\/span><img decoding=\"async\" src=\"http:\/\/recettes-gourmandes-de-joce.fr\/wp-content\/uploads\/2019\/10\/Logitech-Gaming-Software-15102019-000734.bmp-150x150.jpg\" \/><\/em><\/a><\/p>\n<p>\u00a0 \u00a0 \u00a0 \u00a0 \u00a0 \u00a0 \u00a0 \u00a0 \u00a0 \u00a0 \u00a0 \u00a0 \u00a0 \u00a0 \u00a0 \u00a0 \u00a0 \u00a0<img loading=\"lazy\" decoding=\"async\" class=\"alignnone wp-image-5330 lazy-loaded\" src=\"http:\/\/recettes-gourmandes-de-joce.fr\/wp-content\/uploads\/2019\/10\/103_4639-1-150x150.jpg\" sizes=\"auto, (max-width: 207px) 100vw, 207px\" srcset=\"http:\/\/recettes-gourmandes-de-joce.fr\/wp-content\/uploads\/2019\/10\/103_4639-1-300x225.jpg 300w, http:\/\/recettes-gourmandes-de-joce.fr\/wp-content\/uploads\/2019\/10\/103_4639-1.jpg 640w\" alt=\"\" width=\"207\" height=\"155\" data-lazy-type=\"image\" data-src=\"http:\/\/recettes-gourmandes-de-joce.fr\/wp-content\/uploads\/2019\/10\/103_4639-1-150x150.jpg\" data-srcset=\"\" \/>\u00a0<img loading=\"lazy\" decoding=\"async\" class=\"alignnone wp-image-7825 lazy-loaded\" src=\"http:\/\/recettes-gourmandes-de-joce.fr\/wp-content\/uploads\/2019\/10\/PA200636-150x150.jpg\" sizes=\"auto, (max-width: 202px) 100vw, 202px\" srcset=\"http:\/\/recettes-gourmandes-de-joce.fr\/wp-content\/uploads\/2019\/10\/PA200636-300x230.jpg 300w, http:\/\/recettes-gourmandes-de-joce.fr\/wp-content\/uploads\/2019\/10\/PA200636.jpg 550w\" alt=\"\" width=\"202\" height=\"155\" data-lazy-type=\"image\" data-src=\"http:\/\/recettes-gourmandes-de-joce.fr\/wp-content\/uploads\/2019\/10\/PA200636-150x150.jpg\" data-srcset=\"\" \/>\u00a0<img loading=\"lazy\" decoding=\"async\" class=\"alignnone wp-image-7829 lazy-loaded\" src=\"http:\/\/recettes-gourmandes-de-joce.fr\/wp-content\/uploads\/2019\/10\/PA200638-150x150.jpg\" sizes=\"auto, (max-width: 131px) 100vw, 131px\" srcset=\"http:\/\/recettes-gourmandes-de-joce.fr\/wp-content\/uploads\/2019\/10\/PA200638-254x300.jpg 254w, http:\/\/recettes-gourmandes-de-joce.fr\/wp-content\/uploads\/2019\/10\/PA200638.jpg 408w\" alt=\"\" width=\"131\" height=\"155\" data-lazy-type=\"image\" data-src=\"http:\/\/recettes-gourmandes-de-joce.fr\/wp-content\/uploads\/2019\/10\/PA200638-150x150.jpg\" data-srcset=\"\" \/><\/p>\n<p style=\"text-align: center;\"><span style=\"font-family: georgia, palatino, serif; font-size: 14pt; color: #ff6600;\"><em>Mettre les \u0153ufs dans une casserole et les cuire. Les refroidir ensuite sous l\u2019eau froide. \u00d4ter les coquilles et couper les en deux, enlever d\u00e9licatement <\/em>\u00a0<em>les jaunes d\u2019\u0153ufs et r\u00e9servez-les.<\/em><\/span><\/p>\n<p style=\"text-align: center;\"><img loading=\"lazy\" decoding=\"async\" class=\"alignnone\" src=\"http:\/\/recettes-gourmandes-de-joce.fr\/wp-content\/uploads\/2019\/10\/Logitech-Gaming-Software-15102019-000734.bmp-150x150.jpg\" alt=\"\" width=\"150\" height=\"150\" \/> <img loading=\"lazy\" decoding=\"async\" class=\"alignnone wp-image-21285\" src=\"http:\/\/recettes-gourmandes-de-joce.fr\/wp-content\/uploads\/2020\/04\/st_jacques_et_crevettes_a_la_mexicaine_02-150x150.jpg\" alt=\"\" width=\"214\" height=\"160\" srcset=\"http:\/\/recettes-gourmandes-de-joce.fr\/wp-content\/uploads\/2020\/04\/st_jacques_et_crevettes_a_la_mexicaine_02-300x225.jpg 300w, http:\/\/recettes-gourmandes-de-joce.fr\/wp-content\/uploads\/2020\/04\/st_jacques_et_crevettes_a_la_mexicaine_02.jpg 550w\" sizes=\"auto, (max-width: 214px) 100vw, 214px\" \/> <img loading=\"lazy\" decoding=\"async\" class=\"alignnone wp-image-22494\" src=\"http:\/\/recettes-gourmandes-de-joce.fr\/wp-content\/uploads\/2020\/05\/oeufs-mimosa-au-crabe-et-paniers-de-macedoine-au-crabe-07-150x150.jpg\" alt=\"\" width=\"213\" height=\"160\" srcset=\"http:\/\/recettes-gourmandes-de-joce.fr\/wp-content\/uploads\/2020\/05\/oeufs-mimosa-au-crabe-et-paniers-de-macedoine-au-crabe-07-300x225.jpg 300w, http:\/\/recettes-gourmandes-de-joce.fr\/wp-content\/uploads\/2020\/05\/oeufs-mimosa-au-crabe-et-paniers-de-macedoine-au-crabe-07.jpg 720w\" sizes=\"auto, (max-width: 213px) 100vw, 213px\" \/><\/p>\n<p style=\"text-align: center;\"><span style=\"font-family: georgia,serif;\"><span style=\"color: #ff6600;\"><em><span style=\"font-size: 12pt;\"><span style=\"font-size: large;\"><em><span style=\"font-size: large;\">R\u00e9aliser votre mayonnaise. Laver et hacher le persil, peler et hacher l&rsquo;\u00e9chalote, laver les tomates, enlever un quart de chaque cot\u00e9 en laissant une bande centrale<\/span><\/em><\/span><\/span><\/em><\/span><span style=\"color: #ff6600;\"><em><span style=\"font-size: 12pt;\"><span style=\"font-size: large;\"><em><span style=\"font-size: large;\">, \u00f4tez la chair de fa\u00e7on \u00e0 obtenir un panier.<\/span><\/em><\/span><\/span><\/em><\/span><\/span><\/p>\n<p style=\"text-align: center;\"><img loading=\"lazy\" decoding=\"async\" class=\"alignnone wp-image-22492\" src=\"http:\/\/recettes-gourmandes-de-joce.fr\/wp-content\/uploads\/2020\/05\/oeufs-mimosa-au-crabe-et-paniers-de-macedoine-au-crabe-05-150x150.jpg\" alt=\"\" width=\"213\" height=\"160\" srcset=\"http:\/\/recettes-gourmandes-de-joce.fr\/wp-content\/uploads\/2020\/05\/oeufs-mimosa-au-crabe-et-paniers-de-macedoine-au-crabe-05-300x225.jpg 300w, http:\/\/recettes-gourmandes-de-joce.fr\/wp-content\/uploads\/2020\/05\/oeufs-mimosa-au-crabe-et-paniers-de-macedoine-au-crabe-05.jpg 720w\" sizes=\"auto, (max-width: 213px) 100vw, 213px\" \/> <img loading=\"lazy\" decoding=\"async\" class=\"alignnone wp-image-22489\" src=\"http:\/\/recettes-gourmandes-de-joce.fr\/wp-content\/uploads\/2020\/05\/oeufs-mimosa-au-crabe-et-paniers-de-macedoine-au-crabe-02-150x150.jpg\" alt=\"\" width=\"213\" height=\"160\" srcset=\"http:\/\/recettes-gourmandes-de-joce.fr\/wp-content\/uploads\/2020\/05\/oeufs-mimosa-au-crabe-et-paniers-de-macedoine-au-crabe-02-300x225.jpg 300w, http:\/\/recettes-gourmandes-de-joce.fr\/wp-content\/uploads\/2020\/05\/oeufs-mimosa-au-crabe-et-paniers-de-macedoine-au-crabe-02.jpg 720w\" sizes=\"auto, (max-width: 213px) 100vw, 213px\" \/> <img loading=\"lazy\" decoding=\"async\" class=\"alignnone wp-image-22490\" src=\"http:\/\/recettes-gourmandes-de-joce.fr\/wp-content\/uploads\/2020\/05\/oeufs-mimosa-au-crabe-et-paniers-de-macedoine-au-crabe-03-150x150.jpg\" alt=\"\" width=\"213\" height=\"160\" srcset=\"http:\/\/recettes-gourmandes-de-joce.fr\/wp-content\/uploads\/2020\/05\/oeufs-mimosa-au-crabe-et-paniers-de-macedoine-au-crabe-03-300x225.jpg 300w, http:\/\/recettes-gourmandes-de-joce.fr\/wp-content\/uploads\/2020\/05\/oeufs-mimosa-au-crabe-et-paniers-de-macedoine-au-crabe-03.jpg 720w\" sizes=\"auto, (max-width: 213px) 100vw, 213px\" \/><\/p>\n<p style=\"text-align: center;\"><span style=\"font-family: georgia,serif;\"><span style=\"color: #ff6600;\"><em><span style=\"font-size: 12pt;\"><span style=\"font-size: large;\"><em><span style=\"font-size: large;\">\u00c9goutter la mac\u00e9doine et le crabe. <\/span><\/em><\/span><\/span><\/em><\/span><\/span><em style=\"font-family: georgia, serif;\"><span style=\"color: #808080; font-size: 12pt;\"><span style=\"color: #ff6600; font-size: large;\"><em><span style=\"color: #ff0000; font-size: large;\"><span style=\"color: #ff6600;\">Dans un bol, m\u00e9langer la moiti\u00e9 de la boite de crabe, le persil, l&rsquo;ail, m\u00e9langer.<\/span><\/span><\/em><\/span><\/span><\/em><\/p>\n<p style=\"text-align: center;\"><img loading=\"lazy\" decoding=\"async\" class=\"alignnone wp-image-22491\" src=\"http:\/\/recettes-gourmandes-de-joce.fr\/wp-content\/uploads\/2020\/05\/oeufs-mimosa-au-crabe-et-paniers-de-macedoine-au-crabe-04-150x150.jpg\" alt=\"\" width=\"213\" height=\"160\" srcset=\"http:\/\/recettes-gourmandes-de-joce.fr\/wp-content\/uploads\/2020\/05\/oeufs-mimosa-au-crabe-et-paniers-de-macedoine-au-crabe-04-300x225.jpg 300w, http:\/\/recettes-gourmandes-de-joce.fr\/wp-content\/uploads\/2020\/05\/oeufs-mimosa-au-crabe-et-paniers-de-macedoine-au-crabe-04.jpg 720w\" sizes=\"auto, (max-width: 213px) 100vw, 213px\" \/> <img loading=\"lazy\" decoding=\"async\" class=\"alignnone wp-image-22483\" src=\"http:\/\/recettes-gourmandes-de-joce.fr\/wp-content\/uploads\/2020\/05\/oeufs-mimosa-au-crabe-et-paniers-de-macedoine-au-crabe-09-150x150.jpg\" alt=\"\" width=\"213\" height=\"160\" srcset=\"http:\/\/recettes-gourmandes-de-joce.fr\/wp-content\/uploads\/2020\/05\/oeufs-mimosa-au-crabe-et-paniers-de-macedoine-au-crabe-09-300x225.jpg 300w, http:\/\/recettes-gourmandes-de-joce.fr\/wp-content\/uploads\/2020\/05\/oeufs-mimosa-au-crabe-et-paniers-de-macedoine-au-crabe-09.jpg 720w\" sizes=\"auto, (max-width: 213px) 100vw, 213px\" \/> <img loading=\"lazy\" decoding=\"async\" class=\"alignnone wp-image-22484\" src=\"http:\/\/recettes-gourmandes-de-joce.fr\/wp-content\/uploads\/2020\/05\/oeufs-mimosa-au-crabe-et-paniers-de-macedoine-au-crabe-10-150x150.jpg\" alt=\"\" width=\"213\" height=\"160\" srcset=\"http:\/\/recettes-gourmandes-de-joce.fr\/wp-content\/uploads\/2020\/05\/oeufs-mimosa-au-crabe-et-paniers-de-macedoine-au-crabe-10-300x225.jpg 300w, http:\/\/recettes-gourmandes-de-joce.fr\/wp-content\/uploads\/2020\/05\/oeufs-mimosa-au-crabe-et-paniers-de-macedoine-au-crabe-10.jpg 720w\" sizes=\"auto, (max-width: 213px) 100vw, 213px\" \/><\/p>\n<p style=\"text-align: center;\"><em style=\"font-family: georgia, serif;\"><span style=\"color: #808080; font-size: 12pt;\"><span style=\"color: #ff6600; font-size: large;\"><em><span style=\"color: #ff0000; font-size: large;\"><span style=\"color: #ff6600;\">Ajouter 1 c \u00e0 s de mayonnaise. <\/span><\/span><\/em><\/span><\/span><\/em><em><span style=\"font-family: georgia, serif; color: #ff6600; font-size: large;\">Ajouter les jaunes <\/span><em><span style=\"color: #ff6600; font-size: large;\"><span style=\"color: #ff6600; font-family: georgia, serif; font-size: large;\">d\u2019\u0153ufs<\/span><span style=\"color: #ff6600; font-size: large;\"><span style=\"font-family: georgia, serif;\">\u00a0et m\u00e9langer, remplir les blancs d\u2019\u0153ufs\u00a0avec cette pr\u00e9paration, r\u00e9server.<\/span><\/span><\/span><\/em><\/em><\/p>\n<p style=\"text-align: center;\"><img loading=\"lazy\" decoding=\"async\" class=\"alignnone wp-image-22493\" src=\"http:\/\/recettes-gourmandes-de-joce.fr\/wp-content\/uploads\/2020\/05\/oeufs-mimosa-au-crabe-et-paniers-de-macedoine-au-crabe-06-150x150.jpg\" alt=\"\" width=\"213\" height=\"160\" srcset=\"http:\/\/recettes-gourmandes-de-joce.fr\/wp-content\/uploads\/2020\/05\/oeufs-mimosa-au-crabe-et-paniers-de-macedoine-au-crabe-06-300x225.jpg 300w, http:\/\/recettes-gourmandes-de-joce.fr\/wp-content\/uploads\/2020\/05\/oeufs-mimosa-au-crabe-et-paniers-de-macedoine-au-crabe-06.jpg 720w\" sizes=\"auto, (max-width: 213px) 100vw, 213px\" \/><\/p>\n<p style=\"text-align: center;\"><span style=\"font-family: georgia,serif;\"><span style=\"color: #ff6600;\"><em><span style=\"font-size: 12pt;\"><span style=\"font-size: large;\"><em><span style=\"font-size: large;\"><span style=\"color: #ff6600; font-family: georgia, serif; font-size: large;\">M\u00e9langez la mac\u00e9doine avec le reste du crabe, l&rsquo;\u00e9chalote, et le reste de mayonnaise, remplir les paniers de tomate. Servir les \u0153ufs et les paniers de tomates avec des champignons tranch\u00e9s et d\u00e9cor\u00e9s de feuilles de basilic.<\/span><\/span><\/em><\/span><\/span><\/em><\/span><\/span><\/p>\n<p style=\"text-align: center;\"><span style=\"font-family: georgia,serif;\"><em><span style=\"color: #808080; font-size: 12pt;\"><span style=\"color: #ff6600; font-size: large;\"><em><span style=\"color: #ff0000; font-size: large;\"><span style=\"color: #ff6600;\">Bon app\u00e9tit!<\/span><\/span><\/em><\/span><\/span><\/em><\/span><\/p>\n<p style=\"text-align: center;\"><img loading=\"lazy\" decoding=\"async\" class=\"alignnone wp-image-22486\" src=\"http:\/\/recettes-gourmandes-de-joce.fr\/wp-content\/uploads\/2020\/05\/oeufs-mimosa-au-crabe-et-paniers-de-macedoine-au-crabe-012-150x150.jpg\" alt=\"\" width=\"217\" height=\"180\" srcset=\"http:\/\/recettes-gourmandes-de-joce.fr\/wp-content\/uploads\/2020\/05\/oeufs-mimosa-au-crabe-et-paniers-de-macedoine-au-crabe-012-300x248.jpg 300w, http:\/\/recettes-gourmandes-de-joce.fr\/wp-content\/uploads\/2020\/05\/oeufs-mimosa-au-crabe-et-paniers-de-macedoine-au-crabe-012.jpg 563w\" sizes=\"auto, (max-width: 217px) 100vw, 217px\" \/>\u00a0<img loading=\"lazy\" decoding=\"async\" class=\"alignnone wp-image-22485\" src=\"http:\/\/recettes-gourmandes-de-joce.fr\/wp-content\/uploads\/2020\/05\/oeufs-mimosa-au-crabe-et-paniers-de-macedoine-au-crabe-11-150x150.jpg\" alt=\"\" width=\"240\" height=\"180\" srcset=\"http:\/\/recettes-gourmandes-de-joce.fr\/wp-content\/uploads\/2020\/05\/oeufs-mimosa-au-crabe-et-paniers-de-macedoine-au-crabe-11-300x225.jpg 300w, http:\/\/recettes-gourmandes-de-joce.fr\/wp-content\/uploads\/2020\/05\/oeufs-mimosa-au-crabe-et-paniers-de-macedoine-au-crabe-11.jpg 720w\" sizes=\"auto, (max-width: 240px) 100vw, 240px\" \/> <img loading=\"lazy\" decoding=\"async\" class=\"alignnone wp-image-22487\" src=\"http:\/\/recettes-gourmandes-de-joce.fr\/wp-content\/uploads\/2020\/05\/oeufs-mimosa-au-crabe-et-paniers-de-macedoine-au-crabe-013-150x150.jpg\" alt=\"\" width=\"177\" height=\"180\" srcset=\"http:\/\/recettes-gourmandes-de-joce.fr\/wp-content\/uploads\/2020\/05\/oeufs-mimosa-au-crabe-et-paniers-de-macedoine-au-crabe-013-295x300.jpg 295w, http:\/\/recettes-gourmandes-de-joce.fr\/wp-content\/uploads\/2020\/05\/oeufs-mimosa-au-crabe-et-paniers-de-macedoine-au-crabe-013.jpg 391w\" sizes=\"auto, (max-width: 177px) 100vw, 177px\" \/><\/p>\n<p style=\"text-align: center;\"><img loading=\"lazy\" decoding=\"async\" class=\"alignnone wp-image-16654 size-full\" src=\"http:\/\/recettes-gourmandes-de-joce.fr\/wp-content\/uploads\/2020\/01\/logitech-gaming-software-14112014-121223.jpg\" alt=\"\" width=\"640\" height=\"144\" srcset=\"http:\/\/recettes-gourmandes-de-joce.fr\/wp-content\/uploads\/2020\/01\/logitech-gaming-software-14112014-121223.jpg 640w, http:\/\/recettes-gourmandes-de-joce.fr\/wp-content\/uploads\/2020\/01\/logitech-gaming-software-14112014-121223-300x68.jpg 300w\" sizes=\"auto, (max-width: 640px) 100vw, 640px\" \/><\/p>\n","protected":false},"excerpt":{"rendered":"<p>Une de mes recettes Ingr\u00e9dients pour 5 personnes 5 tomates 5\u00a0\u0153ufs 5 champignons de Paris (facultatif) \u00bd boite de mac\u00e9doine de l\u00e9gume 1 boite moyenne de crabe 1 petit bouquet de persil plat 1 c \u00e0 c d&rsquo;ail semoule 1 \u00e9chalote ou 1 petit oignon 3 c \u00e0 s de mayonnaise Sel et poivre Recette &hellip; <\/p>\n<p><a class=\"more-link btn\" href=\"http:\/\/recettes-gourmandes-de-joce.fr\/index.php\/index\/entrees\/salades-crudites\/oeufs-mimosa-au-crabe-et-paniers-de-tomate-a-la-macedoine-au-crabe\/\">Lire la suite<\/a><\/p>\n","protected":false},"author":2,"featured_media":84112,"parent":165,"menu_order":0,"comment_status":"open","ping_status":"closed","template":"","meta":{"footnotes":""},"class_list":["post-22499","page","type-page","status-publish","has-post-thumbnail","hentry","nodate","item-wrap"],"_links":{"self":[{"href":"http:\/\/recettes-gourmandes-de-joce.fr\/index.php\/wp-json\/wp\/v2\/pages\/22499","targetHints":{"allow":["GET"]}}],"collection":[{"href":"http:\/\/recettes-gourmandes-de-joce.fr\/index.php\/wp-json\/wp\/v2\/pages"}],"about":[{"href":"http:\/\/recettes-gourmandes-de-joce.fr\/index.php\/wp-json\/wp\/v2\/types\/page"}],"author":[{"embeddable":true,"href":"http:\/\/recettes-gourmandes-de-joce.fr\/index.php\/wp-json\/wp\/v2\/users\/2"}],"replies":[{"embeddable":true,"href":"http:\/\/recettes-gourmandes-de-joce.fr\/index.php\/wp-json\/wp\/v2\/comments?post=22499"}],"version-history":[{"count":3,"href":"http:\/\/recettes-gourmandes-de-joce.fr\/index.php\/wp-json\/wp\/v2\/pages\/22499\/revisions"}],"predecessor-version":[{"id":84114,"href":"http:\/\/recettes-gourmandes-de-joce.fr\/index.php\/wp-json\/wp\/v2\/pages\/22499\/revisions\/84114"}],"up":[{"embeddable":true,"href":"http:\/\/recettes-gourmandes-de-joce.fr\/index.php\/wp-json\/wp\/v2\/pages\/165"}],"wp:featuredmedia":[{"embeddable":true,"href":"http:\/\/recettes-gourmandes-de-joce.fr\/index.php\/wp-json\/wp\/v2\/media\/84112"}],"wp:attachment":[{"href":"http:\/\/recettes-gourmandes-de-joce.fr\/index.php\/wp-json\/wp\/v2\/media?parent=22499"}],"curies":[{"name":"wp","href":"https:\/\/api.w.org\/{rel}","templated":true}]}}