{"id":22212,"date":"2020-05-24T14:03:55","date_gmt":"2020-05-24T14:03:55","guid":{"rendered":"http:\/\/recettes-gourmandes-de-joce.fr\/?page_id=22212"},"modified":"2024-06-29T15:48:45","modified_gmt":"2024-06-29T15:48:45","slug":"paves-de-saumon-aux-tagliatelles-de-carottes-et-de-courgettes","status":"publish","type":"page","link":"http:\/\/recettes-gourmandes-de-joce.fr\/index.php\/index\/poissons-coquillages\/filets-paves\/paves-de-saumon-aux-tagliatelles-de-carottes-et-de-courgettes\/","title":{"rendered":"Pav\u00e9s de saumon aux tagliatelles de carottes et de courgettes."},"content":{"rendered":"<p style=\"text-align: center;\"><span style=\"color: #339966; font-size: x-large; text-decoration: underline; font-family: georgia, palatino, serif;\"><em>Une de mes recettes.<\/em><\/span><\/p>\n<p style=\"text-align: center;\"><span style=\"color: #339966; font-size: x-large; text-decoration: underline; font-family: georgia, palatino, serif;\"><em><img loading=\"lazy\" decoding=\"async\" class=\"alignnone wp-image-22217\" src=\"http:\/\/recettes-gourmandes-de-joce.fr\/wp-content\/uploads\/2020\/05\/gateau-et-saumon-4-150x150.jpg\" alt=\"\" width=\"256\" height=\"180\" srcset=\"http:\/\/recettes-gourmandes-de-joce.fr\/wp-content\/uploads\/2020\/05\/gateau-et-saumon-4-300x211.jpg 300w, http:\/\/recettes-gourmandes-de-joce.fr\/wp-content\/uploads\/2020\/05\/gateau-et-saumon-4.jpg 550w\" sizes=\"auto, (max-width: 256px) 100vw, 256px\" \/> <img loading=\"lazy\" decoding=\"async\" class=\"alignnone wp-image-22236\" src=\"http:\/\/recettes-gourmandes-de-joce.fr\/wp-content\/uploads\/2020\/05\/gateau-et-saumon-93-150x150.jpg\" alt=\"\" width=\"252\" height=\"180\" srcset=\"http:\/\/recettes-gourmandes-de-joce.fr\/wp-content\/uploads\/2020\/05\/gateau-et-saumon-93-300x214.jpg 300w, http:\/\/recettes-gourmandes-de-joce.fr\/wp-content\/uploads\/2020\/05\/gateau-et-saumon-93.jpg 505w\" sizes=\"auto, (max-width: 252px) 100vw, 252px\" \/> <img loading=\"lazy\" decoding=\"async\" class=\"alignnone wp-image-22216\" src=\"http:\/\/recettes-gourmandes-de-joce.fr\/wp-content\/uploads\/2020\/05\/gateau-et-saumon-2-150x150.jpg\" alt=\"\" width=\"222\" height=\"180\" srcset=\"http:\/\/recettes-gourmandes-de-joce.fr\/wp-content\/uploads\/2020\/05\/gateau-et-saumon-2-300x243.jpg 300w, http:\/\/recettes-gourmandes-de-joce.fr\/wp-content\/uploads\/2020\/05\/gateau-et-saumon-2.jpg 550w\" sizes=\"auto, (max-width: 222px) 100vw, 222px\" \/><\/em><\/span><\/p>\n<p style=\"text-align: center;\"><span style=\"color: #339966; font-size: x-large; text-decoration: underline; font-family: georgia, palatino, serif;\"><em>Ingr\u00e9dients pour 4 personnes<\/em><\/span><\/p>\n<p style=\"text-align: center;\"><span style=\"font-family: georgia, palatino, serif;\"><img loading=\"lazy\" decoding=\"async\" class=\"alignnone wp-image-22218\" src=\"http:\/\/recettes-gourmandes-de-joce.fr\/wp-content\/uploads\/2020\/05\/gateau-et-saumon-12-150x150.jpg\" alt=\"\" width=\"204\" height=\"180\" srcset=\"http:\/\/recettes-gourmandes-de-joce.fr\/wp-content\/uploads\/2020\/05\/gateau-et-saumon-12-300x265.jpg 300w, http:\/\/recettes-gourmandes-de-joce.fr\/wp-content\/uploads\/2020\/05\/gateau-et-saumon-12.jpg 550w\" sizes=\"auto, (max-width: 204px) 100vw, 204px\" \/><\/span><\/p>\n<p style=\"text-align: center;\"><span style=\"color: #339966; font-family: georgia, palatino, serif;\"><em><span style=\"font-size: large;\">4 pav\u00e9s de saumon<\/span><\/em><\/span><\/p>\n<p style=\"text-align: center;\"><span style=\"color: #339966; font-family: georgia, palatino, serif;\"><em><span style=\"font-size: large;\">300 g de spaghetti<\/span><\/em><\/span><\/p>\n<p style=\"text-align: center;\"><span style=\"color: #339966; font-family: georgia, palatino, serif;\"><em><span style=\"font-size: large;\">2 belles carottes<\/span><\/em><\/span><\/p>\n<p style=\"text-align: center;\"><span style=\"color: #339966; font-family: georgia, palatino, serif;\"><em><span style=\"font-size: large;\">2 petites courgettes<\/span><\/em><\/span><\/p>\n<p style=\"text-align: center;\"><span style=\"color: #339966; font-family: georgia, palatino, serif;\"><em><span style=\"font-size: large;\">1 belle \u00e9chalote<\/span><\/em><\/span><\/p>\n<p style=\"text-align: center;\"><span style=\"color: #339966; font-family: georgia, palatino, serif;\"><em><span style=\"font-size: large;\">1 petit bouquet de ciboulette<\/span><\/em><\/span><\/p>\n<p style=\"text-align: center;\"><span style=\"color: #339966; font-family: georgia, palatino, serif;\"><em><span style=\"font-size: large;\">1 c \u00e0 c d&rsquo;\u00e9pices pour poisson<\/span><\/em><\/span><\/p>\n<p style=\"text-align: center;\"><span style=\"color: #339966; font-family: georgia, palatino, serif;\"><em><span style=\"font-size: large;\">2 c \u00e0 s de Boursin cuisine ail et fine herbes<\/span><\/em><\/span><\/p>\n<p style=\"text-align: center;\"><span style=\"color: #339966; font-family: georgia, palatino, serif;\"><em><span style=\"font-size: large;\">15 cl de cr\u00e8me fra\u00eeche liquide<\/span><\/em><\/span><\/p>\n<p style=\"text-align: center;\"><span style=\"color: #339966; font-family: georgia, palatino, serif;\"><em><span style=\"font-size: large;\">sel et poivre<\/span><\/em><\/span><\/p>\n<p style=\"text-align: center;\"><span style=\"color: #339966; font-family: georgia, palatino, serif;\"><em><span style=\"font-size: large;\">1 noix de beurre<\/span><\/em><\/span><\/p>\n<p style=\"text-align: center;\"><span style=\"font-family: georgia, palatino, serif;\"><img loading=\"lazy\" decoding=\"async\" class=\"alignnone wp-image-22219\" src=\"http:\/\/recettes-gourmandes-de-joce.fr\/wp-content\/uploads\/2020\/05\/gateau-et-saumon-44-150x150.jpg\" alt=\"\" width=\"214\" height=\"160\" srcset=\"http:\/\/recettes-gourmandes-de-joce.fr\/wp-content\/uploads\/2020\/05\/gateau-et-saumon-44-300x225.jpg 300w, http:\/\/recettes-gourmandes-de-joce.fr\/wp-content\/uploads\/2020\/05\/gateau-et-saumon-44.jpg 550w\" sizes=\"auto, (max-width: 214px) 100vw, 214px\" \/> <img loading=\"lazy\" decoding=\"async\" class=\"alignnone wp-image-22220\" src=\"http:\/\/recettes-gourmandes-de-joce.fr\/wp-content\/uploads\/2020\/05\/gateau-et-saumon-48-150x150.jpg\" alt=\"\" width=\"214\" height=\"160\" srcset=\"http:\/\/recettes-gourmandes-de-joce.fr\/wp-content\/uploads\/2020\/05\/gateau-et-saumon-48-300x225.jpg 300w, http:\/\/recettes-gourmandes-de-joce.fr\/wp-content\/uploads\/2020\/05\/gateau-et-saumon-48.jpg 550w\" sizes=\"auto, (max-width: 214px) 100vw, 214px\" \/> <img loading=\"lazy\" decoding=\"async\" class=\"alignnone wp-image-22221\" src=\"http:\/\/recettes-gourmandes-de-joce.fr\/wp-content\/uploads\/2020\/05\/gateau-et-saumon-51-150x150.jpg\" alt=\"\" width=\"214\" height=\"160\" srcset=\"http:\/\/recettes-gourmandes-de-joce.fr\/wp-content\/uploads\/2020\/05\/gateau-et-saumon-51-300x225.jpg 300w, http:\/\/recettes-gourmandes-de-joce.fr\/wp-content\/uploads\/2020\/05\/gateau-et-saumon-51.jpg 550w\" sizes=\"auto, (max-width: 214px) 100vw, 214px\" \/><\/span><\/p>\n<p style=\"text-align: center;\"><span style=\"font-family: georgia, palatino, serif;\"><span style=\"color: #339966;\"><em><span style=\"font-size: large;\">Laver les carottes et les courgettes, peler les carottes. <\/span><\/em><\/span><span style=\"color: #339966;\"><em><span style=\"font-size: large;\">Avec l&rsquo;\u00e9conome ou une mandoline faite des tagliatelles <\/span><\/em><\/span><span style=\"color: #339966;\"><em><span style=\"font-size: large;\">de courgettes et carottes. <\/span><\/em><\/span><span style=\"color: #339966;\"><em><span style=\"font-size: large;\">Peler l&rsquo;\u00e9chalote et hachez-la.<\/span><\/em><\/span><\/span><\/p>\n<p style=\"text-align: center;\"><span style=\"color: #339966; font-family: georgia, palatino, serif;\"><em><span style=\"font-size: large;\"> <img loading=\"lazy\" decoding=\"async\" class=\"alignnone wp-image-22222\" src=\"http:\/\/recettes-gourmandes-de-joce.fr\/wp-content\/uploads\/2020\/05\/gateau-et-saumon-54-150x150.jpg\" alt=\"\" width=\"214\" height=\"160\" srcset=\"http:\/\/recettes-gourmandes-de-joce.fr\/wp-content\/uploads\/2020\/05\/gateau-et-saumon-54-300x225.jpg 300w, http:\/\/recettes-gourmandes-de-joce.fr\/wp-content\/uploads\/2020\/05\/gateau-et-saumon-54.jpg 550w\" sizes=\"auto, (max-width: 214px) 100vw, 214px\" \/> <img loading=\"lazy\" decoding=\"async\" class=\"alignnone wp-image-22223\" src=\"http:\/\/recettes-gourmandes-de-joce.fr\/wp-content\/uploads\/2020\/05\/gateau-et-saumon-55-150x150.jpg\" alt=\"\" width=\"214\" height=\"160\" srcset=\"http:\/\/recettes-gourmandes-de-joce.fr\/wp-content\/uploads\/2020\/05\/gateau-et-saumon-55-300x225.jpg 300w, http:\/\/recettes-gourmandes-de-joce.fr\/wp-content\/uploads\/2020\/05\/gateau-et-saumon-55.jpg 550w\" sizes=\"auto, (max-width: 214px) 100vw, 214px\" \/> <img loading=\"lazy\" decoding=\"async\" class=\"alignnone wp-image-22224\" src=\"http:\/\/recettes-gourmandes-de-joce.fr\/wp-content\/uploads\/2020\/05\/gateau-et-saumon-58-150x150.jpg\" alt=\"\" width=\"214\" height=\"160\" srcset=\"http:\/\/recettes-gourmandes-de-joce.fr\/wp-content\/uploads\/2020\/05\/gateau-et-saumon-58-300x225.jpg 300w, http:\/\/recettes-gourmandes-de-joce.fr\/wp-content\/uploads\/2020\/05\/gateau-et-saumon-58.jpg 550w\" sizes=\"auto, (max-width: 214px) 100vw, 214px\" \/><\/span><\/em><\/span><\/p>\n<p style=\"text-align: center;\"><span style=\"font-family: georgia, palatino, serif;\"><span style=\"color: #339966;\"><em><span style=\"font-size: large;\">Dans une po\u00eale faire fondre <span style=\"color: #339966;\"><em><span style=\"font-size: large;\">le beurre. <\/span><\/em><\/span>Y mettre les \u00e9chalotes \u00e0 dorer l\u00e9g\u00e8rement, ajouter <\/span><\/em><\/span><em><span style=\"color: #339966;\">ensuite la <\/span><span style=\"color: #339966; font-size: large;\">cr\u00e8me<\/span><span style=\"color: #339966;\">\u00a0et m\u00e9langer.<\/span><\/em><\/span><\/p>\n<p style=\"text-align: center;\"><span style=\"font-family: georgia, palatino, serif;\"><img loading=\"lazy\" decoding=\"async\" class=\"alignnone wp-image-22225\" src=\"http:\/\/recettes-gourmandes-de-joce.fr\/wp-content\/uploads\/2020\/05\/gateau-et-saumon-59-150x150.jpg\" alt=\"\" width=\"214\" height=\"160\" srcset=\"http:\/\/recettes-gourmandes-de-joce.fr\/wp-content\/uploads\/2020\/05\/gateau-et-saumon-59-300x225.jpg 300w, http:\/\/recettes-gourmandes-de-joce.fr\/wp-content\/uploads\/2020\/05\/gateau-et-saumon-59.jpg 550w\" sizes=\"auto, (max-width: 214px) 100vw, 214px\" \/> <img loading=\"lazy\" decoding=\"async\" class=\"alignnone wp-image-22226\" src=\"http:\/\/recettes-gourmandes-de-joce.fr\/wp-content\/uploads\/2020\/05\/gateau-et-saumon-60-150x150.jpg\" alt=\"\" width=\"214\" height=\"160\" srcset=\"http:\/\/recettes-gourmandes-de-joce.fr\/wp-content\/uploads\/2020\/05\/gateau-et-saumon-60-300x225.jpg 300w, http:\/\/recettes-gourmandes-de-joce.fr\/wp-content\/uploads\/2020\/05\/gateau-et-saumon-60.jpg 550w\" sizes=\"auto, (max-width: 214px) 100vw, 214px\" \/> <img loading=\"lazy\" decoding=\"async\" class=\"alignnone wp-image-22227\" src=\"http:\/\/recettes-gourmandes-de-joce.fr\/wp-content\/uploads\/2020\/05\/gateau-et-saumon-61-150x150.jpg\" alt=\"\" width=\"214\" height=\"160\" srcset=\"http:\/\/recettes-gourmandes-de-joce.fr\/wp-content\/uploads\/2020\/05\/gateau-et-saumon-61-300x225.jpg 300w, http:\/\/recettes-gourmandes-de-joce.fr\/wp-content\/uploads\/2020\/05\/gateau-et-saumon-61.jpg 550w\" sizes=\"auto, (max-width: 214px) 100vw, 214px\" \/><\/span><\/p>\n<p style=\"text-align: center;\"><span style=\"color: #339966; font-family: georgia, palatino, serif;\"><em><span style=\"font-size: large;\">Ajouter le Boursin, saler et poivrer. <\/span><\/em><em><span style=\"font-size: large;\"><span style=\"color: #339966;\"><em><span style=\"font-size: large;\">Bien m\u00e9langer et laisser fr\u00e9mir. <\/span><\/em><\/span>Ajouter la ciboulette lav\u00e9e et cisel\u00e9e.<\/span><\/em><\/span><\/p>\n<p style=\"text-align: center;\"><span style=\"font-family: georgia, palatino, serif;\"><img loading=\"lazy\" decoding=\"async\" class=\"alignnone wp-image-22228\" src=\"http:\/\/recettes-gourmandes-de-joce.fr\/wp-content\/uploads\/2020\/05\/gateau-et-saumon-63-150x150.jpg\" alt=\"\" width=\"214\" height=\"160\" srcset=\"http:\/\/recettes-gourmandes-de-joce.fr\/wp-content\/uploads\/2020\/05\/gateau-et-saumon-63-300x225.jpg 300w, http:\/\/recettes-gourmandes-de-joce.fr\/wp-content\/uploads\/2020\/05\/gateau-et-saumon-63.jpg 550w\" sizes=\"auto, (max-width: 214px) 100vw, 214px\" \/> <img loading=\"lazy\" decoding=\"async\" class=\"alignnone wp-image-22229\" src=\"http:\/\/recettes-gourmandes-de-joce.fr\/wp-content\/uploads\/2020\/05\/gateau-et-saumon-64-150x150.jpg\" alt=\"\" width=\"193\" height=\"160\" srcset=\"http:\/\/recettes-gourmandes-de-joce.fr\/wp-content\/uploads\/2020\/05\/gateau-et-saumon-64-300x248.jpg 300w, http:\/\/recettes-gourmandes-de-joce.fr\/wp-content\/uploads\/2020\/05\/gateau-et-saumon-64.jpg 550w\" sizes=\"auto, (max-width: 193px) 100vw, 193px\" \/> <img loading=\"lazy\" decoding=\"async\" class=\"alignnone wp-image-22230\" src=\"http:\/\/recettes-gourmandes-de-joce.fr\/wp-content\/uploads\/2020\/05\/gateau-et-saumon-66-150x150.jpg\" alt=\"\" width=\"214\" height=\"160\" srcset=\"http:\/\/recettes-gourmandes-de-joce.fr\/wp-content\/uploads\/2020\/05\/gateau-et-saumon-66-300x225.jpg 300w, http:\/\/recettes-gourmandes-de-joce.fr\/wp-content\/uploads\/2020\/05\/gateau-et-saumon-66.jpg 550w\" sizes=\"auto, (max-width: 214px) 100vw, 214px\" \/><\/span><\/p>\n<p style=\"text-align: center;\"><span style=\"font-family: georgia, palatino, serif;\"><span style=\"color: #339966;\"><em><span style=\"font-size: large;\">Ajouter\u00a0les \u00e9pices pour <\/span><\/em><\/span><span style=\"color: #339966;\"><em><span style=\"font-size: large;\">poissons, arr\u00eater le feu r\u00e9server. <\/span><\/em><\/span><span style=\"color: #339966;\"><em><span style=\"font-size: large;\">Mettre une casserole d&rsquo;eau sal\u00e9e \u00e0 bouillir, \u00e0 l&rsquo;\u00e9bullition <\/span><\/em><\/span><span style=\"color: #339966;\"><em><span style=\"font-size: large;\">y mettre successivement les tagliatelles de carottes et de courgettes.<\/span><\/em><\/span><\/span><\/p>\n<p style=\"text-align: center;\"><span style=\"font-family: georgia, palatino, serif;\"><img loading=\"lazy\" decoding=\"async\" class=\"alignnone wp-image-22231\" src=\"http:\/\/recettes-gourmandes-de-joce.fr\/wp-content\/uploads\/2020\/05\/gateau-et-saumon-68-150x150.jpg\" alt=\"\" width=\"214\" height=\"160\" srcset=\"http:\/\/recettes-gourmandes-de-joce.fr\/wp-content\/uploads\/2020\/05\/gateau-et-saumon-68-300x225.jpg 300w, http:\/\/recettes-gourmandes-de-joce.fr\/wp-content\/uploads\/2020\/05\/gateau-et-saumon-68.jpg 550w\" sizes=\"auto, (max-width: 214px) 100vw, 214px\" \/> <img loading=\"lazy\" decoding=\"async\" class=\"alignnone wp-image-22232\" src=\"http:\/\/recettes-gourmandes-de-joce.fr\/wp-content\/uploads\/2020\/05\/gateau-et-saumon-69-150x150.jpg\" alt=\"\" width=\"214\" height=\"160\" srcset=\"http:\/\/recettes-gourmandes-de-joce.fr\/wp-content\/uploads\/2020\/05\/gateau-et-saumon-69-300x225.jpg 300w, http:\/\/recettes-gourmandes-de-joce.fr\/wp-content\/uploads\/2020\/05\/gateau-et-saumon-69.jpg 550w\" sizes=\"auto, (max-width: 214px) 100vw, 214px\" \/> <img loading=\"lazy\" decoding=\"async\" class=\"alignnone wp-image-22233\" src=\"http:\/\/recettes-gourmandes-de-joce.fr\/wp-content\/uploads\/2020\/05\/gateau-et-saumon-82-150x150.jpg\" alt=\"\" width=\"214\" height=\"160\" srcset=\"http:\/\/recettes-gourmandes-de-joce.fr\/wp-content\/uploads\/2020\/05\/gateau-et-saumon-82-300x225.jpg 300w, http:\/\/recettes-gourmandes-de-joce.fr\/wp-content\/uploads\/2020\/05\/gateau-et-saumon-82.jpg 550w\" sizes=\"auto, (max-width: 214px) 100vw, 214px\" \/><\/span><\/p>\n<p style=\"text-align: center;\"><span style=\"font-family: georgia, palatino, serif;\"><span style=\"color: #339966;\"><em><span style=\"font-size: large;\">les \u00f4ter d\u00e9s la reprise de l&rsquo;\u00e9bullition. <\/span><\/em><\/span><span style=\"color: #339966;\"><em><span style=\"font-size: large;\">Les \u00e9goutter et les mettre dans la sauce.<\/span><\/em><\/span><\/span><\/p>\n<p style=\"text-align: center;\"><span style=\"font-family: georgia, palatino, serif;\"><img loading=\"lazy\" decoding=\"async\" class=\"alignnone wp-image-22234\" src=\"http:\/\/recettes-gourmandes-de-joce.fr\/wp-content\/uploads\/2020\/05\/gateau-et-saumon-85-150x150.jpg\" alt=\"\" width=\"214\" height=\"160\" srcset=\"http:\/\/recettes-gourmandes-de-joce.fr\/wp-content\/uploads\/2020\/05\/gateau-et-saumon-85-300x225.jpg 300w, http:\/\/recettes-gourmandes-de-joce.fr\/wp-content\/uploads\/2020\/05\/gateau-et-saumon-85.jpg 550w\" sizes=\"auto, (max-width: 214px) 100vw, 214px\" \/> <img loading=\"lazy\" decoding=\"async\" class=\"alignnone wp-image-22214\" src=\"http:\/\/recettes-gourmandes-de-joce.fr\/wp-content\/uploads\/2020\/05\/spaghetti_bolognaise_rapide_a_ma_facon_003-001-150x150.jpg\" alt=\"\" width=\"167\" height=\"160\" srcset=\"http:\/\/recettes-gourmandes-de-joce.fr\/wp-content\/uploads\/2020\/05\/spaghetti_bolognaise_rapide_a_ma_facon_003-001-300x287.jpg 300w, http:\/\/recettes-gourmandes-de-joce.fr\/wp-content\/uploads\/2020\/05\/spaghetti_bolognaise_rapide_a_ma_facon_003-001.jpg 550w\" sizes=\"auto, (max-width: 167px) 100vw, 167px\" \/> <img loading=\"lazy\" decoding=\"async\" class=\"alignnone wp-image-22215\" src=\"http:\/\/recettes-gourmandes-de-joce.fr\/wp-content\/uploads\/2020\/05\/spaghetti_bolognaise_rapide_a_ma_facon_004-150x150.jpg\" alt=\"\" width=\"223\" height=\"160\" srcset=\"http:\/\/recettes-gourmandes-de-joce.fr\/wp-content\/uploads\/2020\/05\/spaghetti_bolognaise_rapide_a_ma_facon_004-300x215.jpg 300w, http:\/\/recettes-gourmandes-de-joce.fr\/wp-content\/uploads\/2020\/05\/spaghetti_bolognaise_rapide_a_ma_facon_004.jpg 550w\" sizes=\"auto, (max-width: 223px) 100vw, 223px\" \/><\/span><\/p>\n<p style=\"text-align: center;\"><span style=\"font-family: georgia, palatino, serif;\"><span style=\"color: #339966;\"><em><span style=\"font-size: large;\">M\u00e9langer d\u00e9licatement. <\/span><\/em><em><span style=\"font-size: large;\">Cuire les spaghettis dans une faitout d&rsquo;eau bouillante sal\u00e9e puis <\/span><\/em><\/span><span style=\"color: #339966;\"><em><span style=\"font-size: large;\">les \u00e9goutter.<\/span><\/em><\/span><\/span><\/p>\n<p style=\"text-align: center;\"><span style=\"font-family: georgia, palatino, serif;\"><img loading=\"lazy\" decoding=\"async\" class=\"alignnone wp-image-22222\" src=\"http:\/\/recettes-gourmandes-de-joce.fr\/wp-content\/uploads\/2020\/05\/gateau-et-saumon-54-150x150.jpg\" alt=\"\" width=\"214\" height=\"160\" srcset=\"http:\/\/recettes-gourmandes-de-joce.fr\/wp-content\/uploads\/2020\/05\/gateau-et-saumon-54-300x225.jpg 300w, http:\/\/recettes-gourmandes-de-joce.fr\/wp-content\/uploads\/2020\/05\/gateau-et-saumon-54.jpg 550w\" sizes=\"auto, (max-width: 214px) 100vw, 214px\" \/> <img loading=\"lazy\" decoding=\"async\" class=\"alignnone wp-image-22235\" src=\"http:\/\/recettes-gourmandes-de-joce.fr\/wp-content\/uploads\/2020\/05\/gateau-et-saumon-87-150x150.jpg\" alt=\"\" width=\"214\" height=\"160\" srcset=\"http:\/\/recettes-gourmandes-de-joce.fr\/wp-content\/uploads\/2020\/05\/gateau-et-saumon-87-300x225.jpg 300w, http:\/\/recettes-gourmandes-de-joce.fr\/wp-content\/uploads\/2020\/05\/gateau-et-saumon-87.jpg 550w\" sizes=\"auto, (max-width: 214px) 100vw, 214px\" \/> <img loading=\"lazy\" decoding=\"async\" class=\"alignnone wp-image-22213\" src=\"http:\/\/recettes-gourmandes-de-joce.fr\/wp-content\/uploads\/2020\/05\/saumon_sauce_cremee_et_fenouil_braise_07-150x150.jpg\" alt=\"\" width=\"211\" height=\"160\" srcset=\"http:\/\/recettes-gourmandes-de-joce.fr\/wp-content\/uploads\/2020\/05\/saumon_sauce_cremee_et_fenouil_braise_07-300x227.jpg 300w, http:\/\/recettes-gourmandes-de-joce.fr\/wp-content\/uploads\/2020\/05\/saumon_sauce_cremee_et_fenouil_braise_07.jpg 550w\" sizes=\"auto, (max-width: 211px) 100vw, 211px\" \/><\/span><\/p>\n<p style=\"text-align: center;\"><span style=\"font-family: georgia, palatino, serif;\"><span style=\"color: #339966;\"><em><span style=\"font-size: large;\">Cuire les pav\u00e9s de saumon sal\u00e9s et poivr\u00e9s des deux cot\u00e9s <\/span><\/em><\/span><span style=\"color: #339966;\"><em><span style=\"font-size: large;\">dans une po\u00eale avec un peu de beurre. <\/span><\/em><\/span><span style=\"color: #339966;\"><em><span style=\"font-size: large;\">Dresser vos assiettes\u00a0 d\u00e9poser des spaghettis, les tagliatelles <\/span><\/em><\/span><span style=\"color: #339966;\"><em><span style=\"font-size: large;\">de l\u00e9gumes et finir pas le pav\u00e9 de saumon, saupoudrez de ciboulette <\/span><\/em><\/span><span style=\"color: #339966;\"><em><span style=\"font-size: large;\">cisel\u00e9e et servir imm\u00e9diatement.<\/span><\/em><\/span><\/span><\/p>\n<p style=\"text-align: center;\"><span style=\"color: #339966; font-family: georgia, palatino, serif;\"><em><span style=\"font-size: large;\">Bon app\u00e9tit!<\/span><\/em><\/span><\/p>\n<p style=\"text-align: center;\"><span style=\"font-family: georgia, palatino, serif;\"><img loading=\"lazy\" decoding=\"async\" class=\"alignnone wp-image-22216\" src=\"http:\/\/recettes-gourmandes-de-joce.fr\/wp-content\/uploads\/2020\/05\/gateau-et-saumon-2-150x150.jpg\" alt=\"\" width=\"222\" height=\"180\" srcset=\"http:\/\/recettes-gourmandes-de-joce.fr\/wp-content\/uploads\/2020\/05\/gateau-et-saumon-2-300x243.jpg 300w, http:\/\/recettes-gourmandes-de-joce.fr\/wp-content\/uploads\/2020\/05\/gateau-et-saumon-2.jpg 550w\" sizes=\"auto, (max-width: 222px) 100vw, 222px\" \/> <img loading=\"lazy\" decoding=\"async\" class=\"alignnone wp-image-22237\" src=\"http:\/\/recettes-gourmandes-de-joce.fr\/wp-content\/uploads\/2020\/05\/gateau-et-saumon-150x150.jpg\" alt=\"\" width=\"240\" height=\"180\" srcset=\"http:\/\/recettes-gourmandes-de-joce.fr\/wp-content\/uploads\/2020\/05\/gateau-et-saumon-300x225.jpg 300w, http:\/\/recettes-gourmandes-de-joce.fr\/wp-content\/uploads\/2020\/05\/gateau-et-saumon.jpg 550w\" sizes=\"auto, (max-width: 240px) 100vw, 240px\" \/> <img loading=\"lazy\" decoding=\"async\" class=\"alignnone wp-image-22236\" src=\"http:\/\/recettes-gourmandes-de-joce.fr\/wp-content\/uploads\/2020\/05\/gateau-et-saumon-93-150x150.jpg\" alt=\"\" width=\"252\" height=\"180\" srcset=\"http:\/\/recettes-gourmandes-de-joce.fr\/wp-content\/uploads\/2020\/05\/gateau-et-saumon-93-300x214.jpg 300w, http:\/\/recettes-gourmandes-de-joce.fr\/wp-content\/uploads\/2020\/05\/gateau-et-saumon-93.jpg 505w\" sizes=\"auto, (max-width: 252px) 100vw, 252px\" \/><\/span><\/p>\n<p style=\"text-align: center;\"><span style=\"font-family: georgia, palatino, serif;\"><img loading=\"lazy\" decoding=\"async\" class=\"alignnone wp-image-16654 size-full\" src=\"http:\/\/recettes-gourmandes-de-joce.fr\/wp-content\/uploads\/2020\/01\/logitech-gaming-software-14112014-121223.jpg\" alt=\"\" width=\"640\" height=\"144\" srcset=\"http:\/\/recettes-gourmandes-de-joce.fr\/wp-content\/uploads\/2020\/01\/logitech-gaming-software-14112014-121223.jpg 640w, http:\/\/recettes-gourmandes-de-joce.fr\/wp-content\/uploads\/2020\/01\/logitech-gaming-software-14112014-121223-300x68.jpg 300w\" sizes=\"auto, (max-width: 640px) 100vw, 640px\" \/><\/span><\/p>\n","protected":false},"excerpt":{"rendered":"<p>Une de mes recettes. Ingr\u00e9dients pour 4 personnes 4 pav\u00e9s de saumon 300 g de spaghetti 2 belles carottes 2 petites courgettes 1 belle \u00e9chalote 1 petit bouquet de ciboulette 1 c \u00e0 c d&rsquo;\u00e9pices pour poisson 2 c \u00e0 s de Boursin cuisine ail et fine herbes 15 cl de cr\u00e8me fra\u00eeche liquide sel &hellip; <\/p>\n<p><a class=\"more-link btn\" href=\"http:\/\/recettes-gourmandes-de-joce.fr\/index.php\/index\/poissons-coquillages\/filets-paves\/paves-de-saumon-aux-tagliatelles-de-carottes-et-de-courgettes\/\">Lire la suite<\/a><\/p>\n","protected":false},"author":2,"featured_media":85632,"parent":189,"menu_order":0,"comment_status":"open","ping_status":"closed","template":"","meta":{"footnotes":""},"class_list":["post-22212","page","type-page","status-publish","has-post-thumbnail","hentry","nodate","item-wrap"],"_links":{"self":[{"href":"http:\/\/recettes-gourmandes-de-joce.fr\/index.php\/wp-json\/wp\/v2\/pages\/22212","targetHints":{"allow":["GET"]}}],"collection":[{"href":"http:\/\/recettes-gourmandes-de-joce.fr\/index.php\/wp-json\/wp\/v2\/pages"}],"about":[{"href":"http:\/\/recettes-gourmandes-de-joce.fr\/index.php\/wp-json\/wp\/v2\/types\/page"}],"author":[{"embeddable":true,"href":"http:\/\/recettes-gourmandes-de-joce.fr\/index.php\/wp-json\/wp\/v2\/users\/2"}],"replies":[{"embeddable":true,"href":"http:\/\/recettes-gourmandes-de-joce.fr\/index.php\/wp-json\/wp\/v2\/comments?post=22212"}],"version-history":[{"count":3,"href":"http:\/\/recettes-gourmandes-de-joce.fr\/index.php\/wp-json\/wp\/v2\/pages\/22212\/revisions"}],"predecessor-version":[{"id":85633,"href":"http:\/\/recettes-gourmandes-de-joce.fr\/index.php\/wp-json\/wp\/v2\/pages\/22212\/revisions\/85633"}],"up":[{"embeddable":true,"href":"http:\/\/recettes-gourmandes-de-joce.fr\/index.php\/wp-json\/wp\/v2\/pages\/189"}],"wp:featuredmedia":[{"embeddable":true,"href":"http:\/\/recettes-gourmandes-de-joce.fr\/index.php\/wp-json\/wp\/v2\/media\/85632"}],"wp:attachment":[{"href":"http:\/\/recettes-gourmandes-de-joce.fr\/index.php\/wp-json\/wp\/v2\/media?parent=22212"}],"curies":[{"name":"wp","href":"https:\/\/api.w.org\/{rel}","templated":true}]}}