{"id":22109,"date":"2020-05-19T10:11:24","date_gmt":"2020-05-19T10:11:24","guid":{"rendered":"http:\/\/recettes-gourmandes-de-joce.fr\/?page_id=22109"},"modified":"2024-05-28T20:32:54","modified_gmt":"2024-05-28T20:32:54","slug":"boulettes-de-thon-aux-epices-et-au-poivron","status":"publish","type":"page","link":"http:\/\/recettes-gourmandes-de-joce.fr\/index.php\/index\/aperitifs-amuses-bouches\/amuses-bouches\/boulettes-de-thon-aux-epices-et-au-poivron\/","title":{"rendered":"Boulettes de thon aux \u00e9pices et au poivron."},"content":{"rendered":"<p style=\"text-align: center;\"><span style=\"font-family: georgia,serif;\"><em><span style=\"color: #ff0000; font-size: large;\"><span style=\"text-decoration: underline; color: #ff6600;\"><span style=\"font-size: x-large;\">Une de mes recettes<\/span><\/span><\/span><\/em><\/span><\/p>\n<p style=\"text-align: center;\"><img loading=\"lazy\" decoding=\"async\" class=\"alignnone wp-image-22108\" src=\"http:\/\/recettes-gourmandes-de-joce.fr\/wp-content\/uploads\/2020\/05\/PC240355-1-150x150.jpg\" alt=\"\" width=\"265\" height=\"180\" srcset=\"http:\/\/recettes-gourmandes-de-joce.fr\/wp-content\/uploads\/2020\/05\/PC240355-1-300x204.jpg 300w, http:\/\/recettes-gourmandes-de-joce.fr\/wp-content\/uploads\/2020\/05\/PC240355-1.jpg 498w\" sizes=\"auto, (max-width: 265px) 100vw, 265px\" \/> \u00a0<img loading=\"lazy\" decoding=\"async\" class=\"alignnone wp-image-22095\" src=\"http:\/\/recettes-gourmandes-de-joce.fr\/wp-content\/uploads\/2020\/05\/PC240359-1-150x150.jpg\" alt=\"\" width=\"268\" height=\"180\" srcset=\"http:\/\/recettes-gourmandes-de-joce.fr\/wp-content\/uploads\/2020\/05\/PC240359-1-300x202.jpg 300w, http:\/\/recettes-gourmandes-de-joce.fr\/wp-content\/uploads\/2020\/05\/PC240359-1.jpg 479w\" sizes=\"auto, (max-width: 268px) 100vw, 268px\" \/><\/p>\n<p><img loading=\"lazy\" decoding=\"async\" class=\"aligncenter wp-image-22094\" src=\"http:\/\/recettes-gourmandes-de-joce.fr\/wp-content\/uploads\/2020\/05\/PC240358-1-150x150.jpg\" alt=\"\" width=\"240\" height=\"180\" srcset=\"http:\/\/recettes-gourmandes-de-joce.fr\/wp-content\/uploads\/2020\/05\/PC240358-1-300x225.jpg 300w, http:\/\/recettes-gourmandes-de-joce.fr\/wp-content\/uploads\/2020\/05\/PC240358-1.jpg 550w\" sizes=\"auto, (max-width: 240px) 100vw, 240px\" \/><\/p>\n<p style=\"text-align: center;\"><span style=\"font-family: georgia,serif;\"><em><span style=\"color: #ff0000; font-size: large;\"><span style=\"text-decoration: underline; color: #ff6600;\"><span style=\"font-size: x-large;\">Ingr\u00e9dients pour 18 boulettes<\/span><\/span><\/span><\/em><\/span><\/p>\n<p style=\"text-align: center;\"><img loading=\"lazy\" decoding=\"async\" class=\"alignnone wp-image-22096\" src=\"http:\/\/recettes-gourmandes-de-joce.fr\/wp-content\/uploads\/2020\/05\/PC240322-1-150x150.jpg\" alt=\"\" width=\"240\" height=\"180\" srcset=\"http:\/\/recettes-gourmandes-de-joce.fr\/wp-content\/uploads\/2020\/05\/PC240322-1-300x225.jpg 300w, http:\/\/recettes-gourmandes-de-joce.fr\/wp-content\/uploads\/2020\/05\/PC240322-1.jpg 550w\" sizes=\"auto, (max-width: 240px) 100vw, 240px\" \/><\/p>\n<p style=\"text-align: center;\"><span style=\"font-family: georgia,serif;\"><span style=\"font-size: large;\"><em><span style=\"color: #ff0000;\"><span style=\"color: #ff6600;\">1 boite de thon \u00e0 l&rsquo;huile de 160 g<\/span><\/span><\/em><\/span><\/span><\/p>\n<p style=\"text-align: center;\"><span style=\"font-family: georgia,serif;\"><span style=\"font-size: large;\"><em><span style=\"color: #ff0000;\"><span style=\"color: #ff6600;\">1 boite de thon au naturel de 160 g<\/span><\/span><\/em><\/span><\/span><\/p>\n<p style=\"text-align: center;\"><span style=\"font-family: georgia,serif;\"><span style=\"font-size: large;\"><em><span style=\"color: #ff0000;\"><span style=\"color: #ff6600;\">4\u00a0 \u00e0 s de chapelure<\/span><\/span><\/em><\/span><\/span><\/p>\n<p style=\"text-align: center;\"><span style=\"font-family: georgia,serif;\"><span style=\"font-size: large;\"><em><span style=\"color: #ff0000;\"><span style=\"color: #ff6600;\">1\u00a0<\/span><\/span><\/em><\/span><\/span><span style=\"color: #ff6600; font-family: georgia, serif; font-size: large;\"><i>\u0153uf<\/i><\/span><\/p>\n<p style=\"text-align: center;\"><span style=\"font-family: georgia,serif;\"><span style=\"font-size: large;\"><em><span style=\"color: #ff0000;\"><span style=\"color: #ff6600;\">\u00bd c \u00e0 c de piment <\/span><\/span><\/em><\/span><\/span><span style=\"color: #ff6600; font-family: georgia, serif; font-size: large;\"><i>d\u2019Espelette<\/i><\/span><\/p>\n<p style=\"text-align: center;\"><span style=\"font-family: georgia,serif;\"><span style=\"font-size: large;\"><em><span style=\"color: #ff0000;\"><span style=\"color: #ff6600;\">\u00bc\u00a0de poivron jaune<\/span><\/span><\/em><\/span><\/span><\/p>\n<p style=\"text-align: center;\"><span style=\"font-family: georgia,serif;\"><span style=\"font-size: large;\"><em><span style=\"color: #ff0000;\"><span style=\"color: #ff6600;\">1 citron non trait\u00e9 de pr\u00e9f\u00e9rence<\/span><\/span><\/em><\/span><\/span><\/p>\n<p style=\"text-align: center;\"><span style=\"font-family: georgia,serif;\"><span style=\"font-size: large;\"><em><span style=\"color: #ff0000;\"><span style=\"color: #ff6600;\">1 c \u00e0 c de ciboulette cisel\u00e9e<\/span><\/span><\/em><\/span><\/span><\/p>\n<p style=\"text-align: center;\"><span style=\"font-family: georgia,serif;\"><span style=\"font-size: large;\"><em><span style=\"color: #ff0000;\"><span style=\"color: #ff6600;\">1 c \u00e0 c de thym<\/span><\/span><\/em><\/span><\/span><\/p>\n<p style=\"text-align: center;\"><span style=\"font-family: georgia,serif;\"><span style=\"font-size: large;\"><em><span style=\"color: #ff0000;\"><span style=\"color: #ff6600;\">Sel<\/span><\/span><\/em><\/span><\/span><\/p>\n<p style=\"text-align: center;\"><span style=\"font-family: georgia,serif;\"><span style=\"font-size: large;\"><em><span style=\"color: #ff0000;\"><span style=\"color: #ff6600;\">Huile d&rsquo;olive<\/span><\/span><\/em><\/span><\/span><\/p>\n<p style=\"text-align: center;\"><img loading=\"lazy\" decoding=\"async\" class=\"alignnone wp-image-22097\" src=\"http:\/\/recettes-gourmandes-de-joce.fr\/wp-content\/uploads\/2020\/05\/PC240325-1-150x150.jpg\" alt=\"\" width=\"214\" height=\"160\" srcset=\"http:\/\/recettes-gourmandes-de-joce.fr\/wp-content\/uploads\/2020\/05\/PC240325-1-300x225.jpg 300w, http:\/\/recettes-gourmandes-de-joce.fr\/wp-content\/uploads\/2020\/05\/PC240325-1.jpg 550w\" sizes=\"auto, (max-width: 214px) 100vw, 214px\" \/> <img loading=\"lazy\" decoding=\"async\" class=\"alignnone wp-image-22098\" src=\"http:\/\/recettes-gourmandes-de-joce.fr\/wp-content\/uploads\/2020\/05\/PC240328-1-150x150.jpg\" alt=\"\" width=\"244\" height=\"160\" srcset=\"http:\/\/recettes-gourmandes-de-joce.fr\/wp-content\/uploads\/2020\/05\/PC240328-1-300x197.jpg 300w, http:\/\/recettes-gourmandes-de-joce.fr\/wp-content\/uploads\/2020\/05\/PC240328-1.jpg 534w\" sizes=\"auto, (max-width: 244px) 100vw, 244px\" \/> <img loading=\"lazy\" decoding=\"async\" class=\"alignnone wp-image-22099\" src=\"http:\/\/recettes-gourmandes-de-joce.fr\/wp-content\/uploads\/2020\/05\/PC240330-1-150x150.jpg\" alt=\"\" width=\"214\" height=\"160\" srcset=\"http:\/\/recettes-gourmandes-de-joce.fr\/wp-content\/uploads\/2020\/05\/PC240330-1-300x225.jpg 300w, http:\/\/recettes-gourmandes-de-joce.fr\/wp-content\/uploads\/2020\/05\/PC240330-1.jpg 550w\" sizes=\"auto, (max-width: 214px) 100vw, 214px\" \/><\/p>\n<p style=\"text-align: center;\"><span style=\"font-family: georgia,serif;\"><em><span style=\"color: #ff6600; font-size: large;\">Laver et r\u00e2per le citron pour en obtenir le zeste (attention de ne pas r\u00e2per la peau blanche qui est amer), \u00e9goutter les boites de thon. <\/span><\/em><\/span><span style=\"color: #ff6600; font-family: georgia, serif; font-size: large;\"><i>\u00c9mietter<\/i><\/span><span style=\"font-family: georgia, palatino, serif; font-size: 14pt;\"><em><span style=\"color: #ff0000;\"><span style=\"color: #ff6600;\"> le thon \u00e0 l&rsquo;aide d&rsquo;une fourchette.<\/span><\/span><\/em><\/span><\/p>\n<p style=\"text-align: center;\"><img loading=\"lazy\" decoding=\"async\" class=\"alignnone wp-image-22100\" src=\"http:\/\/recettes-gourmandes-de-joce.fr\/wp-content\/uploads\/2020\/05\/PC240332-1-150x150.jpg\" alt=\"\" width=\"214\" height=\"160\" srcset=\"http:\/\/recettes-gourmandes-de-joce.fr\/wp-content\/uploads\/2020\/05\/PC240332-1-300x225.jpg 300w, http:\/\/recettes-gourmandes-de-joce.fr\/wp-content\/uploads\/2020\/05\/PC240332-1.jpg 550w\" sizes=\"auto, (max-width: 214px) 100vw, 214px\" \/> <img loading=\"lazy\" decoding=\"async\" class=\"alignnone wp-image-22101\" src=\"http:\/\/recettes-gourmandes-de-joce.fr\/wp-content\/uploads\/2020\/05\/PC240334-1-150x150.jpg\" alt=\"\" width=\"214\" height=\"160\" srcset=\"http:\/\/recettes-gourmandes-de-joce.fr\/wp-content\/uploads\/2020\/05\/PC240334-1-300x225.jpg 300w, http:\/\/recettes-gourmandes-de-joce.fr\/wp-content\/uploads\/2020\/05\/PC240334-1.jpg 550w\" sizes=\"auto, (max-width: 214px) 100vw, 214px\" \/> <img loading=\"lazy\" decoding=\"async\" class=\"alignnone wp-image-22102\" src=\"http:\/\/recettes-gourmandes-de-joce.fr\/wp-content\/uploads\/2020\/05\/PC240336-1-150x150.jpg\" alt=\"\" width=\"214\" height=\"160\" srcset=\"http:\/\/recettes-gourmandes-de-joce.fr\/wp-content\/uploads\/2020\/05\/PC240336-1-300x225.jpg 300w, http:\/\/recettes-gourmandes-de-joce.fr\/wp-content\/uploads\/2020\/05\/PC240336-1.jpg 550w\" sizes=\"auto, (max-width: 214px) 100vw, 214px\" \/><\/p>\n<p style=\"text-align: center;\"><span style=\"font-size: 14pt; font-family: georgia, palatino, serif;\"><em><span style=\"color: #ff0000;\"><span style=\"color: #ff6600;\">Ajouter au thon, le poivron coup\u00e9 en tr\u00e8s petits d\u00e9s, le thym effeuill\u00e9, la ciboulette cisel\u00e9e, m\u00e9langer et ajouter le zeste du citron et le piment d&rsquo;Espelette, m\u00e9langer \u00e0 nouveau. <\/span><\/span><\/em><\/span><em><span style=\"font-family: georgia, serif; font-size: large; color: #ff6600;\">Ajouter la chapelure et m\u00e9langer.<\/span><\/em><\/p>\n<p style=\"text-align: center;\"><img loading=\"lazy\" decoding=\"async\" class=\"alignnone wp-image-22103\" src=\"http:\/\/recettes-gourmandes-de-joce.fr\/wp-content\/uploads\/2020\/05\/PC240337-1-150x150.jpg\" alt=\"\" width=\"214\" height=\"160\" srcset=\"http:\/\/recettes-gourmandes-de-joce.fr\/wp-content\/uploads\/2020\/05\/PC240337-1-300x225.jpg 300w, http:\/\/recettes-gourmandes-de-joce.fr\/wp-content\/uploads\/2020\/05\/PC240337-1.jpg 550w\" sizes=\"auto, (max-width: 214px) 100vw, 214px\" \/>\u00a0<img loading=\"lazy\" decoding=\"async\" class=\"alignnone wp-image-22105\" src=\"http:\/\/recettes-gourmandes-de-joce.fr\/wp-content\/uploads\/2020\/05\/PC240341-1-150x150.jpg\" alt=\"\" width=\"214\" height=\"160\" srcset=\"http:\/\/recettes-gourmandes-de-joce.fr\/wp-content\/uploads\/2020\/05\/PC240341-1-300x225.jpg 300w, http:\/\/recettes-gourmandes-de-joce.fr\/wp-content\/uploads\/2020\/05\/PC240341-1.jpg 550w\" sizes=\"auto, (max-width: 214px) 100vw, 214px\" \/> <img loading=\"lazy\" decoding=\"async\" class=\"alignnone wp-image-22104\" src=\"http:\/\/recettes-gourmandes-de-joce.fr\/wp-content\/uploads\/2020\/05\/PC240340-1-150x150.jpg\" alt=\"\" width=\"214\" height=\"160\" srcset=\"http:\/\/recettes-gourmandes-de-joce.fr\/wp-content\/uploads\/2020\/05\/PC240340-1-300x225.jpg 300w, http:\/\/recettes-gourmandes-de-joce.fr\/wp-content\/uploads\/2020\/05\/PC240340-1.jpg 550w\" sizes=\"auto, (max-width: 214px) 100vw, 214px\" \/><\/p>\n<p style=\"text-align: center;\"><span style=\"font-family: georgia,serif;\"><span style=\"font-size: large;\"><em><span style=\"color: #ff0000;\"><span style=\"color: #ff6600;\"><span style=\"font-family: georgia, serif; font-size: large; color: #ff6600;\">\u00a0Ajouter <\/span><span style=\"color: #ff6600; font-family: georgia, serif; font-size: large;\">l\u2019\u0153uf<\/span><span style=\"font-family: georgia, serif; font-size: large; color: #ff6600;\">, le sel et m\u00e9langer. <\/span><\/span><\/span><\/em><\/span><span style=\"font-family: georgia, palatino, serif;\"><em><span style=\"color: #ff6600; font-size: large;\">Rendre le m\u00e9lange bien homog\u00e8ne \u00e0 l&rsquo;aide d&rsquo;une cuill\u00e8re.<\/span><\/em><\/span><br \/>\n<img loading=\"lazy\" decoding=\"async\" class=\"alignnone wp-image-22106\" src=\"http:\/\/recettes-gourmandes-de-joce.fr\/wp-content\/uploads\/2020\/05\/PC240347-1-150x150.jpg\" alt=\"\" width=\"178\" height=\"160\" srcset=\"http:\/\/recettes-gourmandes-de-joce.fr\/wp-content\/uploads\/2020\/05\/PC240347-1-300x270.jpg 300w, http:\/\/recettes-gourmandes-de-joce.fr\/wp-content\/uploads\/2020\/05\/PC240347-1.jpg 550w\" sizes=\"auto, (max-width: 178px) 100vw, 178px\" \/> <img loading=\"lazy\" decoding=\"async\" class=\"alignnone wp-image-22107\" src=\"http:\/\/recettes-gourmandes-de-joce.fr\/wp-content\/uploads\/2020\/05\/PC240350-1-150x150.jpg\" alt=\"\" width=\"214\" height=\"160\" srcset=\"http:\/\/recettes-gourmandes-de-joce.fr\/wp-content\/uploads\/2020\/05\/PC240350-1-300x225.jpg 300w, http:\/\/recettes-gourmandes-de-joce.fr\/wp-content\/uploads\/2020\/05\/PC240350-1.jpg 550w\" sizes=\"auto, (max-width: 214px) 100vw, 214px\" \/><br \/>\n<\/span><\/p>\n<p style=\"text-align: center;\"><span style=\"font-family: georgia,serif;\"><em><span style=\"color: #ff6600; font-size: large;\">Fa\u00e7onner ensuite des boulettes de la taille d&rsquo;une grosse noix. <\/span><\/em><\/span><span style=\"font-family: georgia,serif;\"><em><span style=\"color: #ff6600; font-size: large;\">Faire chauffer de l&rsquo;huile dans une po\u00eale, y faire dorer les boulettes sur toutes les faces (attention elles colorent vite). Les d\u00e9poser sur du papier absorbant pour absorber le trop d&rsquo;huile, les servir froides avec une mayonnaise ou ti\u00e8des \u00e0 l&rsquo;ap\u00e9ritif.<\/span><\/em><\/span><\/p>\n<p style=\"text-align: center;\"><span style=\"font-family: georgia,serif;\"><em><span style=\"color: #ff6600; font-size: large;\"><span style=\"font-family: georgia, serif; color: #ff6600; font-size: large;\">Bon <\/span><span style=\"color: #ff6600; font-family: georgia, serif; font-size: large;\">ap\u00e9ritif<\/span><span style=\"font-family: georgia, serif; color: #ff6600; font-size: large;\">!<\/span><\/span><\/em><\/span><\/p>\n<p><img loading=\"lazy\" decoding=\"async\" class=\"aligncenter wp-image-22094\" src=\"http:\/\/recettes-gourmandes-de-joce.fr\/wp-content\/uploads\/2020\/05\/PC240358-1-150x150.jpg\" alt=\"\" width=\"240\" height=\"180\" srcset=\"http:\/\/recettes-gourmandes-de-joce.fr\/wp-content\/uploads\/2020\/05\/PC240358-1-300x225.jpg 300w, http:\/\/recettes-gourmandes-de-joce.fr\/wp-content\/uploads\/2020\/05\/PC240358-1.jpg 550w\" sizes=\"auto, (max-width: 240px) 100vw, 240px\" \/><\/p>\n<p style=\"text-align: center;\"><img loading=\"lazy\" decoding=\"async\" class=\"alignnone wp-image-22095\" src=\"http:\/\/recettes-gourmandes-de-joce.fr\/wp-content\/uploads\/2020\/05\/PC240359-1-150x150.jpg\" alt=\"\" width=\"268\" height=\"180\" srcset=\"http:\/\/recettes-gourmandes-de-joce.fr\/wp-content\/uploads\/2020\/05\/PC240359-1-300x202.jpg 300w, http:\/\/recettes-gourmandes-de-joce.fr\/wp-content\/uploads\/2020\/05\/PC240359-1.jpg 479w\" sizes=\"auto, (max-width: 268px) 100vw, 268px\" \/> \u00a0<img loading=\"lazy\" decoding=\"async\" class=\"alignnone wp-image-22108\" src=\"http:\/\/recettes-gourmandes-de-joce.fr\/wp-content\/uploads\/2020\/05\/PC240355-1-150x150.jpg\" alt=\"\" width=\"265\" height=\"180\" srcset=\"http:\/\/recettes-gourmandes-de-joce.fr\/wp-content\/uploads\/2020\/05\/PC240355-1-300x204.jpg 300w, http:\/\/recettes-gourmandes-de-joce.fr\/wp-content\/uploads\/2020\/05\/PC240355-1.jpg 498w\" sizes=\"auto, (max-width: 265px) 100vw, 265px\" \/><\/p>\n<p style=\"text-align: center;\"><img loading=\"lazy\" decoding=\"async\" class=\"alignnone wp-image-16654 size-full\" src=\"http:\/\/recettes-gourmandes-de-joce.fr\/wp-content\/uploads\/2020\/01\/logitech-gaming-software-14112014-121223.jpg\" alt=\"\" width=\"640\" height=\"144\" srcset=\"http:\/\/recettes-gourmandes-de-joce.fr\/wp-content\/uploads\/2020\/01\/logitech-gaming-software-14112014-121223.jpg 640w, http:\/\/recettes-gourmandes-de-joce.fr\/wp-content\/uploads\/2020\/01\/logitech-gaming-software-14112014-121223-300x68.jpg 300w\" sizes=\"auto, (max-width: 640px) 100vw, 640px\" \/><\/p>\n<p style=\"text-align: center;\">\n","protected":false},"excerpt":{"rendered":"<p>Une de mes recettes \u00a0 Ingr\u00e9dients pour 18 boulettes 1 boite de thon \u00e0 l&rsquo;huile de 160 g 1 boite de thon au naturel de 160 g 4\u00a0 \u00e0 s de chapelure 1\u00a0\u0153uf \u00bd c \u00e0 c de piment d\u2019Espelette \u00bc\u00a0de poivron jaune 1 citron non trait\u00e9 de pr\u00e9f\u00e9rence 1 c \u00e0 c de ciboulette &hellip; <\/p>\n<p><a class=\"more-link btn\" href=\"http:\/\/recettes-gourmandes-de-joce.fr\/index.php\/index\/aperitifs-amuses-bouches\/amuses-bouches\/boulettes-de-thon-aux-epices-et-au-poivron\/\">Lire la suite<\/a><\/p>\n","protected":false},"author":2,"featured_media":83244,"parent":195,"menu_order":0,"comment_status":"open","ping_status":"closed","template":"","meta":{"footnotes":""},"class_list":["post-22109","page","type-page","status-publish","has-post-thumbnail","hentry","nodate","item-wrap"],"_links":{"self":[{"href":"http:\/\/recettes-gourmandes-de-joce.fr\/index.php\/wp-json\/wp\/v2\/pages\/22109","targetHints":{"allow":["GET"]}}],"collection":[{"href":"http:\/\/recettes-gourmandes-de-joce.fr\/index.php\/wp-json\/wp\/v2\/pages"}],"about":[{"href":"http:\/\/recettes-gourmandes-de-joce.fr\/index.php\/wp-json\/wp\/v2\/types\/page"}],"author":[{"embeddable":true,"href":"http:\/\/recettes-gourmandes-de-joce.fr\/index.php\/wp-json\/wp\/v2\/users\/2"}],"replies":[{"embeddable":true,"href":"http:\/\/recettes-gourmandes-de-joce.fr\/index.php\/wp-json\/wp\/v2\/comments?post=22109"}],"version-history":[{"count":2,"href":"http:\/\/recettes-gourmandes-de-joce.fr\/index.php\/wp-json\/wp\/v2\/pages\/22109\/revisions"}],"predecessor-version":[{"id":83243,"href":"http:\/\/recettes-gourmandes-de-joce.fr\/index.php\/wp-json\/wp\/v2\/pages\/22109\/revisions\/83243"}],"up":[{"embeddable":true,"href":"http:\/\/recettes-gourmandes-de-joce.fr\/index.php\/wp-json\/wp\/v2\/pages\/195"}],"wp:featuredmedia":[{"embeddable":true,"href":"http:\/\/recettes-gourmandes-de-joce.fr\/index.php\/wp-json\/wp\/v2\/media\/83244"}],"wp:attachment":[{"href":"http:\/\/recettes-gourmandes-de-joce.fr\/index.php\/wp-json\/wp\/v2\/media?parent=22109"}],"curies":[{"name":"wp","href":"https:\/\/api.w.org\/{rel}","templated":true}]}}