{"id":22032,"date":"2020-05-14T10:54:33","date_gmt":"2020-05-14T10:54:33","guid":{"rendered":"http:\/\/recettes-gourmandes-de-joce.fr\/?page_id=22032"},"modified":"2024-08-16T12:51:23","modified_gmt":"2024-08-16T12:51:23","slug":"riz-epice-aux-merguez-moules-et-crevettes","status":"publish","type":"page","link":"http:\/\/recettes-gourmandes-de-joce.fr\/index.php\/index\/legumes\/riz-semoule\/riz-epice-aux-merguez-moules-et-crevettes\/","title":{"rendered":"Riz \u00e9pic\u00e9 aux merguez, moules et crevettes."},"content":{"rendered":"<p style=\"text-align: center;\"><span style=\"text-decoration: underline; font-size: 18pt;\"><em><span style=\"color: #ff7300; font-family: georgia, palatino, serif; text-decoration: underline;\">Une de mes recettes<\/span><\/em><\/span><\/p>\n<p style=\"text-align: center;\"><img loading=\"lazy\" decoding=\"async\" class=\"alignnone wp-image-22016\" src=\"http:\/\/recettes-gourmandes-de-joce.fr\/wp-content\/uploads\/2020\/05\/20200513_203900-150x150.jpg\" alt=\"\" width=\"240\" height=\"180\" srcset=\"http:\/\/recettes-gourmandes-de-joce.fr\/wp-content\/uploads\/2020\/05\/20200513_203900-300x225.jpg 300w, http:\/\/recettes-gourmandes-de-joce.fr\/wp-content\/uploads\/2020\/05\/20200513_203900-768x576.jpg 768w, http:\/\/recettes-gourmandes-de-joce.fr\/wp-content\/uploads\/2020\/05\/20200513_203900.jpg 800w\" sizes=\"auto, (max-width: 240px) 100vw, 240px\" \/> <img loading=\"lazy\" decoding=\"async\" class=\"alignnone wp-image-22014\" src=\"http:\/\/recettes-gourmandes-de-joce.fr\/wp-content\/uploads\/2020\/05\/20200513_203846-150x150.jpg\" alt=\"\" width=\"261\" height=\"180\" srcset=\"http:\/\/recettes-gourmandes-de-joce.fr\/wp-content\/uploads\/2020\/05\/20200513_203846-300x207.jpg 300w, http:\/\/recettes-gourmandes-de-joce.fr\/wp-content\/uploads\/2020\/05\/20200513_203846-768x530.jpg 768w, http:\/\/recettes-gourmandes-de-joce.fr\/wp-content\/uploads\/2020\/05\/20200513_203846.jpg 800w\" sizes=\"auto, (max-width: 261px) 100vw, 261px\" \/><em><span style=\"color: #ff7300; font-family: georgia, palatino, serif; font-size: 14pt;\">\u00a0<img loading=\"lazy\" decoding=\"async\" class=\"alignnone wp-image-22015\" src=\"http:\/\/recettes-gourmandes-de-joce.fr\/wp-content\/uploads\/2020\/05\/20200513_203855-150x150.jpg\" alt=\"\" width=\"240\" height=\"180\" srcset=\"http:\/\/recettes-gourmandes-de-joce.fr\/wp-content\/uploads\/2020\/05\/20200513_203855-300x225.jpg 300w, http:\/\/recettes-gourmandes-de-joce.fr\/wp-content\/uploads\/2020\/05\/20200513_203855-768x576.jpg 768w, http:\/\/recettes-gourmandes-de-joce.fr\/wp-content\/uploads\/2020\/05\/20200513_203855.jpg 800w\" sizes=\"auto, (max-width: 240px) 100vw, 240px\" \/><\/span><\/em><\/p>\n<p style=\"text-align: center;\"><span style=\"font-size: 18pt;\"><em><span style=\"font-family: georgia, palatino, serif; color: #ff7300;\"><span style=\"text-decoration: underline;\">Ingr\u00e9dients pour 3 personnes<\/span><\/span><\/em><\/span><\/p>\n<p style=\"text-align: center;\"><em><span style=\"color: #ff7300; font-family: georgia, palatino, serif; font-size: 14pt;\"><img loading=\"lazy\" decoding=\"async\" class=\"alignnone wp-image-22018\" src=\"http:\/\/recettes-gourmandes-de-joce.fr\/wp-content\/uploads\/2020\/05\/20200513_192749-150x150.jpg\" alt=\"\" width=\"221\" height=\"160\" srcset=\"http:\/\/recettes-gourmandes-de-joce.fr\/wp-content\/uploads\/2020\/05\/20200513_192749-300x218.jpg 300w, http:\/\/recettes-gourmandes-de-joce.fr\/wp-content\/uploads\/2020\/05\/20200513_192749-768x557.jpg 768w, http:\/\/recettes-gourmandes-de-joce.fr\/wp-content\/uploads\/2020\/05\/20200513_192749.jpg 800w\" sizes=\"auto, (max-width: 221px) 100vw, 221px\" \/><\/span><\/em><\/p>\n<p style=\"text-align: center;\"><em><span style=\"color: #ff7300; font-family: georgia, palatino, serif; font-size: 14pt;\">150 g de riz long <\/span><\/em><\/p>\n<p style=\"text-align: center;\"><em><span style=\"color: #ff7300; font-family: georgia, palatino, serif; font-size: 14pt;\">6 merguez<\/span><\/em><\/p>\n<p style=\"text-align: center;\"><em><span style=\"color: #ff7300; font-family: georgia, palatino, serif; font-size: 14pt;\">12 crevettes<\/span><\/em><\/p>\n<p style=\"text-align: center;\"><em><span style=\"color: #ff7300; font-family: georgia, palatino, serif; font-size: 14pt;\"> 100 g de moules d\u00e9coquill\u00e9es cuites<\/span><\/em><\/p>\n<p style=\"text-align: center;\"><em><span style=\"color: #ff7300; font-family: georgia, palatino, serif; font-size: 14pt;\"> \u00bd poivron vert<\/span><\/em><\/p>\n<p style=\"text-align: center;\"><em><span style=\"color: #ff7300; font-family: georgia, palatino, serif; font-size: 14pt;\"> 2 tomates<\/span><\/em><\/p>\n<p style=\"text-align: center;\"><em><span style=\"color: #ff7300; font-family: georgia, palatino, serif; font-size: 14pt;\"> 1 oignon<\/span><\/em><\/p>\n<p style=\"text-align: center;\"><em><span style=\"color: #ff7300; font-family: georgia, palatino, serif; font-size: 14pt;\">\u00a0 \u00bd boite de 200 g de petits pois<\/span><\/em><\/p>\n<p style=\"text-align: center;\"><em><span style=\"color: #ff7300; font-family: georgia, palatino, serif; font-size: 14pt;\"> 1 c \u00e0 c d&rsquo;\u00e9pices \u00e0 paella d\u00e9tails sur ce lien -&gt; \u00c9pic\u00e9too<\/span><\/em><\/p>\n<p style=\"text-align: center;\"><em><span style=\"color: #ff7300; font-family: georgia, palatino, serif; font-size: 14pt;\"> 1 c \u00e0 c de curcuma<\/span><\/em><\/p>\n<p style=\"text-align: center;\"><em><span style=\"color: #ff7300; font-family: georgia, palatino, serif; font-size: 14pt;\"> 2 feuilles de sauge<\/span><\/em><\/p>\n<p style=\"text-align: center;\"><em><span style=\"color: #ff7300; font-family: georgia, palatino, serif; font-size: 14pt;\"> Huile d&rsquo;olive<\/span><\/em><\/p>\n<p style=\"text-align: center;\"><em><span style=\"color: #ff7300; font-family: georgia, palatino, serif; font-size: 14pt;\"> Sel et poivre<\/span><\/em><\/p>\n<p style=\"text-align: center;\"><em><span style=\"color: #ff7300; font-family: georgia, palatino, serif; font-size: 14pt;\"><img loading=\"lazy\" decoding=\"async\" class=\"alignnone wp-image-22019\" src=\"http:\/\/recettes-gourmandes-de-joce.fr\/wp-content\/uploads\/2020\/05\/20200513_194055-150x150.jpg\" alt=\"\" width=\"229\" height=\"160\" srcset=\"http:\/\/recettes-gourmandes-de-joce.fr\/wp-content\/uploads\/2020\/05\/20200513_194055-300x210.jpg 300w, http:\/\/recettes-gourmandes-de-joce.fr\/wp-content\/uploads\/2020\/05\/20200513_194055-768x538.jpg 768w, http:\/\/recettes-gourmandes-de-joce.fr\/wp-content\/uploads\/2020\/05\/20200513_194055.jpg 800w\" sizes=\"auto, (max-width: 229px) 100vw, 229px\" \/> <img loading=\"lazy\" decoding=\"async\" class=\"alignnone wp-image-22020\" src=\"http:\/\/recettes-gourmandes-de-joce.fr\/wp-content\/uploads\/2020\/05\/20200513_194236-150x150.jpg\" alt=\"\" width=\"213\" height=\"160\" srcset=\"http:\/\/recettes-gourmandes-de-joce.fr\/wp-content\/uploads\/2020\/05\/20200513_194236-300x225.jpg 300w, http:\/\/recettes-gourmandes-de-joce.fr\/wp-content\/uploads\/2020\/05\/20200513_194236-768x576.jpg 768w, http:\/\/recettes-gourmandes-de-joce.fr\/wp-content\/uploads\/2020\/05\/20200513_194236.jpg 800w\" sizes=\"auto, (max-width: 213px) 100vw, 213px\" \/> <img loading=\"lazy\" decoding=\"async\" class=\"alignnone wp-image-22021\" src=\"http:\/\/recettes-gourmandes-de-joce.fr\/wp-content\/uploads\/2020\/05\/20200513_194524-150x150.jpg\" alt=\"\" width=\"213\" height=\"160\" srcset=\"http:\/\/recettes-gourmandes-de-joce.fr\/wp-content\/uploads\/2020\/05\/20200513_194524-300x225.jpg 300w, http:\/\/recettes-gourmandes-de-joce.fr\/wp-content\/uploads\/2020\/05\/20200513_194524-768x576.jpg 768w, http:\/\/recettes-gourmandes-de-joce.fr\/wp-content\/uploads\/2020\/05\/20200513_194524.jpg 800w\" sizes=\"auto, (max-width: 213px) 100vw, 213px\" \/><\/span><\/em><\/p>\n<p style=\"text-align: center;\"><em><span style=\"color: #ff7300; font-family: georgia, palatino, serif; font-size: 14pt;\">Couper les merguez en morceaux, d\u00e9cortiquer les crevettes et\u00a0<\/span><\/em><em><span style=\"color: #ff7300; font-family: georgia, palatino, serif; font-size: 14pt;\">les <\/span><\/em><em><span style=\"color: #ff7300; font-family: georgia, palatino, serif; font-size: 14pt;\">couper en deux. Peler et hacher l&rsquo;oignon, laver et couper le poivron et les tomates en petits morceaux. Dans une sauteuse, mettre un filet d&rsquo;huile d&rsquo;olive et y faire suer les oignons et les poivrons, saler l\u00e9g\u00e8rement.<\/span><\/em><\/p>\n<p style=\"text-align: center;\"><em><span style=\"color: #ff7300; font-family: georgia, palatino, serif; font-size: 14pt;\"><img loading=\"lazy\" decoding=\"async\" class=\"alignnone wp-image-22022\" src=\"http:\/\/recettes-gourmandes-de-joce.fr\/wp-content\/uploads\/2020\/05\/20200513_194652-150x150.jpg\" alt=\"\" width=\"213\" height=\"160\" srcset=\"http:\/\/recettes-gourmandes-de-joce.fr\/wp-content\/uploads\/2020\/05\/20200513_194652-300x225.jpg 300w, http:\/\/recettes-gourmandes-de-joce.fr\/wp-content\/uploads\/2020\/05\/20200513_194652-768x576.jpg 768w, http:\/\/recettes-gourmandes-de-joce.fr\/wp-content\/uploads\/2020\/05\/20200513_194652.jpg 800w\" sizes=\"auto, (max-width: 213px) 100vw, 213px\" \/> <img loading=\"lazy\" decoding=\"async\" class=\"alignnone wp-image-22023\" src=\"http:\/\/recettes-gourmandes-de-joce.fr\/wp-content\/uploads\/2020\/05\/20200513_194721-150x150.jpg\" alt=\"\" width=\"213\" height=\"160\" srcset=\"http:\/\/recettes-gourmandes-de-joce.fr\/wp-content\/uploads\/2020\/05\/20200513_194721-300x225.jpg 300w, http:\/\/recettes-gourmandes-de-joce.fr\/wp-content\/uploads\/2020\/05\/20200513_194721-768x576.jpg 768w, http:\/\/recettes-gourmandes-de-joce.fr\/wp-content\/uploads\/2020\/05\/20200513_194721.jpg 800w\" sizes=\"auto, (max-width: 213px) 100vw, 213px\" \/> <img loading=\"lazy\" decoding=\"async\" class=\"alignnone wp-image-22024\" src=\"http:\/\/recettes-gourmandes-de-joce.fr\/wp-content\/uploads\/2020\/05\/20200513_194811-150x150.jpg\" alt=\"\" width=\"213\" height=\"160\" srcset=\"http:\/\/recettes-gourmandes-de-joce.fr\/wp-content\/uploads\/2020\/05\/20200513_194811-300x225.jpg 300w, http:\/\/recettes-gourmandes-de-joce.fr\/wp-content\/uploads\/2020\/05\/20200513_194811-768x576.jpg 768w, http:\/\/recettes-gourmandes-de-joce.fr\/wp-content\/uploads\/2020\/05\/20200513_194811.jpg 800w\" sizes=\"auto, (max-width: 213px) 100vw, 213px\" \/><\/span><\/em><\/p>\n<p style=\"text-align: center;\"><em><span style=\"color: #ff7300; font-family: georgia, palatino, serif; font-size: 14pt;\">Ajouter ensuite les merguez et les faire suer \u00e9galement quelques instants, ajouter les tomates et m\u00e9langer.<\/span><\/em><\/p>\n<p style=\"text-align: center;\"><em><span style=\"color: #ff7300; font-family: georgia, palatino, serif; font-size: 14pt;\"><img loading=\"lazy\" decoding=\"async\" class=\"alignnone wp-image-22025\" src=\"http:\/\/recettes-gourmandes-de-joce.fr\/wp-content\/uploads\/2020\/05\/20200513_194838-150x150.jpg\" alt=\"\" width=\"213\" height=\"160\" srcset=\"http:\/\/recettes-gourmandes-de-joce.fr\/wp-content\/uploads\/2020\/05\/20200513_194838-300x225.jpg 300w, http:\/\/recettes-gourmandes-de-joce.fr\/wp-content\/uploads\/2020\/05\/20200513_194838-768x576.jpg 768w, http:\/\/recettes-gourmandes-de-joce.fr\/wp-content\/uploads\/2020\/05\/20200513_194838.jpg 800w\" sizes=\"auto, (max-width: 213px) 100vw, 213px\" \/> <img loading=\"lazy\" decoding=\"async\" class=\"alignnone wp-image-22026\" src=\"http:\/\/recettes-gourmandes-de-joce.fr\/wp-content\/uploads\/2020\/05\/20200513_194930-150x150.jpg\" alt=\"\" width=\"213\" height=\"160\" srcset=\"http:\/\/recettes-gourmandes-de-joce.fr\/wp-content\/uploads\/2020\/05\/20200513_194930-300x225.jpg 300w, http:\/\/recettes-gourmandes-de-joce.fr\/wp-content\/uploads\/2020\/05\/20200513_194930-768x576.jpg 768w, http:\/\/recettes-gourmandes-de-joce.fr\/wp-content\/uploads\/2020\/05\/20200513_194930.jpg 800w\" sizes=\"auto, (max-width: 213px) 100vw, 213px\" \/> <img loading=\"lazy\" decoding=\"async\" class=\"alignnone wp-image-22027\" src=\"http:\/\/recettes-gourmandes-de-joce.fr\/wp-content\/uploads\/2020\/05\/20200513_194958-150x150.jpg\" alt=\"\" width=\"213\" height=\"160\" srcset=\"http:\/\/recettes-gourmandes-de-joce.fr\/wp-content\/uploads\/2020\/05\/20200513_194958-300x225.jpg 300w, http:\/\/recettes-gourmandes-de-joce.fr\/wp-content\/uploads\/2020\/05\/20200513_194958-768x576.jpg 768w, http:\/\/recettes-gourmandes-de-joce.fr\/wp-content\/uploads\/2020\/05\/20200513_194958.jpg 800w\" sizes=\"auto, (max-width: 213px) 100vw, 213px\" \/><\/span><\/em><\/p>\n<p style=\"text-align: center;\"><em><span style=\"color: #ff7300; font-family: georgia, palatino, serif; font-size: 14pt;\">Ajouter le riz, bien m\u00e9langer, puis ajouter environ 300 ml d&rsquo;eau. Saler et poivrer, ajouter les petits pois et m\u00e9langer. Cuire environ 10\/12 minutes selon les indication du paquet de riz.<\/span><\/em><\/p>\n<p style=\"text-align: center;\"><em><span style=\"color: #ff7300; font-family: georgia, palatino, serif; font-size: 14pt;\"><img loading=\"lazy\" decoding=\"async\" class=\"alignnone wp-image-22028\" src=\"http:\/\/recettes-gourmandes-de-joce.fr\/wp-content\/uploads\/2020\/05\/20200513_200430-150x150.jpg\" alt=\"\" width=\"213\" height=\"160\" srcset=\"http:\/\/recettes-gourmandes-de-joce.fr\/wp-content\/uploads\/2020\/05\/20200513_200430-300x225.jpg 300w, http:\/\/recettes-gourmandes-de-joce.fr\/wp-content\/uploads\/2020\/05\/20200513_200430-768x576.jpg 768w, http:\/\/recettes-gourmandes-de-joce.fr\/wp-content\/uploads\/2020\/05\/20200513_200430.jpg 800w\" sizes=\"auto, (max-width: 213px) 100vw, 213px\" \/> <img loading=\"lazy\" decoding=\"async\" class=\"alignnone wp-image-22029\" src=\"http:\/\/recettes-gourmandes-de-joce.fr\/wp-content\/uploads\/2020\/05\/20200513_200832-150x150.jpg\" alt=\"\" width=\"213\" height=\"160\" srcset=\"http:\/\/recettes-gourmandes-de-joce.fr\/wp-content\/uploads\/2020\/05\/20200513_200832-300x225.jpg 300w, http:\/\/recettes-gourmandes-de-joce.fr\/wp-content\/uploads\/2020\/05\/20200513_200832-768x576.jpg 768w, http:\/\/recettes-gourmandes-de-joce.fr\/wp-content\/uploads\/2020\/05\/20200513_200832.jpg 800w\" sizes=\"auto, (max-width: 213px) 100vw, 213px\" \/> <img loading=\"lazy\" decoding=\"async\" class=\"alignnone wp-image-22030\" src=\"http:\/\/recettes-gourmandes-de-joce.fr\/wp-content\/uploads\/2020\/05\/20200513_200926-150x150.jpg\" alt=\"\" width=\"213\" height=\"160\" srcset=\"http:\/\/recettes-gourmandes-de-joce.fr\/wp-content\/uploads\/2020\/05\/20200513_200926-300x225.jpg 300w, http:\/\/recettes-gourmandes-de-joce.fr\/wp-content\/uploads\/2020\/05\/20200513_200926-768x576.jpg 768w, http:\/\/recettes-gourmandes-de-joce.fr\/wp-content\/uploads\/2020\/05\/20200513_200926.jpg 800w\" sizes=\"auto, (max-width: 213px) 100vw, 213px\" \/><\/span><\/em><\/p>\n<p style=\"text-align: center;\"><em><span style=\"color: #ff7300; font-family: georgia, palatino, serif; font-size: 14pt;\">Arriv\u00e9e aux \u00be (environ 9 minutes) de la cuisson du riz, ajouter les moules, les crevettes et la sauge, m\u00e9langer et poursuivre la cuisson jusqu&rsquo;\u00e0 ce que le riz soit cuit et le jus absorb\u00e9.\u00a0<\/span><\/em><\/p>\n<p style=\"text-align: center;\"><em><span style=\"color: #ff7300; font-family: georgia, palatino, serif; font-size: 14pt;\">Bon app\u00e9tit!<\/span><\/em><\/p>\n<p style=\"text-align: center;\"><em><span style=\"color: #ff7300; font-family: georgia, palatino, serif; font-size: 14pt;\"><img loading=\"lazy\" decoding=\"async\" class=\"alignnone wp-image-22017\" src=\"http:\/\/recettes-gourmandes-de-joce.fr\/wp-content\/uploads\/2020\/05\/20200513_203903-150x150.jpg\" alt=\"\" width=\"240\" height=\"180\" srcset=\"http:\/\/recettes-gourmandes-de-joce.fr\/wp-content\/uploads\/2020\/05\/20200513_203903-300x225.jpg 300w, http:\/\/recettes-gourmandes-de-joce.fr\/wp-content\/uploads\/2020\/05\/20200513_203903-768x576.jpg 768w, http:\/\/recettes-gourmandes-de-joce.fr\/wp-content\/uploads\/2020\/05\/20200513_203903.jpg 800w\" sizes=\"auto, (max-width: 240px) 100vw, 240px\" \/> <img loading=\"lazy\" decoding=\"async\" class=\"alignnone wp-image-22012\" src=\"http:\/\/recettes-gourmandes-de-joce.fr\/wp-content\/uploads\/2020\/05\/20200513_203837-150x150.jpg\" alt=\"\" width=\"240\" height=\"180\" srcset=\"http:\/\/recettes-gourmandes-de-joce.fr\/wp-content\/uploads\/2020\/05\/20200513_203837-300x225.jpg 300w, http:\/\/recettes-gourmandes-de-joce.fr\/wp-content\/uploads\/2020\/05\/20200513_203837-768x576.jpg 768w, http:\/\/recettes-gourmandes-de-joce.fr\/wp-content\/uploads\/2020\/05\/20200513_203837.jpg 800w\" sizes=\"auto, (max-width: 240px) 100vw, 240px\" \/> <img loading=\"lazy\" decoding=\"async\" class=\"alignnone wp-image-22016\" src=\"http:\/\/recettes-gourmandes-de-joce.fr\/wp-content\/uploads\/2020\/05\/20200513_203900-150x150.jpg\" alt=\"\" width=\"240\" height=\"180\" srcset=\"http:\/\/recettes-gourmandes-de-joce.fr\/wp-content\/uploads\/2020\/05\/20200513_203900-300x225.jpg 300w, http:\/\/recettes-gourmandes-de-joce.fr\/wp-content\/uploads\/2020\/05\/20200513_203900-768x576.jpg 768w, http:\/\/recettes-gourmandes-de-joce.fr\/wp-content\/uploads\/2020\/05\/20200513_203900.jpg 800w\" sizes=\"auto, (max-width: 240px) 100vw, 240px\" \/><\/span><\/em><\/p>\n<p style=\"text-align: center;\"><em><span style=\"color: #ff7300; font-family: georgia, palatino, serif; font-size: 14pt;\"><img loading=\"lazy\" decoding=\"async\" class=\"alignnone wp-image-16654 size-full\" src=\"http:\/\/recettes-gourmandes-de-joce.fr\/wp-content\/uploads\/2020\/01\/logitech-gaming-software-14112014-121223.jpg\" alt=\"\" width=\"640\" height=\"144\" srcset=\"http:\/\/recettes-gourmandes-de-joce.fr\/wp-content\/uploads\/2020\/01\/logitech-gaming-software-14112014-121223.jpg 640w, http:\/\/recettes-gourmandes-de-joce.fr\/wp-content\/uploads\/2020\/01\/logitech-gaming-software-14112014-121223-300x68.jpg 300w\" sizes=\"auto, (max-width: 640px) 100vw, 640px\" \/><\/span><\/em><\/p>\n","protected":false},"excerpt":{"rendered":"<p>Une de mes recettes \u00a0 Ingr\u00e9dients pour 3 personnes 150 g de riz long 6 merguez 12 crevettes 100 g de moules d\u00e9coquill\u00e9es cuites \u00bd poivron vert 2 tomates 1 oignon \u00a0 \u00bd boite de 200 g de petits pois 1 c \u00e0 c d&rsquo;\u00e9pices \u00e0 paella d\u00e9tails sur ce lien -&gt; \u00c9pic\u00e9too 1 c &hellip; <\/p>\n<p><a class=\"more-link btn\" href=\"http:\/\/recettes-gourmandes-de-joce.fr\/index.php\/index\/legumes\/riz-semoule\/riz-epice-aux-merguez-moules-et-crevettes\/\">Lire la suite<\/a><\/p>\n","protected":false},"author":2,"featured_media":76707,"parent":163,"menu_order":0,"comment_status":"open","ping_status":"closed","template":"","meta":{"footnotes":""},"class_list":["post-22032","page","type-page","status-publish","has-post-thumbnail","hentry","nodate","item-wrap"],"_links":{"self":[{"href":"http:\/\/recettes-gourmandes-de-joce.fr\/index.php\/wp-json\/wp\/v2\/pages\/22032","targetHints":{"allow":["GET"]}}],"collection":[{"href":"http:\/\/recettes-gourmandes-de-joce.fr\/index.php\/wp-json\/wp\/v2\/pages"}],"about":[{"href":"http:\/\/recettes-gourmandes-de-joce.fr\/index.php\/wp-json\/wp\/v2\/types\/page"}],"author":[{"embeddable":true,"href":"http:\/\/recettes-gourmandes-de-joce.fr\/index.php\/wp-json\/wp\/v2\/users\/2"}],"replies":[{"embeddable":true,"href":"http:\/\/recettes-gourmandes-de-joce.fr\/index.php\/wp-json\/wp\/v2\/comments?post=22032"}],"version-history":[{"count":5,"href":"http:\/\/recettes-gourmandes-de-joce.fr\/index.php\/wp-json\/wp\/v2\/pages\/22032\/revisions"}],"predecessor-version":[{"id":89329,"href":"http:\/\/recettes-gourmandes-de-joce.fr\/index.php\/wp-json\/wp\/v2\/pages\/22032\/revisions\/89329"}],"up":[{"embeddable":true,"href":"http:\/\/recettes-gourmandes-de-joce.fr\/index.php\/wp-json\/wp\/v2\/pages\/163"}],"wp:featuredmedia":[{"embeddable":true,"href":"http:\/\/recettes-gourmandes-de-joce.fr\/index.php\/wp-json\/wp\/v2\/media\/76707"}],"wp:attachment":[{"href":"http:\/\/recettes-gourmandes-de-joce.fr\/index.php\/wp-json\/wp\/v2\/media?parent=22032"}],"curies":[{"name":"wp","href":"https:\/\/api.w.org\/{rel}","templated":true}]}}