{"id":2196,"date":"2019-10-02T09:02:05","date_gmt":"2019-10-02T09:02:05","guid":{"rendered":"http:\/\/recettes-gourmandes-de-joce.fr\/?page_id=2196"},"modified":"2026-03-16T18:43:49","modified_gmt":"2026-03-16T18:43:49","slug":"poulet-roti-a-lail-tomates-et-beurre-descargot","status":"publish","type":"page","link":"http:\/\/recettes-gourmandes-de-joce.fr\/index.php\/index\/viandes\/volailles\/poulet\/poulet-roti-a-lail-tomates-et-beurre-descargot\/","title":{"rendered":"Poulet r\u00f4ti \u00e0 l&rsquo;ail, tomates et beurre d&rsquo;escargot."},"content":{"rendered":"<p style=\"text-align: center;\"><span style=\"color: #ff6600; text-decoration: underline; font-family: georgia, palatino, serif;\"><em><span style=\"font-size: x-large;\">Une de mes recettes<\/span><\/em><\/span><\/p>\n<p style=\"text-align: center;\"><span style=\"color: #ff6600;\">\u00a0<img loading=\"lazy\" decoding=\"async\" class=\"alignnone wp-image-71566\" src=\"http:\/\/recettes-gourmandes-de-joce.fr\/wp-content\/uploads\/2024\/04\/poulet-ail-tomates3.jpg\" alt=\"\" width=\"249\" height=\"180\" srcset=\"http:\/\/recettes-gourmandes-de-joce.fr\/wp-content\/uploads\/2024\/04\/poulet-ail-tomates3.jpg 1024w, http:\/\/recettes-gourmandes-de-joce.fr\/wp-content\/uploads\/2024\/04\/poulet-ail-tomates3-768x555.jpg 768w, http:\/\/recettes-gourmandes-de-joce.fr\/wp-content\/uploads\/2024\/04\/poulet-ail-tomates3-750x542.jpg 750w\" sizes=\"auto, (max-width: 249px) 100vw, 249px\" \/> <img loading=\"lazy\" decoding=\"async\" class=\"alignnone wp-image-71564\" src=\"http:\/\/recettes-gourmandes-de-joce.fr\/wp-content\/uploads\/2024\/04\/poulet-ail-tomates1.jpg\" alt=\"\" width=\"257\" height=\"180\" srcset=\"http:\/\/recettes-gourmandes-de-joce.fr\/wp-content\/uploads\/2024\/04\/poulet-ail-tomates1.jpg 1024w, http:\/\/recettes-gourmandes-de-joce.fr\/wp-content\/uploads\/2024\/04\/poulet-ail-tomates1-768x537.jpg 768w, http:\/\/recettes-gourmandes-de-joce.fr\/wp-content\/uploads\/2024\/04\/poulet-ail-tomates1-750x524.jpg 750w\" sizes=\"auto, (max-width: 257px) 100vw, 257px\" \/><img loading=\"lazy\" decoding=\"async\" class=\"alignnone wp-image-71567\" src=\"http:\/\/recettes-gourmandes-de-joce.fr\/wp-content\/uploads\/2024\/04\/poulet-ail-tomates3a.jpg\" alt=\"\" width=\"312\" height=\"180\" srcset=\"http:\/\/recettes-gourmandes-de-joce.fr\/wp-content\/uploads\/2024\/04\/poulet-ail-tomates3a.jpg 1024w, http:\/\/recettes-gourmandes-de-joce.fr\/wp-content\/uploads\/2024\/04\/poulet-ail-tomates3a-768x443.jpg 768w, http:\/\/recettes-gourmandes-de-joce.fr\/wp-content\/uploads\/2024\/04\/poulet-ail-tomates3a-750x433.jpg 750w\" sizes=\"auto, (max-width: 312px) 100vw, 312px\" \/> <img loading=\"lazy\" decoding=\"async\" class=\"alignnone wp-image-71565\" src=\"http:\/\/recettes-gourmandes-de-joce.fr\/wp-content\/uploads\/2024\/04\/poulet-ail-tomates2.jpg\" alt=\"\" width=\"269\" height=\"180\" srcset=\"http:\/\/recettes-gourmandes-de-joce.fr\/wp-content\/uploads\/2024\/04\/poulet-ail-tomates2.jpg 1024w, http:\/\/recettes-gourmandes-de-joce.fr\/wp-content\/uploads\/2024\/04\/poulet-ail-tomates2-768x514.jpg 768w, http:\/\/recettes-gourmandes-de-joce.fr\/wp-content\/uploads\/2024\/04\/poulet-ail-tomates2-750x502.jpg 750w\" sizes=\"auto, (max-width: 269px) 100vw, 269px\" \/><\/span><\/p>\n<p style=\"text-align: center;\"><span style=\"color: #ff6600; font-size: x-large; text-decoration: underline; font-family: georgia, palatino, serif;\"><em>Ingr\u00e9dients pour\u00a05 personnes<\/em><\/span><\/p>\n<p style=\"text-align: center;\"><span style=\"color: #ff6600;\"><img loading=\"lazy\" decoding=\"async\" class=\"alignnone wp-image-71568\" src=\"http:\/\/recettes-gourmandes-de-joce.fr\/wp-content\/uploads\/2024\/04\/poulet-ail-tomates4.jpg\" alt=\"\" width=\"289\" height=\"200\" srcset=\"http:\/\/recettes-gourmandes-de-joce.fr\/wp-content\/uploads\/2024\/04\/poulet-ail-tomates4.jpg 1024w, http:\/\/recettes-gourmandes-de-joce.fr\/wp-content\/uploads\/2024\/04\/poulet-ail-tomates4-768x532.jpg 768w, http:\/\/recettes-gourmandes-de-joce.fr\/wp-content\/uploads\/2024\/04\/poulet-ail-tomates4-750x519.jpg 750w\" sizes=\"auto, (max-width: 289px) 100vw, 289px\" \/><\/span><\/p>\n<p style=\"text-align: center;\"><span style=\"color: #ff6600; font-family: georgia, palatino, serif; font-size: 14pt;\"><em>5 cuisses de poulet<\/em><\/span><\/p>\n<p style=\"text-align: center;\"><span style=\"color: #ff6600; font-family: georgia, palatino, serif; font-size: 14pt;\"><em>15 tomates cerises<\/em><\/span><\/p>\n<p style=\"text-align: center;\"><span style=\"color: #ff6600; font-family: georgia, palatino, serif; font-size: 14pt;\"><em>8 gousses d&rsquo;ail<\/em><\/span><\/p>\n<p style=\"text-align: center;\"><span style=\"color: #ff6600; font-family: georgia, palatino, serif; font-size: 14pt;\"><em>1 c \u00e0 s d&rsquo;\u00e9pices pour poulet d\u00e9tails sur ce lien -&gt; <span style=\"color: #800080;\">\u00c9pic\u00e9too<\/span><\/em><\/span><\/p>\n<p style=\"text-align: center;\"><span style=\"color: #ff6600; font-family: georgia, palatino, serif; font-size: 14pt;\"><em>1 c \u00e0 s d&rsquo;herbes de Provence\u00a0d\u00e9tails sur ce lien -&gt; <span style=\"color: #800080;\">\u00c9pic\u00e9too<\/span><\/em><\/span><\/p>\n<p style=\"text-align: center;\"><span style=\"color: #ff6600; font-family: georgia, palatino, serif; font-size: 14pt;\"><em>1 cube de bouillon de volaille (en poudre sur la photo)<\/em><\/span><\/p>\n<p style=\"text-align: center;\"><span style=\"color: #ff6600; font-family: georgia, palatino, serif; font-size: 14pt;\"><em>5 g de beurre d&rsquo;escargot<\/em><\/span><\/p>\n<p style=\"text-align: center;\"><span style=\"color: #ff6600; font-family: georgia, palatino, serif; font-size: 14pt;\"><em>Sel et poivre<\/em><\/span><\/p>\n<p style=\"text-align: center;\"><span style=\"color: #ff6600; font-family: georgia, palatino, serif; font-size: 14pt;\"><em>Huile d&rsquo;olive<\/em><\/span><\/p>\n<p style=\"text-align: center;\"><span style=\"color: #ff6600; font-family: georgia, palatino, serif; font-size: 14pt;\"><em>200 ml d&rsquo;eau chaude<\/em><\/span><\/p>\n<p style=\"text-align: center;\"><span style=\"color: #ff6600; font-family: georgia, palatino, serif; font-size: 14pt;\"><em>Recette du beurre d&rsquo;escargot sur ce lien -&gt;<span style=\"color: #800080;\"><a style=\"color: #800080;\" href=\"http:\/\/recettes-gourmandes-de-joce.fr\/index.php\/index\/sauces-assaisonnements\/condiments\/10585-2\/\"> Beurre d&rsquo;escargot<\/a><\/span><\/em><\/span><\/p>\n<p style=\"text-align: center;\"><span style=\"color: #ff6600;\"><img loading=\"lazy\" decoding=\"async\" class=\"alignnone wp-image-71569\" src=\"http:\/\/recettes-gourmandes-de-joce.fr\/wp-content\/uploads\/2024\/04\/poulet-ail-tomates5.jpg\" alt=\"\" width=\"247\" height=\"170\" srcset=\"http:\/\/recettes-gourmandes-de-joce.fr\/wp-content\/uploads\/2024\/04\/poulet-ail-tomates5.jpg 1024w, http:\/\/recettes-gourmandes-de-joce.fr\/wp-content\/uploads\/2024\/04\/poulet-ail-tomates5-768x529.jpg 768w, http:\/\/recettes-gourmandes-de-joce.fr\/wp-content\/uploads\/2024\/04\/poulet-ail-tomates5-750x516.jpg 750w\" sizes=\"auto, (max-width: 247px) 100vw, 247px\" \/> <img loading=\"lazy\" decoding=\"async\" class=\"alignnone wp-image-71570\" src=\"http:\/\/recettes-gourmandes-de-joce.fr\/wp-content\/uploads\/2024\/04\/poulet-ail-tomates6.jpg\" alt=\"\" width=\"227\" height=\"170\" srcset=\"http:\/\/recettes-gourmandes-de-joce.fr\/wp-content\/uploads\/2024\/04\/poulet-ail-tomates6.jpg 1024w, http:\/\/recettes-gourmandes-de-joce.fr\/wp-content\/uploads\/2024\/04\/poulet-ail-tomates6-768x576.jpg 768w, http:\/\/recettes-gourmandes-de-joce.fr\/wp-content\/uploads\/2024\/04\/poulet-ail-tomates6-750x563.jpg 750w\" sizes=\"auto, (max-width: 227px) 100vw, 227px\" \/> <img loading=\"lazy\" decoding=\"async\" class=\"alignnone wp-image-71571\" src=\"http:\/\/recettes-gourmandes-de-joce.fr\/wp-content\/uploads\/2024\/04\/poulet-ail-tomates7.jpg\" alt=\"\" width=\"250\" height=\"170\" srcset=\"http:\/\/recettes-gourmandes-de-joce.fr\/wp-content\/uploads\/2024\/04\/poulet-ail-tomates7.jpg 1024w, http:\/\/recettes-gourmandes-de-joce.fr\/wp-content\/uploads\/2024\/04\/poulet-ail-tomates7-768x522.jpg 768w, http:\/\/recettes-gourmandes-de-joce.fr\/wp-content\/uploads\/2024\/04\/poulet-ail-tomates7-750x510.jpg 750w\" sizes=\"auto, (max-width: 250px) 100vw, 250px\" \/><\/span><\/p>\n<p style=\"text-align: center;\"><span style=\"color: #ff6600; font-family: georgia, palatino, serif; font-size: 14pt;\"><em>Laver et couper les tomates en deux, peler, d\u00e9germer et couper les gousses d&rsquo;ail en deux dans le sens de la longueur. Dissoudre le cube de bouillon de volaille dans l&rsquo;eau chaude. Dans un plat mettre le poulet, r\u00e9partir dessus les tomates, les gousses d&rsquo;ail.<\/em><\/span><\/p>\n<p style=\"text-align: center;\"><span style=\"color: #ff6600;\"><img loading=\"lazy\" decoding=\"async\" class=\"alignnone wp-image-71557\" src=\"http:\/\/recettes-gourmandes-de-joce.fr\/wp-content\/uploads\/2024\/04\/poulet-ail-tomates8.jpg\" alt=\"\" width=\"237\" height=\"165\" srcset=\"http:\/\/recettes-gourmandes-de-joce.fr\/wp-content\/uploads\/2024\/04\/poulet-ail-tomates8.jpg 1024w, http:\/\/recettes-gourmandes-de-joce.fr\/wp-content\/uploads\/2024\/04\/poulet-ail-tomates8-768x535.jpg 768w, http:\/\/recettes-gourmandes-de-joce.fr\/wp-content\/uploads\/2024\/04\/poulet-ail-tomates8-750x522.jpg 750w\" sizes=\"auto, (max-width: 237px) 100vw, 237px\" \/> <img loading=\"lazy\" decoding=\"async\" class=\"alignnone wp-image-71559\" src=\"http:\/\/recettes-gourmandes-de-joce.fr\/wp-content\/uploads\/2024\/04\/poulet-ail-tomates10.jpg\" alt=\"\" width=\"252\" height=\"165\" srcset=\"http:\/\/recettes-gourmandes-de-joce.fr\/wp-content\/uploads\/2024\/04\/poulet-ail-tomates10.jpg 1024w, http:\/\/recettes-gourmandes-de-joce.fr\/wp-content\/uploads\/2024\/04\/poulet-ail-tomates10-768x503.jpg 768w, http:\/\/recettes-gourmandes-de-joce.fr\/wp-content\/uploads\/2024\/04\/poulet-ail-tomates10-750x491.jpg 750w\" sizes=\"auto, (max-width: 252px) 100vw, 252px\" \/> <img loading=\"lazy\" decoding=\"async\" class=\"alignnone wp-image-71558\" src=\"http:\/\/recettes-gourmandes-de-joce.fr\/wp-content\/uploads\/2024\/04\/poulet-ail-tomates9.jpg\" alt=\"\" width=\"242\" height=\"165\" srcset=\"http:\/\/recettes-gourmandes-de-joce.fr\/wp-content\/uploads\/2024\/04\/poulet-ail-tomates9.jpg 1024w, http:\/\/recettes-gourmandes-de-joce.fr\/wp-content\/uploads\/2024\/04\/poulet-ail-tomates9-768x524.jpg 768w, http:\/\/recettes-gourmandes-de-joce.fr\/wp-content\/uploads\/2024\/04\/poulet-ail-tomates9-750x512.jpg 750w\" sizes=\"auto, (max-width: 242px) 100vw, 242px\" \/><\/span><\/p>\n<p style=\"text-align: center;\"><span style=\"color: #ff6600; font-family: georgia, palatino, serif; font-size: 14pt;\"><em>R\u00e9partir les \u00e9pices et les herbes, saler et poivrer, ajouter en petits morceaux la moiti\u00e9 du beurre d&rsquo;escargot, et verser le bouillon. Arrosez d&rsquo;un filet d&rsquo;huile d&rsquo;olive et enfourner environ 1h \u00e0 220\u00b0 selon les fours, surveiller la cuisson et la coloration.<\/em><\/span><\/p>\n<p style=\"text-align: center;\"><span style=\"color: #ff6600;\"><img loading=\"lazy\" decoding=\"async\" class=\"alignnone wp-image-71560\" src=\"http:\/\/recettes-gourmandes-de-joce.fr\/wp-content\/uploads\/2024\/04\/poulet-ail-tomates11.jpg\" alt=\"\" width=\"140\" height=\"200\" \/><\/span><\/p>\n<p style=\"text-align: center;\"><span style=\"color: #ff6600; font-family: georgia, palatino, serif; font-size: 14pt;\"><em>En cours de cuisson enfouir l\u00e9g\u00e8rement les tomates et l&rsquo;ail dans le jus. Servir avec des spaghettis ou du riz.<\/em><\/span><\/p>\n<p style=\"text-align: center;\"><span style=\"color: #ff6600; font-family: georgia, palatino, serif; font-size: 14pt;\"><em>Bon app\u00e9tit!<\/em><\/span><\/p>\n<p style=\"text-align: center;\"><span style=\"color: #ff6600;\"><img loading=\"lazy\" decoding=\"async\" class=\"alignnone wp-image-71562\" src=\"http:\/\/recettes-gourmandes-de-joce.fr\/wp-content\/uploads\/2024\/04\/poulet-ail-tomates13.jpg\" alt=\"\" width=\"311\" height=\"180\" srcset=\"http:\/\/recettes-gourmandes-de-joce.fr\/wp-content\/uploads\/2024\/04\/poulet-ail-tomates13.jpg 1024w, http:\/\/recettes-gourmandes-de-joce.fr\/wp-content\/uploads\/2024\/04\/poulet-ail-tomates13-768x445.jpg 768w, http:\/\/recettes-gourmandes-de-joce.fr\/wp-content\/uploads\/2024\/04\/poulet-ail-tomates13-750x434.jpg 750w\" sizes=\"auto, (max-width: 311px) 100vw, 311px\" \/><\/span><\/p>\n<p style=\"text-align: center;\"><span style=\"color: #ff6600;\">\u00a0<img loading=\"lazy\" decoding=\"async\" class=\"alignnone wp-image-71561\" src=\"http:\/\/recettes-gourmandes-de-joce.fr\/wp-content\/uploads\/2024\/04\/poulet-ail-tomates12.jpg\" alt=\"\" width=\"240\" height=\"180\" srcset=\"http:\/\/recettes-gourmandes-de-joce.fr\/wp-content\/uploads\/2024\/04\/poulet-ail-tomates12.jpg 1024w, http:\/\/recettes-gourmandes-de-joce.fr\/wp-content\/uploads\/2024\/04\/poulet-ail-tomates12-768x576.jpg 768w, http:\/\/recettes-gourmandes-de-joce.fr\/wp-content\/uploads\/2024\/04\/poulet-ail-tomates12-750x563.jpg 750w\" sizes=\"auto, (max-width: 240px) 100vw, 240px\" \/> <img loading=\"lazy\" decoding=\"async\" class=\"alignnone wp-image-71563\" src=\"http:\/\/recettes-gourmandes-de-joce.fr\/wp-content\/uploads\/2024\/04\/poulet-ail-tomates14.jpg\" alt=\"\" width=\"240\" height=\"180\" srcset=\"http:\/\/recettes-gourmandes-de-joce.fr\/wp-content\/uploads\/2024\/04\/poulet-ail-tomates14.jpg 1024w, http:\/\/recettes-gourmandes-de-joce.fr\/wp-content\/uploads\/2024\/04\/poulet-ail-tomates14-768x576.jpg 768w, http:\/\/recettes-gourmandes-de-joce.fr\/wp-content\/uploads\/2024\/04\/poulet-ail-tomates14-750x563.jpg 750w\" sizes=\"auto, (max-width: 240px) 100vw, 240px\" \/><\/span><\/p>\n<p style=\"text-align: center;\"><span style=\"color: #ff6600;\"><img loading=\"lazy\" decoding=\"async\" class=\"alignnone wp-image-44943 size-full\" src=\"http:\/\/recettes-gourmandes-de-joce.fr\/wp-content\/uploads\/2022\/05\/logitech-gaming-software-14112014-121223.jpg\" alt=\"\" width=\"640\" height=\"144\" srcset=\"http:\/\/recettes-gourmandes-de-joce.fr\/wp-content\/uploads\/2022\/05\/logitech-gaming-software-14112014-121223.jpg 640w, http:\/\/recettes-gourmandes-de-joce.fr\/wp-content\/uploads\/2022\/05\/logitech-gaming-software-14112014-121223-300x68.jpg 300w\" sizes=\"auto, (max-width: 640px) 100vw, 640px\" \/><\/span><\/p>\n<h3><span style=\"color: #ff6600;\">Commentaires\u00a0<small>(5)<\/small><\/span><\/h3>\n<div class=\"items-container\">\n<div class=\"item item-comment media\">\n<div class=\"pull-left\"><\/div>\n<div class=\"media-body\">\n<div class=\"comment-content\"><\/div>\n<\/div>\n<\/div>\n<div class=\"item item-comment media\">\n<div class=\"pull-left\"><\/div>\n<div class=\"media-body\">\n<ul class=\"inline item-infos\">\n<li><span style=\"color: #ff6600;\"><span class=\"comment-number\">2.<\/span>\u00a0<span class=\"comment-author\"><strong>Boubouillette<\/strong><\/span>\u00a0<span class=\"comment-date\">| 26\/08\/2015<\/span><\/span><\/li>\n<\/ul>\n<div class=\"comment-content\"><span style=\"color: #ff6600;\">Recette test\u00e9e et approuv\u00e9e \ud83d\ude42 C&rsquo;\u00e9tait tr\u00e8s bon !<\/span><\/div>\n<div class=\"item item-comment media by-webmaster\">\n<div class=\"pull-left\">\n<p>&nbsp;<\/p>\n<p>&nbsp;<\/p>\n<\/div>\n<div class=\"media-body\">\n<ul class=\"inline item-infos\">\n<li><span style=\"color: #ff6600;\"><span class=\"comment-author\"><strong>jocelyne debon<\/strong>\u00a0(<a style=\"color: #ff6600;\" rel=\"nofollow\">site web<\/a>)<\/span>\u00a0<span class=\"comment-date\">| 26\/08\/2015<\/span><\/span><\/li>\n<\/ul>\n<div class=\"comment-content\"><span style=\"color: #ff6600;\">Merci ma bouibouillette<\/span><\/div>\n<div class=\"comment-content\"><span style=\"color: #ff6600;\">Gros bisous \u00e0 vous deux Joce<\/span><\/div>\n<\/div>\n<\/div>\n<\/div>\n<\/div>\n<div class=\"item item-comment media\">\n<div class=\"pull-left\">\n<p>&nbsp;<\/p>\n<p><span style=\"color: #ff6600;\"><img decoding=\"async\" class=\"media-object\" src=\"https:\/\/www.gravatar.com\/avatar\/fedfb239af88d90c39d0b12ddcf07e88?d=https%3A%2F%2Fwww.recettes-gourmandes-de-joce.com%2Fmedias%2Fstatic%2Fmanager%2Fim%2Favatar.png?s=50&amp;d=mm\" alt=\"laurence LAURENCEAU\" width=\"50\" \/><\/span><\/p>\n<\/div>\n<div class=\"media-body\">\n<ul class=\"inline item-infos\">\n<li><span style=\"color: #ff6600;\"><span class=\"comment-number\">3.<\/span>\u00a0<span class=\"comment-author\"><strong>laurence LAURENCEAU<\/strong><\/span>\u00a0<span class=\"comment-date\">| 24\/08\/2015<\/span><\/span><\/li>\n<\/ul>\n<div class=\"comment-content\"><span style=\"color: #ff6600;\">bonsoir<\/span><\/div>\n<div class=\"item item-comment media by-webmaster\">\n<div class=\"pull-left\">\n<p>&nbsp;<\/p>\n<p>&nbsp;<\/p>\n<\/div>\n<div class=\"media-body\">\n<ul class=\"inline item-infos\">\n<li><span style=\"color: #ff6600;\"><span class=\"comment-author\"><strong>jocelyne debon<\/strong>\u00a0(<a style=\"color: #ff6600;\" rel=\"nofollow\">site web<\/a>)<\/span>\u00a0<span class=\"comment-date\">| 24\/08\/2015<\/span><\/span><\/li>\n<\/ul>\n<div class=\"comment-content\"><span style=\"color: #ff6600;\">Bonsoir<\/span><\/div>\n<\/div>\n<\/div>\n<\/div>\n<\/div>\n<\/div>\n","protected":false},"excerpt":{"rendered":"<p>Une de mes recettes \u00a0 Ingr\u00e9dients pour\u00a05 personnes 5 cuisses de poulet 15 tomates cerises 8 gousses d&rsquo;ail 1 c \u00e0 s d&rsquo;\u00e9pices pour poulet d\u00e9tails sur ce lien -&gt; \u00c9pic\u00e9too 1 c \u00e0 s d&rsquo;herbes de Provence\u00a0d\u00e9tails sur ce lien -&gt; \u00c9pic\u00e9too 1 cube de bouillon de volaille (en poudre sur la photo) 5 &hellip; <\/p>\n<p><a class=\"more-link btn\" href=\"http:\/\/recettes-gourmandes-de-joce.fr\/index.php\/index\/viandes\/volailles\/poulet\/poulet-roti-a-lail-tomates-et-beurre-descargot\/\">Lire la suite<\/a><\/p>\n","protected":false},"author":2,"featured_media":71563,"parent":979,"menu_order":0,"comment_status":"open","ping_status":"closed","template":"","meta":{"footnotes":""},"class_list":["post-2196","page","type-page","status-publish","has-post-thumbnail","hentry","nodate","item-wrap"],"_links":{"self":[{"href":"http:\/\/recettes-gourmandes-de-joce.fr\/index.php\/wp-json\/wp\/v2\/pages\/2196","targetHints":{"allow":["GET"]}}],"collection":[{"href":"http:\/\/recettes-gourmandes-de-joce.fr\/index.php\/wp-json\/wp\/v2\/pages"}],"about":[{"href":"http:\/\/recettes-gourmandes-de-joce.fr\/index.php\/wp-json\/wp\/v2\/types\/page"}],"author":[{"embeddable":true,"href":"http:\/\/recettes-gourmandes-de-joce.fr\/index.php\/wp-json\/wp\/v2\/users\/2"}],"replies":[{"embeddable":true,"href":"http:\/\/recettes-gourmandes-de-joce.fr\/index.php\/wp-json\/wp\/v2\/comments?post=2196"}],"version-history":[{"count":10,"href":"http:\/\/recettes-gourmandes-de-joce.fr\/index.php\/wp-json\/wp\/v2\/pages\/2196\/revisions"}],"predecessor-version":[{"id":99773,"href":"http:\/\/recettes-gourmandes-de-joce.fr\/index.php\/wp-json\/wp\/v2\/pages\/2196\/revisions\/99773"}],"up":[{"embeddable":true,"href":"http:\/\/recettes-gourmandes-de-joce.fr\/index.php\/wp-json\/wp\/v2\/pages\/979"}],"wp:featuredmedia":[{"embeddable":true,"href":"http:\/\/recettes-gourmandes-de-joce.fr\/index.php\/wp-json\/wp\/v2\/media\/71563"}],"wp:attachment":[{"href":"http:\/\/recettes-gourmandes-de-joce.fr\/index.php\/wp-json\/wp\/v2\/media?parent=2196"}],"curies":[{"name":"wp","href":"https:\/\/api.w.org\/{rel}","templated":true}]}}