{"id":21920,"date":"2020-05-11T10:06:32","date_gmt":"2020-05-11T10:06:32","guid":{"rendered":"http:\/\/recettes-gourmandes-de-joce.fr\/?page_id=21920"},"modified":"2025-03-25T10:06:02","modified_gmt":"2025-03-25T10:06:02","slug":"flammekueche-ou-tarte-flambee-alsacienne","status":"publish","type":"page","link":"http:\/\/recettes-gourmandes-de-joce.fr\/index.php\/index\/entrees\/tartes-et-quiches-salees\/flammekueche-ou-tarte-flambee-alsacienne\/","title":{"rendered":"Flammekueche ou tarte flamb\u00e9e alsacienne."},"content":{"rendered":"<p style=\"text-align: center;\"><span style=\"font-size: 20px; font-family: georgia, palatino, serif;\"><u style=\"color: #993399; font-size: 24px;\"><em>D&rsquo;apr\u00e8s la recette de livres de recettes alsaciens.<\/em><\/u><\/span><\/p>\n<p style=\"text-align: center;\"><span style=\"color: #993399;\"><span style=\"font-size: 24px;\"><u><span style=\"font-family: georgia,serif;\"><em><img loading=\"lazy\" decoding=\"async\" class=\"alignnone wp-image-64139\" src=\"http:\/\/recettes-gourmandes-de-joce.fr\/wp-content\/uploads\/2024\/03\/flamenkuche16.jpg\" alt=\"\" width=\"251\" height=\"180\" srcset=\"http:\/\/recettes-gourmandes-de-joce.fr\/wp-content\/uploads\/2024\/03\/flamenkuche16.jpg 1024w, http:\/\/recettes-gourmandes-de-joce.fr\/wp-content\/uploads\/2024\/03\/flamenkuche16-768x550.jpg 768w, http:\/\/recettes-gourmandes-de-joce.fr\/wp-content\/uploads\/2024\/03\/flamenkuche16-750x537.jpg 750w\" sizes=\"auto, (max-width: 251px) 100vw, 251px\" \/> <img loading=\"lazy\" decoding=\"async\" class=\"alignnone wp-image-64137\" src=\"http:\/\/recettes-gourmandes-de-joce.fr\/wp-content\/uploads\/2024\/03\/flamenkuche14.jpg\" alt=\"\" width=\"240\" height=\"180\" srcset=\"http:\/\/recettes-gourmandes-de-joce.fr\/wp-content\/uploads\/2024\/03\/flamenkuche14.jpg 1024w, http:\/\/recettes-gourmandes-de-joce.fr\/wp-content\/uploads\/2024\/03\/flamenkuche14-768x576.jpg 768w, http:\/\/recettes-gourmandes-de-joce.fr\/wp-content\/uploads\/2024\/03\/flamenkuche14-750x563.jpg 750w\" sizes=\"auto, (max-width: 240px) 100vw, 240px\" \/> <img loading=\"lazy\" decoding=\"async\" class=\"alignnone wp-image-64126\" src=\"http:\/\/recettes-gourmandes-de-joce.fr\/wp-content\/uploads\/2024\/03\/flamenkuche3.jpg\" alt=\"\" width=\"240\" height=\"180\" srcset=\"http:\/\/recettes-gourmandes-de-joce.fr\/wp-content\/uploads\/2024\/03\/flamenkuche3.jpg 1024w, http:\/\/recettes-gourmandes-de-joce.fr\/wp-content\/uploads\/2024\/03\/flamenkuche3-768x576.jpg 768w, http:\/\/recettes-gourmandes-de-joce.fr\/wp-content\/uploads\/2024\/03\/flamenkuche3-750x563.jpg 750w\" sizes=\"auto, (max-width: 240px) 100vw, 240px\" \/>Ingr\u00e9dients pour 5 personnes<\/em><\/span><\/u><\/span><\/span><\/p>\n<p style=\"text-align: center;\"><img loading=\"lazy\" decoding=\"async\" class=\"alignnone wp-image-64127\" src=\"http:\/\/recettes-gourmandes-de-joce.fr\/wp-content\/uploads\/2024\/03\/flamenkuche4.jpg\" alt=\"\" width=\"277\" height=\"200\" srcset=\"http:\/\/recettes-gourmandes-de-joce.fr\/wp-content\/uploads\/2024\/03\/flamenkuche4.jpg 1024w, http:\/\/recettes-gourmandes-de-joce.fr\/wp-content\/uploads\/2024\/03\/flamenkuche4-768x555.jpg 768w, http:\/\/recettes-gourmandes-de-joce.fr\/wp-content\/uploads\/2024\/03\/flamenkuche4-750x542.jpg 750w\" sizes=\"auto, (max-width: 277px) 100vw, 277px\" \/><\/p>\n<p style=\"text-align: center;\"><span style=\"color: #993399; font-size: 14pt;\"><span style=\"font-family: georgia,serif;\"><em>1kg de p\u00e2te \u00e0 pain <\/em><\/span><\/span><\/p>\n<p style=\"text-align: center;\"><span style=\"color: #993399; font-size: 18pt;\"><u><span style=\"font-family: georgia,serif;\"><em>Pour 1kg de p\u00e2te \u00e0 pain<\/em><\/span><\/u><\/span><\/p>\n<p style=\"text-align: center;\"><span style=\"color: #993399; font-size: 14pt;\"><span style=\"font-family: georgia,serif;\"><em>625 g de farine<\/em><\/span><\/span><\/p>\n<p style=\"text-align: center;\"><span style=\"color: #993399; font-size: 14pt;\"><span style=\"font-family: georgia,serif;\"><em>375 g d&rsquo;eau<\/em><\/span><\/span><\/p>\n<p style=\"text-align: center;\"><span style=\"color: #993399; font-size: 14pt;\"><span style=\"font-family: georgia,serif;\"><em>19g de levure de boulanger<\/em><\/span><\/span><\/p>\n<p style=\"text-align: center;\"><span style=\"color: #993399; font-size: 14pt;\"><span style=\"font-family: georgia,serif;\"><em>15g de sel fin<\/em><\/span><\/span><\/p>\n<p style=\"text-align: center;\"><span style=\"font-size: 14pt;\"><span style=\"font-family: georgia,serif;\"><em><span style=\"color: #993399;\">Recette sur ce lien -&gt; <\/span><a href=\"http:\/\/recettes-gourmandes-de-joce.fr\/index.php\/index\/pains-viennoiseries-map\/pains-pains-speciaux\/pain-baguettes-petits-pains\/\"><span style=\"color: #008000;\">P\u00e2te \u00e0 pain<\/span><\/a><\/em><\/span><\/span><\/p>\n<p style=\"text-align: center;\"><span style=\"color: #993399; font-size: 18pt;\"><u><span style=\"font-family: georgia,serif;\"><em>Garniture<\/em><\/span><\/u><\/span><\/p>\n<p style=\"text-align: center;\"><span style=\"color: #993399; font-size: 14pt;\"><span style=\"font-family: georgia,serif;\"><em>500 g de lardons fum\u00e9s<\/em><\/span><\/span><\/p>\n<p style=\"text-align: center;\"><span style=\"color: #993399; font-size: 14pt;\"><span style=\"font-family: georgia,serif;\"><em>500 g d&rsquo;oignons<\/em><\/span><\/span><\/p>\n<p style=\"text-align: center;\"><span style=\"color: #993399; font-size: 14pt;\"><span style=\"font-family: georgia,serif;\"><em>1 morceau de beurre<\/em><\/span><\/span><\/p>\n<p style=\"text-align: center;\"><span style=\"color: #993399; font-size: 14pt;\"><span style=\"font-family: georgia,serif;\"><em>350 g de fromage blanc<\/em><\/span><\/span><\/p>\n<p style=\"text-align: center;\"><span style=\"color: #993399; font-size: 14pt;\"><span style=\"font-family: georgia,serif;\"><em>175 g de cr\u00e8me fra\u00eeche<\/em><\/span><\/span><\/p>\n<p style=\"text-align: center;\"><span style=\"color: #993399; font-size: 14pt;\"><span style=\"font-family: georgia,serif;\"><em>Sel et poivre<\/em><\/span><\/span><\/p>\n<p style=\"text-align: center;\"><span style=\"color: #993399; font-size: 14pt;\"><span style=\"font-family: georgia,serif;\"><em>J&rsquo;ai plusieurs livres de recettes alsaciennes certain mette de la levure dans la p\u00e2te, d&rsquo;autre n&rsquo;en mette pas, idem pour la garniture avec cr\u00e8me uniquement ou un m\u00e9lange cr\u00e8me \/fromage blanc donc \u00e0 vous de voir ce que vous aimez le mieux car difficile d&rsquo;identifier la vraie recette ;), personnellement nous avons beaucoup aim\u00e9 celle-ci !<\/em><\/span><\/span><\/p>\n<p style=\"text-align: center;\"><img loading=\"lazy\" decoding=\"async\" class=\"alignnone wp-image-64128\" src=\"http:\/\/recettes-gourmandes-de-joce.fr\/wp-content\/uploads\/2024\/03\/flamenkuche5.jpg\" alt=\"\" width=\"200\" height=\"170\" srcset=\"http:\/\/recettes-gourmandes-de-joce.fr\/wp-content\/uploads\/2024\/03\/flamenkuche5.jpg 1024w, http:\/\/recettes-gourmandes-de-joce.fr\/wp-content\/uploads\/2024\/03\/flamenkuche5-768x653.jpg 768w, http:\/\/recettes-gourmandes-de-joce.fr\/wp-content\/uploads\/2024\/03\/flamenkuche5-750x638.jpg 750w\" sizes=\"auto, (max-width: 200px) 100vw, 200px\" \/>\u00a0<img loading=\"lazy\" decoding=\"async\" class=\"alignnone wp-image-64129\" src=\"http:\/\/recettes-gourmandes-de-joce.fr\/wp-content\/uploads\/2024\/03\/flamenkuche6.jpg\" alt=\"\" width=\"224\" height=\"170\" \/> <img loading=\"lazy\" decoding=\"async\" class=\"alignnone wp-image-61510\" src=\"http:\/\/recettes-gourmandes-de-joce.fr\/wp-content\/uploads\/2024\/03\/cotes-porc-arome6.jpg\" alt=\"\" width=\"227\" height=\"170\" srcset=\"http:\/\/recettes-gourmandes-de-joce.fr\/wp-content\/uploads\/2024\/03\/cotes-porc-arome6.jpg 800w, http:\/\/recettes-gourmandes-de-joce.fr\/wp-content\/uploads\/2024\/03\/cotes-porc-arome6-768x576.jpg 768w, http:\/\/recettes-gourmandes-de-joce.fr\/wp-content\/uploads\/2024\/03\/cotes-porc-arome6-750x563.jpg 750w\" sizes=\"auto, (max-width: 227px) 100vw, 227px\" \/><\/p>\n<p style=\"text-align: center;\"><span style=\"color: #993399; font-size: 14pt;\"><span style=\"font-family: georgia,serif;\"><em>R\u00e9aliser votre p\u00e2te \u00e0 pain, lorsqu&rsquo;elle est pr\u00eate, pr\u00e9chauffer le four \u00e0 250\u00b0. M\u00e9langer la cr\u00e8me et le fromage blanc, saler et poivrer. Peler et \u00e9mincer les oignons, mettre\u00a0<\/em><\/span><\/span><em style=\"color: #993399; font-family: georgia, serif; font-size: 18.6667px;\">un morceau de beurre<\/em><em style=\"font-family: georgia, serif; color: #993399; font-size: 14pt;\"> \u00e0 fondre dans une po\u00eale.<\/em><\/p>\n<p style=\"text-align: center;\"><img loading=\"lazy\" decoding=\"async\" class=\"alignnone wp-image-64130\" src=\"http:\/\/recettes-gourmandes-de-joce.fr\/wp-content\/uploads\/2024\/03\/flamenkuche7.jpg\" alt=\"\" width=\"227\" height=\"170\" srcset=\"http:\/\/recettes-gourmandes-de-joce.fr\/wp-content\/uploads\/2024\/03\/flamenkuche7.jpg 1024w, http:\/\/recettes-gourmandes-de-joce.fr\/wp-content\/uploads\/2024\/03\/flamenkuche7-768x576.jpg 768w, http:\/\/recettes-gourmandes-de-joce.fr\/wp-content\/uploads\/2024\/03\/flamenkuche7-750x563.jpg 750w\" sizes=\"auto, (max-width: 227px) 100vw, 227px\" \/> <img loading=\"lazy\" decoding=\"async\" class=\"alignnone wp-image-64131\" src=\"http:\/\/recettes-gourmandes-de-joce.fr\/wp-content\/uploads\/2024\/03\/flamenkuche8.jpg\" alt=\"\" width=\"223\" height=\"170\" srcset=\"http:\/\/recettes-gourmandes-de-joce.fr\/wp-content\/uploads\/2024\/03\/flamenkuche8.jpg 1024w, http:\/\/recettes-gourmandes-de-joce.fr\/wp-content\/uploads\/2024\/03\/flamenkuche8-768x587.jpg 768w, http:\/\/recettes-gourmandes-de-joce.fr\/wp-content\/uploads\/2024\/03\/flamenkuche8-750x573.jpg 750w\" sizes=\"auto, (max-width: 223px) 100vw, 223px\" \/> <img loading=\"lazy\" decoding=\"async\" class=\"alignnone wp-image-64132\" src=\"http:\/\/recettes-gourmandes-de-joce.fr\/wp-content\/uploads\/2024\/03\/flamenkuche9.jpg\" alt=\"\" width=\"222\" height=\"170\" srcset=\"http:\/\/recettes-gourmandes-de-joce.fr\/wp-content\/uploads\/2024\/03\/flamenkuche9.jpg 1024w, http:\/\/recettes-gourmandes-de-joce.fr\/wp-content\/uploads\/2024\/03\/flamenkuche9-768x589.jpg 768w, http:\/\/recettes-gourmandes-de-joce.fr\/wp-content\/uploads\/2024\/03\/flamenkuche9-750x575.jpg 750w\" sizes=\"auto, (max-width: 222px) 100vw, 222px\" \/><\/p>\n<p style=\"text-align: center;\"><span style=\"color: #993399; font-size: 14pt;\"><span style=\"font-family: georgia,serif;\"><em>Ajouter les oignons, les saler l\u00e9g\u00e8rement et les faire dorer l\u00e9g\u00e8rement. <\/em><em>R\u00e9server les oignons, \u00e0 la place faite suer les lardons juste pour les d\u00e9graisser un peu, ils finiront de cuire dans le four.<\/em><\/span><\/span><\/p>\n<p style=\"text-align: center;\"><img loading=\"lazy\" decoding=\"async\" class=\"alignnone wp-image-64133\" src=\"http:\/\/recettes-gourmandes-de-joce.fr\/wp-content\/uploads\/2024\/03\/flamenkuche10.jpg\" alt=\"\" width=\"227\" height=\"170\" srcset=\"http:\/\/recettes-gourmandes-de-joce.fr\/wp-content\/uploads\/2024\/03\/flamenkuche10.jpg 1024w, http:\/\/recettes-gourmandes-de-joce.fr\/wp-content\/uploads\/2024\/03\/flamenkuche10-768x576.jpg 768w, http:\/\/recettes-gourmandes-de-joce.fr\/wp-content\/uploads\/2024\/03\/flamenkuche10-750x563.jpg 750w\" sizes=\"auto, (max-width: 227px) 100vw, 227px\" \/> <img loading=\"lazy\" decoding=\"async\" class=\"alignnone wp-image-64134\" src=\"http:\/\/recettes-gourmandes-de-joce.fr\/wp-content\/uploads\/2024\/03\/flamenkuche11.jpg\" alt=\"\" width=\"242\" height=\"170\" srcset=\"http:\/\/recettes-gourmandes-de-joce.fr\/wp-content\/uploads\/2024\/03\/flamenkuche11.jpg 1024w, http:\/\/recettes-gourmandes-de-joce.fr\/wp-content\/uploads\/2024\/03\/flamenkuche11-768x539.jpg 768w, http:\/\/recettes-gourmandes-de-joce.fr\/wp-content\/uploads\/2024\/03\/flamenkuche11-750x526.jpg 750w\" sizes=\"auto, (max-width: 242px) 100vw, 242px\" \/> <img loading=\"lazy\" decoding=\"async\" class=\"alignnone wp-image-64135\" src=\"http:\/\/recettes-gourmandes-de-joce.fr\/wp-content\/uploads\/2024\/03\/flamenkuche12.jpg\" alt=\"\" width=\"243\" height=\"170\" srcset=\"http:\/\/recettes-gourmandes-de-joce.fr\/wp-content\/uploads\/2024\/03\/flamenkuche12.jpg 1024w, http:\/\/recettes-gourmandes-de-joce.fr\/wp-content\/uploads\/2024\/03\/flamenkuche12-768x536.jpg 768w, http:\/\/recettes-gourmandes-de-joce.fr\/wp-content\/uploads\/2024\/03\/flamenkuche12-750x524.jpg 750w\" sizes=\"auto, (max-width: 243px) 100vw, 243px\" \/><\/p>\n<p style=\"text-align: center;\"><span style=\"color: #993399; font-size: 14pt;\"><span style=\"font-family: georgia,serif;\"><em>\u00a0Diviser votre p\u00e2te \u00e0 pain en 5 p\u00e2tons de 200g et les \u00e9taler finement en\u00a0<\/em><em>5 rectangles<\/em><em> et les d\u00e9poser sur une feuille de silicone ou un papier sulfuris\u00e9.\u00a0<\/em><em>R\u00e9partir dessus le m\u00e9lange de cr\u00e8me\/fromage, les oignons.<\/em><\/span><\/span><\/p>\n<p style=\"text-align: center;\"><img loading=\"lazy\" decoding=\"async\" class=\"alignnone wp-image-64136\" src=\"http:\/\/recettes-gourmandes-de-joce.fr\/wp-content\/uploads\/2024\/03\/flamenkuche13.jpg\" alt=\"\" width=\"258\" height=\"170\" srcset=\"http:\/\/recettes-gourmandes-de-joce.fr\/wp-content\/uploads\/2024\/03\/flamenkuche13.jpg 1024w, http:\/\/recettes-gourmandes-de-joce.fr\/wp-content\/uploads\/2024\/03\/flamenkuche13-768x506.jpg 768w, http:\/\/recettes-gourmandes-de-joce.fr\/wp-content\/uploads\/2024\/03\/flamenkuche13-750x494.jpg 750w\" sizes=\"auto, (max-width: 258px) 100vw, 258px\" \/><\/p>\n<p style=\"text-align: center;\"><span style=\"color: #993399; font-size: 14pt;\"><span style=\"font-family: georgia,serif;\"><em> R\u00e9partir ensuite les lardons, donner un tour de moulin \u00e0 poivre et enfourner \u00e0 250\u00b0 environ 15 \u00e0 20 minutes selon les fours, surveiller la coloration.<\/em><\/span><\/span><\/p>\n<p style=\"text-align: center;\"><span style=\"color: #993399; font-size: 14pt;\"><span style=\"font-family: georgia,serif;\"><em>Bon app\u00e9tit!<\/em><\/span><\/span><\/p>\n<p><span style=\"font-size: 14pt;\">\u00a0 \u00a0<img loading=\"lazy\" decoding=\"async\" class=\"alignnone wp-image-64139\" src=\"http:\/\/recettes-gourmandes-de-joce.fr\/wp-content\/uploads\/2024\/03\/flamenkuche16.jpg\" alt=\"\" width=\"251\" height=\"180\" srcset=\"http:\/\/recettes-gourmandes-de-joce.fr\/wp-content\/uploads\/2024\/03\/flamenkuche16.jpg 1024w, http:\/\/recettes-gourmandes-de-joce.fr\/wp-content\/uploads\/2024\/03\/flamenkuche16-768x550.jpg 768w, http:\/\/recettes-gourmandes-de-joce.fr\/wp-content\/uploads\/2024\/03\/flamenkuche16-750x537.jpg 750w\" sizes=\"auto, (max-width: 251px) 100vw, 251px\" \/> <img loading=\"lazy\" decoding=\"async\" class=\"alignnone wp-image-64137\" src=\"http:\/\/recettes-gourmandes-de-joce.fr\/wp-content\/uploads\/2024\/03\/flamenkuche14.jpg\" alt=\"\" width=\"240\" height=\"180\" srcset=\"http:\/\/recettes-gourmandes-de-joce.fr\/wp-content\/uploads\/2024\/03\/flamenkuche14.jpg 1024w, http:\/\/recettes-gourmandes-de-joce.fr\/wp-content\/uploads\/2024\/03\/flamenkuche14-768x576.jpg 768w, http:\/\/recettes-gourmandes-de-joce.fr\/wp-content\/uploads\/2024\/03\/flamenkuche14-750x563.jpg 750w\" sizes=\"auto, (max-width: 240px) 100vw, 240px\" \/> <img loading=\"lazy\" decoding=\"async\" class=\"alignnone wp-image-64126\" src=\"http:\/\/recettes-gourmandes-de-joce.fr\/wp-content\/uploads\/2024\/03\/flamenkuche3.jpg\" alt=\"\" width=\"240\" height=\"180\" srcset=\"http:\/\/recettes-gourmandes-de-joce.fr\/wp-content\/uploads\/2024\/03\/flamenkuche3.jpg 1024w, http:\/\/recettes-gourmandes-de-joce.fr\/wp-content\/uploads\/2024\/03\/flamenkuche3-768x576.jpg 768w, http:\/\/recettes-gourmandes-de-joce.fr\/wp-content\/uploads\/2024\/03\/flamenkuche3-750x563.jpg 750w\" sizes=\"auto, (max-width: 240px) 100vw, 240px\" \/><br \/>\n<\/span><\/p>\n<p style=\"text-align: center;\"><span style=\"font-size: 14pt;\"><img loading=\"lazy\" decoding=\"async\" class=\"alignnone wp-image-16654 size-full\" src=\"http:\/\/recettes-gourmandes-de-joce.fr\/wp-content\/uploads\/2020\/01\/logitech-gaming-software-14112014-121223.jpg\" alt=\"\" width=\"640\" height=\"144\" srcset=\"http:\/\/recettes-gourmandes-de-joce.fr\/wp-content\/uploads\/2020\/01\/logitech-gaming-software-14112014-121223.jpg 640w, http:\/\/recettes-gourmandes-de-joce.fr\/wp-content\/uploads\/2020\/01\/logitech-gaming-software-14112014-121223-300x68.jpg 300w\" sizes=\"auto, (max-width: 640px) 100vw, 640px\" \/><\/span><\/p>\n<h3>Commentaires\u00a0<small>(4)<\/small><\/h3>\n<div class=\"items-container\">\n<div class=\"item item-comment media\">\n<div class=\"pull-left\">\n<p>&nbsp;<\/p>\n<p><img decoding=\"async\" class=\"media-object\" src=\"https:\/\/www.gravatar.com\/avatar\/8bc26401b92dd43c644c7cf71c2196b3?d=https%3A%2F%2Fwww.recettes-gourmandes-de-joce.com%2Fmedias%2Fstatic%2Fmanager%2Fim%2Favatar.png?s=50&amp;d=mm\" alt=\"nath\" width=\"50\" \/><\/p>\n<\/div>\n<div class=\"media-body\">\n<ul class=\"inline item-infos\">\n<li><span class=\"comment-number\">1.<\/span>\u00a0<span class=\"comment-author\"><strong>nath<\/strong><\/span>\u00a0<span class=\"comment-date\">| 07\/08\/2013<\/span><\/li>\n<\/ul>\n<div class=\"comment-content\">Bonjour, Tout d&rsquo;abord merci pour vos recettes qui sont toujours app\u00e9tissantes<br \/>\nEn tant qu&rsquo;alsacienne, je me permet tout de m\u00eame de signaler que cette recette qui doit \u00eatre tr\u00e8s bonne au go\u00fbt n&rsquo;est pas celle d&rsquo;une flammekueche traditionnelle qui elle n&rsquo;est pas une p\u00e2te lev\u00e9e. C&rsquo;est notamment dans la p\u00e2te que r\u00e9side le secret d&rsquo;une vraie flammekueche. Celle -ci doit \u00eatre \u00e9tal\u00e9e tr\u00e8s finement afin d&rsquo;\u00eatre croustillante ( 250 g farine, 5 cl d\u2019huile de colza, 1 pinc\u00e9e de sel, environ 15 cl d\u2019eau ti\u00e8de, aucune levure. M\u00e9langez la farine avec le sel, l\u2019huile et l\u2019eau ti\u00e8de et p\u00e9trissez bien ,si possible avec le robot. La p\u00e2te est pr\u00eate ! ) et si vous la cuisez au four, plus le four sera chaud et mieux ce sera&#8230;en principe 4\/5 min suffisent.<br \/>\nBonne journ\u00e9e et bon app\u00e9tit<\/div>\n<div class=\"item item-comment media by-webmaster\">\n<div class=\"pull-left\">\n<p>&nbsp;<\/p>\n<\/div>\n<div class=\"media-body\">\n<ul class=\"inline item-infos\">\n<li><span class=\"comment-author\"><strong>jocelyne debon<\/strong>\u00a0(<a rel=\"nofollow\">site web<\/a>)<\/span>\u00a0<span class=\"comment-date\">| 07\/08\/2013<\/span><\/li>\n<\/ul>\n<div class=\"comment-content\">Bonjour Nath<\/div>\n<div class=\"comment-content\">Merci de la pr\u00e9cision, dans les livres alsaciens achet\u00e9s \u00e0 Colmar ils mettent tous de la levure dans la p\u00e2te puisqu&rsquo;ils pr\u00e9cisent \u00ab\u00a0p\u00e2te \u00e0 pain\u00a0\u00bb D&rsquo;o\u00f9 ma recette, si l&rsquo;on ne peut plus se fier aux recettes des livres \u00e9crites par des alsaciens ce n&rsquo;est pas cool \ud83d\ude41 J&rsquo;essaierai votre version la prochaine fois et vous remercie de m&rsquo;avoir donn\u00e9 la \u00ab\u00a0vraie recette\u00a0\u00bb \ud83d\ude42 , en tout cas question go\u00fbt elles \u00e9taient conforme \u00e0 celles mang\u00e9es en Alsace<\/div>\n<div class=\"comment-content\">Bonne journ\u00e9e \u00e9galement<\/div>\n<div class=\"comment-content\">Amicalement Joce<\/div>\n<\/div>\n<\/div>\n<\/div>\n<\/div>\n<div class=\"item item-comment media\">\n<div class=\"pull-left\">\n<p>&nbsp;<\/p>\n<p><img decoding=\"async\" class=\"media-object\" src=\"https:\/\/www.gravatar.com\/avatar\/abff5bc952ce85db323d14ee115686bc?d=https%3A%2F%2Fwww.recettes-gourmandes-de-joce.com%2Fmedias%2Fstatic%2Fmanager%2Fim%2Favatar.png?s=50&amp;d=mm\" alt=\"xardel\" width=\"50\" \/><\/p>\n<\/div>\n<div class=\"media-body\">\n<ul class=\"inline item-infos\">\n<li><span class=\"comment-number\">2.<\/span>\u00a0<span class=\"comment-author\"><strong>xardel<\/strong><\/span>\u00a0<span class=\"comment-date\">| 07\/08\/2013<\/span><\/li>\n<\/ul>\n<div class=\"comment-content\">Bonjour JOCE, merci beaucoup pour vos recettes, bien souvent \u00e9conomiques&#8230;.Et d\u00e9licieuses car j&rsquo;en essaie quelques-unes et c&rsquo;est un r\u00e9el plaisir de vous suivre, de plus les images sont tr\u00e8s bien expliqu\u00e9es et on ne peut pas se tromper, merci pour tout le temps que vous passez \u00e0 faire ce site pour le plaisir des papilles et des yeux!!! Je suis originaire d&rsquo;ALSACE donc la flammekuche je les mange bien&#8230;.. Je vous embrasse et encore bravo et merci!!!<br \/>\nLYDIE:<\/div>\n<div class=\"item item-comment media by-webmaster\">\n<div class=\"pull-left\"><\/div>\n<div class=\"media-body\">\n<ul class=\"inline item-infos\">\n<li><span class=\"comment-author\"><strong>jocelyne debon<\/strong>\u00a0(<a rel=\"nofollow\">site web<\/a>)<\/span>\u00a0<span class=\"comment-date\">| 07\/08\/2013<\/span><\/li>\n<\/ul>\n<div class=\"comment-content\">Bonjour Lydie<\/div>\n<div class=\"comment-content\">Merci beaucoup pour votre message qui me touche beaucoup et m&rsquo;encourage \u00e0 continuer Je vous souhaite une excellente journ\u00e9e<\/div>\n<div class=\"comment-content\">Au plaisir de vous revoir sur mon site<\/div>\n<div class=\"comment-content\">Amicalement bisous Joce<\/div>\n<\/div>\n<\/div>\n<\/div>\n<\/div>\n<\/div>\n","protected":false},"excerpt":{"rendered":"<p>D&rsquo;apr\u00e8s la recette de livres de recettes alsaciens. Ingr\u00e9dients pour 5 personnes 1kg de p\u00e2te \u00e0 pain Pour 1kg de p\u00e2te \u00e0 pain 625 g de farine 375 g d&rsquo;eau 19g de levure de boulanger 15g de sel fin Recette sur ce lien -&gt; P\u00e2te \u00e0 pain Garniture 500 g de lardons fum\u00e9s 500 g &hellip; <\/p>\n<p><a class=\"more-link btn\" href=\"http:\/\/recettes-gourmandes-de-joce.fr\/index.php\/index\/entrees\/tartes-et-quiches-salees\/flammekueche-ou-tarte-flambee-alsacienne\/\">Lire la suite<\/a><\/p>\n","protected":false},"author":2,"featured_media":64126,"parent":2526,"menu_order":0,"comment_status":"open","ping_status":"closed","template":"","meta":{"footnotes":""},"class_list":["post-21920","page","type-page","status-publish","has-post-thumbnail","hentry","nodate","item-wrap"],"_links":{"self":[{"href":"http:\/\/recettes-gourmandes-de-joce.fr\/index.php\/wp-json\/wp\/v2\/pages\/21920","targetHints":{"allow":["GET"]}}],"collection":[{"href":"http:\/\/recettes-gourmandes-de-joce.fr\/index.php\/wp-json\/wp\/v2\/pages"}],"about":[{"href":"http:\/\/recettes-gourmandes-de-joce.fr\/index.php\/wp-json\/wp\/v2\/types\/page"}],"author":[{"embeddable":true,"href":"http:\/\/recettes-gourmandes-de-joce.fr\/index.php\/wp-json\/wp\/v2\/users\/2"}],"replies":[{"embeddable":true,"href":"http:\/\/recettes-gourmandes-de-joce.fr\/index.php\/wp-json\/wp\/v2\/comments?post=21920"}],"version-history":[{"count":6,"href":"http:\/\/recettes-gourmandes-de-joce.fr\/index.php\/wp-json\/wp\/v2\/pages\/21920\/revisions"}],"predecessor-version":[{"id":93639,"href":"http:\/\/recettes-gourmandes-de-joce.fr\/index.php\/wp-json\/wp\/v2\/pages\/21920\/revisions\/93639"}],"up":[{"embeddable":true,"href":"http:\/\/recettes-gourmandes-de-joce.fr\/index.php\/wp-json\/wp\/v2\/pages\/2526"}],"wp:featuredmedia":[{"embeddable":true,"href":"http:\/\/recettes-gourmandes-de-joce.fr\/index.php\/wp-json\/wp\/v2\/media\/64126"}],"wp:attachment":[{"href":"http:\/\/recettes-gourmandes-de-joce.fr\/index.php\/wp-json\/wp\/v2\/media?parent=21920"}],"curies":[{"name":"wp","href":"https:\/\/api.w.org\/{rel}","templated":true}]}}