{"id":21847,"date":"2020-05-08T23:32:03","date_gmt":"2020-05-08T23:32:03","guid":{"rendered":"http:\/\/recettes-gourmandes-de-joce.fr\/?page_id=21847"},"modified":"2024-06-15T15:11:54","modified_gmt":"2024-06-15T15:11:54","slug":"toasts-au-saumon-fume-oignon-basilic","status":"publish","type":"page","link":"http:\/\/recettes-gourmandes-de-joce.fr\/index.php\/index\/aperitifs-amuses-bouches\/amuses-bouches\/toasts-au-saumon-fume-oignon-basilic\/","title":{"rendered":"Toasts au saumon fum\u00e9, oignon, basilic."},"content":{"rendered":"<p style=\"text-align: center;\"><em style=\"color: #e05b0d; font-family: georgia, palatino, serif;\"><span style=\"text-decoration: underline; font-size: 18pt;\">Une de mes recettes<\/span><\/em><\/p>\n<p style=\"text-align: center;\"><img loading=\"lazy\" decoding=\"async\" class=\"alignnone wp-image-21841\" src=\"http:\/\/recettes-gourmandes-de-joce.fr\/wp-content\/uploads\/2020\/05\/20191224_163922-150x150.jpg\" alt=\"\" width=\"240\" height=\"180\" srcset=\"http:\/\/recettes-gourmandes-de-joce.fr\/wp-content\/uploads\/2020\/05\/20191224_163922-300x225.jpg 300w, http:\/\/recettes-gourmandes-de-joce.fr\/wp-content\/uploads\/2020\/05\/20191224_163922-768x576.jpg 768w, http:\/\/recettes-gourmandes-de-joce.fr\/wp-content\/uploads\/2020\/05\/20191224_163922.jpg 800w\" sizes=\"auto, (max-width: 240px) 100vw, 240px\" \/> <img loading=\"lazy\" decoding=\"async\" class=\"alignnone wp-image-21842\" src=\"http:\/\/recettes-gourmandes-de-joce.fr\/wp-content\/uploads\/2020\/05\/20191224_163929-150x150.jpg\" alt=\"\" width=\"240\" height=\"180\" srcset=\"http:\/\/recettes-gourmandes-de-joce.fr\/wp-content\/uploads\/2020\/05\/20191224_163929-300x225.jpg 300w, http:\/\/recettes-gourmandes-de-joce.fr\/wp-content\/uploads\/2020\/05\/20191224_163929-768x576.jpg 768w, http:\/\/recettes-gourmandes-de-joce.fr\/wp-content\/uploads\/2020\/05\/20191224_163929.jpg 800w\" sizes=\"auto, (max-width: 240px) 100vw, 240px\" \/> <img loading=\"lazy\" decoding=\"async\" class=\"alignnone wp-image-21839\" src=\"http:\/\/recettes-gourmandes-de-joce.fr\/wp-content\/uploads\/2020\/05\/20191224_163907-150x150.jpg\" alt=\"\" width=\"240\" height=\"180\" srcset=\"http:\/\/recettes-gourmandes-de-joce.fr\/wp-content\/uploads\/2020\/05\/20191224_163907-300x225.jpg 300w, http:\/\/recettes-gourmandes-de-joce.fr\/wp-content\/uploads\/2020\/05\/20191224_163907-768x576.jpg 768w, http:\/\/recettes-gourmandes-de-joce.fr\/wp-content\/uploads\/2020\/05\/20191224_163907.jpg 800w\" sizes=\"auto, (max-width: 240px) 100vw, 240px\" \/><\/p>\n<p style=\"text-align: center;\"><span style=\"font-family: georgia, palatino, serif; color: #e05b0d;\"><em><span style=\"text-decoration: underline; font-size: 18pt;\">Ingr\u00e9dients pour 18 toasts<\/span><\/em><\/span><\/p>\n<p style=\"text-align: center;\"><img loading=\"lazy\" decoding=\"async\" class=\"alignnone wp-image-21844\" src=\"http:\/\/recettes-gourmandes-de-joce.fr\/wp-content\/uploads\/2020\/05\/20191224_160948-150x150.jpg\" alt=\"\" width=\"163\" height=\"180\" srcset=\"http:\/\/recettes-gourmandes-de-joce.fr\/wp-content\/uploads\/2020\/05\/20191224_160948-271x300.jpg 271w, http:\/\/recettes-gourmandes-de-joce.fr\/wp-content\/uploads\/2020\/05\/20191224_160948.jpg 723w\" sizes=\"auto, (max-width: 163px) 100vw, 163px\" \/><\/p>\n<p style=\"text-align: center;\"><em><span style=\"color: #e05b0d; font-size: 14pt; font-family: georgia, palatino, serif;\">200 g de saumon fum\u00e9<\/span><\/em><\/p>\n<p style=\"text-align: center;\"><em><span style=\"color: #e05b0d; font-size: 14pt; font-family: georgia, palatino, serif;\">3 tranches de pain de mie<\/span><\/em><\/p>\n<p style=\"text-align: center;\"><em><span style=\"color: #e05b0d; font-size: 14pt; font-family: georgia, palatino, serif;\">1 oignon<\/span><\/em><\/p>\n<p style=\"text-align: center;\"><em><span style=\"color: #e05b0d; font-size: 14pt; font-family: georgia, palatino, serif;\">1 petit bol de sauce au basilic\u00a0<\/span><\/em><\/p>\n<p style=\"text-align: center;\"><em><span style=\"color: #e05b0d; font-size: 14pt; font-family: georgia, palatino, serif;\">Recette de la sauce au basilic sur ce lien -&gt;<\/span><\/em><span style=\"font-size: 14pt;\"> <a href=\"http:\/\/recettes-gourmandes-de-joce.fr\/index.php\/index\/sauces-assaisonnements\/sauces-froides\/sauce-au-basilic\/\"><span style=\"font-family: georgia, palatino, serif;\"><em>Sauce au basilic<\/em><\/span>\u00a0 <img decoding=\"async\" src=\"http:\/\/recettes-gourmandes-de-joce.fr\/wp-content\/uploads\/2019\/12\/Logitech-Gaming-Software-18122019-154317-150x150.jpg\" \/><\/a><\/span><\/p>\n<p style=\"text-align: center;\"><img loading=\"lazy\" decoding=\"async\" class=\"alignnone wp-image-21845\" src=\"http:\/\/recettes-gourmandes-de-joce.fr\/wp-content\/uploads\/2020\/05\/20191224_162420-150x150.jpg\" alt=\"\" width=\"153\" height=\"160\" srcset=\"http:\/\/recettes-gourmandes-de-joce.fr\/wp-content\/uploads\/2020\/05\/20191224_162420-287x300.jpg 287w, http:\/\/recettes-gourmandes-de-joce.fr\/wp-content\/uploads\/2020\/05\/20191224_162420.jpg 766w\" sizes=\"auto, (max-width: 153px) 100vw, 153px\" \/> <img loading=\"lazy\" decoding=\"async\" class=\"alignnone wp-image-21846\" src=\"http:\/\/recettes-gourmandes-de-joce.fr\/wp-content\/uploads\/2020\/05\/20191224_162702-150x150.jpg\" alt=\"\" width=\"192\" height=\"160\" srcset=\"http:\/\/recettes-gourmandes-de-joce.fr\/wp-content\/uploads\/2020\/05\/20191224_162702-300x249.jpg 300w, http:\/\/recettes-gourmandes-de-joce.fr\/wp-content\/uploads\/2020\/05\/20191224_162702-768x638.jpg 768w, http:\/\/recettes-gourmandes-de-joce.fr\/wp-content\/uploads\/2020\/05\/20191224_162702.jpg 800w\" sizes=\"auto, (max-width: 192px) 100vw, 192px\" \/> <img loading=\"lazy\" decoding=\"async\" class=\"alignnone wp-image-21838\" src=\"http:\/\/recettes-gourmandes-de-joce.fr\/wp-content\/uploads\/2020\/05\/20191224_163007-150x150.jpg\" alt=\"\" width=\"243\" height=\"160\" srcset=\"http:\/\/recettes-gourmandes-de-joce.fr\/wp-content\/uploads\/2020\/05\/20191224_163007-300x197.jpg 300w, http:\/\/recettes-gourmandes-de-joce.fr\/wp-content\/uploads\/2020\/05\/20191224_163007-768x505.jpg 768w, http:\/\/recettes-gourmandes-de-joce.fr\/wp-content\/uploads\/2020\/05\/20191224_163007.jpg 800w\" sizes=\"auto, (max-width: 243px) 100vw, 243px\" \/><\/p>\n<p style=\"text-align: center;\"><span style=\"color: #e05b0d;\"><em><span style=\"font-size: 14pt; font-family: georgia, palatino, serif;\">Toaster les tranches de pain de mie, peler et \u00e9mincer finement l&rsquo;oignon. R\u00e9aliser la sauce au basilic. R\u00e9partir la sauce sur les tranches de pain de mie. Couper les tranches de pain de mie en 6, r\u00e9partir dessus les oignons, puis des morceaux de saumon fum\u00e9.\u00a0<\/span><\/em><\/span><\/p>\n<p style=\"text-align: center;\"><span style=\"color: #e05b0d;\"><em><span style=\"font-size: 14pt; font-family: georgia, palatino, serif;\">Bon ap\u00e9ritif!<\/span><\/em><\/span><\/p>\n<p style=\"text-align: center;\"><img loading=\"lazy\" decoding=\"async\" class=\"alignnone wp-image-21841\" src=\"http:\/\/recettes-gourmandes-de-joce.fr\/wp-content\/uploads\/2020\/05\/20191224_163922-150x150.jpg\" alt=\"\" width=\"240\" height=\"180\" srcset=\"http:\/\/recettes-gourmandes-de-joce.fr\/wp-content\/uploads\/2020\/05\/20191224_163922-300x225.jpg 300w, http:\/\/recettes-gourmandes-de-joce.fr\/wp-content\/uploads\/2020\/05\/20191224_163922-768x576.jpg 768w, http:\/\/recettes-gourmandes-de-joce.fr\/wp-content\/uploads\/2020\/05\/20191224_163922.jpg 800w\" sizes=\"auto, (max-width: 240px) 100vw, 240px\" \/> <img loading=\"lazy\" decoding=\"async\" class=\"alignnone wp-image-21840\" src=\"http:\/\/recettes-gourmandes-de-joce.fr\/wp-content\/uploads\/2020\/05\/20191224_163911-150x150.jpg\" alt=\"\" width=\"226\" height=\"180\" srcset=\"http:\/\/recettes-gourmandes-de-joce.fr\/wp-content\/uploads\/2020\/05\/20191224_163911-300x239.jpg 300w, http:\/\/recettes-gourmandes-de-joce.fr\/wp-content\/uploads\/2020\/05\/20191224_163911-768x612.jpg 768w, http:\/\/recettes-gourmandes-de-joce.fr\/wp-content\/uploads\/2020\/05\/20191224_163911.jpg 800w\" sizes=\"auto, (max-width: 226px) 100vw, 226px\" \/> <img loading=\"lazy\" decoding=\"async\" class=\"alignnone wp-image-21839\" src=\"http:\/\/recettes-gourmandes-de-joce.fr\/wp-content\/uploads\/2020\/05\/20191224_163907-150x150.jpg\" alt=\"\" width=\"240\" height=\"180\" srcset=\"http:\/\/recettes-gourmandes-de-joce.fr\/wp-content\/uploads\/2020\/05\/20191224_163907-300x225.jpg 300w, http:\/\/recettes-gourmandes-de-joce.fr\/wp-content\/uploads\/2020\/05\/20191224_163907-768x576.jpg 768w, http:\/\/recettes-gourmandes-de-joce.fr\/wp-content\/uploads\/2020\/05\/20191224_163907.jpg 800w\" sizes=\"auto, (max-width: 240px) 100vw, 240px\" \/><\/p>\n<p style=\"text-align: center;\"><img loading=\"lazy\" decoding=\"async\" class=\"alignnone wp-image-16654 size-full\" src=\"http:\/\/recettes-gourmandes-de-joce.fr\/wp-content\/uploads\/2020\/01\/logitech-gaming-software-14112014-121223.jpg\" alt=\"\" width=\"640\" height=\"144\" srcset=\"http:\/\/recettes-gourmandes-de-joce.fr\/wp-content\/uploads\/2020\/01\/logitech-gaming-software-14112014-121223.jpg 640w, http:\/\/recettes-gourmandes-de-joce.fr\/wp-content\/uploads\/2020\/01\/logitech-gaming-software-14112014-121223-300x68.jpg 300w\" sizes=\"auto, (max-width: 640px) 100vw, 640px\" \/><\/p>\n","protected":false},"excerpt":{"rendered":"<p>Une de mes recettes Ingr\u00e9dients pour 18 toasts 200 g de saumon fum\u00e9 3 tranches de pain de mie 1 oignon 1 petit bol de sauce au basilic\u00a0 Recette de la sauce au basilic sur ce lien -&gt; Sauce au basilic\u00a0 Toaster les tranches de pain de mie, peler et \u00e9mincer finement l&rsquo;oignon. R\u00e9aliser la &hellip; <\/p>\n<p><a class=\"more-link btn\" href=\"http:\/\/recettes-gourmandes-de-joce.fr\/index.php\/index\/aperitifs-amuses-bouches\/amuses-bouches\/toasts-au-saumon-fume-oignon-basilic\/\">Lire la suite<\/a><\/p>\n","protected":false},"author":2,"featured_media":83763,"parent":195,"menu_order":0,"comment_status":"open","ping_status":"closed","template":"","meta":{"footnotes":""},"class_list":["post-21847","page","type-page","status-publish","has-post-thumbnail","hentry","nodate","item-wrap"],"_links":{"self":[{"href":"http:\/\/recettes-gourmandes-de-joce.fr\/index.php\/wp-json\/wp\/v2\/pages\/21847","targetHints":{"allow":["GET"]}}],"collection":[{"href":"http:\/\/recettes-gourmandes-de-joce.fr\/index.php\/wp-json\/wp\/v2\/pages"}],"about":[{"href":"http:\/\/recettes-gourmandes-de-joce.fr\/index.php\/wp-json\/wp\/v2\/types\/page"}],"author":[{"embeddable":true,"href":"http:\/\/recettes-gourmandes-de-joce.fr\/index.php\/wp-json\/wp\/v2\/users\/2"}],"replies":[{"embeddable":true,"href":"http:\/\/recettes-gourmandes-de-joce.fr\/index.php\/wp-json\/wp\/v2\/comments?post=21847"}],"version-history":[{"count":3,"href":"http:\/\/recettes-gourmandes-de-joce.fr\/index.php\/wp-json\/wp\/v2\/pages\/21847\/revisions"}],"predecessor-version":[{"id":83764,"href":"http:\/\/recettes-gourmandes-de-joce.fr\/index.php\/wp-json\/wp\/v2\/pages\/21847\/revisions\/83764"}],"up":[{"embeddable":true,"href":"http:\/\/recettes-gourmandes-de-joce.fr\/index.php\/wp-json\/wp\/v2\/pages\/195"}],"wp:featuredmedia":[{"embeddable":true,"href":"http:\/\/recettes-gourmandes-de-joce.fr\/index.php\/wp-json\/wp\/v2\/media\/83763"}],"wp:attachment":[{"href":"http:\/\/recettes-gourmandes-de-joce.fr\/index.php\/wp-json\/wp\/v2\/media?parent=21847"}],"curies":[{"name":"wp","href":"https:\/\/api.w.org\/{rel}","templated":true}]}}