{"id":21795,"date":"2020-05-07T11:36:08","date_gmt":"2020-05-07T11:36:08","guid":{"rendered":"http:\/\/recettes-gourmandes-de-joce.fr\/?page_id=21795"},"modified":"2024-06-15T15:29:41","modified_gmt":"2024-06-15T15:29:41","slug":"trio-de-brochettes-aperitives-au-melon","status":"publish","type":"page","link":"http:\/\/recettes-gourmandes-de-joce.fr\/index.php\/index\/aperitifs-amuses-bouches\/amuses-bouches\/trio-de-brochettes-aperitives-au-melon\/","title":{"rendered":"Trio de brochettes ap\u00e9ritives au melon."},"content":{"rendered":"<p style=\"text-align: center;\"><span style=\"font-family: georgia,serif;\"><span style=\"color: #ff0000; font-size: large;\"><em><span style=\"text-decoration: underline; color: #ff9900;\"><span style=\"line-height: normal; font-size: 9px;\"><span style=\"font-size: x-large;\">Une de mes recettes<\/span>\u00a0<\/span><\/span><\/em><br \/>\n<img loading=\"lazy\" decoding=\"async\" class=\"alignnone wp-image-21787\" src=\"http:\/\/recettes-gourmandes-de-joce.fr\/wp-content\/uploads\/2020\/05\/trio-de-brochettes-aperitives-au-melon-05-300x235.jpg\" alt=\"\" width=\"230\" height=\"180\" srcset=\"http:\/\/recettes-gourmandes-de-joce.fr\/wp-content\/uploads\/2020\/05\/trio-de-brochettes-aperitives-au-melon-05-300x235.jpg 300w, http:\/\/recettes-gourmandes-de-joce.fr\/wp-content\/uploads\/2020\/05\/trio-de-brochettes-aperitives-au-melon-05.jpg 720w\" sizes=\"auto, (max-width: 230px) 100vw, 230px\" \/> <img loading=\"lazy\" decoding=\"async\" class=\"alignnone wp-image-21788\" src=\"http:\/\/recettes-gourmandes-de-joce.fr\/wp-content\/uploads\/2020\/05\/trio-de-brochettes-aperitives-au-melon-06-300x225.jpg\" alt=\"\" width=\"240\" height=\"180\" srcset=\"http:\/\/recettes-gourmandes-de-joce.fr\/wp-content\/uploads\/2020\/05\/trio-de-brochettes-aperitives-au-melon-06-300x225.jpg 300w, http:\/\/recettes-gourmandes-de-joce.fr\/wp-content\/uploads\/2020\/05\/trio-de-brochettes-aperitives-au-melon-06.jpg 720w\" sizes=\"auto, (max-width: 240px) 100vw, 240px\" \/> <img loading=\"lazy\" decoding=\"async\" class=\"alignnone wp-image-21786\" src=\"http:\/\/recettes-gourmandes-de-joce.fr\/wp-content\/uploads\/2020\/05\/trio-de-brochettes-aperitives-au-melon-04-300x225.jpg\" alt=\"\" width=\"240\" height=\"180\" srcset=\"http:\/\/recettes-gourmandes-de-joce.fr\/wp-content\/uploads\/2020\/05\/trio-de-brochettes-aperitives-au-melon-04-300x225.jpg 300w, http:\/\/recettes-gourmandes-de-joce.fr\/wp-content\/uploads\/2020\/05\/trio-de-brochettes-aperitives-au-melon-04.jpg 720w\" sizes=\"auto, (max-width: 240px) 100vw, 240px\" \/><\/span><\/span><\/p>\n<p style=\"text-align: center;\"><span style=\"font-family: georgia,serif;\"><span style=\"color: #ff0000; font-size: large;\"><img loading=\"lazy\" decoding=\"async\" class=\"alignnone wp-image-21789\" src=\"http:\/\/recettes-gourmandes-de-joce.fr\/wp-content\/uploads\/2020\/05\/trio-de-brochettes-aperitives-au-melon-07-300x225.jpg\" alt=\"\" width=\"240\" height=\"180\" srcset=\"http:\/\/recettes-gourmandes-de-joce.fr\/wp-content\/uploads\/2020\/05\/trio-de-brochettes-aperitives-au-melon-07-300x225.jpg 300w, http:\/\/recettes-gourmandes-de-joce.fr\/wp-content\/uploads\/2020\/05\/trio-de-brochettes-aperitives-au-melon-07.jpg 720w\" sizes=\"auto, (max-width: 240px) 100vw, 240px\" \/><\/span><\/span><\/p>\n<p style=\"text-align: center;\"><span style=\"font-family: georgia,serif;\"><span style=\"color: #ff0000; font-size: large;\"><em><span style=\"text-decoration: underline; color: #ff9900;\"><span style=\"font-style: italic;\"><span style=\"font-size: x-large;\">Ingr\u00e9dients pour 6 personnes<\/span><\/span><\/span><\/em><\/span><\/span><\/p>\n<p style=\"text-align: center;\"><span style=\"font-family: georgia,serif;\"><span style=\"color: #ff0000; font-size: large;\"><em><img loading=\"lazy\" decoding=\"async\" class=\"alignnone wp-image-21790\" src=\"http:\/\/recettes-gourmandes-de-joce.fr\/wp-content\/uploads\/2020\/05\/trio-de-brochettes-aperitives-au-melon-01-284x300.jpg\" alt=\"\" width=\"170\" height=\"180\" srcset=\"http:\/\/recettes-gourmandes-de-joce.fr\/wp-content\/uploads\/2020\/05\/trio-de-brochettes-aperitives-au-melon-01-284x300.jpg 284w, http:\/\/recettes-gourmandes-de-joce.fr\/wp-content\/uploads\/2020\/05\/trio-de-brochettes-aperitives-au-melon-01.jpg 594w\" sizes=\"auto, (max-width: 170px) 100vw, 170px\" \/> <img loading=\"lazy\" decoding=\"async\" class=\"alignnone wp-image-21791\" src=\"http:\/\/recettes-gourmandes-de-joce.fr\/wp-content\/uploads\/2020\/05\/trio-de-brochettes-aperitives-au-melon-02-232x300.jpg\" alt=\"\" width=\"139\" height=\"180\" srcset=\"http:\/\/recettes-gourmandes-de-joce.fr\/wp-content\/uploads\/2020\/05\/trio-de-brochettes-aperitives-au-melon-02-232x300.jpg 232w, http:\/\/recettes-gourmandes-de-joce.fr\/wp-content\/uploads\/2020\/05\/trio-de-brochettes-aperitives-au-melon-02.jpg 619w\" sizes=\"auto, (max-width: 139px) 100vw, 139px\" \/> <img loading=\"lazy\" decoding=\"async\" class=\"alignnone wp-image-21799\" src=\"http:\/\/recettes-gourmandes-de-joce.fr\/wp-content\/uploads\/2020\/05\/Montages23-150x150.jpg\" alt=\"\" width=\"114\" height=\"180\" srcset=\"http:\/\/recettes-gourmandes-de-joce.fr\/wp-content\/uploads\/2020\/05\/Montages23-189x300.jpg 189w, http:\/\/recettes-gourmandes-de-joce.fr\/wp-content\/uploads\/2020\/05\/Montages23.jpg 505w\" sizes=\"auto, (max-width: 114px) 100vw, 114px\" \/><\/em><\/span><\/span><\/p>\n<p style=\"text-align: center;\"><span style=\"font-family: georgia,serif;\"><span style=\"color: #ff0000; font-size: large;\"><em><span style=\"color: #ff9900;\">1 melon <\/span><\/em><\/span><\/span><\/p>\n<p style=\"text-align: center;\"><span style=\"font-family: georgia,serif;\"><span style=\"color: #ff0000; font-size: large;\"><em><span style=\"color: #ff9900;\">250 g de grosses crevettes roses <\/span><\/em><\/span><\/span><\/p>\n<p style=\"text-align: center;\"><span style=\"font-family: georgia,serif;\"><span style=\"color: #ff0000; font-size: large;\"><em><span style=\"color: #ff9900;\">200 g de tranches de lard fum\u00e9 (12 tranches environ) <\/span><\/em><\/span><\/span><\/p>\n<p style=\"text-align: center;\"><span style=\"font-family: georgia,serif;\"><span style=\"color: #ff0000; font-size: large;\"><em><span style=\"color: #ff9900;\">2 gousses d&rsquo;ail <\/span><\/em><\/span><\/span><\/p>\n<p style=\"text-align: center;\"><span style=\"font-family: georgia,serif;\"><span style=\"color: #ff0000; font-size: large;\"><em><span style=\"color: #ff9900;\">1 bouquet de ciboulette <\/span><\/em><\/span><\/span><\/p>\n<p style=\"text-align: center;\"><span style=\"font-family: georgia,serif;\"><span style=\"color: #ff0000; font-size: large;\"><em><span style=\"color: #ff9900;\">Huile d&rsquo;olive <\/span><\/em><\/span><\/span><\/p>\n<p style=\"text-align: center;\"><span style=\"font-family: georgia,serif;\"><span style=\"color: #ff0000; font-size: large;\"><em><span style=\"color: #ff9900;\">Quelques feuilles de menthe fra\u00eeche <\/span><\/em><\/span><\/span><\/p>\n<p style=\"text-align: center;\"><span style=\"font-family: georgia,serif;\"><span style=\"color: #ff0000; font-size: large;\"><em><span style=\"color: #ff9900;\">Des p\u00e9pites caram\u00e9lis\u00e9es <\/span><\/em><\/span><\/span><\/p>\n<p style=\"text-align: center;\"><span style=\"font-family: georgia,serif;\"><span style=\"color: #ff0000; font-size: large;\"><em><span style=\"color: #ff9900;\">1 c \u00e0 caf\u00e9 de piment d&rsquo;Espelette <\/span><\/em><\/span><\/span><\/p>\n<p style=\"text-align: center;\"><span style=\"font-family: georgia,serif;\"><span style=\"color: #ff0000; font-size: large;\"><em><span style=\"color: #ff9900;\">1 c \u00e0 s de jus de citron <\/span><br \/>\n<span style=\"line-height: normal; font-size: 18px; color: #ff9900;\"><span style=\"text-decoration: underline;\"><span style=\"font-style: italic;\"><span style=\"font-size: x-large;\">Deux heures avant<\/span><\/span><\/span><\/span><\/em><\/span><\/span><\/p>\n<p style=\"text-align: center;\"><em><span style=\"font-size: 20px;\"><span style=\"font-family: georgia,serif;\"><span style=\"color: #ff8c00;\">Cuisson des crevettes si elles sont crues <\/span><\/span><\/span><\/em><\/p>\n<p style=\"text-align: center;\"><em><span style=\"font-size: 20px;\"><span style=\"font-family: georgia,serif;\"><span style=\"color: #ff8c00;\">sur ce lien -&gt;<\/span> <a href=\"http:\/\/recettes-gourmandes-de-joce.fr\/index.php\/index\/poissons-coquillages\/coquillages-crustaces\/cuisson-des-crevettes-crues-au-piment-despelette\/\">Cuisson des crevettes <img loading=\"lazy\" decoding=\"async\" class=\"alignnone wp-image-21797\" src=\"http:\/\/recettes-gourmandes-de-joce.fr\/wp-content\/uploads\/2020\/05\/crevettes3-300x210.jpg\" alt=\"\" width=\"229\" height=\"160\" srcset=\"http:\/\/recettes-gourmandes-de-joce.fr\/wp-content\/uploads\/2020\/05\/crevettes3-300x210.jpg 300w, http:\/\/recettes-gourmandes-de-joce.fr\/wp-content\/uploads\/2020\/05\/crevettes3-768x538.jpg 768w, http:\/\/recettes-gourmandes-de-joce.fr\/wp-content\/uploads\/2020\/05\/crevettes3.jpg 800w\" sizes=\"auto, (max-width: 229px) 100vw, 229px\" \/><\/a><\/span><\/span><\/em><\/p>\n<p style=\"text-align: center;\"><span style=\"font-family: georgia, serif; color: #ff6600;\"><span style=\"font-size: large;\"><em><span style=\"line-height: normal; font-size: 18px;\"><span style=\"font-style: italic;\"><span style=\"text-decoration: underline;\"><span style=\"font-size: x-large;\">Brochettes de crevettes marin\u00e9es au melon<\/span><\/span><\/span><\/span><\/em><\/span><\/span><\/p>\n<p style=\"text-align: center;\"><span style=\"font-family: georgia,serif;\"> <img loading=\"lazy\" decoding=\"async\" class=\"alignnone wp-image-17311\" src=\"http:\/\/recettes-gourmandes-de-joce.fr\/wp-content\/uploads\/2020\/02\/20200216_140223-300x225.jpg\" alt=\"\" width=\"213\" height=\"160\" srcset=\"http:\/\/recettes-gourmandes-de-joce.fr\/wp-content\/uploads\/2020\/02\/20200216_140223-300x225.jpg 300w, http:\/\/recettes-gourmandes-de-joce.fr\/wp-content\/uploads\/2020\/02\/20200216_140223-768x576.jpg 768w, http:\/\/recettes-gourmandes-de-joce.fr\/wp-content\/uploads\/2020\/02\/20200216_140223-1024x768.jpg 1024w, http:\/\/recettes-gourmandes-de-joce.fr\/wp-content\/uploads\/2020\/02\/20200216_140223.jpg 1600w\" sizes=\"auto, (max-width: 213px) 100vw, 213px\" \/> <img loading=\"lazy\" decoding=\"async\" class=\"alignnone wp-image-21628\" src=\"http:\/\/recettes-gourmandes-de-joce.fr\/wp-content\/uploads\/2020\/05\/P5040064-300x199.jpg\" alt=\"\" width=\"241\" height=\"160\" srcset=\"http:\/\/recettes-gourmandes-de-joce.fr\/wp-content\/uploads\/2020\/05\/P5040064-300x199.jpg 300w, http:\/\/recettes-gourmandes-de-joce.fr\/wp-content\/uploads\/2020\/05\/P5040064.jpg 527w\" sizes=\"auto, (max-width: 241px) 100vw, 241px\" \/> <img loading=\"lazy\" decoding=\"async\" class=\"alignnone wp-image-21090\" src=\"http:\/\/recettes-gourmandes-de-joce.fr\/wp-content\/uploads\/2020\/04\/p9210098-300x196.jpg\" alt=\"\" width=\"245\" height=\"160\" srcset=\"http:\/\/recettes-gourmandes-de-joce.fr\/wp-content\/uploads\/2020\/04\/p9210098-300x196.jpg 300w, http:\/\/recettes-gourmandes-de-joce.fr\/wp-content\/uploads\/2020\/04\/p9210098.jpg 653w\" sizes=\"auto, (max-width: 245px) 100vw, 245px\" \/><\/span><\/p>\n<p style=\"text-align: center;\"><span style=\"font-family: georgia,serif;\"><em><span style=\"font-size: large;\"><span style=\"color: #ff9900;\">D\u00e9cortiquer les crevettes, laver et ciseler la ciboulette, peler, d\u00e9germer et hacher l&rsquo;ail. <\/span><\/span><\/em><\/span><\/p>\n<p><img loading=\"lazy\" decoding=\"async\" class=\"wp-image-21792 aligncenter\" src=\"http:\/\/recettes-gourmandes-de-joce.fr\/wp-content\/uploads\/2020\/05\/trio-de-brochettes-aperitives-au-melon-03-300x225.jpg\" alt=\"\" width=\"213\" height=\"160\" srcset=\"http:\/\/recettes-gourmandes-de-joce.fr\/wp-content\/uploads\/2020\/05\/trio-de-brochettes-aperitives-au-melon-03-300x225.jpg 300w, http:\/\/recettes-gourmandes-de-joce.fr\/wp-content\/uploads\/2020\/05\/trio-de-brochettes-aperitives-au-melon-03.jpg 720w\" sizes=\"auto, (max-width: 213px) 100vw, 213px\" \/><\/p>\n<p style=\"text-align: center;\"><span style=\"font-family: georgia,serif;\"><em><span style=\"font-size: large;\"><span style=\"color: #ff9900;\">Dans un bol mettre le jus de citron <\/span><span style=\"color: #ff9900;\">3 c \u00e0 s d&rsquo;huile d&rsquo;olive, l&rsquo;ail hach\u00e9, le piment d&rsquo;Espelette, la ciboulette, du sel, <\/span><span style=\"color: #ff9900;\">m\u00e9langer et y ajouter les crevettes laisser mariner 2 h en <\/span><\/span><span style=\"color: #ff9900;\"><span style=\"font-size: large;\">remuant de temps en temps.<\/span> <\/span><\/em><\/span><span style=\"font-family: georgia,serif;\"><span style=\"color: #ff0000; font-size: large;\"><em><span style=\"line-height: normal; font-size: 18px; color: #ff9900;\"><br \/>\n<\/span><\/em><\/span><br \/>\n<span style=\"color: #ff0000; font-size: large;\"><em><em><img loading=\"lazy\" decoding=\"async\" class=\"alignnone wp-image-21793\" src=\"http:\/\/recettes-gourmandes-de-joce.fr\/wp-content\/uploads\/2020\/05\/salade_de_melon_chevre_bacon_et_ciboulette_02-300x234.jpg\" alt=\"\" width=\"205\" height=\"160\" srcset=\"http:\/\/recettes-gourmandes-de-joce.fr\/wp-content\/uploads\/2020\/05\/salade_de_melon_chevre_bacon_et_ciboulette_02-300x234.jpg 300w, http:\/\/recettes-gourmandes-de-joce.fr\/wp-content\/uploads\/2020\/05\/salade_de_melon_chevre_bacon_et_ciboulette_02.jpg 518w\" sizes=\"auto, (max-width: 205px) 100vw, 205px\" \/> <img loading=\"lazy\" decoding=\"async\" class=\"alignnone wp-image-21786\" src=\"http:\/\/recettes-gourmandes-de-joce.fr\/wp-content\/uploads\/2020\/05\/trio-de-brochettes-aperitives-au-melon-04-300x225.jpg\" alt=\"\" width=\"213\" height=\"160\" srcset=\"http:\/\/recettes-gourmandes-de-joce.fr\/wp-content\/uploads\/2020\/05\/trio-de-brochettes-aperitives-au-melon-04-300x225.jpg 300w, http:\/\/recettes-gourmandes-de-joce.fr\/wp-content\/uploads\/2020\/05\/trio-de-brochettes-aperitives-au-melon-04.jpg 720w\" sizes=\"auto, (max-width: 213px) 100vw, 213px\" \/><\/em><\/em><\/span><\/span><\/p>\n<p style=\"text-align: center;\"><span style=\"font-family: georgia,serif;\"><span style=\"color: #ff0000; font-size: large;\"><em><span style=\"color: #ff9900;\">Couper le melon en trois <\/span><span style=\"color: #ff9900;\">prendre un tiers, enlever la peau et couper le en petits <\/span><span style=\"color: #ff9900;\">morceaux. <\/span><span style=\"color: #ff9900;\">Sur des cure-dents en bois mettre une crevette, un morceau de <\/span><span style=\"color: #ff9900;\">melon et une crevette.\u00a0<\/span><\/em><\/span><\/span><\/p>\n<p style=\"text-align: center;\"><span style=\"font-family: georgia, serif; color: #800080;\"><span style=\"font-size: large;\"><em><span style=\"line-height: normal; font-size: 18px;\"><span style=\"text-decoration: underline;\"><span style=\"font-style: italic;\"><span style=\"font-size: x-large;\">Brochettes de lard fum\u00e9 au melon<\/span><\/span><\/span><\/span><\/em><\/span><\/span><\/p>\n<p style=\"text-align: center;\"><span style=\"font-family: georgia,serif;\"><span style=\"color: #ff0000; font-size: large;\"><em> <img loading=\"lazy\" decoding=\"async\" class=\"alignnone wp-image-21793\" src=\"http:\/\/recettes-gourmandes-de-joce.fr\/wp-content\/uploads\/2020\/05\/salade_de_melon_chevre_bacon_et_ciboulette_02-300x234.jpg\" alt=\"\" width=\"205\" height=\"160\" srcset=\"http:\/\/recettes-gourmandes-de-joce.fr\/wp-content\/uploads\/2020\/05\/salade_de_melon_chevre_bacon_et_ciboulette_02-300x234.jpg 300w, http:\/\/recettes-gourmandes-de-joce.fr\/wp-content\/uploads\/2020\/05\/salade_de_melon_chevre_bacon_et_ciboulette_02.jpg 518w\" sizes=\"auto, (max-width: 205px) 100vw, 205px\" \/> <img loading=\"lazy\" decoding=\"async\" class=\"alignnone wp-image-21787\" src=\"http:\/\/recettes-gourmandes-de-joce.fr\/wp-content\/uploads\/2020\/05\/trio-de-brochettes-aperitives-au-melon-05-300x235.jpg\" alt=\"\" width=\"205\" height=\"160\" srcset=\"http:\/\/recettes-gourmandes-de-joce.fr\/wp-content\/uploads\/2020\/05\/trio-de-brochettes-aperitives-au-melon-05-300x235.jpg 300w, http:\/\/recettes-gourmandes-de-joce.fr\/wp-content\/uploads\/2020\/05\/trio-de-brochettes-aperitives-au-melon-05.jpg 720w\" sizes=\"auto, (max-width: 205px) 100vw, 205px\" \/><\/em><\/span><\/span><\/p>\n<p style=\"text-align: center;\"><span style=\"font-family: georgia,serif;\"><span style=\"color: #ff0000; font-size: large;\"><em><span style=\"color: #ff9900;\">Couper en petits morceaux le 2\u00e8me tiers du melon, <\/span><span style=\"color: #ff9900;\">couper en deux les tranches de lard. <\/span><span style=\"color: #ff9900;\">Sur les cure-dents mettre un morceau de melon, une demi <\/span><span style=\"color: #ff9900;\">tranche de lard, un morceau de melon.<\/span><\/em><\/span><\/span><\/p>\n<p style=\"text-align: center;\"><span style=\"font-family: georgia, serif; color: #008000;\"><span style=\"font-size: large;\"><em><span style=\"line-height: normal; font-size: 18px;\"><span style=\"text-decoration: underline;\"><span style=\"font-style: italic;\"><span style=\"font-size: x-large;\">Bouch\u00e9es au melon et menthe<\/span> <\/span><\/span><\/span><\/em><\/span><\/span><\/p>\n<p style=\"text-align: center;\"><span style=\"font-family: georgia,serif;\"><span style=\"color: #ff0000; font-size: large;\"><em><img loading=\"lazy\" decoding=\"async\" class=\"alignnone wp-image-21794\" src=\"http:\/\/recettes-gourmandes-de-joce.fr\/wp-content\/uploads\/2020\/05\/p3290748-300x171.jpg\" alt=\"\" width=\"281\" height=\"160\" srcset=\"http:\/\/recettes-gourmandes-de-joce.fr\/wp-content\/uploads\/2020\/05\/p3290748-300x171.jpg 300w, http:\/\/recettes-gourmandes-de-joce.fr\/wp-content\/uploads\/2020\/05\/p3290748-768x437.jpg 768w, http:\/\/recettes-gourmandes-de-joce.fr\/wp-content\/uploads\/2020\/05\/p3290748.jpg 800w\" sizes=\"auto, (max-width: 281px) 100vw, 281px\" \/> <img loading=\"lazy\" decoding=\"async\" class=\"alignnone wp-image-21793\" src=\"http:\/\/recettes-gourmandes-de-joce.fr\/wp-content\/uploads\/2020\/05\/salade_de_melon_chevre_bacon_et_ciboulette_02-300x234.jpg\" alt=\"\" width=\"205\" height=\"160\" srcset=\"http:\/\/recettes-gourmandes-de-joce.fr\/wp-content\/uploads\/2020\/05\/salade_de_melon_chevre_bacon_et_ciboulette_02-300x234.jpg 300w, http:\/\/recettes-gourmandes-de-joce.fr\/wp-content\/uploads\/2020\/05\/salade_de_melon_chevre_bacon_et_ciboulette_02.jpg 518w\" sizes=\"auto, (max-width: 205px) 100vw, 205px\" \/> <img loading=\"lazy\" decoding=\"async\" class=\"alignnone wp-image-20235\" src=\"http:\/\/recettes-gourmandes-de-joce.fr\/wp-content\/uploads\/2020\/04\/20200412_114224-150x150.jpg\" alt=\"\" width=\"213\" height=\"160\" srcset=\"http:\/\/recettes-gourmandes-de-joce.fr\/wp-content\/uploads\/2020\/04\/20200412_114224-300x225.jpg 300w, http:\/\/recettes-gourmandes-de-joce.fr\/wp-content\/uploads\/2020\/04\/20200412_114224-768x576.jpg 768w, http:\/\/recettes-gourmandes-de-joce.fr\/wp-content\/uploads\/2020\/04\/20200412_114224-1024x768.jpg 1024w, http:\/\/recettes-gourmandes-de-joce.fr\/wp-content\/uploads\/2020\/04\/20200412_114224.jpg 1600w\" sizes=\"auto, (max-width: 213px) 100vw, 213px\" \/><\/em><\/span><\/span><\/p>\n<p style=\"text-align: center;\"><span style=\"font-family: georgia,serif;\"><em><span style=\"color: #ff9900; font-size: large;\">Couper le 3\u00e8me tiers du melon en petits morceaux, les <\/span><span style=\"color: #ff9900; font-size: large;\">mettre dans un bol, ciseler la menthe et ajoutez l\u00e0 aux <\/span><span style=\"color: #ff9900; font-size: large;\">morceaux de melon, ajouter un c \u00e0 s de p\u00e9pites caram\u00e9lis\u00e9es, <\/span><span style=\"color: #ff9900; font-size: large;\">m\u00e9langer et piquer des cure-dents.<\/span><\/em><\/span><\/p>\n<p style=\"text-align: center;\"><span style=\"font-family: georgia,serif;\"><em><span style=\"color: #ff9900; font-size: large;\"> Bon ap\u00e9ritif!<\/span><\/em><\/span><\/p>\n<p style=\"text-align: center;\"><img loading=\"lazy\" decoding=\"async\" class=\"alignnone wp-image-21786\" src=\"http:\/\/recettes-gourmandes-de-joce.fr\/wp-content\/uploads\/2020\/05\/trio-de-brochettes-aperitives-au-melon-04-300x225.jpg\" alt=\"\" width=\"240\" height=\"180\" srcset=\"http:\/\/recettes-gourmandes-de-joce.fr\/wp-content\/uploads\/2020\/05\/trio-de-brochettes-aperitives-au-melon-04-300x225.jpg 300w, http:\/\/recettes-gourmandes-de-joce.fr\/wp-content\/uploads\/2020\/05\/trio-de-brochettes-aperitives-au-melon-04.jpg 720w\" sizes=\"auto, (max-width: 240px) 100vw, 240px\" \/> <img loading=\"lazy\" decoding=\"async\" class=\"alignnone wp-image-21788\" src=\"http:\/\/recettes-gourmandes-de-joce.fr\/wp-content\/uploads\/2020\/05\/trio-de-brochettes-aperitives-au-melon-06-300x225.jpg\" alt=\"\" width=\"240\" height=\"180\" srcset=\"http:\/\/recettes-gourmandes-de-joce.fr\/wp-content\/uploads\/2020\/05\/trio-de-brochettes-aperitives-au-melon-06-300x225.jpg 300w, http:\/\/recettes-gourmandes-de-joce.fr\/wp-content\/uploads\/2020\/05\/trio-de-brochettes-aperitives-au-melon-06.jpg 720w\" sizes=\"auto, (max-width: 240px) 100vw, 240px\" \/> <img loading=\"lazy\" decoding=\"async\" class=\"alignnone wp-image-21787\" src=\"http:\/\/recettes-gourmandes-de-joce.fr\/wp-content\/uploads\/2020\/05\/trio-de-brochettes-aperitives-au-melon-05-300x235.jpg\" alt=\"\" width=\"230\" height=\"180\" srcset=\"http:\/\/recettes-gourmandes-de-joce.fr\/wp-content\/uploads\/2020\/05\/trio-de-brochettes-aperitives-au-melon-05-300x235.jpg 300w, http:\/\/recettes-gourmandes-de-joce.fr\/wp-content\/uploads\/2020\/05\/trio-de-brochettes-aperitives-au-melon-05.jpg 720w\" sizes=\"auto, (max-width: 230px) 100vw, 230px\" \/><\/p>\n<p style=\"text-align: center;\"><img loading=\"lazy\" decoding=\"async\" class=\"alignnone wp-image-16654 size-full\" src=\"http:\/\/recettes-gourmandes-de-joce.fr\/wp-content\/uploads\/2020\/01\/logitech-gaming-software-14112014-121223.jpg\" alt=\"\" width=\"640\" height=\"144\" srcset=\"http:\/\/recettes-gourmandes-de-joce.fr\/wp-content\/uploads\/2020\/01\/logitech-gaming-software-14112014-121223.jpg 640w, http:\/\/recettes-gourmandes-de-joce.fr\/wp-content\/uploads\/2020\/01\/logitech-gaming-software-14112014-121223-300x68.jpg 300w\" sizes=\"auto, (max-width: 640px) 100vw, 640px\" \/><\/p>\n","protected":false},"excerpt":{"rendered":"<p>Une de mes recettes\u00a0 Ingr\u00e9dients pour 6 personnes 1 melon 250 g de grosses crevettes roses 200 g de tranches de lard fum\u00e9 (12 tranches environ) 2 gousses d&rsquo;ail 1 bouquet de ciboulette Huile d&rsquo;olive Quelques feuilles de menthe fra\u00eeche Des p\u00e9pites caram\u00e9lis\u00e9es 1 c \u00e0 caf\u00e9 de piment d&rsquo;Espelette 1 c \u00e0 s de &hellip; <\/p>\n<p><a class=\"more-link btn\" href=\"http:\/\/recettes-gourmandes-de-joce.fr\/index.php\/index\/aperitifs-amuses-bouches\/amuses-bouches\/trio-de-brochettes-aperitives-au-melon\/\">Lire la suite<\/a><\/p>\n","protected":false},"author":2,"featured_media":83783,"parent":195,"menu_order":0,"comment_status":"open","ping_status":"closed","template":"","meta":{"footnotes":""},"class_list":["post-21795","page","type-page","status-publish","has-post-thumbnail","hentry","nodate","item-wrap"],"_links":{"self":[{"href":"http:\/\/recettes-gourmandes-de-joce.fr\/index.php\/wp-json\/wp\/v2\/pages\/21795","targetHints":{"allow":["GET"]}}],"collection":[{"href":"http:\/\/recettes-gourmandes-de-joce.fr\/index.php\/wp-json\/wp\/v2\/pages"}],"about":[{"href":"http:\/\/recettes-gourmandes-de-joce.fr\/index.php\/wp-json\/wp\/v2\/types\/page"}],"author":[{"embeddable":true,"href":"http:\/\/recettes-gourmandes-de-joce.fr\/index.php\/wp-json\/wp\/v2\/users\/2"}],"replies":[{"embeddable":true,"href":"http:\/\/recettes-gourmandes-de-joce.fr\/index.php\/wp-json\/wp\/v2\/comments?post=21795"}],"version-history":[{"count":7,"href":"http:\/\/recettes-gourmandes-de-joce.fr\/index.php\/wp-json\/wp\/v2\/pages\/21795\/revisions"}],"predecessor-version":[{"id":83782,"href":"http:\/\/recettes-gourmandes-de-joce.fr\/index.php\/wp-json\/wp\/v2\/pages\/21795\/revisions\/83782"}],"up":[{"embeddable":true,"href":"http:\/\/recettes-gourmandes-de-joce.fr\/index.php\/wp-json\/wp\/v2\/pages\/195"}],"wp:featuredmedia":[{"embeddable":true,"href":"http:\/\/recettes-gourmandes-de-joce.fr\/index.php\/wp-json\/wp\/v2\/media\/83783"}],"wp:attachment":[{"href":"http:\/\/recettes-gourmandes-de-joce.fr\/index.php\/wp-json\/wp\/v2\/media?parent=21795"}],"curies":[{"name":"wp","href":"https:\/\/api.w.org\/{rel}","templated":true}]}}