{"id":2176,"date":"2019-10-02T08:25:26","date_gmt":"2019-10-02T08:25:26","guid":{"rendered":"http:\/\/recettes-gourmandes-de-joce.fr\/?page_id=2176"},"modified":"2026-03-16T18:48:17","modified_gmt":"2026-03-16T18:48:17","slug":"poulet-marine-a-la-citronnelle-ail-piment-et-herbes-fraiches","status":"publish","type":"page","link":"http:\/\/recettes-gourmandes-de-joce.fr\/index.php\/index\/viandes\/volailles\/poulet\/poulet-marine-a-la-citronnelle-ail-piment-et-herbes-fraiches\/","title":{"rendered":"Poulet marin\u00e9 \u00e0 la citronnelle, ail, piment et herbes fra\u00eeches."},"content":{"rendered":"<p style=\"text-align: center;\"><span style=\"color: #808000; text-decoration: underline; font-family: georgia, palatino, serif;\"><em><span style=\"font-size: x-large;\">Une de mes recettes<\/span><\/em><\/span><\/p>\n<p style=\"text-align: center;\"><img loading=\"lazy\" decoding=\"async\" class=\"alignnone wp-image-72528\" src=\"http:\/\/recettes-gourmandes-de-joce.fr\/wp-content\/uploads\/2024\/04\/poulet-marine-citronnelle3.jpg\" alt=\"\" width=\"240\" height=\"180\" srcset=\"http:\/\/recettes-gourmandes-de-joce.fr\/wp-content\/uploads\/2024\/04\/poulet-marine-citronnelle3.jpg 800w, http:\/\/recettes-gourmandes-de-joce.fr\/wp-content\/uploads\/2024\/04\/poulet-marine-citronnelle3-768x576.jpg 768w, http:\/\/recettes-gourmandes-de-joce.fr\/wp-content\/uploads\/2024\/04\/poulet-marine-citronnelle3-750x563.jpg 750w\" sizes=\"auto, (max-width: 240px) 100vw, 240px\" \/> <img loading=\"lazy\" decoding=\"async\" class=\"alignnone wp-image-72526\" src=\"http:\/\/recettes-gourmandes-de-joce.fr\/wp-content\/uploads\/2024\/04\/poulet-marine-citronnelle1.jpg\" alt=\"\" width=\"240\" height=\"180\" srcset=\"http:\/\/recettes-gourmandes-de-joce.fr\/wp-content\/uploads\/2024\/04\/poulet-marine-citronnelle1.jpg 800w, http:\/\/recettes-gourmandes-de-joce.fr\/wp-content\/uploads\/2024\/04\/poulet-marine-citronnelle1-768x576.jpg 768w, http:\/\/recettes-gourmandes-de-joce.fr\/wp-content\/uploads\/2024\/04\/poulet-marine-citronnelle1-750x563.jpg 750w\" sizes=\"auto, (max-width: 240px) 100vw, 240px\" \/> <img loading=\"lazy\" decoding=\"async\" class=\"alignnone wp-image-72525\" src=\"http:\/\/recettes-gourmandes-de-joce.fr\/wp-content\/uploads\/2024\/04\/poulet-marine-citronnelle16.jpg\" alt=\"\" width=\"240\" height=\"180\" srcset=\"http:\/\/recettes-gourmandes-de-joce.fr\/wp-content\/uploads\/2024\/04\/poulet-marine-citronnelle16.jpg 800w, http:\/\/recettes-gourmandes-de-joce.fr\/wp-content\/uploads\/2024\/04\/poulet-marine-citronnelle16-768x576.jpg 768w, http:\/\/recettes-gourmandes-de-joce.fr\/wp-content\/uploads\/2024\/04\/poulet-marine-citronnelle16-750x563.jpg 750w\" sizes=\"auto, (max-width: 240px) 100vw, 240px\" \/><\/p>\n<p style=\"text-align: center;\"><span style=\"color: #808000; font-size: x-large; text-decoration: underline; font-family: georgia, palatino, serif;\"><em>Ingr\u00e9dients pour 4 personnes<\/em><\/span><\/p>\n<p style=\"text-align: center;\"><img loading=\"lazy\" decoding=\"async\" class=\"alignnone wp-image-72529\" src=\"http:\/\/recettes-gourmandes-de-joce.fr\/wp-content\/uploads\/2024\/04\/poulet-marine-citronnelle4.jpg\" alt=\"\" width=\"294\" height=\"200\" srcset=\"http:\/\/recettes-gourmandes-de-joce.fr\/wp-content\/uploads\/2024\/04\/poulet-marine-citronnelle4.jpg 800w, http:\/\/recettes-gourmandes-de-joce.fr\/wp-content\/uploads\/2024\/04\/poulet-marine-citronnelle4-768x523.jpg 768w, http:\/\/recettes-gourmandes-de-joce.fr\/wp-content\/uploads\/2024\/04\/poulet-marine-citronnelle4-750x511.jpg 750w\" sizes=\"auto, (max-width: 294px) 100vw, 294px\" \/><\/p>\n<p style=\"text-align: center;\"><span style=\"font-size: large; font-family: georgia, palatino, serif;\"><em><span style=\"color: #808000;\">4 cuisses de poulet<\/span><\/em><\/span><\/p>\n<p style=\"text-align: center;\"><span style=\"font-size: large; font-family: georgia, palatino, serif;\"><em><span style=\"color: #808000;\">1 citron non trait\u00e9<\/span><\/em><\/span><\/p>\n<p style=\"text-align: center;\"><span style=\"font-size: large; font-family: georgia, palatino, serif;\"><em><span style=\"color: #808000;\">1\u00a0c \u00e0 s rase de poudre de citronnelle -&gt; \u00c9pic\u00e9too<\/span><\/em><\/span><\/p>\n<p style=\"text-align: center;\"><span style=\"font-size: large; font-family: georgia, palatino, serif;\"><em><span style=\"color: #808000;\">3 belles gousses d&rsquo;ail<\/span><\/em><\/span><\/p>\n<p style=\"text-align: center;\"><span style=\"font-size: large; font-family: georgia, palatino, serif;\"><em><span style=\"color: #808000;\">\u00bd c \u00e0 c de piment d&rsquo;Espelette<\/span><\/em><\/span><\/p>\n<p style=\"text-align: center;\"><span style=\"font-size: large; font-family: georgia, palatino, serif;\"><em><span style=\"color: #808000;\">1 petit bouquet de persil plat<\/span><\/em><\/span><\/p>\n<p style=\"text-align: center;\"><span style=\"font-size: large; font-family: georgia, palatino, serif;\"><em><span style=\"color: #808000;\">1 petit bouquet de ciboulette<\/span><\/em><\/span><\/p>\n<p style=\"text-align: center;\"><span style=\"font-size: large; font-family: georgia, palatino, serif;\"><em><span style=\"color: #808000;\">3 belles branches de thym citron<\/span><\/em><\/span><\/p>\n<p style=\"text-align: center;\"><span style=\"font-size: large; font-family: georgia, palatino, serif;\"><em><span style=\"color: #808000;\">100 ml d&rsquo;huile d&rsquo;olive<\/span><\/em><\/span><\/p>\n<p style=\"text-align: center;\"><span style=\"font-size: large; font-family: georgia, palatino, serif;\"><em><span style=\"color: #808000;\">Sel et poivre\u00a0\u00a0<\/span><\/em><\/span><\/p>\n<p style=\"text-align: center;\"><img loading=\"lazy\" decoding=\"async\" class=\"alignnone wp-image-72530\" src=\"http:\/\/recettes-gourmandes-de-joce.fr\/wp-content\/uploads\/2024\/04\/poulet-marine-citronnelle5.jpg\" alt=\"\" width=\"211\" height=\"170\" srcset=\"http:\/\/recettes-gourmandes-de-joce.fr\/wp-content\/uploads\/2024\/04\/poulet-marine-citronnelle5.jpg 800w, http:\/\/recettes-gourmandes-de-joce.fr\/wp-content\/uploads\/2024\/04\/poulet-marine-citronnelle5-768x620.jpg 768w, http:\/\/recettes-gourmandes-de-joce.fr\/wp-content\/uploads\/2024\/04\/poulet-marine-citronnelle5-750x606.jpg 750w\" sizes=\"auto, (max-width: 211px) 100vw, 211px\" \/> <img loading=\"lazy\" decoding=\"async\" class=\"alignnone wp-image-72756\" src=\"http:\/\/recettes-gourmandes-de-joce.fr\/wp-content\/uploads\/2024\/04\/poulet-marine-citron6.jpg\" alt=\"\" width=\"227\" height=\"170\" srcset=\"http:\/\/recettes-gourmandes-de-joce.fr\/wp-content\/uploads\/2024\/04\/poulet-marine-citron6.jpg 1024w, http:\/\/recettes-gourmandes-de-joce.fr\/wp-content\/uploads\/2024\/04\/poulet-marine-citron6-768x576.jpg 768w, http:\/\/recettes-gourmandes-de-joce.fr\/wp-content\/uploads\/2024\/04\/poulet-marine-citron6-750x563.jpg 750w\" sizes=\"auto, (max-width: 227px) 100vw, 227px\" \/> <img loading=\"lazy\" decoding=\"async\" class=\"alignnone wp-image-45905\" src=\"http:\/\/recettes-gourmandes-de-joce.fr\/wp-content\/uploads\/2022\/07\/20210623_193743-001-300x215.jpg\" alt=\"\" width=\"237\" height=\"170\" srcset=\"http:\/\/recettes-gourmandes-de-joce.fr\/wp-content\/uploads\/2022\/07\/20210623_193743-001-300x215.jpg 300w, http:\/\/recettes-gourmandes-de-joce.fr\/wp-content\/uploads\/2022\/07\/20210623_193743-001.jpg 679w\" sizes=\"auto, (max-width: 237px) 100vw, 237px\" \/><\/p>\n<p style=\"text-align: center;\"><span style=\"font-size: 14pt; font-family: georgia, palatino, serif;\"><em><span style=\"color: #808000;\">Peler, d\u00e9germer et hacher l&rsquo;ail finement. <\/span><\/em><em><span style=\"color: #808000;\">Laver et s\u00e9cher les herbes aromatiques et les ciseler finement .<\/span><\/em><\/span><\/p>\n<p style=\"text-align: center;\"><img loading=\"lazy\" decoding=\"async\" class=\"alignnone wp-image-72531\" src=\"http:\/\/recettes-gourmandes-de-joce.fr\/wp-content\/uploads\/2024\/04\/poulet-marine-citronnelle6.jpg\" alt=\"\" width=\"227\" height=\"170\" srcset=\"http:\/\/recettes-gourmandes-de-joce.fr\/wp-content\/uploads\/2024\/04\/poulet-marine-citronnelle6.jpg 800w, http:\/\/recettes-gourmandes-de-joce.fr\/wp-content\/uploads\/2024\/04\/poulet-marine-citronnelle6-768x576.jpg 768w, http:\/\/recettes-gourmandes-de-joce.fr\/wp-content\/uploads\/2024\/04\/poulet-marine-citronnelle6-750x563.jpg 750w\" sizes=\"auto, (max-width: 227px) 100vw, 227px\" \/> <img loading=\"lazy\" decoding=\"async\" class=\"alignnone wp-image-72532\" src=\"http:\/\/recettes-gourmandes-de-joce.fr\/wp-content\/uploads\/2024\/04\/poulet-marine-citronnelle7.jpg\" alt=\"\" width=\"227\" height=\"170\" srcset=\"http:\/\/recettes-gourmandes-de-joce.fr\/wp-content\/uploads\/2024\/04\/poulet-marine-citronnelle7.jpg 800w, http:\/\/recettes-gourmandes-de-joce.fr\/wp-content\/uploads\/2024\/04\/poulet-marine-citronnelle7-768x576.jpg 768w, http:\/\/recettes-gourmandes-de-joce.fr\/wp-content\/uploads\/2024\/04\/poulet-marine-citronnelle7-750x563.jpg 750w\" sizes=\"auto, (max-width: 227px) 100vw, 227px\" \/> <img loading=\"lazy\" decoding=\"async\" class=\"alignnone wp-image-72517\" src=\"http:\/\/recettes-gourmandes-de-joce.fr\/wp-content\/uploads\/2024\/04\/poulet-marine-citronnelle8.jpg\" alt=\"\" width=\"227\" height=\"170\" srcset=\"http:\/\/recettes-gourmandes-de-joce.fr\/wp-content\/uploads\/2024\/04\/poulet-marine-citronnelle8.jpg 800w, http:\/\/recettes-gourmandes-de-joce.fr\/wp-content\/uploads\/2024\/04\/poulet-marine-citronnelle8-768x576.jpg 768w, http:\/\/recettes-gourmandes-de-joce.fr\/wp-content\/uploads\/2024\/04\/poulet-marine-citronnelle8-750x563.jpg 750w\" sizes=\"auto, (max-width: 227px) 100vw, 227px\" \/><\/p>\n<p style=\"text-align: center;\"><span style=\"font-size: 14pt; font-family: georgia, palatino, serif;\"><em><span style=\"color: #808000;\">Dans un saladier mettre le piment, la citronnelle, le sel et le poivre, ajouter dessus les herbes aromatiques. <\/span><\/em><em><span style=\"color: #808000;\">Ajouter l&rsquo;ail et <\/span><\/em><\/span><em style=\"font-family: georgia, palatino, serif; font-size: 18.6667px;\"><span style=\"color: #808000;\">le zeste du citron.<\/span><\/em><\/p>\n<p style=\"text-align: center;\"><span style=\"font-size: 14pt; font-family: georgia, palatino, serif;\"><em><span style=\"color: #808000;\"><span style=\"color: #808000;\"><img loading=\"lazy\" decoding=\"async\" class=\"alignnone wp-image-72518\" src=\"http:\/\/recettes-gourmandes-de-joce.fr\/wp-content\/uploads\/2024\/04\/poulet-marine-citronnelle9.jpg\" alt=\"\" width=\"227\" height=\"170\" srcset=\"http:\/\/recettes-gourmandes-de-joce.fr\/wp-content\/uploads\/2024\/04\/poulet-marine-citronnelle9.jpg 800w, http:\/\/recettes-gourmandes-de-joce.fr\/wp-content\/uploads\/2024\/04\/poulet-marine-citronnelle9-768x576.jpg 768w, http:\/\/recettes-gourmandes-de-joce.fr\/wp-content\/uploads\/2024\/04\/poulet-marine-citronnelle9-750x563.jpg 750w\" sizes=\"auto, (max-width: 227px) 100vw, 227px\" \/> <img loading=\"lazy\" decoding=\"async\" class=\"alignnone wp-image-72519\" src=\"http:\/\/recettes-gourmandes-de-joce.fr\/wp-content\/uploads\/2024\/04\/poulet-marine-citronnelle10.jpg\" alt=\"\" width=\"203\" height=\"170\" srcset=\"http:\/\/recettes-gourmandes-de-joce.fr\/wp-content\/uploads\/2024\/04\/poulet-marine-citronnelle10.jpg 800w, http:\/\/recettes-gourmandes-de-joce.fr\/wp-content\/uploads\/2024\/04\/poulet-marine-citronnelle10-768x642.jpg 768w, http:\/\/recettes-gourmandes-de-joce.fr\/wp-content\/uploads\/2024\/04\/poulet-marine-citronnelle10-750x627.jpg 750w\" sizes=\"auto, (max-width: 203px) 100vw, 203px\" \/> <img loading=\"lazy\" decoding=\"async\" class=\"alignnone wp-image-72520\" src=\"http:\/\/recettes-gourmandes-de-joce.fr\/wp-content\/uploads\/2024\/04\/poulet-marine-citronnelle11.jpg\" alt=\"\" width=\"188\" height=\"170\" srcset=\"http:\/\/recettes-gourmandes-de-joce.fr\/wp-content\/uploads\/2024\/04\/poulet-marine-citronnelle11.jpg 800w, http:\/\/recettes-gourmandes-de-joce.fr\/wp-content\/uploads\/2024\/04\/poulet-marine-citronnelle11-768x695.jpg 768w, http:\/\/recettes-gourmandes-de-joce.fr\/wp-content\/uploads\/2024\/04\/poulet-marine-citronnelle11-750x679.jpg 750w\" sizes=\"auto, (max-width: 188px) 100vw, 188px\" \/> <\/span><\/span><\/em><\/span><\/p>\n<p style=\"text-align: center;\"><span style=\"font-family: georgia, palatino, serif; font-size: 14pt;\"><em><span style=\"color: #808000;\">\u00a0Ajouter le jus du citron et l&rsquo;huile d&rsquo;olive et m\u00e9langer. <\/span><\/em><em><span style=\"color: #808000;\">Votre marinade est pr\u00eate.<\/span><\/em><\/span><\/p>\n<p style=\"text-align: center;\"><img loading=\"lazy\" decoding=\"async\" class=\"alignnone wp-image-72521\" src=\"http:\/\/recettes-gourmandes-de-joce.fr\/wp-content\/uploads\/2024\/04\/poulet-marine-citronnelle12.jpg\" alt=\"\" width=\"227\" height=\"170\" srcset=\"http:\/\/recettes-gourmandes-de-joce.fr\/wp-content\/uploads\/2024\/04\/poulet-marine-citronnelle12.jpg 800w, http:\/\/recettes-gourmandes-de-joce.fr\/wp-content\/uploads\/2024\/04\/poulet-marine-citronnelle12-768x576.jpg 768w, http:\/\/recettes-gourmandes-de-joce.fr\/wp-content\/uploads\/2024\/04\/poulet-marine-citronnelle12-750x563.jpg 750w\" sizes=\"auto, (max-width: 227px) 100vw, 227px\" \/> <img loading=\"lazy\" decoding=\"async\" class=\"alignnone wp-image-72522\" src=\"http:\/\/recettes-gourmandes-de-joce.fr\/wp-content\/uploads\/2024\/04\/poulet-marine-citronnelle13.jpg\" alt=\"\" width=\"227\" height=\"170\" srcset=\"http:\/\/recettes-gourmandes-de-joce.fr\/wp-content\/uploads\/2024\/04\/poulet-marine-citronnelle13.jpg 800w, http:\/\/recettes-gourmandes-de-joce.fr\/wp-content\/uploads\/2024\/04\/poulet-marine-citronnelle13-768x576.jpg 768w, http:\/\/recettes-gourmandes-de-joce.fr\/wp-content\/uploads\/2024\/04\/poulet-marine-citronnelle13-750x563.jpg 750w\" sizes=\"auto, (max-width: 227px) 100vw, 227px\" \/><\/p>\n<p style=\"text-align: center;\"><span style=\"font-size: 14pt; font-family: georgia, palatino, serif;\"><em><span style=\"color: #808000;\">Ajouter les morceaux de poulet dans la marinade, bien m\u00e9langer et laisser au frais 1h environ, au bout de ce temps, d\u00e9poser les morceaux dans un plat allant au four, ajouter \u00bd verre d&rsquo;eau et enfourner 1h15 environ \u00e0 220\u00b0 selon les fours et la grosseur des morceaux, au bout de 25 minutes de cuisson retourner les morceaux, puis recommencer 25 minutes plus tard pour avoir du poulet bien dor\u00e9.<\/span><\/em><\/span><\/p>\n<p style=\"text-align: center;\"><img loading=\"lazy\" decoding=\"async\" class=\"alignnone wp-image-72523\" src=\"http:\/\/recettes-gourmandes-de-joce.fr\/wp-content\/uploads\/2024\/04\/poulet-marine-citronnelle14.jpg\" alt=\"\" width=\"227\" height=\"170\" srcset=\"http:\/\/recettes-gourmandes-de-joce.fr\/wp-content\/uploads\/2024\/04\/poulet-marine-citronnelle14.jpg 800w, http:\/\/recettes-gourmandes-de-joce.fr\/wp-content\/uploads\/2024\/04\/poulet-marine-citronnelle14-768x576.jpg 768w, http:\/\/recettes-gourmandes-de-joce.fr\/wp-content\/uploads\/2024\/04\/poulet-marine-citronnelle14-750x563.jpg 750w\" sizes=\"auto, (max-width: 227px) 100vw, 227px\" \/> <img loading=\"lazy\" decoding=\"async\" class=\"alignnone wp-image-72537\" src=\"http:\/\/recettes-gourmandes-de-joce.fr\/wp-content\/uploads\/2024\/04\/poulet-marine-mexicain12.jpg\" alt=\"\" width=\"197\" height=\"170\" srcset=\"http:\/\/recettes-gourmandes-de-joce.fr\/wp-content\/uploads\/2024\/04\/poulet-marine-mexicain12.jpg 800w, http:\/\/recettes-gourmandes-de-joce.fr\/wp-content\/uploads\/2024\/04\/poulet-marine-mexicain12-768x661.jpg 768w, http:\/\/recettes-gourmandes-de-joce.fr\/wp-content\/uploads\/2024\/04\/poulet-marine-mexicain12-750x646.jpg 750w\" sizes=\"auto, (max-width: 197px) 100vw, 197px\" \/><\/p>\n<p style=\"text-align: center;\"><span style=\"font-size: 14pt; font-family: georgia, palatino, serif;\"><em><span style=\"color: #808000;\">Elle convient tr\u00e8s bien comme ici pour une volaille, mais aussi pour une via<\/span><\/em><\/span><em style=\"font-family: georgia, palatino, serif; font-size: 14pt;\"><span style=\"color: #808000;\">nde blanche, un poisson ou des fruits de mer.<\/span><\/em><\/p>\n<p style=\"text-align: center;\"><span style=\"font-size: 14pt; font-family: georgia, palatino, serif;\"><em><span style=\"color: #808000;\">Cuisson \u00e9galement au barbecue ou \u00e0 la plancha.<\/span><\/em><\/span><\/p>\n<p style=\"text-align: center;\"><span style=\"font-size: 14pt; font-family: georgia, palatino, serif;\"><em><span style=\"color: #808000;\">Bonnes recettes!<\/span><\/em><\/span><\/p>\n<p style=\"text-align: center;\"><img loading=\"lazy\" decoding=\"async\" class=\"alignnone wp-image-72527\" src=\"http:\/\/recettes-gourmandes-de-joce.fr\/wp-content\/uploads\/2024\/04\/poulet-marine-citronnelle2.jpg\" alt=\"\" width=\"222\" height=\"180\" srcset=\"http:\/\/recettes-gourmandes-de-joce.fr\/wp-content\/uploads\/2024\/04\/poulet-marine-citronnelle2.jpg 800w, http:\/\/recettes-gourmandes-de-joce.fr\/wp-content\/uploads\/2024\/04\/poulet-marine-citronnelle2-768x622.jpg 768w, http:\/\/recettes-gourmandes-de-joce.fr\/wp-content\/uploads\/2024\/04\/poulet-marine-citronnelle2-750x608.jpg 750w\" sizes=\"auto, (max-width: 222px) 100vw, 222px\" \/> <img loading=\"lazy\" decoding=\"async\" class=\"alignnone wp-image-72526\" src=\"http:\/\/recettes-gourmandes-de-joce.fr\/wp-content\/uploads\/2024\/04\/poulet-marine-citronnelle1.jpg\" alt=\"\" width=\"240\" height=\"180\" srcset=\"http:\/\/recettes-gourmandes-de-joce.fr\/wp-content\/uploads\/2024\/04\/poulet-marine-citronnelle1.jpg 800w, http:\/\/recettes-gourmandes-de-joce.fr\/wp-content\/uploads\/2024\/04\/poulet-marine-citronnelle1-768x576.jpg 768w, http:\/\/recettes-gourmandes-de-joce.fr\/wp-content\/uploads\/2024\/04\/poulet-marine-citronnelle1-750x563.jpg 750w\" sizes=\"auto, (max-width: 240px) 100vw, 240px\" \/> <img loading=\"lazy\" decoding=\"async\" class=\"alignnone wp-image-72524\" src=\"http:\/\/recettes-gourmandes-de-joce.fr\/wp-content\/uploads\/2024\/04\/poulet-marine-citronnelle15.jpg\" alt=\"\" width=\"240\" height=\"180\" srcset=\"http:\/\/recettes-gourmandes-de-joce.fr\/wp-content\/uploads\/2024\/04\/poulet-marine-citronnelle15.jpg 800w, http:\/\/recettes-gourmandes-de-joce.fr\/wp-content\/uploads\/2024\/04\/poulet-marine-citronnelle15-768x576.jpg 768w, http:\/\/recettes-gourmandes-de-joce.fr\/wp-content\/uploads\/2024\/04\/poulet-marine-citronnelle15-750x563.jpg 750w\" sizes=\"auto, (max-width: 240px) 100vw, 240px\" \/><\/p>\n<p style=\"text-align: center;\"><img loading=\"lazy\" decoding=\"async\" class=\"alignnone size-full wp-image-59803\" src=\"http:\/\/recettes-gourmandes-de-joce.fr\/wp-content\/uploads\/2024\/01\/logitech-gaming-software-14112014-121223.jpg\" alt=\"\" width=\"640\" height=\"144\" \/><\/p>\n","protected":false},"excerpt":{"rendered":"<p>Une de mes recettes Ingr\u00e9dients pour 4 personnes 4 cuisses de poulet 1 citron non trait\u00e9 1\u00a0c \u00e0 s rase de poudre de citronnelle -&gt; \u00c9pic\u00e9too 3 belles gousses d&rsquo;ail \u00bd c \u00e0 c de piment d&rsquo;Espelette 1 petit bouquet de persil plat 1 petit bouquet de ciboulette 3 belles branches de thym citron 100 &hellip; <\/p>\n<p><a class=\"more-link btn\" href=\"http:\/\/recettes-gourmandes-de-joce.fr\/index.php\/index\/viandes\/volailles\/poulet\/poulet-marine-a-la-citronnelle-ail-piment-et-herbes-fraiches\/\">Lire la suite<\/a><\/p>\n","protected":false},"author":2,"featured_media":72525,"parent":979,"menu_order":0,"comment_status":"open","ping_status":"closed","template":"","meta":{"footnotes":""},"class_list":["post-2176","page","type-page","status-publish","has-post-thumbnail","hentry","nodate","item-wrap"],"_links":{"self":[{"href":"http:\/\/recettes-gourmandes-de-joce.fr\/index.php\/wp-json\/wp\/v2\/pages\/2176","targetHints":{"allow":["GET"]}}],"collection":[{"href":"http:\/\/recettes-gourmandes-de-joce.fr\/index.php\/wp-json\/wp\/v2\/pages"}],"about":[{"href":"http:\/\/recettes-gourmandes-de-joce.fr\/index.php\/wp-json\/wp\/v2\/types\/page"}],"author":[{"embeddable":true,"href":"http:\/\/recettes-gourmandes-de-joce.fr\/index.php\/wp-json\/wp\/v2\/users\/2"}],"replies":[{"embeddable":true,"href":"http:\/\/recettes-gourmandes-de-joce.fr\/index.php\/wp-json\/wp\/v2\/comments?post=2176"}],"version-history":[{"count":6,"href":"http:\/\/recettes-gourmandes-de-joce.fr\/index.php\/wp-json\/wp\/v2\/pages\/2176\/revisions"}],"predecessor-version":[{"id":89068,"href":"http:\/\/recettes-gourmandes-de-joce.fr\/index.php\/wp-json\/wp\/v2\/pages\/2176\/revisions\/89068"}],"up":[{"embeddable":true,"href":"http:\/\/recettes-gourmandes-de-joce.fr\/index.php\/wp-json\/wp\/v2\/pages\/979"}],"wp:featuredmedia":[{"embeddable":true,"href":"http:\/\/recettes-gourmandes-de-joce.fr\/index.php\/wp-json\/wp\/v2\/media\/72525"}],"wp:attachment":[{"href":"http:\/\/recettes-gourmandes-de-joce.fr\/index.php\/wp-json\/wp\/v2\/media?parent=2176"}],"curies":[{"name":"wp","href":"https:\/\/api.w.org\/{rel}","templated":true}]}}