{"id":21510,"date":"2020-05-03T21:22:41","date_gmt":"2020-05-03T21:22:41","guid":{"rendered":"http:\/\/recettes-gourmandes-de-joce.fr\/?page_id=21510"},"modified":"2024-06-27T13:19:25","modified_gmt":"2024-06-27T13:19:25","slug":"parmentier-de-canard-a-la-patate-douce-et-sauce-au-foie-gras","status":"publish","type":"page","link":"http:\/\/recettes-gourmandes-de-joce.fr\/index.php\/index\/viandes\/volailles\/canard-pintade\/parmentier-de-canard-a-la-patate-douce-et-sauce-au-foie-gras\/","title":{"rendered":"Parmentier de canard \u00e0 la patate douce et sauce au foie gras."},"content":{"rendered":"<p style=\"text-align: center;\"><span style=\"font-family: georgia, palatino, serif;\"><span style=\"text-decoration: underline; color: #ff6600;\"><em><span style=\"font-size: x-large;\">Une de mes recettes<\/span><\/em><\/span><\/span><\/p>\n<p style=\"text-align: center;\"><span style=\"font-family: georgia, palatino, serif;\"><img loading=\"lazy\" decoding=\"async\" class=\"alignnone wp-image-21509\" src=\"http:\/\/recettes-gourmandes-de-joce.fr\/wp-content\/uploads\/2020\/05\/parmentier_de_canard_a_la_patate_douce_08-150x150.jpg\" alt=\"\" width=\"245\" height=\"180\" srcset=\"http:\/\/recettes-gourmandes-de-joce.fr\/wp-content\/uploads\/2020\/05\/parmentier_de_canard_a_la_patate_douce_08-300x221.jpg 300w, http:\/\/recettes-gourmandes-de-joce.fr\/wp-content\/uploads\/2020\/05\/parmentier_de_canard_a_la_patate_douce_08.jpg 510w\" sizes=\"auto, (max-width: 245px) 100vw, 245px\" \/>\u00a0<img loading=\"lazy\" decoding=\"async\" class=\"alignnone wp-image-21494\" src=\"http:\/\/recettes-gourmandes-de-joce.fr\/wp-content\/uploads\/2020\/05\/parmentier_de_canard_a_la_patate_douce_09-150x150.jpg\" alt=\"\" width=\"251\" height=\"180\" srcset=\"http:\/\/recettes-gourmandes-de-joce.fr\/wp-content\/uploads\/2020\/05\/parmentier_de_canard_a_la_patate_douce_09-300x215.jpg 300w, http:\/\/recettes-gourmandes-de-joce.fr\/wp-content\/uploads\/2020\/05\/parmentier_de_canard_a_la_patate_douce_09.jpg 546w\" sizes=\"auto, (max-width: 251px) 100vw, 251px\" \/><\/span><\/p>\n<p><img loading=\"lazy\" decoding=\"async\" class=\"aligncenter wp-image-21495\" style=\"font-family: georgia, palatino, serif; text-align: center;\" src=\"http:\/\/recettes-gourmandes-de-joce.fr\/wp-content\/uploads\/2020\/05\/parmentier_de_canard_a_la_patate_douce_10-150x150.jpg\" alt=\"\" width=\"296\" height=\"180\" srcset=\"http:\/\/recettes-gourmandes-de-joce.fr\/wp-content\/uploads\/2020\/05\/parmentier_de_canard_a_la_patate_douce_10-300x183.jpg 300w, http:\/\/recettes-gourmandes-de-joce.fr\/wp-content\/uploads\/2020\/05\/parmentier_de_canard_a_la_patate_douce_10.jpg 544w\" sizes=\"auto, (max-width: 296px) 100vw, 296px\" \/><\/p>\n<p style=\"text-align: center;\"><span style=\"font-family: georgia, palatino, serif;\"><span style=\"text-decoration: underline; color: #ff6600;\"><em><span style=\"font-size: x-large;\">Ingr\u00e9dients pour 4 personnes<\/span><\/em><\/span><\/span><\/p>\n<p style=\"text-align: center;\"><span style=\"font-family: georgia, palatino, serif;\"><img loading=\"lazy\" decoding=\"async\" class=\"alignnone wp-image-21511\" src=\"http:\/\/recettes-gourmandes-de-joce.fr\/wp-content\/uploads\/2020\/05\/parmentier_de_canard_a_la_patate_douce_01-150x150.jpg\" alt=\"\" width=\"253\" height=\"180\" srcset=\"http:\/\/recettes-gourmandes-de-joce.fr\/wp-content\/uploads\/2020\/05\/parmentier_de_canard_a_la_patate_douce_01-300x213.jpg 300w, http:\/\/recettes-gourmandes-de-joce.fr\/wp-content\/uploads\/2020\/05\/parmentier_de_canard_a_la_patate_douce_01.jpg 550w\" sizes=\"auto, (max-width: 253px) 100vw, 253px\" \/> <img loading=\"lazy\" decoding=\"async\" class=\"alignnone wp-image-21521\" src=\"http:\/\/recettes-gourmandes-de-joce.fr\/wp-content\/uploads\/2020\/05\/cuisse_de_chevreuil_sauce_aux_foie_gras_et_ce-150x150.jpg\" alt=\"\" width=\"240\" height=\"180\" srcset=\"http:\/\/recettes-gourmandes-de-joce.fr\/wp-content\/uploads\/2020\/05\/cuisse_de_chevreuil_sauce_aux_foie_gras_et_ce-300x225.jpg 300w, http:\/\/recettes-gourmandes-de-joce.fr\/wp-content\/uploads\/2020\/05\/cuisse_de_chevreuil_sauce_aux_foie_gras_et_ce.jpg 550w\" sizes=\"auto, (max-width: 240px) 100vw, 240px\" \/><\/span><\/p>\n<p style=\"text-align: center;\"><span style=\"font-family: georgia, palatino, serif;\"><em><span style=\"color: #ff6600; font-size: large;\">4 cuisses de canard confites<\/span><\/em><\/span><\/p>\n<p style=\"text-align: center;\"><span style=\"font-family: georgia, palatino, serif;\"><em><span style=\"color: #ff6600; font-size: large;\">2 patates douces<\/span><\/em><\/span><\/p>\n<p style=\"text-align: center;\"><span style=\"font-family: georgia, palatino, serif;\"><em><span style=\"color: #ff6600; font-size: large;\">2 grosses pommes de terre<\/span><\/em><\/span><\/p>\n<p style=\"text-align: center;\"><span style=\"font-family: georgia, palatino, serif;\"><em><span style=\"color: #ff6600; font-size: large;\">1 grosse \u00e9chalote<\/span><\/em><\/span><\/p>\n<p style=\"text-align: center;\"><span style=\"font-family: georgia, palatino, serif;\"><em><span style=\"color: #ff6600; font-size: large;\">5 champignons de Paris<\/span><\/em><\/span><\/p>\n<p style=\"text-align: center;\"><span style=\"font-family: georgia, palatino, serif;\"><em><span style=\"color: #ff6600; font-size: large;\">1 petit bouquet de ciboulette<\/span><\/em><\/span><\/p>\n<p style=\"text-align: center;\"><span style=\"font-family: georgia, palatino, serif;\"><em><span style=\"color: #ff6600; font-size: large;\">1 morceau de beurre<\/span><\/em><\/span><\/p>\n<p style=\"text-align: center;\"><span style=\"font-family: georgia, palatino, serif;\"><em><span style=\"color: #ff6600; font-size: large;\">Sel et poivre <\/span><\/em><\/span><\/p>\n<p style=\"text-align: center;\"><span style=\"text-decoration: underline; font-size: 18pt;\"><span style=\"font-family: georgia, palatino, serif;\"><em><span style=\"color: #ff6600; text-decoration: underline;\">Pour la sauce<\/span><\/em><\/span><\/span><\/p>\n<p style=\"text-align: center;\"><span style=\"font-size: 14pt; font-family: georgia, palatino, serif; color: #ff6600;\"><em>50 g de foie gras<\/em><\/span><\/p>\n<p style=\"text-align: center;\"><span style=\"font-size: 14pt; font-family: georgia, palatino, serif; color: #ff6600;\"><em>2 c \u00e0 s rase de fond de veau<\/em><\/span><\/p>\n<p style=\"text-align: center;\"><span style=\"font-size: 14pt; font-family: georgia, palatino, serif; color: #ff6600;\"><em>2 c \u00e0 s de cr\u00e8me fra\u00eeche<\/em><\/span><\/p>\n<p style=\"text-align: center;\"><span style=\"font-size: 14pt; font-family: georgia, palatino, serif; color: #ff6600;\"><em>100 g de c\u00e8pes d\u00e9shydrat\u00e9s <\/em><\/span><\/p>\n<p style=\"text-align: center;\"><span style=\"font-family: georgia, palatino, serif;\"><img loading=\"lazy\" decoding=\"async\" class=\"alignnone wp-image-21496\" src=\"http:\/\/recettes-gourmandes-de-joce.fr\/wp-content\/uploads\/2020\/05\/parmentier_de_canard_a_la_patate_douce_02-002-150x150.jpg\" alt=\"\" width=\"160\" height=\"96\" \/> <img loading=\"lazy\" decoding=\"async\" class=\"alignnone wp-image-21499\" src=\"http:\/\/recettes-gourmandes-de-joce.fr\/wp-content\/uploads\/2020\/05\/parmentier_de_canard_a_la_patate_douce_03-150x150.jpg\" alt=\"\" width=\"214\" height=\"160\" srcset=\"http:\/\/recettes-gourmandes-de-joce.fr\/wp-content\/uploads\/2020\/05\/parmentier_de_canard_a_la_patate_douce_03-300x225.jpg 300w, http:\/\/recettes-gourmandes-de-joce.fr\/wp-content\/uploads\/2020\/05\/parmentier_de_canard_a_la_patate_douce_03.jpg 550w\" sizes=\"auto, (max-width: 214px) 100vw, 214px\" \/>\u00a0<img loading=\"lazy\" decoding=\"async\" class=\"alignnone wp-image-21498\" src=\"http:\/\/recettes-gourmandes-de-joce.fr\/wp-content\/uploads\/2020\/05\/parmentier_de_canard_a_la_patate_douce_02-004-150x150.jpg\" alt=\"\" width=\"160\" height=\"99\" \/> <\/span><\/p>\n<p style=\"text-align: center;\"><span style=\"font-family: georgia, palatino, serif;\"><em><span style=\"color: #ff6600; font-size: large;\">Peler, laver et couper les patates et les pommes de terre en demi tranches, les mettre dans de l&rsquo;eau sal\u00e9e, les mettre \u00e0 cuire. Ciseler la ciboulette et hacher l&rsquo;\u00e9chalote.<\/span><\/em><\/span><\/p>\n<p style=\"text-align: center;\"><span style=\"font-family: georgia, palatino, serif;\"><img loading=\"lazy\" decoding=\"async\" class=\"alignnone wp-image-21497\" src=\"http:\/\/recettes-gourmandes-de-joce.fr\/wp-content\/uploads\/2020\/05\/parmentier_de_canard_a_la_patate_douce_02-003-150x150.jpg\" alt=\"\" width=\"160\" height=\"101\" \/> <img loading=\"lazy\" decoding=\"async\" class=\"alignnone wp-image-20841\" src=\"http:\/\/recettes-gourmandes-de-joce.fr\/wp-content\/uploads\/2020\/04\/P5050076-150x150.jpg\" alt=\"\" width=\"214\" height=\"160\" srcset=\"http:\/\/recettes-gourmandes-de-joce.fr\/wp-content\/uploads\/2020\/04\/P5050076-300x225.jpg 300w, http:\/\/recettes-gourmandes-de-joce.fr\/wp-content\/uploads\/2020\/04\/P5050076.jpg 550w\" sizes=\"auto, (max-width: 214px) 100vw, 214px\" \/> <img loading=\"lazy\" decoding=\"async\" class=\"alignnone wp-image-21501\" src=\"http:\/\/recettes-gourmandes-de-joce.fr\/wp-content\/uploads\/2020\/05\/parmentier_de_canard_a_la_patate_douce_04-001-150x150.jpg\" alt=\"\" width=\"160\" height=\"100\" \/><\/span><\/p>\n<p style=\"text-align: center;\"><span style=\"font-family: georgia, palatino, serif;\"><em><span style=\"color: #ff6600; font-size: large;\"> Passer les champignons dans l&rsquo;eau citronn\u00e9e et coupez-les en petits morceaux. D\u00e9sosser les cuisses de canard et hacher les grossi\u00e8rement. <\/span><\/em><em><span style=\"color: #ff6600; font-size: large;\">Dans une po\u00eale faire fondre le beurre, y faire dorer l&rsquo;\u00e9chalote.<\/span><\/em><\/span><\/p>\n<p style=\"text-align: center;\"><span style=\"font-family: georgia, palatino, serif;\"><img loading=\"lazy\" decoding=\"async\" class=\"alignnone wp-image-21502\" src=\"http:\/\/recettes-gourmandes-de-joce.fr\/wp-content\/uploads\/2020\/05\/parmentier_de_canard_a_la_patate_douce_04-002-150x150.jpg\" alt=\"\" width=\"160\" height=\"100\" \/>\u00a0<img loading=\"lazy\" decoding=\"async\" class=\"alignnone wp-image-21500\" src=\"http:\/\/recettes-gourmandes-de-joce.fr\/wp-content\/uploads\/2020\/05\/parmentier_de_canard_a_la_patate_douce_04-150x150.jpg\" alt=\"\" width=\"160\" height=\"99\" \/> <img loading=\"lazy\" decoding=\"async\" class=\"alignnone wp-image-21503\" src=\"http:\/\/recettes-gourmandes-de-joce.fr\/wp-content\/uploads\/2020\/05\/parmentier_de_canard_a_la_patate_douce_04-003-150x150.jpg\" alt=\"\" width=\"160\" height=\"99\" \/>\u00a0<\/span><\/p>\n<p style=\"text-align: center;\"><span style=\"font-family: georgia, palatino, serif;\"><em><span style=\"color: #ff6600; font-size: large;\">\u00a0Ajouter les champignons, saler et poivrer. <\/span><\/em><em><span style=\"color: #ff6600; font-size: large;\">Laisser mijoter quelques instants et ajouter le canard, laisser chauffer en remuant, ajouter les \u00be de la ciboulette.\u00a0<\/span><\/em><\/span><\/p>\n<p style=\"text-align: center;\"><span style=\"font-family: georgia, palatino, serif;\"><img loading=\"lazy\" decoding=\"async\" class=\"alignnone wp-image-21504\" src=\"http:\/\/recettes-gourmandes-de-joce.fr\/wp-content\/uploads\/2020\/05\/parmentier_de_canard_a_la_patate_douce_05-150x150.jpg\" alt=\"\" width=\"239\" height=\"160\" srcset=\"http:\/\/recettes-gourmandes-de-joce.fr\/wp-content\/uploads\/2020\/05\/parmentier_de_canard_a_la_patate_douce_05-300x201.jpg 300w, http:\/\/recettes-gourmandes-de-joce.fr\/wp-content\/uploads\/2020\/05\/parmentier_de_canard_a_la_patate_douce_05.jpg 550w\" sizes=\"auto, (max-width: 239px) 100vw, 239px\" \/> <img loading=\"lazy\" decoding=\"async\" class=\"alignnone wp-image-21505\" src=\"http:\/\/recettes-gourmandes-de-joce.fr\/wp-content\/uploads\/2020\/05\/parmentier_de_canard_a_la_patate_douce_06-150x150.jpg\" alt=\"\" width=\"214\" height=\"160\" srcset=\"http:\/\/recettes-gourmandes-de-joce.fr\/wp-content\/uploads\/2020\/05\/parmentier_de_canard_a_la_patate_douce_06-300x225.jpg 300w, http:\/\/recettes-gourmandes-de-joce.fr\/wp-content\/uploads\/2020\/05\/parmentier_de_canard_a_la_patate_douce_06.jpg 550w\" sizes=\"auto, (max-width: 214px) 100vw, 214px\" \/> <img loading=\"lazy\" decoding=\"async\" class=\"alignnone wp-image-21522\" src=\"http:\/\/recettes-gourmandes-de-joce.fr\/wp-content\/uploads\/2020\/05\/cuisse_de_chevreuil_sauce_aux_foie_gras_et_ce1-150x150.jpg\" alt=\"\" width=\"214\" height=\"160\" srcset=\"http:\/\/recettes-gourmandes-de-joce.fr\/wp-content\/uploads\/2020\/05\/cuisse_de_chevreuil_sauce_aux_foie_gras_et_ce1-300x225.jpg 300w, http:\/\/recettes-gourmandes-de-joce.fr\/wp-content\/uploads\/2020\/05\/cuisse_de_chevreuil_sauce_aux_foie_gras_et_ce1.jpg 550w\" sizes=\"auto, (max-width: 214px) 100vw, 214px\" \/><\/span><\/p>\n<p style=\"text-align: center;\"><span style=\"font-family: georgia, palatino, serif;\"><em><span style=\"color: #ff6600; font-size: large;\">R\u00e9server au chaud. <\/span><\/em><em><span style=\"color: #ff6600; font-size: large;\">Passer la pur\u00e9e au moulin \u00e0 l\u00e9gumes, en r\u00e9servant quelques morceaux pour la d\u00e9co. Ajouter un morceau de beurre dans la pur\u00e9e<\/span><\/em><em><span style=\"color: #ff6600; font-size: large;\">\u00a0<\/span><\/em><em><span style=\"color: #ff6600; font-size: large;\"> et rectifier l&rsquo;assaisonnemen<\/span><\/em><em><span style=\"color: #ff6600; font-size: large;\">t. R\u00e9aliser la sauce, Mettre les c\u00e8pes \u00e0 r\u00e9hydrater. Mettre dans une sauteuse le jus des c\u00e8pes, le faire chauffer, ajouter le fond de veau et laisser \u00e9paissir quelques instants. Ajouter ensuite les c\u00e8pes , m\u00e9langer.<\/span><\/em><\/span><\/p>\n<p style=\"text-align: center;\"><img loading=\"lazy\" decoding=\"async\" class=\"alignnone wp-image-21523\" src=\"http:\/\/recettes-gourmandes-de-joce.fr\/wp-content\/uploads\/2020\/05\/cuisse_de_chevreuil_sauce_aux_foie_gras_et_ce2-150x150.jpg\" alt=\"\" width=\"214\" height=\"160\" srcset=\"http:\/\/recettes-gourmandes-de-joce.fr\/wp-content\/uploads\/2020\/05\/cuisse_de_chevreuil_sauce_aux_foie_gras_et_ce2-300x225.jpg 300w, http:\/\/recettes-gourmandes-de-joce.fr\/wp-content\/uploads\/2020\/05\/cuisse_de_chevreuil_sauce_aux_foie_gras_et_ce2.jpg 550w\" sizes=\"auto, (max-width: 214px) 100vw, 214px\" \/> <img loading=\"lazy\" decoding=\"async\" class=\"alignnone wp-image-21519\" src=\"http:\/\/recettes-gourmandes-de-joce.fr\/wp-content\/uploads\/2020\/05\/cuisse_de_chevreuil_sauce_aux_foie_gras_et_ce4-150x150.jpg\" alt=\"\" width=\"214\" height=\"160\" srcset=\"http:\/\/recettes-gourmandes-de-joce.fr\/wp-content\/uploads\/2020\/05\/cuisse_de_chevreuil_sauce_aux_foie_gras_et_ce4-300x225.jpg 300w, http:\/\/recettes-gourmandes-de-joce.fr\/wp-content\/uploads\/2020\/05\/cuisse_de_chevreuil_sauce_aux_foie_gras_et_ce4.jpg 550w\" sizes=\"auto, (max-width: 214px) 100vw, 214px\" \/> <img loading=\"lazy\" decoding=\"async\" class=\"alignnone wp-image-21524\" src=\"http:\/\/recettes-gourmandes-de-joce.fr\/wp-content\/uploads\/2020\/05\/cuisse_de_chevreuil_sauce_aux_foie_gras_et_ce3-150x150.jpg\" alt=\"\" width=\"214\" height=\"160\" srcset=\"http:\/\/recettes-gourmandes-de-joce.fr\/wp-content\/uploads\/2020\/05\/cuisse_de_chevreuil_sauce_aux_foie_gras_et_ce3-300x225.jpg 300w, http:\/\/recettes-gourmandes-de-joce.fr\/wp-content\/uploads\/2020\/05\/cuisse_de_chevreuil_sauce_aux_foie_gras_et_ce3.jpg 550w\" sizes=\"auto, (max-width: 214px) 100vw, 214px\" \/><\/p>\n<p style=\"text-align: center;\"><span style=\"font-family: georgia, palatino, serif; font-size: 14pt; color: #ff6600;\"><em>Ajouter la cr\u00e8me fra\u00eeche, le foie gras en petits d\u00e9s, m\u00e9langer \u00e0 nouveau, laisser chauffer sans bouillir quelques instant le temps de faire fondre le foie gras. Puis arr\u00eater la cuisson votre sauce est pr\u00eate.<\/em><\/span><\/p>\n<p style=\"text-align: center;\"><span style=\"font-family: georgia, palatino, serif;\"><img loading=\"lazy\" decoding=\"async\" class=\"alignnone wp-image-21507\" style=\"font-family: Lato, sans-serif;\" src=\"http:\/\/recettes-gourmandes-de-joce.fr\/wp-content\/uploads\/2020\/05\/parmentier_de_canard_a_la_patate_douce_07-003-150x150.jpg\" alt=\"\" width=\"160\" height=\"90\" \/> <img loading=\"lazy\" decoding=\"async\" class=\"alignnone wp-image-21506\" src=\"http:\/\/recettes-gourmandes-de-joce.fr\/wp-content\/uploads\/2020\/05\/parmentier_de_canard_a_la_patate_douce_07-150x149.jpg\" alt=\"\" width=\"160\" height=\"89\" \/> <img loading=\"lazy\" decoding=\"async\" class=\"alignnone wp-image-21508\" src=\"http:\/\/recettes-gourmandes-de-joce.fr\/wp-content\/uploads\/2020\/05\/parmentier_de_canard_a_la_patate_douce_07-004-150x150.jpg\" alt=\"\" width=\"160\" height=\"101\" \/><\/span><\/p>\n<p style=\"text-align: center;\"><span style=\"font-family: georgia, palatino, serif;\"><em><span style=\"color: #ff6600; font-size: large;\">Dresser vos assiettes, d\u00e9poser un cercle \u00e0 p\u00e2tisserie dans l&rsquo;assiette d\u00e9poser la moiti\u00e9 de la hauteur de pur\u00e9e. <\/span><\/em><em><span style=\"color: #ff6600; font-size: large;\">Compl\u00e9ter par le canard. \u00d4ter d\u00e9licatement le cercle, mettre un filet de sauce autour et\u00a0<\/span><\/em><em><span style=\"color: #ff6600; font-size: large;\">autour, <\/span><\/em><em><span style=\"color: #ff6600; font-size: large;\">d\u00e9poser harmonieusement les morceaux de patates douces r\u00e9serv\u00e9s. Parsemer de ciboulette restante et servir imm\u00e9diatement.<\/span><\/em><\/span><\/p>\n<p style=\"text-align: center;\"><span style=\"font-family: georgia, palatino, serif;\"><em><span style=\"color: #ff6600; font-size: large;\">Bon app\u00e9tit!<\/span><\/em><\/span><\/p>\n<p><span style=\"font-family: georgia, palatino, serif;\"><img loading=\"lazy\" decoding=\"async\" class=\"aligncenter wp-image-21495\" style=\"text-align: center;\" src=\"http:\/\/recettes-gourmandes-de-joce.fr\/wp-content\/uploads\/2020\/05\/parmentier_de_canard_a_la_patate_douce_10-150x150.jpg\" alt=\"\" width=\"296\" height=\"180\" srcset=\"http:\/\/recettes-gourmandes-de-joce.fr\/wp-content\/uploads\/2020\/05\/parmentier_de_canard_a_la_patate_douce_10-300x183.jpg 300w, http:\/\/recettes-gourmandes-de-joce.fr\/wp-content\/uploads\/2020\/05\/parmentier_de_canard_a_la_patate_douce_10.jpg 544w\" sizes=\"auto, (max-width: 296px) 100vw, 296px\" \/><\/span><\/p>\n<p style=\"text-align: center;\"><span style=\"font-family: georgia, palatino, serif;\"><img loading=\"lazy\" decoding=\"async\" class=\"alignnone wp-image-21494\" src=\"http:\/\/recettes-gourmandes-de-joce.fr\/wp-content\/uploads\/2020\/05\/parmentier_de_canard_a_la_patate_douce_09-150x150.jpg\" alt=\"\" width=\"251\" height=\"180\" srcset=\"http:\/\/recettes-gourmandes-de-joce.fr\/wp-content\/uploads\/2020\/05\/parmentier_de_canard_a_la_patate_douce_09-300x215.jpg 300w, http:\/\/recettes-gourmandes-de-joce.fr\/wp-content\/uploads\/2020\/05\/parmentier_de_canard_a_la_patate_douce_09.jpg 546w\" sizes=\"auto, (max-width: 251px) 100vw, 251px\" \/> \u00a0<img loading=\"lazy\" decoding=\"async\" class=\"alignnone wp-image-21509\" src=\"http:\/\/recettes-gourmandes-de-joce.fr\/wp-content\/uploads\/2020\/05\/parmentier_de_canard_a_la_patate_douce_08-150x150.jpg\" alt=\"\" width=\"245\" height=\"180\" srcset=\"http:\/\/recettes-gourmandes-de-joce.fr\/wp-content\/uploads\/2020\/05\/parmentier_de_canard_a_la_patate_douce_08-300x221.jpg 300w, http:\/\/recettes-gourmandes-de-joce.fr\/wp-content\/uploads\/2020\/05\/parmentier_de_canard_a_la_patate_douce_08.jpg 510w\" sizes=\"auto, (max-width: 245px) 100vw, 245px\" \/><\/span><\/p>\n<p style=\"text-align: center;\"><span style=\"font-family: georgia, palatino, serif;\"><img loading=\"lazy\" decoding=\"async\" class=\"alignnone wp-image-16654 size-full\" src=\"http:\/\/recettes-gourmandes-de-joce.fr\/wp-content\/uploads\/2020\/01\/logitech-gaming-software-14112014-121223.jpg\" alt=\"\" width=\"640\" height=\"144\" srcset=\"http:\/\/recettes-gourmandes-de-joce.fr\/wp-content\/uploads\/2020\/01\/logitech-gaming-software-14112014-121223.jpg 640w, http:\/\/recettes-gourmandes-de-joce.fr\/wp-content\/uploads\/2020\/01\/logitech-gaming-software-14112014-121223-300x68.jpg 300w\" sizes=\"auto, (max-width: 640px) 100vw, 640px\" \/><\/span><\/p>\n<p>&nbsp;<\/p>\n","protected":false},"excerpt":{"rendered":"<p>Une de mes recettes \u00a0 Ingr\u00e9dients pour 4 personnes 4 cuisses de canard confites 2 patates douces 2 grosses pommes de terre 1 grosse \u00e9chalote 5 champignons de Paris 1 petit bouquet de ciboulette 1 morceau de beurre Sel et poivre Pour la sauce 50 g de foie gras 2 c \u00e0 s rase de &hellip; <\/p>\n<p><a class=\"more-link btn\" href=\"http:\/\/recettes-gourmandes-de-joce.fr\/index.php\/index\/viandes\/volailles\/canard-pintade\/parmentier-de-canard-a-la-patate-douce-et-sauce-au-foie-gras\/\">Lire la suite<\/a><\/p>\n","protected":false},"author":2,"featured_media":85144,"parent":988,"menu_order":0,"comment_status":"open","ping_status":"closed","template":"","meta":{"footnotes":""},"class_list":["post-21510","page","type-page","status-publish","has-post-thumbnail","hentry","nodate","item-wrap"],"_links":{"self":[{"href":"http:\/\/recettes-gourmandes-de-joce.fr\/index.php\/wp-json\/wp\/v2\/pages\/21510","targetHints":{"allow":["GET"]}}],"collection":[{"href":"http:\/\/recettes-gourmandes-de-joce.fr\/index.php\/wp-json\/wp\/v2\/pages"}],"about":[{"href":"http:\/\/recettes-gourmandes-de-joce.fr\/index.php\/wp-json\/wp\/v2\/types\/page"}],"author":[{"embeddable":true,"href":"http:\/\/recettes-gourmandes-de-joce.fr\/index.php\/wp-json\/wp\/v2\/users\/2"}],"replies":[{"embeddable":true,"href":"http:\/\/recettes-gourmandes-de-joce.fr\/index.php\/wp-json\/wp\/v2\/comments?post=21510"}],"version-history":[{"count":9,"href":"http:\/\/recettes-gourmandes-de-joce.fr\/index.php\/wp-json\/wp\/v2\/pages\/21510\/revisions"}],"predecessor-version":[{"id":85145,"href":"http:\/\/recettes-gourmandes-de-joce.fr\/index.php\/wp-json\/wp\/v2\/pages\/21510\/revisions\/85145"}],"up":[{"embeddable":true,"href":"http:\/\/recettes-gourmandes-de-joce.fr\/index.php\/wp-json\/wp\/v2\/pages\/988"}],"wp:featuredmedia":[{"embeddable":true,"href":"http:\/\/recettes-gourmandes-de-joce.fr\/index.php\/wp-json\/wp\/v2\/media\/85144"}],"wp:attachment":[{"href":"http:\/\/recettes-gourmandes-de-joce.fr\/index.php\/wp-json\/wp\/v2\/media?parent=21510"}],"curies":[{"name":"wp","href":"https:\/\/api.w.org\/{rel}","templated":true}]}}