{"id":21486,"date":"2020-05-03T14:12:45","date_gmt":"2020-05-03T14:12:45","guid":{"rendered":"http:\/\/recettes-gourmandes-de-joce.fr\/?page_id=21486"},"modified":"2024-06-22T15:32:58","modified_gmt":"2024-06-22T15:32:58","slug":"desosser-des-hauts-de-cuisse-de-poulet","status":"publish","type":"page","link":"http:\/\/recettes-gourmandes-de-joce.fr\/index.php\/index\/viandes\/decoupes-viandes-volailles\/desosser-des-hauts-de-cuisse-de-poulet\/","title":{"rendered":"D\u00e9sosser des hauts de cuisse de poulet."},"content":{"rendered":"<p style=\"text-align: center;\"><span style=\"text-decoration: underline; color: #e69509;\"><span style=\"font-size: 14pt; font-family: georgia, palatino, serif;\"><em>R\u00e9aliser \u00e0 la fa\u00e7on mais qui fonctionne bien<\/em><\/span><\/span><\/p>\n<p style=\"text-align: center;\"><span style=\"font-size: 14pt; font-family: georgia, palatino, serif; color: #e69509;\"><img loading=\"lazy\" decoding=\"async\" class=\"alignnone wp-image-21439\" style=\"color: #4a474b; font-family: Lato, sans-serif; font-size: 16px;\" src=\"http:\/\/recettes-gourmandes-de-joce.fr\/wp-content\/uploads\/2020\/05\/dessosser-cuisse1-150x150.jpg\" alt=\"\" width=\"203\" height=\"170\" srcset=\"http:\/\/recettes-gourmandes-de-joce.fr\/wp-content\/uploads\/2020\/05\/dessosser-cuisse1-300x251.jpg 300w, http:\/\/recettes-gourmandes-de-joce.fr\/wp-content\/uploads\/2020\/05\/dessosser-cuisse1-768x642.jpg 768w, http:\/\/recettes-gourmandes-de-joce.fr\/wp-content\/uploads\/2020\/05\/dessosser-cuisse1.jpg 800w\" sizes=\"auto, (max-width: 203px) 100vw, 203px\" \/> <em><img loading=\"lazy\" decoding=\"async\" class=\"alignnone wp-image-21440\" src=\"http:\/\/recettes-gourmandes-de-joce.fr\/wp-content\/uploads\/2020\/05\/dessosser-cuisse2-150x150.jpg\" alt=\"\" width=\"255\" height=\"170\" srcset=\"http:\/\/recettes-gourmandes-de-joce.fr\/wp-content\/uploads\/2020\/05\/dessosser-cuisse2-300x200.jpg 300w, http:\/\/recettes-gourmandes-de-joce.fr\/wp-content\/uploads\/2020\/05\/dessosser-cuisse2-768x513.jpg 768w, http:\/\/recettes-gourmandes-de-joce.fr\/wp-content\/uploads\/2020\/05\/dessosser-cuisse2.jpg 800w\" sizes=\"auto, (max-width: 255px) 100vw, 255px\" \/> <img loading=\"lazy\" decoding=\"async\" class=\"alignnone wp-image-21441\" src=\"http:\/\/recettes-gourmandes-de-joce.fr\/wp-content\/uploads\/2020\/05\/dessosser-cuisse3-150x150.jpg\" alt=\"\" width=\"255\" height=\"170\" srcset=\"http:\/\/recettes-gourmandes-de-joce.fr\/wp-content\/uploads\/2020\/05\/dessosser-cuisse3-300x200.jpg 300w, http:\/\/recettes-gourmandes-de-joce.fr\/wp-content\/uploads\/2020\/05\/dessosser-cuisse3-768x513.jpg 768w, http:\/\/recettes-gourmandes-de-joce.fr\/wp-content\/uploads\/2020\/05\/dessosser-cuisse3.jpg 800w\" sizes=\"auto, (max-width: 255px) 100vw, 255px\" \/><\/em><\/span><\/p>\n<p style=\"text-align: center;\"><span style=\"font-size: 14pt; font-family: georgia, palatino, serif; color: #e69509;\"><em>D\u00e9gager l&rsquo;os de chaque c\u00f4t\u00e9 puis en passant la lame de couteau dessous.<\/em><\/span><\/p>\n<p style=\"text-align: center;\"><span style=\"font-size: 14pt; font-family: georgia, palatino, serif; color: #e69509;\"><em><img loading=\"lazy\" decoding=\"async\" class=\"alignnone wp-image-21443\" src=\"http:\/\/recettes-gourmandes-de-joce.fr\/wp-content\/uploads\/2020\/05\/dessosser-cuisse5-150x150.jpg\" alt=\"\" width=\"255\" height=\"170\" srcset=\"http:\/\/recettes-gourmandes-de-joce.fr\/wp-content\/uploads\/2020\/05\/dessosser-cuisse5-300x200.jpg 300w, http:\/\/recettes-gourmandes-de-joce.fr\/wp-content\/uploads\/2020\/05\/dessosser-cuisse5-768x513.jpg 768w, http:\/\/recettes-gourmandes-de-joce.fr\/wp-content\/uploads\/2020\/05\/dessosser-cuisse5.jpg 800w\" sizes=\"auto, (max-width: 255px) 100vw, 255px\" \/>\u00a0<\/em><\/span><img loading=\"lazy\" decoding=\"async\" class=\"alignnone wp-image-21442\" src=\"http:\/\/recettes-gourmandes-de-joce.fr\/wp-content\/uploads\/2020\/05\/dessosser-cuisse4-150x150.jpg\" alt=\"\" width=\"255\" height=\"170\" srcset=\"http:\/\/recettes-gourmandes-de-joce.fr\/wp-content\/uploads\/2020\/05\/dessosser-cuisse4-300x200.jpg 300w, http:\/\/recettes-gourmandes-de-joce.fr\/wp-content\/uploads\/2020\/05\/dessosser-cuisse4-768x513.jpg 768w, http:\/\/recettes-gourmandes-de-joce.fr\/wp-content\/uploads\/2020\/05\/dessosser-cuisse4.jpg 800w\" sizes=\"auto, (max-width: 255px) 100vw, 255px\" \/><em style=\"color: #e69509; font-family: georgia, palatino, serif; font-size: 14pt;\">\u00a0<\/em><img loading=\"lazy\" decoding=\"async\" class=\"alignnone wp-image-21444\" src=\"http:\/\/recettes-gourmandes-de-joce.fr\/wp-content\/uploads\/2020\/05\/dessosser-cuisse6-150x150.jpg\" alt=\"\" width=\"255\" height=\"170\" srcset=\"http:\/\/recettes-gourmandes-de-joce.fr\/wp-content\/uploads\/2020\/05\/dessosser-cuisse6-300x200.jpg 300w, http:\/\/recettes-gourmandes-de-joce.fr\/wp-content\/uploads\/2020\/05\/dessosser-cuisse6-768x513.jpg 768w, http:\/\/recettes-gourmandes-de-joce.fr\/wp-content\/uploads\/2020\/05\/dessosser-cuisse6.jpg 800w\" sizes=\"auto, (max-width: 255px) 100vw, 255px\" \/><em style=\"color: #e69509; font-family: georgia, palatino, serif; font-size: 14pt;\">\u00a0\u00a0<\/em><\/p>\n<p style=\"text-align: center;\"><span style=\"font-size: 14pt; font-family: georgia, palatino, serif; color: #e69509;\"><em>Chercher la jointure avec l&rsquo;os du pilon puis couper entre les deux, vous n&rsquo;avez plus qu&rsquo;\u00e0 \u00f4ter l&rsquo;os et farcir la cuisse. <\/em><\/span><span style=\"font-size: 14pt; font-family: georgia, palatino, serif; color: #e69509;\"><em><img loading=\"lazy\" decoding=\"async\" class=\"alignnone wp-image-16654 size-full\" src=\"http:\/\/recettes-gourmandes-de-joce.fr\/wp-content\/uploads\/2020\/01\/logitech-gaming-software-14112014-121223.jpg\" alt=\"\" width=\"640\" height=\"144\" srcset=\"http:\/\/recettes-gourmandes-de-joce.fr\/wp-content\/uploads\/2020\/01\/logitech-gaming-software-14112014-121223.jpg 640w, http:\/\/recettes-gourmandes-de-joce.fr\/wp-content\/uploads\/2020\/01\/logitech-gaming-software-14112014-121223-300x68.jpg 300w\" sizes=\"auto, (max-width: 640px) 100vw, 640px\" \/><\/em><\/span><\/p>\n","protected":false},"excerpt":{"rendered":"<p>R\u00e9aliser \u00e0 la fa\u00e7on mais qui fonctionne bien D\u00e9gager l&rsquo;os de chaque c\u00f4t\u00e9 puis en passant la lame de couteau dessous. \u00a0\u00a0\u00a0\u00a0 Chercher la jointure avec l&rsquo;os du pilon puis couper entre les deux, vous n&rsquo;avez plus qu&rsquo;\u00e0 \u00f4ter l&rsquo;os et farcir la cuisse.<\/p>\n","protected":false},"author":2,"featured_media":84740,"parent":245,"menu_order":0,"comment_status":"open","ping_status":"closed","template":"","meta":{"footnotes":""},"class_list":["post-21486","page","type-page","status-publish","has-post-thumbnail","hentry","nodate","item-wrap"],"_links":{"self":[{"href":"http:\/\/recettes-gourmandes-de-joce.fr\/index.php\/wp-json\/wp\/v2\/pages\/21486","targetHints":{"allow":["GET"]}}],"collection":[{"href":"http:\/\/recettes-gourmandes-de-joce.fr\/index.php\/wp-json\/wp\/v2\/pages"}],"about":[{"href":"http:\/\/recettes-gourmandes-de-joce.fr\/index.php\/wp-json\/wp\/v2\/types\/page"}],"author":[{"embeddable":true,"href":"http:\/\/recettes-gourmandes-de-joce.fr\/index.php\/wp-json\/wp\/v2\/users\/2"}],"replies":[{"embeddable":true,"href":"http:\/\/recettes-gourmandes-de-joce.fr\/index.php\/wp-json\/wp\/v2\/comments?post=21486"}],"version-history":[{"count":3,"href":"http:\/\/recettes-gourmandes-de-joce.fr\/index.php\/wp-json\/wp\/v2\/pages\/21486\/revisions"}],"predecessor-version":[{"id":84741,"href":"http:\/\/recettes-gourmandes-de-joce.fr\/index.php\/wp-json\/wp\/v2\/pages\/21486\/revisions\/84741"}],"up":[{"embeddable":true,"href":"http:\/\/recettes-gourmandes-de-joce.fr\/index.php\/wp-json\/wp\/v2\/pages\/245"}],"wp:featuredmedia":[{"embeddable":true,"href":"http:\/\/recettes-gourmandes-de-joce.fr\/index.php\/wp-json\/wp\/v2\/media\/84740"}],"wp:attachment":[{"href":"http:\/\/recettes-gourmandes-de-joce.fr\/index.php\/wp-json\/wp\/v2\/media?parent=21486"}],"curies":[{"name":"wp","href":"https:\/\/api.w.org\/{rel}","templated":true}]}}