{"id":21289,"date":"2020-04-27T13:57:30","date_gmt":"2020-04-27T13:57:30","guid":{"rendered":"http:\/\/recettes-gourmandes-de-joce.fr\/?page_id=21289"},"modified":"2024-06-28T15:36:51","modified_gmt":"2024-06-28T15:36:51","slug":"st-jacques-et-crevettes-poelees-aux-oignons-facon-mexicaine","status":"publish","type":"page","link":"http:\/\/recettes-gourmandes-de-joce.fr\/index.php\/index\/poissons-coquillages\/coquillages-crustaces\/st-jacques-et-crevettes-poelees-aux-oignons-facon-mexicaine\/","title":{"rendered":"St Jacques et crevettes po\u00eal\u00e9es aux oignons fa\u00e7on Mexicaine."},"content":{"rendered":"<p style=\"text-align: center;\"><em style=\"text-decoration-line: underline; color: #008000; font-family: georgia, palatino, serif; font-size: 24px;\">D&rsquo;apr\u00e8s une recette du net<\/em><\/p>\n<p style=\"text-align: center;\"><strong><img loading=\"lazy\" decoding=\"async\" class=\"alignnone wp-image-21283\" src=\"http:\/\/recettes-gourmandes-de-joce.fr\/wp-content\/uploads\/2020\/04\/st-jacques-mexicaines-36-002-150x150.jpg\" alt=\"\" width=\"319\" height=\"180\" srcset=\"http:\/\/recettes-gourmandes-de-joce.fr\/wp-content\/uploads\/2020\/04\/st-jacques-mexicaines-36-002-300x169.jpg 300w, http:\/\/recettes-gourmandes-de-joce.fr\/wp-content\/uploads\/2020\/04\/st-jacques-mexicaines-36-002.jpg 765w\" sizes=\"auto, (max-width: 319px) 100vw, 319px\" \/> <span style=\"font-family: georgia, palatino, serif;\">\u00a0<img loading=\"lazy\" decoding=\"async\" class=\"alignnone wp-image-21282\" src=\"http:\/\/recettes-gourmandes-de-joce.fr\/wp-content\/uploads\/2020\/04\/st-jacques-mexicaines-36-001-150x150.jpg\" alt=\"\" width=\"281\" height=\"180\" srcset=\"http:\/\/recettes-gourmandes-de-joce.fr\/wp-content\/uploads\/2020\/04\/st-jacques-mexicaines-36-001-300x192.jpg 300w, http:\/\/recettes-gourmandes-de-joce.fr\/wp-content\/uploads\/2020\/04\/st-jacques-mexicaines-36-001-768x492.jpg 768w, http:\/\/recettes-gourmandes-de-joce.fr\/wp-content\/uploads\/2020\/04\/st-jacques-mexicaines-36-001.jpg 800w\" sizes=\"auto, (max-width: 281px) 100vw, 281px\" \/><\/span><\/strong><\/p>\n<p><span style=\"font-family: georgia, palatino, serif;\"><strong><img loading=\"lazy\" decoding=\"async\" class=\"aligncenter wp-image-21281\" style=\"text-align: center;\" src=\"http:\/\/recettes-gourmandes-de-joce.fr\/wp-content\/uploads\/2020\/04\/st-jacques-mexicaines-32-002-150x150.jpg\" alt=\"\" width=\"302\" height=\"180\" srcset=\"http:\/\/recettes-gourmandes-de-joce.fr\/wp-content\/uploads\/2020\/04\/st-jacques-mexicaines-32-002-300x179.jpg 300w, http:\/\/recettes-gourmandes-de-joce.fr\/wp-content\/uploads\/2020\/04\/st-jacques-mexicaines-32-002-768x457.jpg 768w, http:\/\/recettes-gourmandes-de-joce.fr\/wp-content\/uploads\/2020\/04\/st-jacques-mexicaines-32-002.jpg 773w\" sizes=\"auto, (max-width: 302px) 100vw, 302px\" \/><\/strong><\/span><\/p>\n<p style=\"text-align: center;\"><span style=\"text-decoration: underline; color: #008000;\"><span style=\"font-family: georgia, palatino, serif; font-size: 18pt;\"><em>Ingr\u00e9dients p<\/em><em>our 4 personnes<\/em><\/span><\/span><\/p>\n<p style=\"text-align: center;\"><span style=\"font-family: georgia, palatino, serif;\"><strong><img loading=\"lazy\" decoding=\"async\" class=\"alignnone wp-image-21284\" src=\"http:\/\/recettes-gourmandes-de-joce.fr\/wp-content\/uploads\/2020\/04\/st_jacques_et_crevettes_a_la_mexicaine_01-150x150.jpg\" alt=\"\" width=\"162\" height=\"180\" srcset=\"http:\/\/recettes-gourmandes-de-joce.fr\/wp-content\/uploads\/2020\/04\/st_jacques_et_crevettes_a_la_mexicaine_01-269x300.jpg 269w, http:\/\/recettes-gourmandes-de-joce.fr\/wp-content\/uploads\/2020\/04\/st_jacques_et_crevettes_a_la_mexicaine_01.jpg 411w\" sizes=\"auto, (max-width: 162px) 100vw, 162px\" \/>\u00a0\u00a0<\/strong><\/span><\/p>\n<p style=\"text-align: center;\"><span style=\"font-family: georgia, palatino, serif;\"><em><span style=\"color: #008000; font-size: large;\">12 noix de St Jacques<\/span><\/em><\/span><\/p>\n<p style=\"text-align: center;\"><span style=\"font-family: georgia, palatino, serif;\"><em><span style=\"color: #008000; font-size: large;\">150 g de crevettes roses<\/span><\/em><\/span><\/p>\n<p style=\"text-align: center;\"><span style=\"font-family: georgia, palatino, serif;\"><em><span style=\"color: #008000; font-size: large;\">1 bouquet de persil<\/span><\/em><\/span><\/p>\n<p style=\"text-align: center;\"><span style=\"font-family: georgia, palatino, serif;\"><em><span style=\"color: #008000; font-size: large;\">4 gousses d&rsquo;ail<\/span><\/em><\/span><\/p>\n<p style=\"text-align: center;\"><span style=\"font-family: georgia, palatino, serif;\"><em><span style=\"color: #008000; font-size: large;\">3 oignons nouveaux<\/span><\/em><\/span><\/p>\n<p style=\"text-align: center;\"><span style=\"font-family: georgia, palatino, serif;\"><em><span style=\"color: #008000; font-size: large;\">1 c \u00e0 c de piment d&rsquo; Espelette<\/span><\/em><\/span><\/p>\n<p style=\"text-align: center;\"><span style=\"font-family: georgia, palatino, serif;\"><em><span style=\"color: #008000; font-size: large;\">\u00bc d&rsquo;un petit poivron vert<\/span><\/em><\/span><\/p>\n<p style=\"text-align: center;\"><span style=\"font-family: georgia, palatino, serif;\"><em><span style=\"color: #008000; font-size: large;\">1 c \u00e0 s de beurre<\/span><\/em><\/span><\/p>\n<p style=\"text-align: center;\"><span style=\"font-family: georgia, palatino, serif;\"><em><span style=\"color: #008000; font-size: large;\">2 c \u00e0 s d&rsquo;huile d&rsquo;olive<\/span><\/em><\/span><\/p>\n<p style=\"text-align: center;\"><span style=\"font-family: georgia, palatino, serif;\"><em><span style=\"color: #008000; font-size: large;\">1 citron vert<\/span><\/em><\/span><\/p>\n<p style=\"text-align: center;\"><span style=\"font-family: georgia, palatino, serif;\"><em><span style=\"color: #008000; font-size: large;\">Sel et poivre<\/span><\/em><\/span><\/p>\n<p style=\"text-align: center;\"><span style=\"font-family: georgia, palatino, serif;\"><img loading=\"lazy\" decoding=\"async\" class=\"alignnone wp-image-21285\" src=\"http:\/\/recettes-gourmandes-de-joce.fr\/wp-content\/uploads\/2020\/04\/st_jacques_et_crevettes_a_la_mexicaine_02-150x150.jpg\" alt=\"\" width=\"214\" height=\"160\" srcset=\"http:\/\/recettes-gourmandes-de-joce.fr\/wp-content\/uploads\/2020\/04\/st_jacques_et_crevettes_a_la_mexicaine_02-300x225.jpg 300w, http:\/\/recettes-gourmandes-de-joce.fr\/wp-content\/uploads\/2020\/04\/st_jacques_et_crevettes_a_la_mexicaine_02.jpg 550w\" sizes=\"auto, (max-width: 214px) 100vw, 214px\" \/> <img loading=\"lazy\" decoding=\"async\" class=\"alignnone wp-image-21286\" src=\"http:\/\/recettes-gourmandes-de-joce.fr\/wp-content\/uploads\/2020\/04\/st_jacques_et_crevettes_a_la_mexicaine_03-150x150.jpg\" alt=\"\" width=\"214\" height=\"160\" srcset=\"http:\/\/recettes-gourmandes-de-joce.fr\/wp-content\/uploads\/2020\/04\/st_jacques_et_crevettes_a_la_mexicaine_03-300x225.jpg 300w, http:\/\/recettes-gourmandes-de-joce.fr\/wp-content\/uploads\/2020\/04\/st_jacques_et_crevettes_a_la_mexicaine_03.jpg 550w\" sizes=\"auto, (max-width: 214px) 100vw, 214px\" \/> <img loading=\"lazy\" decoding=\"async\" class=\"alignnone wp-image-21287\" src=\"http:\/\/recettes-gourmandes-de-joce.fr\/wp-content\/uploads\/2020\/04\/st_jacques_et_crevettes_a_la_mexicaine_04-150x150.jpg\" alt=\"\" width=\"214\" height=\"160\" srcset=\"http:\/\/recettes-gourmandes-de-joce.fr\/wp-content\/uploads\/2020\/04\/st_jacques_et_crevettes_a_la_mexicaine_04-300x225.jpg 300w, http:\/\/recettes-gourmandes-de-joce.fr\/wp-content\/uploads\/2020\/04\/st_jacques_et_crevettes_a_la_mexicaine_04.jpg 550w\" sizes=\"auto, (max-width: 214px) 100vw, 214px\" \/><\/span><\/p>\n<p style=\"text-align: center;\"><span style=\"font-family: georgia, palatino, serif;\"><em><span style=\"color: #008000; font-size: large;\">Couper le poivron en tr\u00e8s petits d\u00e9s. Hacher le persil, l&rsquo;ail d\u00e9germ\u00e9 et les oignons. Dans une po\u00eale mettre la moiti\u00e9 du beurre et une c \u00e0 s d&rsquo;huile d&rsquo;olive, y faire sauter les St Jacques sal\u00e9es et poivr\u00e9es.<\/span><\/em><\/span><\/p>\n<p style=\"text-align: center;\"><span style=\"font-family: georgia, palatino, serif;\"><img loading=\"lazy\" decoding=\"async\" class=\"alignnone wp-image-21275\" src=\"http:\/\/recettes-gourmandes-de-joce.fr\/wp-content\/uploads\/2020\/04\/st_jacques_et_crevettes_a_la_mexicaine_05-150x150.jpg\" alt=\"\" width=\"214\" height=\"160\" srcset=\"http:\/\/recettes-gourmandes-de-joce.fr\/wp-content\/uploads\/2020\/04\/st_jacques_et_crevettes_a_la_mexicaine_05-300x225.jpg 300w, http:\/\/recettes-gourmandes-de-joce.fr\/wp-content\/uploads\/2020\/04\/st_jacques_et_crevettes_a_la_mexicaine_05.jpg 550w\" sizes=\"auto, (max-width: 214px) 100vw, 214px\" \/> <img loading=\"lazy\" decoding=\"async\" class=\"alignnone wp-image-21276\" src=\"http:\/\/recettes-gourmandes-de-joce.fr\/wp-content\/uploads\/2020\/04\/st_jacques_et_crevettes_a_la_mexicaine_06-150x150.jpg\" alt=\"\" width=\"181\" height=\"160\" srcset=\"http:\/\/recettes-gourmandes-de-joce.fr\/wp-content\/uploads\/2020\/04\/st_jacques_et_crevettes_a_la_mexicaine_06-300x265.jpg 300w, http:\/\/recettes-gourmandes-de-joce.fr\/wp-content\/uploads\/2020\/04\/st_jacques_et_crevettes_a_la_mexicaine_06.jpg 550w\" sizes=\"auto, (max-width: 181px) 100vw, 181px\" \/> <img loading=\"lazy\" decoding=\"async\" class=\"alignnone wp-image-21277\" src=\"http:\/\/recettes-gourmandes-de-joce.fr\/wp-content\/uploads\/2020\/04\/st_jacques_et_crevettes_a_la_mexicaine_07-150x150.jpg\" alt=\"\" width=\"214\" height=\"160\" srcset=\"http:\/\/recettes-gourmandes-de-joce.fr\/wp-content\/uploads\/2020\/04\/st_jacques_et_crevettes_a_la_mexicaine_07-300x225.jpg 300w, http:\/\/recettes-gourmandes-de-joce.fr\/wp-content\/uploads\/2020\/04\/st_jacques_et_crevettes_a_la_mexicaine_07.jpg 550w\" sizes=\"auto, (max-width: 214px) 100vw, 214px\" \/>\u00a0<\/span><\/p>\n<p style=\"text-align: center;\"><span style=\"font-family: georgia, palatino, serif;\"><em><span style=\"color: #008000; font-size: large;\">Leurs ajouter les crevettes, laisser cuire quelques instants et r\u00e9server au chaud.\u00a0\u00c0 la place, mettre le reste du beurre et de l&rsquo;huile, y faire suer les oignons et l&rsquo;ail. Lorsqu&rsquo;ils deviennent translucides, ajouter les poivrons, saler. Remettre les St Jacques et les crevettes, m\u00e9langer . Laisser mijoter quelques instants puis ajouter le piment et m\u00e9langer.<\/span><\/em><\/span><\/p>\n<p style=\"text-align: center;\"><span style=\"font-family: georgia, palatino, serif;\"><img loading=\"lazy\" decoding=\"async\" class=\"alignnone wp-image-21278\" src=\"http:\/\/recettes-gourmandes-de-joce.fr\/wp-content\/uploads\/2020\/04\/st_jacques_et_crevettes_a_la_mexicaine_08-150x150.jpg\" alt=\"\" width=\"207\" height=\"160\" srcset=\"http:\/\/recettes-gourmandes-de-joce.fr\/wp-content\/uploads\/2020\/04\/st_jacques_et_crevettes_a_la_mexicaine_08-300x231.jpg 300w, http:\/\/recettes-gourmandes-de-joce.fr\/wp-content\/uploads\/2020\/04\/st_jacques_et_crevettes_a_la_mexicaine_08.jpg 525w\" sizes=\"auto, (max-width: 207px) 100vw, 207px\" \/> <img loading=\"lazy\" decoding=\"async\" class=\"alignnone wp-image-21279\" src=\"http:\/\/recettes-gourmandes-de-joce.fr\/wp-content\/uploads\/2020\/04\/st_jacques_et_crevettes_a_la_mexicaine_09-150x150.jpg\" alt=\"\" width=\"208\" height=\"160\" srcset=\"http:\/\/recettes-gourmandes-de-joce.fr\/wp-content\/uploads\/2020\/04\/st_jacques_et_crevettes_a_la_mexicaine_09-300x231.jpg 300w, http:\/\/recettes-gourmandes-de-joce.fr\/wp-content\/uploads\/2020\/04\/st_jacques_et_crevettes_a_la_mexicaine_09.jpg 550w\" sizes=\"auto, (max-width: 208px) 100vw, 208px\" \/><\/span><\/p>\n<p style=\"text-align: center;\"><span style=\"font-family: georgia, palatino, serif;\">\u00a0<em><span style=\"color: #008000; font-size: large;\">Presser au dessus la moiti\u00e9 du citron vert et ajouter le persil, remuer et laisser r\u00e9duire l\u00e9g\u00e8rement 2 minutes. Servir imm\u00e9diatement.<\/span><\/em><\/span><\/p>\n<p style=\"text-align: center;\"><span style=\"font-family: georgia, palatino, serif;\"><em><span style=\"color: #008000; font-size: large;\">Bon app\u00e9tit!<\/span><\/em><\/span><\/p>\n<p style=\"text-align: center;\"><span style=\"font-family: georgia, palatino, serif;\"><img loading=\"lazy\" decoding=\"async\" class=\"alignnone wp-image-21283\" src=\"http:\/\/recettes-gourmandes-de-joce.fr\/wp-content\/uploads\/2020\/04\/st-jacques-mexicaines-36-002-150x150.jpg\" alt=\"\" width=\"319\" height=\"180\" srcset=\"http:\/\/recettes-gourmandes-de-joce.fr\/wp-content\/uploads\/2020\/04\/st-jacques-mexicaines-36-002-300x169.jpg 300w, http:\/\/recettes-gourmandes-de-joce.fr\/wp-content\/uploads\/2020\/04\/st-jacques-mexicaines-36-002.jpg 765w\" sizes=\"auto, (max-width: 319px) 100vw, 319px\" \/><\/span><\/p>\n<p style=\"text-align: center;\"><span style=\"font-family: georgia, palatino, serif;\"><strong><img loading=\"lazy\" decoding=\"async\" class=\"alignnone wp-image-21281\" src=\"http:\/\/recettes-gourmandes-de-joce.fr\/wp-content\/uploads\/2020\/04\/st-jacques-mexicaines-32-002-150x150.jpg\" alt=\"\" width=\"302\" height=\"180\" srcset=\"http:\/\/recettes-gourmandes-de-joce.fr\/wp-content\/uploads\/2020\/04\/st-jacques-mexicaines-32-002-300x179.jpg 300w, http:\/\/recettes-gourmandes-de-joce.fr\/wp-content\/uploads\/2020\/04\/st-jacques-mexicaines-32-002-768x457.jpg 768w, http:\/\/recettes-gourmandes-de-joce.fr\/wp-content\/uploads\/2020\/04\/st-jacques-mexicaines-32-002.jpg 773w\" sizes=\"auto, (max-width: 302px) 100vw, 302px\" \/> <img loading=\"lazy\" decoding=\"async\" class=\"alignnone wp-image-21280\" src=\"http:\/\/recettes-gourmandes-de-joce.fr\/wp-content\/uploads\/2020\/04\/st-jacques-mexicaines-32-001-150x150.jpg\" alt=\"\" width=\"272\" height=\"180\" srcset=\"http:\/\/recettes-gourmandes-de-joce.fr\/wp-content\/uploads\/2020\/04\/st-jacques-mexicaines-32-001-300x199.jpg 300w, http:\/\/recettes-gourmandes-de-joce.fr\/wp-content\/uploads\/2020\/04\/st-jacques-mexicaines-32-001-768x509.jpg 768w, http:\/\/recettes-gourmandes-de-joce.fr\/wp-content\/uploads\/2020\/04\/st-jacques-mexicaines-32-001.jpg 800w\" sizes=\"auto, (max-width: 272px) 100vw, 272px\" \/><\/strong><\/span><\/p>\n<p style=\"text-align: center;\"><span style=\"font-family: georgia, palatino, serif;\"><strong><img loading=\"lazy\" decoding=\"async\" class=\"alignnone wp-image-16654 size-full\" src=\"http:\/\/recettes-gourmandes-de-joce.fr\/wp-content\/uploads\/2020\/01\/logitech-gaming-software-14112014-121223.jpg\" alt=\"\" width=\"640\" height=\"144\" srcset=\"http:\/\/recettes-gourmandes-de-joce.fr\/wp-content\/uploads\/2020\/01\/logitech-gaming-software-14112014-121223.jpg 640w, http:\/\/recettes-gourmandes-de-joce.fr\/wp-content\/uploads\/2020\/01\/logitech-gaming-software-14112014-121223-300x68.jpg 300w\" sizes=\"auto, (max-width: 640px) 100vw, 640px\" \/><\/strong><\/span><\/p>\n<p>&nbsp;<\/p>\n","protected":false},"excerpt":{"rendered":"<p>D&rsquo;apr\u00e8s une recette du net \u00a0 Ingr\u00e9dients pour 4 personnes \u00a0\u00a0 12 noix de St Jacques 150 g de crevettes roses 1 bouquet de persil 4 gousses d&rsquo;ail 3 oignons nouveaux 1 c \u00e0 c de piment d&rsquo; Espelette \u00bc d&rsquo;un petit poivron vert 1 c \u00e0 s de beurre 2 c \u00e0 s d&rsquo;huile &hellip; <\/p>\n<p><a class=\"more-link btn\" href=\"http:\/\/recettes-gourmandes-de-joce.fr\/index.php\/index\/poissons-coquillages\/coquillages-crustaces\/st-jacques-et-crevettes-poelees-aux-oignons-facon-mexicaine\/\">Lire la suite<\/a><\/p>\n","protected":false},"author":2,"featured_media":85396,"parent":158,"menu_order":0,"comment_status":"open","ping_status":"closed","template":"","meta":{"footnotes":""},"class_list":["post-21289","page","type-page","status-publish","has-post-thumbnail","hentry","nodate","item-wrap"],"_links":{"self":[{"href":"http:\/\/recettes-gourmandes-de-joce.fr\/index.php\/wp-json\/wp\/v2\/pages\/21289","targetHints":{"allow":["GET"]}}],"collection":[{"href":"http:\/\/recettes-gourmandes-de-joce.fr\/index.php\/wp-json\/wp\/v2\/pages"}],"about":[{"href":"http:\/\/recettes-gourmandes-de-joce.fr\/index.php\/wp-json\/wp\/v2\/types\/page"}],"author":[{"embeddable":true,"href":"http:\/\/recettes-gourmandes-de-joce.fr\/index.php\/wp-json\/wp\/v2\/users\/2"}],"replies":[{"embeddable":true,"href":"http:\/\/recettes-gourmandes-de-joce.fr\/index.php\/wp-json\/wp\/v2\/comments?post=21289"}],"version-history":[{"count":3,"href":"http:\/\/recettes-gourmandes-de-joce.fr\/index.php\/wp-json\/wp\/v2\/pages\/21289\/revisions"}],"predecessor-version":[{"id":85398,"href":"http:\/\/recettes-gourmandes-de-joce.fr\/index.php\/wp-json\/wp\/v2\/pages\/21289\/revisions\/85398"}],"up":[{"embeddable":true,"href":"http:\/\/recettes-gourmandes-de-joce.fr\/index.php\/wp-json\/wp\/v2\/pages\/158"}],"wp:featuredmedia":[{"embeddable":true,"href":"http:\/\/recettes-gourmandes-de-joce.fr\/index.php\/wp-json\/wp\/v2\/media\/85396"}],"wp:attachment":[{"href":"http:\/\/recettes-gourmandes-de-joce.fr\/index.php\/wp-json\/wp\/v2\/media?parent=21289"}],"curies":[{"name":"wp","href":"https:\/\/api.w.org\/{rel}","templated":true}]}}