{"id":21180,"date":"2020-04-26T18:12:32","date_gmt":"2020-04-26T18:12:32","guid":{"rendered":"http:\/\/recettes-gourmandes-de-joce.fr\/?page_id=21180"},"modified":"2024-06-21T12:43:15","modified_gmt":"2024-06-21T12:43:15","slug":"ragout-dagneau-aux-legumes-epices-facon-tajine","status":"publish","type":"page","link":"http:\/\/recettes-gourmandes-de-joce.fr\/index.php\/index\/viandes\/agneau-mouton\/ragout-dagneau-aux-legumes-epices-facon-tajine\/","title":{"rendered":"Rago\u00fbt d&rsquo;agneau aux l\u00e9gumes \u00e9pic\u00e9s fa\u00e7on tajine."},"content":{"rendered":"<p style=\"text-align: center;\"><span style=\"text-decoration: underline; color: #ff9900;\"><span style=\"font-family: georgia, palatino, serif; font-size: 18pt;\"><em>Une de mes id\u00e9es.<\/em><\/span><\/span><\/p>\n<p style=\"text-align: center;\"><span style=\"font-family: georgia, palatino, serif; font-size: 18pt;\"><img loading=\"lazy\" decoding=\"async\" class=\"alignnone wp-image-21178\" src=\"http:\/\/recettes-gourmandes-de-joce.fr\/wp-content\/uploads\/2020\/04\/fhfhiofh-qs-6-150x150.jpg\" alt=\"\" width=\"281\" height=\"180\" srcset=\"http:\/\/recettes-gourmandes-de-joce.fr\/wp-content\/uploads\/2020\/04\/fhfhiofh-qs-6-300x192.jpg 300w, http:\/\/recettes-gourmandes-de-joce.fr\/wp-content\/uploads\/2020\/04\/fhfhiofh-qs-6-768x492.jpg 768w, http:\/\/recettes-gourmandes-de-joce.fr\/wp-content\/uploads\/2020\/04\/fhfhiofh-qs-6.jpg 800w\" sizes=\"auto, (max-width: 281px) 100vw, 281px\" \/> <img loading=\"lazy\" decoding=\"async\" class=\"alignnone wp-image-21177\" style=\"font-family: Lato, sans-serif; font-size: 16px;\" src=\"http:\/\/recettes-gourmandes-de-joce.fr\/wp-content\/uploads\/2020\/04\/fhfhiofh-qs-4-150x150.jpg\" alt=\"\" width=\"324\" height=\"180\" srcset=\"http:\/\/recettes-gourmandes-de-joce.fr\/wp-content\/uploads\/2020\/04\/fhfhiofh-qs-4-300x167.jpg 300w, http:\/\/recettes-gourmandes-de-joce.fr\/wp-content\/uploads\/2020\/04\/fhfhiofh-qs-4-768x427.jpg 768w, http:\/\/recettes-gourmandes-de-joce.fr\/wp-content\/uploads\/2020\/04\/fhfhiofh-qs-4.jpg 777w\" sizes=\"auto, (max-width: 324px) 100vw, 324px\" \/> <\/span><\/p>\n<p style=\"text-align: center;\"><span style=\"font-family: georgia, palatino, serif; font-size: 18pt;\"><img loading=\"lazy\" decoding=\"async\" class=\"alignnone wp-image-21176\" src=\"http:\/\/recettes-gourmandes-de-joce.fr\/wp-content\/uploads\/2020\/04\/fhfhiofh-qs-1-150x150.jpg\" alt=\"\" width=\"266\" height=\"180\" srcset=\"http:\/\/recettes-gourmandes-de-joce.fr\/wp-content\/uploads\/2020\/04\/fhfhiofh-qs-1-300x203.jpg 300w, http:\/\/recettes-gourmandes-de-joce.fr\/wp-content\/uploads\/2020\/04\/fhfhiofh-qs-1-768x519.jpg 768w, http:\/\/recettes-gourmandes-de-joce.fr\/wp-content\/uploads\/2020\/04\/fhfhiofh-qs-1.jpg 792w\" sizes=\"auto, (max-width: 266px) 100vw, 266px\" \/>\u00a0<\/span><\/p>\n<p style=\"text-align: center;\"><span style=\"color: #ff9900; font-size: 18pt; text-decoration: underline; font-family: georgia, palatino, serif;\"><span style=\"text-decoration: underline;\"><em>Ingr\u00e9dients pour 8 personnes<\/em><\/span><\/span><\/p>\n<p><img loading=\"lazy\" decoding=\"async\" class=\"aligncenter wp-image-21161\" src=\"http:\/\/recettes-gourmandes-de-joce.fr\/wp-content\/uploads\/2020\/04\/hjhjhjhjhjhjhj-46-150x150.jpg\" alt=\"\" width=\"245\" height=\"180\" srcset=\"http:\/\/recettes-gourmandes-de-joce.fr\/wp-content\/uploads\/2020\/04\/hjhjhjhjhjhjhj-46-300x220.jpg 300w, http:\/\/recettes-gourmandes-de-joce.fr\/wp-content\/uploads\/2020\/04\/hjhjhjhjhjhjhj-46-768x564.jpg 768w, http:\/\/recettes-gourmandes-de-joce.fr\/wp-content\/uploads\/2020\/04\/hjhjhjhjhjhjhj-46.jpg 800w\" sizes=\"auto, (max-width: 245px) 100vw, 245px\" \/><\/p>\n<p style=\"text-align: center;\"><span style=\"color: #ff9900; font-size: 14pt; font-family: georgia, palatino, serif;\"><em>16 morceaux d&rsquo;agneau (souris et collier) <\/em><\/span><\/p>\n<p style=\"text-align: center;\"><span style=\"color: #ff9900; font-size: 14pt; font-family: georgia, palatino, serif;\"><em>1 boite de haricots verts <\/em><\/span><\/p>\n<p style=\"text-align: center;\"><span style=\"color: #ff9900; font-size: 14pt; font-family: georgia, palatino, serif;\"><em>2 belles courgettes <\/em><\/span><\/p>\n<p style=\"text-align: center;\"><span style=\"color: #ff9900; font-size: 14pt; font-family: georgia, palatino, serif;\"><em>8 pommes de terre <\/em><\/span><\/p>\n<p style=\"text-align: center;\"><span style=\"color: #ff9900; font-size: 14pt; font-family: georgia, palatino, serif;\"><em>1 poivron jaune <\/em><\/span><\/p>\n<p style=\"text-align: center;\"><span style=\"color: #ff9900; font-size: 14pt; font-family: georgia, palatino, serif;\"><em>4 beaux champignons de Paris <\/em><\/span><\/p>\n<p style=\"text-align: center;\"><span style=\"color: #ff9900; font-size: 14pt; font-family: georgia, palatino, serif;\"><em>3 tomates <\/em><\/span><\/p>\n<p style=\"text-align: center;\"><span style=\"color: #ff9900; font-size: 14pt; font-family: georgia, palatino, serif;\"><em>1 citron vert <\/em><\/span><\/p>\n<p style=\"text-align: center;\"><span style=\"color: #ff9900; font-size: 14pt; font-family: georgia, palatino, serif;\"><em>4 gousses d&rsquo;ail <\/em><\/span><\/p>\n<p style=\"text-align: center;\"><span style=\"color: #ff9900; font-size: 14pt; font-family: georgia, palatino, serif;\"><em>1 oignon <\/em><\/span><\/p>\n<p style=\"text-align: center;\"><span style=\"color: #ff9900; font-size: 14pt; font-family: georgia, palatino, serif;\"><em>30 olives vertes et noires environ <\/em><\/span><\/p>\n<p style=\"text-align: center;\"><span style=\"color: #ff9900; font-size: 14pt; font-family: georgia, palatino, serif;\"><em>1 bouquet de persil <\/em><\/span><\/p>\n<p style=\"text-align: center;\"><span style=\"color: #ff9900; font-size: 14pt; font-family: georgia, palatino, serif;\"><em>1 c \u00e0 s d&rsquo;\u00e9pices \u00e0 tajine <\/em><\/span><\/p>\n<p style=\"text-align: center;\"><span style=\"color: #ff9900; font-size: 14pt; font-family: georgia, palatino, serif;\"><em>200ml d&rsquo;eau <\/em><\/span><\/p>\n<p style=\"text-align: center;\"><span style=\"color: #ff9900; font-size: 14pt; font-family: georgia, palatino, serif;\"><em>Sel et poivre <\/em><\/span><\/p>\n<p style=\"text-align: center;\"><span style=\"color: #ff9900; font-size: 14pt; font-family: georgia, palatino, serif;\"><em>Huile d&rsquo;olive<\/em><\/span><\/p>\n<p style=\"text-align: center;\"><span style=\"font-family: georgia, palatino, serif; font-size: 14pt;\">\u00a0<img loading=\"lazy\" decoding=\"async\" class=\"alignnone wp-image-15688\" src=\"http:\/\/recettes-gourmandes-de-joce.fr\/wp-content\/uploads\/2020\/01\/P3270542-2-150x150.jpg\" alt=\"\" width=\"213\" height=\"160\" srcset=\"http:\/\/recettes-gourmandes-de-joce.fr\/wp-content\/uploads\/2020\/01\/P3270542-2-300x225.jpg 300w, http:\/\/recettes-gourmandes-de-joce.fr\/wp-content\/uploads\/2020\/01\/P3270542-2.jpg 640w\" sizes=\"auto, (max-width: 213px) 100vw, 213px\" \/>\u00a0<img loading=\"lazy\" decoding=\"async\" class=\"alignnone wp-image-18879\" src=\"http:\/\/recettes-gourmandes-de-joce.fr\/wp-content\/uploads\/2020\/03\/potee-10-150x150.jpg\" alt=\"\" width=\"211\" height=\"160\" srcset=\"http:\/\/recettes-gourmandes-de-joce.fr\/wp-content\/uploads\/2020\/03\/potee-10-300x228.jpg 300w, http:\/\/recettes-gourmandes-de-joce.fr\/wp-content\/uploads\/2020\/03\/potee-10.jpg 550w\" sizes=\"auto, (max-width: 211px) 100vw, 211px\" \/> <img loading=\"lazy\" decoding=\"async\" class=\"alignnone wp-image-21187\" src=\"http:\/\/recettes-gourmandes-de-joce.fr\/wp-content\/uploads\/2020\/04\/P8030376-2-150x150.jpg\" alt=\"\" width=\"233\" height=\"160\" srcset=\"http:\/\/recettes-gourmandes-de-joce.fr\/wp-content\/uploads\/2020\/04\/P8030376-2-300x206.jpg 300w, http:\/\/recettes-gourmandes-de-joce.fr\/wp-content\/uploads\/2020\/04\/P8030376-2.jpg 545w\" sizes=\"auto, (max-width: 233px) 100vw, 233px\" \/><\/span><\/p>\n<p><span style=\"font-family: georgia, palatino, serif; font-size: 14pt;\"><em style=\"color: #ff9900; text-align: center;\">Peler et \u00e9minc\u00e9 l&rsquo;oignon, peler et hacher l&rsquo;ail d\u00e9germ\u00e9, peler, laver et couper en morceaux les pommes de terre, laver et couper en morceaux les courgettes et <\/em><em style=\"color: #ff9900; text-align: center;\">le poivron.<\/em><\/span><\/p>\n<p style=\"text-align: center;\"><span style=\"font-family: georgia, palatino, serif; font-size: 14pt;\"><img loading=\"lazy\" decoding=\"async\" class=\"alignnone wp-image-15636\" src=\"http:\/\/recettes-gourmandes-de-joce.fr\/wp-content\/uploads\/2020\/01\/paella-et-gateau-figue-14-150x150.jpg\" alt=\"\" width=\"213\" height=\"160\" srcset=\"http:\/\/recettes-gourmandes-de-joce.fr\/wp-content\/uploads\/2020\/01\/paella-et-gateau-figue-14-300x225.jpg 300w, http:\/\/recettes-gourmandes-de-joce.fr\/wp-content\/uploads\/2020\/01\/paella-et-gateau-figue-14.jpg 640w\" sizes=\"auto, (max-width: 213px) 100vw, 213px\" \/> <img loading=\"lazy\" decoding=\"async\" class=\"alignnone wp-image-15671\" src=\"http:\/\/recettes-gourmandes-de-joce.fr\/wp-content\/uploads\/2020\/01\/P3270559-001-150x150.jpg\" alt=\"\" width=\"206\" height=\"160\" srcset=\"http:\/\/recettes-gourmandes-de-joce.fr\/wp-content\/uploads\/2020\/01\/P3270559-001-300x233.jpg 300w, http:\/\/recettes-gourmandes-de-joce.fr\/wp-content\/uploads\/2020\/01\/P3270559-001.jpg 640w\" sizes=\"auto, (max-width: 206px) 100vw, 206px\" \/>\u00a0<img loading=\"lazy\" decoding=\"async\" class=\"alignnone wp-image-15624\" src=\"http:\/\/recettes-gourmandes-de-joce.fr\/wp-content\/uploads\/2020\/01\/Morue-36-150x150.jpg\" alt=\"\" width=\"213\" height=\"160\" srcset=\"http:\/\/recettes-gourmandes-de-joce.fr\/wp-content\/uploads\/2020\/01\/Morue-36-300x225.jpg 300w, http:\/\/recettes-gourmandes-de-joce.fr\/wp-content\/uploads\/2020\/01\/Morue-36.jpg 640w\" sizes=\"auto, (max-width: 213px) 100vw, 213px\" \/><\/span><\/p>\n<p style=\"text-align: center;\"><span style=\"color: #ff9900; font-size: 14pt; font-family: georgia, palatino, serif;\"><em> <em style=\"color: #ff9900; text-align: center;\">Laver et couper en morceaux <\/em>les tomates. Nettoyer et couper les champignons. Pr\u00e9lever le zeste du citron, laver et hacher le persil, \u00e9goutter les haricots verts.<\/em><\/span><\/p>\n<p style=\"text-align: center;\"><span style=\"font-family: georgia, palatino, serif; font-size: 14pt;\"><img loading=\"lazy\" decoding=\"async\" class=\"alignnone wp-image-21162\" src=\"http:\/\/recettes-gourmandes-de-joce.fr\/wp-content\/uploads\/2020\/04\/hjhjhjhjhjhjhj-50-150x150.jpg\" alt=\"\" width=\"219\" height=\"160\" srcset=\"http:\/\/recettes-gourmandes-de-joce.fr\/wp-content\/uploads\/2020\/04\/hjhjhjhjhjhjhj-50-300x220.jpg 300w, http:\/\/recettes-gourmandes-de-joce.fr\/wp-content\/uploads\/2020\/04\/hjhjhjhjhjhjhj-50.jpg 754w\" sizes=\"auto, (max-width: 219px) 100vw, 219px\" \/> <img loading=\"lazy\" decoding=\"async\" class=\"alignnone wp-image-21179\" src=\"http:\/\/recettes-gourmandes-de-joce.fr\/wp-content\/uploads\/2020\/04\/ragout-mouton6-150x150.jpg\" alt=\"\" width=\"173\" height=\"160\" srcset=\"http:\/\/recettes-gourmandes-de-joce.fr\/wp-content\/uploads\/2020\/04\/ragout-mouton6-300x278.jpg 300w, http:\/\/recettes-gourmandes-de-joce.fr\/wp-content\/uploads\/2020\/04\/ragout-mouton6.jpg 701w\" sizes=\"auto, (max-width: 173px) 100vw, 173px\" \/>\u00a0<img loading=\"lazy\" decoding=\"async\" class=\"alignnone wp-image-21164\" src=\"http:\/\/recettes-gourmandes-de-joce.fr\/wp-content\/uploads\/2020\/04\/hjhjhjhjhjhjhj-52-150x150.jpg\" alt=\"\" width=\"231\" height=\"160\" srcset=\"http:\/\/recettes-gourmandes-de-joce.fr\/wp-content\/uploads\/2020\/04\/hjhjhjhjhjhjhj-52-300x208.jpg 300w, http:\/\/recettes-gourmandes-de-joce.fr\/wp-content\/uploads\/2020\/04\/hjhjhjhjhjhjhj-52-768x533.jpg 768w, http:\/\/recettes-gourmandes-de-joce.fr\/wp-content\/uploads\/2020\/04\/hjhjhjhjhjhjhj-52.jpg 787w\" sizes=\"auto, (max-width: 231px) 100vw, 231px\" \/><\/span><\/p>\n<p style=\"text-align: center;\"><span style=\"color: #ff9900; font-size: 14pt; font-family: georgia, palatino, serif;\"><em>Mettre \u00e0 dorer la viande dans un peu d&rsquo;huile d&rsquo;olive, saler et poivrer. Lorsqu&rsquo;elle est dor\u00e9e la r\u00e9server. Ajouter \u00e0 la place les oignons et l&rsquo;ail les faire dorer,<\/em><\/span><\/p>\n<p style=\"text-align: center;\"><span style=\"font-family: georgia, palatino, serif; font-size: 14pt;\">\u00a0<img loading=\"lazy\" decoding=\"async\" class=\"alignnone wp-image-21165\" src=\"http:\/\/recettes-gourmandes-de-joce.fr\/wp-content\/uploads\/2020\/04\/hjhjhjhjhjhjhj-53-150x150.jpg\" alt=\"\" width=\"218\" height=\"160\" srcset=\"http:\/\/recettes-gourmandes-de-joce.fr\/wp-content\/uploads\/2020\/04\/hjhjhjhjhjhjhj-53-300x220.jpg 300w, http:\/\/recettes-gourmandes-de-joce.fr\/wp-content\/uploads\/2020\/04\/hjhjhjhjhjhjhj-53.jpg 747w\" sizes=\"auto, (max-width: 218px) 100vw, 218px\" \/> <img loading=\"lazy\" decoding=\"async\" class=\"alignnone wp-image-21166\" src=\"http:\/\/recettes-gourmandes-de-joce.fr\/wp-content\/uploads\/2020\/04\/hjhjhjhjhjhjhj-56-150x150.jpg\" alt=\"\" width=\"223\" height=\"160\" srcset=\"http:\/\/recettes-gourmandes-de-joce.fr\/wp-content\/uploads\/2020\/04\/hjhjhjhjhjhjhj-56-300x215.jpg 300w, http:\/\/recettes-gourmandes-de-joce.fr\/wp-content\/uploads\/2020\/04\/hjhjhjhjhjhjhj-56.jpg 734w\" sizes=\"auto, (max-width: 223px) 100vw, 223px\" \/> <img loading=\"lazy\" decoding=\"async\" class=\"alignnone wp-image-21167\" src=\"http:\/\/recettes-gourmandes-de-joce.fr\/wp-content\/uploads\/2020\/04\/hjhjhjhjhjhjhj-58-150x150.jpg\" alt=\"\" width=\"223\" height=\"160\" srcset=\"http:\/\/recettes-gourmandes-de-joce.fr\/wp-content\/uploads\/2020\/04\/hjhjhjhjhjhjhj-58-300x216.jpg 300w, http:\/\/recettes-gourmandes-de-joce.fr\/wp-content\/uploads\/2020\/04\/hjhjhjhjhjhjhj-58.jpg 747w\" sizes=\"auto, (max-width: 223px) 100vw, 223px\" \/><\/span><\/p>\n<p style=\"text-align: center;\"><span style=\"color: #ff9900; font-size: 14pt; font-family: georgia, palatino, serif;\"><em>Ajouter les champignons et les poivrons. Laisser suer quelques instants. Ajouter ensuite les tomates et m\u00e9langer<\/em><\/span><\/p>\n<p style=\"text-align: center;\"><span style=\"font-family: georgia, palatino, serif; font-size: 14pt;\"><img loading=\"lazy\" decoding=\"async\" class=\"alignnone wp-image-21168\" src=\"http:\/\/recettes-gourmandes-de-joce.fr\/wp-content\/uploads\/2020\/04\/hjhjhjhjhjhjhj-60-150x150.jpg\" alt=\"\" width=\"226\" height=\"160\" srcset=\"http:\/\/recettes-gourmandes-de-joce.fr\/wp-content\/uploads\/2020\/04\/hjhjhjhjhjhjhj-60-300x213.jpg 300w, http:\/\/recettes-gourmandes-de-joce.fr\/wp-content\/uploads\/2020\/04\/hjhjhjhjhjhjhj-60.jpg 759w\" sizes=\"auto, (max-width: 226px) 100vw, 226px\" \/> <img loading=\"lazy\" decoding=\"async\" class=\"alignnone wp-image-21169\" src=\"http:\/\/recettes-gourmandes-de-joce.fr\/wp-content\/uploads\/2020\/04\/hjhjhjhjhjhjhj-62-150x150.jpg\" alt=\"\" width=\"228\" height=\"160\" srcset=\"http:\/\/recettes-gourmandes-de-joce.fr\/wp-content\/uploads\/2020\/04\/hjhjhjhjhjhjhj-62-300x211.jpg 300w, http:\/\/recettes-gourmandes-de-joce.fr\/wp-content\/uploads\/2020\/04\/hjhjhjhjhjhjhj-62.jpg 765w\" sizes=\"auto, (max-width: 228px) 100vw, 228px\" \/> <img loading=\"lazy\" decoding=\"async\" class=\"alignnone wp-image-21170\" src=\"http:\/\/recettes-gourmandes-de-joce.fr\/wp-content\/uploads\/2020\/04\/hjhjhjhjhjhjhj-63-150x150.jpg\" alt=\"\" width=\"218\" height=\"160\" srcset=\"http:\/\/recettes-gourmandes-de-joce.fr\/wp-content\/uploads\/2020\/04\/hjhjhjhjhjhjhj-63-300x221.jpg 300w, http:\/\/recettes-gourmandes-de-joce.fr\/wp-content\/uploads\/2020\/04\/hjhjhjhjhjhjhj-63.jpg 748w\" sizes=\"auto, (max-width: 218px) 100vw, 218px\" \/><\/span><\/p>\n<p style=\"text-align: center;\"><span style=\"color: #ff9900; font-size: 14pt; font-family: georgia, palatino, serif;\"><em>Apr\u00e8s quelques minutes de mijotage, ajouter les courgettes et le zeste du citron, presser le citron au-dessus du wok. M\u00e9langer et laisser mijoter 2\/3 minutes. Saler et poivrer <\/em><\/span><\/p>\n<p style=\"text-align: center;\"><span style=\"font-family: georgia, palatino, serif; font-size: 14pt;\"><img loading=\"lazy\" decoding=\"async\" class=\"alignnone wp-image-21171\" src=\"http:\/\/recettes-gourmandes-de-joce.fr\/wp-content\/uploads\/2020\/04\/hjhjhjhjhjhjhj-64-150x150.jpg\" alt=\"\" width=\"222\" height=\"160\" srcset=\"http:\/\/recettes-gourmandes-de-joce.fr\/wp-content\/uploads\/2020\/04\/hjhjhjhjhjhjhj-64-300x216.jpg 300w, http:\/\/recettes-gourmandes-de-joce.fr\/wp-content\/uploads\/2020\/04\/hjhjhjhjhjhjhj-64.jpg 766w\" sizes=\"auto, (max-width: 222px) 100vw, 222px\" \/> <img loading=\"lazy\" decoding=\"async\" class=\"alignnone wp-image-21172\" src=\"http:\/\/recettes-gourmandes-de-joce.fr\/wp-content\/uploads\/2020\/04\/hjhjhjhjhjhjhj-66-150x150.jpg\" alt=\"\" width=\"226\" height=\"160\" srcset=\"http:\/\/recettes-gourmandes-de-joce.fr\/wp-content\/uploads\/2020\/04\/hjhjhjhjhjhjhj-66-300x212.jpg 300w, http:\/\/recettes-gourmandes-de-joce.fr\/wp-content\/uploads\/2020\/04\/hjhjhjhjhjhjhj-66.jpg 763w\" sizes=\"auto, (max-width: 226px) 100vw, 226px\" \/> <img loading=\"lazy\" decoding=\"async\" class=\"alignnone wp-image-21173\" src=\"http:\/\/recettes-gourmandes-de-joce.fr\/wp-content\/uploads\/2020\/04\/hjhjhjhjhjhjhj-69-150x150.jpg\" alt=\"\" width=\"229\" height=\"160\" srcset=\"http:\/\/recettes-gourmandes-de-joce.fr\/wp-content\/uploads\/2020\/04\/hjhjhjhjhjhjhj-69-300x209.jpg 300w, http:\/\/recettes-gourmandes-de-joce.fr\/wp-content\/uploads\/2020\/04\/hjhjhjhjhjhjhj-69-768x536.jpg 768w, http:\/\/recettes-gourmandes-de-joce.fr\/wp-content\/uploads\/2020\/04\/hjhjhjhjhjhjhj-69.jpg 795w\" sizes=\"auto, (max-width: 229px) 100vw, 229px\" \/><\/span><\/p>\n<p style=\"text-align: center;\"><span style=\"color: #ff9900; font-size: 14pt; font-family: georgia, palatino, serif;\"><em>Ajouter ensuite les pommes de terre, les olives, le persil et les \u00e9pices, saler et poivrer \u00e0 nouveau, m\u00e9langer, ajouter 200 ml d&rsquo;eau<\/em><\/span><\/p>\n<p style=\"text-align: center;\"><span style=\"font-family: georgia, palatino, serif; font-size: 14pt;\"><img loading=\"lazy\" decoding=\"async\" class=\"alignnone wp-image-21174\" src=\"http:\/\/recettes-gourmandes-de-joce.fr\/wp-content\/uploads\/2020\/04\/hjhjhjhjhjhjhj-71-150x150.jpg\" alt=\"\" width=\"188\" height=\"160\" srcset=\"http:\/\/recettes-gourmandes-de-joce.fr\/wp-content\/uploads\/2020\/04\/hjhjhjhjhjhjhj-71-300x255.jpg 300w, http:\/\/recettes-gourmandes-de-joce.fr\/wp-content\/uploads\/2020\/04\/hjhjhjhjhjhjhj-71-768x653.jpg 768w, http:\/\/recettes-gourmandes-de-joce.fr\/wp-content\/uploads\/2020\/04\/hjhjhjhjhjhjhj-71.jpg 800w\" sizes=\"auto, (max-width: 188px) 100vw, 188px\" \/> <img loading=\"lazy\" decoding=\"async\" class=\"alignnone wp-image-21175\" src=\"http:\/\/recettes-gourmandes-de-joce.fr\/wp-content\/uploads\/2020\/04\/hjhjhjhjhjhjhj-73-150x150.jpg\" alt=\"\" width=\"213\" height=\"160\" srcset=\"http:\/\/recettes-gourmandes-de-joce.fr\/wp-content\/uploads\/2020\/04\/hjhjhjhjhjhjhj-73-300x225.jpg 300w, http:\/\/recettes-gourmandes-de-joce.fr\/wp-content\/uploads\/2020\/04\/hjhjhjhjhjhjhj-73-768x576.jpg 768w, http:\/\/recettes-gourmandes-de-joce.fr\/wp-content\/uploads\/2020\/04\/hjhjhjhjhjhjhj-73.jpg 800w\" sizes=\"auto, (max-width: 213px) 100vw, 213px\" \/><\/span><\/p>\n<p style=\"text-align: center;\"><span style=\"color: #ff9900; font-size: 14pt; font-family: georgia, palatino, serif;\"><em>Ajouter 200ml d&rsquo;eau, d\u00e9poser la viande dessus et l&rsquo;incorporer d\u00e9licatement aux l\u00e9gumes. Laisser mijoter pendant 1h \u00e0 feu doux en remuant de temps en temps et en veillant \u00e0 ce que cela n&rsquo;attache pas. 10 minutes avant la fin de la cuisson, ajouter les haricots verts remuer, terminer la cuisson et servir bien chaud <\/em><\/span><\/p>\n<p style=\"text-align: center;\"><span style=\"color: #ff9900; font-size: 14pt; font-family: georgia, palatino, serif;\"><em>Bon app\u00e9tit!<\/em><\/span><\/p>\n<p style=\"text-align: center;\"><span style=\"font-family: georgia, palatino, serif; font-size: 14pt;\"><img loading=\"lazy\" decoding=\"async\" class=\"alignnone wp-image-21177\" src=\"http:\/\/recettes-gourmandes-de-joce.fr\/wp-content\/uploads\/2020\/04\/fhfhiofh-qs-4-150x150.jpg\" alt=\"\" width=\"315\" height=\"175\" srcset=\"http:\/\/recettes-gourmandes-de-joce.fr\/wp-content\/uploads\/2020\/04\/fhfhiofh-qs-4-300x167.jpg 300w, http:\/\/recettes-gourmandes-de-joce.fr\/wp-content\/uploads\/2020\/04\/fhfhiofh-qs-4-768x427.jpg 768w, http:\/\/recettes-gourmandes-de-joce.fr\/wp-content\/uploads\/2020\/04\/fhfhiofh-qs-4.jpg 777w\" sizes=\"auto, (max-width: 315px) 100vw, 315px\" \/>\u00a0<\/span><img loading=\"lazy\" decoding=\"async\" class=\"alignnone wp-image-21178\" style=\"font-family: georgia, palatino, serif; font-size: 18.6667px;\" src=\"http:\/\/recettes-gourmandes-de-joce.fr\/wp-content\/uploads\/2020\/04\/fhfhiofh-qs-6-150x150.jpg\" alt=\"\" width=\"273\" height=\"175\" srcset=\"http:\/\/recettes-gourmandes-de-joce.fr\/wp-content\/uploads\/2020\/04\/fhfhiofh-qs-6-300x192.jpg 300w, http:\/\/recettes-gourmandes-de-joce.fr\/wp-content\/uploads\/2020\/04\/fhfhiofh-qs-6-768x492.jpg 768w, http:\/\/recettes-gourmandes-de-joce.fr\/wp-content\/uploads\/2020\/04\/fhfhiofh-qs-6.jpg 800w\" sizes=\"auto, (max-width: 273px) 100vw, 273px\" \/><img loading=\"lazy\" decoding=\"async\" class=\"alignnone wp-image-21176\" style=\"font-family: georgia, palatino, serif; font-size: 14pt;\" src=\"http:\/\/recettes-gourmandes-de-joce.fr\/wp-content\/uploads\/2020\/04\/fhfhiofh-qs-1-150x150.jpg\" alt=\"\" width=\"259\" height=\"175\" srcset=\"http:\/\/recettes-gourmandes-de-joce.fr\/wp-content\/uploads\/2020\/04\/fhfhiofh-qs-1-300x203.jpg 300w, http:\/\/recettes-gourmandes-de-joce.fr\/wp-content\/uploads\/2020\/04\/fhfhiofh-qs-1-768x519.jpg 768w, http:\/\/recettes-gourmandes-de-joce.fr\/wp-content\/uploads\/2020\/04\/fhfhiofh-qs-1.jpg 792w\" sizes=\"auto, (max-width: 259px) 100vw, 259px\" \/><span style=\"font-family: georgia, palatino, serif; font-size: 14pt;\">\u00a0<\/span><\/p>\n<p style=\"text-align: center;\"><span style=\"font-family: georgia, palatino, serif; font-size: 14pt;\"><img loading=\"lazy\" decoding=\"async\" class=\"alignnone wp-image-16654 size-full\" src=\"http:\/\/recettes-gourmandes-de-joce.fr\/wp-content\/uploads\/2020\/01\/logitech-gaming-software-14112014-121223.jpg\" alt=\"\" width=\"640\" height=\"144\" srcset=\"http:\/\/recettes-gourmandes-de-joce.fr\/wp-content\/uploads\/2020\/01\/logitech-gaming-software-14112014-121223.jpg 640w, http:\/\/recettes-gourmandes-de-joce.fr\/wp-content\/uploads\/2020\/01\/logitech-gaming-software-14112014-121223-300x68.jpg 300w\" sizes=\"auto, (max-width: 640px) 100vw, 640px\" \/><\/span><\/p>\n","protected":false},"excerpt":{"rendered":"<p>Une de mes id\u00e9es. \u00a0 Ingr\u00e9dients pour 8 personnes 16 morceaux d&rsquo;agneau (souris et collier) 1 boite de haricots verts 2 belles courgettes 8 pommes de terre 1 poivron jaune 4 beaux champignons de Paris 3 tomates 1 citron vert 4 gousses d&rsquo;ail 1 oignon 30 olives vertes et noires environ 1 bouquet de persil &hellip; <\/p>\n<p><a class=\"more-link btn\" href=\"http:\/\/recettes-gourmandes-de-joce.fr\/index.php\/index\/viandes\/agneau-mouton\/ragout-dagneau-aux-legumes-epices-facon-tajine\/\">Lire la suite<\/a><\/p>\n","protected":false},"author":2,"featured_media":84523,"parent":130,"menu_order":0,"comment_status":"open","ping_status":"closed","template":"","meta":{"footnotes":""},"class_list":["post-21180","page","type-page","status-publish","has-post-thumbnail","hentry","nodate","item-wrap"],"_links":{"self":[{"href":"http:\/\/recettes-gourmandes-de-joce.fr\/index.php\/wp-json\/wp\/v2\/pages\/21180","targetHints":{"allow":["GET"]}}],"collection":[{"href":"http:\/\/recettes-gourmandes-de-joce.fr\/index.php\/wp-json\/wp\/v2\/pages"}],"about":[{"href":"http:\/\/recettes-gourmandes-de-joce.fr\/index.php\/wp-json\/wp\/v2\/types\/page"}],"author":[{"embeddable":true,"href":"http:\/\/recettes-gourmandes-de-joce.fr\/index.php\/wp-json\/wp\/v2\/users\/2"}],"replies":[{"embeddable":true,"href":"http:\/\/recettes-gourmandes-de-joce.fr\/index.php\/wp-json\/wp\/v2\/comments?post=21180"}],"version-history":[{"count":2,"href":"http:\/\/recettes-gourmandes-de-joce.fr\/index.php\/wp-json\/wp\/v2\/pages\/21180\/revisions"}],"predecessor-version":[{"id":84524,"href":"http:\/\/recettes-gourmandes-de-joce.fr\/index.php\/wp-json\/wp\/v2\/pages\/21180\/revisions\/84524"}],"up":[{"embeddable":true,"href":"http:\/\/recettes-gourmandes-de-joce.fr\/index.php\/wp-json\/wp\/v2\/pages\/130"}],"wp:featuredmedia":[{"embeddable":true,"href":"http:\/\/recettes-gourmandes-de-joce.fr\/index.php\/wp-json\/wp\/v2\/media\/84523"}],"wp:attachment":[{"href":"http:\/\/recettes-gourmandes-de-joce.fr\/index.php\/wp-json\/wp\/v2\/media?parent=21180"}],"curies":[{"name":"wp","href":"https:\/\/api.w.org\/{rel}","templated":true}]}}